{"id":265667,"date":"2023-07-20T17:48:12","date_gmt":"2023-07-20T21:48:12","guid":{"rendered":"https:\/\/www.miamibeachfl.gov\/?page_id=265667"},"modified":"2025-06-07T15:41:55","modified_gmt":"2025-06-07T19:41:55","slug":"insppectorgeneraldepartment","status":"publish","type":"page","link":"https:\/\/www.miamibeachfl.gov\/ht\/egovapp\/city-hall\/insppectorgeneraldepartment\/","title":{"rendered":"Enspekt\u00e8 Jeneral"},"content":{"rendered":"<a href=\"https:\/\/www.miamibeachfl.gov\/ht\/egovapp\/city-hall\/\" target=\"_self\">\n\t\t\t\t\t\tRetounen nan Any\u00e8 Depatman an\n\t\t\t\t\t<\/a>\n<h1>\n\t\t\tEnspekt\u00e8 Jeneral\t<\/h1>\n\t<ul>\n\t\t<li><a href=\"tel:7868971111\" target=\"_self\"  aria-label=\"Ale nan nimewo telef\u00f2n sa a: 7868971111\">\t\t\t\t\n\t\t<h3>786.897.1111<\/h3><\/a><\/li><li>\t\t\t\t\n\t\t<h3>Or\u00e8 Biwo:<\/h3><p>Lendi \u2013 Vandredi 8:30 AM \u2013 5 PM<\/p><\/li><li><a href=\"https:\/\/goo.gl\/maps\/sbRnKAexTpgmDomg7\" target=\"_blank\" rel=\"noopener\" aria-label=\"Ale sou https:\/\/goo.gl\/maps\/sbRnKAexTpgmDomg7\">\t\t\t\t\n\t\t<h3>Biwo Prensipal:<\/h3><p>1130 Avni Washington<br \/>6y\u00e8m etaj<br \/>Miami Beach, Florid 33139<\/p><\/a><\/li>\t<\/ul>\n<h2>\n\t\t\tIstorik\t<\/h2>\n\t<p>Yo te kreye OIG a apre vot\u00e8 yo te apwouve yon Amannman nan Konstitisyon Vil la nan yon referand\u00f2m nan Novanm 2018, ke 81% nan vot\u00e8 Vil la te apwouve.<\/p>\n<p>Biwo a aji k\u00f2m yon depatman endepandan, pwoteje kont enfliyans politik, ak objektif prensipal li pou amelyore konfyans piblik la nan gouv\u00e8nman an. Pou f\u00e8 sa, Enspekt\u00e8 Jeneral la gen kapasite pou mande pwodiksyon dosye ki an posesyon ak kontw\u00f2l depatman, vand\u00e8 ak anplwaye Vil la pou revizyon, epi li gen pouvwa tou pou bay sitasyon pou temwayaj oswa dokiman, sou zaf\u00e8 ki nan jiridiksyon li.<\/p>\n<p>OIG a responsab pou mennen ank\u00e8t sou pwogram, operasyon, kontra ak anplwaye yo av\u00e8k objektif sa yo:<\/p>\n<p>1. Prevansyon ak deteksyon fwod, abi, gaspiyaj ak move jesyon nan zaf\u00e8 Vil la<\/p>\n<p>2. Pwomosyon yon pwosesis acha ak sip\u00e8vizyon kontra ki jis e san patipri<\/p>","protected":false},"excerpt":{"rendered":"<p>Back to Department Directory Inspector General 786.897.1111 Office Hours: Monday &#8211; Friday 8:30AM &#8211; 5PM Main Office: 1130 Washington Ave6 [&hellip;]<\/p>\n","protected":false},"author":222,"featured_media":0,"parent":265532,"menu_order":0,"comment_status":"closed","ping_status":"closed","template":"","meta":{"_searchwp_excluded":"1","site-sidebar-layout":"default","site-content-layout":"","ast-site-content-layout":"","site-content-style":"default","site-sidebar-style":"default","ast-global-header-display":"disabled","ast-banner-title-visibility":"","ast-main-header-display":"","ast-hfb-above-header-display":"","ast-hfb-below-header-display":"","ast-hfb-mobile-header-display":"","site-post-title":"","ast-breadcrumbs-content":"","ast-featured-img":"","footer-sml-layout":"disabled","ast-disable-related-posts":"","theme-transparent-header-meta":"","adv-header-id-meta":"","stick-header-meta":"","header-above-stick-meta":"","header-main-stick-meta":"","header-below-stick-meta":"","astra-migrate-meta-layouts":"default","ast-page-background-enabled":"default","ast-page-background-meta":{"desktop":{"background-color":"var(--ast-global-color-5)","background-image":"","background-repeat":"repeat","background-position":"center center","background-size":"auto","background-attachment":"scroll","background-type":"","background-media":"","overlay-type":"","overlay-color":"","overlay-opacity":"","overlay-gradient":""},"tablet":{"background-color":"","background-image":"","background-repeat":"repeat","background-position":"center center","background-size":"auto","background-attachment":"scroll","background-type":"","background-media":"","overlay-type":"","overlay-color":"","overlay-opacity":"","overlay-gradient":""},"mobile":{"background-color":"","background-image":"","background-repeat":"repeat","background-position":"center center","background-size":"auto","background-attachment":"scroll","background-type":"","background-media":"","overlay-type":"","overlay-color":"","overlay-opacity":"","overlay-gradient":""}},"ast-content-background-meta":{"desktop":{"background-color":"var(--ast-global-color-4)","background-image":"","background-repeat":"repeat","background-position":"center center","background-size":"auto","background-attachment":"scroll","background-type":"","background-media":"","overlay-type":"","overlay-color":"","overlay-opacity":"","overlay-gradient":""},"tablet":{"background-color":"var(--ast-global-color-4)","background-image":"","background-repeat":"repeat","background-position":"center center","background-size":"auto","background-attachment":"scroll","background-type":"","background-media":"","overlay-type":"","overlay-color":"","overlay-opacity":"","overlay-gradient":""},"mobile":{"background-color":"var(--ast-global-color-4)","background-image":"","background-repeat":"repeat","background-position":"center center","background-size":"auto","background-attachment":"scroll","background-type":"","background-media":"","overlay-type":"","overlay-color":"","overlay-opacity":"","overlay-gradient":""}},"footnotes":""},"categories":[],"tags":[1002,1000],"class_list":["post-265667","page","type-page","status-publish","hentry","tag-app-egov-page","tag-cityhall-egovapp"],"yoast_head":"<!-- This site is optimized with the Yoast SEO Premium plugin v27.4 (Yoast SEO v27.4) - https:\/\/yoast.com\/product\/yoast-seo-premium-wordpress\/ -->\n<title>Inspector General - City of Miami Beach<\/title>\n<meta name=\"description\" content=\"The City of Miami Beach operates as a \u201cCouncil\/City Manager\u201d form of government. The Miami Beach City Commission consists of a Mayor and six Commissioners who serve as the Legislative branch of the City of Miami Beach government.The Office of the Inspector General (OIG) provides an independent oversight of all City operations to add value, improve performance, and increase ef\ufb01ciencies by conducting investigations, audits, reviews, and inspections to protect City resources\" \/>\n<meta name=\"robots\" content=\"index, follow, max-snippet:-1, max-image-preview:large, max-video-preview:-1\" \/>\n<link rel=\"canonical\" href=\"https:\/\/www.miamibeachfl.gov\/ht\/egovapp\/city-hall\/insppectorgeneraldepartment\/\" \/>\n<meta property=\"og:locale\" content=\"ht_HT\" \/>\n<meta property=\"og:type\" content=\"article\" \/>\n<meta property=\"og:title\" content=\"Inspector General\" \/>\n<meta property=\"og:description\" content=\"The City of Miami Beach operates as a \u201cCouncil\/City Manager\u201d form of government. The Miami Beach City Commission consists of a Mayor and six Commissioners who serve as the Legislative branch of the City of Miami Beach government.The Office of the Inspector General (OIG) provides an independent oversight of all City operations to add value, improve performance, and increase ef\ufb01ciencies by conducting investigations, audits, reviews, and inspections to protect City resources\" \/>\n<meta property=\"og:url\" content=\"https:\/\/www.miamibeachfl.gov\/ht\/egovapp\/city-hall\/insppectorgeneraldepartment\/\" \/>\n<meta property=\"og:site_name\" content=\"City of Miami Beach\" \/>\n<meta property=\"article:publisher\" content=\"https:\/\/www.facebook.com\/cityofmiamibeach\" \/>\n<meta property=\"article:modified_time\" content=\"2025-06-07T19:41:55+00:00\" \/>\n<meta property=\"og:image\" content=\"https:\/\/www.miamibeachfl.gov\/wp-content\/uploads\/2024\/01\/1000pxSquare-miamibeach-aerial-southpointview.jpeg\" \/>\n\t<meta property=\"og:image:width\" content=\"1000\" \/>\n\t<meta property=\"og:image:height\" content=\"1000\" \/>\n\t<meta property=\"og:image:type\" content=\"image\/jpeg\" \/>\n<meta name=\"twitter:card\" content=\"summary_large_image\" \/>\n<meta name=\"twitter:site\" content=\"@Miamibeachnews\" \/>\n<script type=\"application\/ld+json\" class=\"yoast-schema-graph\">{\"@context\":\"https:\\\/\\\/schema.org\",\"@graph\":[{\"@type\":\"WebPage\",\"@id\":\"https:\\\/\\\/www.miamibeachfl.gov\\\/egovapp\\\/city-hall\\\/insppectorgeneraldepartment\\\/\",\"url\":\"https:\\\/\\\/www.miamibeachfl.gov\\\/egovapp\\\/city-hall\\\/insppectorgeneraldepartment\\\/\",\"name\":\"Inspector General - City of Miami Beach\",\"isPartOf\":{\"@id\":\"https:\\\/\\\/www.miamibeachfl.gov\\\/#website\"},\"datePublished\":\"2023-07-20T21:48:12+00:00\",\"dateModified\":\"2025-06-07T19:41:55+00:00\",\"description\":\"The City of Miami Beach operates as a \u201cCouncil\\\/City Manager\u201d form of government. The Miami Beach City Commission consists of a Mayor and six Commissioners who serve as the Legislative branch of the City of Miami Beach government.The Office of the Inspector General (OIG) provides an independent oversight of all City operations to add value, improve performance, and increase ef\ufb01ciencies by conducting investigations, audits, reviews, and inspections to protect City resources\",\"breadcrumb\":{\"@id\":\"https:\\\/\\\/www.miamibeachfl.gov\\\/egovapp\\\/city-hall\\\/insppectorgeneraldepartment\\\/#breadcrumb\"},\"inLanguage\":\"ht\",\"potentialAction\":[{\"@type\":\"ReadAction\",\"target\":[\"https:\\\/\\\/www.miamibeachfl.gov\\\/egovapp\\\/city-hall\\\/insppectorgeneraldepartment\\\/\"]}]},{\"@type\":\"BreadcrumbList\",\"@id\":\"https:\\\/\\\/www.miamibeachfl.gov\\\/egovapp\\\/city-hall\\\/insppectorgeneraldepartment\\\/#breadcrumb\",\"itemListElement\":[{\"@type\":\"ListItem\",\"position\":1,\"name\":\"Home\",\"item\":\"https:\\\/\\\/www.miamibeachfl.gov\\\/\"},{\"@type\":\"ListItem\",\"position\":2,\"name\":\"MobileAppPages\",\"item\":\"https:\\\/\\\/www.miamibeachfl.gov\\\/egovapp\\\/\"},{\"@type\":\"ListItem\",\"position\":3,\"name\":\"City Hall Department Directory\",\"item\":\"https:\\\/\\\/www.miamibeachfl.gov\\\/egovapp\\\/city-hall\\\/\"},{\"@type\":\"ListItem\",\"position\":4,\"name\":\"Inspector General\"}]},{\"@type\":\"WebSite\",\"@id\":\"https:\\\/\\\/www.miamibeachfl.gov\\\/#website\",\"url\":\"https:\\\/\\\/www.miamibeachfl.gov\\\/\",\"name\":\"City of Miami Beach\",\"description\":\"The official website of the City of Miami Beach. Stay informed, find important information on city services, news, alerts, events, trolley routes, government employment and more.\",\"publisher\":{\"@id\":\"https:\\\/\\\/www.miamibeachfl.gov\\\/#organization\"},\"potentialAction\":[{\"@type\":\"SearchAction\",\"target\":{\"@type\":\"EntryPoint\",\"urlTemplate\":\"https:\\\/\\\/www.miamibeachfl.gov\\\/?s={search_term_string}\"},\"query-input\":{\"@type\":\"PropertyValueSpecification\",\"valueRequired\":true,\"valueName\":\"search_term_string\"}}],\"inLanguage\":\"ht\"},{\"@type\":\"Organization\",\"@id\":\"https:\\\/\\\/www.miamibeachfl.gov\\\/#organization\",\"name\":\"City of Miami Beach\",\"url\":\"https:\\\/\\\/www.miamibeachfl.gov\\\/\",\"logo\":{\"@type\":\"ImageObject\",\"inLanguage\":\"ht\",\"@id\":\"https:\\\/\\\/www.miamibeachfl.gov\\\/#\\\/schema\\\/logo\\\/image\\\/\",\"url\":\"https:\\\/\\\/www.miamibeachfl.gov\\\/wp-content\\\/uploads\\\/2022\\\/06\\\/miamibeach-logoblue.png\",\"contentUrl\":\"https:\\\/\\\/www.miamibeachfl.gov\\\/wp-content\\\/uploads\\\/2022\\\/06\\\/miamibeach-logoblue.png\",\"width\":1962,\"height\":381,\"caption\":\"City of Miami Beach\"},\"image\":{\"@id\":\"https:\\\/\\\/www.miamibeachfl.gov\\\/#\\\/schema\\\/logo\\\/image\\\/\"},\"sameAs\":[\"https:\\\/\\\/www.facebook.com\\\/cityofmiamibeach\",\"https:\\\/\\\/x.com\\\/Miamibeachnews\",\"https:\\\/\\\/www.instagram.com\\\/miamibeachnews\\\/\"],\"description\":\"The official website of the City of Miami Beach. Stay informed, find important information on city services, news, alerts, events, trolley routes, government employment and more.\",\"telephone\":\"305.604.CITY(2489)\",\"legalName\":\"City of Miami Beach\"}]}<\/script>\n<!-- \/ Yoast SEO Premium plugin. -->","yoast_head_json":{"title":"Enspekt\u00e8 Jeneral - Vil Miami Beach","description":"Vil Miami Beach fonksyone k\u00f2m yon f\u00f2m gouv\u00e8nman &quot;Kons\u00e8y\/Manadj\u00e8 Vil&quot;. Komisyon Vil Miami Beach la konpoze de yon Majistra ak sis Komis\u00e8 ki s\u00e8vi k\u00f2m branch Lejislatif gouv\u00e8nman Vil Miami Beach la. Biwo Enspekt\u00e8 Jeneral la (OIG) bay yon sip\u00e8vizyon endepandan sou tout operasyon Vil la pou ajoute val\u00e8, amelyore p\u00e8f\u00f2mans, epi ogmante efikasite l\u00e8 li f\u00e8 envestigasyon, odit, revizyon, ak enspeksyon pou pwoteje resous Vil la.","robots":{"index":"index","follow":"follow","max-snippet":"max-snippet:-1","max-image-preview":"max-image-preview:large","max-video-preview":"max-video-preview:-1"},"canonical":"https:\/\/www.miamibeachfl.gov\/ht\/egovapp\/city-hall\/insppectorgeneraldepartment\/","og_locale":"ht_HT","og_type":"article","og_title":"Inspector General","og_description":"The City of Miami Beach operates as a \u201cCouncil\/City Manager\u201d form of government. The Miami Beach City Commission consists of a Mayor and six Commissioners who serve as the Legislative branch of the City of Miami Beach government.The Office of the Inspector General (OIG) provides an independent oversight of all City operations to add value, improve performance, and increase ef\ufb01ciencies by conducting investigations, audits, reviews, and inspections to protect City resources","og_url":"https:\/\/www.miamibeachfl.gov\/ht\/egovapp\/city-hall\/insppectorgeneraldepartment\/","og_site_name":"City of Miami Beach","article_publisher":"https:\/\/www.facebook.com\/cityofmiamibeach","article_modified_time":"2025-06-07T19:41:55+00:00","og_image":[{"width":1000,"height":1000,"url":"https:\/\/www.miamibeachfl.gov\/wp-content\/uploads\/2024\/01\/1000pxSquare-miamibeach-aerial-southpointview.jpeg","type":"image\/jpeg"}],"twitter_card":"summary_large_image","twitter_site":"@Miamibeachnews","schema":{"@context":"https:\/\/schema.org","@graph":[{"@type":"WebPage","@id":"https:\/\/www.miamibeachfl.gov\/egovapp\/city-hall\/insppectorgeneraldepartment\/","url":"https:\/\/www.miamibeachfl.gov\/egovapp\/city-hall\/insppectorgeneraldepartment\/","name":"Enspekt\u00e8 Jeneral - Vil Miami Beach","isPartOf":{"@id":"https:\/\/www.miamibeachfl.gov\/#website"},"datePublished":"2023-07-20T21:48:12+00:00","dateModified":"2025-06-07T19:41:55+00:00","description":"Vil Miami Beach fonksyone k\u00f2m yon f\u00f2m gouv\u00e8nman &quot;Kons\u00e8y\/Manadj\u00e8 Vil&quot;. Komisyon Vil Miami Beach la konpoze de yon Majistra ak sis Komis\u00e8 ki s\u00e8vi k\u00f2m branch Lejislatif gouv\u00e8nman Vil Miami Beach la. Biwo Enspekt\u00e8 Jeneral la (OIG) bay yon sip\u00e8vizyon endepandan sou tout operasyon Vil la pou ajoute val\u00e8, amelyore p\u00e8f\u00f2mans, epi ogmante efikasite l\u00e8 li f\u00e8 envestigasyon, odit, revizyon, ak enspeksyon pou pwoteje resous Vil la.","breadcrumb":{"@id":"https:\/\/www.miamibeachfl.gov\/egovapp\/city-hall\/insppectorgeneraldepartment\/#breadcrumb"},"inLanguage":"ht","potentialAction":[{"@type":"ReadAction","target":["https:\/\/www.miamibeachfl.gov\/egovapp\/city-hall\/insppectorgeneraldepartment\/"]}]},{"@type":"BreadcrumbList","@id":"https:\/\/www.miamibeachfl.gov\/egovapp\/city-hall\/insppectorgeneraldepartment\/#breadcrumb","itemListElement":[{"@type":"ListItem","position":1,"name":"Home","item":"https:\/\/www.miamibeachfl.gov\/"},{"@type":"ListItem","position":2,"name":"MobileAppPages","item":"https:\/\/www.miamibeachfl.gov\/egovapp\/"},{"@type":"ListItem","position":3,"name":"City Hall Department Directory","item":"https:\/\/www.miamibeachfl.gov\/egovapp\/city-hall\/"},{"@type":"ListItem","position":4,"name":"Inspector General"}]},{"@type":"WebSite","@id":"https:\/\/www.miamibeachfl.gov\/#website","url":"https:\/\/www.miamibeachfl.gov\/","name":"Vil Miami Beach","description":"Sitw\u00e8b ofisy\u00e8l Vil Miami Beach la. Rete enf\u00f2me, jwenn enf\u00f2masyon enp\u00f2tan sou s\u00e8vis vil la, nouv\u00e8l, al\u00e8t, ev\u00e8nman, wout tramway, travay gouv\u00e8nman an ak plis ank\u00f2.","publisher":{"@id":"https:\/\/www.miamibeachfl.gov\/#organization"},"potentialAction":[{"@type":"SearchAction","target":{"@type":"EntryPoint","urlTemplate":"https:\/\/www.miamibeachfl.gov\/?s={search_term_string}"},"query-input":{"@type":"PropertyValueSpecification","valueRequired":true,"valueName":"search_term_string"}}],"inLanguage":"ht"},{"@type":"Organization","@id":"https:\/\/www.miamibeachfl.gov\/#organization","name":"Vil Miami Beach","url":"https:\/\/www.miamibeachfl.gov\/","logo":{"@type":"ImageObject","inLanguage":"ht","@id":"https:\/\/www.miamibeachfl.gov\/#\/schema\/logo\/image\/","url":"https:\/\/www.miamibeachfl.gov\/wp-content\/uploads\/2022\/06\/miamibeach-logoblue.png","contentUrl":"https:\/\/www.miamibeachfl.gov\/wp-content\/uploads\/2022\/06\/miamibeach-logoblue.png","width":1962,"height":381,"caption":"City of Miami Beach"},"image":{"@id":"https:\/\/www.miamibeachfl.gov\/#\/schema\/logo\/image\/"},"sameAs":["https:\/\/www.facebook.com\/cityofmiamibeach","https:\/\/x.com\/Miamibeachnews","https:\/\/www.instagram.com\/miamibeachnews\/"],"description":"Sitw\u00e8b ofisy\u00e8l Vil Miami Beach la. Rete enf\u00f2me, jwenn enf\u00f2masyon enp\u00f2tan sou s\u00e8vis vil la, nouv\u00e8l, al\u00e8t, ev\u00e8nman, wout tramway, travay gouv\u00e8nman an ak plis ank\u00f2.","telephone":"305.604.CITY(2489)","legalName":"City of Miami Beach"}]}},"_links":{"self":[{"href":"https:\/\/www.miamibeachfl.gov\/ht\/wp-json\/wp\/v2\/pages\/265667","targetHints":{"allow":["GET"]}}],"collection":[{"href":"https:\/\/www.miamibeachfl.gov\/ht\/wp-json\/wp\/v2\/pages"}],"about":[{"href":"https:\/\/www.miamibeachfl.gov\/ht\/wp-json\/wp\/v2\/types\/page"}],"author":[{"embeddable":true,"href":"https:\/\/www.miamibeachfl.gov\/ht\/wp-json\/wp\/v2\/users\/222"}],"replies":[{"embeddable":true,"href":"https:\/\/www.miamibeachfl.gov\/ht\/wp-json\/wp\/v2\/comments?post=265667"}],"version-history":[{"count":1,"href":"https:\/\/www.miamibeachfl.gov\/ht\/wp-json\/wp\/v2\/pages\/265667\/revisions"}],"predecessor-version":[{"id":375821,"href":"https:\/\/www.miamibeachfl.gov\/ht\/wp-json\/wp\/v2\/pages\/265667\/revisions\/375821"}],"up":[{"embeddable":true,"href":"https:\/\/www.miamibeachfl.gov\/ht\/wp-json\/wp\/v2\/pages\/265532"}],"wp:attachment":[{"href":"https:\/\/www.miamibeachfl.gov\/ht\/wp-json\/wp\/v2\/media?parent=265667"}],"wp:term":[{"taxonomy":"category","embeddable":true,"href":"https:\/\/www.miamibeachfl.gov\/ht\/wp-json\/wp\/v2\/categories?post=265667"},{"taxonomy":"post_tag","embeddable":true,"href":"https:\/\/www.miamibeachfl.gov\/ht\/wp-json\/wp\/v2\/tags?post=265667"}],"curies":[{"name":"wp","href":"https:\/\/api.w.org\/{rel}","templated":true}]}}