{"id":265672,"date":"2023-07-20T17:55:30","date_gmt":"2023-07-20T21:55:30","guid":{"rendered":"https:\/\/www.miamibeachfl.gov\/?page_id=265672"},"modified":"2026-02-24T14:19:17","modified_gmt":"2026-02-24T19:19:17","slug":"managementbudgetdepartment","status":"publish","type":"page","link":"https:\/\/www.miamibeachfl.gov\/ht\/egovapp\/city-hall\/managementbudgetdepartment\/","title":{"rendered":"Jesyon ak Bidj\u00e8"},"content":{"rendered":"<a href=\"https:\/\/www.miamibeachfl.gov\/ht\/egovapp\/city-hall\/\" target=\"_self\" role=\"button\" rel=\"noopener\">\n\t\t\t\t\t\tRetounen nan Any\u00e8 Depatman an\n\t\t\t\t\t<\/a>\n<h1>\n\t\tJesyon ak Bidj\u00e8\n\t<\/h1>\n\t<ul>\n\t\t<li><a href=\"tel:3056737510\" target=\"_self\" aria-label=\"Ale nan nimewo telef\u00f2n sa a: 3056737510 \" rel=\"noopener\"><\/a>\t\t\t\t\n\t\t<h3>305.673.7510 <\/h3><\/li><li>\t\t\t\t\n\t\t<h3>Or\u00e8 Biwo:<\/h3><p>Lendi \u2013 Vandredi 8:30 AM \u2013 5 PM<\/p><\/li><li><a href=\"https:\/\/goo.gl\/maps\/5ysY4rh44A2nMrkq5\" target=\"_blank\" rel=\"noopener\" aria-label=\"Ale sou https:\/\/goo.gl\/maps\/5ysY4rh44A2nMrkq5\"><\/a>\t\t\t\t\n\t\t<h3>Biwo Prensipal:<\/h3><p>1700 Konvansyon Center Drive<br \/>Miami Beach, Florid 33139<\/p><\/li>\t<\/ul>\n<h2>\n\t\tIstorik\n\t<\/h2>\n\t<p>Yon ef\u00f2 vital biwo a se pou aplike yon bidj\u00e8 oryante sou rezilta, ki konsantre sou efikasite ak oryantasyon s\u00e8vis, atrav\u00e8 inisyativ sa yo:<\/p>\n<p>Konsantre pwosesis bidj\u00e8 any\u00e8l Vil la sou yon oryante sou rezilta.<\/p>\n<p>Devlope dokiman bidj\u00e8 yo pwopoze ak adopte pou mete aksan sou pwogram yo, rezilta estratejik yo prevwa yo, ansanm ak mezi p\u00e8f\u00f2mans ak objektif ki gen rap\u00f2 ak yo.<\/p>\n<p>Asire ke tandans depans yo dirab sou yon long t\u00e8m l\u00e8 w amelyore sante finansy\u00e8 jeneral Vil la.<\/p>\n<p>\u00a0Ogmante epi kenbe lajan Vil la resevwa k\u00f2m yon pati nan aktivite maksimizasyon revni yo.<\/p>\n<p><strong>Sondaj Satisfaksyon Kominot\u00e8 a<\/strong><\/p>\n<p>Yon zouti angajman enp\u00f2tan depi 2005, Sondaj Satisfaksyon Kominot\u00e8 yo bay fidbak nan men rezidan yo ak biznis yo sou priyorite kominote a, satisfaksyon s\u00e8vis yo, ak kalite lavi a. Sa ede nou kontinye amelyore s\u00e8vis yo, mezire p\u00e8f\u00f2mans jeneral la, epi asire ke ef\u00f2 vil la aliyen ak priyorite kominote a.<\/p>\n<p><a href=\"https:\/\/www.miamibeachfl.gov\/ht\/city-hall\/city-manager\/mission-vision-and-values\/strategic-planning\/community-survey\/\">Gade rezilta sondaj la<\/a><\/p>\n<p><strong>Pwojeksyon chak trim\u00e8s<\/strong><\/p>\n<p>Konstitisyon Vil la egzije pou Vil la pibliye yon rap\u00f2 chak twa mwa ki montre depans rey\u00e8l yo pandan trim\u00e8s ki f\u00e8k fini an parap\u00f2 ak yon ka nan depans any\u00e8l pwopoze yo ki tabli nan bidj\u00e8 a.<\/p>\n<p><strong>Plan Travay pou tout Vil la <\/strong><\/p>\n<p>Plan Travay ak bidj\u00e8 any\u00e8l Vil la s\u00e8vi k\u00f2m gid pou fason Vil la prevwa adrese priyorite kominote a nan chak ane fiskal. Plan Travay Vil la gen ladan l inisyativ pou sip\u00f2te Plan Estratejik Vil la. Inisyativ Plan Travay yo mete ajou chak ane dapre rezilta d\u00e8nye sondaj yo, tandans sosyoekonomik yo, ak mezi kantite travay ak p\u00e8f\u00f2mans depatman yo. Plan Travay Vil la itilize pou gide depatman yo pandan y ap analize s\u00e8vis yo epi prepare plan travay ak bidj\u00e8 depatman yo pwopoze yo.<\/p>","protected":false},"excerpt":{"rendered":"<p>Back to Department Directory Mangement and Budget 305.673.7510 Office Hours: Monday &#8211; Friday 8:30AM &#8211; 5PM Main Office: 1700 Convention [&hellip;]<\/p>\n","protected":false},"author":222,"featured_media":0,"parent":265532,"menu_order":0,"comment_status":"closed","ping_status":"closed","template":"","meta":{"_searchwp_excluded":"1","site-sidebar-layout":"default","site-content-layout":"","ast-site-content-layout":"","site-content-style":"default","site-sidebar-style":"default","ast-global-header-display":"disabled","ast-banner-title-visibility":"","ast-main-header-display":"","ast-hfb-above-header-display":"","ast-hfb-below-header-display":"","ast-hfb-mobile-header-display":"","site-post-title":"","ast-breadcrumbs-content":"","ast-featured-img":"","footer-sml-layout":"disabled","ast-disable-related-posts":"","theme-transparent-header-meta":"","adv-header-id-meta":"","stick-header-meta":"","header-above-stick-meta":"","header-main-stick-meta":"","header-below-stick-meta":"","astra-migrate-meta-layouts":"default","ast-page-background-enabled":"default","ast-page-background-meta":{"desktop":{"background-color":"var(--ast-global-color-5)","background-image":"","background-repeat":"repeat","background-position":"center center","background-size":"auto","background-attachment":"scroll","background-type":"","background-media":"","overlay-type":"","overlay-color":"","overlay-opacity":"","overlay-gradient":""},"tablet":{"background-color":"","background-image":"","background-repeat":"repeat","background-position":"center center","background-size":"auto","background-attachment":"scroll","background-type":"","background-media":"","overlay-type":"","overlay-color":"","overlay-opacity":"","overlay-gradient":""},"mobile":{"background-color":"","background-image":"","background-repeat":"repeat","background-position":"center center","background-size":"auto","background-attachment":"scroll","background-type":"","background-media":"","overlay-type":"","overlay-color":"","overlay-opacity":"","overlay-gradient":""}},"ast-content-background-meta":{"desktop":{"background-color":"var(--ast-global-color-4)","background-image":"","background-repeat":"repeat","background-position":"center center","background-size":"auto","background-attachment":"scroll","background-type":"","background-media":"","overlay-type":"","overlay-color":"","overlay-opacity":"","overlay-gradient":""},"tablet":{"background-color":"var(--ast-global-color-4)","background-image":"","background-repeat":"repeat","background-position":"center center","background-size":"auto","background-attachment":"scroll","background-type":"","background-media":"","overlay-type":"","overlay-color":"","overlay-opacity":"","overlay-gradient":""},"mobile":{"background-color":"var(--ast-global-color-4)","background-image":"","background-repeat":"repeat","background-position":"center center","background-size":"auto","background-attachment":"scroll","background-type":"","background-media":"","overlay-type":"","overlay-color":"","overlay-opacity":"","overlay-gradient":""}},"footnotes":""},"categories":[],"tags":[1002,1000],"class_list":["post-265672","page","type-page","status-publish","hentry","tag-app-egov-page","tag-cityhall-egovapp"],"yoast_head":"<!-- This site is optimized with the Yoast SEO Premium plugin v27.4 (Yoast SEO v27.4) - https:\/\/yoast.com\/product\/yoast-seo-premium-wordpress\/ -->\n<title>Management and Budget - City of Miami Beach<\/title>\n<meta name=\"description\" content=\"The Office of Management and Budget (OMB) is responsible for overseeing the implementation of the City\u2019s vision across the organization by ensuring that the City\u2019s financial resources are budgeted and managed in a way that produces results that advance the City\u2019s priorities.\" \/>\n<meta name=\"robots\" content=\"index, follow, max-snippet:-1, max-image-preview:large, max-video-preview:-1\" \/>\n<link rel=\"canonical\" href=\"https:\/\/www.miamibeachfl.gov\/ht\/egovapp\/city-hall\/managementbudgetdepartment\/\" \/>\n<meta property=\"og:locale\" content=\"ht_HT\" \/>\n<meta property=\"og:type\" content=\"article\" \/>\n<meta property=\"og:title\" content=\"Management and Budget\" \/>\n<meta property=\"og:description\" content=\"The Office of Management and Budget (OMB) is responsible for overseeing the implementation of the City\u2019s vision across the organization by ensuring that the City\u2019s financial resources are budgeted and managed in a way that produces results that advance the City\u2019s priorities.\" \/>\n<meta property=\"og:url\" content=\"https:\/\/www.miamibeachfl.gov\/ht\/egovapp\/city-hall\/managementbudgetdepartment\/\" \/>\n<meta property=\"og:site_name\" content=\"City of Miami Beach\" \/>\n<meta property=\"article:publisher\" content=\"https:\/\/www.facebook.com\/cityofmiamibeach\" \/>\n<meta property=\"article:modified_time\" content=\"2026-02-24T19:19:17+00:00\" \/>\n<meta property=\"og:image\" content=\"https:\/\/www.miamibeachfl.gov\/wp-content\/uploads\/2024\/01\/1000pxSquare-miamibeach-aerial-southpointview.jpeg\" \/>\n\t<meta property=\"og:image:width\" content=\"1000\" \/>\n\t<meta property=\"og:image:height\" content=\"1000\" \/>\n\t<meta property=\"og:image:type\" content=\"image\/jpeg\" \/>\n<meta name=\"twitter:card\" content=\"summary_large_image\" \/>\n<meta name=\"twitter:site\" content=\"@Miamibeachnews\" \/>\n<script type=\"application\/ld+json\" class=\"yoast-schema-graph\">{\"@context\":\"https:\\\/\\\/schema.org\",\"@graph\":[{\"@type\":\"WebPage\",\"@id\":\"https:\\\/\\\/www.miamibeachfl.gov\\\/egovapp\\\/city-hall\\\/managementbudgetdepartment\\\/\",\"url\":\"https:\\\/\\\/www.miamibeachfl.gov\\\/egovapp\\\/city-hall\\\/managementbudgetdepartment\\\/\",\"name\":\"Management and Budget - City of Miami Beach\",\"isPartOf\":{\"@id\":\"https:\\\/\\\/www.miamibeachfl.gov\\\/#website\"},\"datePublished\":\"2023-07-20T21:55:30+00:00\",\"dateModified\":\"2026-02-24T19:19:17+00:00\",\"description\":\"The Office of Management and Budget (OMB) is responsible for overseeing the implementation of the City\u2019s vision across the organization by ensuring that the City\u2019s financial resources are budgeted and managed in a way that produces results that advance the City\u2019s priorities.\",\"breadcrumb\":{\"@id\":\"https:\\\/\\\/www.miamibeachfl.gov\\\/egovapp\\\/city-hall\\\/managementbudgetdepartment\\\/#breadcrumb\"},\"inLanguage\":\"ht\",\"potentialAction\":[{\"@type\":\"ReadAction\",\"target\":[\"https:\\\/\\\/www.miamibeachfl.gov\\\/egovapp\\\/city-hall\\\/managementbudgetdepartment\\\/\"]}]},{\"@type\":\"BreadcrumbList\",\"@id\":\"https:\\\/\\\/www.miamibeachfl.gov\\\/egovapp\\\/city-hall\\\/managementbudgetdepartment\\\/#breadcrumb\",\"itemListElement\":[{\"@type\":\"ListItem\",\"position\":1,\"name\":\"Home\",\"item\":\"https:\\\/\\\/www.miamibeachfl.gov\\\/\"},{\"@type\":\"ListItem\",\"position\":2,\"name\":\"MobileAppPages\",\"item\":\"https:\\\/\\\/www.miamibeachfl.gov\\\/egovapp\\\/\"},{\"@type\":\"ListItem\",\"position\":3,\"name\":\"City Hall Department Directory\",\"item\":\"https:\\\/\\\/www.miamibeachfl.gov\\\/egovapp\\\/city-hall\\\/\"},{\"@type\":\"ListItem\",\"position\":4,\"name\":\"Management and Budget\"}]},{\"@type\":\"WebSite\",\"@id\":\"https:\\\/\\\/www.miamibeachfl.gov\\\/#website\",\"url\":\"https:\\\/\\\/www.miamibeachfl.gov\\\/\",\"name\":\"City of Miami Beach\",\"description\":\"The official website of the City of Miami Beach. Stay informed, find important information on city services, news, alerts, events, trolley routes, government employment and more.\",\"publisher\":{\"@id\":\"https:\\\/\\\/www.miamibeachfl.gov\\\/#organization\"},\"potentialAction\":[{\"@type\":\"SearchAction\",\"target\":{\"@type\":\"EntryPoint\",\"urlTemplate\":\"https:\\\/\\\/www.miamibeachfl.gov\\\/?s={search_term_string}\"},\"query-input\":{\"@type\":\"PropertyValueSpecification\",\"valueRequired\":true,\"valueName\":\"search_term_string\"}}],\"inLanguage\":\"ht\"},{\"@type\":\"Organization\",\"@id\":\"https:\\\/\\\/www.miamibeachfl.gov\\\/#organization\",\"name\":\"City of Miami Beach\",\"url\":\"https:\\\/\\\/www.miamibeachfl.gov\\\/\",\"logo\":{\"@type\":\"ImageObject\",\"inLanguage\":\"ht\",\"@id\":\"https:\\\/\\\/www.miamibeachfl.gov\\\/#\\\/schema\\\/logo\\\/image\\\/\",\"url\":\"https:\\\/\\\/www.miamibeachfl.gov\\\/wp-content\\\/uploads\\\/2022\\\/06\\\/miamibeach-logoblue.png\",\"contentUrl\":\"https:\\\/\\\/www.miamibeachfl.gov\\\/wp-content\\\/uploads\\\/2022\\\/06\\\/miamibeach-logoblue.png\",\"width\":1962,\"height\":381,\"caption\":\"City of Miami Beach\"},\"image\":{\"@id\":\"https:\\\/\\\/www.miamibeachfl.gov\\\/#\\\/schema\\\/logo\\\/image\\\/\"},\"sameAs\":[\"https:\\\/\\\/www.facebook.com\\\/cityofmiamibeach\",\"https:\\\/\\\/x.com\\\/Miamibeachnews\",\"https:\\\/\\\/www.instagram.com\\\/miamibeachnews\\\/\"],\"description\":\"The official website of the City of Miami Beach. Stay informed, find important information on city services, news, alerts, events, trolley routes, government employment and more.\",\"telephone\":\"305.604.CITY(2489)\",\"legalName\":\"City of Miami Beach\"}]}<\/script>\n<!-- \/ Yoast SEO Premium plugin. -->","yoast_head_json":{"title":"Jesyon ak Bidj\u00e8 - Vil Miami Beach","description":"Biwo Jesyon ak Bidj\u00e8 (OMB) la responsab pou sip\u00e8vize aplikasyon vizyon Vil la nan tout \u00f2ganizasyon an l\u00e8 li asire ke resous finansye Vil la yo nan bidj\u00e8 epi jere yon fason ki pwodui rezilta ki f\u00e8 avanse priyorite Vil la.","robots":{"index":"index","follow":"follow","max-snippet":"max-snippet:-1","max-image-preview":"max-image-preview:large","max-video-preview":"max-video-preview:-1"},"canonical":"https:\/\/www.miamibeachfl.gov\/ht\/egovapp\/city-hall\/managementbudgetdepartment\/","og_locale":"ht_HT","og_type":"article","og_title":"Management and Budget","og_description":"The Office of Management and Budget (OMB) is responsible for overseeing the implementation of the City\u2019s vision across the organization by ensuring that the City\u2019s financial resources are budgeted and managed in a way that produces results that advance the City\u2019s priorities.","og_url":"https:\/\/www.miamibeachfl.gov\/ht\/egovapp\/city-hall\/managementbudgetdepartment\/","og_site_name":"City of Miami Beach","article_publisher":"https:\/\/www.facebook.com\/cityofmiamibeach","article_modified_time":"2026-02-24T19:19:17+00:00","og_image":[{"width":1000,"height":1000,"url":"https:\/\/www.miamibeachfl.gov\/wp-content\/uploads\/2024\/01\/1000pxSquare-miamibeach-aerial-southpointview.jpeg","type":"image\/jpeg"}],"twitter_card":"summary_large_image","twitter_site":"@Miamibeachnews","schema":{"@context":"https:\/\/schema.org","@graph":[{"@type":"WebPage","@id":"https:\/\/www.miamibeachfl.gov\/egovapp\/city-hall\/managementbudgetdepartment\/","url":"https:\/\/www.miamibeachfl.gov\/egovapp\/city-hall\/managementbudgetdepartment\/","name":"Jesyon ak Bidj\u00e8 - Vil Miami Beach","isPartOf":{"@id":"https:\/\/www.miamibeachfl.gov\/#website"},"datePublished":"2023-07-20T21:55:30+00:00","dateModified":"2026-02-24T19:19:17+00:00","description":"Biwo Jesyon ak Bidj\u00e8 (OMB) la responsab pou sip\u00e8vize aplikasyon vizyon Vil la nan tout \u00f2ganizasyon an l\u00e8 li asire ke resous finansye Vil la yo nan bidj\u00e8 epi jere yon fason ki pwodui rezilta ki f\u00e8 avanse priyorite Vil la.","breadcrumb":{"@id":"https:\/\/www.miamibeachfl.gov\/egovapp\/city-hall\/managementbudgetdepartment\/#breadcrumb"},"inLanguage":"ht","potentialAction":[{"@type":"ReadAction","target":["https:\/\/www.miamibeachfl.gov\/egovapp\/city-hall\/managementbudgetdepartment\/"]}]},{"@type":"BreadcrumbList","@id":"https:\/\/www.miamibeachfl.gov\/egovapp\/city-hall\/managementbudgetdepartment\/#breadcrumb","itemListElement":[{"@type":"ListItem","position":1,"name":"Home","item":"https:\/\/www.miamibeachfl.gov\/"},{"@type":"ListItem","position":2,"name":"MobileAppPages","item":"https:\/\/www.miamibeachfl.gov\/egovapp\/"},{"@type":"ListItem","position":3,"name":"City Hall Department Directory","item":"https:\/\/www.miamibeachfl.gov\/egovapp\/city-hall\/"},{"@type":"ListItem","position":4,"name":"Management and Budget"}]},{"@type":"WebSite","@id":"https:\/\/www.miamibeachfl.gov\/#website","url":"https:\/\/www.miamibeachfl.gov\/","name":"Vil Miami Beach","description":"Sitw\u00e8b ofisy\u00e8l Vil Miami Beach la. Rete enf\u00f2me, jwenn enf\u00f2masyon enp\u00f2tan sou s\u00e8vis vil la, nouv\u00e8l, al\u00e8t, ev\u00e8nman, wout tramway, travay gouv\u00e8nman an ak plis ank\u00f2.","publisher":{"@id":"https:\/\/www.miamibeachfl.gov\/#organization"},"potentialAction":[{"@type":"SearchAction","target":{"@type":"EntryPoint","urlTemplate":"https:\/\/www.miamibeachfl.gov\/?s={search_term_string}"},"query-input":{"@type":"PropertyValueSpecification","valueRequired":true,"valueName":"search_term_string"}}],"inLanguage":"ht"},{"@type":"Organization","@id":"https:\/\/www.miamibeachfl.gov\/#organization","name":"Vil Miami Beach","url":"https:\/\/www.miamibeachfl.gov\/","logo":{"@type":"ImageObject","inLanguage":"ht","@id":"https:\/\/www.miamibeachfl.gov\/#\/schema\/logo\/image\/","url":"https:\/\/www.miamibeachfl.gov\/wp-content\/uploads\/2022\/06\/miamibeach-logoblue.png","contentUrl":"https:\/\/www.miamibeachfl.gov\/wp-content\/uploads\/2022\/06\/miamibeach-logoblue.png","width":1962,"height":381,"caption":"City of Miami Beach"},"image":{"@id":"https:\/\/www.miamibeachfl.gov\/#\/schema\/logo\/image\/"},"sameAs":["https:\/\/www.facebook.com\/cityofmiamibeach","https:\/\/x.com\/Miamibeachnews","https:\/\/www.instagram.com\/miamibeachnews\/"],"description":"Sitw\u00e8b ofisy\u00e8l Vil Miami Beach la. Rete enf\u00f2me, jwenn enf\u00f2masyon enp\u00f2tan sou s\u00e8vis vil la, nouv\u00e8l, al\u00e8t, ev\u00e8nman, wout tramway, travay gouv\u00e8nman an ak plis ank\u00f2.","telephone":"305.604.CITY(2489)","legalName":"City of Miami Beach"}]}},"_links":{"self":[{"href":"https:\/\/www.miamibeachfl.gov\/ht\/wp-json\/wp\/v2\/pages\/265672","targetHints":{"allow":["GET"]}}],"collection":[{"href":"https:\/\/www.miamibeachfl.gov\/ht\/wp-json\/wp\/v2\/pages"}],"about":[{"href":"https:\/\/www.miamibeachfl.gov\/ht\/wp-json\/wp\/v2\/types\/page"}],"author":[{"embeddable":true,"href":"https:\/\/www.miamibeachfl.gov\/ht\/wp-json\/wp\/v2\/users\/222"}],"replies":[{"embeddable":true,"href":"https:\/\/www.miamibeachfl.gov\/ht\/wp-json\/wp\/v2\/comments?post=265672"}],"version-history":[{"count":1,"href":"https:\/\/www.miamibeachfl.gov\/ht\/wp-json\/wp\/v2\/pages\/265672\/revisions"}],"predecessor-version":[{"id":396649,"href":"https:\/\/www.miamibeachfl.gov\/ht\/wp-json\/wp\/v2\/pages\/265672\/revisions\/396649"}],"up":[{"embeddable":true,"href":"https:\/\/www.miamibeachfl.gov\/ht\/wp-json\/wp\/v2\/pages\/265532"}],"wp:attachment":[{"href":"https:\/\/www.miamibeachfl.gov\/ht\/wp-json\/wp\/v2\/media?parent=265672"}],"wp:term":[{"taxonomy":"category","embeddable":true,"href":"https:\/\/www.miamibeachfl.gov\/ht\/wp-json\/wp\/v2\/categories?post=265672"},{"taxonomy":"post_tag","embeddable":true,"href":"https:\/\/www.miamibeachfl.gov\/ht\/wp-json\/wp\/v2\/tags?post=265672"}],"curies":[{"name":"wp","href":"https:\/\/api.w.org\/{rel}","templated":true}]}}