{"id":265693,"date":"2023-07-20T18:38:50","date_gmt":"2023-07-20T22:38:50","guid":{"rendered":"https:\/\/www.miamibeachfl.gov\/?page_id=265693"},"modified":"2025-06-07T16:17:24","modified_gmt":"2025-06-07T20:17:24","slug":"transportationdepartment","status":"publish","type":"page","link":"https:\/\/www.miamibeachfl.gov\/ht\/egovapp\/city-hall\/transportationdepartment\/","title":{"rendered":"Depatman Transp\u00f2"},"content":{"rendered":"<a href=\"https:\/\/www.miamibeachfl.gov\/ht\/egovapp\/city-hall\/\" target=\"_self\">\n\t\t\t\t\t\tRetounen nan Any\u00e8 Depatman an\n\t\t\t\t\t<\/a>\n<h1>\n\t\t\tTransp\u00f2\t<\/h1>\n\t<ul>\n\t\t<li><a href=\"tel:3056737080\" target=\"_self\"  aria-label=\"Ale nan nimewo telef\u00f2n sa a: 3056737080\">\t\t\t\t\n\t\t<h3>305.673.7080<\/h3><\/a><\/li><li>\t\t\t\t\n\t\t<h3>Or\u00e8 Biwo:<\/h3><p>Lendi \u2013 Vandredi: 9AM \u2013 5PM<\/p><\/li><li><a href=\"https:\/\/goo.gl\/maps\/nwvjqoMjJxTWX3mq6\" target=\"_blank\" rel=\"noopener\" aria-label=\"Ale sou https:\/\/goo.gl\/maps\/nwvjqoMjJxTWX3mq6\">\t\t\t\t\n\t\t<h3>Biwo Prensipal:<\/h3><p>1700 Konvansyon Center Drive<br \/>3y\u00e8m etaj<br \/>Miami Beach, Florid 33139<\/p><\/a><\/li>\t<\/ul>\n<h2>\n\t\t\tKont\u00e8ks:\t<\/h2>\n\t<p>Depatman Transp\u00f2 ak Mobilite te f\u00f2me pa Majistra a ak Komisyon Vil la an Avril 2014. Anvan dat sa a, fonksyon transp\u00f2 yo te f\u00e8t k\u00f2m yon pati nan Divizyon Transp\u00f2 Depatman Travay Piblik la. Depi kreyasyon li, Depatman an te sitou konsantre sou planifikasyon transp\u00f2, jeni\/operasyon trafik, ak planifikasyon ak operasyon sist\u00e8m tramway. Akonplisman misyon nou an depann de yon kolaborasyon efikas av\u00e8k ajans Eta ak Konte ki gen otorite jirisdiksyon\u00e8l sou gwo wout yo, kontw\u00f2l\/siyalizasyon trafik, ak s\u00e8vis transp\u00f2 nan Konte Miami-Dade, menm nan minisipalite enk\u00f2pore yo.<\/p>\n<p>Depatman an ap konsantre sou aplikasyon Plan Direkt\u00e8 Transp\u00f2 a ak Plan Direkt\u00e8 Bisikl\u00e8t-Pyeton ki te adopte pa Rezolisyon Komisyon Vil la nan dat 14 avril 2016. Plan sa yo reflete estrateji priyorizasyon modal Vil la te adopte a:<\/p>\n<p>(1) pyeton; (2) transp\u00f2 piblik, bisikl\u00e8t, ak machandiz; ak (3) otomobil prive. Komisyon Vil la te adopte nouvo priyorite modal la atrav\u00e8 yon Rezolisyon an Jiy\u00e8 2015.<\/p>\n<p>Anplis de sa, Depatman an sip\u00e8vize operasyon sist\u00e8m tramway Miami Beach la ki gen kat wout: North Beach Trolley, Collins Express, Middle Beach Trolley, ak South Beach Trolley. S\u00e8vis tramway Vil la opere k\u00f2m yon s\u00e8vis kle an men pa yon kontrakt\u00e8 pwofesyon\u00e8l nan sekt\u00e8 prive ke Depatman an jere. S\u00e8vis tramway gratis la, anvan pandemi an, te pote plis pase 14,000 pasaje chak jou. S\u00e8vis tramway la konplete pa yon s\u00e8vis transp\u00f2 gratis ekolojik sou demann.<\/p>\n<p>Jesyon trafik se yon l\u00f2t konsantrasyon Depatman an. Anplwaye operasyon trafik ent\u00e8n yo kontwole trafik nan Vil la, f\u00e8 ajisteman an tan rey\u00e8l nan l\u00e8 siyal trafik yo jan sa neses\u00e8, epi kow\u00f2done ak Lapolis ak Ponpye (ki gen ladan Jesyon Ijans) sou jesyon ensidan, epi ak Maketing ak Kominikasyon pou gaye enf\u00f2masyon trafik an tan rey\u00e8l bay kominote a ak piblik la ki kondui machin. Nouvo teknoloji a pral aplike an faz apati ane fiskal 2022 atrav\u00e8 Sist\u00e8m Transp\u00f2 Entelijan ak Pwoj\u00e8 Sist\u00e8m Pakin Entelijan pou jere konjesyon sou gwo wout yo pi efikasman epi jere demann pakin nan Vil la.<\/p>","protected":false},"excerpt":{"rendered":"<p>Back to Department Directory Transportation 305.673.7080 Office Hours: Monday &#8211; Friday: 9AM &#8211; 5PM Main Office: 1700 Convention Center Drive3rd [&hellip;]<\/p>\n","protected":false},"author":222,"featured_media":0,"parent":265532,"menu_order":0,"comment_status":"closed","ping_status":"closed","template":"","meta":{"_searchwp_excluded":"1","site-sidebar-layout":"default","site-content-layout":"","ast-site-content-layout":"","site-content-style":"default","site-sidebar-style":"default","ast-global-header-display":"disabled","ast-banner-title-visibility":"","ast-main-header-display":"","ast-hfb-above-header-display":"","ast-hfb-below-header-display":"","ast-hfb-mobile-header-display":"","site-post-title":"","ast-breadcrumbs-content":"","ast-featured-img":"","footer-sml-layout":"disabled","ast-disable-related-posts":"","theme-transparent-header-meta":"","adv-header-id-meta":"","stick-header-meta":"","header-above-stick-meta":"","header-main-stick-meta":"","header-below-stick-meta":"","astra-migrate-meta-layouts":"default","ast-page-background-enabled":"default","ast-page-background-meta":{"desktop":{"background-color":"var(--ast-global-color-5)","background-image":"","background-repeat":"repeat","background-position":"center center","background-size":"auto","background-attachment":"scroll","background-type":"","background-media":"","overlay-type":"","overlay-color":"","overlay-opacity":"","overlay-gradient":""},"tablet":{"background-color":"","background-image":"","background-repeat":"repeat","background-position":"center center","background-size":"auto","background-attachment":"scroll","background-type":"","background-media":"","overlay-type":"","overlay-color":"","overlay-opacity":"","overlay-gradient":""},"mobile":{"background-color":"","background-image":"","background-repeat":"repeat","background-position":"center center","background-size":"auto","background-attachment":"scroll","background-type":"","background-media":"","overlay-type":"","overlay-color":"","overlay-opacity":"","overlay-gradient":""}},"ast-content-background-meta":{"desktop":{"background-color":"var(--ast-global-color-4)","background-image":"","background-repeat":"repeat","background-position":"center center","background-size":"auto","background-attachment":"scroll","background-type":"","background-media":"","overlay-type":"","overlay-color":"","overlay-opacity":"","overlay-gradient":""},"tablet":{"background-color":"var(--ast-global-color-4)","background-image":"","background-repeat":"repeat","background-position":"center center","background-size":"auto","background-attachment":"scroll","background-type":"","background-media":"","overlay-type":"","overlay-color":"","overlay-opacity":"","overlay-gradient":""},"mobile":{"background-color":"var(--ast-global-color-4)","background-image":"","background-repeat":"repeat","background-position":"center center","background-size":"auto","background-attachment":"scroll","background-type":"","background-media":"","overlay-type":"","overlay-color":"","overlay-opacity":"","overlay-gradient":""}},"footnotes":""},"categories":[],"tags":[1002,1000],"class_list":["post-265693","page","type-page","status-publish","hentry","tag-app-egov-page","tag-cityhall-egovapp"],"yoast_head":"<!-- This site is optimized with the Yoast SEO Premium plugin v27.4 (Yoast SEO v27.4) - https:\/\/yoast.com\/product\/yoast-seo-premium-wordpress\/ -->\n<title>Transportation Department - City of Miami Beach<\/title>\n<meta name=\"description\" content=\"The Transportation Department&#039;s role is to ensure the safe, secure, and efficient movement of people and goods in a transportation system that provides mobility, livability, and accessibility, and promotes alternative modes of travel, while ensuring environmental and economic sustainability, and improving the quality of life for all who live, work, and play in our vibrant, tropical, historical community.\" \/>\n<meta name=\"robots\" content=\"index, follow, max-snippet:-1, max-image-preview:large, max-video-preview:-1\" \/>\n<link rel=\"canonical\" href=\"https:\/\/www.miamibeachfl.gov\/ht\/egovapp\/city-hall\/transportationdepartment\/\" \/>\n<meta property=\"og:locale\" content=\"ht_HT\" \/>\n<meta property=\"og:type\" content=\"article\" \/>\n<meta property=\"og:title\" content=\"Transportation Department\" \/>\n<meta property=\"og:description\" content=\"The Transportation Department&#039;s role is to ensure the safe, secure, and efficient movement of people and goods in a transportation system that provides mobility, livability, and accessibility, and promotes alternative modes of travel, while ensuring environmental and economic sustainability, and improving the quality of life for all who live, work, and play in our vibrant, tropical, historical community.\" \/>\n<meta property=\"og:url\" content=\"https:\/\/www.miamibeachfl.gov\/ht\/egovapp\/city-hall\/transportationdepartment\/\" \/>\n<meta property=\"og:site_name\" content=\"City of Miami Beach\" \/>\n<meta property=\"article:publisher\" content=\"https:\/\/www.facebook.com\/cityofmiamibeach\" \/>\n<meta property=\"article:modified_time\" content=\"2025-06-07T20:17:24+00:00\" \/>\n<meta property=\"og:image\" content=\"https:\/\/www.miamibeachfl.gov\/wp-content\/uploads\/2024\/01\/1000pxSquare-miamibeach-aerial-southpointview.jpeg\" \/>\n\t<meta property=\"og:image:width\" content=\"1000\" \/>\n\t<meta property=\"og:image:height\" content=\"1000\" \/>\n\t<meta property=\"og:image:type\" content=\"image\/jpeg\" \/>\n<meta name=\"twitter:card\" content=\"summary_large_image\" \/>\n<meta name=\"twitter:site\" content=\"@Miamibeachnews\" \/>\n<script type=\"application\/ld+json\" class=\"yoast-schema-graph\">{\"@context\":\"https:\\\/\\\/schema.org\",\"@graph\":[{\"@type\":\"WebPage\",\"@id\":\"https:\\\/\\\/www.miamibeachfl.gov\\\/egovapp\\\/city-hall\\\/transportationdepartment\\\/\",\"url\":\"https:\\\/\\\/www.miamibeachfl.gov\\\/egovapp\\\/city-hall\\\/transportationdepartment\\\/\",\"name\":\"Transportation Department - City of Miami Beach\",\"isPartOf\":{\"@id\":\"https:\\\/\\\/www.miamibeachfl.gov\\\/#website\"},\"datePublished\":\"2023-07-20T22:38:50+00:00\",\"dateModified\":\"2025-06-07T20:17:24+00:00\",\"description\":\"The Transportation Department's role is to ensure the safe, secure, and efficient movement of people and goods in a transportation system that provides mobility, livability, and accessibility, and promotes alternative modes of travel, while ensuring environmental and economic sustainability, and improving the quality of life for all who live, work, and play in our vibrant, tropical, historical community.\",\"breadcrumb\":{\"@id\":\"https:\\\/\\\/www.miamibeachfl.gov\\\/egovapp\\\/city-hall\\\/transportationdepartment\\\/#breadcrumb\"},\"inLanguage\":\"ht\",\"potentialAction\":[{\"@type\":\"ReadAction\",\"target\":[\"https:\\\/\\\/www.miamibeachfl.gov\\\/egovapp\\\/city-hall\\\/transportationdepartment\\\/\"]}]},{\"@type\":\"BreadcrumbList\",\"@id\":\"https:\\\/\\\/www.miamibeachfl.gov\\\/egovapp\\\/city-hall\\\/transportationdepartment\\\/#breadcrumb\",\"itemListElement\":[{\"@type\":\"ListItem\",\"position\":1,\"name\":\"Home\",\"item\":\"https:\\\/\\\/www.miamibeachfl.gov\\\/\"},{\"@type\":\"ListItem\",\"position\":2,\"name\":\"MobileAppPages\",\"item\":\"https:\\\/\\\/www.miamibeachfl.gov\\\/egovapp\\\/\"},{\"@type\":\"ListItem\",\"position\":3,\"name\":\"City Hall Department Directory\",\"item\":\"https:\\\/\\\/www.miamibeachfl.gov\\\/egovapp\\\/city-hall\\\/\"},{\"@type\":\"ListItem\",\"position\":4,\"name\":\"Transportation Department\"}]},{\"@type\":\"WebSite\",\"@id\":\"https:\\\/\\\/www.miamibeachfl.gov\\\/#website\",\"url\":\"https:\\\/\\\/www.miamibeachfl.gov\\\/\",\"name\":\"City of Miami Beach\",\"description\":\"The official website of the City of Miami Beach. Stay informed, find important information on city services, news, alerts, events, trolley routes, government employment and more.\",\"publisher\":{\"@id\":\"https:\\\/\\\/www.miamibeachfl.gov\\\/#organization\"},\"potentialAction\":[{\"@type\":\"SearchAction\",\"target\":{\"@type\":\"EntryPoint\",\"urlTemplate\":\"https:\\\/\\\/www.miamibeachfl.gov\\\/?s={search_term_string}\"},\"query-input\":{\"@type\":\"PropertyValueSpecification\",\"valueRequired\":true,\"valueName\":\"search_term_string\"}}],\"inLanguage\":\"ht\"},{\"@type\":\"Organization\",\"@id\":\"https:\\\/\\\/www.miamibeachfl.gov\\\/#organization\",\"name\":\"City of Miami Beach\",\"url\":\"https:\\\/\\\/www.miamibeachfl.gov\\\/\",\"logo\":{\"@type\":\"ImageObject\",\"inLanguage\":\"ht\",\"@id\":\"https:\\\/\\\/www.miamibeachfl.gov\\\/#\\\/schema\\\/logo\\\/image\\\/\",\"url\":\"https:\\\/\\\/www.miamibeachfl.gov\\\/wp-content\\\/uploads\\\/2022\\\/06\\\/miamibeach-logoblue.png\",\"contentUrl\":\"https:\\\/\\\/www.miamibeachfl.gov\\\/wp-content\\\/uploads\\\/2022\\\/06\\\/miamibeach-logoblue.png\",\"width\":1962,\"height\":381,\"caption\":\"City of Miami Beach\"},\"image\":{\"@id\":\"https:\\\/\\\/www.miamibeachfl.gov\\\/#\\\/schema\\\/logo\\\/image\\\/\"},\"sameAs\":[\"https:\\\/\\\/www.facebook.com\\\/cityofmiamibeach\",\"https:\\\/\\\/x.com\\\/Miamibeachnews\",\"https:\\\/\\\/www.instagram.com\\\/miamibeachnews\\\/\"],\"description\":\"The official website of the City of Miami Beach. Stay informed, find important information on city services, news, alerts, events, trolley routes, government employment and more.\",\"telephone\":\"305.604.CITY(2489)\",\"legalName\":\"City of Miami Beach\"}]}<\/script>\n<!-- \/ Yoast SEO Premium plugin. -->","yoast_head_json":{"title":"Depatman Transp\u00f2 - Vil Miami Beach","description":"W\u00f2l Depatman Transp\u00f2 a se asire mouvman moun ak machandiz an sekirite, an sekirite, epi efikas nan yon sist\u00e8m transp\u00f2 ki bay mobilite, bon jan kalite lavi, ak aksesibilite, epi ki ankouraje l\u00f2t m\u00f2d transp\u00f2, tout pandan y ap asire dirabilite anviw\u00f2nman ak ekonomik, epi amelyore kalite lavi pou tout moun ki rete, ki travay, epi ki jwe nan kominote istorik, twopikal ak vibran nou an.","robots":{"index":"index","follow":"follow","max-snippet":"max-snippet:-1","max-image-preview":"max-image-preview:large","max-video-preview":"max-video-preview:-1"},"canonical":"https:\/\/www.miamibeachfl.gov\/ht\/egovapp\/city-hall\/transportationdepartment\/","og_locale":"ht_HT","og_type":"article","og_title":"Transportation Department","og_description":"The Transportation Department's role is to ensure the safe, secure, and efficient movement of people and goods in a transportation system that provides mobility, livability, and accessibility, and promotes alternative modes of travel, while ensuring environmental and economic sustainability, and improving the quality of life for all who live, work, and play in our vibrant, tropical, historical community.","og_url":"https:\/\/www.miamibeachfl.gov\/ht\/egovapp\/city-hall\/transportationdepartment\/","og_site_name":"City of Miami Beach","article_publisher":"https:\/\/www.facebook.com\/cityofmiamibeach","article_modified_time":"2025-06-07T20:17:24+00:00","og_image":[{"width":1000,"height":1000,"url":"https:\/\/www.miamibeachfl.gov\/wp-content\/uploads\/2024\/01\/1000pxSquare-miamibeach-aerial-southpointview.jpeg","type":"image\/jpeg"}],"twitter_card":"summary_large_image","twitter_site":"@Miamibeachnews","schema":{"@context":"https:\/\/schema.org","@graph":[{"@type":"WebPage","@id":"https:\/\/www.miamibeachfl.gov\/egovapp\/city-hall\/transportationdepartment\/","url":"https:\/\/www.miamibeachfl.gov\/egovapp\/city-hall\/transportationdepartment\/","name":"Depatman Transp\u00f2 - Vil Miami Beach","isPartOf":{"@id":"https:\/\/www.miamibeachfl.gov\/#website"},"datePublished":"2023-07-20T22:38:50+00:00","dateModified":"2025-06-07T20:17:24+00:00","description":"W\u00f2l Depatman Transp\u00f2 a se asire mouvman moun ak machandiz an sekirite, an sekirite, epi efikas nan yon sist\u00e8m transp\u00f2 ki bay mobilite, bon jan kalite lavi, ak aksesibilite, epi ki ankouraje l\u00f2t m\u00f2d transp\u00f2, tout pandan y ap asire dirabilite anviw\u00f2nman ak ekonomik, epi amelyore kalite lavi pou tout moun ki rete, ki travay, epi ki jwe nan kominote istorik, twopikal ak vibran nou an.","breadcrumb":{"@id":"https:\/\/www.miamibeachfl.gov\/egovapp\/city-hall\/transportationdepartment\/#breadcrumb"},"inLanguage":"ht","potentialAction":[{"@type":"ReadAction","target":["https:\/\/www.miamibeachfl.gov\/egovapp\/city-hall\/transportationdepartment\/"]}]},{"@type":"BreadcrumbList","@id":"https:\/\/www.miamibeachfl.gov\/egovapp\/city-hall\/transportationdepartment\/#breadcrumb","itemListElement":[{"@type":"ListItem","position":1,"name":"Home","item":"https:\/\/www.miamibeachfl.gov\/"},{"@type":"ListItem","position":2,"name":"MobileAppPages","item":"https:\/\/www.miamibeachfl.gov\/egovapp\/"},{"@type":"ListItem","position":3,"name":"City Hall Department Directory","item":"https:\/\/www.miamibeachfl.gov\/egovapp\/city-hall\/"},{"@type":"ListItem","position":4,"name":"Transportation Department"}]},{"@type":"WebSite","@id":"https:\/\/www.miamibeachfl.gov\/#website","url":"https:\/\/www.miamibeachfl.gov\/","name":"Vil Miami Beach","description":"Sitw\u00e8b ofisy\u00e8l Vil Miami Beach la. Rete enf\u00f2me, jwenn enf\u00f2masyon enp\u00f2tan sou s\u00e8vis vil la, nouv\u00e8l, al\u00e8t, ev\u00e8nman, wout tramway, travay gouv\u00e8nman an ak plis ank\u00f2.","publisher":{"@id":"https:\/\/www.miamibeachfl.gov\/#organization"},"potentialAction":[{"@type":"SearchAction","target":{"@type":"EntryPoint","urlTemplate":"https:\/\/www.miamibeachfl.gov\/?s={search_term_string}"},"query-input":{"@type":"PropertyValueSpecification","valueRequired":true,"valueName":"search_term_string"}}],"inLanguage":"ht"},{"@type":"Organization","@id":"https:\/\/www.miamibeachfl.gov\/#organization","name":"Vil Miami Beach","url":"https:\/\/www.miamibeachfl.gov\/","logo":{"@type":"ImageObject","inLanguage":"ht","@id":"https:\/\/www.miamibeachfl.gov\/#\/schema\/logo\/image\/","url":"https:\/\/www.miamibeachfl.gov\/wp-content\/uploads\/2022\/06\/miamibeach-logoblue.png","contentUrl":"https:\/\/www.miamibeachfl.gov\/wp-content\/uploads\/2022\/06\/miamibeach-logoblue.png","width":1962,"height":381,"caption":"City of Miami Beach"},"image":{"@id":"https:\/\/www.miamibeachfl.gov\/#\/schema\/logo\/image\/"},"sameAs":["https:\/\/www.facebook.com\/cityofmiamibeach","https:\/\/x.com\/Miamibeachnews","https:\/\/www.instagram.com\/miamibeachnews\/"],"description":"Sitw\u00e8b ofisy\u00e8l Vil Miami Beach la. Rete enf\u00f2me, jwenn enf\u00f2masyon enp\u00f2tan sou s\u00e8vis vil la, nouv\u00e8l, al\u00e8t, ev\u00e8nman, wout tramway, travay gouv\u00e8nman an ak plis ank\u00f2.","telephone":"305.604.CITY(2489)","legalName":"City of Miami Beach"}]}},"_links":{"self":[{"href":"https:\/\/www.miamibeachfl.gov\/ht\/wp-json\/wp\/v2\/pages\/265693","targetHints":{"allow":["GET"]}}],"collection":[{"href":"https:\/\/www.miamibeachfl.gov\/ht\/wp-json\/wp\/v2\/pages"}],"about":[{"href":"https:\/\/www.miamibeachfl.gov\/ht\/wp-json\/wp\/v2\/types\/page"}],"author":[{"embeddable":true,"href":"https:\/\/www.miamibeachfl.gov\/ht\/wp-json\/wp\/v2\/users\/222"}],"replies":[{"embeddable":true,"href":"https:\/\/www.miamibeachfl.gov\/ht\/wp-json\/wp\/v2\/comments?post=265693"}],"version-history":[{"count":1,"href":"https:\/\/www.miamibeachfl.gov\/ht\/wp-json\/wp\/v2\/pages\/265693\/revisions"}],"predecessor-version":[{"id":375844,"href":"https:\/\/www.miamibeachfl.gov\/ht\/wp-json\/wp\/v2\/pages\/265693\/revisions\/375844"}],"up":[{"embeddable":true,"href":"https:\/\/www.miamibeachfl.gov\/ht\/wp-json\/wp\/v2\/pages\/265532"}],"wp:attachment":[{"href":"https:\/\/www.miamibeachfl.gov\/ht\/wp-json\/wp\/v2\/media?parent=265693"}],"wp:term":[{"taxonomy":"category","embeddable":true,"href":"https:\/\/www.miamibeachfl.gov\/ht\/wp-json\/wp\/v2\/categories?post=265693"},{"taxonomy":"post_tag","embeddable":true,"href":"https:\/\/www.miamibeachfl.gov\/ht\/wp-json\/wp\/v2\/tags?post=265693"}],"curies":[{"name":"wp","href":"https:\/\/api.w.org\/{rel}","templated":true}]}}