{"id":265696,"date":"2023-07-20T18:44:52","date_gmt":"2023-07-20T22:44:52","guid":{"rendered":"https:\/\/www.miamibeachfl.gov\/?page_id=265696"},"modified":"2025-06-07T16:15:56","modified_gmt":"2025-06-07T20:15:56","slug":"tourismdepartment","status":"publish","type":"page","link":"https:\/\/www.miamibeachfl.gov\/ht\/egovapp\/city-hall\/tourismdepartment\/","title":{"rendered":"Touris ak Kilti"},"content":{"rendered":"<a href=\"https:\/\/www.miamibeachfl.gov\/ht\/egovapp\/city-hall\/\" target=\"_self\">\n\t\t\t\t\t\tRetounen nan Any\u00e8 Depatman an\n\t\t\t\t\t<\/a>\n<h1>\n\t\t\tTouris ak Kilti\t<\/h1>\n\t<ul>\n\t\t<li><a href=\"tel:3056737577\" target=\"_self\"  aria-label=\"Ale nan nimewo telef\u00f2n sa a: 3056737577\">\t\t\t\t\n\t\t<h3>305.673.7577<\/h3><\/a><\/li><li>\t\t\t\t\n\t\t<h3>Or\u00e8 Biwo:<\/h3><p>Lendi \u2013 Vandredi: 9AM \u2013 5PM<\/p><\/li><li><a href=\"https:\/\/goo.gl\/maps\/XkFo3fw719Ei8VZ78\" target=\"_blank\" rel=\"noopener\" aria-label=\"Ale sou https:\/\/goo.gl\/maps\/XkFo3fw719Ei8VZ78\">\t\t\t\t\n\t\t<h3>Biwo Prensipal:<\/h3><p>1755 Avni Meridyen<br \/>Swit 500, 3y\u00e8m etaj<br \/>Miami Beach, Florid 33139<\/p><\/a><\/li>\t<\/ul>\n\t\t\t<a href=\"\/ht\/egovapp\/arts-and-culture\/\" target=\"_self\">\n\t\t\t\t\t\t\tAtizay ak Kilti\n\t\t\t<\/a>\n<h2>\n\t\t\tKont\u00e8ks:\t<\/h2>\n\t<p>TCD devlope epi soutni pwogram ak inisyativ kalite sipery\u00e8 pou sip\u00f2te ekonomi touris Vil la, tankou angajman ak patenarya enp\u00f2tan av\u00e8k endistri kle yo, espesyalman Ospitalite, ak ef\u00f2 kolaborasyon av\u00e8k moun ki gen enter\u00e8 lokal ak rejyonal yo. Depatman an jere tou sip\u00e8vizyon administratif, pwomosyon, ak rez\u00e8vasyon Sant Konvansyon Miami Beach (MBCC), youn nan prensipal mot\u00e8 revni Vil la.<\/p>\n<p>Pou sip\u00f2te ef\u00f2 sa yo, TCD asosye av\u00e8k \u00f2ganizasyon touris ak maketing, tankou Miami Beach Visitor and Convention Authority (VCA) ak Greater Miami Convention and Visitors Bureau (GMCVB), pou vann ak pwomouvwa Vil Miami Beach k\u00f2m yon destinasyon klas mondyal.<\/p>\n<p>Vil Miami Beach la evolye k\u00f2m yon destinasyon touristik ent\u00e8nasyonal ak yon kominote rezidansy\u00e8l ki gen bon kalite. Objektif jeneral Vil la se atire ev\u00e8nman ki gen bon kalite ki benefisye Vil la, rezidan li yo, vizit\u00e8 yo ak biznis yo yon fason mezirab. Antanke yon kominote plaj pw\u00f2p ki gen s\u00e8t mil long\u00e8, Vil la vin tounen yon gwo plas pou ev\u00e8nman espesyal, sa ki kreye yon demann enp\u00f2tan sou s\u00e8vis ak resous Vil la, epi li se yon kote biznis atiran. Siks\u00e8 sa a prezante defi pou balanse kalite lavi rezidansy\u00e8l la ak bezwen endistri touris la ak ekonomi kreyatif la. Kreye yon balans ant aktivasyon gwo ev\u00e8nman yo ak rezidan ak resous Vil la se yon gwo konsantrasyon pou Depatman an. Depatman an te oblije reimajine misyon li anv\u00e8 kominote a an repons a pandemi COVID-19 la. Antanke lyezon ak endistri Ospitalite, kiltir\u00e8l, ev\u00e8nman ak sinema Miami Beach yo, TCD te konsantre sou vin sous prensipal enf\u00f2masyon sou repons ak rekiperasyon COVID-19 Miami Beach pou kominote sa yo. Anplis de sa, TCD, an kolaborasyon ak depatman Vil la, kontinye kenbe yon w\u00f2l regilasyon nan sip\u00e8vize itilizasyon espas piblik yo.<\/p>\n<p>Pou reyalize misyon TCD a, Depatman an kreye twa dom\u00e8n atansyon endividy\u00e8l pou adrese kominote kiltir\u00e8l ak biznis Miami Beach ki rich e div\u00e8s. Inite sa yo bay sip\u00f2 dirab pou rezidan yo, biznis yo ak vizit\u00e8 yo pou ankouraje yon klima kiltir\u00e8l solid epi fasilite devlopman yon ekonomi ki an sante pou rezidan yo, biznis yo ak touris yo ka pwospere, angaje yo, inove epi grandi.<\/p>\n<p>Af\u00e8 Kiltir\u00e8l<\/p>\n<p>Pwodiksyon fim ak ev\u00e8nman espesyal<\/p>\n<p>Sant Konvansyon Miami Beach<\/p>","protected":false},"excerpt":{"rendered":"<p>Back to Department Directory Tourism &#038; Culture 305.673.7577 Office Hours: Monday &#8211; Friday: 9AM &#8211; 5PM Main Office: 1755 Meridian [&hellip;]<\/p>\n","protected":false},"author":222,"featured_media":0,"parent":265532,"menu_order":0,"comment_status":"closed","ping_status":"closed","template":"","meta":{"_searchwp_excluded":"1","site-sidebar-layout":"default","site-content-layout":"","ast-site-content-layout":"","site-content-style":"default","site-sidebar-style":"default","ast-global-header-display":"disabled","ast-banner-title-visibility":"","ast-main-header-display":"","ast-hfb-above-header-display":"","ast-hfb-below-header-display":"","ast-hfb-mobile-header-display":"","site-post-title":"","ast-breadcrumbs-content":"","ast-featured-img":"","footer-sml-layout":"disabled","ast-disable-related-posts":"","theme-transparent-header-meta":"","adv-header-id-meta":"","stick-header-meta":"","header-above-stick-meta":"","header-main-stick-meta":"","header-below-stick-meta":"","astra-migrate-meta-layouts":"default","ast-page-background-enabled":"default","ast-page-background-meta":{"desktop":{"background-color":"var(--ast-global-color-5)","background-image":"","background-repeat":"repeat","background-position":"center center","background-size":"auto","background-attachment":"scroll","background-type":"","background-media":"","overlay-type":"","overlay-color":"","overlay-opacity":"","overlay-gradient":""},"tablet":{"background-color":"","background-image":"","background-repeat":"repeat","background-position":"center center","background-size":"auto","background-attachment":"scroll","background-type":"","background-media":"","overlay-type":"","overlay-color":"","overlay-opacity":"","overlay-gradient":""},"mobile":{"background-color":"","background-image":"","background-repeat":"repeat","background-position":"center center","background-size":"auto","background-attachment":"scroll","background-type":"","background-media":"","overlay-type":"","overlay-color":"","overlay-opacity":"","overlay-gradient":""}},"ast-content-background-meta":{"desktop":{"background-color":"var(--ast-global-color-4)","background-image":"","background-repeat":"repeat","background-position":"center center","background-size":"auto","background-attachment":"scroll","background-type":"","background-media":"","overlay-type":"","overlay-color":"","overlay-opacity":"","overlay-gradient":""},"tablet":{"background-color":"var(--ast-global-color-4)","background-image":"","background-repeat":"repeat","background-position":"center center","background-size":"auto","background-attachment":"scroll","background-type":"","background-media":"","overlay-type":"","overlay-color":"","overlay-opacity":"","overlay-gradient":""},"mobile":{"background-color":"var(--ast-global-color-4)","background-image":"","background-repeat":"repeat","background-position":"center center","background-size":"auto","background-attachment":"scroll","background-type":"","background-media":"","overlay-type":"","overlay-color":"","overlay-opacity":"","overlay-gradient":""}},"footnotes":""},"categories":[],"tags":[1002,1000],"class_list":["post-265696","page","type-page","status-publish","hentry","tag-app-egov-page","tag-cityhall-egovapp"],"yoast_head":"<!-- This site is optimized with the Yoast SEO Premium plugin v27.4 (Yoast SEO v27.4) - https:\/\/yoast.com\/product\/yoast-seo-premium-wordpress\/ -->\n<title>Tourism and Culture - City of Miami Beach<\/title>\n<meta name=\"description\" content=\"This Tourism and Culture Department supports, maintains and develops quality programs which enhance the City\u2019s cultural institutions and infrastructure, as well as the City\u2019s cultural and tourist industries, while striving to provide year-round events, concerts, movies in the park, and theatre productions that enhance both the visitor\u2019s experience and the quality of life of our residents\" \/>\n<meta name=\"robots\" content=\"index, follow, max-snippet:-1, max-image-preview:large, max-video-preview:-1\" \/>\n<link rel=\"canonical\" href=\"https:\/\/www.miamibeachfl.gov\/ht\/egovapp\/city-hall\/tourismdepartment\/\" \/>\n<meta property=\"og:locale\" content=\"ht_HT\" \/>\n<meta property=\"og:type\" content=\"article\" \/>\n<meta property=\"og:title\" content=\"Tourism and Culture\" \/>\n<meta property=\"og:description\" content=\"This Tourism and Culture Department supports, maintains and develops quality programs which enhance the City\u2019s cultural institutions and infrastructure, as well as the City\u2019s cultural and tourist industries, while striving to provide year-round events, concerts, movies in the park, and theatre productions that enhance both the visitor\u2019s experience and the quality of life of our residents\" \/>\n<meta property=\"og:url\" content=\"https:\/\/www.miamibeachfl.gov\/ht\/egovapp\/city-hall\/tourismdepartment\/\" \/>\n<meta property=\"og:site_name\" content=\"City of Miami Beach\" \/>\n<meta property=\"article:publisher\" content=\"https:\/\/www.facebook.com\/cityofmiamibeach\" \/>\n<meta property=\"article:modified_time\" content=\"2025-06-07T20:15:56+00:00\" \/>\n<meta property=\"og:image\" content=\"https:\/\/www.miamibeachfl.gov\/wp-content\/uploads\/2024\/01\/1000pxSquare-miamibeach-aerial-southpointview.jpeg\" \/>\n\t<meta property=\"og:image:width\" content=\"1000\" \/>\n\t<meta property=\"og:image:height\" content=\"1000\" \/>\n\t<meta property=\"og:image:type\" content=\"image\/jpeg\" \/>\n<meta name=\"twitter:card\" content=\"summary_large_image\" \/>\n<meta name=\"twitter:site\" content=\"@Miamibeachnews\" \/>\n<script type=\"application\/ld+json\" class=\"yoast-schema-graph\">{\"@context\":\"https:\\\/\\\/schema.org\",\"@graph\":[{\"@type\":\"WebPage\",\"@id\":\"https:\\\/\\\/www.miamibeachfl.gov\\\/egovapp\\\/city-hall\\\/tourismdepartment\\\/\",\"url\":\"https:\\\/\\\/www.miamibeachfl.gov\\\/egovapp\\\/city-hall\\\/tourismdepartment\\\/\",\"name\":\"Tourism and Culture - City of Miami Beach\",\"isPartOf\":{\"@id\":\"https:\\\/\\\/www.miamibeachfl.gov\\\/#website\"},\"datePublished\":\"2023-07-20T22:44:52+00:00\",\"dateModified\":\"2025-06-07T20:15:56+00:00\",\"description\":\"This Tourism and Culture Department supports, maintains and develops quality programs which enhance the City\u2019s cultural institutions and infrastructure, as well as the City\u2019s cultural and tourist industries, while striving to provide year-round events, concerts, movies in the park, and theatre productions that enhance both the visitor\u2019s experience and the quality of life of our residents\",\"breadcrumb\":{\"@id\":\"https:\\\/\\\/www.miamibeachfl.gov\\\/egovapp\\\/city-hall\\\/tourismdepartment\\\/#breadcrumb\"},\"inLanguage\":\"ht\",\"potentialAction\":[{\"@type\":\"ReadAction\",\"target\":[\"https:\\\/\\\/www.miamibeachfl.gov\\\/egovapp\\\/city-hall\\\/tourismdepartment\\\/\"]}]},{\"@type\":\"BreadcrumbList\",\"@id\":\"https:\\\/\\\/www.miamibeachfl.gov\\\/egovapp\\\/city-hall\\\/tourismdepartment\\\/#breadcrumb\",\"itemListElement\":[{\"@type\":\"ListItem\",\"position\":1,\"name\":\"Home\",\"item\":\"https:\\\/\\\/www.miamibeachfl.gov\\\/\"},{\"@type\":\"ListItem\",\"position\":2,\"name\":\"MobileAppPages\",\"item\":\"https:\\\/\\\/www.miamibeachfl.gov\\\/egovapp\\\/\"},{\"@type\":\"ListItem\",\"position\":3,\"name\":\"City Hall Department Directory\",\"item\":\"https:\\\/\\\/www.miamibeachfl.gov\\\/egovapp\\\/city-hall\\\/\"},{\"@type\":\"ListItem\",\"position\":4,\"name\":\"Tourism and Culture\"}]},{\"@type\":\"WebSite\",\"@id\":\"https:\\\/\\\/www.miamibeachfl.gov\\\/#website\",\"url\":\"https:\\\/\\\/www.miamibeachfl.gov\\\/\",\"name\":\"City of Miami Beach\",\"description\":\"The official website of the City of Miami Beach. Stay informed, find important information on city services, news, alerts, events, trolley routes, government employment and more.\",\"publisher\":{\"@id\":\"https:\\\/\\\/www.miamibeachfl.gov\\\/#organization\"},\"potentialAction\":[{\"@type\":\"SearchAction\",\"target\":{\"@type\":\"EntryPoint\",\"urlTemplate\":\"https:\\\/\\\/www.miamibeachfl.gov\\\/?s={search_term_string}\"},\"query-input\":{\"@type\":\"PropertyValueSpecification\",\"valueRequired\":true,\"valueName\":\"search_term_string\"}}],\"inLanguage\":\"ht\"},{\"@type\":\"Organization\",\"@id\":\"https:\\\/\\\/www.miamibeachfl.gov\\\/#organization\",\"name\":\"City of Miami Beach\",\"url\":\"https:\\\/\\\/www.miamibeachfl.gov\\\/\",\"logo\":{\"@type\":\"ImageObject\",\"inLanguage\":\"ht\",\"@id\":\"https:\\\/\\\/www.miamibeachfl.gov\\\/#\\\/schema\\\/logo\\\/image\\\/\",\"url\":\"https:\\\/\\\/www.miamibeachfl.gov\\\/wp-content\\\/uploads\\\/2022\\\/06\\\/miamibeach-logoblue.png\",\"contentUrl\":\"https:\\\/\\\/www.miamibeachfl.gov\\\/wp-content\\\/uploads\\\/2022\\\/06\\\/miamibeach-logoblue.png\",\"width\":1962,\"height\":381,\"caption\":\"City of Miami Beach\"},\"image\":{\"@id\":\"https:\\\/\\\/www.miamibeachfl.gov\\\/#\\\/schema\\\/logo\\\/image\\\/\"},\"sameAs\":[\"https:\\\/\\\/www.facebook.com\\\/cityofmiamibeach\",\"https:\\\/\\\/x.com\\\/Miamibeachnews\",\"https:\\\/\\\/www.instagram.com\\\/miamibeachnews\\\/\"],\"description\":\"The official website of the City of Miami Beach. Stay informed, find important information on city services, news, alerts, events, trolley routes, government employment and more.\",\"telephone\":\"305.604.CITY(2489)\",\"legalName\":\"City of Miami Beach\"}]}<\/script>\n<!-- \/ Yoast SEO Premium plugin. -->","yoast_head_json":{"title":"Touris ak Kilti - Vil Miami Beach","description":"Depatman Touris ak Kilti sa a sip\u00f2te, kenbe epi devlope pwogram kalite sipery\u00e8 ki amelyore enstitisyon ak enfrastrikti kiltir\u00e8l Vil la, ansanm ak endistri kiltir\u00e8l ak touristik Vil la, tout pandan y ap f\u00e8 ef\u00f2 pou bay ev\u00e8nman pandan tout ane a, kons\u00e8, fim nan pak la, ak pwodiksyon teyat ki amelyore tou de eksperyans vizit\u00e8 yo ak kalite lavi rezidan nou yo.","robots":{"index":"index","follow":"follow","max-snippet":"max-snippet:-1","max-image-preview":"max-image-preview:large","max-video-preview":"max-video-preview:-1"},"canonical":"https:\/\/www.miamibeachfl.gov\/ht\/egovapp\/city-hall\/tourismdepartment\/","og_locale":"ht_HT","og_type":"article","og_title":"Tourism and Culture","og_description":"This Tourism and Culture Department supports, maintains and develops quality programs which enhance the City\u2019s cultural institutions and infrastructure, as well as the City\u2019s cultural and tourist industries, while striving to provide year-round events, concerts, movies in the park, and theatre productions that enhance both the visitor\u2019s experience and the quality of life of our residents","og_url":"https:\/\/www.miamibeachfl.gov\/ht\/egovapp\/city-hall\/tourismdepartment\/","og_site_name":"City of Miami Beach","article_publisher":"https:\/\/www.facebook.com\/cityofmiamibeach","article_modified_time":"2025-06-07T20:15:56+00:00","og_image":[{"width":1000,"height":1000,"url":"https:\/\/www.miamibeachfl.gov\/wp-content\/uploads\/2024\/01\/1000pxSquare-miamibeach-aerial-southpointview.jpeg","type":"image\/jpeg"}],"twitter_card":"summary_large_image","twitter_site":"@Miamibeachnews","schema":{"@context":"https:\/\/schema.org","@graph":[{"@type":"WebPage","@id":"https:\/\/www.miamibeachfl.gov\/egovapp\/city-hall\/tourismdepartment\/","url":"https:\/\/www.miamibeachfl.gov\/egovapp\/city-hall\/tourismdepartment\/","name":"Touris ak Kilti - Vil Miami Beach","isPartOf":{"@id":"https:\/\/www.miamibeachfl.gov\/#website"},"datePublished":"2023-07-20T22:44:52+00:00","dateModified":"2025-06-07T20:15:56+00:00","description":"Depatman Touris ak Kilti sa a sip\u00f2te, kenbe epi devlope pwogram kalite sipery\u00e8 ki amelyore enstitisyon ak enfrastrikti kiltir\u00e8l Vil la, ansanm ak endistri kiltir\u00e8l ak touristik Vil la, tout pandan y ap f\u00e8 ef\u00f2 pou bay ev\u00e8nman pandan tout ane a, kons\u00e8, fim nan pak la, ak pwodiksyon teyat ki amelyore tou de eksperyans vizit\u00e8 yo ak kalite lavi rezidan nou yo.","breadcrumb":{"@id":"https:\/\/www.miamibeachfl.gov\/egovapp\/city-hall\/tourismdepartment\/#breadcrumb"},"inLanguage":"ht","potentialAction":[{"@type":"ReadAction","target":["https:\/\/www.miamibeachfl.gov\/egovapp\/city-hall\/tourismdepartment\/"]}]},{"@type":"BreadcrumbList","@id":"https:\/\/www.miamibeachfl.gov\/egovapp\/city-hall\/tourismdepartment\/#breadcrumb","itemListElement":[{"@type":"ListItem","position":1,"name":"Home","item":"https:\/\/www.miamibeachfl.gov\/"},{"@type":"ListItem","position":2,"name":"MobileAppPages","item":"https:\/\/www.miamibeachfl.gov\/egovapp\/"},{"@type":"ListItem","position":3,"name":"City Hall Department Directory","item":"https:\/\/www.miamibeachfl.gov\/egovapp\/city-hall\/"},{"@type":"ListItem","position":4,"name":"Tourism and Culture"}]},{"@type":"WebSite","@id":"https:\/\/www.miamibeachfl.gov\/#website","url":"https:\/\/www.miamibeachfl.gov\/","name":"Vil Miami Beach","description":"Sitw\u00e8b ofisy\u00e8l Vil Miami Beach la. Rete enf\u00f2me, jwenn enf\u00f2masyon enp\u00f2tan sou s\u00e8vis vil la, nouv\u00e8l, al\u00e8t, ev\u00e8nman, wout tramway, travay gouv\u00e8nman an ak plis ank\u00f2.","publisher":{"@id":"https:\/\/www.miamibeachfl.gov\/#organization"},"potentialAction":[{"@type":"SearchAction","target":{"@type":"EntryPoint","urlTemplate":"https:\/\/www.miamibeachfl.gov\/?s={search_term_string}"},"query-input":{"@type":"PropertyValueSpecification","valueRequired":true,"valueName":"search_term_string"}}],"inLanguage":"ht"},{"@type":"Organization","@id":"https:\/\/www.miamibeachfl.gov\/#organization","name":"Vil Miami Beach","url":"https:\/\/www.miamibeachfl.gov\/","logo":{"@type":"ImageObject","inLanguage":"ht","@id":"https:\/\/www.miamibeachfl.gov\/#\/schema\/logo\/image\/","url":"https:\/\/www.miamibeachfl.gov\/wp-content\/uploads\/2022\/06\/miamibeach-logoblue.png","contentUrl":"https:\/\/www.miamibeachfl.gov\/wp-content\/uploads\/2022\/06\/miamibeach-logoblue.png","width":1962,"height":381,"caption":"City of Miami Beach"},"image":{"@id":"https:\/\/www.miamibeachfl.gov\/#\/schema\/logo\/image\/"},"sameAs":["https:\/\/www.facebook.com\/cityofmiamibeach","https:\/\/x.com\/Miamibeachnews","https:\/\/www.instagram.com\/miamibeachnews\/"],"description":"Sitw\u00e8b ofisy\u00e8l Vil Miami Beach la. Rete enf\u00f2me, jwenn enf\u00f2masyon enp\u00f2tan sou s\u00e8vis vil la, nouv\u00e8l, al\u00e8t, ev\u00e8nman, wout tramway, travay gouv\u00e8nman an ak plis ank\u00f2.","telephone":"305.604.CITY(2489)","legalName":"City of Miami Beach"}]}},"_links":{"self":[{"href":"https:\/\/www.miamibeachfl.gov\/ht\/wp-json\/wp\/v2\/pages\/265696","targetHints":{"allow":["GET"]}}],"collection":[{"href":"https:\/\/www.miamibeachfl.gov\/ht\/wp-json\/wp\/v2\/pages"}],"about":[{"href":"https:\/\/www.miamibeachfl.gov\/ht\/wp-json\/wp\/v2\/types\/page"}],"author":[{"embeddable":true,"href":"https:\/\/www.miamibeachfl.gov\/ht\/wp-json\/wp\/v2\/users\/222"}],"replies":[{"embeddable":true,"href":"https:\/\/www.miamibeachfl.gov\/ht\/wp-json\/wp\/v2\/comments?post=265696"}],"version-history":[{"count":1,"href":"https:\/\/www.miamibeachfl.gov\/ht\/wp-json\/wp\/v2\/pages\/265696\/revisions"}],"predecessor-version":[{"id":375842,"href":"https:\/\/www.miamibeachfl.gov\/ht\/wp-json\/wp\/v2\/pages\/265696\/revisions\/375842"}],"up":[{"embeddable":true,"href":"https:\/\/www.miamibeachfl.gov\/ht\/wp-json\/wp\/v2\/pages\/265532"}],"wp:attachment":[{"href":"https:\/\/www.miamibeachfl.gov\/ht\/wp-json\/wp\/v2\/media?parent=265696"}],"wp:term":[{"taxonomy":"category","embeddable":true,"href":"https:\/\/www.miamibeachfl.gov\/ht\/wp-json\/wp\/v2\/categories?post=265696"},{"taxonomy":"post_tag","embeddable":true,"href":"https:\/\/www.miamibeachfl.gov\/ht\/wp-json\/wp\/v2\/tags?post=265696"}],"curies":[{"name":"wp","href":"https:\/\/api.w.org\/{rel}","templated":true}]}}