{"id":265704,"date":"2023-07-20T20:53:21","date_gmt":"2023-07-21T00:53:21","guid":{"rendered":"https:\/\/www.miamibeachfl.gov\/?page_id=265704"},"modified":"2025-05-29T22:28:27","modified_gmt":"2025-05-30T02:28:27","slug":"boil-water-notice","status":"publish","type":"page","link":"https:\/\/www.miamibeachfl.gov\/ht\/boil-water-notice\/","title":{"rendered":"Avi pou bouyi dlo"},"content":{"rendered":"<h1>\n\t\t\tAvi prekosyon pou bouyi dlo\t<\/h1>\n<h2>\n\t\t\t14 Desanm 2024\t<\/h2>\n\t<ul>\n\t\t\t<li>\n\t\t\t<h4>\n\t\t\t\t<a href=\"https:\/\/myemail.constantcontact.com\/Precautionary-Boil-Water-Notice-in-Effect-for-Portions-of-Flamingo-Park-Neighborhood-.html?soid=1011085968389&#038;aid=o8VS4F-3Ss0\" target=\"_blank\" rel=\"noopener\" data-hover=\"Email Notification\" aria-label=\"Notifikasyon pa Im\u00e8l\">Notifikasyon pa Im\u00e8l<\/a>\n\t\t\t<\/h4>\n\t\t<\/li>\n\t\t\t\t<\/ul>\n\t\t\t\t\t\t<h3>Ki bon fason pou dezenfekte dlo mwen an pou l ka bon pou bw\u00e8?<\/h3>\n\t\t\t<p>Pou sekirite, ou ka dezenfekte dlo tiyo a l\u00e8 w s\u00e8vi ak pwosedi ki anba yo. Pa konte sou met\u00f2d ki pa verifye pou dezenfekte dlo. Si dlo a twoub, kite l repoze epi filtre l nan yon twal pw\u00f2p, yon s\u00e8vy\u00e8t papye oswa yon filt\u00e8 kafe. Sa ap ede pwosesis dezenfeksyon an. Si ou gen dlo anplis, mete l nan resipyan ki te dezenfekte (gade enf\u00f2masyon ki anba a sou dezenfeksyon dlo).<\/p>\n<p>Met\u00f2d ki pi pito pou dezenfekte dlo a se pou\u00a0<u>Bouyi dlo<\/u>.<\/p>\n<ul>\n<li>Kite dlo a bouyi byen f\u00f2 pou omwen yon minit pou touye bakteri ak parazit danjere yo.<\/li>\n<li>Pou amelyore gou plat dlo bouyi a, ajoute yon zongle s\u00e8l (selon kondisyon sante w) nan chak ka oswa lit dlo, oubyen vide dlo a soti nan yon veso pw\u00f2p nan yon l\u00f2t veso pw\u00f2p plizy\u00e8 fwa.<\/li>\n<\/ul>\n<p>Si ou pa ka bouyi l, s\u00e8vi ak\u00a0<u>Klow\u00f2ks pou Kay<\/u>.<\/p>\n<ul>\n<li>Ajoute uit gout klow\u00f2ks san od\u00e8 (kat a sis pousan), ki se apepr\u00e8 1\/8 ti kiy\u00e8 oswa yon ti flak dlo gwos\u00e8 yon py\u00e8s dis santim, pou chak galon dlo.<\/li>\n<\/ul>\n<p>o Pa s\u00e8vi ak klow\u00f2ks ki pa domaje koul\u00e8 oubyen klow\u00f2ks ki gen pwodui netwayaj ajoute.<\/p>\n<ul>\n<li>Si w itilize yon klow\u00f2ks ki gen plis f\u00f2s (jiska 8.25 pousan f\u00f2s), ajoute s\u00e8lman sis gout klow\u00f2ks.<\/li>\n<li>Melanje solisyon an epi kite l repoze pandan 30 minit.<\/li>\n<li>Si dlo a vin twoub apre 30 minit, repete pwosedi a yon fwa.<\/li>\n<li>Si gou kl\u00f2 a tw\u00f2 f\u00f2, vide dlo a soti nan yon veso pw\u00f2p nan yon l\u00f2t epi kite l repoze pou k\u00e8k \u00e8dtan anvan ou itilize li.<\/li>\n<\/ul>\n<p>Li posib tou pou itilize l\u00f2t\u00a0<u>Met\u00f2d dezenfeksyon<\/u>.<\/p>\n<p><em>N\u00f2t: Swiv enstriksyon ki sou etik\u00e8t pwodwi a paske chak pwodwi ka gen yon f\u00f2s diferan.<\/em><\/p>\n<ul>\n<li>Ou ka ajoute senk gout y\u00f2d (de pousan tentur) nan chak ka oswa lit dlo pou dezenfekte.<\/li>\n<\/ul>\n<p><em><u>N\u00f2t<\/u><\/em><em>: Dapre la\u00a0<\/em><a href=\"https:\/\/gcc02.safelinks.protection.outlook.com\/?url=https%3A%2F%2Fwww.cdc.gov%2Fhealthywater%2Fdrinking%2Ftravel%2Findex.html&amp;data=05%7C01%7COlgaLyons%40miamibeachfl.gov%7C1afd32fcca984104025308db8986b12a%7C551608f948f34871808aa969ec5cf48a%7C0%7C0%7C638254983823306645%7CUnknown%7CTWFpbGZsb3d8eyJWIjoiMC4wLjAwMDAiLCJQIjoiV2luMzIiLCJBTiI6Ik1haWwiLCJXVCI6Mn0%3D%7C3000%7C%7C%7C&amp;sdata=GG4sRkmkH7vAcFSuVNskII1ppz1QiKsWF1MwzpGvaw0%3D&amp;reserved=0\"><em>CDC<\/em><\/a><em>, yo PA rek\u00f2mande dlo ki dezenfekte ak y\u00f2d pou fanm ansent, moun ki gen pwobl\u00e8m tiwoyid, moun ki gen ip\u00e8rsansibilite li te ye a y\u00f2d oswa pou itilizasyon kontiny\u00e8l pandan plis pase k\u00e8k sem\u00e8n alafwa.\u00a0<\/em><\/p>\n<ul>\n<li>Si dlo a twoub oswa li gen koul\u00e8, ajoute 10 gout y\u00f2d.<\/li>\n<li>Brase epi kite dlo a repoze pou omwen 30 minit anvan ou itilize li.<\/li>\n<li>Ou ka itilize tou grenn dezenfeksyon dlo (disponib nan depatman oswa magazen ekipman esp\u00f2tif) ki gen kl\u00f2, y\u00f2d, diyoksid kl\u00f2 oswa l\u00f2t ajan dezenfektan.<\/li>\n<\/ul>\n<p><u>Ou dwe rense resipyan dlo yo av\u00e8k yon solisyon klow\u00f2ks ki gen yon gwo kiy\u00e8 klow\u00f2ks pou chak galon dlo anvan ou itilize yo ank\u00f2.<\/u>.<\/p>\n\t\t\t\t\t\t<h3>Kijan mwen ta dwe lave men m pandan m ap itilize dlo anba yon avi pou bouyi dlo?<\/h3>\n\t\t\t<p>L\u00e8 w ap itilize yon rez\u00e8v dlo piblik, dlo tiyo w la an sekirite pou ijy\u00e8n p\u00e8son\u00e8l debaz, sitou l\u00e8 w lave men w byen f\u00f2 ak savon pandan 20 segonn. Si w ap lave men w pou prepare manje, si sa posib, ou ta dwe itilize savon pou men swa ak dlo nan bout\u00e8y kom\u00e8syal oswa ak dlo tiyo ki byen dezenfekte.<\/p>\n\t\t\t\t\t\t<h3>\u00c8ske dlo ki potansy\u00e8lman kontamine (kote pwobabilite pou Cryptosporidium lan pa siyifikatif) bon pou lave asy\u00e8t oswa rad?<\/h3>\n\t\t\t<p>Wi, dlo a san danje pou itilize si ou tranpe asy\u00e8t lave alamen pandan yon minit nan yon solisyon klow\u00f2ks ki f\u00e8t ak yon gwo kiy\u00e8 klow\u00f2ks pou chak galon dlo apre ou fin lave yo epi rense yo. Kite asy\u00e8t yo seche n\u00e8t nan l\u00e8 a. Pif\u00f2 machin alave yo pa rive nan tanperati ki apwopriye pou dezenfekte asy\u00e8t yo.<\/p>\n<p>Wi, li an sekirite pou lave rad nan dlo tiyo.<\/p>\n\t\t\t\t\t\t<h3>\u00c8ske dlo ki potansy\u00e8lman kontamine a bon pou benyen ak f\u00e8 bab?<\/h3>\n\t\t\t<p>Ou ka itilize dlo a pou douch, benyen, f\u00e8 bab ou epi lave men ou f\u00e8 atansyon pou ou pa vale dlo oswa pou ou pa kite dlo antre nan je ou, nen ou oswa bouch ou. Timoun ak moun andikape yo ta dwe gen sip\u00e8vizyon beny yo pou asire yo pa vale dlo a. Ou ta dwe minimize tan ou pase ap benyen an. Malgre ke risk pou maladi a minim, moun ki gen blesi chirijikal resamman, ki gen sist\u00e8m iminit\u00e8 ki febli oswa ki gen yon maladi kwonik ka vle konsidere itilize dlo nan bout\u00e8y kom\u00e8syal oswa dlo tiyo ki te bouyi epi refwadi pou netwaye jiskaske yo leve avi pou bouyi dlo a.<\/p>\n\t\t\t\t\t\t<h3>Kijan pou m lave fwi ak legim epi f\u00e8 glas?<\/h3>\n\t\t\t<p>Fwi ak legim yo ta dwe lave ak dlo ki bouyi epi ki refwadi, ak dlo nan bout\u00e8y ki disponib nan kom\u00e8s oswa dlo ki byen dezenfekte. (Gade enf\u00f2masyon sou dezenfeksyon an nan kesyon 1 ki anwo a.) Glas la ta dwe f\u00e8t ak dlo bouyi, dlo nan bout\u00e8y ki disponib nan kom\u00e8s oswa dlo dezenfekte.<\/p>\n\t\t\t\t\t\t<h3>E si mwen deja bw\u00e8 dlo ki potansy\u00e8lman kontamine?<\/h3>\n\t\t\t<p>Menm si yon moun te konsome dlo ki potansy\u00e8lman kontamine swa nan yon sist\u00e8m dlo piblik oswa nan yon pi prive, chans pou l tonbe malad la ba. Nenp\u00f2t moun ki gen sent\u00f2m tankou dyare, k\u00e8 plen, vomisman ak kranp nan vant, av\u00e8k oswa san lafy\u00e8v, ta dwe ch\u00e8che swen medikal.<\/p>\n\t\t\t\t\t\t<h3>Ki \u00f2ganis enfeksyon ki ka prezan nan dlo ki kontamine?<\/h3>\n\t\t\t<p>Pi gwo \u00f2ganis ki enkyete nou yo se protozo\u00e8, tankou <i>Giardia<\/i>\u00a0epi\u00a0<i>Kriptosporidy\u00f2m<\/i>bakteri, tankou\u00a0<i>Chigella<\/i>,\u00a0<i>E. coli,\u00a0<\/i>epi\u00a0<i>Salmon\u00e8l<\/i>\u00a0ak viris, tankou\u00a0<i>Norovirus<\/i>\u00a0ak epatit A. Mikw\u00f2b sa yo anjeneral afekte sist\u00e8m dijestif la, sa ki lak\u00f2z dyare, kranp nan vant, k\u00e8 plen ak vomisman, av\u00e8k oswa san lafy\u00e8v. Maladi sa yo ka grav oswa menase lavi, sitou nan granmoun aje, timoun ki tr\u00e8 j\u00e8n oswa moun ki gen sist\u00e8m iminit\u00e8 ki febli.<\/p>\n\t\t\t\t\t\t<h3>\u00c8ske b\u00e8t kay mwen yo ta dwe jwenn dlo bouyi tou?<\/h3>\n\t\t\t<p>Wi, sa a se yon bon lide paske anpil b\u00e8t kay, tankou chen, ka pran k\u00e8k nan menm maladi ak moun epi yo ka bay m\u00e8t yo maladi sa yo.<\/p>\n\t\t\t\t\t\t<h3>\u00c8ske li oke pou m wouze plant mwen yo?<\/h3>\n\t\t\t<p>Wi, li pa gen pwobl\u00e8m pou wouze plant ou yo ak dlo tiyo ki pet\u00e8t kontamine san ou pa bouyi l anvan.<\/p>\n\t\t\t\t\t\t<h3>Mwen gen yon filt\u00e8 tiyo oswa yon krich dlo ki filtre, \u00e8ske mwen toujou bezwen bouyi dlo tiyo mwen an?<\/h3>\n\t\t\t<p>Wi, pif\u00f2 krich ki gen yon filt\u00e8 dlo pa filtre bakteri. Si ou gen l\u00f2t filt\u00e8 sou frijid\u00e8 ou, sou wobin\u00e8t ou, oswa anba lavabo ou, li fey\u00e8 ki nan pake a pou w\u00e8 si filt\u00e8 a retire bakteri. Si ou gen dout, bouyi dlo a.<\/p>\n<h2>\n\t\t\tKredi: Depatman Sante Florid\t<\/h2>","protected":false},"excerpt":{"rendered":"<p>Precautionary Boil Water Notices December 14, 2024 Email Notification What is the proper way to disinfect my water so that [&hellip;]<\/p>\n","protected":false},"author":222,"featured_media":0,"parent":0,"menu_order":40,"comment_status":"closed","ping_status":"closed","template":"","meta":{"_searchwp_excluded":"","site-sidebar-layout":"default","site-content-layout":"","ast-site-content-layout":"default","site-content-style":"default","site-sidebar-style":"default","ast-global-header-display":"","ast-banner-title-visibility":"","ast-main-header-display":"","ast-hfb-above-header-display":"","ast-hfb-below-header-display":"","ast-hfb-mobile-header-display":"","site-post-title":"","ast-breadcrumbs-content":"","ast-featured-img":"","footer-sml-layout":"","theme-transparent-header-meta":"","adv-header-id-meta":"","stick-header-meta":"","header-above-stick-meta":"","header-main-stick-meta":"","header-below-stick-meta":"","astra-migrate-meta-layouts":"default","ast-page-background-enabled":"default","ast-page-background-meta":{"desktop":{"background-color":"var(--ast-global-color-5)","background-image":"","background-repeat":"repeat","background-position":"center center","background-size":"auto","background-attachment":"scroll","background-type":"","background-media":"","overlay-type":"","overlay-color":"","overlay-opacity":"","overlay-gradient":""},"tablet":{"background-color":"","background-image":"","background-repeat":"repeat","background-position":"center center","background-size":"auto","background-attachment":"scroll","background-type":"","background-media":"","overlay-type":"","overlay-color":"","overlay-opacity":"","overlay-gradient":""},"mobile":{"background-color":"","background-image":"","background-repeat":"repeat","background-position":"center center","background-size":"auto","background-attachment":"scroll","background-type":"","background-media":"","overlay-type":"","overlay-color":"","overlay-opacity":"","overlay-gradient":""}},"ast-content-background-meta":{"desktop":{"background-color":"var(--ast-global-color-4)","background-image":"","background-repeat":"repeat","background-position":"center center","background-size":"auto","background-attachment":"scroll","background-type":"","background-media":"","overlay-type":"","overlay-color":"","overlay-opacity":"","overlay-gradient":""},"tablet":{"background-color":"var(--ast-global-color-4)","background-image":"","background-repeat":"repeat","background-position":"center center","background-size":"auto","background-attachment":"scroll","background-type":"","background-media":"","overlay-type":"","overlay-color":"","overlay-opacity":"","overlay-gradient":""},"mobile":{"background-color":"var(--ast-global-color-4)","background-image":"","background-repeat":"repeat","background-position":"center center","background-size":"auto","background-attachment":"scroll","background-type":"","background-media":"","overlay-type":"","overlay-color":"","overlay-opacity":"","overlay-gradient":""}},"footnotes":""},"categories":[],"tags":[],"class_list":["post-265704","page","type-page","status-publish","hentry"],"yoast_head":"<!-- This site is optimized with the Yoast SEO Premium plugin v27.4 (Yoast SEO v27.4) - https:\/\/yoast.com\/product\/yoast-seo-premium-wordpress\/ -->\n<title>Boil Water Notice - City of Miami Beach<\/title>\n<meta name=\"description\" content=\"In the late afternoon of July 20, a private contractor hit a 20&quot; water main in the vicinity of Alton Road at 6 Street, which resulted in a water main break. Due to the drop in water pressure, a Precautionary Boil Water Notice is in effect for all areas south of 23 Street from the ocean to the bay, including the Sunset Harbour neighborhood. The Venetian Islands are NOT part of this advisory.\" \/>\n<meta name=\"robots\" content=\"index, follow, max-snippet:-1, max-image-preview:large, max-video-preview:-1\" \/>\n<link rel=\"canonical\" href=\"https:\/\/www.miamibeachfl.gov\/ht\/boil-water-notice\/\" \/>\n<meta property=\"og:locale\" content=\"ht_HT\" \/>\n<meta property=\"og:type\" content=\"article\" \/>\n<meta property=\"og:title\" content=\"Boil Water Notice\" \/>\n<meta property=\"og:description\" content=\"In the late afternoon of July 20, a private contractor hit a 20&quot; water main in the vicinity of Alton Road at 6 Street, which resulted in a water main break. Due to the drop in water pressure, a Precautionary Boil Water Notice is in effect for all areas south of 23 Street from the ocean to the bay, including the Sunset Harbour neighborhood. The Venetian Islands are NOT part of this advisory.\" \/>\n<meta property=\"og:url\" content=\"https:\/\/www.miamibeachfl.gov\/ht\/boil-water-notice\/\" \/>\n<meta property=\"og:site_name\" content=\"City of Miami Beach\" \/>\n<meta property=\"article:publisher\" content=\"https:\/\/www.facebook.com\/cityofmiamibeach\" \/>\n<meta property=\"article:modified_time\" content=\"2025-05-30T02:28:27+00:00\" \/>\n<meta property=\"og:image\" content=\"https:\/\/www.miamibeachfl.gov\/wp-content\/uploads\/2024\/01\/1000pxSquare-miamibeach-aerial-southpointview.jpeg\" \/>\n\t<meta property=\"og:image:width\" content=\"1000\" \/>\n\t<meta property=\"og:image:height\" content=\"1000\" \/>\n\t<meta property=\"og:image:type\" content=\"image\/jpeg\" \/>\n<meta name=\"twitter:card\" content=\"summary_large_image\" \/>\n<meta name=\"twitter:site\" content=\"@Miamibeachnews\" \/>\n<script type=\"application\/ld+json\" class=\"yoast-schema-graph\">{\"@context\":\"https:\\\/\\\/schema.org\",\"@graph\":[{\"@type\":\"WebPage\",\"@id\":\"https:\\\/\\\/www.miamibeachfl.gov\\\/boil-water-notice\\\/\",\"url\":\"https:\\\/\\\/www.miamibeachfl.gov\\\/boil-water-notice\\\/\",\"name\":\"Boil Water Notice - City of Miami Beach\",\"isPartOf\":{\"@id\":\"https:\\\/\\\/www.miamibeachfl.gov\\\/#website\"},\"datePublished\":\"2023-07-21T00:53:21+00:00\",\"dateModified\":\"2025-05-30T02:28:27+00:00\",\"description\":\"In the late afternoon of July 20, a private contractor hit a 20\\\" water main in the vicinity of Alton Road at 6 Street, which resulted in a water main break. Due to the drop in water pressure, a Precautionary Boil Water Notice is in effect for all areas south of 23 Street from the ocean to the bay, including the Sunset Harbour neighborhood. The Venetian Islands are NOT part of this advisory.\",\"breadcrumb\":{\"@id\":\"https:\\\/\\\/www.miamibeachfl.gov\\\/boil-water-notice\\\/#breadcrumb\"},\"inLanguage\":\"ht\",\"potentialAction\":[{\"@type\":\"ReadAction\",\"target\":[\"https:\\\/\\\/www.miamibeachfl.gov\\\/boil-water-notice\\\/\"]}]},{\"@type\":\"BreadcrumbList\",\"@id\":\"https:\\\/\\\/www.miamibeachfl.gov\\\/boil-water-notice\\\/#breadcrumb\",\"itemListElement\":[{\"@type\":\"ListItem\",\"position\":1,\"name\":\"Home\",\"item\":\"https:\\\/\\\/www.miamibeachfl.gov\\\/\"},{\"@type\":\"ListItem\",\"position\":2,\"name\":\"Boil Water Notice\"}]},{\"@type\":\"WebSite\",\"@id\":\"https:\\\/\\\/www.miamibeachfl.gov\\\/#website\",\"url\":\"https:\\\/\\\/www.miamibeachfl.gov\\\/\",\"name\":\"City of Miami Beach\",\"description\":\"The official website of the City of Miami Beach. Stay informed, find important information on city services, news, alerts, events, trolley routes, government employment and more.\",\"publisher\":{\"@id\":\"https:\\\/\\\/www.miamibeachfl.gov\\\/#organization\"},\"potentialAction\":[{\"@type\":\"SearchAction\",\"target\":{\"@type\":\"EntryPoint\",\"urlTemplate\":\"https:\\\/\\\/www.miamibeachfl.gov\\\/?s={search_term_string}\"},\"query-input\":{\"@type\":\"PropertyValueSpecification\",\"valueRequired\":true,\"valueName\":\"search_term_string\"}}],\"inLanguage\":\"ht\"},{\"@type\":\"Organization\",\"@id\":\"https:\\\/\\\/www.miamibeachfl.gov\\\/#organization\",\"name\":\"City of Miami Beach\",\"url\":\"https:\\\/\\\/www.miamibeachfl.gov\\\/\",\"logo\":{\"@type\":\"ImageObject\",\"inLanguage\":\"ht\",\"@id\":\"https:\\\/\\\/www.miamibeachfl.gov\\\/#\\\/schema\\\/logo\\\/image\\\/\",\"url\":\"https:\\\/\\\/www.miamibeachfl.gov\\\/wp-content\\\/uploads\\\/2022\\\/06\\\/miamibeach-logoblue.png\",\"contentUrl\":\"https:\\\/\\\/www.miamibeachfl.gov\\\/wp-content\\\/uploads\\\/2022\\\/06\\\/miamibeach-logoblue.png\",\"width\":1962,\"height\":381,\"caption\":\"City of Miami Beach\"},\"image\":{\"@id\":\"https:\\\/\\\/www.miamibeachfl.gov\\\/#\\\/schema\\\/logo\\\/image\\\/\"},\"sameAs\":[\"https:\\\/\\\/www.facebook.com\\\/cityofmiamibeach\",\"https:\\\/\\\/x.com\\\/Miamibeachnews\",\"https:\\\/\\\/www.instagram.com\\\/miamibeachnews\\\/\"],\"description\":\"The official website of the City of Miami Beach. Stay informed, find important information on city services, news, alerts, events, trolley routes, government employment and more.\",\"telephone\":\"305.604.CITY(2489)\",\"legalName\":\"City of Miami Beach\"}]}<\/script>\n<!-- \/ Yoast SEO Premium plugin. -->","yoast_head_json":{"title":"Avi pou Bouyi Dlo - Vil Miami Beach","description":"Nan fen apremidi 20 jiy\u00e8 a, yon kontrakt\u00e8 prive te frape yon tiyo dlo prensipal 20 pous toupre Alton Road nan 6y\u00e8m Ri, sa ki te lak\u00f2z yon tiyo dlo prensipal kraze. Ak\u00f2z gout presyon dlo a, yon Avi Prekosyon pou Bouyi Dlo an vig\u00e8 pou tout z\u00f2n ki nan sid 23y\u00e8m Ri a soti nan lanm\u00e8 a rive nan b\u00e8 a, ki gen ladan katye Sunset Harbour la. Zile Venetian yo PA f\u00e8 pati avi sa a.","robots":{"index":"index","follow":"follow","max-snippet":"max-snippet:-1","max-image-preview":"max-image-preview:large","max-video-preview":"max-video-preview:-1"},"canonical":"https:\/\/www.miamibeachfl.gov\/ht\/boil-water-notice\/","og_locale":"ht_HT","og_type":"article","og_title":"Boil Water Notice","og_description":"In the late afternoon of July 20, a private contractor hit a 20\" water main in the vicinity of Alton Road at 6 Street, which resulted in a water main break. Due to the drop in water pressure, a Precautionary Boil Water Notice is in effect for all areas south of 23 Street from the ocean to the bay, including the Sunset Harbour neighborhood. The Venetian Islands are NOT part of this advisory.","og_url":"https:\/\/www.miamibeachfl.gov\/ht\/boil-water-notice\/","og_site_name":"City of Miami Beach","article_publisher":"https:\/\/www.facebook.com\/cityofmiamibeach","article_modified_time":"2025-05-30T02:28:27+00:00","og_image":[{"width":1000,"height":1000,"url":"https:\/\/www.miamibeachfl.gov\/wp-content\/uploads\/2024\/01\/1000pxSquare-miamibeach-aerial-southpointview.jpeg","type":"image\/jpeg"}],"twitter_card":"summary_large_image","twitter_site":"@Miamibeachnews","schema":{"@context":"https:\/\/schema.org","@graph":[{"@type":"WebPage","@id":"https:\/\/www.miamibeachfl.gov\/boil-water-notice\/","url":"https:\/\/www.miamibeachfl.gov\/boil-water-notice\/","name":"Avi pou Bouyi Dlo - Vil Miami Beach","isPartOf":{"@id":"https:\/\/www.miamibeachfl.gov\/#website"},"datePublished":"2023-07-21T00:53:21+00:00","dateModified":"2025-05-30T02:28:27+00:00","description":"Nan fen apremidi 20 jiy\u00e8 a, yon kontrakt\u00e8 prive te frape yon tiyo dlo prensipal 20 pous toupre Alton Road nan 6y\u00e8m Ri, sa ki te lak\u00f2z yon tiyo dlo prensipal kraze. Ak\u00f2z gout presyon dlo a, yon Avi Prekosyon pou Bouyi Dlo an vig\u00e8 pou tout z\u00f2n ki nan sid 23y\u00e8m Ri a soti nan lanm\u00e8 a rive nan b\u00e8 a, ki gen ladan katye Sunset Harbour la. Zile Venetian yo PA f\u00e8 pati avi sa a.","breadcrumb":{"@id":"https:\/\/www.miamibeachfl.gov\/boil-water-notice\/#breadcrumb"},"inLanguage":"ht","potentialAction":[{"@type":"ReadAction","target":["https:\/\/www.miamibeachfl.gov\/boil-water-notice\/"]}]},{"@type":"BreadcrumbList","@id":"https:\/\/www.miamibeachfl.gov\/boil-water-notice\/#breadcrumb","itemListElement":[{"@type":"ListItem","position":1,"name":"Home","item":"https:\/\/www.miamibeachfl.gov\/"},{"@type":"ListItem","position":2,"name":"Boil Water Notice"}]},{"@type":"WebSite","@id":"https:\/\/www.miamibeachfl.gov\/#website","url":"https:\/\/www.miamibeachfl.gov\/","name":"Vil Miami Beach","description":"Sitw\u00e8b ofisy\u00e8l Vil Miami Beach la. Rete enf\u00f2me, jwenn enf\u00f2masyon enp\u00f2tan sou s\u00e8vis vil la, nouv\u00e8l, al\u00e8t, ev\u00e8nman, wout tramway, travay gouv\u00e8nman an ak plis ank\u00f2.","publisher":{"@id":"https:\/\/www.miamibeachfl.gov\/#organization"},"potentialAction":[{"@type":"SearchAction","target":{"@type":"EntryPoint","urlTemplate":"https:\/\/www.miamibeachfl.gov\/?s={search_term_string}"},"query-input":{"@type":"PropertyValueSpecification","valueRequired":true,"valueName":"search_term_string"}}],"inLanguage":"ht"},{"@type":"Organization","@id":"https:\/\/www.miamibeachfl.gov\/#organization","name":"Vil Miami Beach","url":"https:\/\/www.miamibeachfl.gov\/","logo":{"@type":"ImageObject","inLanguage":"ht","@id":"https:\/\/www.miamibeachfl.gov\/#\/schema\/logo\/image\/","url":"https:\/\/www.miamibeachfl.gov\/wp-content\/uploads\/2022\/06\/miamibeach-logoblue.png","contentUrl":"https:\/\/www.miamibeachfl.gov\/wp-content\/uploads\/2022\/06\/miamibeach-logoblue.png","width":1962,"height":381,"caption":"City of Miami Beach"},"image":{"@id":"https:\/\/www.miamibeachfl.gov\/#\/schema\/logo\/image\/"},"sameAs":["https:\/\/www.facebook.com\/cityofmiamibeach","https:\/\/x.com\/Miamibeachnews","https:\/\/www.instagram.com\/miamibeachnews\/"],"description":"Sitw\u00e8b ofisy\u00e8l Vil Miami Beach la. Rete enf\u00f2me, jwenn enf\u00f2masyon enp\u00f2tan sou s\u00e8vis vil la, nouv\u00e8l, al\u00e8t, ev\u00e8nman, wout tramway, travay gouv\u00e8nman an ak plis ank\u00f2.","telephone":"305.604.CITY(2489)","legalName":"City of Miami Beach"}]}},"_links":{"self":[{"href":"https:\/\/www.miamibeachfl.gov\/ht\/wp-json\/wp\/v2\/pages\/265704","targetHints":{"allow":["GET"]}}],"collection":[{"href":"https:\/\/www.miamibeachfl.gov\/ht\/wp-json\/wp\/v2\/pages"}],"about":[{"href":"https:\/\/www.miamibeachfl.gov\/ht\/wp-json\/wp\/v2\/types\/page"}],"author":[{"embeddable":true,"href":"https:\/\/www.miamibeachfl.gov\/ht\/wp-json\/wp\/v2\/users\/222"}],"replies":[{"embeddable":true,"href":"https:\/\/www.miamibeachfl.gov\/ht\/wp-json\/wp\/v2\/comments?post=265704"}],"version-history":[{"count":1,"href":"https:\/\/www.miamibeachfl.gov\/ht\/wp-json\/wp\/v2\/pages\/265704\/revisions"}],"predecessor-version":[{"id":374902,"href":"https:\/\/www.miamibeachfl.gov\/ht\/wp-json\/wp\/v2\/pages\/265704\/revisions\/374902"}],"wp:attachment":[{"href":"https:\/\/www.miamibeachfl.gov\/ht\/wp-json\/wp\/v2\/media?parent=265704"}],"wp:term":[{"taxonomy":"category","embeddable":true,"href":"https:\/\/www.miamibeachfl.gov\/ht\/wp-json\/wp\/v2\/categories?post=265704"},{"taxonomy":"post_tag","embeddable":true,"href":"https:\/\/www.miamibeachfl.gov\/ht\/wp-json\/wp\/v2\/tags?post=265704"}],"curies":[{"name":"wp","href":"https:\/\/api.w.org\/{rel}","templated":true}]}}