{"id":268660,"date":"2023-08-16T16:06:19","date_gmt":"2023-08-16T20:06:19","guid":{"rendered":"https:\/\/www.miamibeachfl.gov\/?page_id=268660"},"modified":"2026-02-19T09:40:06","modified_gmt":"2026-02-19T14:40:06","slug":"permits","status":"publish","type":"page","link":"https:\/\/www.miamibeachfl.gov\/ht\/permits\/","title":{"rendered":"P\u00e8mi Vil Miami Beach"},"content":{"rendered":"<h1>\n\t\t\tP\u00e8mi Vil Miami Beach\t<\/h1>\n\t\t\t<a href=\"https:\/\/cityofmiamibeachfl.tylerportico.com\/navigator\/public\/selections?parentId=13456\" target=\"_self\">\n\t\t\t\t\t\t\tM BEZWEN YON GID P\u00c8MI\n\t\t\t<\/a>\n\t\t<h3>P\u00e8mi Konstriksyon<\/h3>\t\t\t\n\t<p><strong><a href=\"\/ht\/city-hall\/building\/permits\/permitchecklists\/\">Lis verifikasyon p\u00e8mi yo<\/a><\/strong><\/p>\n<p><strong><a href=\"\/ht\/city-hall\/building\/permits\/\">Gid pou P\u00e8mi<\/a><\/strong><\/p>\n<p><strong><a href=\"\/ht\/city-hall\/building\/onlinepermits\/\">Sant Resous P\u00e8mi Sou Ent\u00e8n\u00e8t<\/a><\/strong><\/p>\n<p><strong><a href=\"https:\/\/www.miamibeachfl.gov\/ht\/city-hall\/building\/permits\/mdc\/\">Pwosedi pou Revizyon Apwobasyon Minisipal Konte Miami-Dade<\/a><\/strong><\/p>\n\t<a href=\"https:\/\/www.miamibeachfl.gov\/ht\/city-hall\/planning\/planning-document-checklist\/\" target=\"_self\"  aria-label=\"Ale sou https:\/\/www.miamibeachfl.gov\/city-hall\/planning\/planning-document-checklist\/\"><\/a>\n\t\t<h3>Planifikasyon<\/h3>\t\t\t\n\t\t\t\t<p>Enf\u00f2masyon Jeneral sou P\u00e8mi ak Lis Verifikasyon Egzijans pa Kalite P\u00e8mi<\/p>\n\t<a href=\"https:\/\/www.miamibeachfl.gov\/ht\/city-hall\/environmental-sustainability\/urban-forestry\/tree-work-permit-information\/\" target=\"_self\"  aria-label=\"Ale sou https:\/\/www.miamibeachfl.gov\/city-hall\/environmental-sustainability\/urban-forestry\/tree-work-permit-information\/\"><\/a>\n\t\t<h3>For\u00e8 Iben<\/h3>\t\t\t\n\t\t\t\t<p>Enf\u00f2masyon sou P\u00e8mi Travay sou Pye Bwa<\/p>\n\t<a href=\"https:\/\/www.miamibeachfl.gov\/ht\/city-hall\/planning\/maps-and-guidelines\/\" target=\"_self\"  aria-label=\"Ale sou https:\/\/www.miamibeachfl.gov\/city-hall\/planning\/maps-and-guidelines\/\"><\/a>\n\t\t<h3>Kat ak Gid K\u00f2d Rezilyans<\/h3>\t\t\t\n\t\t\t\t<p>Zonaj, Itilizasyon T\u00e8 nan lavni, Katye Istorik, Pakin.<\/p>\n\t\t<h3>Travay Piblik<\/h3>\t\t\t\n\t<a href=\"https:\/\/www.miamibeachfl.gov\/ht\/city-hall\/public-works\/process-workflows-and-checklists\/\">Pwosesis P\u00e8mi ak Lis Verifikasyon<\/a>\u00a0<br \/>\n<a href=\"https:\/\/www.miamibeachfl.gov\/ht\/city-hall\/public-works\/elevator-division\/elevator-permit\/\">P\u00e8mi Asans\u00e8<\/a>\u00a0\n\t<a href=\"\/ht\/city-hall\/fire\/fire-prevention\/building-inspections\/\" target=\"_self\"  aria-label=\"Ale nan \/city-hall\/fire\/fire-prevention\/building-inspections\/\"><\/a>\n\t\t<h3>P\u00e8mi Sekirite kont Dife<\/h3>\t\t\t\n\t\t\t\t<p>P\u00e8mi ak Enspeksyon<\/p>\n\t<a href=\"https:\/\/energovcss.miamibeachfl.gov\/energovprod\/selfservice#\/applicationAssistant?sectionName=All&#038;moduleId=2&#038;categoryName=Sanitation&#038;showTemplates=false\" target=\"_self\"  aria-label=\"Ale sou https:\/\/energovcss.miamibeachfl.gov\/energovprod\/selfservice#\/applicationAssistant?sectionName=All&amp;moduleId=2&amp;categoryName=Sanitation&amp;showTemplates=false\"><\/a>\n\t\t<h3>Sanitasyon<\/h3>\t\t\t\n\t<a href=\"https:\/\/www.miamibeachfl.gov\/ht\/city-hall\/parking\/permit-programs\/\" target=\"_self\"  aria-label=\"Ale sou https:\/\/www.miamibeachfl.gov\/city-hall\/parking\/permit-programs\/\"><\/a>\n\t\t<h3>Pakin<\/h3>\t\t\t\n\t<a href=\"https:\/\/www.miamibeachfl.gov\/ht\/city-hall\/tourism-culture\/special-events\/apply-for-a-special-events-permit\/\" target=\"_self\"  aria-label=\"Ale sou https:\/\/www.miamibeachfl.gov\/city-hall\/tourism-culture\/special-events\/apply-for-a-special-events-permit\/\"><\/a>\n\t\t<h3>Ev\u00e8nman Espesyal<\/h3>\t\t\t\n\t\t\t\t<p>Seremoni, Fim &amp; Enpresyon, Ev\u00e8nman<\/p>\n<h2>\n\t\t\t Kesyon yo poze souvan sou p\u00e8mi\t<\/h2>\n\t\t<a href=\"https:\/\/www.miamibeachfl.gov\/ht\/city-hall\/building\/faq\/\" title=\"Gade Kontni Bwat la\" target=\"_blank\" rel=\"noopener\" aria-label=\"Eleman P\u00f2s\"><\/a>\t\t\n\t\t\t\t\t\t\t\t\t\t\t\t\t\t<a href=\"https:\/\/www.miamibeachfl.gov\/ht\/city-hall\/building\/faq\/\" target=\"_blank\" rel=\"noopener\" title=\"Kreye Kesyon yo poze souvan (FAQ)\">\n\t\t\t\t<img decoding=\"async\" src=\"https:\/\/www.miamibeachfl.gov\/wp-content\/uploads\/2023\/03\/building-workers-500sq-300x300.jpg\" alt=\"Construction worker\" \/>\n\t\t\t\t<\/a>\n\t\t\t\t\t\t<h3>\n\t\t\t\t<a href=\"https:\/\/www.miamibeachfl.gov\/ht\/city-hall\/building\/faq\/\" title=\"Kreye Kesyon yo poze souvan (FAQ)\">Kreye Kesyon yo poze souvan (FAQ)<\/a>\t\t\t<\/h3>\n\t\t<a href=\"https:\/\/www.miamibeachfl.gov\/ht\/city-hall\/environmental-sustainability\/permitting-faqs\/\" title=\"Gade Kontni Bwat la\" target=\"_blank\" rel=\"noopener\" aria-label=\"Eleman P\u00f2s\"><\/a>\t\t\n\t\t\t\t\t\t\t\t\t\t\t\t\t\t<a href=\"https:\/\/www.miamibeachfl.gov\/ht\/city-hall\/environmental-sustainability\/permitting-faqs\/\" target=\"_blank\" rel=\"noopener\" title=\"Kesyon yo poze souvan sou p\u00e8mi anviw\u00f2nman ak dirabilite\">\n\t\t\t\t<img decoding=\"async\" src=\"https:\/\/www.miamibeachfl.gov\/wp-content\/uploads\/2025\/06\/Parks-Gallery-2-SouthPointePark-optimized-300x300.jpg\" alt=\"aerial view of southpoint park beachwalk\" \/>\n\t\t\t\t<\/a>\n\t\t\t\t\t\t<h3>\n\t\t\t\t<a href=\"https:\/\/www.miamibeachfl.gov\/ht\/city-hall\/environmental-sustainability\/permitting-faqs\/\" title=\"Kesyon yo poze souvan sou p\u00e8mi anviw\u00f2nman ak dirabilite\">Kesyon yo poze souvan sou p\u00e8mi anviw\u00f2nman ak dirabilite<\/a>\t\t\t<\/h3>\n\t\t<a href=\"https:\/\/www.miamibeachfl.gov\/ht\/city-hall\/fire\/fire-permitting-faq\/\" title=\"Gade Kontni Bwat la\" target=\"_blank\" rel=\"noopener\" aria-label=\"Eleman P\u00f2s\"><\/a>\t\t\n\t\t\t\t\t\t\t\t\t\t\t\t\t\t<a href=\"https:\/\/www.miamibeachfl.gov\/ht\/city-hall\/fire\/fire-permitting-faq\/\" target=\"_blank\" rel=\"noopener\" title=\"Kesyon yo poze souvan sou p\u00e8mi dife\">\n\t\t\t\t<img decoding=\"async\" src=\"https:\/\/www.miamibeachfl.gov\/wp-content\/uploads\/2025\/03\/Fire-Rescue-300x300.jpg\" alt=\"Fire Rescue Truck\" \/>\n\t\t\t\t<\/a>\n\t\t\t\t\t\t<h3>\n\t\t\t\t<a href=\"https:\/\/www.miamibeachfl.gov\/ht\/city-hall\/fire\/fire-permitting-faq\/\" title=\"Kesyon yo poze souvan sou p\u00e8mi dife\">Kesyon yo poze souvan sou p\u00e8mi dife<\/a>\t\t\t<\/h3>\n\t\t<a href=\"https:\/\/www.miamibeachfl.gov\/ht\/city-hall\/parking\/parking-permitting-faqs\/\" title=\"Gade Kontni Bwat la\" target=\"_blank\" rel=\"noopener\" aria-label=\"Eleman P\u00f2s\"><\/a>\t\t\n\t\t\t\t\t\t\t\t\t\t\t\t\t\t<a href=\"https:\/\/www.miamibeachfl.gov\/ht\/city-hall\/parking\/parking-permitting-faqs\/\" target=\"_blank\" rel=\"noopener\" title=\"Kesyon yo poze souvan sou p\u00e8mi pakin\">\n\t\t\t\t<img decoding=\"async\" src=\"https:\/\/www.miamibeachfl.gov\/wp-content\/uploads\/2025\/07\/carandparkingsignbackground2.jpg\" alt=\"car parked on side of road\" \/>\n\t\t\t\t<\/a>\n\t\t\t\t\t\t<h3>\n\t\t\t\t<a href=\"https:\/\/www.miamibeachfl.gov\/ht\/city-hall\/parking\/parking-permitting-faqs\/\" title=\"Kesyon yo poze souvan sou p\u00e8mi pakin\">Kesyon yo poze souvan sou p\u00e8mi pakin<\/a>\t\t\t<\/h3>\n\t\t<a href=\"https:\/\/www.miamibeachfl.gov\/ht\/city-hall\/planning\/planning-permitting-faqs\/\" title=\"Gade Kontni Bwat la\" target=\"_blank\" rel=\"noopener\" aria-label=\"Eleman P\u00f2s\"><\/a>\t\t\n\t\t\t\t\t\t\t\t\t\t\t\t\t\t<a href=\"https:\/\/www.miamibeachfl.gov\/ht\/city-hall\/planning\/planning-permitting-faqs\/\" target=\"_blank\" rel=\"noopener\" title=\"Kesyon yo poze souvan sou p\u00e8mi planifikasyon\">\n\t\t\t\t<img decoding=\"async\" src=\"https:\/\/www.miamibeachfl.gov\/wp-content\/uploads\/2023\/03\/familyplanning-300x300.jpg\" alt=\"Couple with documents in front of their computer\" \/>\n\t\t\t\t<\/a>\n\t\t\t\t\t\t<h3>\n\t\t\t\t<a href=\"https:\/\/www.miamibeachfl.gov\/ht\/city-hall\/planning\/planning-permitting-faqs\/\" title=\"Kesyon yo poze souvan sou p\u00e8mi planifikasyon\">Kesyon yo poze souvan sou p\u00e8mi planifikasyon<\/a>\t\t\t<\/h3>\n\t\t<a href=\"https:\/\/www.miamibeachfl.gov\/ht\/city-hall\/public-works\/permitting-faq-4\/\" title=\"Gade Kontni Bwat la\" target=\"_blank\" rel=\"noopener\" aria-label=\"Eleman P\u00f2s\"><\/a>\t\t\n\t\t\t\t\t\t\t\t\t\t\t\t\t\t<a href=\"https:\/\/www.miamibeachfl.gov\/ht\/city-hall\/public-works\/permitting-faq-4\/\" target=\"_blank\" rel=\"noopener\" title=\"Kesyon yo poze souvan sou p\u00e8mi travay piblik\">\n\t\t\t\t<img decoding=\"async\" src=\"https:\/\/www.miamibeachfl.gov\/wp-content\/uploads\/2025\/04\/PublicWorks-Worker-optimized-300x300.jpg\" alt=\"Public Works Worker\" \/>\n\t\t\t\t<\/a>\n\t\t\t\t\t\t<h3>\n\t\t\t\t<a href=\"https:\/\/www.miamibeachfl.gov\/ht\/city-hall\/public-works\/permitting-faq-4\/\" title=\"Kesyon yo poze souvan sou p\u00e8mi travay piblik\">Kesyon yo poze souvan sou p\u00e8mi travay piblik<\/a>\t\t\t<\/h3>\n<h2>\n\t\t\t Tablodb\u00f2\t<\/h2>\n\t\t<h3><a href=\"\/ht\/city-hall\/building\/statistics\/dashboard\/\" target=\"_blank\"  rel=\"noopener\">Tablodb\u00f2 Depatman Konstriksyon an<\/a><\/h3><p>Aplikasyon, Revizyon, Emisyon, ak Enspeksyon Analitik<\/p>\n\t\t\t<a href=\"\/ht\/city-hall\/building\/statistics\/dashboard\/\" target=\"_blank\" rel=\"noopener\">\n\t\t\t\t\t\t\tGade tablodb\u00f2 a\n\t\t\t\t\t<\/a>\n\t\t<h3><a href=\"\/ht\/permits-search-dashboard\/\" target=\"_blank\"  rel=\"noopener\">Apwobasyon pou Itilizasyon Kondisyon\u00e8l<\/a><\/h3><p>Rech\u00e8ch P\u00e8mi<\/p>\n\t\t\t<a href=\"\/ht\/permits-search-dashboard\/\" target=\"_blank\" rel=\"noopener\">\n\t\t\t\t\t\t\tTablodb\u00f2 Rech\u00e8ch\n\t\t\t\t\t<\/a>","protected":false},"excerpt":{"rendered":"<p>City of Miami Beach Permitting I NEED A PERMIT GUIDE Building Permits Permitting Checklists Permitting Guide Online Permitting Resource Center [&hellip;]<\/p>\n","protected":false},"author":222,"featured_media":0,"parent":0,"menu_order":40,"comment_status":"closed","ping_status":"closed","template":"","meta":{"_searchwp_excluded":"","site-sidebar-layout":"default","site-content-layout":"","ast-site-content-layout":"default","site-content-style":"default","site-sidebar-style":"default","ast-global-header-display":"","ast-banner-title-visibility":"","ast-main-header-display":"","ast-hfb-above-header-display":"","ast-hfb-below-header-display":"","ast-hfb-mobile-header-display":"","site-post-title":"","ast-breadcrumbs-content":"","ast-featured-img":"","footer-sml-layout":"","theme-transparent-header-meta":"","adv-header-id-meta":"","stick-header-meta":"","header-above-stick-meta":"","header-main-stick-meta":"","header-below-stick-meta":"","astra-migrate-meta-layouts":"default","ast-page-background-enabled":"default","ast-page-background-meta":{"desktop":{"background-color":"var(--ast-global-color-5)","background-image":"","background-repeat":"repeat","background-position":"center center","background-size":"auto","background-attachment":"scroll","background-type":"","background-media":"","overlay-type":"","overlay-color":"","overlay-opacity":"","overlay-gradient":""},"tablet":{"background-color":"","background-image":"","background-repeat":"repeat","background-position":"center center","background-size":"auto","background-attachment":"scroll","background-type":"","background-media":"","overlay-type":"","overlay-color":"","overlay-opacity":"","overlay-gradient":""},"mobile":{"background-color":"","background-image":"","background-repeat":"repeat","background-position":"center center","background-size":"auto","background-attachment":"scroll","background-type":"","background-media":"","overlay-type":"","overlay-color":"","overlay-opacity":"","overlay-gradient":""}},"ast-content-background-meta":{"desktop":{"background-color":"var(--ast-global-color-4)","background-image":"","background-repeat":"repeat","background-position":"center center","background-size":"auto","background-attachment":"scroll","background-type":"","background-media":"","overlay-type":"","overlay-color":"","overlay-opacity":"","overlay-gradient":""},"tablet":{"background-color":"var(--ast-global-color-4)","background-image":"","background-repeat":"repeat","background-position":"center center","background-size":"auto","background-attachment":"scroll","background-type":"","background-media":"","overlay-type":"","overlay-color":"","overlay-opacity":"","overlay-gradient":""},"mobile":{"background-color":"var(--ast-global-color-4)","background-image":"","background-repeat":"repeat","background-position":"center center","background-size":"auto","background-attachment":"scroll","background-type":"","background-media":"","overlay-type":"","overlay-color":"","overlay-opacity":"","overlay-gradient":""}},"footnotes":""},"categories":[],"tags":[1022,1015],"class_list":["post-268660","page","type-page","status-publish","hentry","tag-building-permit","tag-permitting-building-construction"],"yoast_head":"<!-- This site is optimized with the Yoast SEO Premium plugin v27.4 (Yoast SEO v27.4) - https:\/\/yoast.com\/product\/yoast-seo-premium-wordpress\/ -->\n<title>City of Miami Beach Permits - City of Miami Beach<\/title>\n<meta name=\"description\" content=\"Explore the City of Miami Beach permit guides, checklists, and FAQs to better understand the permit requirements specific to your project.\" \/>\n<meta name=\"robots\" content=\"index, follow, max-snippet:-1, max-image-preview:large, max-video-preview:-1\" \/>\n<link rel=\"canonical\" href=\"https:\/\/www.miamibeachfl.gov\/ht\/permits\/\" \/>\n<meta property=\"og:locale\" content=\"ht_HT\" \/>\n<meta property=\"og:type\" content=\"article\" \/>\n<meta property=\"og:title\" content=\"City of Miami Beach Permits\" \/>\n<meta property=\"og:description\" content=\"Explore the City of Miami Beach permit guides, checklists, and FAQs to better understand the permit requirements specific to your project.\" \/>\n<meta property=\"og:url\" content=\"https:\/\/www.miamibeachfl.gov\/ht\/permits\/\" \/>\n<meta property=\"og:site_name\" content=\"City of Miami Beach\" \/>\n<meta property=\"article:publisher\" content=\"https:\/\/www.facebook.com\/cityofmiamibeach\" \/>\n<meta property=\"article:modified_time\" content=\"2026-02-19T14:40:06+00:00\" \/>\n<meta property=\"og:image\" content=\"https:\/\/www.miamibeachfl.gov\/wp-content\/uploads\/2023\/08\/contractor-building-person.jpeg\" \/>\n\t<meta property=\"og:image:width\" content=\"1000\" \/>\n\t<meta property=\"og:image:height\" content=\"1000\" \/>\n\t<meta property=\"og:image:type\" content=\"image\/jpeg\" \/>\n<meta name=\"twitter:card\" content=\"summary_large_image\" \/>\n<meta name=\"twitter:site\" content=\"@Miamibeachnews\" \/>\n<script type=\"application\/ld+json\" class=\"yoast-schema-graph\">{\"@context\":\"https:\\\/\\\/schema.org\",\"@graph\":[{\"@type\":\"WebPage\",\"@id\":\"https:\\\/\\\/www.miamibeachfl.gov\\\/permits\\\/\",\"url\":\"https:\\\/\\\/www.miamibeachfl.gov\\\/permits\\\/\",\"name\":\"City of Miami Beach Permits - City of Miami Beach\",\"isPartOf\":{\"@id\":\"https:\\\/\\\/www.miamibeachfl.gov\\\/#website\"},\"primaryImageOfPage\":{\"@id\":\"https:\\\/\\\/www.miamibeachfl.gov\\\/permits\\\/#primaryimage\"},\"image\":{\"@id\":\"https:\\\/\\\/www.miamibeachfl.gov\\\/permits\\\/#primaryimage\"},\"thumbnailUrl\":\"https:\\\/\\\/www.miamibeachfl.gov\\\/wp-content\\\/uploads\\\/2023\\\/03\\\/building-workers-500sq-300x300.jpg\",\"datePublished\":\"2023-08-16T20:06:19+00:00\",\"dateModified\":\"2026-02-19T14:40:06+00:00\",\"description\":\"Explore the City of Miami Beach permit guides, checklists, and FAQs to better understand the permit requirements specific to your project.\",\"breadcrumb\":{\"@id\":\"https:\\\/\\\/www.miamibeachfl.gov\\\/permits\\\/#breadcrumb\"},\"inLanguage\":\"ht\",\"potentialAction\":[{\"@type\":\"ReadAction\",\"target\":[\"https:\\\/\\\/www.miamibeachfl.gov\\\/permits\\\/\"]}]},{\"@type\":\"ImageObject\",\"inLanguage\":\"ht\",\"@id\":\"https:\\\/\\\/www.miamibeachfl.gov\\\/permits\\\/#primaryimage\",\"url\":\"https:\\\/\\\/www.miamibeachfl.gov\\\/wp-content\\\/uploads\\\/2023\\\/03\\\/building-workers-500sq-300x300.jpg\",\"contentUrl\":\"https:\\\/\\\/www.miamibeachfl.gov\\\/wp-content\\\/uploads\\\/2023\\\/03\\\/building-workers-500sq-300x300.jpg\"},{\"@type\":\"BreadcrumbList\",\"@id\":\"https:\\\/\\\/www.miamibeachfl.gov\\\/permits\\\/#breadcrumb\",\"itemListElement\":[{\"@type\":\"ListItem\",\"position\":1,\"name\":\"Home\",\"item\":\"https:\\\/\\\/www.miamibeachfl.gov\\\/\"},{\"@type\":\"ListItem\",\"position\":2,\"name\":\"City of Miami Beach Permits\"}]},{\"@type\":\"WebSite\",\"@id\":\"https:\\\/\\\/www.miamibeachfl.gov\\\/#website\",\"url\":\"https:\\\/\\\/www.miamibeachfl.gov\\\/\",\"name\":\"City of Miami Beach\",\"description\":\"The official website of the City of Miami Beach. Stay informed, find important information on city services, news, alerts, events, trolley routes, government employment and more.\",\"publisher\":{\"@id\":\"https:\\\/\\\/www.miamibeachfl.gov\\\/#organization\"},\"potentialAction\":[{\"@type\":\"SearchAction\",\"target\":{\"@type\":\"EntryPoint\",\"urlTemplate\":\"https:\\\/\\\/www.miamibeachfl.gov\\\/?s={search_term_string}\"},\"query-input\":{\"@type\":\"PropertyValueSpecification\",\"valueRequired\":true,\"valueName\":\"search_term_string\"}}],\"inLanguage\":\"ht\"},{\"@type\":\"Organization\",\"@id\":\"https:\\\/\\\/www.miamibeachfl.gov\\\/#organization\",\"name\":\"City of Miami Beach\",\"url\":\"https:\\\/\\\/www.miamibeachfl.gov\\\/\",\"logo\":{\"@type\":\"ImageObject\",\"inLanguage\":\"ht\",\"@id\":\"https:\\\/\\\/www.miamibeachfl.gov\\\/#\\\/schema\\\/logo\\\/image\\\/\",\"url\":\"https:\\\/\\\/www.miamibeachfl.gov\\\/wp-content\\\/uploads\\\/2022\\\/06\\\/miamibeach-logoblue.png\",\"contentUrl\":\"https:\\\/\\\/www.miamibeachfl.gov\\\/wp-content\\\/uploads\\\/2022\\\/06\\\/miamibeach-logoblue.png\",\"width\":1962,\"height\":381,\"caption\":\"City of Miami Beach\"},\"image\":{\"@id\":\"https:\\\/\\\/www.miamibeachfl.gov\\\/#\\\/schema\\\/logo\\\/image\\\/\"},\"sameAs\":[\"https:\\\/\\\/www.facebook.com\\\/cityofmiamibeach\",\"https:\\\/\\\/x.com\\\/Miamibeachnews\",\"https:\\\/\\\/www.instagram.com\\\/miamibeachnews\\\/\"],\"description\":\"The official website of the City of Miami Beach. Stay informed, find important information on city services, news, alerts, events, trolley routes, government employment and more.\",\"telephone\":\"305.604.CITY(2489)\",\"legalName\":\"City of Miami Beach\"}]}<\/script>\n<!-- \/ Yoast SEO Premium plugin. -->","yoast_head_json":{"title":"P\u00e8mi Vil Miami Beach - Vil Miami Beach","description":"Eksplore gid p\u00e8mi Vil Miami Beach yo, lis verifikasyon yo, ak FAQ yo pou pi byen konprann egzijans p\u00e8mi espesifik pou pwoj\u00e8 w la.","robots":{"index":"index","follow":"follow","max-snippet":"max-snippet:-1","max-image-preview":"max-image-preview:large","max-video-preview":"max-video-preview:-1"},"canonical":"https:\/\/www.miamibeachfl.gov\/ht\/permits\/","og_locale":"ht_HT","og_type":"article","og_title":"City of Miami Beach Permits","og_description":"Explore the City of Miami Beach permit guides, checklists, and FAQs to better understand the permit requirements specific to your project.","og_url":"https:\/\/www.miamibeachfl.gov\/ht\/permits\/","og_site_name":"City of Miami Beach","article_publisher":"https:\/\/www.facebook.com\/cityofmiamibeach","article_modified_time":"2026-02-19T14:40:06+00:00","og_image":[{"width":1000,"height":1000,"url":"https:\/\/www.miamibeachfl.gov\/wp-content\/uploads\/2023\/08\/contractor-building-person.jpeg","type":"image\/jpeg"}],"twitter_card":"summary_large_image","twitter_site":"@Miamibeachnews","schema":{"@context":"https:\/\/schema.org","@graph":[{"@type":"WebPage","@id":"https:\/\/www.miamibeachfl.gov\/permits\/","url":"https:\/\/www.miamibeachfl.gov\/permits\/","name":"P\u00e8mi Vil Miami Beach - Vil Miami Beach","isPartOf":{"@id":"https:\/\/www.miamibeachfl.gov\/#website"},"primaryImageOfPage":{"@id":"https:\/\/www.miamibeachfl.gov\/permits\/#primaryimage"},"image":{"@id":"https:\/\/www.miamibeachfl.gov\/permits\/#primaryimage"},"thumbnailUrl":"https:\/\/www.miamibeachfl.gov\/wp-content\/uploads\/2023\/03\/building-workers-500sq-300x300.jpg","datePublished":"2023-08-16T20:06:19+00:00","dateModified":"2026-02-19T14:40:06+00:00","description":"Eksplore gid p\u00e8mi Vil Miami Beach yo, lis verifikasyon yo, ak FAQ yo pou pi byen konprann egzijans p\u00e8mi espesifik pou pwoj\u00e8 w la.","breadcrumb":{"@id":"https:\/\/www.miamibeachfl.gov\/permits\/#breadcrumb"},"inLanguage":"ht","potentialAction":[{"@type":"ReadAction","target":["https:\/\/www.miamibeachfl.gov\/permits\/"]}]},{"@type":"ImageObject","inLanguage":"ht","@id":"https:\/\/www.miamibeachfl.gov\/permits\/#primaryimage","url":"https:\/\/www.miamibeachfl.gov\/wp-content\/uploads\/2023\/03\/building-workers-500sq-300x300.jpg","contentUrl":"https:\/\/www.miamibeachfl.gov\/wp-content\/uploads\/2023\/03\/building-workers-500sq-300x300.jpg"},{"@type":"BreadcrumbList","@id":"https:\/\/www.miamibeachfl.gov\/permits\/#breadcrumb","itemListElement":[{"@type":"ListItem","position":1,"name":"Home","item":"https:\/\/www.miamibeachfl.gov\/"},{"@type":"ListItem","position":2,"name":"City of Miami Beach Permits"}]},{"@type":"WebSite","@id":"https:\/\/www.miamibeachfl.gov\/#website","url":"https:\/\/www.miamibeachfl.gov\/","name":"Vil Miami Beach","description":"Sitw\u00e8b ofisy\u00e8l Vil Miami Beach la. Rete enf\u00f2me, jwenn enf\u00f2masyon enp\u00f2tan sou s\u00e8vis vil la, nouv\u00e8l, al\u00e8t, ev\u00e8nman, wout tramway, travay gouv\u00e8nman an ak plis ank\u00f2.","publisher":{"@id":"https:\/\/www.miamibeachfl.gov\/#organization"},"potentialAction":[{"@type":"SearchAction","target":{"@type":"EntryPoint","urlTemplate":"https:\/\/www.miamibeachfl.gov\/?s={search_term_string}"},"query-input":{"@type":"PropertyValueSpecification","valueRequired":true,"valueName":"search_term_string"}}],"inLanguage":"ht"},{"@type":"Organization","@id":"https:\/\/www.miamibeachfl.gov\/#organization","name":"Vil Miami Beach","url":"https:\/\/www.miamibeachfl.gov\/","logo":{"@type":"ImageObject","inLanguage":"ht","@id":"https:\/\/www.miamibeachfl.gov\/#\/schema\/logo\/image\/","url":"https:\/\/www.miamibeachfl.gov\/wp-content\/uploads\/2022\/06\/miamibeach-logoblue.png","contentUrl":"https:\/\/www.miamibeachfl.gov\/wp-content\/uploads\/2022\/06\/miamibeach-logoblue.png","width":1962,"height":381,"caption":"City of Miami Beach"},"image":{"@id":"https:\/\/www.miamibeachfl.gov\/#\/schema\/logo\/image\/"},"sameAs":["https:\/\/www.facebook.com\/cityofmiamibeach","https:\/\/x.com\/Miamibeachnews","https:\/\/www.instagram.com\/miamibeachnews\/"],"description":"Sitw\u00e8b ofisy\u00e8l Vil Miami Beach la. Rete enf\u00f2me, jwenn enf\u00f2masyon enp\u00f2tan sou s\u00e8vis vil la, nouv\u00e8l, al\u00e8t, ev\u00e8nman, wout tramway, travay gouv\u00e8nman an ak plis ank\u00f2.","telephone":"305.604.CITY(2489)","legalName":"City of Miami Beach"}]}},"_links":{"self":[{"href":"https:\/\/www.miamibeachfl.gov\/ht\/wp-json\/wp\/v2\/pages\/268660","targetHints":{"allow":["GET"]}}],"collection":[{"href":"https:\/\/www.miamibeachfl.gov\/ht\/wp-json\/wp\/v2\/pages"}],"about":[{"href":"https:\/\/www.miamibeachfl.gov\/ht\/wp-json\/wp\/v2\/types\/page"}],"author":[{"embeddable":true,"href":"https:\/\/www.miamibeachfl.gov\/ht\/wp-json\/wp\/v2\/users\/222"}],"replies":[{"embeddable":true,"href":"https:\/\/www.miamibeachfl.gov\/ht\/wp-json\/wp\/v2\/comments?post=268660"}],"version-history":[{"count":11,"href":"https:\/\/www.miamibeachfl.gov\/ht\/wp-json\/wp\/v2\/pages\/268660\/revisions"}],"predecessor-version":[{"id":396533,"href":"https:\/\/www.miamibeachfl.gov\/ht\/wp-json\/wp\/v2\/pages\/268660\/revisions\/396533"}],"wp:attachment":[{"href":"https:\/\/www.miamibeachfl.gov\/ht\/wp-json\/wp\/v2\/media?parent=268660"}],"wp:term":[{"taxonomy":"category","embeddable":true,"href":"https:\/\/www.miamibeachfl.gov\/ht\/wp-json\/wp\/v2\/categories?post=268660"},{"taxonomy":"post_tag","embeddable":true,"href":"https:\/\/www.miamibeachfl.gov\/ht\/wp-json\/wp\/v2\/tags?post=268660"}],"curies":[{"name":"wp","href":"https:\/\/api.w.org\/{rel}","templated":true}]}}