{"id":268967,"date":"2023-08-18T10:38:02","date_gmt":"2023-08-18T14:38:02","guid":{"rendered":"https:\/\/www.miamibeachfl.gov\/?page_id=268967"},"modified":"2026-03-09T14:10:25","modified_gmt":"2026-03-09T18:10:25","slug":"miami-beach-human-rights-committee","status":"publish","type":"page","link":"https:\/\/www.miamibeachfl.gov\/ht\/city-hall\/city-clerk\/boards-and-committees\/miami-beach-human-rights-committee\/","title":{"rendered":"Komite Dwa Moun"},"content":{"rendered":"<h1>\n\t\t\tKomite Dwa Moun\t<\/h1>\nMeni Grefye Vil la\t\t\t\n\t\t\t\t\t<ul id=\"menu-city-clerk\"><li id=\"menu-item-317005\"><a href=\"\/ht\/city-hall\/city-clerk\/\">Grefye Vil la<\/a><\/li>\n<li id=\"menu-item-258831\"><a href=\"\/ht\/city-hall\/city-clerk\/public-records-request\/\">Dosye Piblik yo<\/a><\/li>\n<li id=\"menu-item-258832\"><a href=\"\/ht\/city-hall\/city-clerk\/meetings-and-agendas\/\">Ajanda yo<\/a><\/li>\n<li id=\"menu-item-258833\"><a href=\"\/ht\/city-hall\/city-clerk\/forms\/\">F\u00f2m yo<\/a><\/li>\n<li id=\"menu-item-258834\"><a href=\"\/ht\/city-hall\/city-clerk\/boards-and-committees\/\">Kons\u00e8y Administrasyon ak Komite yo<\/a><\/li>\n<li id=\"menu-item-258835\"><a href=\"\/ht\/city-hall\/city-clerk\/election-information\/\">Enf\u00f2masyon sou Eleksyon<\/a><\/li>\n<li id=\"menu-item-258836\"><a href=\"\/ht\/city-hall\/city-clerk\/notification-system\/\">Notifikasyon<\/a><\/li>\n<li id=\"menu-item-258837\"><a href=\"\/ht\/city-hall\/city-clerk\/public-records-request\/additional-contacts\/\">Kontakte nou<\/a><\/li>\n<\/ul>\t\nMeni Sekret\u00e8 Minisipal la \u00d7\t\t\t\t\t\t<ul id=\"menu-city-clerk-1\"><li id=\"menu-item-317005\"><a href=\"\/ht\/city-hall\/city-clerk\/\">Grefye Vil la<\/a><\/li>\n<li id=\"menu-item-258831\"><a href=\"\/ht\/city-hall\/city-clerk\/public-records-request\/\">Dosye Piblik yo<\/a><\/li>\n<li id=\"menu-item-258832\"><a href=\"\/ht\/city-hall\/city-clerk\/meetings-and-agendas\/\">Ajanda yo<\/a><\/li>\n<li id=\"menu-item-258833\"><a href=\"\/ht\/city-hall\/city-clerk\/forms\/\">F\u00f2m yo<\/a><\/li>\n<li id=\"menu-item-258834\"><a href=\"\/ht\/city-hall\/city-clerk\/boards-and-committees\/\">Kons\u00e8y Administrasyon ak Komite yo<\/a><\/li>\n<li id=\"menu-item-258835\"><a href=\"\/ht\/city-hall\/city-clerk\/election-information\/\">Enf\u00f2masyon sou Eleksyon<\/a><\/li>\n<li id=\"menu-item-258836\"><a href=\"\/ht\/city-hall\/city-clerk\/notification-system\/\">Notifikasyon<\/a><\/li>\n<li id=\"menu-item-258837\"><a href=\"\/ht\/city-hall\/city-clerk\/public-records-request\/additional-contacts\/\">Kontakte nou<\/a><\/li>\n<\/ul>\t\t\t\t\n\t<p>For the complete legal framework governing the Human Rights Committee and the City&#8217;s Human Rights Ordinance, please refer to the <strong><a href=\"https:\/\/gcc02.safelinks.protection.outlook.com\/?url=https%3A%2F%2Flibrary.municode.com%2Ffl%2Fmiami_beach%2Fcodes%2Fcode_of_ordinances%3FnodeId%3DSPAGEOR_CH62HURE&amp;data=05%7C02%7CKeilaMenaCaceres%40miamibeachfl.gov%7C59ff90cb8c114111b34108de7e059a5f%7C551608f948f34871808aa969ec5cf48a%7C0%7C0%7C639086759697837728%7CUnknown%7CTWFpbGZsb3d8eyJFbXB0eU1hcGkiOnRydWUsIlYiOiIwLjAuMDAwMCIsIlAiOiJXaW4zMiIsIkFOIjoiTWFpbCIsIldUIjoyfQ%3D%3D%7C0%7C%7C%7C&amp;sdata=NP2MBklQD%2BnAsFAIgyNme3SRkSEv4vrHprHGIWBTJiY%3D&amp;reserved=0\">City of Miami Beach Code of Ordinances, Chapter 62 &#8211; Human Rights.<\/a><\/strong><\/p>\n\t<p>(a) Komite a ap gen yon minim\u00f2m senk ak yon maksim\u00f2m onz manm, av\u00e8k youn sou chak senk manm ki dwe yon nonmen dir\u00e8kteman pa majistra a, epi l\u00f2t manm yo ap patisipe nan gwo nonmen komisyon vil la.<\/p>\n<p>(b) Manm komite a dwe reflete, otank posib, div\u00e8site moun ki pwoteje anba \u00f2donans dwa moun vil la. An ak\u00f2 av\u00e8k r\u00e8gleman sa a, omwen de mwa anvan yo f\u00e8 nominasyon oswa re-nominasyon nan komite a, direkt\u00e8 vil la dwe mande nominasyon nan men otan gwoup s\u00e8vis piblik ak l\u00f2t sous ke li jije apwopriye ke posib.<\/p>\n<p>(c) Omwen youn nan manm komite a dwe posede, anplis kalifikasyon jeneral ki tabli la a pou manm yo, yon lisans pou pratike lalwa nan nenp\u00f2t Jiridiksyon Etazini (ki gen ladan Distri Kolonbi ak nenp\u00f2t teritwa Etazini); dwe yon manm aktif epi an r\u00e8g ak asosyasyon avoka respektif li a; epi gen eksperyans nan lalwa dwa sivil. Y ap bay preferans a yon manm komite ki gen yon lisans pou pratike lalwa nan Eta Florid; ki se yon manm aktif epi an r\u00e8g ak Avoka Florid la; epi ki gen eksperyans nan lalwa dwa sivil.<\/p>\n<p>(d) Manm yo ap s\u00e8vi san okenn konpansasyon.<\/p>\n<p>(e) Limit manda yo. Manm yo nonmen pa chak komis\u00e8 vil la (yo rele &quot;moun nonmen dir\u00e8kteman&quot;) pa dwe s\u00e8vi pou plis pase uit ane konsekitif nan komite a. Manm yo nonmen pa komisyon vil la an antye (yo rele &quot;moun nonmen an jeneral&quot;) pa dwe s\u00e8vi pou plis pase sis ane nan komite a. L\u00e8 manda yo fini, pa gen anyen ki nan sou-seksyon sa a ki ta dwe anpeche okenn moun nonmen dir\u00e8kteman oswa an jeneral pou yo re-nonmen l nan pozisyon li pou yon l\u00f2t manda dezan si:<\/p>\n<p>1. Komisyon\u00e8 endividy\u00e8l ki te nonmen yon moun nonmen dir\u00e8kteman an jwenn ke moun nonmen an te f\u00e8 kontribisyon ki benefisye vil la espesyalman pandan l t ap s\u00e8vi nan komite a.<\/p>\n<p>2. Komisyon vil la an antye jwenn ke yon moun yo nonmen nan komite a te f\u00e8 kontribisyon ki benefisye vil la espesyalman pandan l t ap s\u00e8vi nan komite a.<\/p>\n\t<p>Vil Miami Beach ent\u00e8di diskriminasyon nan travay, lojman ak akomodasyon piblik. Si ou kw\u00e8 ou te viktim yon pratik diskriminatwa ilegal akoz ras ou, koul\u00e8 po ou, orijin nasyonal ou, relijyon ou, s\u00e8ks ou, idantite seksy\u00e8l ou, oryantasyon seksy\u00e8l ou, eta sivil ak familyal ou, laj ou oswa andikap ou, ou ka depoze yon plent nan Vil la nan lespas 180 jou apre swadizan diskriminasyon an te f\u00e8t. Tout plent yo pral f\u00e8 obj\u00e8 yon envestigasyon konpl\u00e8 e rapid.<\/p>\n<p>Komite Dwa Moun Vil Miami Beach la ap travay depi 2010 pou enf\u00f2me piblik la sou dwa ak rem\u00e8d ki prevwa anba \u00d2donans Dwa Moun Vil la, fasilite sansibilizasyon piblik la sou pwobl\u00e8m dwa moun, epi rek\u00f2mande bay Majistra a ak Komisyon an lejislasyon oswa aktivite ki ta f\u00e8 pwogr\u00e8 nan objektif dwa moun epi elimine oswa anpeche diskriminasyon. \u00d2donans Dwa Moun Vil Miami Beach la se youn nan pi enklizif nan mond lan, li ent\u00e8di diskriminasyon nan lojman, travay, oswa akomodasyon piblik ki baze sou ras, koul\u00e8, orijin nasyonal, relijyon, s\u00e8ks, idantite seksy\u00e8l, oryantasyon seksy\u00e8l, andikap, sitiyasyon matrimonyal ak familyal, oswa laj. Ev\u00e8nman dwa moun ak dom\u00e8n konsantrasyon resan yo te gen ladan trafik moun, pwobl\u00e8m transj\u00e8n, diskriminasyon ekonomik ak sal\u00e8, ak pwobl\u00e8m lojman. Komite a reyini chak mwa eksepte nan mwa Out.<\/p>\n<p>F\u00f2m plent lan disponib sou ent\u00e8n\u00e8t oubyen nan Miami Beach City Hall, 1700 Convention Center Drive, twazy\u00e8m etaj (Depatman Resous Im\u00e8n). F\u00f2m plent lan disponib an Angl\u00e8, Pany\u00f2l ak Krey\u00f2l. Pou plis enf\u00f2masyon, tanpri kontakte 305.673.7524.<\/p>\n<a href=\"http:\/\/www.miamibeachfl.gov\/wp-content\/uploads\/2018\/04\/City-of-Miami-Beach-Human-Rights-Complaint-Form-Revised-Attorney-approved.pdf\">F\u00f2m Plent Angl\u00e8<\/a><br \/>\n<a title=\"Enstriksyon pou F\u00f2m Plent Dwa Moun\" href=\"\/wp-content\/uploads\/2017\/08\/Human-Rights-Complaint-Form-Instructions.pdf\" target=\"_blank\" rel=\"noopener\">Enstriksyon pou F\u00f2m Plent Dwa Moun<\/a><br \/>\n<a title=\"097011-2-Esp-F\u00f2m Plent V\u00e8syon 9-Pany\u00f2l\" href=\"\/wp-content\/uploads\/2017\/08\/097011-2-Sp-Complaint-Form-Version-9-Spanish.pdf\" target=\"_blank\" rel=\"noopener\">F\u00f2m Plent Pany\u00f2l<\/a><br \/>\n<a title=\"097011-1-Espany\u00f2l-Enstriksyon 1-Pany\u00f2l\" href=\"\/wp-content\/uploads\/2017\/08\/097011-1-Sp-Instruction-1-Spanish.pdf\" target=\"_blank\" rel=\"noopener\">Enstriksyon pou F\u00f2m Plent Pany\u00f2l la<\/a><br \/>\n<a title=\"097011-2-Cr-F\u00f2m Plent V\u00e8syon 9_Krey\u00f2l\" href=\"\/wp-content\/uploads\/2017\/08\/097011-2-Cr-Complaint-Form-Version-9_Creole.pdf\" target=\"_blank\" rel=\"noopener\">F\u00f2m Plent Krey\u00f2l<\/a><br \/>\n<a title=\"097011-1-Cr-Enstriksyon_Krey\u00f2l\" href=\"\/wp-content\/uploads\/2017\/08\/097011-1-Cr-Instruction_Creole.pdf\" target=\"_blank\" rel=\"noopener\">Enstriksyon pou F\u00f2m Plent Krey\u00f2l la<\/a>\n<a title=\"Ki moun ki ka depoze yon plent pou diskriminasyon\" href=\"\/wp-content\/uploads\/2017\/08\/Who-Can-File-a-Discrimination-Complaint.pdf\" target=\"_blank\" rel=\"noopener\">Ki moun ki ka depoze yon plent pou diskriminasyon?<\/a><br \/>\n<a title=\"Kesyon yo poze souvan\" href=\"\/wp-content\/uploads\/2017\/08\/Frequently-Asked-Questions.pdf\" target=\"_blank\" rel=\"noopener\">Kesyon yo poze souvan<\/a><br \/>\n<a title=\"ISTWA\" href=\"\/wp-content\/uploads\/2017\/08\/HISTORY.pdf\" target=\"_blank\" rel=\"noopener\">Istwa Lwa sou Dwa Moun nan Miami Beach la<\/a><br \/>\n<a title=\"\u00d2donans wouj 2010-3669\" href=\"\/wp-content\/uploads\/2017\/08\/2010-3669-Ordinance.pdf\" target=\"_blank\" rel=\"noopener\">Kopi Lwa sou Dwa Moun 2010-3669 la<\/a><br \/>\n<a title=\"\u00d2donans 2013-3818\" href=\"\/wp-content\/uploads\/2017\/08\/2013-3818-Ordinance.pdf\" target=\"_blank\" rel=\"noopener\">Kopi Obligasyon pou Afiche \u2013 Lwa 2013-3818 la<\/a>\n<a title=\"Diskriminasyon se yon afich ilegal\" href=\"\/wp-content\/uploads\/2017\/08\/Discrimination-Is-Illegal-Poster.pdf\" target=\"_blank\" rel=\"noopener\">Obligasyon pou afiche - Klike la a pou w\u00e8 si diskriminasyon se ilegal.<\/a><br \/>\n<a title=\"2013-3828 T\u00e8m Ent\u00e8seksyalite Ajoute k\u00f2m yon Kategori Klasifikasyon Pwoteje\" href=\"\/wp-content\/uploads\/2017\/08\/2013-3828-Ordinance.pdf\" target=\"_blank\" rel=\"noopener\">T\u00e8m Ent\u00e8seksyalite ajoute k\u00f2m yon klasifikasyon pwoteje \u2013 L\u00f2d 2013-3828<\/a><br \/>\n<a title=\"Zans\u00e8t, wot\u00e8, pwa, sitiyasyon patn\u00e8 domestik, manm \u00f2ganizasyon travay, sitiyasyon familyal, ak afilyasyon politik ajoute k\u00f2m klas pwoteje - \u00d2donans 2016-4034\" href=\"http:\/\/docmgmt.miamibeachfl.gov\/weblink\/DocView.aspx?id=146290&amp;searchid=c1092900-18b9-41c7-9a9d-665771f6e27c&amp;dbid=0\" target=\"_blank\" rel=\"noopener\">Zans\u00e8t, wot\u00e8, pwa, estati patn\u00e8 domestik, manm \u00f2ganizasyon travay, sitiyasyon familyal, ak afilyasyon politik ajoute k\u00f2m klas pwoteje - \u00d2donans 2016-4034<\/a>\n<p>Yon eleman enp\u00f2tan nan Lwa sou Dwa Moun nan se etablisman Komite Dwa Moun nan Vil Miami Beach (MBHRC), ki gen responsablite, pami l\u00f2t bagay, enf\u00f2me moun sou dwa ak rem\u00e8d Lwa sou Dwa Moun nan prevwa. Pou plis enf\u00f2masyon, tanpri rele (305) 673.7411.<\/p>\n<p><a title=\"Ly\u00e8zon LGBT Majistra a\" href=\"\/wp-content\/uploads\/2017\/08\/LGBT-Liaison.pdf\" target=\"_blank\" rel=\"noopener\">Ly\u00e8zon LGBT Majistra a<\/a><\/p>\n\t\t\t<a href=\"https:\/\/www.miamibeachfl.gov\/wp-content\/uploads\/2026\/03\/Searchable-Report.pdf\" target=\"_blank\" rel=\"noopener\">\n\t\t\t\t\t\tDetay sou Manm (T\u00e8m, Pozisyon, Tit)\n\t\t\t\t\t<\/a>\n\t\t\t<a href=\"https:\/\/www.miamibeachfl.gov\/wp-content\/uploads\/2026\/03\/Vacancy-Report.pdf\" target=\"_blank\" rel=\"noopener\">\n\t\t\t\t\t\tP\u00f2s vid\n\t\t\t\t\t<\/a>\n\t\t\t<a href=\"https:\/\/www.miamibeachfl.gov\/wp-content\/uploads\/2026\/02\/Liaison-Contact-Information.pdf\" target=\"_blank\" rel=\"noopener\">\n\t\t\t\t\t\tEnf\u00f2masyon pou kontakte lyezon\n\t\t\t\t\t<\/a>\n\t\t\t<iframe loading=\"lazy\" src=\"https:\/\/docmgmt.miamibeachfl.gov\/WebLink\/Browse.aspx?id=120704&#038;dbid=0&#038;repo=CityClerk\" frameborder=\"0\" width=\"100%\" height=\"100%\" allowfullscreen><\/iframe>\t\t\t\n\t\t\t<a href=\"javascript:void(0)\" title=\"Klike la a\" target=\"_self\"  data-modal=  \"role=\"button\"\" aria-label=\"Ch\u00e8che Achiv yo\">\n\t\t\t\t\t\t\t\t\t\t\tCh\u00e8che Achiv yo\n\t\t<\/a>\n\t\t\t<iframe loading=\"lazy\" src=\"https:\/\/miamibeach.novusagenda.com\/agendapublic\/meetingsgeneral.aspx\" frameborder=\"0\" width=\"100%\" height=\"100%\" allowfullscreen><\/iframe>\t\t\t\n\t\t\t<a href=\"javascript:void(0)\" title=\"Klike la a\" target=\"_self\"  data-modal=  \"role=\"button\"\" aria-label=\"Ch\u00e8che Ajanda ak Pwos\u00e8v\u00e8bal\">\n\t\t\t\t\t\t\t\t\t\t\tCh\u00e8che Ajanda ak Pwos\u00e8v\u00e8bal\n\t\t<\/a>\n\t\t\t<a href=\"https:\/\/www.miamibeachfl.gov\/ht\/city-hall\/city-clerk-new\/contactus\/\" target=\"_self\">\n\t\t\t\t\t\tKontakte nou\n\t\t\t\t\t<\/a>\n\t\t<h3>Demann pou Dosye Piblik<\/h3>\t\t\t\n\t\t\t\t<p>Vizite sit Demann Dosye Piblik Vil Miami Beach la. Soum\u00e8t yon nouvo demann, tcheke estati yon demann soum\u00e8t, epi f\u00e8 rech\u00e8ch nan achiv demann dosye a.<\/p>\n<p>Si ou gen nenp\u00f2t kesyon sou Dosye Piblik yo, tanpri rele biwo Sekret\u00e8 Vil Miami Beach la nan 305-673-7411.\u00a0<\/p>\n\t\t\t<a href=\"https:\/\/miamibeachfl.justfoia.com\/publicportal\/home\/track\" title=\"Klike la a\" target=\"_blank\" rel=\"noopener\"  role=\"button\" aria-label=\"Soum\u00e8t yon Demann\">\n\t\t\t\t\t\t\t\t\t\t\tSoum\u00e8t yon Demann\n\t\t<\/a>","protected":false},"excerpt":{"rendered":"<p>Komite Dwa Moun Sekret\u00e8 Minisipal la Meni Sekret\u00e8 Minisipal la Dosye Piblik Ajanda F\u00f2m Kons\u00e8y ak Komite Enf\u00f2masyon sou Eleksyon Notifikasyon Kontakte nou [\u2026]<\/p>","protected":false},"author":222,"featured_media":0,"parent":258819,"menu_order":32,"comment_status":"closed","ping_status":"closed","template":"","meta":{"_searchwp_excluded":"","site-sidebar-layout":"default","site-content-layout":"","ast-site-content-layout":"default","site-content-style":"default","site-sidebar-style":"default","ast-global-header-display":"","ast-banner-title-visibility":"","ast-main-header-display":"","ast-hfb-above-header-display":"","ast-hfb-below-header-display":"","ast-hfb-mobile-header-display":"","site-post-title":"","ast-breadcrumbs-content":"","ast-featured-img":"","footer-sml-layout":"","theme-transparent-header-meta":"","adv-header-id-meta":"","stick-header-meta":"","header-above-stick-meta":"","header-main-stick-meta":"","header-below-stick-meta":"","astra-migrate-meta-layouts":"default","ast-page-background-enabled":"default","ast-page-background-meta":{"desktop":{"background-color":"var(--ast-global-color-5)","background-image":"","background-repeat":"repeat","background-position":"center center","background-size":"auto","background-attachment":"scroll","background-type":"","background-media":"","overlay-type":"","overlay-color":"","overlay-opacity":"","overlay-gradient":""},"tablet":{"background-color":"","background-image":"","background-repeat":"repeat","background-position":"center center","background-size":"auto","background-attachment":"scroll","background-type":"","background-media":"","overlay-type":"","overlay-color":"","overlay-opacity":"","overlay-gradient":""},"mobile":{"background-color":"","background-image":"","background-repeat":"repeat","background-position":"center center","background-size":"auto","background-attachment":"scroll","background-type":"","background-media":"","overlay-type":"","overlay-color":"","overlay-opacity":"","overlay-gradient":""}},"ast-content-background-meta":{"desktop":{"background-color":"var(--ast-global-color-4)","background-image":"","background-repeat":"repeat","background-position":"center center","background-size":"auto","background-attachment":"scroll","background-type":"","background-media":"","overlay-type":"","overlay-color":"","overlay-opacity":"","overlay-gradient":""},"tablet":{"background-color":"var(--ast-global-color-4)","background-image":"","background-repeat":"repeat","background-position":"center center","background-size":"auto","background-attachment":"scroll","background-type":"","background-media":"","overlay-type":"","overlay-color":"","overlay-opacity":"","overlay-gradient":""},"mobile":{"background-color":"var(--ast-global-color-4)","background-image":"","background-repeat":"repeat","background-position":"center center","background-size":"auto","background-attachment":"scroll","background-type":"","background-media":"","overlay-type":"","overlay-color":"","overlay-opacity":"","overlay-gradient":""}},"footnotes":""},"categories":[],"tags":[1038,920],"class_list":["post-268967","page","type-page","status-publish","hentry","tag-bandc-committees","tag-boards-and-committees"],"yoast_head":"<!-- This site is optimized with the Yoast SEO Premium plugin v26.6 (Yoast SEO v26.6) - https:\/\/yoast.com\/wordpress\/plugins\/seo\/ -->\n<title>Human Rights Committee - City of Miami Beach<\/title>\n<meta name=\"description\" content=\"%\" \/>\n<meta name=\"robots\" content=\"index, follow, max-snippet:-1, max-image-preview:large, max-video-preview:-1\" \/>\n<link rel=\"canonical\" href=\"https:\/\/www.miamibeachfl.gov\/ht\/city-hall\/city-clerk\/boards-and-committees\/miami-beach-human-rights-committee\/\" \/>\n<meta property=\"og:locale\" content=\"ht_HT\" \/>\n<meta property=\"og:type\" content=\"article\" \/>\n<meta property=\"og:title\" content=\"Human Rights Committee\" \/>\n<meta property=\"og:description\" content=\"%\" \/>\n<meta property=\"og:url\" content=\"https:\/\/www.miamibeachfl.gov\/ht\/city-hall\/city-clerk\/boards-and-committees\/miami-beach-human-rights-committee\/\" \/>\n<meta property=\"og:site_name\" content=\"City of Miami Beach\" \/>\n<meta property=\"article:publisher\" content=\"https:\/\/www.facebook.com\/cityofmiamibeach\" \/>\n<meta property=\"article:modified_time\" content=\"2026-03-09T18:10:25+00:00\" \/>\n<meta property=\"og:image\" content=\"https:\/\/www.miamibeachfl.gov\/wp-content\/uploads\/2024\/01\/1000pxSquare-miamibeach-aerial-southpointview.jpeg\" \/>\n\t<meta property=\"og:image:width\" content=\"1000\" \/>\n\t<meta property=\"og:image:height\" content=\"1000\" \/>\n\t<meta property=\"og:image:type\" content=\"image\/jpeg\" \/>\n<meta name=\"twitter:card\" content=\"summary_large_image\" \/>\n<meta name=\"twitter:site\" content=\"@Miamibeachnews\" \/>\n<script type=\"application\/ld+json\" class=\"yoast-schema-graph\">{\"@context\":\"https:\/\/schema.org\",\"@graph\":[{\"@type\":\"WebPage\",\"@id\":\"https:\/\/www.miamibeachfl.gov\/city-hall\/city-clerk\/boards-and-committees\/miami-beach-human-rights-committee\/\",\"url\":\"https:\/\/www.miamibeachfl.gov\/city-hall\/city-clerk\/boards-and-committees\/miami-beach-human-rights-committee\/\",\"name\":\"Human Rights Committee - City of Miami Beach\",\"isPartOf\":{\"@id\":\"https:\/\/www.miamibeachfl.gov\/#website\"},\"datePublished\":\"2023-08-18T14:38:02+00:00\",\"dateModified\":\"2026-03-09T18:10:25+00:00\",\"description\":\"%\",\"breadcrumb\":{\"@id\":\"https:\/\/www.miamibeachfl.gov\/city-hall\/city-clerk\/boards-and-committees\/miami-beach-human-rights-committee\/#breadcrumb\"},\"inLanguage\":\"ht\",\"potentialAction\":[{\"@type\":\"ReadAction\",\"target\":[\"https:\/\/www.miamibeachfl.gov\/city-hall\/city-clerk\/boards-and-committees\/miami-beach-human-rights-committee\/\"]}]},{\"@type\":\"BreadcrumbList\",\"@id\":\"https:\/\/www.miamibeachfl.gov\/city-hall\/city-clerk\/boards-and-committees\/miami-beach-human-rights-committee\/#breadcrumb\",\"itemListElement\":[{\"@type\":\"ListItem\",\"position\":1,\"name\":\"Home\",\"item\":\"https:\/\/www.miamibeachfl.gov\/\"},{\"@type\":\"ListItem\",\"position\":2,\"name\":\"City Hall\",\"item\":\"https:\/\/www.miamibeachfl.gov\/city-hall\/\"},{\"@type\":\"ListItem\",\"position\":3,\"name\":\"City Clerk\",\"item\":\"https:\/\/www.miamibeachfl.gov\/city-hall\/city-clerk\/\"},{\"@type\":\"ListItem\",\"position\":4,\"name\":\"Boards and Committees\",\"item\":\"https:\/\/www.miamibeachfl.gov\/city-hall\/city-clerk\/boards-and-committees\/\"},{\"@type\":\"ListItem\",\"position\":5,\"name\":\"Human Rights Committee\"}]},{\"@type\":\"WebSite\",\"@id\":\"https:\/\/www.miamibeachfl.gov\/#website\",\"url\":\"https:\/\/www.miamibeachfl.gov\/\",\"name\":\"City of Miami Beach\",\"description\":\"The official website of the City of Miami Beach. Stay informed, find important information on city services, news, alerts, events, trolley routes, government employment and more.\",\"publisher\":{\"@id\":\"https:\/\/www.miamibeachfl.gov\/#organization\"},\"potentialAction\":[{\"@type\":\"SearchAction\",\"target\":{\"@type\":\"EntryPoint\",\"urlTemplate\":\"https:\/\/www.miamibeachfl.gov\/?s={search_term_string}\"},\"query-input\":{\"@type\":\"PropertyValueSpecification\",\"valueRequired\":true,\"valueName\":\"search_term_string\"}}],\"inLanguage\":\"ht\"},{\"@type\":\"Organization\",\"@id\":\"https:\/\/www.miamibeachfl.gov\/#organization\",\"name\":\"City of Miami Beach\",\"url\":\"https:\/\/www.miamibeachfl.gov\/\",\"logo\":{\"@type\":\"ImageObject\",\"inLanguage\":\"ht\",\"@id\":\"https:\/\/www.miamibeachfl.gov\/#\/schema\/logo\/image\/\",\"url\":\"https:\/\/www.miamibeachfl.gov\/wp-content\/uploads\/2022\/06\/miamibeach-logoblue.png\",\"contentUrl\":\"https:\/\/www.miamibeachfl.gov\/wp-content\/uploads\/2022\/06\/miamibeach-logoblue.png\",\"width\":1962,\"height\":381,\"caption\":\"City of Miami Beach\"},\"image\":{\"@id\":\"https:\/\/www.miamibeachfl.gov\/#\/schema\/logo\/image\/\"},\"sameAs\":[\"https:\/\/www.facebook.com\/cityofmiamibeach\",\"https:\/\/x.com\/Miamibeachnews\",\"https:\/\/www.instagram.com\/miamibeachnews\/\"],\"description\":\"The official website of the City of Miami Beach. Stay informed, find important information on city services, news, alerts, events, trolley routes, government employment and more.\",\"telephone\":\"305.604.CITY(2489)\",\"legalName\":\"City of Miami Beach\"}]}<\/script>\n<!-- \/ Yoast SEO Premium plugin. -->","yoast_head_json":{"title":"Komite Dwa Moun - Vil Miami Beach","description":"%","robots":{"index":"index","follow":"follow","max-snippet":"max-snippet:-1","max-image-preview":"max-image-preview:large","max-video-preview":"max-video-preview:-1"},"canonical":"https:\/\/www.miamibeachfl.gov\/ht\/city-hall\/city-clerk\/boards-and-committees\/miami-beach-human-rights-committee\/","og_locale":"ht_HT","og_type":"article","og_title":"Human Rights Committee","og_description":"%","og_url":"https:\/\/www.miamibeachfl.gov\/ht\/city-hall\/city-clerk\/boards-and-committees\/miami-beach-human-rights-committee\/","og_site_name":"City of Miami Beach","article_publisher":"https:\/\/www.facebook.com\/cityofmiamibeach","article_modified_time":"2026-03-09T18:10:25+00:00","og_image":[{"width":1000,"height":1000,"url":"https:\/\/www.miamibeachfl.gov\/wp-content\/uploads\/2024\/01\/1000pxSquare-miamibeach-aerial-southpointview.jpeg","type":"image\/jpeg"}],"twitter_card":"summary_large_image","twitter_site":"@Miamibeachnews","schema":{"@context":"https:\/\/schema.org","@graph":[{"@type":"WebPage","@id":"https:\/\/www.miamibeachfl.gov\/city-hall\/city-clerk\/boards-and-committees\/miami-beach-human-rights-committee\/","url":"https:\/\/www.miamibeachfl.gov\/city-hall\/city-clerk\/boards-and-committees\/miami-beach-human-rights-committee\/","name":"Komite Dwa Moun - Vil Miami Beach","isPartOf":{"@id":"https:\/\/www.miamibeachfl.gov\/#website"},"datePublished":"2023-08-18T14:38:02+00:00","dateModified":"2026-03-09T18:10:25+00:00","description":"%","breadcrumb":{"@id":"https:\/\/www.miamibeachfl.gov\/city-hall\/city-clerk\/boards-and-committees\/miami-beach-human-rights-committee\/#breadcrumb"},"inLanguage":"ht","potentialAction":[{"@type":"ReadAction","target":["https:\/\/www.miamibeachfl.gov\/city-hall\/city-clerk\/boards-and-committees\/miami-beach-human-rights-committee\/"]}]},{"@type":"BreadcrumbList","@id":"https:\/\/www.miamibeachfl.gov\/city-hall\/city-clerk\/boards-and-committees\/miami-beach-human-rights-committee\/#breadcrumb","itemListElement":[{"@type":"ListItem","position":1,"name":"Home","item":"https:\/\/www.miamibeachfl.gov\/"},{"@type":"ListItem","position":2,"name":"City Hall","item":"https:\/\/www.miamibeachfl.gov\/city-hall\/"},{"@type":"ListItem","position":3,"name":"City Clerk","item":"https:\/\/www.miamibeachfl.gov\/city-hall\/city-clerk\/"},{"@type":"ListItem","position":4,"name":"Boards and Committees","item":"https:\/\/www.miamibeachfl.gov\/city-hall\/city-clerk\/boards-and-committees\/"},{"@type":"ListItem","position":5,"name":"Human Rights Committee"}]},{"@type":"WebSite","@id":"https:\/\/www.miamibeachfl.gov\/#website","url":"https:\/\/www.miamibeachfl.gov\/","name":"Vil Miami Beach","description":"Sitw\u00e8b ofisy\u00e8l Vil Miami Beach la. Rete enf\u00f2me, jwenn enf\u00f2masyon enp\u00f2tan sou s\u00e8vis vil la, nouv\u00e8l, al\u00e8t, ev\u00e8nman, wout tramway, travay gouv\u00e8nman an ak plis ank\u00f2.","publisher":{"@id":"https:\/\/www.miamibeachfl.gov\/#organization"},"potentialAction":[{"@type":"SearchAction","target":{"@type":"EntryPoint","urlTemplate":"https:\/\/www.miamibeachfl.gov\/?s={search_term_string}"},"query-input":{"@type":"PropertyValueSpecification","valueRequired":true,"valueName":"search_term_string"}}],"inLanguage":"ht"},{"@type":"Organization","@id":"https:\/\/www.miamibeachfl.gov\/#organization","name":"Vil Miami Beach","url":"https:\/\/www.miamibeachfl.gov\/","logo":{"@type":"ImageObject","inLanguage":"ht","@id":"https:\/\/www.miamibeachfl.gov\/#\/schema\/logo\/image\/","url":"https:\/\/www.miamibeachfl.gov\/wp-content\/uploads\/2022\/06\/miamibeach-logoblue.png","contentUrl":"https:\/\/www.miamibeachfl.gov\/wp-content\/uploads\/2022\/06\/miamibeach-logoblue.png","width":1962,"height":381,"caption":"City of Miami Beach"},"image":{"@id":"https:\/\/www.miamibeachfl.gov\/#\/schema\/logo\/image\/"},"sameAs":["https:\/\/www.facebook.com\/cityofmiamibeach","https:\/\/x.com\/Miamibeachnews","https:\/\/www.instagram.com\/miamibeachnews\/"],"description":"Sitw\u00e8b ofisy\u00e8l Vil Miami Beach la. Rete enf\u00f2me, jwenn enf\u00f2masyon enp\u00f2tan sou s\u00e8vis vil la, nouv\u00e8l, al\u00e8t, ev\u00e8nman, wout tramway, travay gouv\u00e8nman an ak plis ank\u00f2.","telephone":"305.604.CITY(2489)","legalName":"City of Miami Beach"}]}},"_links":{"self":[{"href":"https:\/\/www.miamibeachfl.gov\/ht\/wp-json\/wp\/v2\/pages\/268967","targetHints":{"allow":["GET"]}}],"collection":[{"href":"https:\/\/www.miamibeachfl.gov\/ht\/wp-json\/wp\/v2\/pages"}],"about":[{"href":"https:\/\/www.miamibeachfl.gov\/ht\/wp-json\/wp\/v2\/types\/page"}],"author":[{"embeddable":true,"href":"https:\/\/www.miamibeachfl.gov\/ht\/wp-json\/wp\/v2\/users\/222"}],"replies":[{"embeddable":true,"href":"https:\/\/www.miamibeachfl.gov\/ht\/wp-json\/wp\/v2\/comments?post=268967"}],"version-history":[{"count":0,"href":"https:\/\/www.miamibeachfl.gov\/ht\/wp-json\/wp\/v2\/pages\/268967\/revisions"}],"up":[{"embeddable":true,"href":"https:\/\/www.miamibeachfl.gov\/ht\/wp-json\/wp\/v2\/pages\/258819"}],"wp:attachment":[{"href":"https:\/\/www.miamibeachfl.gov\/ht\/wp-json\/wp\/v2\/media?parent=268967"}],"wp:term":[{"taxonomy":"category","embeddable":true,"href":"https:\/\/www.miamibeachfl.gov\/ht\/wp-json\/wp\/v2\/categories?post=268967"},{"taxonomy":"post_tag","embeddable":true,"href":"https:\/\/www.miamibeachfl.gov\/ht\/wp-json\/wp\/v2\/tags?post=268967"}],"curies":[{"name":"wp","href":"https:\/\/api.w.org\/{rel}","templated":true}]}}