{"id":269259,"date":"2023-08-21T12:55:17","date_gmt":"2023-08-21T16:55:17","guid":{"rendered":"https:\/\/www.miamibeachfl.gov\/?page_id=269259"},"modified":"2025-06-02T21:58:02","modified_gmt":"2025-06-03T01:58:02","slug":"august-2023-business-spotlight-ted-lucas","status":"publish","type":"page","link":"https:\/\/www.miamibeachfl.gov\/ht\/spotlight\/august-2023-business-spotlight-ted-lucas\/","title":{"rendered":"Bay Miami Beach pouvwa: Ted Lucas, yon limy\u00e8 siks\u00e8 ak konesans pou Mwa Biznis Nwa a"},"content":{"rendered":"<h5>\n\t\t<a href=\"https:\/\/www.miamibeachfl.gov\/ht\/mbbiznews\/\" title=\"Ab\u00f2ne isit la pou resevwa bilten biznis Vil la nan bwat resepsyon ou chak mwa.\"  target=\"_blank\"  rel=\"noopener\">\n\t\t\tAb\u00f2ne isit la pou resevwa bilten biznis Vil la nan bwat resepsyon ou chak mwa.\t\t<\/a>\n\t<\/h5>\n<h5>\n\t\t<a href=\"https:\/\/myemail.constantcontact.com\/Stay-connected-with-MB-Biz--.html?soid=1011085968389&#038;aid=S0mHBwwl4Fs\" title=\"Bilten Biznis\"  target=\"_blank\"  rel=\"noopener\">\n\t\t\tBilten Biznis\t\t<\/a>\n\t<\/h5>\n\t\t\t\t<img decoding=\"async\" src=\"https:\/\/www.miamibeachfl.gov\/wp-content\/uploads\/2023\/08\/Ted-Lucas-2-1024x683.jpeg\" alt=\"presented by Hard Rock InternationalThe Black Professionals Summit is back and we welcome you to a new location for greater connections, opportunities, and experiencesphoto credit: AJ Shorter\" itemprop=\"image\" title=\"Ted Lucas 2\" onerror=\"this.style.display='none'\" loading='lazy' \/>\n\t<p>Ted Lucas, fondat\u00e8 vizyon\u00e8 Slip-N-Slide Records la, te depase limit endistri mizik la pou l vin yon pyonye nan teknoloji ak inovasyon. Atrav\u00e8 TechNolij, yon \u00f2ganizasyon san bi likratif, ak l\u00f2t inisyativ inovat\u00e8, li ap revolisyone peyizaj la l\u00e8 l bay op\u00f2tinite, resous, ak kons\u00e8y pou moun ki pa byen reprezante nan kominote Nwa ak Maron yo. Dedikasyon san fay Lucas pou l diminye diferans rich\u00e8s rasyal la ap transf\u00f2me lavi epi bay jenerasyon kap vini yo pouvwa. Pandan n ap selebre Mwa Biznis Nwa a, nou salye Ted Lucas pou kontribisyon eksepsyon\u00e8l li yo epi nou anvi temwen enpak dirab antrepriz li yo sou Miami Beach ak l\u00f2t kote.<\/p>\n<p><strong>Ted, retounen nan k\u00f2mansman an. Ki sa ki te f\u00e8 ou k\u00f2manse Slip-N-Slide Records e poukisa Miami Beach?<\/strong><\/p>\n<p>Pou retounen nan k\u00f2mansman an, rezon ki f\u00e8 mwen te k\u00f2manse Slip-N-Slide Records se paske mwen te w\u00e8 moun tankou Luther Campbell. Mwen te santi m motive tou pou m kreye yon bagay nan Sid Florid ki te gen yon siyifikasyon - Slip-N-Slide se te egzakteman sa! Mwen te chwazi Miami Beach espesyalman paske mwen sonje l\u00e8 m t ap grandi epi m te tande istwa nan bouch grann mwen. Li te konn travay nan Miami Beach, netwaye ot\u00e8l, epi apre 7\u00e8 diswa li pa t gen dwa antre nan limit vil la san pr\u00e8v travay. Istwa li yo te soti nan ane 70 yo s\u00e8lman, pa tw\u00f2 lontan, kidonk pou mwen, label sa a te vle di kreye yon bagay kote nou te ka gen lib\u00e8te. Mwen te kapab kreye yon bagay ki menm grandi pi lwen pase limit vil Miami Beach, e se sa li ye.<\/p>\n<p><strong>\u00c8ske ou ta pataje k\u00e8k nan fakt\u00e8 kle ki te kontribye nan gwo siks\u00e8 Slip-N-Slide Records nan Miami Beach? Ki leson enp\u00f2tan ou te aprann sou wout la ki ta ka benefisye moun k ap ch\u00e8che k\u00f2manse biznis yo nan vil dinamik sa a?<\/strong><\/p>\n<p>Youn nan fakt\u00e8 kle pou siks\u00e8 Slip-N-Slide se kapasite nou pou idantifye talan lokal Miami yo epi devlope yo pou yo vin non tout moun konnen. Nan Slip-N-Slide, nou ede chak atis evolye nan metye yo epi nou toujou ap pouse atis nou yo pou yo reyisi pi byen. 25 ane apre, objektif prensipal mwen toujou rete pou m asire ke tout moun ka pran swen fanmi yo. Yon leson enp\u00f2tan mwen te aprann sou wout la se ke tout bagay posib. Mwen te gen tout chans kont mwen. Si ou ta mande k\u00e8k nan pwofes\u00e8 mwen yo nan lek\u00f2l prim\u00e8, yo ta di ou mwen pa ta dwe kote mwen ye jodi a.<\/p>\n<p>Pa janm kite sitiyasyon w jodi a dikte avni w oswa enfliyanse chwa w yo. Ou ekri pw\u00f2p istwa w, epi se ou menm s\u00e8l ki gen pouvwa pou kontwole naratif ou a.<\/p>\n<p><strong>Antanke yon figi enp\u00f2tan nan s\u00e8n mizik Miami Beach la, ki w\u00f2l ou kw\u00e8 mizik ak atizay jwe nan amelyore devlopman ekonomik ak idantite kiltir\u00e8l vil la?<\/strong><\/p>\n<p>Endistri mizik ak atistik yo bay op\u00f2tinite travay pou yon pak\u00e8t pwofesyon\u00e8l, tankou mizisyen, p\u00e8f\u00f2m\u00e8, atis, kons\u00e8pteur, teknisyen, \u00f2ganizat\u00e8 ev\u00e8nman, direkt\u00e8 maketing, ak plis ank\u00f2. Sip\u00f2te endistri sa yo ka mennen nan kreyasyon dj\u00f2b, dir\u00e8kteman ak endir\u00e8kteman, nan div\u00e8s sekt\u00e8 tankou Ospitalite, Kom\u00e8s an detay, maketing, ak jesyon ev\u00e8nman. Nouri kapasite atistik moun yo ka ede yo jwenn travay nan endistri kreyatif yo nan lavni, ankouraje kwasans ekonomik ak devlopman talan.<\/p>\n<p><strong>Ki sa ki te pouse ou antre nan teknoloji? D\u00e8nye antrepriz ou a, TechNolij, montre angajman ou pou adrese divizyon dijital la epi ankouraje op\u00f2tinite nan teknoloji \u00e9mergentes yo.<\/strong><\/p>\n<p>Teknoloji chanje mond lan nan plizy\u00e8 fason. Pou mwen, teknoloji vle di lavni. Mwen w\u00e8 potansy\u00e8l nan kominote nou yo si yo ba yo yon chans. Objektif TechNolij se kreye yon sist\u00e8m devlopman ki pi entansyon\u00e8l pou diminye diferans ki genyen ant rich\u00e8s ak aks\u00e8 a teknoloji nan Sid Florid. N ap prepare kominote lokal nou yo pou yo f\u00e8 pati nouvo platf\u00f2m teknoloji sa a, ansanm ak platf\u00f2m ki deja egziste yo. Si nou patisipe rapidman nan pwosesis sa a, n ap rete okouran. Mwen vle w\u00e8 otan moun Nwa ak Maron ki sanble av\u00e8 m jwenn finansman epi travay nan dom\u00e8n teknoloji a. Sa boulv\u00e8se m l\u00e8 m ap pale nan ev\u00e8nman epi m mande konbyen moun ki soti nan Sid Florid ki patisipe, mwens pase 10% nan nou reprezante nan sal sa a. Sa bezwen chanje.<\/p>\n<p><strong>Miami Beach se yon melanj kilti ak kominote div\u00e8s. Ki jan ou f\u00e8 pou asire ke aktivite biznis ou yo, tankou TechNolij, enkli epi elve yon kominote div\u00e8s aktivman?<\/strong><\/p>\n<p>Sa a se objektif prensipal TechNolij, amelyore div\u00e8site kominote a grasa yon nivo sou teren an. Youn nan rezon prensipal poukisa ou pa vr\u00e8man w\u00e8 moun de koul\u00e8 nan espas teknoloji a se paske p\u00e8sonn nan kominote nou an pa vr\u00e8man ap pale de teknoloji. Pa gen okenn konv\u00e8sasyon, sitou paske p\u00e8sonn pa konnen sa k ap pase. Anplis de sa, mond teknoloji a ka sanble tr\u00e8 konpl\u00e8ks ak konfizyon ok\u00f2mansman. Donk, l\u00e8 yon moun ap eseye pran vag la, yo f\u00e8 bak paske li pr\u00e8ske santi tankou yo desann nan yon twou lapen. Av\u00e8k TechNolij, mwen vle elimine laper\u00e8z ak obstak pou k\u00f2manse ak\u00f2z mank edikasyon sou teknoloji.<\/p>\n<p>Pi enp\u00f2tan toujou, m ap rann tout konpayi teknoloji ki te demenaje desann nan Sid Florid responsab; yo bezwen anboche nouvo talan ki sanble av\u00e8 m.<\/p>\n<p><strong>Sant Inovasyon TechNolij nan Florida Memorial University te rekon\u00e8t pa anpil moun nan kominote teknoloji a. Ki jan li kenbe yon bon okouran sou pwochen jenerasyon amat\u00e8 teknoloji ak j\u00e8n antrepren\u00e8 Miami Beach k ap ch\u00e8che kons\u00e8y ak resous pou yo reyisi nan endistri sa a ki toujou ap evolye?<\/strong><\/p>\n<p>Kounye a, kay TechNolij la se s\u00e8l Kol\u00e8j ak Iniv\u00e8site Istorikman Nwa (HBCU) nan Sid Florid, Florida Memorial University, e se paske mwen te vle TechNolij nan k\u00e8 vil la. Nan fason sa a, non s\u00e8lman el\u00e8v ki ale nan Florida Memorial yo ka patisipe, men kominote a an jeneral ka patisipe tou nan sa n ap f\u00e8. TechNolij ofri pwogram aprantisaj pou tout nivo teknoloji, ak plasman travay garanti nan fen pwogram ou an. Kontr\u00e8man ak l\u00f2t pwogram yo, TechNolij rekon\u00e8t ke el\u00e8v kol\u00e8j yo souvan pote responsablite dey\u00f2 akademik yo. Pa egzanp, anpil el\u00e8v dwe travay plizy\u00e8 travay anplis kou yo pou yo ka pran swen b\u00f2dwo yo, oswa fanmi yo. Nou t\u00e8lman pasyone sou val\u00e8 leson ak eksperyans nou ofri nan TechNolij, ke nou akty\u00e8lman peye el\u00e8v yo pou yo aprann. Olye pou yo travay plizy\u00e8 travay ki pa gen rap\u00f2 ak aspirasyon kary\u00e8 yo, el\u00e8v yo ka touche lajan pou aprann av\u00e8k nou, epi nou asire ke yo pral nan yon pozisyon paf\u00e8 pou touche yon revni eksepsyon\u00e8l apre gradyasyon. Nou la pou prepare chak el\u00e8v pou yon lavi siks\u00e8.<\/p>\n<p><strong>Ev\u00e8nman filantwopik ou yo ak atelye edikatif ou yo enp\u00f2tan anpil pou nouri j\u00e8n talan ak ankouraje inovasyon. Ki kons\u00e8y ou ta bay moun k ap ch\u00e8che kontribye nan kwasans ak devlopman kominote a atrav\u00e8 menm kalite aktivite sa yo?<\/strong><\/p>\n<p>Yon ti kons\u00e8y mwen ta ba ou se pou asire w ke w ap asosye av\u00e8k bon moun yo. Ou ka f\u00e8 nenp\u00f2t bagay poukont ou, men poukisa f\u00e8 sa l\u00e8 ou ka kreye patenarya pou elaji enpak ou? Li enp\u00f2tan tou pou asire w ke w ap asosye av\u00e8k yon moun ki gen vizyon ki aliyen ak pa w la. Mwen remake anpil moun nan Sid Florid k ap pale de enpak yo vle genyen ak op\u00f2tinite yo vle kreye, men l\u00e8 ou fouye yon ti kras pi fon, se paw\u00f2l oswa fo enspirasyon pou k\u00e8k like sou rezo sosyal yo.<\/p>\n<p><strong>Kisa Mwa Nasyonal Biznis Nwa a vle di pou ou?<\/strong><\/p>\n<p>Mwa Nasyonal Biznis Nwa a s\u00e8vi k\u00f2m yon rap\u00e8l sou tenasite ak imajinasyon yo jwenn nan mitan antrepren\u00e8 Nwa yo. Li se yon ap\u00e8l a aksyon pou moun ak kominote yo sip\u00f2te ak elve biznis ki posede pa Nwa pandan tout ane a, pou ede kreye yon anviw\u00f2nman biznis ki pi enklizif ak jis. Jan m te di deja, grann mwen te gen yon gwo enpak sou lavi m. L\u00e8 m tande ke s\u00e8lman 50 ane de sa, li pa t kapab travay nan Miami Beach san kalifikasyon apwopriye ak\u00f2z koul\u00e8 po li, sa f\u00e8 m sezi. Mwen travay chak jou pou asire ke kominote nou an p ap janm eskli nan op\u00f2tinite ank\u00f2.<\/p>\n<p>&nbsp;<\/p>\n<p>&nbsp;<\/p>","protected":false},"excerpt":{"rendered":"<p>Subscribe here to receive the City&#8217;s business newsletter to your inbox monthly. Business Newsletter Ted Lucas, the visionary founder of [&hellip;]<\/p>\n","protected":false},"author":329,"featured_media":0,"parent":253255,"menu_order":0,"comment_status":"closed","ping_status":"closed","template":"","meta":{"_searchwp_excluded":"","site-sidebar-layout":"default","site-content-layout":"","ast-site-content-layout":"default","site-content-style":"default","site-sidebar-style":"default","ast-global-header-display":"","ast-banner-title-visibility":"","ast-main-header-display":"","ast-hfb-above-header-display":"","ast-hfb-below-header-display":"","ast-hfb-mobile-header-display":"","site-post-title":"","ast-breadcrumbs-content":"","ast-featured-img":"","footer-sml-layout":"","theme-transparent-header-meta":"","adv-header-id-meta":"","stick-header-meta":"","header-above-stick-meta":"","header-main-stick-meta":"","header-below-stick-meta":"","astra-migrate-meta-layouts":"default","ast-page-background-enabled":"default","ast-page-background-meta":{"desktop":{"background-color":"var(--ast-global-color-5)","background-image":"","background-repeat":"repeat","background-position":"center center","background-size":"auto","background-attachment":"scroll","background-type":"","background-media":"","overlay-type":"","overlay-color":"","overlay-opacity":"","overlay-gradient":""},"tablet":{"background-color":"","background-image":"","background-repeat":"repeat","background-position":"center center","background-size":"auto","background-attachment":"scroll","background-type":"","background-media":"","overlay-type":"","overlay-color":"","overlay-opacity":"","overlay-gradient":""},"mobile":{"background-color":"","background-image":"","background-repeat":"repeat","background-position":"center center","background-size":"auto","background-attachment":"scroll","background-type":"","background-media":"","overlay-type":"","overlay-color":"","overlay-opacity":"","overlay-gradient":""}},"ast-content-background-meta":{"desktop":{"background-color":"var(--ast-global-color-4)","background-image":"","background-repeat":"repeat","background-position":"center center","background-size":"auto","background-attachment":"scroll","background-type":"","background-media":"","overlay-type":"","overlay-color":"","overlay-opacity":"","overlay-gradient":""},"tablet":{"background-color":"var(--ast-global-color-4)","background-image":"","background-repeat":"repeat","background-position":"center center","background-size":"auto","background-attachment":"scroll","background-type":"","background-media":"","overlay-type":"","overlay-color":"","overlay-opacity":"","overlay-gradient":""},"mobile":{"background-color":"var(--ast-global-color-4)","background-image":"","background-repeat":"repeat","background-position":"center center","background-size":"auto","background-attachment":"scroll","background-type":"","background-media":"","overlay-type":"","overlay-color":"","overlay-opacity":"","overlay-gradient":""}},"footnotes":""},"categories":[],"tags":[],"class_list":["post-269259","page","type-page","status-publish","hentry"],"yoast_head":"<!-- This site is optimized with the Yoast SEO Premium plugin v27.4 (Yoast SEO v27.4) - https:\/\/yoast.com\/product\/yoast-seo-premium-wordpress\/ -->\n<title>Empowering Miami Beach: Ted Lucas, a Beacon of Success and Knowledge for Black Business Month - City of Miami Beach<\/title>\n<meta name=\"description\" content=\"%\" \/>\n<meta name=\"robots\" content=\"index, follow, max-snippet:-1, max-image-preview:large, max-video-preview:-1\" \/>\n<link rel=\"canonical\" href=\"https:\/\/www.miamibeachfl.gov\/ht\/spotlight\/august-2023-business-spotlight-ted-lucas\/\" \/>\n<meta property=\"og:locale\" content=\"ht_HT\" \/>\n<meta property=\"og:type\" content=\"article\" \/>\n<meta property=\"og:title\" content=\"Empowering Miami Beach: Ted Lucas, a Beacon of Success and Knowledge for Black Business Month\" \/>\n<meta property=\"og:description\" content=\"%\" \/>\n<meta property=\"og:url\" content=\"https:\/\/www.miamibeachfl.gov\/ht\/spotlight\/august-2023-business-spotlight-ted-lucas\/\" \/>\n<meta property=\"og:site_name\" content=\"City of Miami Beach\" \/>\n<meta property=\"article:publisher\" content=\"https:\/\/www.facebook.com\/cityofmiamibeach\" \/>\n<meta property=\"article:modified_time\" content=\"2025-06-03T01:58:02+00:00\" \/>\n<meta property=\"og:image\" content=\"https:\/\/www.miamibeachfl.gov\/wp-content\/uploads\/2023\/08\/Ted-Lucas-2-1024x683.jpeg\" \/>\n<meta name=\"twitter:card\" content=\"summary_large_image\" \/>\n<meta name=\"twitter:site\" content=\"@Miamibeachnews\" \/>\n<script type=\"application\/ld+json\" class=\"yoast-schema-graph\">{\"@context\":\"https:\\\/\\\/schema.org\",\"@graph\":[{\"@type\":\"WebPage\",\"@id\":\"https:\\\/\\\/www.miamibeachfl.gov\\\/spotlight\\\/august-2023-business-spotlight-ted-lucas\\\/\",\"url\":\"https:\\\/\\\/www.miamibeachfl.gov\\\/spotlight\\\/august-2023-business-spotlight-ted-lucas\\\/\",\"name\":\"Empowering Miami Beach: Ted Lucas, a Beacon of Success and Knowledge for Black Business Month - City of Miami Beach\",\"isPartOf\":{\"@id\":\"https:\\\/\\\/www.miamibeachfl.gov\\\/#website\"},\"primaryImageOfPage\":{\"@id\":\"https:\\\/\\\/www.miamibeachfl.gov\\\/spotlight\\\/august-2023-business-spotlight-ted-lucas\\\/#primaryimage\"},\"image\":{\"@id\":\"https:\\\/\\\/www.miamibeachfl.gov\\\/spotlight\\\/august-2023-business-spotlight-ted-lucas\\\/#primaryimage\"},\"thumbnailUrl\":\"https:\\\/\\\/www.miamibeachfl.gov\\\/wp-content\\\/uploads\\\/2023\\\/08\\\/Ted-Lucas-2-1024x683.jpeg\",\"datePublished\":\"2023-08-21T16:55:17+00:00\",\"dateModified\":\"2025-06-03T01:58:02+00:00\",\"description\":\"%\",\"breadcrumb\":{\"@id\":\"https:\\\/\\\/www.miamibeachfl.gov\\\/spotlight\\\/august-2023-business-spotlight-ted-lucas\\\/#breadcrumb\"},\"inLanguage\":\"ht\",\"potentialAction\":[{\"@type\":\"ReadAction\",\"target\":[\"https:\\\/\\\/www.miamibeachfl.gov\\\/spotlight\\\/august-2023-business-spotlight-ted-lucas\\\/\"]}]},{\"@type\":\"ImageObject\",\"inLanguage\":\"ht\",\"@id\":\"https:\\\/\\\/www.miamibeachfl.gov\\\/spotlight\\\/august-2023-business-spotlight-ted-lucas\\\/#primaryimage\",\"url\":\"https:\\\/\\\/www.miamibeachfl.gov\\\/wp-content\\\/uploads\\\/2023\\\/08\\\/Ted-Lucas-2-1024x683.jpeg\",\"contentUrl\":\"https:\\\/\\\/www.miamibeachfl.gov\\\/wp-content\\\/uploads\\\/2023\\\/08\\\/Ted-Lucas-2-1024x683.jpeg\"},{\"@type\":\"BreadcrumbList\",\"@id\":\"https:\\\/\\\/www.miamibeachfl.gov\\\/spotlight\\\/august-2023-business-spotlight-ted-lucas\\\/#breadcrumb\",\"itemListElement\":[{\"@type\":\"ListItem\",\"position\":1,\"name\":\"Home\",\"item\":\"https:\\\/\\\/www.miamibeachfl.gov\\\/\"},{\"@type\":\"ListItem\",\"position\":2,\"name\":\"Business Newsletters and Spotlights\",\"item\":\"https:\\\/\\\/www.miamibeachfl.gov\\\/spotlight\\\/\"},{\"@type\":\"ListItem\",\"position\":3,\"name\":\"Empowering Miami Beach: Ted Lucas, a Beacon of Success and Knowledge for Black Business Month\"}]},{\"@type\":\"WebSite\",\"@id\":\"https:\\\/\\\/www.miamibeachfl.gov\\\/#website\",\"url\":\"https:\\\/\\\/www.miamibeachfl.gov\\\/\",\"name\":\"City of Miami Beach\",\"description\":\"The official website of the City of Miami Beach. Stay informed, find important information on city services, news, alerts, events, trolley routes, government employment and more.\",\"publisher\":{\"@id\":\"https:\\\/\\\/www.miamibeachfl.gov\\\/#organization\"},\"potentialAction\":[{\"@type\":\"SearchAction\",\"target\":{\"@type\":\"EntryPoint\",\"urlTemplate\":\"https:\\\/\\\/www.miamibeachfl.gov\\\/?s={search_term_string}\"},\"query-input\":{\"@type\":\"PropertyValueSpecification\",\"valueRequired\":true,\"valueName\":\"search_term_string\"}}],\"inLanguage\":\"ht\"},{\"@type\":\"Organization\",\"@id\":\"https:\\\/\\\/www.miamibeachfl.gov\\\/#organization\",\"name\":\"City of Miami Beach\",\"url\":\"https:\\\/\\\/www.miamibeachfl.gov\\\/\",\"logo\":{\"@type\":\"ImageObject\",\"inLanguage\":\"ht\",\"@id\":\"https:\\\/\\\/www.miamibeachfl.gov\\\/#\\\/schema\\\/logo\\\/image\\\/\",\"url\":\"https:\\\/\\\/www.miamibeachfl.gov\\\/wp-content\\\/uploads\\\/2022\\\/06\\\/miamibeach-logoblue.png\",\"contentUrl\":\"https:\\\/\\\/www.miamibeachfl.gov\\\/wp-content\\\/uploads\\\/2022\\\/06\\\/miamibeach-logoblue.png\",\"width\":1962,\"height\":381,\"caption\":\"City of Miami Beach\"},\"image\":{\"@id\":\"https:\\\/\\\/www.miamibeachfl.gov\\\/#\\\/schema\\\/logo\\\/image\\\/\"},\"sameAs\":[\"https:\\\/\\\/www.facebook.com\\\/cityofmiamibeach\",\"https:\\\/\\\/x.com\\\/Miamibeachnews\",\"https:\\\/\\\/www.instagram.com\\\/miamibeachnews\\\/\"],\"description\":\"The official website of the City of Miami Beach. Stay informed, find important information on city services, news, alerts, events, trolley routes, government employment and more.\",\"telephone\":\"305.604.CITY(2489)\",\"legalName\":\"City of Miami Beach\"}]}<\/script>\n<!-- \/ Yoast SEO Premium plugin. -->","yoast_head_json":{"title":"Bay Miami Beach pouvwa: Ted Lucas, yon limy\u00e8 siks\u00e8 ak konesans pou Mwa Biznis Nwa - Vil Miami Beach","description":"%","robots":{"index":"index","follow":"follow","max-snippet":"max-snippet:-1","max-image-preview":"max-image-preview:large","max-video-preview":"max-video-preview:-1"},"canonical":"https:\/\/www.miamibeachfl.gov\/ht\/spotlight\/august-2023-business-spotlight-ted-lucas\/","og_locale":"ht_HT","og_type":"article","og_title":"Empowering Miami Beach: Ted Lucas, a Beacon of Success and Knowledge for Black Business Month","og_description":"%","og_url":"https:\/\/www.miamibeachfl.gov\/ht\/spotlight\/august-2023-business-spotlight-ted-lucas\/","og_site_name":"City of Miami Beach","article_publisher":"https:\/\/www.facebook.com\/cityofmiamibeach","article_modified_time":"2025-06-03T01:58:02+00:00","og_image":[{"url":"https:\/\/www.miamibeachfl.gov\/wp-content\/uploads\/2023\/08\/Ted-Lucas-2-1024x683.jpeg","type":"","width":"","height":""}],"twitter_card":"summary_large_image","twitter_site":"@Miamibeachnews","schema":{"@context":"https:\/\/schema.org","@graph":[{"@type":"WebPage","@id":"https:\/\/www.miamibeachfl.gov\/spotlight\/august-2023-business-spotlight-ted-lucas\/","url":"https:\/\/www.miamibeachfl.gov\/spotlight\/august-2023-business-spotlight-ted-lucas\/","name":"Bay Miami Beach pouvwa: Ted Lucas, yon limy\u00e8 siks\u00e8 ak konesans pou Mwa Biznis Nwa - Vil Miami Beach","isPartOf":{"@id":"https:\/\/www.miamibeachfl.gov\/#website"},"primaryImageOfPage":{"@id":"https:\/\/www.miamibeachfl.gov\/spotlight\/august-2023-business-spotlight-ted-lucas\/#primaryimage"},"image":{"@id":"https:\/\/www.miamibeachfl.gov\/spotlight\/august-2023-business-spotlight-ted-lucas\/#primaryimage"},"thumbnailUrl":"https:\/\/www.miamibeachfl.gov\/wp-content\/uploads\/2023\/08\/Ted-Lucas-2-1024x683.jpeg","datePublished":"2023-08-21T16:55:17+00:00","dateModified":"2025-06-03T01:58:02+00:00","description":"%","breadcrumb":{"@id":"https:\/\/www.miamibeachfl.gov\/spotlight\/august-2023-business-spotlight-ted-lucas\/#breadcrumb"},"inLanguage":"ht","potentialAction":[{"@type":"ReadAction","target":["https:\/\/www.miamibeachfl.gov\/spotlight\/august-2023-business-spotlight-ted-lucas\/"]}]},{"@type":"ImageObject","inLanguage":"ht","@id":"https:\/\/www.miamibeachfl.gov\/spotlight\/august-2023-business-spotlight-ted-lucas\/#primaryimage","url":"https:\/\/www.miamibeachfl.gov\/wp-content\/uploads\/2023\/08\/Ted-Lucas-2-1024x683.jpeg","contentUrl":"https:\/\/www.miamibeachfl.gov\/wp-content\/uploads\/2023\/08\/Ted-Lucas-2-1024x683.jpeg"},{"@type":"BreadcrumbList","@id":"https:\/\/www.miamibeachfl.gov\/spotlight\/august-2023-business-spotlight-ted-lucas\/#breadcrumb","itemListElement":[{"@type":"ListItem","position":1,"name":"Home","item":"https:\/\/www.miamibeachfl.gov\/"},{"@type":"ListItem","position":2,"name":"Business Newsletters and Spotlights","item":"https:\/\/www.miamibeachfl.gov\/spotlight\/"},{"@type":"ListItem","position":3,"name":"Empowering Miami Beach: Ted Lucas, a Beacon of Success and Knowledge for Black Business Month"}]},{"@type":"WebSite","@id":"https:\/\/www.miamibeachfl.gov\/#website","url":"https:\/\/www.miamibeachfl.gov\/","name":"Vil Miami Beach","description":"Sitw\u00e8b ofisy\u00e8l Vil Miami Beach la. Rete enf\u00f2me, jwenn enf\u00f2masyon enp\u00f2tan sou s\u00e8vis vil la, nouv\u00e8l, al\u00e8t, ev\u00e8nman, wout tramway, travay gouv\u00e8nman an ak plis ank\u00f2.","publisher":{"@id":"https:\/\/www.miamibeachfl.gov\/#organization"},"potentialAction":[{"@type":"SearchAction","target":{"@type":"EntryPoint","urlTemplate":"https:\/\/www.miamibeachfl.gov\/?s={search_term_string}"},"query-input":{"@type":"PropertyValueSpecification","valueRequired":true,"valueName":"search_term_string"}}],"inLanguage":"ht"},{"@type":"Organization","@id":"https:\/\/www.miamibeachfl.gov\/#organization","name":"Vil Miami Beach","url":"https:\/\/www.miamibeachfl.gov\/","logo":{"@type":"ImageObject","inLanguage":"ht","@id":"https:\/\/www.miamibeachfl.gov\/#\/schema\/logo\/image\/","url":"https:\/\/www.miamibeachfl.gov\/wp-content\/uploads\/2022\/06\/miamibeach-logoblue.png","contentUrl":"https:\/\/www.miamibeachfl.gov\/wp-content\/uploads\/2022\/06\/miamibeach-logoblue.png","width":1962,"height":381,"caption":"City of Miami Beach"},"image":{"@id":"https:\/\/www.miamibeachfl.gov\/#\/schema\/logo\/image\/"},"sameAs":["https:\/\/www.facebook.com\/cityofmiamibeach","https:\/\/x.com\/Miamibeachnews","https:\/\/www.instagram.com\/miamibeachnews\/"],"description":"Sitw\u00e8b ofisy\u00e8l Vil Miami Beach la. Rete enf\u00f2me, jwenn enf\u00f2masyon enp\u00f2tan sou s\u00e8vis vil la, nouv\u00e8l, al\u00e8t, ev\u00e8nman, wout tramway, travay gouv\u00e8nman an ak plis ank\u00f2.","telephone":"305.604.CITY(2489)","legalName":"City of Miami Beach"}]}},"_links":{"self":[{"href":"https:\/\/www.miamibeachfl.gov\/ht\/wp-json\/wp\/v2\/pages\/269259","targetHints":{"allow":["GET"]}}],"collection":[{"href":"https:\/\/www.miamibeachfl.gov\/ht\/wp-json\/wp\/v2\/pages"}],"about":[{"href":"https:\/\/www.miamibeachfl.gov\/ht\/wp-json\/wp\/v2\/types\/page"}],"author":[{"embeddable":true,"href":"https:\/\/www.miamibeachfl.gov\/ht\/wp-json\/wp\/v2\/users\/329"}],"replies":[{"embeddable":true,"href":"https:\/\/www.miamibeachfl.gov\/ht\/wp-json\/wp\/v2\/comments?post=269259"}],"version-history":[{"count":1,"href":"https:\/\/www.miamibeachfl.gov\/ht\/wp-json\/wp\/v2\/pages\/269259\/revisions"}],"predecessor-version":[{"id":375051,"href":"https:\/\/www.miamibeachfl.gov\/ht\/wp-json\/wp\/v2\/pages\/269259\/revisions\/375051"}],"up":[{"embeddable":true,"href":"https:\/\/www.miamibeachfl.gov\/ht\/wp-json\/wp\/v2\/pages\/253255"}],"wp:attachment":[{"href":"https:\/\/www.miamibeachfl.gov\/ht\/wp-json\/wp\/v2\/media?parent=269259"}],"wp:term":[{"taxonomy":"category","embeddable":true,"href":"https:\/\/www.miamibeachfl.gov\/ht\/wp-json\/wp\/v2\/categories?post=269259"},{"taxonomy":"post_tag","embeddable":true,"href":"https:\/\/www.miamibeachfl.gov\/ht\/wp-json\/wp\/v2\/tags?post=269259"}],"curies":[{"name":"wp","href":"https:\/\/api.w.org\/{rel}","templated":true}]}}