{"id":270563,"date":"2023-09-01T11:32:28","date_gmt":"2023-09-01T15:32:28","guid":{"rendered":"https:\/\/www.miamibeachfl.gov\/?page_id=270563"},"modified":"2025-06-16T14:36:32","modified_gmt":"2025-06-16T18:36:32","slug":"statistics","status":"publish","type":"page","link":"https:\/\/www.miamibeachfl.gov\/ht\/city-hall\/building\/statistics\/","title":{"rendered":"Estatistik sou Konstriksyon"},"content":{"rendered":"<h1>\n\t\t<a href=\"#interactivepermitguide\" title=\"Tablodb\u00f2 Estatistik Konstriksyon\"  target=\"_self\">\n\t\t\tTablodb\u00f2 Estatistik Konstriksyon\t\t<\/a>\n\t<\/h1>\nMeni Bilding\t\t\t\n\t\t\t\t\t<ul id=\"menu-building-department\"><li id=\"menu-item-270333\" aria-haspopup=\"true\"><a aria-expanded=\"false\" href=\"\/ht\/city-hall\/building\/permits\/\">Aplikasyon pou P\u00e8mi<\/a>\n<ul>\n\t<li id=\"menu-item-286727\"><a href=\"\/ht\/city-hall\/building\/permits\/\">Pwosesis P\u00e8mi an \u2013 Kijan pou aplike<\/a><\/li>\n\t<li id=\"menu-item-271067\"><a href=\"\/ht\/city-hall\/building\/permits\/permitchecklists\/\">Lis verifikasyon p\u00e8mi yo<\/a><\/li>\n\t<li id=\"menu-item-322770\"><a href=\"\/ht\/city-hall\/building\/permits\/same-day-services\/\">S\u00e8vis Menm Jou a<\/a><\/li>\n\t<li id=\"menu-item-270341\"><a href=\"\/ht\/city-hall\/building\/onlinepermits\/\">Sant Resous P\u00e8mi Sou Ent\u00e8n\u00e8t \u2013 Aplike Sou Ent\u00e8n\u00e8t<\/a><\/li>\n\t<li id=\"menu-item-270340\"><a href=\"\/ht\/city-hall\/building\/permits\/interactive-permit-guide\/\">Gid P\u00e8mi Ent\u00e8aktif<\/a><\/li>\n\t<li id=\"menu-item-340585\"><a href=\"\/ht\/city-hall\/building\/permits\/expired-permits-and-permit-renewals\/\">P\u00e8mi ki ekspire ak renouv\u00e8lman p\u00e8mi<\/a><\/li>\n<\/ul>\n<\/li>\n<li id=\"menu-item-312699\" aria-haspopup=\"true\"><a aria-expanded=\"false\" href=\"#\">Resous P\u00e8mi<\/a>\n<ul>\n\t<li id=\"menu-item-280603\"><a href=\"https:\/\/www.miamibeachfl.gov\/wp-content\/uploads\/2025\/03\/Fee-Schedule-10.01.2024_Update-3.3.2025.pdf\">Or\u00e8 Fr\u00e8<\/a><\/li>\n\t<li id=\"menu-item-272445\"><a href=\"\/ht\/city-hall\/building\/permits\/building-permits-not-required-work-list\/\">Lis Moun Ki Pa Bezwen P\u00e8mi<\/a><\/li>\n\t<li id=\"menu-item-285785\"><a href=\"\/ht\/city-hall\/building\/permits\/permit-refunds\/\">Ranbousman P\u00e8mi<\/a><\/li>\n\t<li id=\"menu-item-285786\"><a href=\"\/ht\/city-hall\/building\/permits\/building-permit-reprieve-program\/\">Pwogram Amnisti pou Vyolasyon K\u00f2d Konstriksyon<\/a><\/li>\n\t<li id=\"menu-item-270348\"><a href=\"\/ht\/city-hall\/building\/building-recert\/\">Re-s\u00e8tifikasyon Bilding<\/a><\/li>\n\t<li id=\"menu-item-298042\"><a href=\"\/ht\/city-hall\/building\/permits\/fema-50-rule\/\">R\u00e8g Fema 50%<\/a><\/li>\n\t<li id=\"menu-item-270344\"><a href=\"\/ht\/city-hall\/building\/permits\/mdc\/\">Konte Miami-Dade<\/a><\/li>\n\t<li id=\"menu-item-270345\"><a href=\"\/ht\/city-hall\/building\/permits\/phased-permits\/\">P\u00e8mi faz<\/a><\/li>\n\t<li id=\"menu-item-270342\"><a href=\"\/ht\/city-hall\/building\/permits\/green\/\">P\u00e8mi V\u00e8t<\/a><\/li>\n\t<li id=\"menu-item-270346\"><a href=\"\/ht\/city-hall\/building\/statistics\/\">Tablodb\u00f2 Estatistik<\/a><\/li>\n\t<li id=\"menu-item-286018\"><a href=\"\/ht\/permits-search-dashboard\/\">Rech\u00e8ch P\u00e8mi Achiv<\/a><\/li>\n<\/ul>\n<\/li>\n<li id=\"menu-item-270334\"><a href=\"\/ht\/city-hall\/building\/forms\/\">F\u00f2m yo<\/a><\/li>\n<li id=\"menu-item-270335\"><a href=\"\/ht\/city-hall\/building\/inspections\/\">Enspeksyon yo<\/a><\/li>\n<li id=\"menu-item-270336\"><a href=\"\/ht\/city-hall\/building\/violations\/\">Vyolasyon<\/a><\/li>\n<li id=\"menu-item-270339\"><a href=\"\/ht\/city-hall\/building\/contractors\/\">Kontrakt\u00e8 yo<\/a><\/li>\n<li id=\"menu-item-270338\" aria-haspopup=\"true\"><a aria-expanded=\"false\" href=\"\/ht\/city-hall\/building\/contact-us\/\">Kontakte nou<\/a>\n<ul>\n\t<li id=\"menu-item-270351\"><a href=\"\/ht\/city-hall\/building\/web-booking-terms\/\">Pran yon randevou sou ent\u00e8n\u00e8t<\/a><\/li>\n<\/ul>\n<\/li>\n<li id=\"menu-item-270337\" aria-haspopup=\"true\"><a aria-expanded=\"false\" href=\"#\">Plis Lyen<\/a>\n<ul>\n\t<li id=\"menu-item-270352\"><a href=\"\/ht\/city-hall\/building\/faq\/\">Kesyon yo poze souvan<\/a><\/li>\n\t<li id=\"menu-item-270350\"><a href=\"\/ht\/city-hall\/building\/events\/\">Ev\u00e8nman ak Anons<\/a><\/li>\n\t<li id=\"menu-item-270353\"><a href=\"\/ht\/city-hall\/building\/local-flood-hazard-info\/\">Jesyon pl\u00e8n inondasyon<\/a><\/li>\n\t<li id=\"menu-item-270347\"><a href=\"\/ht\/city-hall\/building\/hurricane-preparedness\/\">Preparasyon pou Sikl\u00f2n<\/a><\/li>\n\t<li id=\"menu-item-270349\"><a href=\"\/ht\/city-hall\/building\/records-management\/\">Jesyon Dosye<\/a><\/li>\n\t<li id=\"menu-item-270343\"><a href=\"\/ht\/city-hall\/building\/permits\/private-provider-info\/\">Enf\u00f2masyon sou Founis\u00e8 Prive<\/a><\/li>\n\t<li id=\"menu-item-280714\"><a href=\"\/ht\/city-hall\/building\/building-recert\/annual-maintenance-log\/\">Jounal Antretyen Any\u00e8l<\/a><\/li>\n\t<li id=\"menu-item-285447\"><a href=\"\/ht\/city-hall\/building\/sop\/\">SOP<\/a><\/li>\n<\/ul>\n<\/li>\n<\/ul>\t\nMeni Bilding \u00d7\t\t\t\t\t\t<ul id=\"menu-building-department-1\"><li id=\"menu-item-270333\" aria-haspopup=\"true\"><a aria-expanded=\"false\" href=\"\/ht\/city-hall\/building\/permits\/\">Aplikasyon pou P\u00e8mi<\/a>\n<ul>\n\t<li id=\"menu-item-286727\"><a href=\"\/ht\/city-hall\/building\/permits\/\">Pwosesis P\u00e8mi an \u2013 Kijan pou aplike<\/a><\/li>\n\t<li id=\"menu-item-271067\"><a href=\"\/ht\/city-hall\/building\/permits\/permitchecklists\/\">Lis verifikasyon p\u00e8mi yo<\/a><\/li>\n\t<li id=\"menu-item-322770\"><a href=\"\/ht\/city-hall\/building\/permits\/same-day-services\/\">S\u00e8vis Menm Jou a<\/a><\/li>\n\t<li id=\"menu-item-270341\"><a href=\"\/ht\/city-hall\/building\/onlinepermits\/\">Sant Resous P\u00e8mi Sou Ent\u00e8n\u00e8t \u2013 Aplike Sou Ent\u00e8n\u00e8t<\/a><\/li>\n\t<li id=\"menu-item-270340\"><a href=\"\/ht\/city-hall\/building\/permits\/interactive-permit-guide\/\">Gid P\u00e8mi Ent\u00e8aktif<\/a><\/li>\n\t<li id=\"menu-item-340585\"><a href=\"\/ht\/city-hall\/building\/permits\/expired-permits-and-permit-renewals\/\">P\u00e8mi ki ekspire ak renouv\u00e8lman p\u00e8mi<\/a><\/li>\n<\/ul>\n<\/li>\n<li id=\"menu-item-312699\" aria-haspopup=\"true\"><a aria-expanded=\"false\" href=\"#\">Resous P\u00e8mi<\/a>\n<ul>\n\t<li id=\"menu-item-280603\"><a href=\"https:\/\/www.miamibeachfl.gov\/wp-content\/uploads\/2025\/03\/Fee-Schedule-10.01.2024_Update-3.3.2025.pdf\">Or\u00e8 Fr\u00e8<\/a><\/li>\n\t<li id=\"menu-item-272445\"><a href=\"\/ht\/city-hall\/building\/permits\/building-permits-not-required-work-list\/\">Lis Moun Ki Pa Bezwen P\u00e8mi<\/a><\/li>\n\t<li id=\"menu-item-285785\"><a href=\"\/ht\/city-hall\/building\/permits\/permit-refunds\/\">Ranbousman P\u00e8mi<\/a><\/li>\n\t<li id=\"menu-item-285786\"><a href=\"\/ht\/city-hall\/building\/permits\/building-permit-reprieve-program\/\">Pwogram Amnisti pou Vyolasyon K\u00f2d Konstriksyon<\/a><\/li>\n\t<li id=\"menu-item-270348\"><a href=\"\/ht\/city-hall\/building\/building-recert\/\">Re-s\u00e8tifikasyon Bilding<\/a><\/li>\n\t<li id=\"menu-item-298042\"><a href=\"\/ht\/city-hall\/building\/permits\/fema-50-rule\/\">R\u00e8g Fema 50%<\/a><\/li>\n\t<li id=\"menu-item-270344\"><a href=\"\/ht\/city-hall\/building\/permits\/mdc\/\">Konte Miami-Dade<\/a><\/li>\n\t<li id=\"menu-item-270345\"><a href=\"\/ht\/city-hall\/building\/permits\/phased-permits\/\">P\u00e8mi faz<\/a><\/li>\n\t<li id=\"menu-item-270342\"><a href=\"\/ht\/city-hall\/building\/permits\/green\/\">P\u00e8mi V\u00e8t<\/a><\/li>\n\t<li id=\"menu-item-270346\"><a href=\"\/ht\/city-hall\/building\/statistics\/\">Tablodb\u00f2 Estatistik<\/a><\/li>\n\t<li id=\"menu-item-286018\"><a href=\"\/ht\/permits-search-dashboard\/\">Rech\u00e8ch P\u00e8mi Achiv<\/a><\/li>\n<\/ul>\n<\/li>\n<li id=\"menu-item-270334\"><a href=\"\/ht\/city-hall\/building\/forms\/\">F\u00f2m yo<\/a><\/li>\n<li id=\"menu-item-270335\"><a href=\"\/ht\/city-hall\/building\/inspections\/\">Enspeksyon yo<\/a><\/li>\n<li id=\"menu-item-270336\"><a href=\"\/ht\/city-hall\/building\/violations\/\">Vyolasyon<\/a><\/li>\n<li id=\"menu-item-270339\"><a href=\"\/ht\/city-hall\/building\/contractors\/\">Kontrakt\u00e8 yo<\/a><\/li>\n<li id=\"menu-item-270338\" aria-haspopup=\"true\"><a aria-expanded=\"false\" href=\"\/ht\/city-hall\/building\/contact-us\/\">Kontakte nou<\/a>\n<ul>\n\t<li id=\"menu-item-270351\"><a href=\"\/ht\/city-hall\/building\/web-booking-terms\/\">Pran yon randevou sou ent\u00e8n\u00e8t<\/a><\/li>\n<\/ul>\n<\/li>\n<li id=\"menu-item-270337\" aria-haspopup=\"true\"><a aria-expanded=\"false\" href=\"#\">Plis Lyen<\/a>\n<ul>\n\t<li id=\"menu-item-270352\"><a href=\"\/ht\/city-hall\/building\/faq\/\">Kesyon yo poze souvan<\/a><\/li>\n\t<li id=\"menu-item-270350\"><a href=\"\/ht\/city-hall\/building\/events\/\">Ev\u00e8nman ak Anons<\/a><\/li>\n\t<li id=\"menu-item-270353\"><a href=\"\/ht\/city-hall\/building\/local-flood-hazard-info\/\">Jesyon pl\u00e8n inondasyon<\/a><\/li>\n\t<li id=\"menu-item-270347\"><a href=\"\/ht\/city-hall\/building\/hurricane-preparedness\/\">Preparasyon pou Sikl\u00f2n<\/a><\/li>\n\t<li id=\"menu-item-270349\"><a href=\"\/ht\/city-hall\/building\/records-management\/\">Jesyon Dosye<\/a><\/li>\n\t<li id=\"menu-item-270343\"><a href=\"\/ht\/city-hall\/building\/permits\/private-provider-info\/\">Enf\u00f2masyon sou Founis\u00e8 Prive<\/a><\/li>\n\t<li id=\"menu-item-280714\"><a href=\"\/ht\/city-hall\/building\/building-recert\/annual-maintenance-log\/\">Jounal Antretyen Any\u00e8l<\/a><\/li>\n\t<li id=\"menu-item-285447\"><a href=\"\/ht\/city-hall\/building\/sop\/\">SOP<\/a><\/li>\n<\/ul>\n<\/li>\n<\/ul>\t\t\t\t\n\t<p>Pou enf\u00f2masyon ak transparans, Depatman Konstriksyon an bay kliyan li yo estatistik ki reprezante pa tablo ak graf pou montre div\u00e8s done tankou, men pa limite a, kantite p\u00e8mi yo aplike pou, kantite p\u00e8mi yo apwouve, tan pou revize plan yo, ak bidj\u00e8 a. Pandan nouvo done vin disponib, tablo sa yo pral mete ajou.<\/p>\n\t\t\t<a href=\"\/ht\/city-hall\/building\/statistics\/dashboard\/\" target=\"_self\">\n\t\t\t\t\t\t\tGade Tablodb\u00f2 Depatman Konstriksyon an\n\t\t\t<\/a>\n\t\t\t<a href=\"\/ht\/data-transparency-dashboard\/\" target=\"_self\">\n\t\t\t\t\t\t\tTablo Depans Operasyon\u00e8l\n\t\t\t<\/a>\n\t<p>Civic Access se yon sit s\u00e8vis nouvo jenerasyon pou p\u00e8mi, planifikasyon, resi taks biznis, ak konf\u00f2mite k\u00f2d. Soum\u00e8t demann ou an sou ent\u00e8n\u00e8t epi tcheke estati aplikasyon p\u00e8mi ou an, ak plan konstriksyon an, oswa menm mande yon enspeksyon.<\/p>\n\t<ul>\n\t\t<li><a href=\"https:\/\/energovcss.miamibeachfl.gov\/energovprod\/selfservice#\/home\" target=\"_blank\" rel=\"noopener\" aria-label=\"Ale sou https:\/\/energovcss.miamibeachfl.gov\/energovprod\/selfservice#\/home\">\t\t\t\t\n\t\t<\/a><h3>P\u00f2tal Aks\u00e8 Sivik<\/h3><p><a href=\"https:\/\/energovcss.miamibeachfl.gov\/energovprod\/selfservice#\/login?redirectUrl=%2Fhome\">Konekte <\/a> oubyen<br \/><a href=\"https:\/\/energovcss.miamibeachfl.gov\/energovprod\/selfservice#\/register\">Anrejistre yon nouvo kont <\/a><\/p><\/li><li><a href=\"https:\/\/energovcss.miamibeachfl.gov\/energovprod\/selfservice#\/search\" target=\"_blank\" rel=\"noopener\" aria-label=\"Ale sou https:\/\/energovcss.miamibeachfl.gov\/energovprod\/selfservice#\/search\">\t\t\t\t\n\t\t<h3>Rech\u00e8ch<\/h3><p>Ch\u00e8che Dosye Piblik pou P\u00e8mi, Plan, Enspeksyon, Ka K\u00f2d, Demann, Lisans ak Pwoj\u00e8 <\/p>\n<\/a><\/li><li><a href=\"https:\/\/energovcss.miamibeachfl.gov\/energovprod\/selfservice#\/applicationAssistant\" target=\"_blank\" rel=\"noopener\" aria-label=\"Ale sou https:\/\/energovcss.miamibeachfl.gov\/energovprod\/selfservice#\/applicationAssistant\">\t\t\t\t\n\t\t<h3>Aplike<\/h3><p>Asistan Aplikasyon pou P\u00e8mi, Plan ak Resi Biznis <\/p>\n<\/a><\/li><li><a href=\"https:\/\/energovcss.miamibeachfl.gov\/energovprod\/selfservice#\/payinvoice\" target=\"_blank\" rel=\"noopener\" aria-label=\"Ale sou https:\/\/energovcss.miamibeachfl.gov\/energovprod\/selfservice#\/payinvoice\">\t\t\t\t\n\t\t<\/a><a href=\"https:\/\/energovcss.miamibeachfl.gov\/energovprod\/selfservice#\/payinvoice\">Ch\u00e8che yon fakti <\/a> oubyen<br \/>\n<a href=\"https:\/\/payments.miamibeachfl.gov\/app\/\">Trete yon Peman Rapid <\/a>\n<\/li>\t<\/ul>\n\t<p> Depatman Konstriksyon Vil Miami Beach la angaje l pou l bay kominote nou an s\u00e8vis ki gen pi bon kalite a l\u00e8 li aplike k\u00f2d konstriksyon yo yon fason inif\u00f2m e rapid, li amelyore kontiny\u00e8lman atrav\u00e8 inovasyon ak senplifikasyon s\u00e8vis yo, li kolabore av\u00e8k depatman vil la, epi li amelyore konpetans pwofesyon\u00e8l nou yo. <\/p>","protected":false},"excerpt":{"rendered":"<p>Building Statistics Dashboards Building Menu Permit Application The Permitting Process &#8211; How to Apply Permitting Checklists Same Day Service Online [&hellip;]<\/p>\n","protected":false},"author":222,"featured_media":0,"parent":251511,"menu_order":23,"comment_status":"closed","ping_status":"closed","template":"","meta":{"_searchwp_excluded":"","site-sidebar-layout":"default","site-content-layout":"","ast-site-content-layout":"default","site-content-style":"default","site-sidebar-style":"default","ast-global-header-display":"","ast-banner-title-visibility":"","ast-main-header-display":"","ast-hfb-above-header-display":"","ast-hfb-below-header-display":"","ast-hfb-mobile-header-display":"","site-post-title":"","ast-breadcrumbs-content":"","ast-featured-img":"","footer-sml-layout":"","theme-transparent-header-meta":"","adv-header-id-meta":"","stick-header-meta":"","header-above-stick-meta":"","header-main-stick-meta":"","header-below-stick-meta":"","astra-migrate-meta-layouts":"default","ast-page-background-enabled":"default","ast-page-background-meta":{"desktop":{"background-color":"var(--ast-global-color-5)","background-image":"","background-repeat":"repeat","background-position":"center center","background-size":"auto","background-attachment":"scroll","background-type":"","background-media":"","overlay-type":"","overlay-color":"","overlay-opacity":"","overlay-gradient":""},"tablet":{"background-color":"","background-image":"","background-repeat":"repeat","background-position":"center center","background-size":"auto","background-attachment":"scroll","background-type":"","background-media":"","overlay-type":"","overlay-color":"","overlay-opacity":"","overlay-gradient":""},"mobile":{"background-color":"","background-image":"","background-repeat":"repeat","background-position":"center center","background-size":"auto","background-attachment":"scroll","background-type":"","background-media":"","overlay-type":"","overlay-color":"","overlay-opacity":"","overlay-gradient":""}},"ast-content-background-meta":{"desktop":{"background-color":"var(--ast-global-color-4)","background-image":"","background-repeat":"repeat","background-position":"center center","background-size":"auto","background-attachment":"scroll","background-type":"","background-media":"","overlay-type":"","overlay-color":"","overlay-opacity":"","overlay-gradient":""},"tablet":{"background-color":"var(--ast-global-color-4)","background-image":"","background-repeat":"repeat","background-position":"center center","background-size":"auto","background-attachment":"scroll","background-type":"","background-media":"","overlay-type":"","overlay-color":"","overlay-opacity":"","overlay-gradient":""},"mobile":{"background-color":"var(--ast-global-color-4)","background-image":"","background-repeat":"repeat","background-position":"center center","background-size":"auto","background-attachment":"scroll","background-type":"","background-media":"","overlay-type":"","overlay-color":"","overlay-opacity":"","overlay-gradient":""}},"footnotes":""},"categories":[],"tags":[1044,1047,1046,1022],"class_list":["post-270563","page","type-page","status-publish","hentry","tag-building-department","tag-building-guidelines","tag-building-guides","tag-building-permit"],"yoast_head":"<!-- This site is optimized with the Yoast SEO Premium plugin v27.4 (Yoast SEO v27.4) - https:\/\/yoast.com\/product\/yoast-seo-premium-wordpress\/ -->\n<title>Building Statistics - City of Miami Beach<\/title>\n<meta name=\"description\" content=\"The City of Miami Beach Building Department is dedicated to serving the public through ef\ufb01cient and effective supervision and regulation of construction activities in Miami Beach.\" \/>\n<meta name=\"robots\" content=\"index, follow, max-snippet:-1, max-image-preview:large, max-video-preview:-1\" \/>\n<link rel=\"canonical\" href=\"https:\/\/www.miamibeachfl.gov\/ht\/city-hall\/building\/statistics\/\" \/>\n<meta property=\"og:locale\" content=\"ht_HT\" \/>\n<meta property=\"og:type\" content=\"article\" \/>\n<meta property=\"og:title\" content=\"Building Statistics\" \/>\n<meta property=\"og:description\" content=\"The City of Miami Beach Building Department is dedicated to serving the public through ef\ufb01cient and effective supervision and regulation of construction activities in Miami Beach.\" \/>\n<meta property=\"og:url\" content=\"https:\/\/www.miamibeachfl.gov\/ht\/city-hall\/building\/statistics\/\" \/>\n<meta property=\"og:site_name\" content=\"City of Miami Beach\" \/>\n<meta property=\"article:publisher\" content=\"https:\/\/www.facebook.com\/cityofmiamibeach\" \/>\n<meta property=\"article:modified_time\" content=\"2025-06-16T18:36:32+00:00\" \/>\n<meta property=\"og:image\" content=\"https:\/\/www.miamibeachfl.gov\/wp-content\/uploads\/2024\/01\/1000pxSquare-miamibeach-aerial-southpointview.jpeg\" \/>\n\t<meta property=\"og:image:width\" content=\"1000\" \/>\n\t<meta property=\"og:image:height\" content=\"1000\" \/>\n\t<meta property=\"og:image:type\" content=\"image\/jpeg\" \/>\n<meta name=\"twitter:card\" content=\"summary_large_image\" \/>\n<meta name=\"twitter:site\" content=\"@Miamibeachnews\" \/>\n<script type=\"application\/ld+json\" class=\"yoast-schema-graph\">{\"@context\":\"https:\\\/\\\/schema.org\",\"@graph\":[{\"@type\":\"WebPage\",\"@id\":\"https:\\\/\\\/www.miamibeachfl.gov\\\/city-hall\\\/building\\\/statistics\\\/\",\"url\":\"https:\\\/\\\/www.miamibeachfl.gov\\\/city-hall\\\/building\\\/statistics\\\/\",\"name\":\"Building Statistics - City of Miami Beach\",\"isPartOf\":{\"@id\":\"https:\\\/\\\/www.miamibeachfl.gov\\\/#website\"},\"datePublished\":\"2023-09-01T15:32:28+00:00\",\"dateModified\":\"2025-06-16T18:36:32+00:00\",\"description\":\"The City of Miami Beach Building Department is dedicated to serving the public through ef\ufb01cient and effective supervision and regulation of construction activities in Miami Beach.\",\"breadcrumb\":{\"@id\":\"https:\\\/\\\/www.miamibeachfl.gov\\\/city-hall\\\/building\\\/statistics\\\/#breadcrumb\"},\"inLanguage\":\"ht\",\"potentialAction\":[{\"@type\":\"ReadAction\",\"target\":[\"https:\\\/\\\/www.miamibeachfl.gov\\\/city-hall\\\/building\\\/statistics\\\/\"]}]},{\"@type\":\"BreadcrumbList\",\"@id\":\"https:\\\/\\\/www.miamibeachfl.gov\\\/city-hall\\\/building\\\/statistics\\\/#breadcrumb\",\"itemListElement\":[{\"@type\":\"ListItem\",\"position\":1,\"name\":\"Home\",\"item\":\"https:\\\/\\\/www.miamibeachfl.gov\\\/\"},{\"@type\":\"ListItem\",\"position\":2,\"name\":\"City Hall\",\"item\":\"https:\\\/\\\/www.miamibeachfl.gov\\\/city-hall\\\/\"},{\"@type\":\"ListItem\",\"position\":3,\"name\":\"Building\",\"item\":\"https:\\\/\\\/www.miamibeachfl.gov\\\/city-hall\\\/building\\\/\"},{\"@type\":\"ListItem\",\"position\":4,\"name\":\"Building Statistics\"}]},{\"@type\":\"WebSite\",\"@id\":\"https:\\\/\\\/www.miamibeachfl.gov\\\/#website\",\"url\":\"https:\\\/\\\/www.miamibeachfl.gov\\\/\",\"name\":\"City of Miami Beach\",\"description\":\"The official website of the City of Miami Beach. Stay informed, find important information on city services, news, alerts, events, trolley routes, government employment and more.\",\"publisher\":{\"@id\":\"https:\\\/\\\/www.miamibeachfl.gov\\\/#organization\"},\"potentialAction\":[{\"@type\":\"SearchAction\",\"target\":{\"@type\":\"EntryPoint\",\"urlTemplate\":\"https:\\\/\\\/www.miamibeachfl.gov\\\/?s={search_term_string}\"},\"query-input\":{\"@type\":\"PropertyValueSpecification\",\"valueRequired\":true,\"valueName\":\"search_term_string\"}}],\"inLanguage\":\"ht\"},{\"@type\":\"Organization\",\"@id\":\"https:\\\/\\\/www.miamibeachfl.gov\\\/#organization\",\"name\":\"City of Miami Beach\",\"url\":\"https:\\\/\\\/www.miamibeachfl.gov\\\/\",\"logo\":{\"@type\":\"ImageObject\",\"inLanguage\":\"ht\",\"@id\":\"https:\\\/\\\/www.miamibeachfl.gov\\\/#\\\/schema\\\/logo\\\/image\\\/\",\"url\":\"https:\\\/\\\/www.miamibeachfl.gov\\\/wp-content\\\/uploads\\\/2022\\\/06\\\/miamibeach-logoblue.png\",\"contentUrl\":\"https:\\\/\\\/www.miamibeachfl.gov\\\/wp-content\\\/uploads\\\/2022\\\/06\\\/miamibeach-logoblue.png\",\"width\":1962,\"height\":381,\"caption\":\"City of Miami Beach\"},\"image\":{\"@id\":\"https:\\\/\\\/www.miamibeachfl.gov\\\/#\\\/schema\\\/logo\\\/image\\\/\"},\"sameAs\":[\"https:\\\/\\\/www.facebook.com\\\/cityofmiamibeach\",\"https:\\\/\\\/x.com\\\/Miamibeachnews\",\"https:\\\/\\\/www.instagram.com\\\/miamibeachnews\\\/\"],\"description\":\"The official website of the City of Miami Beach. Stay informed, find important information on city services, news, alerts, events, trolley routes, government employment and more.\",\"telephone\":\"305.604.CITY(2489)\",\"legalName\":\"City of Miami Beach\"}]}<\/script>\n<!-- \/ Yoast SEO Premium plugin. -->","yoast_head_json":{"title":"Estatistik sou Konstriksyon - Vil Miami Beach","description":"Depatman Konstriksyon Vil Miami Beach la dedye pou s\u00e8vi piblik la atrav\u00e8 sip\u00e8vizyon ak r\u00e8gleman efikas sou aktivite konstriksyon nan Miami Beach.","robots":{"index":"index","follow":"follow","max-snippet":"max-snippet:-1","max-image-preview":"max-image-preview:large","max-video-preview":"max-video-preview:-1"},"canonical":"https:\/\/www.miamibeachfl.gov\/ht\/city-hall\/building\/statistics\/","og_locale":"ht_HT","og_type":"article","og_title":"Building Statistics","og_description":"The City of Miami Beach Building Department is dedicated to serving the public through ef\ufb01cient and effective supervision and regulation of construction activities in Miami Beach.","og_url":"https:\/\/www.miamibeachfl.gov\/ht\/city-hall\/building\/statistics\/","og_site_name":"City of Miami Beach","article_publisher":"https:\/\/www.facebook.com\/cityofmiamibeach","article_modified_time":"2025-06-16T18:36:32+00:00","og_image":[{"width":1000,"height":1000,"url":"https:\/\/www.miamibeachfl.gov\/wp-content\/uploads\/2024\/01\/1000pxSquare-miamibeach-aerial-southpointview.jpeg","type":"image\/jpeg"}],"twitter_card":"summary_large_image","twitter_site":"@Miamibeachnews","schema":{"@context":"https:\/\/schema.org","@graph":[{"@type":"WebPage","@id":"https:\/\/www.miamibeachfl.gov\/city-hall\/building\/statistics\/","url":"https:\/\/www.miamibeachfl.gov\/city-hall\/building\/statistics\/","name":"Estatistik sou Konstriksyon - Vil Miami Beach","isPartOf":{"@id":"https:\/\/www.miamibeachfl.gov\/#website"},"datePublished":"2023-09-01T15:32:28+00:00","dateModified":"2025-06-16T18:36:32+00:00","description":"Depatman Konstriksyon Vil Miami Beach la dedye pou s\u00e8vi piblik la atrav\u00e8 sip\u00e8vizyon ak r\u00e8gleman efikas sou aktivite konstriksyon nan Miami Beach.","breadcrumb":{"@id":"https:\/\/www.miamibeachfl.gov\/city-hall\/building\/statistics\/#breadcrumb"},"inLanguage":"ht","potentialAction":[{"@type":"ReadAction","target":["https:\/\/www.miamibeachfl.gov\/city-hall\/building\/statistics\/"]}]},{"@type":"BreadcrumbList","@id":"https:\/\/www.miamibeachfl.gov\/city-hall\/building\/statistics\/#breadcrumb","itemListElement":[{"@type":"ListItem","position":1,"name":"Home","item":"https:\/\/www.miamibeachfl.gov\/"},{"@type":"ListItem","position":2,"name":"City Hall","item":"https:\/\/www.miamibeachfl.gov\/city-hall\/"},{"@type":"ListItem","position":3,"name":"Building","item":"https:\/\/www.miamibeachfl.gov\/city-hall\/building\/"},{"@type":"ListItem","position":4,"name":"Building Statistics"}]},{"@type":"WebSite","@id":"https:\/\/www.miamibeachfl.gov\/#website","url":"https:\/\/www.miamibeachfl.gov\/","name":"Vil Miami Beach","description":"Sitw\u00e8b ofisy\u00e8l Vil Miami Beach la. Rete enf\u00f2me, jwenn enf\u00f2masyon enp\u00f2tan sou s\u00e8vis vil la, nouv\u00e8l, al\u00e8t, ev\u00e8nman, wout tramway, travay gouv\u00e8nman an ak plis ank\u00f2.","publisher":{"@id":"https:\/\/www.miamibeachfl.gov\/#organization"},"potentialAction":[{"@type":"SearchAction","target":{"@type":"EntryPoint","urlTemplate":"https:\/\/www.miamibeachfl.gov\/?s={search_term_string}"},"query-input":{"@type":"PropertyValueSpecification","valueRequired":true,"valueName":"search_term_string"}}],"inLanguage":"ht"},{"@type":"Organization","@id":"https:\/\/www.miamibeachfl.gov\/#organization","name":"Vil Miami Beach","url":"https:\/\/www.miamibeachfl.gov\/","logo":{"@type":"ImageObject","inLanguage":"ht","@id":"https:\/\/www.miamibeachfl.gov\/#\/schema\/logo\/image\/","url":"https:\/\/www.miamibeachfl.gov\/wp-content\/uploads\/2022\/06\/miamibeach-logoblue.png","contentUrl":"https:\/\/www.miamibeachfl.gov\/wp-content\/uploads\/2022\/06\/miamibeach-logoblue.png","width":1962,"height":381,"caption":"City of Miami Beach"},"image":{"@id":"https:\/\/www.miamibeachfl.gov\/#\/schema\/logo\/image\/"},"sameAs":["https:\/\/www.facebook.com\/cityofmiamibeach","https:\/\/x.com\/Miamibeachnews","https:\/\/www.instagram.com\/miamibeachnews\/"],"description":"Sitw\u00e8b ofisy\u00e8l Vil Miami Beach la. Rete enf\u00f2me, jwenn enf\u00f2masyon enp\u00f2tan sou s\u00e8vis vil la, nouv\u00e8l, al\u00e8t, ev\u00e8nman, wout tramway, travay gouv\u00e8nman an ak plis ank\u00f2.","telephone":"305.604.CITY(2489)","legalName":"City of Miami Beach"}]}},"_links":{"self":[{"href":"https:\/\/www.miamibeachfl.gov\/ht\/wp-json\/wp\/v2\/pages\/270563","targetHints":{"allow":["GET"]}}],"collection":[{"href":"https:\/\/www.miamibeachfl.gov\/ht\/wp-json\/wp\/v2\/pages"}],"about":[{"href":"https:\/\/www.miamibeachfl.gov\/ht\/wp-json\/wp\/v2\/types\/page"}],"author":[{"embeddable":true,"href":"https:\/\/www.miamibeachfl.gov\/ht\/wp-json\/wp\/v2\/users\/222"}],"replies":[{"embeddable":true,"href":"https:\/\/www.miamibeachfl.gov\/ht\/wp-json\/wp\/v2\/comments?post=270563"}],"version-history":[{"count":1,"href":"https:\/\/www.miamibeachfl.gov\/ht\/wp-json\/wp\/v2\/pages\/270563\/revisions"}],"predecessor-version":[{"id":383618,"href":"https:\/\/www.miamibeachfl.gov\/ht\/wp-json\/wp\/v2\/pages\/270563\/revisions\/383618"}],"up":[{"embeddable":true,"href":"https:\/\/www.miamibeachfl.gov\/ht\/wp-json\/wp\/v2\/pages\/251511"}],"wp:attachment":[{"href":"https:\/\/www.miamibeachfl.gov\/ht\/wp-json\/wp\/v2\/media?parent=270563"}],"wp:term":[{"taxonomy":"category","embeddable":true,"href":"https:\/\/www.miamibeachfl.gov\/ht\/wp-json\/wp\/v2\/categories?post=270563"},{"taxonomy":"post_tag","embeddable":true,"href":"https:\/\/www.miamibeachfl.gov\/ht\/wp-json\/wp\/v2\/tags?post=270563"}],"curies":[{"name":"wp","href":"https:\/\/api.w.org\/{rel}","templated":true}]}}