{"id":274106,"date":"2023-10-02T10:40:32","date_gmt":"2023-10-02T14:40:32","guid":{"rendered":"https:\/\/www.miamibeachfl.gov\/?page_id=274106"},"modified":"2026-04-03T13:59:33","modified_gmt":"2026-04-03T17:59:33","slug":"stormwater-masterplan","status":"publish","type":"page","link":"https:\/\/www.miamibeachfl.gov\/ht\/residents\/neighborhood-affairs-division\/active-projects\/other\/stormwater-masterplan\/","title":{"rendered":"Plan Direkt\u00e8 Dlo Lapli"},"content":{"rendered":"<h3>\n\t\t\tMizajou sou Mod\u00e8l Dlo Lapli ak Plan Jeneral\t<\/h3>\n\t<p>Vil la ap antame yon pwoj\u00e8 vital pou amelyore Plan Jeneral Jesyon Dlo Lapli li a ak Mod\u00e8l Jesyon Dlo Lapli li a. Inisyativ sa a baze sou twa objektif prensipal: premy\u00e8man, pou idantifye amelyorasyon dlo lapli sou yon ech\u00e8l nan tout vil la ki pral efektivman diminye inondasyon pandan ev\u00e8nman metewolojik ekstr\u00e8m, patikily\u00e8man anba kondisyon tanp\u00e8t ki difisil pou 10 ane ak 24 \u00e8dtan; dezy\u00e8mman, pou elabore yon estrateji konpl\u00e8 pou tretman kalite dlo ki kouvri tout vil la, ki vize pwoteje sante ekolojik Biscayne Bay; epi finalman, pou f\u00f2mile yon plan aplikasyon konpl\u00e8 ki anglobe tou de Pwoj\u00e8 Amelyorasyon Katye yo ak Pwoj\u00e8 Bezwen Kritik yo.<\/p>\n<p>Plan Direkt\u00e8 final la pral sibi yon evalyasyon ak yon konsiderasyon rigoureux pa Komisyon Vil la anvan aplikasyon li, pou asire ke vizyon Vil la pou jesyon dlo lapli a aliyen ak bezwen rezidan li yo ak anviw\u00f2nman an tou.<\/p>\n\t\t<h3>\t\n\tMizajou Pwoj\u00e8 yo<\/h3>\t\n\t\t\t\t\t\t<h5>Rap\u00f2 Plan Jeneral Dlo Lapli 2024 la<\/h5>\n\t\t\t<p>Klike sou lyen ki anba a pou w\u00e8 plis enf\u00f2masyon.<\/p>\n<p><strong><a href=\"https:\/\/www.miamibeachfl.gov\/wp-content\/uploads\/2024\/08\/CMB-2024-SWMP_Consolidated-Report_Final_Rev1.pdf\">2024 \u2013 Mod\u00e8l Dlo Lapli ak Plan Direkt\u00e8<\/a><\/strong><\/p>\n\t\t\t\t\t\t<h5>Apendis Plan Jeneral Dlo Lapli 2024 la<\/h5>\n\t\t\t<p><a href=\"https:\/\/www.miamibeachfl.gov\/wp-content\/uploads\/2024\/08\/Appendix-1-Input-Reports.pdf\">Apendis 1 Rap\u00f2 Antre<\/a><\/p>\n<p><a href=\"https:\/\/www.miamibeachfl.gov\/wp-content\/uploads\/2024\/08\/Appendix-2-Simple-Basin-Reports.pdf\">Apendis 2 Rap\u00f2 Basen Senp yo<\/a><\/p>\n<p><a href=\"https:\/\/www.miamibeachfl.gov\/wp-content\/uploads\/2024\/08\/Appendix-3-Master-Plan-Basin-Study-Area-Sub-Basin-Mapbook.pdf\">Apendis 3 Plan Jeneral Z\u00f2n Etid Basen an Liv Kat Sou-Basen an<\/a><\/p>\n<p><a href=\"https:\/\/www.miamibeachfl.gov\/wp-content\/uploads\/2024\/08\/Appendix-4-Conceptual-Stormwater-Network-Mapbook.pdf\">Apendis 4 Kat Jeyografik Rezo Dlo Lapli Konsepty\u00e8l<\/a><\/p>\n<p><a href=\"https:\/\/www.miamibeachfl.gov\/wp-content\/uploads\/2024\/08\/Appendix-5-Nodal-Diagram-Mapbook.pdf\">Apendis 5 Liv Kat Dyagram Nodal<\/a><\/p>\n<p><a href=\"https:\/\/www.miamibeachfl.gov\/wp-content\/uploads\/2024\/08\/Appendix-6-Nodal-Min_Max-Reports.pdf\">Apendis 6 Rap\u00f2 Nodal Min_Max<\/a><\/p>\n<p><a href=\"https:\/\/www.miamibeachfl.gov\/wp-content\/uploads\/2024\/08\/Appendix-7-Nodal-Link-Maximum-Reports.pdf\">Apendis 7 Rap\u00f2 Maksim\u00f2m Lyen Nodal<\/a><\/p>\n<p><a href=\"https:\/\/www.miamibeachfl.gov\/wp-content\/uploads\/2024\/08\/Appendix-8-Level-of-Service-Evaluation-Sub-Basin-Maps-2.pdf\">Apendis 8 Evalyasyon Nivo S\u00e8vis Kat Sou-Basen 2<\/a><\/p>\n<p><a href=\"https:\/\/www.miamibeachfl.gov\/wp-content\/uploads\/2024\/08\/Appendix-9-Pump-Specs.pdf\">Apendis 9 Espesifikasyon Ponp<\/a><\/p>\n<p><a href=\"https:\/\/www.miamibeachfl.gov\/wp-content\/uploads\/2024\/08\/Appendix-10-NIP-Preliminary-Construction-Cost-Estimates.pdf\">Apendis 10 Estimasyon Prelimin\u00e8 Pri Konstriksyon NIP la<\/a><\/p>\n<p><a href=\"https:\/\/www.miamibeachfl.gov\/wp-content\/uploads\/2024\/08\/Appendix-11-NIP-Budgetary-Summary-Table.pdf\">Apendis 11 Tablo Rezime Bidj\u00e8 NIP la<\/a><\/p>\n<p><a href=\"https:\/\/www.miamibeachfl.gov\/wp-content\/uploads\/2024\/08\/Appendix-12-CNP-Scoring-Matrix.pdf\">Apendis 12 Matris N\u00f2t CNP<\/a><\/p>\n<p><a href=\"https:\/\/www.miamibeachfl.gov\/wp-content\/uploads\/2024\/08\/Appendix-13-CNP-Preliminary-Construction-Cost-Estimates.pdf\">Apendis 13 Estimasyon Prelimin\u00e8 Pri Konstriksyon CNP a<\/a><\/p>\n<p><a href=\"https:\/\/www.miamibeachfl.gov\/wp-content\/uploads\/2024\/08\/Appendix-14-CNP-Conceptual-Exhibits.pdf\">Apendis 14 - Ekspozisyon Konsepty\u00e8l CNP yo<\/a><\/p>\n<p><a href=\"https:\/\/www.miamibeachfl.gov\/wp-content\/uploads\/2024\/08\/Appendix-15-CNP-Budgetary-Summary-Table.pdf\">Apendis 15 Tablo Rezime Bidj\u00e8 CNP a<\/a><\/p>\n\t\t\t\t\t\t<h5>Prezantasyon Piblik 2023<\/h5>\n\t\t\t<p>Klike sou lyen ki anba yo pou w\u00e8 plis enf\u00f2masyon.<\/p>\n<p><strong><a href=\"https:\/\/www.miamibeachfl.gov\/wp-content\/uploads\/2023\/10\/CMB_Public-Outreach_Presentation_Final_20230928.pdf\">Prezantasyon Reyinyon Piblik Ibrid Septanm 2023 la<\/a><\/strong><\/p>\n<p><strong><a href=\"https:\/\/www.miamibeachfl.gov\/wp-content\/uploads\/2023\/10\/Stormwater-Masterplan-Boards-.pdf\">Kons\u00e8y Reyinyon Piblik Ibrid Septanm 2023<\/a><\/strong><\/p>\n<p><strong><a href=\"https:\/\/myemail.constantcontact.com\/Reminder--Stormwater-Master-Plan-Workshop---Tonight-.html?soid=1011085968389&amp;aid=ID9-Go6xEHE\">Envitasyon pou Reyinyon Piblik Ibrid Septanm 2023 la<\/a><\/strong><\/p>\n\t\t<h3><a href=\"https:\/\/youtu.be\/dfkKsvSV2sk\"  target=\"_self\">\t\n\tAnrejistreman Reyinyon Piblik \u2013 Septanm 2023<\/a><\/h3>\t\n\t\t<iframe loading=\"lazy\" width=\"560\" height=\"315\" src=\"https:\/\/www.youtube.com\/embed\/dfkKsvSV2sk?si=x11ZaM-7k56D_RmG\" title=\"Jw\u00e8 videyo YouTube\" frameborder=\"0\" allow=\"accelerometer; autoplay; clipboard-write; encrypted-media; gyroscope; picture-in-picture; web-share\" allowfullscreen><\/iframe>\t\n<h3>\n\t\t\tAnplwaye Pwoj\u00e8 a\t<\/h3>\n\t<hr \/>\n<h3><strong>Ch\u00e8f Depatman<br \/>\nDepatman Travay Piblik<\/strong><\/h3>\n<h3><strong>Direkt\u00e8 Depatman an<br \/>\nJoe Gomez, PE<\/strong><\/h3>\n<h3><strong>Enjeny\u00e8 Vil la<br \/>\nCristina Ortega, PE<\/strong><\/h3>\n<h3><strong>Manadj\u00e8 Planifikasyon ak Konsepsyon<br \/>\nTeresa Kaimrajh, PE<\/strong><\/h3>\n\n<h3>Manadj\u00e8 Af\u00e8 Katye South Beach<br \/>\nLauren Firtel<br \/>\n<a href=\"mailto:LaurenFirtel@miamibeachfl.gov\">LaurenFirtel@miamibeachfl.gov<\/a><br \/>\n<\/h3>\n\n<h3>Konsiltan<br \/>\nAECOM<\/h3>\n<h3>\n\t\t\tMande plis enf\u00f2masyon oswa bay fidbak\t<\/h3>\n\t<div class=\"wpforms-container wpforms-container-full\" id=\"wpforms-258000\"><form id=\"wpforms-form-258000\" class=\"wpforms-validate wpforms-form wpforms-ajax-form\" data-formid=\"258000\" method=\"post\" enctype=\"multipart\/form-data\" action=\"\/ht\/wp-json\/wp\/v2\/pages\/274106\" data-token=\"410cdae041d31f60b4353b85b955c740\" data-token-time=\"1776433469\" data-trp-original-action=\"\/ht\/wp-json\/wp\/v2\/pages\/274106\"><noscript class=\"wpforms-error-noscript\">Tanpri aktive JavaScript nan navigat\u00e8 w la pou w ka ranpli f\u00f2m sa a.<\/noscript><div class=\"wpforms-field-container\"><div id=\"wpforms-258000-field_0-container\" class=\"wpforms-field wpforms-field-name\" data-field-id=\"0\"><label class=\"wpforms-field-label\">Non <span class=\"wpforms-required-label\">*<\/span><\/label><div class=\"wpforms-field-row wpforms-field-medium\"><div class=\"wpforms-field-row-block wpforms-first wpforms-one-half\"><input type=\"text\" id=\"wpforms-258000-field_0\" class=\"wpforms-field-name-first wpforms-field-required\" name=\"wpforms[fields][0][first]\" required><label for=\"wpforms-258000-field_0\" class=\"wpforms-field-sublabel after\">Premye<\/label><\/div><div class=\"wpforms-field-row-block wpforms-one-half\"><input type=\"text\" id=\"wpforms-258000-field_0-last\" class=\"wpforms-field-name-last wpforms-field-required\" name=\"wpforms[fields][0][last]\" required><label for=\"wpforms-258000-field_0-last\" class=\"wpforms-field-sublabel after\">D\u00e8nye<\/label><\/div><\/div><\/div><div id=\"wpforms-258000-field_4-container\" class=\"wpforms-field wpforms-field-layout\" data-field-id=\"4\"><div class=\"wpforms-field-layout-columns wpforms-field-layout-preset-50-50\"><div class=\"wpforms-layout-column wpforms-layout-column-50\" ><div id=\"wpforms-258000-field_1-container\" class=\"wpforms-field wpforms-field-email\" data-field-id=\"1\"><label class=\"wpforms-field-label\" for=\"wpforms-258000-field_1\">Im\u00e8l <span class=\"wpforms-required-label\">*<\/span><\/label><input type=\"email\" id=\"wpforms-258000-field_1\" class=\"wpforms-field-medium wpforms-field-required\" name=\"wpforms[fields][1]\" spellcheck=\"false\" required><\/div><div id=\"wpforms-258000-field_7-container\" class=\"wpforms-field wpforms-field-phone\" data-field-id=\"7\"><label class=\"wpforms-field-label\" for=\"wpforms-258000-field_7\">Telef\u00f2n<\/label><input type=\"tel\" id=\"wpforms-258000-field_7\" class=\"wpforms-field-medium wpforms-smart-phone-field\" data-rule-smart-phone-field=\"true\" name=\"wpforms[fields][7]\" aria-label=\"Telef\u00f2n\" ><\/div><\/div><div class=\"wpforms-layout-column wpforms-layout-column-50\" ><div id=\"wpforms-258000-field_3-container\" class=\"wpforms-field wpforms-field-select wpforms-field-select-style-classic\" data-field-id=\"3\"><label class=\"wpforms-field-label\" for=\"wpforms-258000-field_3\">Chwazi Z\u00f2n: <span class=\"wpforms-required-label\">*<\/span><\/label><select id=\"wpforms-258000-field_3\" class=\"wpforms-field-medium wpforms-field-required\" name=\"wpforms[fields][3]\" required=\"required\"><option value=\"Citywide\"  class=\"choice-1 depth-1\"  >Nan tout vil la<\/option><option value=\"South Beach\"  class=\"choice-2 depth-1\"  >Plaj Sid<\/option><option value=\"Mid Beach\"  class=\"choice-3 depth-1\"  >Mitan Plaj<\/option><option value=\"North Beach\"  class=\"choice-4 depth-1\"  >Plaj N\u00f2<\/option><\/select><\/div><\/div><\/div><\/div><div id=\"wpforms-258000-field_2-container\" class=\"wpforms-field wpforms-field-textarea\" data-field-id=\"2\"><label class=\"wpforms-field-label\" for=\"wpforms-258000-field_2\">K\u00f2mant\u00e8 oswa Mesaj<\/label><textarea id=\"wpforms-258000-field_2\" class=\"wpforms-field-medium\" name=\"wpforms[fields][2]\" ><\/textarea><\/div><div id=\"wpforms-258000-field_6-container\" class=\"wpforms-field wpforms-field-hidden\" data-field-id=\"6\"><input type=\"hidden\" id=\"wpforms-258000-field_6\" name=\"wpforms[fields][6]\" value=\": https:\/\/www.miamibeachfl.gov\/ht\/wp-json\/wp\/v2\/pages\/274106\"><\/div><\/div><!-- .wpforms-field-container --><div class=\"wpforms-recaptcha-container wpforms-is-recaptcha wpforms-is-recaptcha-type-v2\" ><div class=\"g-recaptcha\" data-sitekey=\"6Lcwxc4pAAAAAKPjNaeWluTmul42T6sdKruYO3BQ\"><\/div><input type=\"text\" name=\"g-recaptcha-hidden\" class=\"wpforms-recaptcha-hidden\" style=\"position:absolute!important;clip:rect(0,0,0,0)!important;height:1px!important;width:1px!important;border:0!important;overflow:hidden!important;padding:0!important;margin:0!important;\" data-rule-recaptcha=\"1\"><\/div><div class=\"wpforms-submit-container\" ><input type=\"hidden\" name=\"wpforms[id]\" value=\"258000\"><input type=\"hidden\" name=\"page_title\" value=\"\"><input type=\"hidden\" name=\"page_url\" value=\"https:\/\/www.miamibeachfl.gov\/ht\/wp-json\/wp\/v2\/pages\/274106\"><input type=\"hidden\" name=\"url_referer\" value=\"\"><button type=\"submit\" name=\"wpforms[submit]\" id=\"wpforms-submit-258000\" class=\"wpforms-submit\" data-alt-text=\"Sending...\" data-submit-text=\"Submit\" aria-live=\"assertive\" value=\"wpforms-submit\">Soum\u00e8t<\/button><img loading=\"lazy\" decoding=\"async\" src=\"https:\/\/www.miamibeachfl.gov\/wp-content\/plugins\/wpforms\/assets\/images\/submit-spin.svg\" class=\"wpforms-submit-spinner\" style=\"display: none;\" width=\"26\" height=\"26\" alt=\"Loading\"><\/div><input type=\"hidden\" name=\"trp-form-language\" value=\"ht\"\/><\/form><\/div>  <!-- .wpforms-container -->\n\t\t<h3>D\u00e8nye Mizajou<\/h3><p>Mas 2024<\/p>","protected":false},"excerpt":{"rendered":"<p>Mizajou sou Mod\u00e8l Dlo Lapli ak Plan Jeneral Vil la ap antame yon pwoj\u00e8 vital pou amelyore Plan Jeneral Dlo Lapli li a [\u2026]<\/p>","protected":false},"author":222,"featured_media":0,"parent":28467,"menu_order":0,"comment_status":"closed","ping_status":"closed","template":"","meta":{"_searchwp_excluded":"","site-sidebar-layout":"default","site-content-layout":"","ast-site-content-layout":"default","site-content-style":"default","site-sidebar-style":"default","ast-global-header-display":"","ast-banner-title-visibility":"","ast-main-header-display":"","ast-hfb-above-header-display":"","ast-hfb-below-header-display":"","ast-hfb-mobile-header-display":"","site-post-title":"","ast-breadcrumbs-content":"","ast-featured-img":"","footer-sml-layout":"","theme-transparent-header-meta":"","adv-header-id-meta":"","stick-header-meta":"","header-above-stick-meta":"","header-main-stick-meta":"","header-below-stick-meta":"","astra-migrate-meta-layouts":"default","ast-page-background-enabled":"default","ast-page-background-meta":{"desktop":{"background-color":"var(--ast-global-color-5)","background-image":"","background-repeat":"repeat","background-position":"center center","background-size":"auto","background-attachment":"scroll","background-type":"","background-media":"","overlay-type":"","overlay-color":"","overlay-opacity":"","overlay-gradient":""},"tablet":{"background-color":"","background-image":"","background-repeat":"repeat","background-position":"center center","background-size":"auto","background-attachment":"scroll","background-type":"","background-media":"","overlay-type":"","overlay-color":"","overlay-opacity":"","overlay-gradient":""},"mobile":{"background-color":"","background-image":"","background-repeat":"repeat","background-position":"center center","background-size":"auto","background-attachment":"scroll","background-type":"","background-media":"","overlay-type":"","overlay-color":"","overlay-opacity":"","overlay-gradient":""}},"ast-content-background-meta":{"desktop":{"background-color":"var(--ast-global-color-4)","background-image":"","background-repeat":"repeat","background-position":"center center","background-size":"auto","background-attachment":"scroll","background-type":"","background-media":"","overlay-type":"","overlay-color":"","overlay-opacity":"","overlay-gradient":""},"tablet":{"background-color":"var(--ast-global-color-4)","background-image":"","background-repeat":"repeat","background-position":"center center","background-size":"auto","background-attachment":"scroll","background-type":"","background-media":"","overlay-type":"","overlay-color":"","overlay-opacity":"","overlay-gradient":""},"mobile":{"background-color":"var(--ast-global-color-4)","background-image":"","background-repeat":"repeat","background-position":"center center","background-size":"auto","background-attachment":"scroll","background-type":"","background-media":"","overlay-type":"","overlay-color":"","overlay-opacity":"","overlay-gradient":""}},"footnotes":""},"categories":[1892],"tags":[],"class_list":["post-274106","page","type-page","status-publish","hentry","category-city-project-for-review"],"yoast_head":"<!-- This site is optimized with the Yoast SEO Premium plugin v26.6 (Yoast SEO v26.6) - https:\/\/yoast.com\/wordpress\/plugins\/seo\/ -->\n<title>Stormwater Masterplan - City of Miami Beach<\/title>\n<meta name=\"description\" content=\"%\" \/>\n<meta name=\"robots\" content=\"index, follow, max-snippet:-1, max-image-preview:large, max-video-preview:-1\" \/>\n<link rel=\"canonical\" href=\"https:\/\/www.miamibeachfl.gov\/ht\/residents\/neighborhood-affairs-division\/active-projects\/other\/stormwater-masterplan\/\" \/>\n<meta property=\"og:locale\" content=\"ht_HT\" \/>\n<meta property=\"og:type\" content=\"article\" \/>\n<meta property=\"og:title\" content=\"Stormwater Masterplan\" \/>\n<meta property=\"og:description\" content=\"%\" \/>\n<meta property=\"og:url\" content=\"https:\/\/www.miamibeachfl.gov\/ht\/residents\/neighborhood-affairs-division\/active-projects\/other\/stormwater-masterplan\/\" \/>\n<meta property=\"og:site_name\" content=\"City of Miami Beach\" \/>\n<meta property=\"article:publisher\" content=\"https:\/\/www.facebook.com\/cityofmiamibeach\" \/>\n<meta property=\"article:modified_time\" content=\"2026-04-03T17:59:33+00:00\" \/>\n<meta property=\"og:image\" content=\"https:\/\/www.miamibeachfl.gov\/wp-content\/uploads\/2024\/01\/1000pxSquare-miamibeach-aerial-southpointview.jpeg\" \/>\n\t<meta property=\"og:image:width\" content=\"1000\" \/>\n\t<meta property=\"og:image:height\" content=\"1000\" \/>\n\t<meta property=\"og:image:type\" content=\"image\/jpeg\" \/>\n<meta name=\"twitter:card\" content=\"summary_large_image\" \/>\n<meta name=\"twitter:site\" content=\"@Miamibeachnews\" \/>\n<script type=\"application\/ld+json\" class=\"yoast-schema-graph\">{\"@context\":\"https:\/\/schema.org\",\"@graph\":[{\"@type\":\"WebPage\",\"@id\":\"https:\/\/www.miamibeachfl.gov\/residents\/neighborhood-affairs-division\/active-projects\/other\/stormwater-masterplan\/\",\"url\":\"https:\/\/www.miamibeachfl.gov\/residents\/neighborhood-affairs-division\/active-projects\/other\/stormwater-masterplan\/\",\"name\":\"Stormwater Masterplan - City of Miami Beach\",\"isPartOf\":{\"@id\":\"https:\/\/www.miamibeachfl.gov\/#website\"},\"datePublished\":\"2023-10-02T14:40:32+00:00\",\"dateModified\":\"2026-04-03T17:59:33+00:00\",\"description\":\"%\",\"breadcrumb\":{\"@id\":\"https:\/\/www.miamibeachfl.gov\/residents\/neighborhood-affairs-division\/active-projects\/other\/stormwater-masterplan\/#breadcrumb\"},\"inLanguage\":\"ht\",\"potentialAction\":[{\"@type\":\"ReadAction\",\"target\":[\"https:\/\/www.miamibeachfl.gov\/residents\/neighborhood-affairs-division\/active-projects\/other\/stormwater-masterplan\/\"]}]},{\"@type\":\"BreadcrumbList\",\"@id\":\"https:\/\/www.miamibeachfl.gov\/residents\/neighborhood-affairs-division\/active-projects\/other\/stormwater-masterplan\/#breadcrumb\",\"itemListElement\":[{\"@type\":\"ListItem\",\"position\":1,\"name\":\"Home\",\"item\":\"https:\/\/www.miamibeachfl.gov\/\"},{\"@type\":\"ListItem\",\"position\":2,\"name\":\"Residents\",\"item\":\"https:\/\/www.miamibeachfl.gov\/residents\/\"},{\"@type\":\"ListItem\",\"position\":3,\"name\":\"Neighborhood Affairs Division\",\"item\":\"https:\/\/www.miamibeachfl.gov\/residents\/neighborhood-affairs-division\/\"},{\"@type\":\"ListItem\",\"position\":4,\"name\":\"Active Projects\",\"item\":\"https:\/\/www.miamibeachfl.gov\/residents\/neighborhood-affairs-division\/active-projects\/\"},{\"@type\":\"ListItem\",\"position\":5,\"name\":\"Other\",\"item\":\"https:\/\/www.miamibeachfl.gov\/residents\/neighborhood-affairs-division\/active-projects\/other\/\"},{\"@type\":\"ListItem\",\"position\":6,\"name\":\"Stormwater Masterplan\"}]},{\"@type\":\"WebSite\",\"@id\":\"https:\/\/www.miamibeachfl.gov\/#website\",\"url\":\"https:\/\/www.miamibeachfl.gov\/\",\"name\":\"City of Miami Beach\",\"description\":\"The official website of the City of Miami Beach. Stay informed, find important information on city services, news, alerts, events, trolley routes, government employment and more.\",\"publisher\":{\"@id\":\"https:\/\/www.miamibeachfl.gov\/#organization\"},\"potentialAction\":[{\"@type\":\"SearchAction\",\"target\":{\"@type\":\"EntryPoint\",\"urlTemplate\":\"https:\/\/www.miamibeachfl.gov\/?s={search_term_string}\"},\"query-input\":{\"@type\":\"PropertyValueSpecification\",\"valueRequired\":true,\"valueName\":\"search_term_string\"}}],\"inLanguage\":\"ht\"},{\"@type\":\"Organization\",\"@id\":\"https:\/\/www.miamibeachfl.gov\/#organization\",\"name\":\"City of Miami Beach\",\"url\":\"https:\/\/www.miamibeachfl.gov\/\",\"logo\":{\"@type\":\"ImageObject\",\"inLanguage\":\"ht\",\"@id\":\"https:\/\/www.miamibeachfl.gov\/#\/schema\/logo\/image\/\",\"url\":\"https:\/\/www.miamibeachfl.gov\/wp-content\/uploads\/2022\/06\/miamibeach-logoblue.png\",\"contentUrl\":\"https:\/\/www.miamibeachfl.gov\/wp-content\/uploads\/2022\/06\/miamibeach-logoblue.png\",\"width\":1962,\"height\":381,\"caption\":\"City of Miami Beach\"},\"image\":{\"@id\":\"https:\/\/www.miamibeachfl.gov\/#\/schema\/logo\/image\/\"},\"sameAs\":[\"https:\/\/www.facebook.com\/cityofmiamibeach\",\"https:\/\/x.com\/Miamibeachnews\",\"https:\/\/www.instagram.com\/miamibeachnews\/\"],\"description\":\"The official website of the City of Miami Beach. Stay informed, find important information on city services, news, alerts, events, trolley routes, government employment and more.\",\"telephone\":\"305.604.CITY(2489)\",\"legalName\":\"City of Miami Beach\"}]}<\/script>\n<!-- \/ Yoast SEO Premium plugin. -->","yoast_head_json":{"title":"Plan Jeneral pou Dlo Lapli - Vil Miami Beach","description":"%","robots":{"index":"index","follow":"follow","max-snippet":"max-snippet:-1","max-image-preview":"max-image-preview:large","max-video-preview":"max-video-preview:-1"},"canonical":"https:\/\/www.miamibeachfl.gov\/ht\/residents\/neighborhood-affairs-division\/active-projects\/other\/stormwater-masterplan\/","og_locale":"ht_HT","og_type":"article","og_title":"Stormwater Masterplan","og_description":"%","og_url":"https:\/\/www.miamibeachfl.gov\/ht\/residents\/neighborhood-affairs-division\/active-projects\/other\/stormwater-masterplan\/","og_site_name":"City of Miami Beach","article_publisher":"https:\/\/www.facebook.com\/cityofmiamibeach","article_modified_time":"2026-04-03T17:59:33+00:00","og_image":[{"width":1000,"height":1000,"url":"https:\/\/www.miamibeachfl.gov\/wp-content\/uploads\/2024\/01\/1000pxSquare-miamibeach-aerial-southpointview.jpeg","type":"image\/jpeg"}],"twitter_card":"summary_large_image","twitter_site":"@Miamibeachnews","schema":{"@context":"https:\/\/schema.org","@graph":[{"@type":"WebPage","@id":"https:\/\/www.miamibeachfl.gov\/residents\/neighborhood-affairs-division\/active-projects\/other\/stormwater-masterplan\/","url":"https:\/\/www.miamibeachfl.gov\/residents\/neighborhood-affairs-division\/active-projects\/other\/stormwater-masterplan\/","name":"Plan Jeneral pou Dlo Lapli - Vil Miami Beach","isPartOf":{"@id":"https:\/\/www.miamibeachfl.gov\/#website"},"datePublished":"2023-10-02T14:40:32+00:00","dateModified":"2026-04-03T17:59:33+00:00","description":"%","breadcrumb":{"@id":"https:\/\/www.miamibeachfl.gov\/residents\/neighborhood-affairs-division\/active-projects\/other\/stormwater-masterplan\/#breadcrumb"},"inLanguage":"ht","potentialAction":[{"@type":"ReadAction","target":["https:\/\/www.miamibeachfl.gov\/residents\/neighborhood-affairs-division\/active-projects\/other\/stormwater-masterplan\/"]}]},{"@type":"BreadcrumbList","@id":"https:\/\/www.miamibeachfl.gov\/residents\/neighborhood-affairs-division\/active-projects\/other\/stormwater-masterplan\/#breadcrumb","itemListElement":[{"@type":"ListItem","position":1,"name":"Home","item":"https:\/\/www.miamibeachfl.gov\/"},{"@type":"ListItem","position":2,"name":"Residents","item":"https:\/\/www.miamibeachfl.gov\/residents\/"},{"@type":"ListItem","position":3,"name":"Neighborhood Affairs Division","item":"https:\/\/www.miamibeachfl.gov\/residents\/neighborhood-affairs-division\/"},{"@type":"ListItem","position":4,"name":"Active Projects","item":"https:\/\/www.miamibeachfl.gov\/residents\/neighborhood-affairs-division\/active-projects\/"},{"@type":"ListItem","position":5,"name":"Other","item":"https:\/\/www.miamibeachfl.gov\/residents\/neighborhood-affairs-division\/active-projects\/other\/"},{"@type":"ListItem","position":6,"name":"Stormwater Masterplan"}]},{"@type":"WebSite","@id":"https:\/\/www.miamibeachfl.gov\/#website","url":"https:\/\/www.miamibeachfl.gov\/","name":"Vil Miami Beach","description":"Sitw\u00e8b ofisy\u00e8l Vil Miami Beach la. Rete enf\u00f2me, jwenn enf\u00f2masyon enp\u00f2tan sou s\u00e8vis vil la, nouv\u00e8l, al\u00e8t, ev\u00e8nman, wout tramway, travay gouv\u00e8nman an ak plis ank\u00f2.","publisher":{"@id":"https:\/\/www.miamibeachfl.gov\/#organization"},"potentialAction":[{"@type":"SearchAction","target":{"@type":"EntryPoint","urlTemplate":"https:\/\/www.miamibeachfl.gov\/?s={search_term_string}"},"query-input":{"@type":"PropertyValueSpecification","valueRequired":true,"valueName":"search_term_string"}}],"inLanguage":"ht"},{"@type":"Organization","@id":"https:\/\/www.miamibeachfl.gov\/#organization","name":"Vil Miami Beach","url":"https:\/\/www.miamibeachfl.gov\/","logo":{"@type":"ImageObject","inLanguage":"ht","@id":"https:\/\/www.miamibeachfl.gov\/#\/schema\/logo\/image\/","url":"https:\/\/www.miamibeachfl.gov\/wp-content\/uploads\/2022\/06\/miamibeach-logoblue.png","contentUrl":"https:\/\/www.miamibeachfl.gov\/wp-content\/uploads\/2022\/06\/miamibeach-logoblue.png","width":1962,"height":381,"caption":"City of Miami Beach"},"image":{"@id":"https:\/\/www.miamibeachfl.gov\/#\/schema\/logo\/image\/"},"sameAs":["https:\/\/www.facebook.com\/cityofmiamibeach","https:\/\/x.com\/Miamibeachnews","https:\/\/www.instagram.com\/miamibeachnews\/"],"description":"Sitw\u00e8b ofisy\u00e8l Vil Miami Beach la. Rete enf\u00f2me, jwenn enf\u00f2masyon enp\u00f2tan sou s\u00e8vis vil la, nouv\u00e8l, al\u00e8t, ev\u00e8nman, wout tramway, travay gouv\u00e8nman an ak plis ank\u00f2.","telephone":"305.604.CITY(2489)","legalName":"City of Miami Beach"}]}},"_links":{"self":[{"href":"https:\/\/www.miamibeachfl.gov\/ht\/wp-json\/wp\/v2\/pages\/274106","targetHints":{"allow":["GET"]}}],"collection":[{"href":"https:\/\/www.miamibeachfl.gov\/ht\/wp-json\/wp\/v2\/pages"}],"about":[{"href":"https:\/\/www.miamibeachfl.gov\/ht\/wp-json\/wp\/v2\/types\/page"}],"author":[{"embeddable":true,"href":"https:\/\/www.miamibeachfl.gov\/ht\/wp-json\/wp\/v2\/users\/222"}],"replies":[{"embeddable":true,"href":"https:\/\/www.miamibeachfl.gov\/ht\/wp-json\/wp\/v2\/comments?post=274106"}],"version-history":[{"count":0,"href":"https:\/\/www.miamibeachfl.gov\/ht\/wp-json\/wp\/v2\/pages\/274106\/revisions"}],"up":[{"embeddable":true,"href":"https:\/\/www.miamibeachfl.gov\/ht\/wp-json\/wp\/v2\/pages\/28467"}],"wp:attachment":[{"href":"https:\/\/www.miamibeachfl.gov\/ht\/wp-json\/wp\/v2\/media?parent=274106"}],"wp:term":[{"taxonomy":"category","embeddable":true,"href":"https:\/\/www.miamibeachfl.gov\/ht\/wp-json\/wp\/v2\/categories?post=274106"},{"taxonomy":"post_tag","embeddable":true,"href":"https:\/\/www.miamibeachfl.gov\/ht\/wp-json\/wp\/v2\/tags?post=274106"}],"curies":[{"name":"wp","href":"https:\/\/api.w.org\/{rel}","templated":true}]}}