{"id":274522,"date":"2023-10-05T15:54:18","date_gmt":"2023-10-05T19:54:18","guid":{"rendered":"https:\/\/www.miamibeachfl.gov\/city-hall\/housing-and-community-development-new\/community-services\/rent-and-utility-assistance\/"},"modified":"2026-01-13T14:04:47","modified_gmt":"2026-01-13T19:04:47","slug":"rent-and-utility-assistance","status":"publish","type":"page","link":"https:\/\/www.miamibeachfl.gov\/ht\/city-hall\/housing-and-community-development\/community-services\/rent-and-utility-assistance\/","title":{"rendered":"Asistans pou Lwaye ak S\u00e8vis Piblik"},"content":{"rendered":"<h1>\n\t\t\tAsistans pou Lwaye ak S\u00e8vis Piblik\t<\/h1>\n\t<p>Biwo S\u00e8vis Kominot\u00e8 a bay asistans pou lwaye ak s\u00e8vis piblik, l\u00e8 gen lajan ki disponib.<\/p>\nLojman ak Kominote\t\t\t\n\t\t\t\t\t<ul id=\"menu-housing-and-community-services\"><li id=\"menu-item-273929\"><a href=\"\/ht\/city-hall\/housing-and-community-development\/\">Kay H &amp; C<\/a><\/li>\n<li id=\"menu-item-273934\" aria-haspopup=\"true\"><a aria-expanded=\"false\" href=\"\/ht\/city-hall\/housing-and-community-development\/housing-and-community\/\">Lojman ak Kominote<\/a>\n<ul>\n\t<li id=\"menu-item-273935\" aria-haspopup=\"true\"><a aria-expanded=\"false\" href=\"\/ht\/city-hall\/housing-and-community-development\/housing-and-community\/community-development\/\">Devlopman Kominot\u00e8<\/a>\n\t<ul>\n\t\t<li id=\"menu-item-295056\"><a href=\"\/ht\/city-hall\/housing-and-community-development\/housing-and-community\/community-development\/live-local-act-inventory-list\/\">Lis Envant\u00e8 Lwa Lokal An Dir\u00e8k<\/a><\/li>\n\t<\/ul>\n<\/li>\n\t<li id=\"menu-item-273936\" aria-haspopup=\"true\"><a aria-expanded=\"false\" href=\"\/ht\/city-hall\/housing-and-community-development\/housing-and-community\/\/housing-services\/\">S\u00e8vis Lojman<\/a>\n\t<ul>\n\t\t<li id=\"menu-item-275063\"><a href=\"\/ht\/city-hall\/housing-and-community-development\/housing-and-community\/housing-services\/firsttimehomebuyer\/\">Moun k ap achte kay pou premye fwa<\/a><\/li>\n\t\t<li id=\"menu-item-275064\"><a href=\"\/ht\/city-hall\/housing-and-community-development\/housing-and-community\/housing-services\/ship\/\">BATO<\/a><\/li>\n\t\t<li id=\"menu-item-275065\"><a href=\"\/ht\/city-hall\/housing-and-community-development\/housing-and-community\/housing-services\/fairhousing\/\">Lojman Jis<\/a><\/li>\n\t\t<li id=\"menu-item-335207\"><a href=\"\/ht\/city-hall\/housing-and-community-development\/housing-and-community\/housing-services\/housing-program\/\">Pwogram Ranbousman Fr\u00e8 Aplikasyon Lwaye<\/a><\/li>\n\t<\/ul>\n<\/li>\n<\/ul>\n<\/li>\n<li id=\"menu-item-273937\"><a href=\"\/ht\/city-hall\/housing-and-community-development\/residential-housing\/\">Lojman Rezidansy\u00e8l<\/a><\/li>\n<li id=\"menu-item-273933\"><a href=\"\/ht\/city-hall\/housing-and-community-development\/homeless-outreach\/\">Asistans pou moun ki san kay<\/a><\/li>\n<li id=\"menu-item-273930\" aria-haspopup=\"true\"><a aria-expanded=\"false\" href=\"\/ht\/city-hall\/housing-and-community-development\/community-services\/\">S\u00e8vis Kominot\u00e8 yo<\/a>\n<ul>\n\t<li id=\"menu-item-273931\" aria-haspopup=\"true\"><a aria-expanded=\"false\" href=\"\/ht\/city-hall\/housing-and-community-development\/community-services\/elder-services\/\">S\u00e8vis pou Granmoun Aje yo<\/a>\n\t<ul>\n\t\t<li id=\"menu-item-279801\"><a href=\"\/ht\/city-hall\/housing-and-community-development\/community-services\/elder-services\/senior-centers\/\">Sant pou Granmoun Aje yo<\/a><\/li>\n\t<\/ul>\n<\/li>\n\t<li id=\"menu-item-273932\"><a href=\"\/ht\/city-hall\/housing-and-community-development\/community-services\/youth-services\/\">S\u00e8vis pou J\u00e8n yo<\/a><\/li>\n\t<li id=\"menu-item-274595\"><a href=\"\/ht\/city-hall\/housing-and-community-development\/community-services\/#communityserviceslocations\">Kote yo<\/a><\/li>\n<\/ul>\n<\/li>\n<\/ul>\t\nLojman ak Kominote \u00d7\t\t\t\t\t\t<ul id=\"menu-housing-and-community-services-1\"><li id=\"menu-item-273929\"><a href=\"\/ht\/city-hall\/housing-and-community-development\/\">Kay H &amp; C<\/a><\/li>\n<li id=\"menu-item-273934\" aria-haspopup=\"true\"><a aria-expanded=\"false\" href=\"\/ht\/city-hall\/housing-and-community-development\/housing-and-community\/\">Lojman ak Kominote<\/a>\n<ul>\n\t<li id=\"menu-item-273935\" aria-haspopup=\"true\"><a aria-expanded=\"false\" href=\"\/ht\/city-hall\/housing-and-community-development\/housing-and-community\/community-development\/\">Devlopman Kominot\u00e8<\/a>\n\t<ul>\n\t\t<li id=\"menu-item-295056\"><a href=\"\/ht\/city-hall\/housing-and-community-development\/housing-and-community\/community-development\/live-local-act-inventory-list\/\">Lis Envant\u00e8 Lwa Lokal An Dir\u00e8k<\/a><\/li>\n\t<\/ul>\n<\/li>\n\t<li id=\"menu-item-273936\" aria-haspopup=\"true\"><a aria-expanded=\"false\" href=\"\/ht\/city-hall\/housing-and-community-development\/housing-and-community\/\/housing-services\/\">S\u00e8vis Lojman<\/a>\n\t<ul>\n\t\t<li id=\"menu-item-275063\"><a href=\"\/ht\/city-hall\/housing-and-community-development\/housing-and-community\/housing-services\/firsttimehomebuyer\/\">Moun k ap achte kay pou premye fwa<\/a><\/li>\n\t\t<li id=\"menu-item-275064\"><a href=\"\/ht\/city-hall\/housing-and-community-development\/housing-and-community\/housing-services\/ship\/\">BATO<\/a><\/li>\n\t\t<li id=\"menu-item-275065\"><a href=\"\/ht\/city-hall\/housing-and-community-development\/housing-and-community\/housing-services\/fairhousing\/\">Lojman Jis<\/a><\/li>\n\t\t<li id=\"menu-item-335207\"><a href=\"\/ht\/city-hall\/housing-and-community-development\/housing-and-community\/housing-services\/housing-program\/\">Pwogram Ranbousman Fr\u00e8 Aplikasyon Lwaye<\/a><\/li>\n\t<\/ul>\n<\/li>\n<\/ul>\n<\/li>\n<li id=\"menu-item-273937\"><a href=\"\/ht\/city-hall\/housing-and-community-development\/residential-housing\/\">Lojman Rezidansy\u00e8l<\/a><\/li>\n<li id=\"menu-item-273933\"><a href=\"\/ht\/city-hall\/housing-and-community-development\/homeless-outreach\/\">Asistans pou moun ki san kay<\/a><\/li>\n<li id=\"menu-item-273930\" aria-haspopup=\"true\"><a aria-expanded=\"false\" href=\"\/ht\/city-hall\/housing-and-community-development\/community-services\/\">S\u00e8vis Kominot\u00e8 yo<\/a>\n<ul>\n\t<li id=\"menu-item-273931\" aria-haspopup=\"true\"><a aria-expanded=\"false\" href=\"\/ht\/city-hall\/housing-and-community-development\/community-services\/elder-services\/\">S\u00e8vis pou Granmoun Aje yo<\/a>\n\t<ul>\n\t\t<li id=\"menu-item-279801\"><a href=\"\/ht\/city-hall\/housing-and-community-development\/community-services\/elder-services\/senior-centers\/\">Sant pou Granmoun Aje yo<\/a><\/li>\n\t<\/ul>\n<\/li>\n\t<li id=\"menu-item-273932\"><a href=\"\/ht\/city-hall\/housing-and-community-development\/community-services\/youth-services\/\">S\u00e8vis pou J\u00e8n yo<\/a><\/li>\n\t<li id=\"menu-item-274595\"><a href=\"\/ht\/city-hall\/housing-and-community-development\/community-services\/#communityserviceslocations\">Kote yo<\/a><\/li>\n<\/ul>\n<\/li>\n<\/ul>\t\t\t\t\n\t<p><strong><a href=\"https:\/\/www.miamibeachfl.gov\/ht\/city-hall\/housing-and-community-development\/community-services\/assistance-funds-information\/\">Si gen lajan, aplikan yo dwe aplike pou yo ka jwenn yon randevou. Aprann plis bagay sou pwogram nan.<\/a><\/strong><\/p>\n<h3>\n\t\t\tPandan randevou a, kandida yo dwe pote:\t<\/h3>\n\t\t\t<h3> Avi pou mete dey\u00f2 (twa jou oswa tribinal)<\/h3>\t\t\n\t\t\t<h3> Avi Final (pou asistans s\u00e8vis piblik)<\/h3>\t\t\n\t\t\t<h3> Kat idantite ak foto valab pou tout moun nan kay la ki gen adr\u00e8s akty\u00e8l la<\/h3>\t\t\n\t\t\t<h3> Kat Sekirite Sosyal pou tout moun nan kay la<\/h3>\t\t\n\t\t\t<h3> Rele Bank\u00e8<\/h3>\t\t\n\t\t\t<h3> Pr\u00e8v revni<\/h3>\t\t\n\t\t\t<h3> Pr\u00e8v dwa<\/h3>\t\t\n\t\t\t<h3> Lwaye (si sa aplikab)<\/h3>\t\t\n\t<h2>\n\t\t\tTout aplikan yo ap bezwen pase nan yon pwosesis admisyon pou yo ka resevwa asistans. Pou plis enf\u00f2masyon, tanpri rele 305.673.7491.\t<\/h2>\n\t<p>Pou plis resous asistans pou lwaye, tanpri rele Liy \u00c8d pou Moun ki Sanzabri nan 1.877.994.4357. <em>(*N\u00f2t: Sa a se pa yon nimewo telef\u00f2n Vil Miami Beach.)<\/em><\/p>\n<p>Pou asistans ak s\u00e8vis piblik yo, tanpri rele Miami-Dade County Community Action and Human Services nan 305.672.1705. <a href=\"http:\/\/www.miamidade.gov\/socialservices\/housing-assistance-energy.asp\">oubyen vizite sit ent\u00e8n\u00e8t yo a.<\/a> <em>(*N\u00f2t: Sa a se pa yon nimewo telef\u00f2n Vil Miami Beach.)<\/em><\/p>","protected":false},"excerpt":{"rendered":"<p>Rent &#038; Utility Assistance The Office of Community Services provides rental and utility assistance, upon fund availability. Housing &#038; Community [&hellip;]<\/p>\n","protected":false},"author":222,"featured_media":260999,"parent":273896,"menu_order":29,"comment_status":"closed","ping_status":"closed","template":"","meta":{"_searchwp_excluded":"","site-sidebar-layout":"default","site-content-layout":"","ast-site-content-layout":"default","site-content-style":"default","site-sidebar-style":"default","ast-global-header-display":"","ast-banner-title-visibility":"","ast-main-header-display":"","ast-hfb-above-header-display":"","ast-hfb-below-header-display":"","ast-hfb-mobile-header-display":"","site-post-title":"","ast-breadcrumbs-content":"","ast-featured-img":"","footer-sml-layout":"","theme-transparent-header-meta":"","adv-header-id-meta":"","stick-header-meta":"","header-above-stick-meta":"","header-main-stick-meta":"","header-below-stick-meta":"","astra-migrate-meta-layouts":"default","ast-page-background-enabled":"default","ast-page-background-meta":{"desktop":{"background-color":"var(--ast-global-color-5)","background-image":"","background-repeat":"repeat","background-position":"center center","background-size":"auto","background-attachment":"scroll","background-type":"","background-media":"","overlay-type":"","overlay-color":"","overlay-opacity":"","overlay-gradient":""},"tablet":{"background-color":"","background-image":"","background-repeat":"repeat","background-position":"center center","background-size":"auto","background-attachment":"scroll","background-type":"","background-media":"","overlay-type":"","overlay-color":"","overlay-opacity":"","overlay-gradient":""},"mobile":{"background-color":"","background-image":"","background-repeat":"repeat","background-position":"center center","background-size":"auto","background-attachment":"scroll","background-type":"","background-media":"","overlay-type":"","overlay-color":"","overlay-opacity":"","overlay-gradient":""}},"ast-content-background-meta":{"desktop":{"background-color":"var(--ast-global-color-4)","background-image":"","background-repeat":"repeat","background-position":"center center","background-size":"auto","background-attachment":"scroll","background-type":"","background-media":"","overlay-type":"","overlay-color":"","overlay-opacity":"","overlay-gradient":""},"tablet":{"background-color":"var(--ast-global-color-4)","background-image":"","background-repeat":"repeat","background-position":"center center","background-size":"auto","background-attachment":"scroll","background-type":"","background-media":"","overlay-type":"","overlay-color":"","overlay-opacity":"","overlay-gradient":""},"mobile":{"background-color":"var(--ast-global-color-4)","background-image":"","background-repeat":"repeat","background-position":"center center","background-size":"auto","background-attachment":"scroll","background-type":"","background-media":"","overlay-type":"","overlay-color":"","overlay-opacity":"","overlay-gradient":""}},"footnotes":""},"categories":[],"tags":[],"class_list":["post-274522","page","type-page","status-publish","has-post-thumbnail","hentry"],"yoast_head":"<!-- This site is optimized with the Yoast SEO Premium plugin v27.4 (Yoast SEO v27.4) - https:\/\/yoast.com\/product\/yoast-seo-premium-wordpress\/ -->\n<title>Rent and Utility Assistance - City of Miami Beach<\/title>\n<meta name=\"description\" content=\"The Office of Community Services provides rental and utility assistance, upon fund availability.\" \/>\n<meta name=\"robots\" content=\"index, follow, max-snippet:-1, max-image-preview:large, max-video-preview:-1\" \/>\n<link rel=\"canonical\" href=\"https:\/\/www.miamibeachfl.gov\/ht\/city-hall\/housing-and-community-development\/community-services\/rent-and-utility-assistance\/\" \/>\n<meta property=\"og:locale\" content=\"ht_HT\" \/>\n<meta property=\"og:type\" content=\"article\" \/>\n<meta property=\"og:title\" content=\"Rent and Utility Assistance\" \/>\n<meta property=\"og:description\" content=\"The Office of Community Services provides rental and utility assistance, upon fund availability.\" \/>\n<meta property=\"og:url\" content=\"https:\/\/www.miamibeachfl.gov\/ht\/city-hall\/housing-and-community-development\/community-services\/rent-and-utility-assistance\/\" \/>\n<meta property=\"og:site_name\" content=\"City of Miami Beach\" \/>\n<meta property=\"article:publisher\" content=\"https:\/\/www.facebook.com\/cityofmiamibeach\" \/>\n<meta property=\"article:modified_time\" content=\"2026-01-13T19:04:47+00:00\" \/>\n<meta property=\"og:image\" content=\"https:\/\/www.miamibeachfl.gov\/wp-content\/uploads\/2023\/05\/homeowners.jpg\" \/>\n\t<meta property=\"og:image:width\" content=\"300\" \/>\n\t<meta property=\"og:image:height\" content=\"300\" \/>\n\t<meta property=\"og:image:type\" content=\"image\/jpeg\" \/>\n<meta name=\"twitter:card\" content=\"summary_large_image\" \/>\n<meta name=\"twitter:site\" content=\"@Miamibeachnews\" \/>\n<script type=\"application\/ld+json\" class=\"yoast-schema-graph\">{\"@context\":\"https:\\\/\\\/schema.org\",\"@graph\":[{\"@type\":\"WebPage\",\"@id\":\"https:\\\/\\\/www.miamibeachfl.gov\\\/city-hall\\\/housing-and-community-development\\\/community-services\\\/rent-and-utility-assistance\\\/\",\"url\":\"https:\\\/\\\/www.miamibeachfl.gov\\\/city-hall\\\/housing-and-community-development\\\/community-services\\\/rent-and-utility-assistance\\\/\",\"name\":\"Rent and Utility Assistance - City of Miami Beach\",\"isPartOf\":{\"@id\":\"https:\\\/\\\/www.miamibeachfl.gov\\\/#website\"},\"primaryImageOfPage\":{\"@id\":\"https:\\\/\\\/www.miamibeachfl.gov\\\/city-hall\\\/housing-and-community-development\\\/community-services\\\/rent-and-utility-assistance\\\/#primaryimage\"},\"image\":{\"@id\":\"https:\\\/\\\/www.miamibeachfl.gov\\\/city-hall\\\/housing-and-community-development\\\/community-services\\\/rent-and-utility-assistance\\\/#primaryimage\"},\"thumbnailUrl\":\"https:\\\/\\\/www.miamibeachfl.gov\\\/wp-content\\\/uploads\\\/2023\\\/05\\\/homeowners.jpg\",\"datePublished\":\"2023-10-05T19:54:18+00:00\",\"dateModified\":\"2026-01-13T19:04:47+00:00\",\"description\":\"The Office of Community Services provides rental and utility assistance, upon fund availability.\",\"breadcrumb\":{\"@id\":\"https:\\\/\\\/www.miamibeachfl.gov\\\/city-hall\\\/housing-and-community-development\\\/community-services\\\/rent-and-utility-assistance\\\/#breadcrumb\"},\"inLanguage\":\"ht\",\"potentialAction\":[{\"@type\":\"ReadAction\",\"target\":[\"https:\\\/\\\/www.miamibeachfl.gov\\\/city-hall\\\/housing-and-community-development\\\/community-services\\\/rent-and-utility-assistance\\\/\"]}]},{\"@type\":\"ImageObject\",\"inLanguage\":\"ht\",\"@id\":\"https:\\\/\\\/www.miamibeachfl.gov\\\/city-hall\\\/housing-and-community-development\\\/community-services\\\/rent-and-utility-assistance\\\/#primaryimage\",\"url\":\"https:\\\/\\\/www.miamibeachfl.gov\\\/wp-content\\\/uploads\\\/2023\\\/05\\\/homeowners.jpg\",\"contentUrl\":\"https:\\\/\\\/www.miamibeachfl.gov\\\/wp-content\\\/uploads\\\/2023\\\/05\\\/homeowners.jpg\",\"width\":300,\"height\":300,\"caption\":\"New Homeowners\"},{\"@type\":\"BreadcrumbList\",\"@id\":\"https:\\\/\\\/www.miamibeachfl.gov\\\/city-hall\\\/housing-and-community-development\\\/community-services\\\/rent-and-utility-assistance\\\/#breadcrumb\",\"itemListElement\":[{\"@type\":\"ListItem\",\"position\":1,\"name\":\"Home\",\"item\":\"https:\\\/\\\/www.miamibeachfl.gov\\\/\"},{\"@type\":\"ListItem\",\"position\":2,\"name\":\"City Hall\",\"item\":\"https:\\\/\\\/www.miamibeachfl.gov\\\/city-hall\\\/\"},{\"@type\":\"ListItem\",\"position\":3,\"name\":\"Housing &#038; Community Services\",\"item\":\"https:\\\/\\\/www.miamibeachfl.gov\\\/city-hall\\\/housing-and-community-development\\\/\"},{\"@type\":\"ListItem\",\"position\":4,\"name\":\"Community Services\",\"item\":\"https:\\\/\\\/www.miamibeachfl.gov\\\/city-hall\\\/housing-and-community-development\\\/community-services\\\/\"},{\"@type\":\"ListItem\",\"position\":5,\"name\":\"Rent and Utility Assistance\"}]},{\"@type\":\"WebSite\",\"@id\":\"https:\\\/\\\/www.miamibeachfl.gov\\\/#website\",\"url\":\"https:\\\/\\\/www.miamibeachfl.gov\\\/\",\"name\":\"City of Miami Beach\",\"description\":\"The official website of the City of Miami Beach. Stay informed, find important information on city services, news, alerts, events, trolley routes, government employment and more.\",\"publisher\":{\"@id\":\"https:\\\/\\\/www.miamibeachfl.gov\\\/#organization\"},\"potentialAction\":[{\"@type\":\"SearchAction\",\"target\":{\"@type\":\"EntryPoint\",\"urlTemplate\":\"https:\\\/\\\/www.miamibeachfl.gov\\\/?s={search_term_string}\"},\"query-input\":{\"@type\":\"PropertyValueSpecification\",\"valueRequired\":true,\"valueName\":\"search_term_string\"}}],\"inLanguage\":\"ht\"},{\"@type\":\"Organization\",\"@id\":\"https:\\\/\\\/www.miamibeachfl.gov\\\/#organization\",\"name\":\"City of Miami Beach\",\"url\":\"https:\\\/\\\/www.miamibeachfl.gov\\\/\",\"logo\":{\"@type\":\"ImageObject\",\"inLanguage\":\"ht\",\"@id\":\"https:\\\/\\\/www.miamibeachfl.gov\\\/#\\\/schema\\\/logo\\\/image\\\/\",\"url\":\"https:\\\/\\\/www.miamibeachfl.gov\\\/wp-content\\\/uploads\\\/2022\\\/06\\\/miamibeach-logoblue.png\",\"contentUrl\":\"https:\\\/\\\/www.miamibeachfl.gov\\\/wp-content\\\/uploads\\\/2022\\\/06\\\/miamibeach-logoblue.png\",\"width\":1962,\"height\":381,\"caption\":\"City of Miami Beach\"},\"image\":{\"@id\":\"https:\\\/\\\/www.miamibeachfl.gov\\\/#\\\/schema\\\/logo\\\/image\\\/\"},\"sameAs\":[\"https:\\\/\\\/www.facebook.com\\\/cityofmiamibeach\",\"https:\\\/\\\/x.com\\\/Miamibeachnews\",\"https:\\\/\\\/www.instagram.com\\\/miamibeachnews\\\/\"],\"description\":\"The official website of the City of Miami Beach. Stay informed, find important information on city services, news, alerts, events, trolley routes, government employment and more.\",\"telephone\":\"305.604.CITY(2489)\",\"legalName\":\"City of Miami Beach\"}]}<\/script>\n<!-- \/ Yoast SEO Premium plugin. -->","yoast_head_json":{"title":"Asistans pou Lwaye ak S\u00e8vis Piblik - Vil Miami Beach","description":"Biwo S\u00e8vis Kominot\u00e8 a bay asistans pou lwaye ak s\u00e8vis piblik, l\u00e8 gen lajan ki disponib.","robots":{"index":"index","follow":"follow","max-snippet":"max-snippet:-1","max-image-preview":"max-image-preview:large","max-video-preview":"max-video-preview:-1"},"canonical":"https:\/\/www.miamibeachfl.gov\/ht\/city-hall\/housing-and-community-development\/community-services\/rent-and-utility-assistance\/","og_locale":"ht_HT","og_type":"article","og_title":"Rent and Utility Assistance","og_description":"The Office of Community Services provides rental and utility assistance, upon fund availability.","og_url":"https:\/\/www.miamibeachfl.gov\/ht\/city-hall\/housing-and-community-development\/community-services\/rent-and-utility-assistance\/","og_site_name":"City of Miami Beach","article_publisher":"https:\/\/www.facebook.com\/cityofmiamibeach","article_modified_time":"2026-01-13T19:04:47+00:00","og_image":[{"width":300,"height":300,"url":"https:\/\/www.miamibeachfl.gov\/wp-content\/uploads\/2023\/05\/homeowners.jpg","type":"image\/jpeg"}],"twitter_card":"summary_large_image","twitter_site":"@Miamibeachnews","schema":{"@context":"https:\/\/schema.org","@graph":[{"@type":"WebPage","@id":"https:\/\/www.miamibeachfl.gov\/city-hall\/housing-and-community-development\/community-services\/rent-and-utility-assistance\/","url":"https:\/\/www.miamibeachfl.gov\/city-hall\/housing-and-community-development\/community-services\/rent-and-utility-assistance\/","name":"Asistans pou Lwaye ak S\u00e8vis Piblik - Vil Miami Beach","isPartOf":{"@id":"https:\/\/www.miamibeachfl.gov\/#website"},"primaryImageOfPage":{"@id":"https:\/\/www.miamibeachfl.gov\/city-hall\/housing-and-community-development\/community-services\/rent-and-utility-assistance\/#primaryimage"},"image":{"@id":"https:\/\/www.miamibeachfl.gov\/city-hall\/housing-and-community-development\/community-services\/rent-and-utility-assistance\/#primaryimage"},"thumbnailUrl":"https:\/\/www.miamibeachfl.gov\/wp-content\/uploads\/2023\/05\/homeowners.jpg","datePublished":"2023-10-05T19:54:18+00:00","dateModified":"2026-01-13T19:04:47+00:00","description":"Biwo S\u00e8vis Kominot\u00e8 a bay asistans pou lwaye ak s\u00e8vis piblik, l\u00e8 gen lajan ki disponib.","breadcrumb":{"@id":"https:\/\/www.miamibeachfl.gov\/city-hall\/housing-and-community-development\/community-services\/rent-and-utility-assistance\/#breadcrumb"},"inLanguage":"ht","potentialAction":[{"@type":"ReadAction","target":["https:\/\/www.miamibeachfl.gov\/city-hall\/housing-and-community-development\/community-services\/rent-and-utility-assistance\/"]}]},{"@type":"ImageObject","inLanguage":"ht","@id":"https:\/\/www.miamibeachfl.gov\/city-hall\/housing-and-community-development\/community-services\/rent-and-utility-assistance\/#primaryimage","url":"https:\/\/www.miamibeachfl.gov\/wp-content\/uploads\/2023\/05\/homeowners.jpg","contentUrl":"https:\/\/www.miamibeachfl.gov\/wp-content\/uploads\/2023\/05\/homeowners.jpg","width":300,"height":300,"caption":"New Homeowners"},{"@type":"BreadcrumbList","@id":"https:\/\/www.miamibeachfl.gov\/city-hall\/housing-and-community-development\/community-services\/rent-and-utility-assistance\/#breadcrumb","itemListElement":[{"@type":"ListItem","position":1,"name":"Home","item":"https:\/\/www.miamibeachfl.gov\/"},{"@type":"ListItem","position":2,"name":"City Hall","item":"https:\/\/www.miamibeachfl.gov\/city-hall\/"},{"@type":"ListItem","position":3,"name":"Housing &#038; Community Services","item":"https:\/\/www.miamibeachfl.gov\/city-hall\/housing-and-community-development\/"},{"@type":"ListItem","position":4,"name":"Community Services","item":"https:\/\/www.miamibeachfl.gov\/city-hall\/housing-and-community-development\/community-services\/"},{"@type":"ListItem","position":5,"name":"Rent and Utility Assistance"}]},{"@type":"WebSite","@id":"https:\/\/www.miamibeachfl.gov\/#website","url":"https:\/\/www.miamibeachfl.gov\/","name":"Vil Miami Beach","description":"Sitw\u00e8b ofisy\u00e8l Vil Miami Beach la. Rete enf\u00f2me, jwenn enf\u00f2masyon enp\u00f2tan sou s\u00e8vis vil la, nouv\u00e8l, al\u00e8t, ev\u00e8nman, wout tramway, travay gouv\u00e8nman an ak plis ank\u00f2.","publisher":{"@id":"https:\/\/www.miamibeachfl.gov\/#organization"},"potentialAction":[{"@type":"SearchAction","target":{"@type":"EntryPoint","urlTemplate":"https:\/\/www.miamibeachfl.gov\/?s={search_term_string}"},"query-input":{"@type":"PropertyValueSpecification","valueRequired":true,"valueName":"search_term_string"}}],"inLanguage":"ht"},{"@type":"Organization","@id":"https:\/\/www.miamibeachfl.gov\/#organization","name":"Vil Miami Beach","url":"https:\/\/www.miamibeachfl.gov\/","logo":{"@type":"ImageObject","inLanguage":"ht","@id":"https:\/\/www.miamibeachfl.gov\/#\/schema\/logo\/image\/","url":"https:\/\/www.miamibeachfl.gov\/wp-content\/uploads\/2022\/06\/miamibeach-logoblue.png","contentUrl":"https:\/\/www.miamibeachfl.gov\/wp-content\/uploads\/2022\/06\/miamibeach-logoblue.png","width":1962,"height":381,"caption":"City of Miami Beach"},"image":{"@id":"https:\/\/www.miamibeachfl.gov\/#\/schema\/logo\/image\/"},"sameAs":["https:\/\/www.facebook.com\/cityofmiamibeach","https:\/\/x.com\/Miamibeachnews","https:\/\/www.instagram.com\/miamibeachnews\/"],"description":"Sitw\u00e8b ofisy\u00e8l Vil Miami Beach la. Rete enf\u00f2me, jwenn enf\u00f2masyon enp\u00f2tan sou s\u00e8vis vil la, nouv\u00e8l, al\u00e8t, ev\u00e8nman, wout tramway, travay gouv\u00e8nman an ak plis ank\u00f2.","telephone":"305.604.CITY(2489)","legalName":"City of Miami Beach"}]}},"_links":{"self":[{"href":"https:\/\/www.miamibeachfl.gov\/ht\/wp-json\/wp\/v2\/pages\/274522","targetHints":{"allow":["GET"]}}],"collection":[{"href":"https:\/\/www.miamibeachfl.gov\/ht\/wp-json\/wp\/v2\/pages"}],"about":[{"href":"https:\/\/www.miamibeachfl.gov\/ht\/wp-json\/wp\/v2\/types\/page"}],"author":[{"embeddable":true,"href":"https:\/\/www.miamibeachfl.gov\/ht\/wp-json\/wp\/v2\/users\/222"}],"replies":[{"embeddable":true,"href":"https:\/\/www.miamibeachfl.gov\/ht\/wp-json\/wp\/v2\/comments?post=274522"}],"version-history":[{"count":2,"href":"https:\/\/www.miamibeachfl.gov\/ht\/wp-json\/wp\/v2\/pages\/274522\/revisions"}],"predecessor-version":[{"id":395029,"href":"https:\/\/www.miamibeachfl.gov\/ht\/wp-json\/wp\/v2\/pages\/274522\/revisions\/395029"}],"up":[{"embeddable":true,"href":"https:\/\/www.miamibeachfl.gov\/ht\/wp-json\/wp\/v2\/pages\/273896"}],"wp:featuredmedia":[{"embeddable":true,"href":"https:\/\/www.miamibeachfl.gov\/ht\/wp-json\/wp\/v2\/media\/260999"}],"wp:attachment":[{"href":"https:\/\/www.miamibeachfl.gov\/ht\/wp-json\/wp\/v2\/media?parent=274522"}],"wp:term":[{"taxonomy":"category","embeddable":true,"href":"https:\/\/www.miamibeachfl.gov\/ht\/wp-json\/wp\/v2\/categories?post=274522"},{"taxonomy":"post_tag","embeddable":true,"href":"https:\/\/www.miamibeachfl.gov\/ht\/wp-json\/wp\/v2\/tags?post=274522"}],"curies":[{"name":"wp","href":"https:\/\/api.w.org\/{rel}","templated":true}]}}