{"id":279863,"date":"2023-11-03T10:49:29","date_gmt":"2023-11-03T14:49:29","guid":{"rendered":"https:\/\/www.miamibeachfl.gov\/?page_id=279863"},"modified":"2025-06-07T15:45:37","modified_gmt":"2025-06-07T19:45:37","slug":"neighborhood-affairs-division","status":"publish","type":"page","link":"https:\/\/www.miamibeachfl.gov\/ht\/egovapp\/city-hall\/communicationsdepartment\/neighborhood-affairs-division\/","title":{"rendered":"Divizyon Af\u00e8 Katye yo"},"content":{"rendered":"<a href=\"https:\/\/www.miamibeachfl.gov\/ht\/egovapp\/city-hall\/\" target=\"_self\">\n\t\t\t\t\t\tRetounen nan Any\u00e8 Depatman an\n\t\t\t\t\t<\/a>\n<h1>\n\t\t\tDivizyon Af\u00e8 Katye yo\t<\/h1>\n\t\t\t<a href=\"https:\/\/www.miamibeachfl.gov\/ht\/egovapp\/city-hall\/communicationsdepartment\/neighborhood-affairs-division\/active-projects\/\" target=\"_self\">\n\t\t\t\t\t\t\tKat Pwoj\u00e8 pou Konstriksyon nan tout Vil la\n\t\t\t<\/a>\n<h2>\n\t\t\tNorth Beach ak tout vil la:\t<\/h2>\n\t\t\t <p><b>Kevin Pulido<br \/><\/b>Direkt\u00e8 Af\u00e8 Katye<\/p>\t\t\n\t\t\t <p><a href=\"mailto:KevinPulido@MiamiBeachFl.gov\">KevinPulido@MiamiBeachFl.gov<\/a><\/p>\t\t\n\t<h2  id=\"contactmidbeach\">\n\t\t\tMitan Plaj:\t<\/h2>\n\t\t\t <p><strong>Gabriella Gonzalez<\/strong><br \/>Kow\u00f2dinat\u00e8 Af\u00e8 Katye <\/p>\t\t\n\t\t\t <p><a href=\"mailto:GabriellaGonzalez@MiamiBeachFl.gov\">GabriellaGonzalez@MiamiBeachFl.gov<\/a><\/p>\n\t<h2  id=\"nadcontact\">\n\t\t\tPlaj Sid:\t<\/h2>\n\t\t\t <p><strong>Lauren Firtel<\/strong><br \/>Manadj\u00e8 Af\u00e8 Katye South Beach<\/p>\t\t\n\t\t\t <p><a href=\"mailto:KevinPulido@MiamiBeachFl.gov\">LaurenFirtel@MiamiBeachFl.gov<\/a><\/p>\t\t\n\t<h2>\n\t\t\tKons\u00e8nan NAD\t<\/h2>\n\t<p>Divizyon Af\u00e8 Katye a ankouraje patenarya solid ant kominote a ak depatman s\u00e8vis operasyon\u00e8l vil la pou amelyore kalite lavi rezidan yo ak biznis yo. Ekip Kow\u00f2donat\u00e8 Af\u00e8 Katye nou an angaje aktivman ak kominote a pou idantifye bezwen ak demann espesifik epi bay yon s\u00e8vis kliyan ki reponn byen vit. Objektif nou se fasilite kominikasyon, ankouraje angajman sivik, epi bati yon sans fy\u00e8te ak responsablite nan katye yo pou kreye yon vil ki pi solid, ki pi konekte, epi ki pwospere.<\/p>","protected":false},"excerpt":{"rendered":"<p>Retounen nan Any\u00e8 Depatman an Kat Pwoj\u00e8 Divizyon Af\u00e8 Katye pou Konstriksyon nan Tout Vil la North Beach ak nan Tout Vil la: Kevin Pulido Direkt\u00e8 Af\u00e8 Katye [\u2026]<\/p>","protected":false},"author":222,"featured_media":0,"parent":265657,"menu_order":0,"comment_status":"closed","ping_status":"closed","template":"","meta":{"_searchwp_excluded":"1","site-sidebar-layout":"default","site-content-layout":"","ast-site-content-layout":"","site-content-style":"default","site-sidebar-style":"default","ast-global-header-display":"disabled","ast-banner-title-visibility":"","ast-main-header-display":"","ast-hfb-above-header-display":"","ast-hfb-below-header-display":"","ast-hfb-mobile-header-display":"","site-post-title":"","ast-breadcrumbs-content":"","ast-featured-img":"","footer-sml-layout":"disabled","theme-transparent-header-meta":"","adv-header-id-meta":"","stick-header-meta":"","header-above-stick-meta":"","header-main-stick-meta":"","header-below-stick-meta":"","astra-migrate-meta-layouts":"default","ast-page-background-enabled":"default","ast-page-background-meta":{"desktop":{"background-color":"var(--ast-global-color-5)","background-image":"","background-repeat":"repeat","background-position":"center center","background-size":"auto","background-attachment":"scroll","background-type":"","background-media":"","overlay-type":"","overlay-color":"","overlay-opacity":"","overlay-gradient":""},"tablet":{"background-color":"","background-image":"","background-repeat":"repeat","background-position":"center center","background-size":"auto","background-attachment":"scroll","background-type":"","background-media":"","overlay-type":"","overlay-color":"","overlay-opacity":"","overlay-gradient":""},"mobile":{"background-color":"","background-image":"","background-repeat":"repeat","background-position":"center center","background-size":"auto","background-attachment":"scroll","background-type":"","background-media":"","overlay-type":"","overlay-color":"","overlay-opacity":"","overlay-gradient":""}},"ast-content-background-meta":{"desktop":{"background-color":"var(--ast-global-color-4)","background-image":"","background-repeat":"repeat","background-position":"center center","background-size":"auto","background-attachment":"scroll","background-type":"","background-media":"","overlay-type":"","overlay-color":"","overlay-opacity":"","overlay-gradient":""},"tablet":{"background-color":"var(--ast-global-color-4)","background-image":"","background-repeat":"repeat","background-position":"center center","background-size":"auto","background-attachment":"scroll","background-type":"","background-media":"","overlay-type":"","overlay-color":"","overlay-opacity":"","overlay-gradient":""},"mobile":{"background-color":"var(--ast-global-color-4)","background-image":"","background-repeat":"repeat","background-position":"center center","background-size":"auto","background-attachment":"scroll","background-type":"","background-media":"","overlay-type":"","overlay-color":"","overlay-opacity":"","overlay-gradient":""}},"footnotes":""},"categories":[],"tags":[1002,1000],"class_list":["post-279863","page","type-page","status-publish","hentry","tag-app-egov-page","tag-cityhall-egovapp"],"yoast_head":"<!-- This site is optimized with the Yoast SEO Premium plugin v26.6 (Yoast SEO v26.6) - https:\/\/yoast.com\/wordpress\/plugins\/seo\/ -->\n<title>Neighborhood Affairs Division - City of Miami Beach<\/title>\n<meta name=\"description\" content=\"The Office of Marketing &amp; Communications acts as a superhighway that connects the City of Miami Beach with residents, community groups, our many visitors and the media. The office takes the pulse of city stakeholders to fulfill our role as internal marketing agency and the communications engine for all city departments.\" \/>\n<meta name=\"robots\" content=\"index, follow, max-snippet:-1, max-image-preview:large, max-video-preview:-1\" \/>\n<link rel=\"canonical\" href=\"https:\/\/www.miamibeachfl.gov\/ht\/egovapp\/city-hall\/communicationsdepartment\/neighborhood-affairs-division\/\" \/>\n<meta property=\"og:locale\" content=\"ht_HT\" \/>\n<meta property=\"og:type\" content=\"article\" \/>\n<meta property=\"og:title\" content=\"Neighborhood Affairs Division\" \/>\n<meta property=\"og:description\" content=\"The Office of Marketing &amp; Communications acts as a superhighway that connects the City of Miami Beach with residents, community groups, our many visitors and the media. The office takes the pulse of city stakeholders to fulfill our role as internal marketing agency and the communications engine for all city departments.\" \/>\n<meta property=\"og:url\" content=\"https:\/\/www.miamibeachfl.gov\/ht\/egovapp\/city-hall\/communicationsdepartment\/neighborhood-affairs-division\/\" \/>\n<meta property=\"og:site_name\" content=\"City of Miami Beach\" \/>\n<meta property=\"article:publisher\" content=\"https:\/\/www.facebook.com\/cityofmiamibeach\" \/>\n<meta property=\"article:modified_time\" content=\"2025-06-07T19:45:37+00:00\" \/>\n<meta property=\"og:image\" content=\"https:\/\/www.miamibeachfl.gov\/wp-content\/uploads\/2024\/01\/1000pxSquare-miamibeach-aerial-southpointview.jpeg\" \/>\n\t<meta property=\"og:image:width\" content=\"1000\" \/>\n\t<meta property=\"og:image:height\" content=\"1000\" \/>\n\t<meta property=\"og:image:type\" content=\"image\/jpeg\" \/>\n<meta name=\"twitter:card\" content=\"summary_large_image\" \/>\n<meta name=\"twitter:site\" content=\"@Miamibeachnews\" \/>\n<script type=\"application\/ld+json\" class=\"yoast-schema-graph\">{\"@context\":\"https:\/\/schema.org\",\"@graph\":[{\"@type\":\"WebPage\",\"@id\":\"https:\/\/www.miamibeachfl.gov\/egovapp\/city-hall\/communicationsdepartment\/neighborhood-affairs-division\/\",\"url\":\"https:\/\/www.miamibeachfl.gov\/egovapp\/city-hall\/communicationsdepartment\/neighborhood-affairs-division\/\",\"name\":\"Neighborhood Affairs Division - City of Miami Beach\",\"isPartOf\":{\"@id\":\"https:\/\/www.miamibeachfl.gov\/#website\"},\"datePublished\":\"2023-11-03T14:49:29+00:00\",\"dateModified\":\"2025-06-07T19:45:37+00:00\",\"description\":\"The Office of Marketing & Communications acts as a superhighway that connects the City of Miami Beach with residents, community groups, our many visitors and the media. The office takes the pulse of city stakeholders to fulfill our role as internal marketing agency and the communications engine for all city departments.\",\"breadcrumb\":{\"@id\":\"https:\/\/www.miamibeachfl.gov\/egovapp\/city-hall\/communicationsdepartment\/neighborhood-affairs-division\/#breadcrumb\"},\"inLanguage\":\"ht\",\"potentialAction\":[{\"@type\":\"ReadAction\",\"target\":[\"https:\/\/www.miamibeachfl.gov\/egovapp\/city-hall\/communicationsdepartment\/neighborhood-affairs-division\/\"]}]},{\"@type\":\"BreadcrumbList\",\"@id\":\"https:\/\/www.miamibeachfl.gov\/egovapp\/city-hall\/communicationsdepartment\/neighborhood-affairs-division\/#breadcrumb\",\"itemListElement\":[{\"@type\":\"ListItem\",\"position\":1,\"name\":\"Home\",\"item\":\"https:\/\/www.miamibeachfl.gov\/\"},{\"@type\":\"ListItem\",\"position\":2,\"name\":\"MobileAppPages\",\"item\":\"https:\/\/www.miamibeachfl.gov\/egovapp\/\"},{\"@type\":\"ListItem\",\"position\":3,\"name\":\"City Hall Department Directory\",\"item\":\"https:\/\/www.miamibeachfl.gov\/egovapp\/city-hall\/\"},{\"@type\":\"ListItem\",\"position\":4,\"name\":\"Marketing &#038; Communications\",\"item\":\"https:\/\/www.miamibeachfl.gov\/egovapp\/city-hall\/communicationsdepartment\/\"},{\"@type\":\"ListItem\",\"position\":5,\"name\":\"Neighborhood Affairs Division\"}]},{\"@type\":\"WebSite\",\"@id\":\"https:\/\/www.miamibeachfl.gov\/#website\",\"url\":\"https:\/\/www.miamibeachfl.gov\/\",\"name\":\"City of Miami Beach\",\"description\":\"The official website of the City of Miami Beach. Stay informed, find important information on city services, news, alerts, events, trolley routes, government employment and more.\",\"publisher\":{\"@id\":\"https:\/\/www.miamibeachfl.gov\/#organization\"},\"potentialAction\":[{\"@type\":\"SearchAction\",\"target\":{\"@type\":\"EntryPoint\",\"urlTemplate\":\"https:\/\/www.miamibeachfl.gov\/?s={search_term_string}\"},\"query-input\":{\"@type\":\"PropertyValueSpecification\",\"valueRequired\":true,\"valueName\":\"search_term_string\"}}],\"inLanguage\":\"ht\"},{\"@type\":\"Organization\",\"@id\":\"https:\/\/www.miamibeachfl.gov\/#organization\",\"name\":\"City of Miami Beach\",\"url\":\"https:\/\/www.miamibeachfl.gov\/\",\"logo\":{\"@type\":\"ImageObject\",\"inLanguage\":\"ht\",\"@id\":\"https:\/\/www.miamibeachfl.gov\/#\/schema\/logo\/image\/\",\"url\":\"https:\/\/www.miamibeachfl.gov\/wp-content\/uploads\/2022\/06\/miamibeach-logoblue.png\",\"contentUrl\":\"https:\/\/www.miamibeachfl.gov\/wp-content\/uploads\/2022\/06\/miamibeach-logoblue.png\",\"width\":1962,\"height\":381,\"caption\":\"City of Miami Beach\"},\"image\":{\"@id\":\"https:\/\/www.miamibeachfl.gov\/#\/schema\/logo\/image\/\"},\"sameAs\":[\"https:\/\/www.facebook.com\/cityofmiamibeach\",\"https:\/\/x.com\/Miamibeachnews\",\"https:\/\/www.instagram.com\/miamibeachnews\/\"],\"description\":\"The official website of the City of Miami Beach. Stay informed, find important information on city services, news, alerts, events, trolley routes, government employment and more.\",\"telephone\":\"305.604.CITY(2489)\",\"legalName\":\"City of Miami Beach\"}]}<\/script>\n<!-- \/ Yoast SEO Premium plugin. -->","yoast_head_json":{"title":"Divizyon Af\u00e8 Katye - Vil Miami Beach","description":"Biwo Maketing ak Kominikasyon an s\u00e8vi k\u00f2m yon gran wout ki konekte Vil Miami Beach ak rezidan yo, gwoup kominot\u00e8 yo, anpil vizit\u00e8 nou yo ak medya yo. Biwo a pran batman k\u00e8 moun ki gen enter\u00e8 nan vil la pou l ka ranpli w\u00f2l li k\u00f2m ajans maketing ent\u00e8n ak mot\u00e8 kominikasyon pou tout depatman vil la.","robots":{"index":"index","follow":"follow","max-snippet":"max-snippet:-1","max-image-preview":"max-image-preview:large","max-video-preview":"max-video-preview:-1"},"canonical":"https:\/\/www.miamibeachfl.gov\/ht\/egovapp\/city-hall\/communicationsdepartment\/neighborhood-affairs-division\/","og_locale":"ht_HT","og_type":"article","og_title":"Neighborhood Affairs Division","og_description":"The Office of Marketing & Communications acts as a superhighway that connects the City of Miami Beach with residents, community groups, our many visitors and the media. The office takes the pulse of city stakeholders to fulfill our role as internal marketing agency and the communications engine for all city departments.","og_url":"https:\/\/www.miamibeachfl.gov\/ht\/egovapp\/city-hall\/communicationsdepartment\/neighborhood-affairs-division\/","og_site_name":"City of Miami Beach","article_publisher":"https:\/\/www.facebook.com\/cityofmiamibeach","article_modified_time":"2025-06-07T19:45:37+00:00","og_image":[{"width":1000,"height":1000,"url":"https:\/\/www.miamibeachfl.gov\/wp-content\/uploads\/2024\/01\/1000pxSquare-miamibeach-aerial-southpointview.jpeg","type":"image\/jpeg"}],"twitter_card":"summary_large_image","twitter_site":"@Miamibeachnews","schema":{"@context":"https:\/\/schema.org","@graph":[{"@type":"WebPage","@id":"https:\/\/www.miamibeachfl.gov\/egovapp\/city-hall\/communicationsdepartment\/neighborhood-affairs-division\/","url":"https:\/\/www.miamibeachfl.gov\/egovapp\/city-hall\/communicationsdepartment\/neighborhood-affairs-division\/","name":"Divizyon Af\u00e8 Katye - Vil Miami Beach","isPartOf":{"@id":"https:\/\/www.miamibeachfl.gov\/#website"},"datePublished":"2023-11-03T14:49:29+00:00","dateModified":"2025-06-07T19:45:37+00:00","description":"Biwo Maketing ak Kominikasyon an s\u00e8vi k\u00f2m yon gran wout ki konekte Vil Miami Beach ak rezidan yo, gwoup kominot\u00e8 yo, anpil vizit\u00e8 nou yo ak medya yo. Biwo a pran batman k\u00e8 moun ki gen enter\u00e8 nan vil la pou l ka ranpli w\u00f2l li k\u00f2m ajans maketing ent\u00e8n ak mot\u00e8 kominikasyon pou tout depatman vil la.","breadcrumb":{"@id":"https:\/\/www.miamibeachfl.gov\/egovapp\/city-hall\/communicationsdepartment\/neighborhood-affairs-division\/#breadcrumb"},"inLanguage":"ht","potentialAction":[{"@type":"ReadAction","target":["https:\/\/www.miamibeachfl.gov\/egovapp\/city-hall\/communicationsdepartment\/neighborhood-affairs-division\/"]}]},{"@type":"BreadcrumbList","@id":"https:\/\/www.miamibeachfl.gov\/egovapp\/city-hall\/communicationsdepartment\/neighborhood-affairs-division\/#breadcrumb","itemListElement":[{"@type":"ListItem","position":1,"name":"Home","item":"https:\/\/www.miamibeachfl.gov\/"},{"@type":"ListItem","position":2,"name":"MobileAppPages","item":"https:\/\/www.miamibeachfl.gov\/egovapp\/"},{"@type":"ListItem","position":3,"name":"City Hall Department Directory","item":"https:\/\/www.miamibeachfl.gov\/egovapp\/city-hall\/"},{"@type":"ListItem","position":4,"name":"Marketing &#038; Communications","item":"https:\/\/www.miamibeachfl.gov\/egovapp\/city-hall\/communicationsdepartment\/"},{"@type":"ListItem","position":5,"name":"Neighborhood Affairs Division"}]},{"@type":"WebSite","@id":"https:\/\/www.miamibeachfl.gov\/#website","url":"https:\/\/www.miamibeachfl.gov\/","name":"Vil Miami Beach","description":"Sitw\u00e8b ofisy\u00e8l Vil Miami Beach la. Rete enf\u00f2me, jwenn enf\u00f2masyon enp\u00f2tan sou s\u00e8vis vil la, nouv\u00e8l, al\u00e8t, ev\u00e8nman, wout tramway, travay gouv\u00e8nman an ak plis ank\u00f2.","publisher":{"@id":"https:\/\/www.miamibeachfl.gov\/#organization"},"potentialAction":[{"@type":"SearchAction","target":{"@type":"EntryPoint","urlTemplate":"https:\/\/www.miamibeachfl.gov\/?s={search_term_string}"},"query-input":{"@type":"PropertyValueSpecification","valueRequired":true,"valueName":"search_term_string"}}],"inLanguage":"ht"},{"@type":"Organization","@id":"https:\/\/www.miamibeachfl.gov\/#organization","name":"Vil Miami Beach","url":"https:\/\/www.miamibeachfl.gov\/","logo":{"@type":"ImageObject","inLanguage":"ht","@id":"https:\/\/www.miamibeachfl.gov\/#\/schema\/logo\/image\/","url":"https:\/\/www.miamibeachfl.gov\/wp-content\/uploads\/2022\/06\/miamibeach-logoblue.png","contentUrl":"https:\/\/www.miamibeachfl.gov\/wp-content\/uploads\/2022\/06\/miamibeach-logoblue.png","width":1962,"height":381,"caption":"City of Miami Beach"},"image":{"@id":"https:\/\/www.miamibeachfl.gov\/#\/schema\/logo\/image\/"},"sameAs":["https:\/\/www.facebook.com\/cityofmiamibeach","https:\/\/x.com\/Miamibeachnews","https:\/\/www.instagram.com\/miamibeachnews\/"],"description":"Sitw\u00e8b ofisy\u00e8l Vil Miami Beach la. Rete enf\u00f2me, jwenn enf\u00f2masyon enp\u00f2tan sou s\u00e8vis vil la, nouv\u00e8l, al\u00e8t, ev\u00e8nman, wout tramway, travay gouv\u00e8nman an ak plis ank\u00f2.","telephone":"305.604.CITY(2489)","legalName":"City of Miami Beach"}]}},"_links":{"self":[{"href":"https:\/\/www.miamibeachfl.gov\/ht\/wp-json\/wp\/v2\/pages\/279863","targetHints":{"allow":["GET"]}}],"collection":[{"href":"https:\/\/www.miamibeachfl.gov\/ht\/wp-json\/wp\/v2\/pages"}],"about":[{"href":"https:\/\/www.miamibeachfl.gov\/ht\/wp-json\/wp\/v2\/types\/page"}],"author":[{"embeddable":true,"href":"https:\/\/www.miamibeachfl.gov\/ht\/wp-json\/wp\/v2\/users\/222"}],"replies":[{"embeddable":true,"href":"https:\/\/www.miamibeachfl.gov\/ht\/wp-json\/wp\/v2\/comments?post=279863"}],"version-history":[{"count":0,"href":"https:\/\/www.miamibeachfl.gov\/ht\/wp-json\/wp\/v2\/pages\/279863\/revisions"}],"up":[{"embeddable":true,"href":"https:\/\/www.miamibeachfl.gov\/ht\/wp-json\/wp\/v2\/pages\/265657"}],"wp:attachment":[{"href":"https:\/\/www.miamibeachfl.gov\/ht\/wp-json\/wp\/v2\/media?parent=279863"}],"wp:term":[{"taxonomy":"category","embeddable":true,"href":"https:\/\/www.miamibeachfl.gov\/ht\/wp-json\/wp\/v2\/categories?post=279863"},{"taxonomy":"post_tag","embeddable":true,"href":"https:\/\/www.miamibeachfl.gov\/ht\/wp-json\/wp\/v2\/tags?post=279863"}],"curies":[{"name":"wp","href":"https:\/\/api.w.org\/{rel}","templated":true}]}}