{"id":280246,"date":"2023-11-09T15:17:03","date_gmt":"2023-11-09T20:17:03","guid":{"rendered":"https:\/\/www.miamibeachfl.gov\/city-hall\/city-attorney-new\/city-attorney\/"},"modified":"2025-12-28T07:10:58","modified_gmt":"2025-12-28T12:10:58","slug":"city-attorney","status":"publish","type":"page","link":"https:\/\/www.miamibeachfl.gov\/ht\/city-hall\/city-attorney\/","title":{"rendered":"Avoka Vil la"},"content":{"rendered":"<a href=\"https:\/\/www.miamibeachfl.gov\/ht\/city-hall\/city-attorney\/attorneys\/ricardojdopico\/\" target=\"_self\" title=\"Ricardo J. Avoka Vil Dopico\">\n\t\t\t\t<img decoding=\"async\" src=\"https:\/\/www.miamibeachfl.gov\/wp-content\/uploads\/2024\/04\/RicardoJDopico-2024Circle.png\" alt=\"Ricardo J Dopico\" \/>\n\t\t\t\t<\/a>\n\t\t\t\t\t\t<h3>\n\t\t\t\t<a href=\"https:\/\/www.miamibeachfl.gov\/ht\/city-hall\/city-attorney\/attorneys\/ricardojdopico\/\" title=\"Ricardo J. Avoka Vil Dopico\">Ricardo J. Dopico <br \/> Avoka Vil la<\/a>\t\t\t<\/h3>\n\t\t\t<a href=\"https:\/\/www.miamibeachfl.gov\/ht\/city-hall\/city-attorney\/attorneys\/ricardojdopico\/\" title=\"Klike la a\" target=\"_self\"   role=\"button\" aria-label=\"Li Biyografi a\">\n\t\t\t\t\t\t\tLi Biyografi a\n\t\t<\/a>\n\t<p>Ricardo Dopico aji k\u00f2m konseye legal pou minisipalite a ak tout ofisye li yo nan tout zaf\u00e8 ki gen rap\u00f2 ak pouvwa ak devwa ofisy\u00e8l yo; li patisipe nan tout reyinyon Komisyon Vil la; epi li f\u00e8 devwa ke yon \u00f2donans oswa yon rezolisyon Majistra Vil la ak Komisyon an oswa yon Konstitisyon Vil la ka mande l.<\/p>\n\t<h3>\n\t\t\t\tDeklarasyon Misyon\n\t\t\t<\/h3>\n\t\t\t<p>Biwo Avoka Vil la (CAO) dedye a bay s\u00e8vis legal kalite sipery\u00e8 bay Majistra a, Komisyon\u00e8 Vil la, Direkt\u00e8 Vil la, depatman Vil la, ak plis pase karant (40) kons\u00e8y ak komite, ki konsistan av\u00e8k objektif Komisyon Vil la.<\/p>\t\n\t<a href=\"\/ht\/city-hall\/city-attorney\/attorneys\/\" target=\"_self\"  aria-label=\"Ale nan \/city-hall\/city-attorney\/attorneys\/\"><\/a>\n\t\t<h3>Avoka<\/h3>\t\t\t\n\t<a href=\"\/ht\/city-hall\/city-attorney\/internships\/\" target=\"_self\"  aria-label=\"Ale nan \/city-hall\/city-attorney\/internships\/\"><\/a>\n\t\t<h3>Estaj<\/h3>\t\t\t\n\t<a href=\"#cityattorneyfaqs\" target=\"_self\"  aria-label=\"Ale nan #cityattorneyfaqs\"><\/a>\n\t\t<h3>Kesyon yo poze souvan<\/h3>\t\t\t\n\t<a href=\"\/ht\/city-hall\/city-attorney\/history-of-previous-attorneys\/\" target=\"_self\"  aria-label=\"Ale nan \/city-hall\/city-attorney\/istwa-avoka-ansyen\/\"><\/a>\n\t\t<h3>Ansyen Avoka Vil la<\/h3>\t\t\t\n\t\t\t\t<p>Kronoloji istorik<\/p>\n\t\t\t\t\t\t<h3>\u00c8ske Avoka Vil la ka bay sitwayen prive kons\u00e8y legal?<\/h3>\n\t\t\t<p>Non. Biwo Avoka Vil la pa ka bay kons\u00e8y legal bay sitwayen prive oswa rezidan nan Vil la.<\/p>\n\t\t\t\t\t\t<h3>Kijan pou m jwenn aks\u00e8 a K\u00f2d Vil la?<\/h3>\n\t\t\t<p>Ou ka jwenn aks\u00e8 nan K\u00f2d Vil Miami Beach la sou ent\u00e8n\u00e8t nan <a href=\"https:\/\/library.municode.com\/fl\/miami_beach\/codes\/code_of_ordinances?nodeId=COMIBEFL\">Bibliyot\u00e8k Municode<\/a>, K\u00f2d \u00d2donans yo.<\/p>\n\t\t\t\t\t\t<h3>Kouman mwen ka mande yon satisfaksyon\/leve garanti a?<\/h3>\n\t\t\t<p><a href=\"https:\/\/lien.miamibeachfl.gov\/LienResearch\/default.aspx\">Klike la a pou enstriksyon ki soti nan Depatman Finans lan.<\/a><\/p>\n\t\t\t\t\t\t<h3>Ki kote m ka jwenn f\u00f2m aplikasyon pou planifikasyon ak zonaj, pa egzanp, inite tit, konvansyon restriksyon, elatriye?<\/h3>\n\t\t\t<p>Tanpri revize\u00a0<a href=\"https:\/\/www.miamibeachfl.gov\/ht\/city-hall\/planning\/forms\/\">Resous ki gen rap\u00f2 ak Depatman Planifikasyon ak Zonaj la \u2013 F\u00f2m yo<\/a>Si ou bezwen plis asistans, ou ka vizite\u00a0<a href=\"https:\/\/www.miamibeachfl.gov\/ht\/city-hall\/planning\/\">Paj w\u00e8b Depatman Planifikasyon ak Zonaj la<\/a>\u00a0oubyen kontakte Depatman Planifikasyon an nan nimewo 305.673.7550.<\/p>\n\t<ul>\n\t\t<li>\t\t\t\t\n\t\t<h3>Biwo Prensipal:<\/h3><p><strong>1700 Konvansyon Center Drive<\/strong><br \/><strong>4y\u00e8m etaj<\/strong><br \/><strong>Miami Beach, Florid 33139<\/strong><\/p><\/li><li>\t\t\t\t\n\t\t<h3>Nimewo Prensipal:<\/h3><p><strong><a href=\"tel:3056737470\">305.673.7470<\/a><\/strong><\/p><\/li><li>\t\t\t\t\n\t\t<h3>Im\u00e8l:<\/h3><p><strong><a href=\"mailto:RicardoDopico@miamibeachfl.gov\">RicardoDopico@miamibeachfl.gov<\/a><\/strong><\/p><\/li><li>\t\t\t\t\n\t\t<h3>Or\u00e8 Operasyon:<\/h3><p><strong>Lendi \u2013 Vandredi<\/strong><br \/>9\u00e8 AM \u2013 5\u00e8 PM<\/p><\/li><li>\t\t\t\t\n\t\t<h3>Enf\u00f2masyon pou Kontakte Anplis<\/h3><p><strong><a href=\"\/ht\/city-hall\/city-attorney\/attorneys\/\">Klike la a pou vizite paj Enf\u00f2masyon Avoka Vil la<\/a><\/strong><\/p><\/li>\t<\/ul>","protected":false},"excerpt":{"rendered":"<p><a href=\"tel:3056737470\" style=\"text-decoration:none; color:#004896;\"><br \/>\n    <i class=\"fa-solid fa-phone\"><\/i> 305.673.7470<br \/>\n<\/a><a href=\"\/ht\/city-hall\/city-attorney\/attorneys\/\" style=\"text-decoration:none; color:#004896;\"><br \/>\n    <i class=\"fa-solid fa-circle-info\"><\/i> Enf\u00f2masyon pou kontakte<br \/>\n<\/a><\/p>","protected":false},"author":222,"featured_media":260512,"parent":28206,"menu_order":17,"comment_status":"closed","ping_status":"closed","template":"","meta":{"_searchwp_excluded":"","site-sidebar-layout":"default","site-content-layout":"","ast-site-content-layout":"default","site-content-style":"default","site-sidebar-style":"default","ast-global-header-display":"","ast-banner-title-visibility":"","ast-main-header-display":"","ast-hfb-above-header-display":"","ast-hfb-below-header-display":"","ast-hfb-mobile-header-display":"","site-post-title":"","ast-breadcrumbs-content":"","ast-featured-img":"","footer-sml-layout":"","theme-transparent-header-meta":"","adv-header-id-meta":"","stick-header-meta":"","header-above-stick-meta":"","header-main-stick-meta":"","header-below-stick-meta":"","astra-migrate-meta-layouts":"default","ast-page-background-enabled":"default","ast-page-background-meta":{"desktop":{"background-color":"var(--ast-global-color-5)","background-image":"","background-repeat":"repeat","background-position":"center center","background-size":"auto","background-attachment":"scroll","background-type":"","background-media":"","overlay-type":"","overlay-color":"","overlay-opacity":"","overlay-gradient":""},"tablet":{"background-color":"","background-image":"","background-repeat":"repeat","background-position":"center center","background-size":"auto","background-attachment":"scroll","background-type":"","background-media":"","overlay-type":"","overlay-color":"","overlay-opacity":"","overlay-gradient":""},"mobile":{"background-color":"","background-image":"","background-repeat":"repeat","background-position":"center center","background-size":"auto","background-attachment":"scroll","background-type":"","background-media":"","overlay-type":"","overlay-color":"","overlay-opacity":"","overlay-gradient":""}},"ast-content-background-meta":{"desktop":{"background-color":"var(--ast-global-color-4)","background-image":"","background-repeat":"repeat","background-position":"center center","background-size":"auto","background-attachment":"scroll","background-type":"","background-media":"","overlay-type":"","overlay-color":"","overlay-opacity":"","overlay-gradient":""},"tablet":{"background-color":"var(--ast-global-color-4)","background-image":"","background-repeat":"repeat","background-position":"center center","background-size":"auto","background-attachment":"scroll","background-type":"","background-media":"","overlay-type":"","overlay-color":"","overlay-opacity":"","overlay-gradient":""},"mobile":{"background-color":"var(--ast-global-color-4)","background-image":"","background-repeat":"repeat","background-position":"center center","background-size":"auto","background-attachment":"scroll","background-type":"","background-media":"","overlay-type":"","overlay-color":"","overlay-opacity":"","overlay-gradient":""}},"footnotes":""},"categories":[],"tags":[1727,1732],"class_list":["post-280246","page","type-page","status-publish","has-post-thumbnail","hentry","tag-administrative","tag-government"],"yoast_head":"<!-- This site is optimized with the Yoast SEO Premium plugin v27.4 (Yoast SEO v27.4) - https:\/\/yoast.com\/product\/yoast-seo-premium-wordpress\/ -->\n<title>City Attorney - City of Miami Beach<\/title>\n<meta name=\"description\" content=\"The Office of the City Attorney (CAO) is dedicated to providing quality legal services to the Mayor, City Commissioners, City Manager, City departments, and over forty (40) boards and committees, consistent with the goals and objectives of the City Commission.\" \/>\n<meta name=\"robots\" content=\"index, follow, max-snippet:-1, max-image-preview:large, max-video-preview:-1\" \/>\n<link rel=\"canonical\" href=\"https:\/\/www.miamibeachfl.gov\/ht\/city-hall\/city-attorney\/\" \/>\n<meta property=\"og:locale\" content=\"ht_HT\" \/>\n<meta property=\"og:type\" content=\"article\" \/>\n<meta property=\"og:title\" content=\"City Attorney\" \/>\n<meta property=\"og:description\" content=\"The Office of the City Attorney (CAO) is dedicated to providing quality legal services to the Mayor, City Commissioners, City Manager, City departments, and over forty (40) boards and committees, consistent with the goals and objectives of the City Commission.\" \/>\n<meta property=\"og:url\" content=\"https:\/\/www.miamibeachfl.gov\/ht\/city-hall\/city-attorney\/\" \/>\n<meta property=\"og:site_name\" content=\"City of Miami Beach\" \/>\n<meta property=\"article:publisher\" content=\"https:\/\/www.facebook.com\/cityofmiamibeach\" \/>\n<meta property=\"article:modified_time\" content=\"2025-12-28T12:10:58+00:00\" \/>\n<meta property=\"og:image\" content=\"https:\/\/www.miamibeachfl.gov\/wp-content\/uploads\/2023\/05\/500sq-Attorney.jpg\" \/>\n\t<meta property=\"og:image:width\" content=\"300\" \/>\n\t<meta property=\"og:image:height\" content=\"300\" \/>\n\t<meta property=\"og:image:type\" content=\"image\/jpeg\" \/>\n<meta name=\"twitter:card\" content=\"summary_large_image\" \/>\n<meta name=\"twitter:site\" content=\"@Miamibeachnews\" \/>\n<script type=\"application\/ld+json\" class=\"yoast-schema-graph\">{\"@context\":\"https:\\\/\\\/schema.org\",\"@graph\":[{\"@type\":\"WebPage\",\"@id\":\"https:\\\/\\\/www.miamibeachfl.gov\\\/city-hall\\\/city-attorney\\\/\",\"url\":\"https:\\\/\\\/www.miamibeachfl.gov\\\/city-hall\\\/city-attorney\\\/\",\"name\":\"City Attorney - City of Miami Beach\",\"isPartOf\":{\"@id\":\"https:\\\/\\\/www.miamibeachfl.gov\\\/#website\"},\"primaryImageOfPage\":{\"@id\":\"https:\\\/\\\/www.miamibeachfl.gov\\\/city-hall\\\/city-attorney\\\/#primaryimage\"},\"image\":{\"@id\":\"https:\\\/\\\/www.miamibeachfl.gov\\\/city-hall\\\/city-attorney\\\/#primaryimage\"},\"thumbnailUrl\":\"https:\\\/\\\/www.miamibeachfl.gov\\\/wp-content\\\/uploads\\\/2023\\\/05\\\/500sq-Attorney.jpg\",\"datePublished\":\"2023-11-09T20:17:03+00:00\",\"dateModified\":\"2025-12-28T12:10:58+00:00\",\"description\":\"The Office of the City Attorney (CAO) is dedicated to providing quality legal services to the Mayor, City Commissioners, City Manager, City departments, and over forty (40) boards and committees, consistent with the goals and objectives of the City Commission.\",\"breadcrumb\":{\"@id\":\"https:\\\/\\\/www.miamibeachfl.gov\\\/city-hall\\\/city-attorney\\\/#breadcrumb\"},\"inLanguage\":\"ht\",\"potentialAction\":[{\"@type\":\"ReadAction\",\"target\":[\"https:\\\/\\\/www.miamibeachfl.gov\\\/city-hall\\\/city-attorney\\\/\"]}]},{\"@type\":\"ImageObject\",\"inLanguage\":\"ht\",\"@id\":\"https:\\\/\\\/www.miamibeachfl.gov\\\/city-hall\\\/city-attorney\\\/#primaryimage\",\"url\":\"https:\\\/\\\/www.miamibeachfl.gov\\\/wp-content\\\/uploads\\\/2023\\\/05\\\/500sq-Attorney.jpg\",\"contentUrl\":\"https:\\\/\\\/www.miamibeachfl.gov\\\/wp-content\\\/uploads\\\/2023\\\/05\\\/500sq-Attorney.jpg\",\"width\":300,\"height\":300,\"caption\":\"City Attorney\"},{\"@type\":\"BreadcrumbList\",\"@id\":\"https:\\\/\\\/www.miamibeachfl.gov\\\/city-hall\\\/city-attorney\\\/#breadcrumb\",\"itemListElement\":[{\"@type\":\"ListItem\",\"position\":1,\"name\":\"Home\",\"item\":\"https:\\\/\\\/www.miamibeachfl.gov\\\/\"},{\"@type\":\"ListItem\",\"position\":2,\"name\":\"City Hall\",\"item\":\"https:\\\/\\\/www.miamibeachfl.gov\\\/city-hall\\\/\"},{\"@type\":\"ListItem\",\"position\":3,\"name\":\"City Attorney\"}]},{\"@type\":\"WebSite\",\"@id\":\"https:\\\/\\\/www.miamibeachfl.gov\\\/#website\",\"url\":\"https:\\\/\\\/www.miamibeachfl.gov\\\/\",\"name\":\"City of Miami Beach\",\"description\":\"The official website of the City of Miami Beach. Stay informed, find important information on city services, news, alerts, events, trolley routes, government employment and more.\",\"publisher\":{\"@id\":\"https:\\\/\\\/www.miamibeachfl.gov\\\/#organization\"},\"potentialAction\":[{\"@type\":\"SearchAction\",\"target\":{\"@type\":\"EntryPoint\",\"urlTemplate\":\"https:\\\/\\\/www.miamibeachfl.gov\\\/?s={search_term_string}\"},\"query-input\":{\"@type\":\"PropertyValueSpecification\",\"valueRequired\":true,\"valueName\":\"search_term_string\"}}],\"inLanguage\":\"ht\"},{\"@type\":\"Organization\",\"@id\":\"https:\\\/\\\/www.miamibeachfl.gov\\\/#organization\",\"name\":\"City of Miami Beach\",\"url\":\"https:\\\/\\\/www.miamibeachfl.gov\\\/\",\"logo\":{\"@type\":\"ImageObject\",\"inLanguage\":\"ht\",\"@id\":\"https:\\\/\\\/www.miamibeachfl.gov\\\/#\\\/schema\\\/logo\\\/image\\\/\",\"url\":\"https:\\\/\\\/www.miamibeachfl.gov\\\/wp-content\\\/uploads\\\/2022\\\/06\\\/miamibeach-logoblue.png\",\"contentUrl\":\"https:\\\/\\\/www.miamibeachfl.gov\\\/wp-content\\\/uploads\\\/2022\\\/06\\\/miamibeach-logoblue.png\",\"width\":1962,\"height\":381,\"caption\":\"City of Miami Beach\"},\"image\":{\"@id\":\"https:\\\/\\\/www.miamibeachfl.gov\\\/#\\\/schema\\\/logo\\\/image\\\/\"},\"sameAs\":[\"https:\\\/\\\/www.facebook.com\\\/cityofmiamibeach\",\"https:\\\/\\\/x.com\\\/Miamibeachnews\",\"https:\\\/\\\/www.instagram.com\\\/miamibeachnews\\\/\"],\"description\":\"The official website of the City of Miami Beach. Stay informed, find important information on city services, news, alerts, events, trolley routes, government employment and more.\",\"telephone\":\"305.604.CITY(2489)\",\"legalName\":\"City of Miami Beach\"}]}<\/script>\n<!-- \/ Yoast SEO Premium plugin. -->","yoast_head_json":{"title":"Avoka Vil la - Vil Miami Beach","description":"Biwo Avoka Vil la (CAO) dedye a bay s\u00e8vis legal kalite sipery\u00e8 bay Majistra a, Komisyon\u00e8 Vil la, Direkt\u00e8 Vil la, depatman Vil la, ak plis pase karant (40) kons\u00e8y ak komite, ki konsistan av\u00e8k objektif Komisyon Vil la.","robots":{"index":"index","follow":"follow","max-snippet":"max-snippet:-1","max-image-preview":"max-image-preview:large","max-video-preview":"max-video-preview:-1"},"canonical":"https:\/\/www.miamibeachfl.gov\/ht\/city-hall\/city-attorney\/","og_locale":"ht_HT","og_type":"article","og_title":"City Attorney","og_description":"The Office of the City Attorney (CAO) is dedicated to providing quality legal services to the Mayor, City Commissioners, City Manager, City departments, and over forty (40) boards and committees, consistent with the goals and objectives of the City Commission.","og_url":"https:\/\/www.miamibeachfl.gov\/ht\/city-hall\/city-attorney\/","og_site_name":"City of Miami Beach","article_publisher":"https:\/\/www.facebook.com\/cityofmiamibeach","article_modified_time":"2025-12-28T12:10:58+00:00","og_image":[{"width":300,"height":300,"url":"https:\/\/www.miamibeachfl.gov\/wp-content\/uploads\/2023\/05\/500sq-Attorney.jpg","type":"image\/jpeg"}],"twitter_card":"summary_large_image","twitter_site":"@Miamibeachnews","schema":{"@context":"https:\/\/schema.org","@graph":[{"@type":"WebPage","@id":"https:\/\/www.miamibeachfl.gov\/city-hall\/city-attorney\/","url":"https:\/\/www.miamibeachfl.gov\/city-hall\/city-attorney\/","name":"Avoka Vil la - Vil Miami Beach","isPartOf":{"@id":"https:\/\/www.miamibeachfl.gov\/#website"},"primaryImageOfPage":{"@id":"https:\/\/www.miamibeachfl.gov\/city-hall\/city-attorney\/#primaryimage"},"image":{"@id":"https:\/\/www.miamibeachfl.gov\/city-hall\/city-attorney\/#primaryimage"},"thumbnailUrl":"https:\/\/www.miamibeachfl.gov\/wp-content\/uploads\/2023\/05\/500sq-Attorney.jpg","datePublished":"2023-11-09T20:17:03+00:00","dateModified":"2025-12-28T12:10:58+00:00","description":"Biwo Avoka Vil la (CAO) dedye a bay s\u00e8vis legal kalite sipery\u00e8 bay Majistra a, Komisyon\u00e8 Vil la, Direkt\u00e8 Vil la, depatman Vil la, ak plis pase karant (40) kons\u00e8y ak komite, ki konsistan av\u00e8k objektif Komisyon Vil la.","breadcrumb":{"@id":"https:\/\/www.miamibeachfl.gov\/city-hall\/city-attorney\/#breadcrumb"},"inLanguage":"ht","potentialAction":[{"@type":"ReadAction","target":["https:\/\/www.miamibeachfl.gov\/city-hall\/city-attorney\/"]}]},{"@type":"ImageObject","inLanguage":"ht","@id":"https:\/\/www.miamibeachfl.gov\/city-hall\/city-attorney\/#primaryimage","url":"https:\/\/www.miamibeachfl.gov\/wp-content\/uploads\/2023\/05\/500sq-Attorney.jpg","contentUrl":"https:\/\/www.miamibeachfl.gov\/wp-content\/uploads\/2023\/05\/500sq-Attorney.jpg","width":300,"height":300,"caption":"City Attorney"},{"@type":"BreadcrumbList","@id":"https:\/\/www.miamibeachfl.gov\/city-hall\/city-attorney\/#breadcrumb","itemListElement":[{"@type":"ListItem","position":1,"name":"Home","item":"https:\/\/www.miamibeachfl.gov\/"},{"@type":"ListItem","position":2,"name":"City Hall","item":"https:\/\/www.miamibeachfl.gov\/city-hall\/"},{"@type":"ListItem","position":3,"name":"City Attorney"}]},{"@type":"WebSite","@id":"https:\/\/www.miamibeachfl.gov\/#website","url":"https:\/\/www.miamibeachfl.gov\/","name":"Vil Miami Beach","description":"Sitw\u00e8b ofisy\u00e8l Vil Miami Beach la. Rete enf\u00f2me, jwenn enf\u00f2masyon enp\u00f2tan sou s\u00e8vis vil la, nouv\u00e8l, al\u00e8t, ev\u00e8nman, wout tramway, travay gouv\u00e8nman an ak plis ank\u00f2.","publisher":{"@id":"https:\/\/www.miamibeachfl.gov\/#organization"},"potentialAction":[{"@type":"SearchAction","target":{"@type":"EntryPoint","urlTemplate":"https:\/\/www.miamibeachfl.gov\/?s={search_term_string}"},"query-input":{"@type":"PropertyValueSpecification","valueRequired":true,"valueName":"search_term_string"}}],"inLanguage":"ht"},{"@type":"Organization","@id":"https:\/\/www.miamibeachfl.gov\/#organization","name":"Vil Miami Beach","url":"https:\/\/www.miamibeachfl.gov\/","logo":{"@type":"ImageObject","inLanguage":"ht","@id":"https:\/\/www.miamibeachfl.gov\/#\/schema\/logo\/image\/","url":"https:\/\/www.miamibeachfl.gov\/wp-content\/uploads\/2022\/06\/miamibeach-logoblue.png","contentUrl":"https:\/\/www.miamibeachfl.gov\/wp-content\/uploads\/2022\/06\/miamibeach-logoblue.png","width":1962,"height":381,"caption":"City of Miami Beach"},"image":{"@id":"https:\/\/www.miamibeachfl.gov\/#\/schema\/logo\/image\/"},"sameAs":["https:\/\/www.facebook.com\/cityofmiamibeach","https:\/\/x.com\/Miamibeachnews","https:\/\/www.instagram.com\/miamibeachnews\/"],"description":"Sitw\u00e8b ofisy\u00e8l Vil Miami Beach la. Rete enf\u00f2me, jwenn enf\u00f2masyon enp\u00f2tan sou s\u00e8vis vil la, nouv\u00e8l, al\u00e8t, ev\u00e8nman, wout tramway, travay gouv\u00e8nman an ak plis ank\u00f2.","telephone":"305.604.CITY(2489)","legalName":"City of Miami Beach"}]}},"_links":{"self":[{"href":"https:\/\/www.miamibeachfl.gov\/ht\/wp-json\/wp\/v2\/pages\/280246","targetHints":{"allow":["GET"]}}],"collection":[{"href":"https:\/\/www.miamibeachfl.gov\/ht\/wp-json\/wp\/v2\/pages"}],"about":[{"href":"https:\/\/www.miamibeachfl.gov\/ht\/wp-json\/wp\/v2\/types\/page"}],"author":[{"embeddable":true,"href":"https:\/\/www.miamibeachfl.gov\/ht\/wp-json\/wp\/v2\/users\/222"}],"replies":[{"embeddable":true,"href":"https:\/\/www.miamibeachfl.gov\/ht\/wp-json\/wp\/v2\/comments?post=280246"}],"version-history":[{"count":2,"href":"https:\/\/www.miamibeachfl.gov\/ht\/wp-json\/wp\/v2\/pages\/280246\/revisions"}],"predecessor-version":[{"id":393841,"href":"https:\/\/www.miamibeachfl.gov\/ht\/wp-json\/wp\/v2\/pages\/280246\/revisions\/393841"}],"up":[{"embeddable":true,"href":"https:\/\/www.miamibeachfl.gov\/ht\/wp-json\/wp\/v2\/pages\/28206"}],"wp:featuredmedia":[{"embeddable":true,"href":"https:\/\/www.miamibeachfl.gov\/ht\/wp-json\/wp\/v2\/media\/260512"}],"wp:attachment":[{"href":"https:\/\/www.miamibeachfl.gov\/ht\/wp-json\/wp\/v2\/media?parent=280246"}],"wp:term":[{"taxonomy":"category","embeddable":true,"href":"https:\/\/www.miamibeachfl.gov\/ht\/wp-json\/wp\/v2\/categories?post=280246"},{"taxonomy":"post_tag","embeddable":true,"href":"https:\/\/www.miamibeachfl.gov\/ht\/wp-json\/wp\/v2\/tags?post=280246"}],"curies":[{"name":"wp","href":"https:\/\/api.w.org\/{rel}","templated":true}]}}