{"id":280565,"date":"2023-11-16T11:43:20","date_gmt":"2023-11-16T16:43:20","guid":{"rendered":"https:\/\/www.miamibeachfl.gov\/?page_id=280565"},"modified":"2025-06-01T22:10:44","modified_gmt":"2025-06-02T02:10:44","slug":"stormrecovery","status":"publish","type":"page","link":"https:\/\/www.miamibeachfl.gov\/ht\/stormrecovery\/","title":{"rendered":"Rekiperasyon apre tanp\u00e8t"},"content":{"rendered":"<h3>\n\t\t\tEnf\u00f2masyon enp\u00f2tan sou rekiperasyon apre tanp\u00e8t\t<\/h3>\n\t\t\t\t<a href=\"tel:3056737625\"  target=\"_self\" itemprop=\"url\">\n\t\t\t\t<img decoding=\"async\" src=\"https:\/\/www.miamibeachfl.gov\/wp-content\/uploads\/2023\/11\/flooding.gif\" alt=\"flooding\" itemprop=\"image\" title=\"inondasyon\" onerror=\"this.style.display='none'\" loading='lazy' \/>\n\t\t\t\t<\/a>\n\t<p>Si ou ta rankontre nenp\u00f2t debri oswa inondasyon ki bloke aks\u00e8 a pwopriyete piblik oswa prive, tanpri rele <a href=\"tel:3056737625\"><strong>305.673.7625<\/strong><\/a>, rap\u00f2te li atrav\u00e8\u00a0<strong><a href=\"https:\/\/r20.rs6.net\/tn.jsp?f=001Qu8495JoeoHvexJvFECxCjkDf2UQBREir1QnfZ9B4SCDq2d24A7g0Z1H2OXLug_1wuY0uW4L0JB_qQ7HZezveRXXi49LMJVqe92kOnS2XSbFntw48o51pMUGN58PB2u5z8u_OZeMimIZvmOqGM6y-pS2V55NBHBNbaZhurVLjPFQrmJMpMVzRgidSgVgOp79YGWxmMr021dLzSuXR5MfIw==&amp;c=k1sNWfwUjok0FDFyzU5PPB1lwi5LUM1JSP4AUBZtZVKGsqxkn9kcsw==&amp;ch=2dZhZAeyHn82weTbBreYrDiJKhpijVbdxvB0vF0wN-mXVLORI5fP2A==\" target=\"_blank\" rel=\"noopener\">Aplikasyon e-Gov Miami Beach la<\/a>\u00a0<\/strong>oswa im\u00e8l\u00a0<strong><a href=\"mailto:flooding@miamibeachfl.gov\" target=\"_blank\" rel=\"noopener\">flooding@miamibeachfl.gov<\/a>.\u00a0<\/strong><\/p>\n\t\t\t\t<a href=\"tel:18004688243\"  target=\"_self\" itemprop=\"url\">\n\t\t\t\t<img decoding=\"async\" src=\"https:\/\/www.miamibeachfl.gov\/wp-content\/uploads\/2023\/11\/report-power-outages-to-FPL.png\" alt=\"report power outages to FPL\" itemprop=\"image\" title=\"rap\u00f2te pann kouran bay FPL\" onerror=\"this.style.display='none'\" loading='lazy' \/>\n\t\t\t\t<\/a>\n<h2>\n\t\t\t Pann kouran\t<\/h2>\n\t<p>Tanpri rap\u00f2te tout pann kouran ak liy kouran ki tonbe\/domaje bay Florida Power &amp; Light (FPL) l\u00e8 w rele <a href=\"tel:18004688243\"><strong>1.800.4OUAGE (1.800.468.8243)<\/strong><\/a>Pa rele Lapolis oswa Ponpye Miami Beach pou rap\u00f2te pann kouran.<\/p>\n<p>Gen anpil z\u00f2n nan vil nou an ki gen pann kouran. Gen k\u00e8k siyal trafik ki ka afekte. Tanpri f\u00e8 atansyon l\u00e8 w ap kondui, mache oswa monte bisikl\u00e8t. Evite dlo ki kanpe epi trete ent\u00e8seksyon yo k\u00f2m yon ent\u00e8seksyon kote tout moun dwe kanpe si siyal trafik yo pa mache.<\/p>\n<p>Telechaje a <a href=\"https:\/\/www.fpl.com\/landing\/mobile-app.html\">Aplikasyon FPL la<\/a> pou rekipere enf\u00f2masyon sou kont espesifik ou a. Vizite <a href=\"https:\/\/www.fplmaps.com\/\">www.fplmaps.com<\/a> pou yon ap\u00e8si vizy\u00e8l sou pann kouran nan yon z\u00f2n ak pou enf\u00f2masyon sou restorasyon pou z\u00f2n espesifik.<\/p>\n\t\t\t\t\t<a href=\"#\"  id=\"fl-accordion--label-0\" tabindex=\"0\" aria-controls=\"fl-accordion--panel-0\">Ranmasaj Dech\u00e8 Lakou Gratis<\/a>\n\t\t\t\t\t\t\t\t\t\t\t<a href=\"#\" id=\"fl-accordion--icon-0\"  tabindex=\"0\"><i title=\"Elaji\">Elaji<\/i><\/a>\n\t\t\t\t\t<p><img loading=\"lazy\" decoding=\"async\" src=\"https:\/\/www.miamibeachfl.gov\/wp-content\/uploads\/2023\/11\/402079088_757783753063040_7175118607854269112_n-300x251.jpg\" alt=\"\" width=\"300\" height=\"251\" \/>Ekip sanitasyon nou an ap travay av\u00e8k Waste Connections, yon patn\u00e8 nan transp\u00f2 fatra, pou ofri s\u00e8vis ranmasaj fatra lakou gratis apati vandredi 17 novanm pou rezidan Miami Beach ki nan kay unifamilyal ak bilding ki gen 8 inite oswa mwens.<\/p>\n<p>Moun ki rete nan z\u00f2n nan ka kite tout fatra lakou yo, tankou branch bwa, f\u00e8y palmis ak l\u00f2t debri ki soti nan tanp\u00e8t la, nan pil nan z\u00f2n rig\u00f2l la pou yo ka ranmase yo. Tanpri kite debri yo nan pil ki lach - pa mete yo nan sache fatra.<\/p>\n<p>&nbsp;<\/p>\n\t\t\t\t\t<a href=\"#\"  id=\"fl-accordion--label-1\" tabindex=\"0\" aria-controls=\"fl-accordion--panel-1\">F\u00e8mti Pak ak Enstalasyon Lwazi<\/a>\n\t\t\t\t\t\t\t\t\t\t\t<a href=\"#\" id=\"fl-accordion--icon-1\"  tabindex=\"0\"><i title=\"Elaji\">Elaji<\/i><\/a>\n\t\t\t\t\t<p>Pak ak enstalasyon lwazi sa yo f\u00e8men tanpor\u00e8man pou rekiperasyon apre tanp\u00e8t la:<\/p>\n<p><strong>Pak yo<\/strong><\/p>\n<ul>\n<li>Pak Chen Fairway Park<\/li>\n<li>Estad Bezb\u00f2l Flamingo Park<\/li>\n<li>Lakou rekreyasyon Mid-beach Park la<\/li>\n<\/ul>\n<p><strong>Enstalasyon yo<\/strong><\/p>\n<ul>\n<li>Klib G\u00f2lf Miami Beach<\/li>\n<li>T\u00e8ren g\u00f2lf Normandy Shores<\/li>\n<\/ul>\n\t\t\t\t\t<a href=\"#\"  id=\"fl-accordion--label-2\" tabindex=\"0\" aria-controls=\"fl-accordion--panel-2\">Kons\u00e8y Sekirite Dlo Inondasyon<\/a>\n\t\t\t\t\t\t\t\t\t\t\t<a href=\"#\" id=\"fl-accordion--icon-2\"  tabindex=\"0\"><i title=\"Elaji\">Elaji<\/i><\/a>\n\t\t\t\t\t<p>Ekip Travay Piblik nou an nan kominote a ap reponn a rap\u00f2 inondasyon yo pi vit posib epi retire debri nan lari ak twotwa yo. Moun ki abite nan z\u00f2n nan ta dwe toujou f\u00e8 atansyon l\u00e8 y ap kite kay yo. Anplis enfrastrikti dlo lapli nou genyen deja a, ki gen ladan 48 estasyon ponpaj p\u00e8manan, Travay Piblik gen estasyon ponpaj tanpor\u00e8 deplwaye nan z\u00f2n ki ba yo.\u00a0<strong><a href=\"https:\/\/www.miamibeachfl.gov\/wp-content\/uploads\/2022\/11\/Fact-Sheet-Why-Extreme-Rain-Event-12.2019.pdf\" target=\"_blank\" rel=\"noopener\">Aprann plis bagay sou poukisa gwo lapli lak\u00f2z inondasyon ak kijan lapli a koule nan sist\u00e8m ponp nou yo.<\/a><\/strong><\/p>\n<ul>\n<li>Wout yo ka f\u00e8men akoz inondasyon. Enskri pou d\u00e8nye nouv\u00e8l sou trafik la pa voye yon mesaj t\u00e8ks. <strong>MBAl\u00e8t<\/strong> pou <strong>888777<\/strong>.<\/li>\n<li>Asire w ou gen asirans inondasyon pou kay ou oswa biznis ou.<strong>\u00a0<\/strong><a href=\"https:\/\/www.miamibeachfl.gov\/ht\/city-hall\/building\/local-flood-hazard-info\/flood-insurance\/\" target=\"_blank\" rel=\"noopener\"><strong>Aprann plis<\/strong><\/a>.<\/li>\n<li>Evite antre an kontak ak dlo inondasyon yo. Ka gen danje tankou polyan ak debri ki pa vizib.<\/li>\n<li>Evite kondui nan dlo inondasyon pou sekirite w epi pou evite domaje machin ou.<\/li>\n<li>Lave machin ou, enkli anba machin nan, si li antre an kontak ak dlo inondasyon. Dlo inondasyon yo gen anpil salete epi yo ka domaje machin ou.<\/li>\n<li>Aprann plis:\u00a0<strong><a href=\"https:\/\/www.miamibeachfl.gov\/wp-content\/uploads\/2020\/01\/Fact-Sheet-Floods-12.2019.pdf\" target=\"_blank\" rel=\"noopener\">Ki sa pou f\u00e8 anvan, pandan ak apre yon inondasyon<\/a><\/strong>.<\/li>\n<\/ul>\n\t\t\t\t\t<a href=\"#\"  id=\"fl-accordion--label-3\" tabindex=\"0\" aria-controls=\"fl-accordion--panel-3\">Pakin<\/a>\n\t\t\t\t\t\t\t\t\t\t\t<a href=\"#\" id=\"fl-accordion--icon-3\"  tabindex=\"0\"><i title=\"Elaji\">Elaji<\/i><\/a>\n\t\t\t\t\t<p>Pwogram Sekou pou Inondasyon nan Pakin nan, ki bay aranjman pakin tanpor\u00e8 gratis, te aktive.<\/p>\n<p>Rezidan ki enskri pou pwogram nan ta dwe resevwa yon im\u00e8l ak detay sou kote pakin yo asiyen an.<\/p>\n<p><a href=\"https:\/\/www.miamibeachfl.gov\/ht\/city-hall\/parking\/residents-only\/parking-flood-relief-program\/\"><strong>Klike la a<\/strong> <\/a>pou plis enf\u00f2masyon sou pwogram nan.<\/p>\n<p>&nbsp;<\/p>\n\t\t\t\t\t<a href=\"#\"  id=\"fl-accordion--label-4\" tabindex=\"0\" aria-controls=\"fl-accordion--panel-4\">Im\u00e8l<\/a>\n\t\t\t\t\t\t\t\t\t\t\t<a href=\"#\" id=\"fl-accordion--icon-4\"  tabindex=\"0\"><i title=\"Elaji\">Elaji<\/i><\/a>\n\t\t\t\t\t<p><a href=\"https:\/\/myemail.constantcontact.com\/Stay-Safe-and-Report-Flooding.html?soid=1011085968389&amp;aid=Q-8L61yu_DU\">Pran prekosyon epi rap\u00f2te inondasyon \u2013 16.11.23\u00a0<\/a><\/p>\n<p><a href=\"https:\/\/myemail.constantcontact.com\/Storm-Recovery--Closures-and-Other-Important-Information.html?soid=1011085968389&amp;aid=QA9tQeDbud8\">Rekiperasyon apre tanp\u00e8t: F\u00e8mti ak l\u00f2t enf\u00f2masyon enp\u00f2tan \u2013 Mizajou apr\u00e8midi 16 novanm 2023<\/a><\/p>\n\t\t\t<a href=\"\" target=\"_blank\" rel=\"noopener\">\n\t\t\t\t\t\t\tRete konekte epi enf\u00f2me \n\t\t\t\t\t<\/a>\n\t<p>Swiv nou sou\u00a0<strong><a href=\"http:\/\/www.facebook.com\/CityofMiamiBeach\" target=\"_blank\" rel=\"noopener\">Facebook<\/a><\/strong>,\u00a0<strong><a href=\"https:\/\/nextdoor.com\/agency-detail\/fl\/miami-beach\/city-of-miami-beach\/\" target=\"_blank\" rel=\"noopener\">Vwazen<\/a><\/strong>\u00a0epi<strong>\u00a0<a href=\"http:\/\/www.twitter.com\/MiamiBeachNews\" target=\"_blank\" rel=\"noopener\">X<\/a> <\/strong>pou mizajou an tan rey\u00e8l.<\/p>\n<p>T\u00e8ks <strong>MBAl\u00e8t<\/strong> pou <strong>888777<\/strong> pou resevwa al\u00e8t ijans pa mesaj t\u00e8ks.<\/p>","protected":false},"excerpt":{"rendered":"<p>Storm Recovery Important Information If you come across any debris or flooding that obstructs access to public or private property, [&hellip;]<\/p>\n","protected":false},"author":222,"featured_media":0,"parent":0,"menu_order":62,"comment_status":"closed","ping_status":"closed","template":"","meta":{"_searchwp_excluded":"","site-sidebar-layout":"default","site-content-layout":"","ast-site-content-layout":"default","site-content-style":"default","site-sidebar-style":"default","ast-global-header-display":"","ast-banner-title-visibility":"","ast-main-header-display":"","ast-hfb-above-header-display":"","ast-hfb-below-header-display":"","ast-hfb-mobile-header-display":"","site-post-title":"","ast-breadcrumbs-content":"","ast-featured-img":"","footer-sml-layout":"","ast-disable-related-posts":"","theme-transparent-header-meta":"","adv-header-id-meta":"","stick-header-meta":"","header-above-stick-meta":"","header-main-stick-meta":"","header-below-stick-meta":"","astra-migrate-meta-layouts":"default","ast-page-background-enabled":"default","ast-page-background-meta":{"desktop":{"background-color":"var(--ast-global-color-5)","background-image":"","background-repeat":"repeat","background-position":"center center","background-size":"auto","background-attachment":"scroll","background-type":"","background-media":"","overlay-type":"","overlay-color":"","overlay-opacity":"","overlay-gradient":""},"tablet":{"background-color":"","background-image":"","background-repeat":"repeat","background-position":"center center","background-size":"auto","background-attachment":"scroll","background-type":"","background-media":"","overlay-type":"","overlay-color":"","overlay-opacity":"","overlay-gradient":""},"mobile":{"background-color":"","background-image":"","background-repeat":"repeat","background-position":"center center","background-size":"auto","background-attachment":"scroll","background-type":"","background-media":"","overlay-type":"","overlay-color":"","overlay-opacity":"","overlay-gradient":""}},"ast-content-background-meta":{"desktop":{"background-color":"var(--ast-global-color-4)","background-image":"","background-repeat":"repeat","background-position":"center center","background-size":"auto","background-attachment":"scroll","background-type":"","background-media":"","overlay-type":"","overlay-color":"","overlay-opacity":"","overlay-gradient":""},"tablet":{"background-color":"var(--ast-global-color-4)","background-image":"","background-repeat":"repeat","background-position":"center center","background-size":"auto","background-attachment":"scroll","background-type":"","background-media":"","overlay-type":"","overlay-color":"","overlay-opacity":"","overlay-gradient":""},"mobile":{"background-color":"var(--ast-global-color-4)","background-image":"","background-repeat":"repeat","background-position":"center center","background-size":"auto","background-attachment":"scroll","background-type":"","background-media":"","overlay-type":"","overlay-color":"","overlay-opacity":"","overlay-gradient":""}},"footnotes":""},"categories":[],"tags":[],"class_list":["post-280565","page","type-page","status-publish","hentry"],"yoast_head":"<!-- This site is optimized with the Yoast SEO Premium plugin v27.4 (Yoast SEO v27.4) - https:\/\/yoast.com\/product\/yoast-seo-premium-wordpress\/ -->\n<title>Storm Recovery - City of Miami Beach<\/title>\n<meta name=\"description\" content=\"Hurricane season still runs through Nov. 1. It is important to stay prepared.\" \/>\n<meta name=\"robots\" content=\"index, follow, max-snippet:-1, max-image-preview:large, max-video-preview:-1\" \/>\n<link rel=\"canonical\" href=\"https:\/\/www.miamibeachfl.gov\/ht\/stormrecovery\/\" \/>\n<meta property=\"og:locale\" content=\"ht_HT\" \/>\n<meta property=\"og:type\" content=\"article\" \/>\n<meta property=\"og:title\" content=\"Storm Recovery\" \/>\n<meta property=\"og:description\" content=\"Hurricane season still runs through Nov. 1. It is important to stay prepared.\" \/>\n<meta property=\"og:url\" content=\"https:\/\/www.miamibeachfl.gov\/ht\/stormrecovery\/\" \/>\n<meta property=\"og:site_name\" content=\"City of Miami Beach\" \/>\n<meta property=\"article:publisher\" content=\"https:\/\/www.facebook.com\/cityofmiamibeach\" \/>\n<meta property=\"article:modified_time\" content=\"2025-06-02T02:10:44+00:00\" \/>\n<meta property=\"og:image\" content=\"https:\/\/www.miamibeachfl.gov\/wp-content\/uploads\/2023\/11\/flooding.gif\" \/>\n<meta name=\"twitter:card\" content=\"summary_large_image\" \/>\n<meta name=\"twitter:site\" content=\"@Miamibeachnews\" \/>\n<script type=\"application\/ld+json\" class=\"yoast-schema-graph\">{\"@context\":\"https:\\\/\\\/schema.org\",\"@graph\":[{\"@type\":\"WebPage\",\"@id\":\"https:\\\/\\\/www.miamibeachfl.gov\\\/stormrecovery\\\/\",\"url\":\"https:\\\/\\\/www.miamibeachfl.gov\\\/stormrecovery\\\/\",\"name\":\"Storm Recovery - City of Miami Beach\",\"isPartOf\":{\"@id\":\"https:\\\/\\\/www.miamibeachfl.gov\\\/#website\"},\"primaryImageOfPage\":{\"@id\":\"https:\\\/\\\/www.miamibeachfl.gov\\\/stormrecovery\\\/#primaryimage\"},\"image\":{\"@id\":\"https:\\\/\\\/www.miamibeachfl.gov\\\/stormrecovery\\\/#primaryimage\"},\"thumbnailUrl\":\"https:\\\/\\\/www.miamibeachfl.gov\\\/wp-content\\\/uploads\\\/2023\\\/11\\\/flooding.gif\",\"datePublished\":\"2023-11-16T16:43:20+00:00\",\"dateModified\":\"2025-06-02T02:10:44+00:00\",\"description\":\"Hurricane season still runs through Nov. 1. It is important to stay prepared.\",\"breadcrumb\":{\"@id\":\"https:\\\/\\\/www.miamibeachfl.gov\\\/stormrecovery\\\/#breadcrumb\"},\"inLanguage\":\"ht\",\"potentialAction\":[{\"@type\":\"ReadAction\",\"target\":[\"https:\\\/\\\/www.miamibeachfl.gov\\\/stormrecovery\\\/\"]}]},{\"@type\":\"ImageObject\",\"inLanguage\":\"ht\",\"@id\":\"https:\\\/\\\/www.miamibeachfl.gov\\\/stormrecovery\\\/#primaryimage\",\"url\":\"https:\\\/\\\/www.miamibeachfl.gov\\\/wp-content\\\/uploads\\\/2023\\\/11\\\/flooding.gif\",\"contentUrl\":\"https:\\\/\\\/www.miamibeachfl.gov\\\/wp-content\\\/uploads\\\/2023\\\/11\\\/flooding.gif\"},{\"@type\":\"BreadcrumbList\",\"@id\":\"https:\\\/\\\/www.miamibeachfl.gov\\\/stormrecovery\\\/#breadcrumb\",\"itemListElement\":[{\"@type\":\"ListItem\",\"position\":1,\"name\":\"Home\",\"item\":\"https:\\\/\\\/www.miamibeachfl.gov\\\/\"},{\"@type\":\"ListItem\",\"position\":2,\"name\":\"Storm Recovery\"}]},{\"@type\":\"WebSite\",\"@id\":\"https:\\\/\\\/www.miamibeachfl.gov\\\/#website\",\"url\":\"https:\\\/\\\/www.miamibeachfl.gov\\\/\",\"name\":\"City of Miami Beach\",\"description\":\"The official website of the City of Miami Beach. Stay informed, find important information on city services, news, alerts, events, trolley routes, government employment and more.\",\"publisher\":{\"@id\":\"https:\\\/\\\/www.miamibeachfl.gov\\\/#organization\"},\"potentialAction\":[{\"@type\":\"SearchAction\",\"target\":{\"@type\":\"EntryPoint\",\"urlTemplate\":\"https:\\\/\\\/www.miamibeachfl.gov\\\/?s={search_term_string}\"},\"query-input\":{\"@type\":\"PropertyValueSpecification\",\"valueRequired\":true,\"valueName\":\"search_term_string\"}}],\"inLanguage\":\"ht\"},{\"@type\":\"Organization\",\"@id\":\"https:\\\/\\\/www.miamibeachfl.gov\\\/#organization\",\"name\":\"City of Miami Beach\",\"url\":\"https:\\\/\\\/www.miamibeachfl.gov\\\/\",\"logo\":{\"@type\":\"ImageObject\",\"inLanguage\":\"ht\",\"@id\":\"https:\\\/\\\/www.miamibeachfl.gov\\\/#\\\/schema\\\/logo\\\/image\\\/\",\"url\":\"https:\\\/\\\/www.miamibeachfl.gov\\\/wp-content\\\/uploads\\\/2022\\\/06\\\/miamibeach-logoblue.png\",\"contentUrl\":\"https:\\\/\\\/www.miamibeachfl.gov\\\/wp-content\\\/uploads\\\/2022\\\/06\\\/miamibeach-logoblue.png\",\"width\":1962,\"height\":381,\"caption\":\"City of Miami Beach\"},\"image\":{\"@id\":\"https:\\\/\\\/www.miamibeachfl.gov\\\/#\\\/schema\\\/logo\\\/image\\\/\"},\"sameAs\":[\"https:\\\/\\\/www.facebook.com\\\/cityofmiamibeach\",\"https:\\\/\\\/x.com\\\/Miamibeachnews\",\"https:\\\/\\\/www.instagram.com\\\/miamibeachnews\\\/\"],\"description\":\"The official website of the City of Miami Beach. Stay informed, find important information on city services, news, alerts, events, trolley routes, government employment and more.\",\"telephone\":\"305.604.CITY(2489)\",\"legalName\":\"City of Miami Beach\"}]}<\/script>\n<!-- \/ Yoast SEO Premium plugin. -->","yoast_head_json":{"title":"Rekiperasyon apre tanp\u00e8t - Vil Miami Beach","description":"Sezon sikl\u00f2n nan ap kontinye jouk 1ye novanm. Li enp\u00f2tan pou rete prepare.","robots":{"index":"index","follow":"follow","max-snippet":"max-snippet:-1","max-image-preview":"max-image-preview:large","max-video-preview":"max-video-preview:-1"},"canonical":"https:\/\/www.miamibeachfl.gov\/ht\/stormrecovery\/","og_locale":"ht_HT","og_type":"article","og_title":"Storm Recovery","og_description":"Hurricane season still runs through Nov. 1. It is important to stay prepared.","og_url":"https:\/\/www.miamibeachfl.gov\/ht\/stormrecovery\/","og_site_name":"City of Miami Beach","article_publisher":"https:\/\/www.facebook.com\/cityofmiamibeach","article_modified_time":"2025-06-02T02:10:44+00:00","og_image":[{"url":"https:\/\/www.miamibeachfl.gov\/wp-content\/uploads\/2023\/11\/flooding.gif","type":"","width":"","height":""}],"twitter_card":"summary_large_image","twitter_site":"@Miamibeachnews","schema":{"@context":"https:\/\/schema.org","@graph":[{"@type":"WebPage","@id":"https:\/\/www.miamibeachfl.gov\/stormrecovery\/","url":"https:\/\/www.miamibeachfl.gov\/stormrecovery\/","name":"Rekiperasyon apre tanp\u00e8t - Vil Miami Beach","isPartOf":{"@id":"https:\/\/www.miamibeachfl.gov\/#website"},"primaryImageOfPage":{"@id":"https:\/\/www.miamibeachfl.gov\/stormrecovery\/#primaryimage"},"image":{"@id":"https:\/\/www.miamibeachfl.gov\/stormrecovery\/#primaryimage"},"thumbnailUrl":"https:\/\/www.miamibeachfl.gov\/wp-content\/uploads\/2023\/11\/flooding.gif","datePublished":"2023-11-16T16:43:20+00:00","dateModified":"2025-06-02T02:10:44+00:00","description":"Sezon sikl\u00f2n nan ap kontinye jouk 1ye novanm. Li enp\u00f2tan pou rete prepare.","breadcrumb":{"@id":"https:\/\/www.miamibeachfl.gov\/stormrecovery\/#breadcrumb"},"inLanguage":"ht","potentialAction":[{"@type":"ReadAction","target":["https:\/\/www.miamibeachfl.gov\/stormrecovery\/"]}]},{"@type":"ImageObject","inLanguage":"ht","@id":"https:\/\/www.miamibeachfl.gov\/stormrecovery\/#primaryimage","url":"https:\/\/www.miamibeachfl.gov\/wp-content\/uploads\/2023\/11\/flooding.gif","contentUrl":"https:\/\/www.miamibeachfl.gov\/wp-content\/uploads\/2023\/11\/flooding.gif"},{"@type":"BreadcrumbList","@id":"https:\/\/www.miamibeachfl.gov\/stormrecovery\/#breadcrumb","itemListElement":[{"@type":"ListItem","position":1,"name":"Home","item":"https:\/\/www.miamibeachfl.gov\/"},{"@type":"ListItem","position":2,"name":"Storm Recovery"}]},{"@type":"WebSite","@id":"https:\/\/www.miamibeachfl.gov\/#website","url":"https:\/\/www.miamibeachfl.gov\/","name":"Vil Miami Beach","description":"Sitw\u00e8b ofisy\u00e8l Vil Miami Beach la. Rete enf\u00f2me, jwenn enf\u00f2masyon enp\u00f2tan sou s\u00e8vis vil la, nouv\u00e8l, al\u00e8t, ev\u00e8nman, wout tramway, travay gouv\u00e8nman an ak plis ank\u00f2.","publisher":{"@id":"https:\/\/www.miamibeachfl.gov\/#organization"},"potentialAction":[{"@type":"SearchAction","target":{"@type":"EntryPoint","urlTemplate":"https:\/\/www.miamibeachfl.gov\/?s={search_term_string}"},"query-input":{"@type":"PropertyValueSpecification","valueRequired":true,"valueName":"search_term_string"}}],"inLanguage":"ht"},{"@type":"Organization","@id":"https:\/\/www.miamibeachfl.gov\/#organization","name":"Vil Miami Beach","url":"https:\/\/www.miamibeachfl.gov\/","logo":{"@type":"ImageObject","inLanguage":"ht","@id":"https:\/\/www.miamibeachfl.gov\/#\/schema\/logo\/image\/","url":"https:\/\/www.miamibeachfl.gov\/wp-content\/uploads\/2022\/06\/miamibeach-logoblue.png","contentUrl":"https:\/\/www.miamibeachfl.gov\/wp-content\/uploads\/2022\/06\/miamibeach-logoblue.png","width":1962,"height":381,"caption":"City of Miami Beach"},"image":{"@id":"https:\/\/www.miamibeachfl.gov\/#\/schema\/logo\/image\/"},"sameAs":["https:\/\/www.facebook.com\/cityofmiamibeach","https:\/\/x.com\/Miamibeachnews","https:\/\/www.instagram.com\/miamibeachnews\/"],"description":"Sitw\u00e8b ofisy\u00e8l Vil Miami Beach la. Rete enf\u00f2me, jwenn enf\u00f2masyon enp\u00f2tan sou s\u00e8vis vil la, nouv\u00e8l, al\u00e8t, ev\u00e8nman, wout tramway, travay gouv\u00e8nman an ak plis ank\u00f2.","telephone":"305.604.CITY(2489)","legalName":"City of Miami Beach"}]}},"_links":{"self":[{"href":"https:\/\/www.miamibeachfl.gov\/ht\/wp-json\/wp\/v2\/pages\/280565","targetHints":{"allow":["GET"]}}],"collection":[{"href":"https:\/\/www.miamibeachfl.gov\/ht\/wp-json\/wp\/v2\/pages"}],"about":[{"href":"https:\/\/www.miamibeachfl.gov\/ht\/wp-json\/wp\/v2\/types\/page"}],"author":[{"embeddable":true,"href":"https:\/\/www.miamibeachfl.gov\/ht\/wp-json\/wp\/v2\/users\/222"}],"replies":[{"embeddable":true,"href":"https:\/\/www.miamibeachfl.gov\/ht\/wp-json\/wp\/v2\/comments?post=280565"}],"version-history":[{"count":2,"href":"https:\/\/www.miamibeachfl.gov\/ht\/wp-json\/wp\/v2\/pages\/280565\/revisions"}],"predecessor-version":[{"id":387197,"href":"https:\/\/www.miamibeachfl.gov\/ht\/wp-json\/wp\/v2\/pages\/280565\/revisions\/387197"}],"wp:attachment":[{"href":"https:\/\/www.miamibeachfl.gov\/ht\/wp-json\/wp\/v2\/media?parent=280565"}],"wp:term":[{"taxonomy":"category","embeddable":true,"href":"https:\/\/www.miamibeachfl.gov\/ht\/wp-json\/wp\/v2\/categories?post=280565"},{"taxonomy":"post_tag","embeddable":true,"href":"https:\/\/www.miamibeachfl.gov\/ht\/wp-json\/wp\/v2\/tags?post=280565"}],"curies":[{"name":"wp","href":"https:\/\/api.w.org\/{rel}","templated":true}]}}