{"id":281188,"date":"2023-11-28T15:43:50","date_gmt":"2023-11-28T20:43:50","guid":{"rendered":"https:\/\/www.miamibeachfl.gov\/?page_id=281188"},"modified":"2025-06-07T10:38:04","modified_gmt":"2025-06-07T14:38:04","slug":"jovan-campbell","status":"publish","type":"page","link":"https:\/\/www.miamibeachfl.gov\/ht\/yourmbpd\/jovan-campbell\/","title":{"rendered":"Jovan Campbell"},"content":{"rendered":"<a href=\"\/ht\/yourmbpd\/\"  target=\"_self\" itemprop=\"url\">\n\t\t\t\t<img decoding=\"async\" src=\"https:\/\/www.miamibeachfl.gov\/wp-content\/uploads\/2019\/12\/badge-for-banner.png\" alt=\"badge for banner\" itemprop=\"image\" title=\"badj pou bany\u00e8\" onerror=\"this.style.display='none'\" loading='lazy' \/>\n\t\t\t\t<\/a>\n<h3>\n\t\t<a href=\"\/ht\/yourmbpd\/leadership\/\" title=\"LIDERAY\"  target=\"_self\">\n\t\t\tLIDERAY\t\t<\/a>\n\t<\/h3>\n<h3>\n\t\t<a href=\"\/ht\/yourmbpd\/neighborhoods\/\" title=\"KATYE YO\"  target=\"_self\">\n\t\t\tKATYE YO\t\t<\/a>\n\t<\/h3>\n<h3>\n\t\t<a href=\"\/ht\/yourmbpd\/services\/\" title=\"S\u00c8VIS\"  target=\"_self\">\n\t\t\tS\u00c8VIS\t\t<\/a>\n\t<\/h3>\n\t\t\t\t<img decoding=\"async\" src=\"https:\/\/www.miamibeachfl.gov\/wp-content\/uploads\/2023\/11\/JovanCampbell.png\" alt=\"Jovan Campbell\" itemprop=\"image\" title=\"JovanCampbell\" onerror=\"this.style.display='none'\" loading='lazy' \/>\n<h1>\n\t\t\tMaj\u00f2 Jovan Campbell\t<\/h1>\n<h2>\n\t\t\tOperasyon yo\t<\/h2>\n\t<p><strong>Maj\u00f2 Jovan Campbell<\/strong> Kounye a li sip\u00e8vize Operasyon yo. Anvan plasman akty\u00e8l li a, li te s\u00e8vi k\u00f2m Kapit\u00e8n Midnights. Pandan manda li k\u00f2m kapit\u00e8n, Maj\u00f2 Campbell te demontre adaptabilite nan plizy\u00e8 divizyon. Li te asiyen nan Divizyon Ank\u00e8t Krim\u00e8l, kote li te pran w\u00f2l k\u00f2m K\u00f2mandan Seksyon Krim nan Lari, sip\u00e8vize Ekip Ank\u00e8t Estratejik la ak Inite V\u00f2l la. Anplis de sa, li te s\u00e8vi k\u00f2m K\u00f2mandan Z\u00f2n Mid Beach nan Divizyon Patwouy la. Nan Divizyon S\u00e8vis Sip\u00f2 yo, Maj\u00f2 Campbell te okipe yon w\u00f2l k\u00f2mandan inite Inite Pew\u00f2l la, Inite Antere ak Rekritman an, Biwo Ev\u00e8nman Espesyal la, Inite F\u00f2masyon an, Inite Pwopriyete ak Pr\u00e8v la, ak responsab sibvansyon an.<\/p>\n<p>An 2018, Maj\u00f2 Campbell te s\u00e8vi k\u00f2m k\u00f2mandan Inite F\u00f2masyon an. Li te demontre talan lid\u00e8chip li tou an 2016 l\u00e8 li te k\u00f2mande Ekip Krim Pwopriyete a, Inite Krim Ekonomik la, epi li te etabli Ekip Kontwole Kanbriyolaj la. Maj\u00f2 Campbell se yon manm Depatman Lapolis Miami Beach depi 2005.<\/p>\n<p>Nan nivo edikasyon, Maj\u00f2 Campbell gen yon lisans nan Jesyon Jistis Krimin\u00e8l. Li se yon gradye distenge nan Kou Devlopman Ofisye K\u00f2mandman Enstiti Lapolis Sid la ak Enstiti Jesyon Senior pou Lapolis la. Anplis de sa, li se yon manm aktif nan \u00d2ganizasyon Nasyonal Egzekitif Lapolis Nwa yo.<\/p>\n<h4>\n\t\t\t1100 Avni Washington,<br \/>Miami Beach, Florid 33139\t<\/h4>\n<h4>\n\t\t\t305.673.7776 Ekstansyon: 5547\t<\/h4>\n<h4>\n\t\t<a href=\"mailto:JovanCampbell@miamibeachfl.gov\" title=\"JovanCampbell@miamibeachfl.gov\"  target=\"_self\">\n\t\t\tJovanCampbell@miamibeachfl.gov\t\t<\/a>\n\t<\/h4>\n\t<p>\u00a9 2025 Dwa ot\u00e8 Vil Miami Beach.<\/p>\n\t\t\t<a href=\"\/ht\/\" target=\"_self\">\n\t\t\t\t\t\t\tSitw\u00e8b Vil Miami Beach la\n\t\t\t\t\t<\/a>\n\t\t\t<a href=\"\/ht\/policies-disclaimers\/\" target=\"_self\">\n\t\t\t\t\t\t\tR\u00e8gleman ak Av\u00e8tisman\n\t\t\t\t\t<\/a>\n\t\t\t<a href=\"\/ht\/accessibility\/\" target=\"_self\">\n\t\t\t\t\t\t\tAks\u00e8\n\t\t\t\t\t<\/a>\n\t\t\t<a href=\"\/ht\/policies-disclaimers\/#cookies\" target=\"_self\">\n\t\t\t\t\t\t\tParam\u00e8t Bonbon\n\t\t\t\t\t<\/a>","protected":false},"excerpt":{"rendered":"<p>LEADERSHIP NEIGHBORHOODS SERVICES Major Jovan Campbell Operations Major Jovan Campbell currently oversees Operations. Before his current assignment, he served as [&hellip;]<\/p>\n","protected":false},"author":222,"featured_media":0,"parent":120936,"menu_order":111,"comment_status":"closed","ping_status":"closed","template":"","meta":{"_searchwp_excluded":"","site-sidebar-layout":"default","site-content-layout":"","ast-site-content-layout":"","site-content-style":"default","site-sidebar-style":"default","ast-global-header-display":"disabled","ast-banner-title-visibility":"","ast-main-header-display":"","ast-hfb-above-header-display":"","ast-hfb-below-header-display":"","ast-hfb-mobile-header-display":"","site-post-title":"","ast-breadcrumbs-content":"","ast-featured-img":"","footer-sml-layout":"disabled","theme-transparent-header-meta":"","adv-header-id-meta":"","stick-header-meta":"","header-above-stick-meta":"","header-main-stick-meta":"","header-below-stick-meta":"","astra-migrate-meta-layouts":"default","ast-page-background-enabled":"default","ast-page-background-meta":{"desktop":{"background-color":"var(--ast-global-color-5)","background-image":"","background-repeat":"repeat","background-position":"center center","background-size":"auto","background-attachment":"scroll","background-type":"","background-media":"","overlay-type":"","overlay-color":"","overlay-opacity":"","overlay-gradient":""},"tablet":{"background-color":"","background-image":"","background-repeat":"repeat","background-position":"center center","background-size":"auto","background-attachment":"scroll","background-type":"","background-media":"","overlay-type":"","overlay-color":"","overlay-opacity":"","overlay-gradient":""},"mobile":{"background-color":"","background-image":"","background-repeat":"repeat","background-position":"center center","background-size":"auto","background-attachment":"scroll","background-type":"","background-media":"","overlay-type":"","overlay-color":"","overlay-opacity":"","overlay-gradient":""}},"ast-content-background-meta":{"desktop":{"background-color":"var(--ast-global-color-4)","background-image":"","background-repeat":"repeat","background-position":"center center","background-size":"auto","background-attachment":"scroll","background-type":"","background-media":"","overlay-type":"","overlay-color":"","overlay-opacity":"","overlay-gradient":""},"tablet":{"background-color":"var(--ast-global-color-4)","background-image":"","background-repeat":"repeat","background-position":"center center","background-size":"auto","background-attachment":"scroll","background-type":"","background-media":"","overlay-type":"","overlay-color":"","overlay-opacity":"","overlay-gradient":""},"mobile":{"background-color":"var(--ast-global-color-4)","background-image":"","background-repeat":"repeat","background-position":"center center","background-size":"auto","background-attachment":"scroll","background-type":"","background-media":"","overlay-type":"","overlay-color":"","overlay-opacity":"","overlay-gradient":""}},"footnotes":""},"categories":[],"tags":[],"class_list":["post-281188","page","type-page","status-publish","hentry"],"yoast_head":"<!-- This site is optimized with the Yoast SEO Premium plugin v27.4 (Yoast SEO v27.4) - https:\/\/yoast.com\/product\/yoast-seo-premium-wordpress\/ -->\n<title>Jovan Campbell - City of Miami Beach<\/title>\n<meta name=\"description\" content=\"%\" \/>\n<meta name=\"robots\" content=\"index, follow, max-snippet:-1, max-image-preview:large, max-video-preview:-1\" \/>\n<link rel=\"canonical\" href=\"https:\/\/www.miamibeachfl.gov\/ht\/yourmbpd\/jovan-campbell\/\" \/>\n<meta property=\"og:locale\" content=\"ht_HT\" \/>\n<meta property=\"og:type\" content=\"article\" \/>\n<meta property=\"og:title\" content=\"Jovan Campbell\" \/>\n<meta property=\"og:description\" content=\"%\" \/>\n<meta property=\"og:url\" content=\"https:\/\/www.miamibeachfl.gov\/ht\/yourmbpd\/jovan-campbell\/\" \/>\n<meta property=\"og:site_name\" content=\"City of Miami Beach\" \/>\n<meta property=\"article:publisher\" content=\"https:\/\/www.facebook.com\/cityofmiamibeach\" \/>\n<meta property=\"article:modified_time\" content=\"2025-06-07T14:38:04+00:00\" \/>\n<meta property=\"og:image\" content=\"https:\/\/www.miamibeachfl.gov\/wp-content\/uploads\/2019\/12\/badge-for-banner.png\" \/>\n<meta name=\"twitter:card\" content=\"summary_large_image\" \/>\n<meta name=\"twitter:site\" content=\"@Miamibeachnews\" \/>\n<script type=\"application\/ld+json\" class=\"yoast-schema-graph\">{\"@context\":\"https:\\\/\\\/schema.org\",\"@graph\":[{\"@type\":\"WebPage\",\"@id\":\"https:\\\/\\\/www.miamibeachfl.gov\\\/yourmbpd\\\/jovan-campbell\\\/\",\"url\":\"https:\\\/\\\/www.miamibeachfl.gov\\\/yourmbpd\\\/jovan-campbell\\\/\",\"name\":\"Jovan Campbell - City of Miami Beach\",\"isPartOf\":{\"@id\":\"https:\\\/\\\/www.miamibeachfl.gov\\\/#website\"},\"primaryImageOfPage\":{\"@id\":\"https:\\\/\\\/www.miamibeachfl.gov\\\/yourmbpd\\\/jovan-campbell\\\/#primaryimage\"},\"image\":{\"@id\":\"https:\\\/\\\/www.miamibeachfl.gov\\\/yourmbpd\\\/jovan-campbell\\\/#primaryimage\"},\"thumbnailUrl\":\"https:\\\/\\\/www.miamibeachfl.gov\\\/wp-content\\\/uploads\\\/2019\\\/12\\\/badge-for-banner.png\",\"datePublished\":\"2023-11-28T20:43:50+00:00\",\"dateModified\":\"2025-06-07T14:38:04+00:00\",\"description\":\"%\",\"breadcrumb\":{\"@id\":\"https:\\\/\\\/www.miamibeachfl.gov\\\/yourmbpd\\\/jovan-campbell\\\/#breadcrumb\"},\"inLanguage\":\"ht\",\"potentialAction\":[{\"@type\":\"ReadAction\",\"target\":[\"https:\\\/\\\/www.miamibeachfl.gov\\\/yourmbpd\\\/jovan-campbell\\\/\"]}]},{\"@type\":\"ImageObject\",\"inLanguage\":\"ht\",\"@id\":\"https:\\\/\\\/www.miamibeachfl.gov\\\/yourmbpd\\\/jovan-campbell\\\/#primaryimage\",\"url\":\"https:\\\/\\\/www.miamibeachfl.gov\\\/wp-content\\\/uploads\\\/2019\\\/12\\\/badge-for-banner.png\",\"contentUrl\":\"https:\\\/\\\/www.miamibeachfl.gov\\\/wp-content\\\/uploads\\\/2019\\\/12\\\/badge-for-banner.png\"},{\"@type\":\"BreadcrumbList\",\"@id\":\"https:\\\/\\\/www.miamibeachfl.gov\\\/yourmbpd\\\/jovan-campbell\\\/#breadcrumb\",\"itemListElement\":[{\"@type\":\"ListItem\",\"position\":1,\"name\":\"Home\",\"item\":\"https:\\\/\\\/www.miamibeachfl.gov\\\/\"},{\"@type\":\"ListItem\",\"position\":2,\"name\":\"Police\",\"item\":\"https:\\\/\\\/www.miamibeachfl.gov\\\/yourmbpd\\\/\"},{\"@type\":\"ListItem\",\"position\":3,\"name\":\"Jovan Campbell\"}]},{\"@type\":\"WebSite\",\"@id\":\"https:\\\/\\\/www.miamibeachfl.gov\\\/#website\",\"url\":\"https:\\\/\\\/www.miamibeachfl.gov\\\/\",\"name\":\"City of Miami Beach\",\"description\":\"The official website of the City of Miami Beach. Stay informed, find important information on city services, news, alerts, events, trolley routes, government employment and more.\",\"publisher\":{\"@id\":\"https:\\\/\\\/www.miamibeachfl.gov\\\/#organization\"},\"potentialAction\":[{\"@type\":\"SearchAction\",\"target\":{\"@type\":\"EntryPoint\",\"urlTemplate\":\"https:\\\/\\\/www.miamibeachfl.gov\\\/?s={search_term_string}\"},\"query-input\":{\"@type\":\"PropertyValueSpecification\",\"valueRequired\":true,\"valueName\":\"search_term_string\"}}],\"inLanguage\":\"ht\"},{\"@type\":\"Organization\",\"@id\":\"https:\\\/\\\/www.miamibeachfl.gov\\\/#organization\",\"name\":\"City of Miami Beach\",\"url\":\"https:\\\/\\\/www.miamibeachfl.gov\\\/\",\"logo\":{\"@type\":\"ImageObject\",\"inLanguage\":\"ht\",\"@id\":\"https:\\\/\\\/www.miamibeachfl.gov\\\/#\\\/schema\\\/logo\\\/image\\\/\",\"url\":\"https:\\\/\\\/www.miamibeachfl.gov\\\/wp-content\\\/uploads\\\/2022\\\/06\\\/miamibeach-logoblue.png\",\"contentUrl\":\"https:\\\/\\\/www.miamibeachfl.gov\\\/wp-content\\\/uploads\\\/2022\\\/06\\\/miamibeach-logoblue.png\",\"width\":1962,\"height\":381,\"caption\":\"City of Miami Beach\"},\"image\":{\"@id\":\"https:\\\/\\\/www.miamibeachfl.gov\\\/#\\\/schema\\\/logo\\\/image\\\/\"},\"sameAs\":[\"https:\\\/\\\/www.facebook.com\\\/cityofmiamibeach\",\"https:\\\/\\\/x.com\\\/Miamibeachnews\",\"https:\\\/\\\/www.instagram.com\\\/miamibeachnews\\\/\"],\"description\":\"The official website of the City of Miami Beach. Stay informed, find important information on city services, news, alerts, events, trolley routes, government employment and more.\",\"telephone\":\"305.604.CITY(2489)\",\"legalName\":\"City of Miami Beach\"}]}<\/script>\n<!-- \/ Yoast SEO Premium plugin. -->","yoast_head_json":{"title":"Jovan Campbell - Vil Miami Beach","description":"%","robots":{"index":"index","follow":"follow","max-snippet":"max-snippet:-1","max-image-preview":"max-image-preview:large","max-video-preview":"max-video-preview:-1"},"canonical":"https:\/\/www.miamibeachfl.gov\/ht\/yourmbpd\/jovan-campbell\/","og_locale":"ht_HT","og_type":"article","og_title":"Jovan Campbell","og_description":"%","og_url":"https:\/\/www.miamibeachfl.gov\/ht\/yourmbpd\/jovan-campbell\/","og_site_name":"City of Miami Beach","article_publisher":"https:\/\/www.facebook.com\/cityofmiamibeach","article_modified_time":"2025-06-07T14:38:04+00:00","og_image":[{"url":"https:\/\/www.miamibeachfl.gov\/wp-content\/uploads\/2019\/12\/badge-for-banner.png","type":"","width":"","height":""}],"twitter_card":"summary_large_image","twitter_site":"@Miamibeachnews","schema":{"@context":"https:\/\/schema.org","@graph":[{"@type":"WebPage","@id":"https:\/\/www.miamibeachfl.gov\/yourmbpd\/jovan-campbell\/","url":"https:\/\/www.miamibeachfl.gov\/yourmbpd\/jovan-campbell\/","name":"Jovan Campbell - Vil Miami Beach","isPartOf":{"@id":"https:\/\/www.miamibeachfl.gov\/#website"},"primaryImageOfPage":{"@id":"https:\/\/www.miamibeachfl.gov\/yourmbpd\/jovan-campbell\/#primaryimage"},"image":{"@id":"https:\/\/www.miamibeachfl.gov\/yourmbpd\/jovan-campbell\/#primaryimage"},"thumbnailUrl":"https:\/\/www.miamibeachfl.gov\/wp-content\/uploads\/2019\/12\/badge-for-banner.png","datePublished":"2023-11-28T20:43:50+00:00","dateModified":"2025-06-07T14:38:04+00:00","description":"%","breadcrumb":{"@id":"https:\/\/www.miamibeachfl.gov\/yourmbpd\/jovan-campbell\/#breadcrumb"},"inLanguage":"ht","potentialAction":[{"@type":"ReadAction","target":["https:\/\/www.miamibeachfl.gov\/yourmbpd\/jovan-campbell\/"]}]},{"@type":"ImageObject","inLanguage":"ht","@id":"https:\/\/www.miamibeachfl.gov\/yourmbpd\/jovan-campbell\/#primaryimage","url":"https:\/\/www.miamibeachfl.gov\/wp-content\/uploads\/2019\/12\/badge-for-banner.png","contentUrl":"https:\/\/www.miamibeachfl.gov\/wp-content\/uploads\/2019\/12\/badge-for-banner.png"},{"@type":"BreadcrumbList","@id":"https:\/\/www.miamibeachfl.gov\/yourmbpd\/jovan-campbell\/#breadcrumb","itemListElement":[{"@type":"ListItem","position":1,"name":"Home","item":"https:\/\/www.miamibeachfl.gov\/"},{"@type":"ListItem","position":2,"name":"Police","item":"https:\/\/www.miamibeachfl.gov\/yourmbpd\/"},{"@type":"ListItem","position":3,"name":"Jovan Campbell"}]},{"@type":"WebSite","@id":"https:\/\/www.miamibeachfl.gov\/#website","url":"https:\/\/www.miamibeachfl.gov\/","name":"Vil Miami Beach","description":"Sitw\u00e8b ofisy\u00e8l Vil Miami Beach la. Rete enf\u00f2me, jwenn enf\u00f2masyon enp\u00f2tan sou s\u00e8vis vil la, nouv\u00e8l, al\u00e8t, ev\u00e8nman, wout tramway, travay gouv\u00e8nman an ak plis ank\u00f2.","publisher":{"@id":"https:\/\/www.miamibeachfl.gov\/#organization"},"potentialAction":[{"@type":"SearchAction","target":{"@type":"EntryPoint","urlTemplate":"https:\/\/www.miamibeachfl.gov\/?s={search_term_string}"},"query-input":{"@type":"PropertyValueSpecification","valueRequired":true,"valueName":"search_term_string"}}],"inLanguage":"ht"},{"@type":"Organization","@id":"https:\/\/www.miamibeachfl.gov\/#organization","name":"Vil Miami Beach","url":"https:\/\/www.miamibeachfl.gov\/","logo":{"@type":"ImageObject","inLanguage":"ht","@id":"https:\/\/www.miamibeachfl.gov\/#\/schema\/logo\/image\/","url":"https:\/\/www.miamibeachfl.gov\/wp-content\/uploads\/2022\/06\/miamibeach-logoblue.png","contentUrl":"https:\/\/www.miamibeachfl.gov\/wp-content\/uploads\/2022\/06\/miamibeach-logoblue.png","width":1962,"height":381,"caption":"City of Miami Beach"},"image":{"@id":"https:\/\/www.miamibeachfl.gov\/#\/schema\/logo\/image\/"},"sameAs":["https:\/\/www.facebook.com\/cityofmiamibeach","https:\/\/x.com\/Miamibeachnews","https:\/\/www.instagram.com\/miamibeachnews\/"],"description":"Sitw\u00e8b ofisy\u00e8l Vil Miami Beach la. Rete enf\u00f2me, jwenn enf\u00f2masyon enp\u00f2tan sou s\u00e8vis vil la, nouv\u00e8l, al\u00e8t, ev\u00e8nman, wout tramway, travay gouv\u00e8nman an ak plis ank\u00f2.","telephone":"305.604.CITY(2489)","legalName":"City of Miami Beach"}]}},"_links":{"self":[{"href":"https:\/\/www.miamibeachfl.gov\/ht\/wp-json\/wp\/v2\/pages\/281188","targetHints":{"allow":["GET"]}}],"collection":[{"href":"https:\/\/www.miamibeachfl.gov\/ht\/wp-json\/wp\/v2\/pages"}],"about":[{"href":"https:\/\/www.miamibeachfl.gov\/ht\/wp-json\/wp\/v2\/types\/page"}],"author":[{"embeddable":true,"href":"https:\/\/www.miamibeachfl.gov\/ht\/wp-json\/wp\/v2\/users\/222"}],"replies":[{"embeddable":true,"href":"https:\/\/www.miamibeachfl.gov\/ht\/wp-json\/wp\/v2\/comments?post=281188"}],"version-history":[{"count":3,"href":"https:\/\/www.miamibeachfl.gov\/ht\/wp-json\/wp\/v2\/pages\/281188\/revisions"}],"predecessor-version":[{"id":375672,"href":"https:\/\/www.miamibeachfl.gov\/ht\/wp-json\/wp\/v2\/pages\/281188\/revisions\/375672"}],"up":[{"embeddable":true,"href":"https:\/\/www.miamibeachfl.gov\/ht\/wp-json\/wp\/v2\/pages\/120936"}],"wp:attachment":[{"href":"https:\/\/www.miamibeachfl.gov\/ht\/wp-json\/wp\/v2\/media?parent=281188"}],"wp:term":[{"taxonomy":"category","embeddable":true,"href":"https:\/\/www.miamibeachfl.gov\/ht\/wp-json\/wp\/v2\/categories?post=281188"},{"taxonomy":"post_tag","embeddable":true,"href":"https:\/\/www.miamibeachfl.gov\/ht\/wp-json\/wp\/v2\/tags?post=281188"}],"curies":[{"name":"wp","href":"https:\/\/api.w.org\/{rel}","templated":true}]}}