{"id":281421,"date":"2023-12-01T09:37:53","date_gmt":"2023-12-01T14:37:53","guid":{"rendered":"https:\/\/www.miamibeachfl.gov\/?page_id=281421"},"modified":"2025-05-25T10:47:44","modified_gmt":"2025-05-25T14:47:44","slug":"ricardojdopico","status":"publish","type":"page","link":"https:\/\/www.miamibeachfl.gov\/ht\/city-hall\/city-attorney\/attorneys\/ricardojdopico\/","title":{"rendered":"Ricardo J. Dopico <br> Avoka Vil la"},"content":{"rendered":"<h1>\n\t\t\tRicardo J. Dopico\t<\/h1>\n<h1>\n\t\t\tAvoka Vil la\t<\/h1>\nAvoka Vil la\t\t\t\n\t\t\t\t\t<ul id=\"menu-city-attorney\"><li id=\"menu-item-281297\"><a href=\"\/ht\/city-hall\/city-attorney\/\">Kay Avoka Vil la<\/a><\/li>\n<li id=\"menu-item-281298\"><a href=\"\/ht\/city-hall\/city-attorney\/attorneys\/\">Avoka<\/a><\/li>\n<li id=\"menu-item-281299\"><a href=\"\/ht\/city-hall\/city-attorney\/internships\/\">Estaj<\/a><\/li>\n<li id=\"menu-item-281302\"><a href=\"\/ht\/city-hall\/city-attorney\/history-of-previous-attorneys\/\">Ansyen Avoka Vil la<\/a><\/li>\n<\/ul>\t\nAvoka Vil la \u00d7\t\t\t\t\t\t<ul id=\"menu-city-attorney-1\"><li id=\"menu-item-281297\"><a href=\"\/ht\/city-hall\/city-attorney\/\">Kay Avoka Vil la<\/a><\/li>\n<li id=\"menu-item-281298\"><a href=\"\/ht\/city-hall\/city-attorney\/attorneys\/\">Avoka<\/a><\/li>\n<li id=\"menu-item-281299\"><a href=\"\/ht\/city-hall\/city-attorney\/internships\/\">Estaj<\/a><\/li>\n<li id=\"menu-item-281302\"><a href=\"\/ht\/city-hall\/city-attorney\/history-of-previous-attorneys\/\">Ansyen Avoka Vil la<\/a><\/li>\n<\/ul>\t\t\t\t\n\t\t\t\t<img decoding=\"async\" src=\"https:\/\/www.miamibeachfl.gov\/wp-content\/uploads\/bb-plugin\/cache\/RicardoJDopico-2024Circle-circle.png\" alt=\"Ricardo J Dopico\" title=\"RicardoJDopico-2024Circle\" itemprop=\"image\"\/>\n\t\t<h2>\n\t\t\tNouvo Inif\u00f2m\t<\/h2>\n<p><strong>Edikasyon:<\/strong>\u00a0 Kol\u00e8j Harvard, Cambridge, Massachusetts (AB 1989, Magna Cum Laude); Lek\u00f2l Dwa Harvard, Cambridge, Massachusetts (JD 1994, Cum Laude).<\/p>\n<p><strong>Manm:<\/strong>\u00a0\u00a0Baro Florid la.<\/p>\n<p>Ricardo Dopico te rantre nan Biwo Avoka Vil la an 2021. Mesye Dopico te s\u00e8vi k\u00f2m Avoka Adjwen Vil la responsab zaf\u00e8 tranzaksyon\u00e8l, byen imobilye, ak zaf\u00e8 biznis jeneral pou plizy\u00e8 depatman Vil la, tankou Devlopman Ekonomik, Akizisyon, Touris ak Kilti, Biwo Amelyorasyon Kapital, ak Depatman Finans. Nan dat 3 avril 2024, Majistra a ak Komisyon Vil la te nonmen Mesye Dopico k\u00f2m Avoka Vil la.<\/p>\n<p>Anvan li te rantre nan Vil la, Mesye Dopico te s\u00e8vi k\u00f2m Vis Prezidan ak Avoka Jeneral pou Estefan Enterprises, Inc. kote li te responsab operasyon Depatman Biznis ak Zaf\u00e8 Legal pou chak liy biznis ki gen ladan byen imobilye, Ospitalite, amizman, fim ak televizyon, pwodiksyon mizik, piblikasyon mizik, jesyon talan ak s\u00e8vis maketing.<\/p>\n<p>Anvan manda li nan Estefan Enterprises, Mesye Dopico te Vis Prezidan Mizik Latin nan Recording Industry Association of America (Asosyasyon Endistri Anrejistreman Amerik la), \u00f2ganizasyon kom\u00e8s ki sip\u00f2te epi ankouraje vitalite kreyatif ak finansye gwo konpayi mizik Ozetazini yo.<\/p>\n<p>Mesye Dopico te k\u00f2manse pratik li nan kabin\u00e8 avoka Steel Hector &amp; Davis LLP, kote li te reprezante konpayi ki nan bous ak konpayi prive nan div\u00e8s endistri (tankou swen sante, en\u00e8ji, \u00f2ganizasyon pwofesyon\u00e8l pou anplwa, biwo familyal) nan dom\u00e8n finansman d\u00e8t ak aksyon piblik ak prive, rap\u00f2 ak konf\u00f2mite SEC, fizyon ak akizisyon, konpansasyon ekzekitif, gouv\u00e8nans antrepriz ak sip\u00f2 operasyon\u00e8l.<\/p>","protected":false},"excerpt":{"rendered":"<p>Ricardo J. Dopico Avoka Vil la Avoka Vil la Avoka Vil la Estaj pou Avoka Kay Ansyen Avoka Vil la Avoka Vil la \u00d7 Avoka Vil la [\u2026]<\/p>","protected":false},"author":222,"featured_media":297293,"parent":281293,"menu_order":0,"comment_status":"closed","ping_status":"closed","template":"","meta":{"_searchwp_excluded":"","site-sidebar-layout":"default","site-content-layout":"","ast-site-content-layout":"default","site-content-style":"default","site-sidebar-style":"default","ast-global-header-display":"","ast-banner-title-visibility":"","ast-main-header-display":"","ast-hfb-above-header-display":"","ast-hfb-below-header-display":"","ast-hfb-mobile-header-display":"","site-post-title":"","ast-breadcrumbs-content":"","ast-featured-img":"","footer-sml-layout":"","theme-transparent-header-meta":"","adv-header-id-meta":"","stick-header-meta":"","header-above-stick-meta":"","header-main-stick-meta":"","header-below-stick-meta":"","astra-migrate-meta-layouts":"default","ast-page-background-enabled":"default","ast-page-background-meta":{"desktop":{"background-color":"var(--ast-global-color-5)","background-image":"","background-repeat":"repeat","background-position":"center center","background-size":"auto","background-attachment":"scroll","background-type":"","background-media":"","overlay-type":"","overlay-color":"","overlay-opacity":"","overlay-gradient":""},"tablet":{"background-color":"","background-image":"","background-repeat":"repeat","background-position":"center center","background-size":"auto","background-attachment":"scroll","background-type":"","background-media":"","overlay-type":"","overlay-color":"","overlay-opacity":"","overlay-gradient":""},"mobile":{"background-color":"","background-image":"","background-repeat":"repeat","background-position":"center center","background-size":"auto","background-attachment":"scroll","background-type":"","background-media":"","overlay-type":"","overlay-color":"","overlay-opacity":"","overlay-gradient":""}},"ast-content-background-meta":{"desktop":{"background-color":"var(--ast-global-color-4)","background-image":"","background-repeat":"repeat","background-position":"center center","background-size":"auto","background-attachment":"scroll","background-type":"","background-media":"","overlay-type":"","overlay-color":"","overlay-opacity":"","overlay-gradient":""},"tablet":{"background-color":"var(--ast-global-color-4)","background-image":"","background-repeat":"repeat","background-position":"center center","background-size":"auto","background-attachment":"scroll","background-type":"","background-media":"","overlay-type":"","overlay-color":"","overlay-opacity":"","overlay-gradient":""},"mobile":{"background-color":"var(--ast-global-color-4)","background-image":"","background-repeat":"repeat","background-position":"center center","background-size":"auto","background-attachment":"scroll","background-type":"","background-media":"","overlay-type":"","overlay-color":"","overlay-opacity":"","overlay-gradient":""}},"footnotes":""},"categories":[],"tags":[1137],"class_list":["post-281421","page","type-page","status-publish","has-post-thumbnail","hentry","tag-ricardo-j-dopico-atorney"],"yoast_head":"<!-- This site is optimized with the Yoast SEO Premium plugin v26.6 (Yoast SEO v26.6) - https:\/\/yoast.com\/wordpress\/plugins\/seo\/ -->\n<title>Ricardo J. Dopico  City Attorney - City of Miami Beach<\/title>\n<meta name=\"description\" content=\"Ricardo Dopico joined the City Attorney&#039;s Office in December 2021. \u00a0Mr. Dopico handles transactional, real property and general business matters for various City departments, including Economic Development, Procurement, Tourism and Culture, the Office of Capital Improvements, and the Finance Department.\" \/>\n<meta name=\"robots\" content=\"index, follow, max-snippet:-1, max-image-preview:large, max-video-preview:-1\" \/>\n<link rel=\"canonical\" href=\"https:\/\/www.miamibeachfl.gov\/ht\/city-hall\/city-attorney\/attorneys\/ricardojdopico\/\" \/>\n<meta property=\"og:locale\" content=\"ht_HT\" \/>\n<meta property=\"og:type\" content=\"article\" \/>\n<meta property=\"og:title\" content=\"Ricardo J. Dopico  City Attorney\" \/>\n<meta property=\"og:description\" content=\"Ricardo Dopico joined the City Attorney&#039;s Office in December 2021. \u00a0Mr. Dopico handles transactional, real property and general business matters for various City departments, including Economic Development, Procurement, Tourism and Culture, the Office of Capital Improvements, and the Finance Department.\" \/>\n<meta property=\"og:url\" content=\"https:\/\/www.miamibeachfl.gov\/ht\/city-hall\/city-attorney\/attorneys\/ricardojdopico\/\" \/>\n<meta property=\"og:site_name\" content=\"City of Miami Beach\" \/>\n<meta property=\"article:publisher\" content=\"https:\/\/www.facebook.com\/cityofmiamibeach\" \/>\n<meta property=\"article:modified_time\" content=\"2025-05-25T14:47:44+00:00\" \/>\n<meta property=\"og:image\" content=\"https:\/\/www.miamibeachfl.gov\/wp-content\/uploads\/2024\/04\/RicardoJDopico-2024Circle.png\" \/>\n\t<meta property=\"og:image:width\" content=\"249\" \/>\n\t<meta property=\"og:image:height\" content=\"250\" \/>\n\t<meta property=\"og:image:type\" content=\"image\/png\" \/>\n<meta name=\"twitter:card\" content=\"summary_large_image\" \/>\n<meta name=\"twitter:site\" content=\"@Miamibeachnews\" \/>\n<script type=\"application\/ld+json\" class=\"yoast-schema-graph\">{\"@context\":\"https:\/\/schema.org\",\"@graph\":[{\"@type\":\"WebPage\",\"@id\":\"https:\/\/www.miamibeachfl.gov\/city-hall\/city-attorney\/attorneys\/ricardojdopico\/\",\"url\":\"https:\/\/www.miamibeachfl.gov\/city-hall\/city-attorney\/attorneys\/ricardojdopico\/\",\"name\":\"Ricardo J. Dopico City Attorney - City of Miami Beach\",\"isPartOf\":{\"@id\":\"https:\/\/www.miamibeachfl.gov\/#website\"},\"primaryImageOfPage\":{\"@id\":\"https:\/\/www.miamibeachfl.gov\/city-hall\/city-attorney\/attorneys\/ricardojdopico\/#primaryimage\"},\"image\":{\"@id\":\"https:\/\/www.miamibeachfl.gov\/city-hall\/city-attorney\/attorneys\/ricardojdopico\/#primaryimage\"},\"thumbnailUrl\":\"https:\/\/www.miamibeachfl.gov\/wp-content\/uploads\/2024\/04\/RicardoJDopico-2024Circle.png\",\"datePublished\":\"2023-12-01T14:37:53+00:00\",\"dateModified\":\"2025-05-25T14:47:44+00:00\",\"description\":\"Ricardo Dopico joined the City Attorney's Office in December 2021. \u00a0Mr. Dopico handles transactional, real property and general business matters for various City departments, including Economic Development, Procurement, Tourism and Culture, the Office of Capital Improvements, and the Finance Department.\",\"breadcrumb\":{\"@id\":\"https:\/\/www.miamibeachfl.gov\/city-hall\/city-attorney\/attorneys\/ricardojdopico\/#breadcrumb\"},\"inLanguage\":\"ht\",\"potentialAction\":[{\"@type\":\"ReadAction\",\"target\":[\"https:\/\/www.miamibeachfl.gov\/city-hall\/city-attorney\/attorneys\/ricardojdopico\/\"]}]},{\"@type\":\"ImageObject\",\"inLanguage\":\"ht\",\"@id\":\"https:\/\/www.miamibeachfl.gov\/city-hall\/city-attorney\/attorneys\/ricardojdopico\/#primaryimage\",\"url\":\"https:\/\/www.miamibeachfl.gov\/wp-content\/uploads\/2024\/04\/RicardoJDopico-2024Circle.png\",\"contentUrl\":\"https:\/\/www.miamibeachfl.gov\/wp-content\/uploads\/2024\/04\/RicardoJDopico-2024Circle.png\",\"width\":249,\"height\":250,\"caption\":\"Ricardo J Dopico\"},{\"@type\":\"BreadcrumbList\",\"@id\":\"https:\/\/www.miamibeachfl.gov\/city-hall\/city-attorney\/attorneys\/ricardojdopico\/#breadcrumb\",\"itemListElement\":[{\"@type\":\"ListItem\",\"position\":1,\"name\":\"Home\",\"item\":\"https:\/\/www.miamibeachfl.gov\/\"},{\"@type\":\"ListItem\",\"position\":2,\"name\":\"City Hall\",\"item\":\"https:\/\/www.miamibeachfl.gov\/city-hall\/\"},{\"@type\":\"ListItem\",\"position\":3,\"name\":\"City Attorney\",\"item\":\"https:\/\/www.miamibeachfl.gov\/city-hall\/city-attorney\/\"},{\"@type\":\"ListItem\",\"position\":4,\"name\":\"City of Miami Beach Attorneys\",\"item\":\"https:\/\/www.miamibeachfl.gov\/city-hall\/city-attorney\/attorneys\/\"},{\"@type\":\"ListItem\",\"position\":5,\"name\":\"Ricardo J. Dopico City Attorney\"}]},{\"@type\":\"WebSite\",\"@id\":\"https:\/\/www.miamibeachfl.gov\/#website\",\"url\":\"https:\/\/www.miamibeachfl.gov\/\",\"name\":\"City of Miami Beach\",\"description\":\"The official website of the City of Miami Beach. Stay informed, find important information on city services, news, alerts, events, trolley routes, government employment and more.\",\"publisher\":{\"@id\":\"https:\/\/www.miamibeachfl.gov\/#organization\"},\"potentialAction\":[{\"@type\":\"SearchAction\",\"target\":{\"@type\":\"EntryPoint\",\"urlTemplate\":\"https:\/\/www.miamibeachfl.gov\/?s={search_term_string}\"},\"query-input\":{\"@type\":\"PropertyValueSpecification\",\"valueRequired\":true,\"valueName\":\"search_term_string\"}}],\"inLanguage\":\"ht\"},{\"@type\":\"Organization\",\"@id\":\"https:\/\/www.miamibeachfl.gov\/#organization\",\"name\":\"City of Miami Beach\",\"url\":\"https:\/\/www.miamibeachfl.gov\/\",\"logo\":{\"@type\":\"ImageObject\",\"inLanguage\":\"ht\",\"@id\":\"https:\/\/www.miamibeachfl.gov\/#\/schema\/logo\/image\/\",\"url\":\"https:\/\/www.miamibeachfl.gov\/wp-content\/uploads\/2022\/06\/miamibeach-logoblue.png\",\"contentUrl\":\"https:\/\/www.miamibeachfl.gov\/wp-content\/uploads\/2022\/06\/miamibeach-logoblue.png\",\"width\":1962,\"height\":381,\"caption\":\"City of Miami Beach\"},\"image\":{\"@id\":\"https:\/\/www.miamibeachfl.gov\/#\/schema\/logo\/image\/\"},\"sameAs\":[\"https:\/\/www.facebook.com\/cityofmiamibeach\",\"https:\/\/x.com\/Miamibeachnews\",\"https:\/\/www.instagram.com\/miamibeachnews\/\"],\"description\":\"The official website of the City of Miami Beach. Stay informed, find important information on city services, news, alerts, events, trolley routes, government employment and more.\",\"telephone\":\"305.604.CITY(2489)\",\"legalName\":\"City of Miami Beach\"}]}<\/script>\n<!-- \/ Yoast SEO Premium plugin. -->","yoast_head_json":{"title":"Ricardo J. Dopico Avoka Vil la - Vil Miami Beach","description":"Ricardo Dopico te rantre nan Biwo Avoka Vil la an Desanm 2021. Mesye Dopico okipe zaf\u00e8 tranzaksyon\u00e8l, byen imobilye ak biznis jeneral pou plizy\u00e8 depatman Vil la, tankou Devlopman Ekonomik, Akizisyon, Touris ak Kilti, Biwo Amelyorasyon Kapital, ak Depatman Finans.","robots":{"index":"index","follow":"follow","max-snippet":"max-snippet:-1","max-image-preview":"max-image-preview:large","max-video-preview":"max-video-preview:-1"},"canonical":"https:\/\/www.miamibeachfl.gov\/ht\/city-hall\/city-attorney\/attorneys\/ricardojdopico\/","og_locale":"ht_HT","og_type":"article","og_title":"Ricardo J. Dopico  City Attorney","og_description":"Ricardo Dopico joined the City Attorney's Office in December 2021. \u00a0Mr. Dopico handles transactional, real property and general business matters for various City departments, including Economic Development, Procurement, Tourism and Culture, the Office of Capital Improvements, and the Finance Department.","og_url":"https:\/\/www.miamibeachfl.gov\/ht\/city-hall\/city-attorney\/attorneys\/ricardojdopico\/","og_site_name":"City of Miami Beach","article_publisher":"https:\/\/www.facebook.com\/cityofmiamibeach","article_modified_time":"2025-05-25T14:47:44+00:00","og_image":[{"width":249,"height":250,"url":"https:\/\/www.miamibeachfl.gov\/wp-content\/uploads\/2024\/04\/RicardoJDopico-2024Circle.png","type":"image\/png"}],"twitter_card":"summary_large_image","twitter_site":"@Miamibeachnews","schema":{"@context":"https:\/\/schema.org","@graph":[{"@type":"WebPage","@id":"https:\/\/www.miamibeachfl.gov\/city-hall\/city-attorney\/attorneys\/ricardojdopico\/","url":"https:\/\/www.miamibeachfl.gov\/city-hall\/city-attorney\/attorneys\/ricardojdopico\/","name":"Ricardo J. Dopico Avoka Vil la - Vil Miami Beach","isPartOf":{"@id":"https:\/\/www.miamibeachfl.gov\/#website"},"primaryImageOfPage":{"@id":"https:\/\/www.miamibeachfl.gov\/city-hall\/city-attorney\/attorneys\/ricardojdopico\/#primaryimage"},"image":{"@id":"https:\/\/www.miamibeachfl.gov\/city-hall\/city-attorney\/attorneys\/ricardojdopico\/#primaryimage"},"thumbnailUrl":"https:\/\/www.miamibeachfl.gov\/wp-content\/uploads\/2024\/04\/RicardoJDopico-2024Circle.png","datePublished":"2023-12-01T14:37:53+00:00","dateModified":"2025-05-25T14:47:44+00:00","description":"Ricardo Dopico te rantre nan Biwo Avoka Vil la an Desanm 2021. Mesye Dopico okipe zaf\u00e8 tranzaksyon\u00e8l, byen imobilye ak biznis jeneral pou plizy\u00e8 depatman Vil la, tankou Devlopman Ekonomik, Akizisyon, Touris ak Kilti, Biwo Amelyorasyon Kapital, ak Depatman Finans.","breadcrumb":{"@id":"https:\/\/www.miamibeachfl.gov\/city-hall\/city-attorney\/attorneys\/ricardojdopico\/#breadcrumb"},"inLanguage":"ht","potentialAction":[{"@type":"ReadAction","target":["https:\/\/www.miamibeachfl.gov\/city-hall\/city-attorney\/attorneys\/ricardojdopico\/"]}]},{"@type":"ImageObject","inLanguage":"ht","@id":"https:\/\/www.miamibeachfl.gov\/city-hall\/city-attorney\/attorneys\/ricardojdopico\/#primaryimage","url":"https:\/\/www.miamibeachfl.gov\/wp-content\/uploads\/2024\/04\/RicardoJDopico-2024Circle.png","contentUrl":"https:\/\/www.miamibeachfl.gov\/wp-content\/uploads\/2024\/04\/RicardoJDopico-2024Circle.png","width":249,"height":250,"caption":"Ricardo J Dopico"},{"@type":"BreadcrumbList","@id":"https:\/\/www.miamibeachfl.gov\/city-hall\/city-attorney\/attorneys\/ricardojdopico\/#breadcrumb","itemListElement":[{"@type":"ListItem","position":1,"name":"Home","item":"https:\/\/www.miamibeachfl.gov\/"},{"@type":"ListItem","position":2,"name":"City Hall","item":"https:\/\/www.miamibeachfl.gov\/city-hall\/"},{"@type":"ListItem","position":3,"name":"City Attorney","item":"https:\/\/www.miamibeachfl.gov\/city-hall\/city-attorney\/"},{"@type":"ListItem","position":4,"name":"City of Miami Beach Attorneys","item":"https:\/\/www.miamibeachfl.gov\/city-hall\/city-attorney\/attorneys\/"},{"@type":"ListItem","position":5,"name":"Ricardo J. Dopico City Attorney"}]},{"@type":"WebSite","@id":"https:\/\/www.miamibeachfl.gov\/#website","url":"https:\/\/www.miamibeachfl.gov\/","name":"Vil Miami Beach","description":"Sitw\u00e8b ofisy\u00e8l Vil Miami Beach la. Rete enf\u00f2me, jwenn enf\u00f2masyon enp\u00f2tan sou s\u00e8vis vil la, nouv\u00e8l, al\u00e8t, ev\u00e8nman, wout tramway, travay gouv\u00e8nman an ak plis ank\u00f2.","publisher":{"@id":"https:\/\/www.miamibeachfl.gov\/#organization"},"potentialAction":[{"@type":"SearchAction","target":{"@type":"EntryPoint","urlTemplate":"https:\/\/www.miamibeachfl.gov\/?s={search_term_string}"},"query-input":{"@type":"PropertyValueSpecification","valueRequired":true,"valueName":"search_term_string"}}],"inLanguage":"ht"},{"@type":"Organization","@id":"https:\/\/www.miamibeachfl.gov\/#organization","name":"Vil Miami Beach","url":"https:\/\/www.miamibeachfl.gov\/","logo":{"@type":"ImageObject","inLanguage":"ht","@id":"https:\/\/www.miamibeachfl.gov\/#\/schema\/logo\/image\/","url":"https:\/\/www.miamibeachfl.gov\/wp-content\/uploads\/2022\/06\/miamibeach-logoblue.png","contentUrl":"https:\/\/www.miamibeachfl.gov\/wp-content\/uploads\/2022\/06\/miamibeach-logoblue.png","width":1962,"height":381,"caption":"City of Miami Beach"},"image":{"@id":"https:\/\/www.miamibeachfl.gov\/#\/schema\/logo\/image\/"},"sameAs":["https:\/\/www.facebook.com\/cityofmiamibeach","https:\/\/x.com\/Miamibeachnews","https:\/\/www.instagram.com\/miamibeachnews\/"],"description":"Sitw\u00e8b ofisy\u00e8l Vil Miami Beach la. Rete enf\u00f2me, jwenn enf\u00f2masyon enp\u00f2tan sou s\u00e8vis vil la, nouv\u00e8l, al\u00e8t, ev\u00e8nman, wout tramway, travay gouv\u00e8nman an ak plis ank\u00f2.","telephone":"305.604.CITY(2489)","legalName":"City of Miami Beach"}]}},"_links":{"self":[{"href":"https:\/\/www.miamibeachfl.gov\/ht\/wp-json\/wp\/v2\/pages\/281421","targetHints":{"allow":["GET"]}}],"collection":[{"href":"https:\/\/www.miamibeachfl.gov\/ht\/wp-json\/wp\/v2\/pages"}],"about":[{"href":"https:\/\/www.miamibeachfl.gov\/ht\/wp-json\/wp\/v2\/types\/page"}],"author":[{"embeddable":true,"href":"https:\/\/www.miamibeachfl.gov\/ht\/wp-json\/wp\/v2\/users\/222"}],"replies":[{"embeddable":true,"href":"https:\/\/www.miamibeachfl.gov\/ht\/wp-json\/wp\/v2\/comments?post=281421"}],"version-history":[{"count":0,"href":"https:\/\/www.miamibeachfl.gov\/ht\/wp-json\/wp\/v2\/pages\/281421\/revisions"}],"up":[{"embeddable":true,"href":"https:\/\/www.miamibeachfl.gov\/ht\/wp-json\/wp\/v2\/pages\/281293"}],"wp:featuredmedia":[{"embeddable":true,"href":"https:\/\/www.miamibeachfl.gov\/ht\/wp-json\/wp\/v2\/media\/297293"}],"wp:attachment":[{"href":"https:\/\/www.miamibeachfl.gov\/ht\/wp-json\/wp\/v2\/media?parent=281421"}],"wp:term":[{"taxonomy":"category","embeddable":true,"href":"https:\/\/www.miamibeachfl.gov\/ht\/wp-json\/wp\/v2\/categories?post=281421"},{"taxonomy":"post_tag","embeddable":true,"href":"https:\/\/www.miamibeachfl.gov\/ht\/wp-json\/wp\/v2\/tags?post=281421"}],"curies":[{"name":"wp","href":"https:\/\/api.w.org\/{rel}","templated":true}]}}