{"id":281425,"date":"2023-12-01T09:41:56","date_gmt":"2023-12-01T14:41:56","guid":{"rendered":"https:\/\/www.miamibeachfl.gov\/?page_id=281425"},"modified":"2025-05-25T10:49:47","modified_gmt":"2025-05-25T14:49:47","slug":"markafishman","status":"publish","type":"page","link":"https:\/\/www.miamibeachfl.gov\/ht\/city-hall\/city-attorney\/attorneys\/markafishman\/","title":{"rendered":"Mak A. Fishman <br> Adjwen Avoka Vil la"},"content":{"rendered":"<h1>\n\t\t\tMak A. Fishman\t<\/h1>\n<h1>\n\t\t\tAdjwen Avoka Vil la\t<\/h1>\nAvoka Vil la\t\t\t\n\t\t\t\t\t<ul id=\"menu-city-attorney\"><li id=\"menu-item-281297\"><a href=\"\/ht\/city-hall\/city-attorney\/\">Kay Avoka Vil la<\/a><\/li>\n<li id=\"menu-item-281298\"><a href=\"\/ht\/city-hall\/city-attorney\/attorneys\/\">Avoka<\/a><\/li>\n<li id=\"menu-item-281299\"><a href=\"\/ht\/city-hall\/city-attorney\/internships\/\">Estaj<\/a><\/li>\n<li id=\"menu-item-281302\"><a href=\"\/ht\/city-hall\/city-attorney\/history-of-previous-attorneys\/\">Ansyen Avoka Vil la<\/a><\/li>\n<\/ul>\t\nAvoka Vil la \u00d7\t\t\t\t\t\t<ul id=\"menu-city-attorney-1\"><li id=\"menu-item-281297\"><a href=\"\/ht\/city-hall\/city-attorney\/\">Kay Avoka Vil la<\/a><\/li>\n<li id=\"menu-item-281298\"><a href=\"\/ht\/city-hall\/city-attorney\/attorneys\/\">Avoka<\/a><\/li>\n<li id=\"menu-item-281299\"><a href=\"\/ht\/city-hall\/city-attorney\/internships\/\">Estaj<\/a><\/li>\n<li id=\"menu-item-281302\"><a href=\"\/ht\/city-hall\/city-attorney\/history-of-previous-attorneys\/\">Ansyen Avoka Vil la<\/a><\/li>\n<\/ul>\t\t\t\t\n\t\t\t\t<img decoding=\"async\" src=\"https:\/\/www.miamibeachfl.gov\/wp-content\/uploads\/bb-plugin\/cache\/MarkAFishman-Circle-circle.png\" alt=\"Mark A Fishman\" title=\"MarkAFishman-S\u00e8k\" itemprop=\"image\"\/>\n\t\t<h2>\n\t\t\tNouvo Inif\u00f2m\t<\/h2>\n\t<p><strong>Edikasyon:<\/strong> Iniv\u00e8site Kolorado\/Fakilte Dwa Boulder (JD 1995); Iniv\u00e8site Denver (BA 1992).<\/p>\n<p><strong>Manm:<\/strong> Avoka Florid; Avoka Nouvo Meksik; Avoka Kolorado.<\/p>\n<p>Mark Fishman te rantre nan Biwo Avoka Vil la an Avril 2015. Mesye Fishman se Konseye Legal Lapolis pou Depatman Lapolis Vil Miami Beach tou. Responsablite li yo gen ladan bay kons\u00e8y legal ak f\u00f2masyon bay Depatman Lapolis Miami Beach, ekri\/revize kontra ak ak\u00f2, plede ka konfiskasyon sivil nan tribinal sikonskripsyon eta a, epi rezoud yon pak\u00e8t pwobl\u00e8m legal kons\u00e8nan Depatman Lapolis Miami Beach.<\/p>\n<p>Anvan Vil Miami Beach te anboche li, Mesye Fishman te yon Avoka Deta Adjwen ak Ch\u00e8f Divizyon ki te pouswiv ka omisid nan Biwo Avoka Deta Konte Miami-Dade. Mesye Fishman te s\u00e8vi tou pandan plizy\u00e8 ane k\u00f2m avoka sip\u00e8viz\u00e8 nan F\u00f2s Atak Kont Blanchiman Lajan Sid Florid la \u2013 yon f\u00f2s travay milti-ajans ki gen pou objektif konbat gwo \u00f2ganizasyon trafik nakotik ent\u00e8nasyonal yo e ki te gen ladan l plizy\u00e8 ajans tankou Ajans Kontw\u00f2l Dw\u00f2g (DEA), Depatman Ranf\u00f2sman Lalwa Florid (FDLE), Envestigasyon Sekirite Ent\u00e8n (HSI), Depatman Lapolis Vil Miami, Depatman Lapolis Vil Fort Lauderdale, Depatman Lapolis Vil Miami Beach, Depatman Lapolis Coral Gables, ak anpil l\u00f2t ank\u00f2.<\/p>\n<p>Mesye Fishman te deja yon Asistan Pwokir\u00e8 Distri ki te asiyen nan Inite Gang nan Biwo Pwokir\u00e8 Distri a nan Albuquerque, Nouvo Meksik epi li te travay pou Kaplan Test Preparation Corporation kote li te yon enstrikt\u00e8 T\u00e8s Admisyon nan Lek\u00f2l Dwa (LSAT) epi li te anseye kandida etidyan dwa kijan pou yo prepare epi pase LSAT la.<\/p>","protected":false},"excerpt":{"rendered":"<p>Mark A. Fishman Deputy City Attorney City Attorney City Attorney Home Attorneys Internships Past City Attorneys City Attorney \u00d7 City [&hellip;]<\/p>\n","protected":false},"author":222,"featured_media":281426,"parent":281293,"menu_order":11,"comment_status":"closed","ping_status":"closed","template":"","meta":{"_searchwp_excluded":"","site-sidebar-layout":"default","site-content-layout":"","ast-site-content-layout":"default","site-content-style":"default","site-sidebar-style":"default","ast-global-header-display":"","ast-banner-title-visibility":"","ast-main-header-display":"","ast-hfb-above-header-display":"","ast-hfb-below-header-display":"","ast-hfb-mobile-header-display":"","site-post-title":"","ast-breadcrumbs-content":"","ast-featured-img":"","footer-sml-layout":"","theme-transparent-header-meta":"","adv-header-id-meta":"","stick-header-meta":"","header-above-stick-meta":"","header-main-stick-meta":"","header-below-stick-meta":"","astra-migrate-meta-layouts":"default","ast-page-background-enabled":"default","ast-page-background-meta":{"desktop":{"background-color":"var(--ast-global-color-5)","background-image":"","background-repeat":"repeat","background-position":"center center","background-size":"auto","background-attachment":"scroll","background-type":"","background-media":"","overlay-type":"","overlay-color":"","overlay-opacity":"","overlay-gradient":""},"tablet":{"background-color":"","background-image":"","background-repeat":"repeat","background-position":"center center","background-size":"auto","background-attachment":"scroll","background-type":"","background-media":"","overlay-type":"","overlay-color":"","overlay-opacity":"","overlay-gradient":""},"mobile":{"background-color":"","background-image":"","background-repeat":"repeat","background-position":"center center","background-size":"auto","background-attachment":"scroll","background-type":"","background-media":"","overlay-type":"","overlay-color":"","overlay-opacity":"","overlay-gradient":""}},"ast-content-background-meta":{"desktop":{"background-color":"var(--ast-global-color-4)","background-image":"","background-repeat":"repeat","background-position":"center center","background-size":"auto","background-attachment":"scroll","background-type":"","background-media":"","overlay-type":"","overlay-color":"","overlay-opacity":"","overlay-gradient":""},"tablet":{"background-color":"var(--ast-global-color-4)","background-image":"","background-repeat":"repeat","background-position":"center center","background-size":"auto","background-attachment":"scroll","background-type":"","background-media":"","overlay-type":"","overlay-color":"","overlay-opacity":"","overlay-gradient":""},"mobile":{"background-color":"var(--ast-global-color-4)","background-image":"","background-repeat":"repeat","background-position":"center center","background-size":"auto","background-attachment":"scroll","background-type":"","background-media":"","overlay-type":"","overlay-color":"","overlay-opacity":"","overlay-gradient":""}},"footnotes":""},"categories":[],"tags":[1132,1138],"class_list":["post-281425","page","type-page","status-publish","has-post-thumbnail","hentry","tag-city-attorneys","tag-mark-a-fishman-attorney"],"yoast_head":"<!-- This site is optimized with the Yoast SEO Premium plugin v27.4 (Yoast SEO v27.4) - https:\/\/yoast.com\/product\/yoast-seo-premium-wordpress\/ -->\n<title>Mark A. Fishman  Deputy City Attorney - City of Miami Beach<\/title>\n<meta name=\"description\" content=\"As the Code Compliance Department Director, he oversees the enforcement of laws and ordinances ensuring the quality of life for the people of the City of Miami Beach.Mark Fishman joined the City Attorney&#039;s Office in April of 2015. Mr. Fishman is also the Police Legal Advisor for the City of Miami Beach Police Department.\" \/>\n<meta name=\"robots\" content=\"index, follow, max-snippet:-1, max-image-preview:large, max-video-preview:-1\" \/>\n<link rel=\"canonical\" href=\"https:\/\/www.miamibeachfl.gov\/ht\/city-hall\/city-attorney\/attorneys\/markafishman\/\" \/>\n<meta property=\"og:locale\" content=\"ht_HT\" \/>\n<meta property=\"og:type\" content=\"article\" \/>\n<meta property=\"og:title\" content=\"Mark A. Fishman  Deputy City Attorney\" \/>\n<meta property=\"og:description\" content=\"As the Code Compliance Department Director, he oversees the enforcement of laws and ordinances ensuring the quality of life for the people of the City of Miami Beach.Mark Fishman joined the City Attorney&#039;s Office in April of 2015. Mr. Fishman is also the Police Legal Advisor for the City of Miami Beach Police Department.\" \/>\n<meta property=\"og:url\" content=\"https:\/\/www.miamibeachfl.gov\/ht\/city-hall\/city-attorney\/attorneys\/markafishman\/\" \/>\n<meta property=\"og:site_name\" content=\"City of Miami Beach\" \/>\n<meta property=\"article:publisher\" content=\"https:\/\/www.facebook.com\/cityofmiamibeach\" \/>\n<meta property=\"article:modified_time\" content=\"2025-05-25T14:49:47+00:00\" \/>\n<meta property=\"og:image\" content=\"https:\/\/www.miamibeachfl.gov\/wp-content\/uploads\/2023\/12\/MarkAFishman-Circle.png\" \/>\n\t<meta property=\"og:image:width\" content=\"250\" \/>\n\t<meta property=\"og:image:height\" content=\"250\" \/>\n\t<meta property=\"og:image:type\" content=\"image\/png\" \/>\n<meta name=\"twitter:card\" content=\"summary_large_image\" \/>\n<meta name=\"twitter:site\" content=\"@Miamibeachnews\" \/>\n<script type=\"application\/ld+json\" class=\"yoast-schema-graph\">{\"@context\":\"https:\\\/\\\/schema.org\",\"@graph\":[{\"@type\":\"WebPage\",\"@id\":\"https:\\\/\\\/www.miamibeachfl.gov\\\/city-hall\\\/city-attorney\\\/attorneys\\\/markafishman\\\/\",\"url\":\"https:\\\/\\\/www.miamibeachfl.gov\\\/city-hall\\\/city-attorney\\\/attorneys\\\/markafishman\\\/\",\"name\":\"Mark A. Fishman Deputy City Attorney - City of Miami Beach\",\"isPartOf\":{\"@id\":\"https:\\\/\\\/www.miamibeachfl.gov\\\/#website\"},\"primaryImageOfPage\":{\"@id\":\"https:\\\/\\\/www.miamibeachfl.gov\\\/city-hall\\\/city-attorney\\\/attorneys\\\/markafishman\\\/#primaryimage\"},\"image\":{\"@id\":\"https:\\\/\\\/www.miamibeachfl.gov\\\/city-hall\\\/city-attorney\\\/attorneys\\\/markafishman\\\/#primaryimage\"},\"thumbnailUrl\":\"https:\\\/\\\/www.miamibeachfl.gov\\\/wp-content\\\/uploads\\\/2023\\\/12\\\/MarkAFishman-Circle.png\",\"datePublished\":\"2023-12-01T14:41:56+00:00\",\"dateModified\":\"2025-05-25T14:49:47+00:00\",\"description\":\"As the Code Compliance Department Director, he oversees the enforcement of laws and ordinances ensuring the quality of life for the people of the City of Miami Beach.Mark Fishman joined the City Attorney's Office in April of 2015. Mr. Fishman is also the Police Legal Advisor for the City of Miami Beach Police Department.\",\"breadcrumb\":{\"@id\":\"https:\\\/\\\/www.miamibeachfl.gov\\\/city-hall\\\/city-attorney\\\/attorneys\\\/markafishman\\\/#breadcrumb\"},\"inLanguage\":\"ht\",\"potentialAction\":[{\"@type\":\"ReadAction\",\"target\":[\"https:\\\/\\\/www.miamibeachfl.gov\\\/city-hall\\\/city-attorney\\\/attorneys\\\/markafishman\\\/\"]}]},{\"@type\":\"ImageObject\",\"inLanguage\":\"ht\",\"@id\":\"https:\\\/\\\/www.miamibeachfl.gov\\\/city-hall\\\/city-attorney\\\/attorneys\\\/markafishman\\\/#primaryimage\",\"url\":\"https:\\\/\\\/www.miamibeachfl.gov\\\/wp-content\\\/uploads\\\/2023\\\/12\\\/MarkAFishman-Circle.png\",\"contentUrl\":\"https:\\\/\\\/www.miamibeachfl.gov\\\/wp-content\\\/uploads\\\/2023\\\/12\\\/MarkAFishman-Circle.png\",\"width\":250,\"height\":250,\"caption\":\"Mark A Fishman\"},{\"@type\":\"BreadcrumbList\",\"@id\":\"https:\\\/\\\/www.miamibeachfl.gov\\\/city-hall\\\/city-attorney\\\/attorneys\\\/markafishman\\\/#breadcrumb\",\"itemListElement\":[{\"@type\":\"ListItem\",\"position\":1,\"name\":\"Home\",\"item\":\"https:\\\/\\\/www.miamibeachfl.gov\\\/\"},{\"@type\":\"ListItem\",\"position\":2,\"name\":\"City Hall\",\"item\":\"https:\\\/\\\/www.miamibeachfl.gov\\\/city-hall\\\/\"},{\"@type\":\"ListItem\",\"position\":3,\"name\":\"City Attorney\",\"item\":\"https:\\\/\\\/www.miamibeachfl.gov\\\/city-hall\\\/city-attorney\\\/\"},{\"@type\":\"ListItem\",\"position\":4,\"name\":\"City of Miami Beach Attorneys\",\"item\":\"https:\\\/\\\/www.miamibeachfl.gov\\\/city-hall\\\/city-attorney\\\/attorneys\\\/\"},{\"@type\":\"ListItem\",\"position\":5,\"name\":\"Mark A. Fishman Deputy City Attorney\"}]},{\"@type\":\"WebSite\",\"@id\":\"https:\\\/\\\/www.miamibeachfl.gov\\\/#website\",\"url\":\"https:\\\/\\\/www.miamibeachfl.gov\\\/\",\"name\":\"City of Miami Beach\",\"description\":\"The official website of the City of Miami Beach. Stay informed, find important information on city services, news, alerts, events, trolley routes, government employment and more.\",\"publisher\":{\"@id\":\"https:\\\/\\\/www.miamibeachfl.gov\\\/#organization\"},\"potentialAction\":[{\"@type\":\"SearchAction\",\"target\":{\"@type\":\"EntryPoint\",\"urlTemplate\":\"https:\\\/\\\/www.miamibeachfl.gov\\\/?s={search_term_string}\"},\"query-input\":{\"@type\":\"PropertyValueSpecification\",\"valueRequired\":true,\"valueName\":\"search_term_string\"}}],\"inLanguage\":\"ht\"},{\"@type\":\"Organization\",\"@id\":\"https:\\\/\\\/www.miamibeachfl.gov\\\/#organization\",\"name\":\"City of Miami Beach\",\"url\":\"https:\\\/\\\/www.miamibeachfl.gov\\\/\",\"logo\":{\"@type\":\"ImageObject\",\"inLanguage\":\"ht\",\"@id\":\"https:\\\/\\\/www.miamibeachfl.gov\\\/#\\\/schema\\\/logo\\\/image\\\/\",\"url\":\"https:\\\/\\\/www.miamibeachfl.gov\\\/wp-content\\\/uploads\\\/2022\\\/06\\\/miamibeach-logoblue.png\",\"contentUrl\":\"https:\\\/\\\/www.miamibeachfl.gov\\\/wp-content\\\/uploads\\\/2022\\\/06\\\/miamibeach-logoblue.png\",\"width\":1962,\"height\":381,\"caption\":\"City of Miami Beach\"},\"image\":{\"@id\":\"https:\\\/\\\/www.miamibeachfl.gov\\\/#\\\/schema\\\/logo\\\/image\\\/\"},\"sameAs\":[\"https:\\\/\\\/www.facebook.com\\\/cityofmiamibeach\",\"https:\\\/\\\/x.com\\\/Miamibeachnews\",\"https:\\\/\\\/www.instagram.com\\\/miamibeachnews\\\/\"],\"description\":\"The official website of the City of Miami Beach. Stay informed, find important information on city services, news, alerts, events, trolley routes, government employment and more.\",\"telephone\":\"305.604.CITY(2489)\",\"legalName\":\"City of Miami Beach\"}]}<\/script>\n<!-- \/ Yoast SEO Premium plugin. -->","yoast_head_json":{"title":"Mark A. Fishman Avoka Adjwen Vil la - Vil Miami Beach","description":"K\u00f2m Direkt\u00e8 Depatman Konf\u00f2mite K\u00f2d la, li sip\u00e8vize aplikasyon lwa ak \u00f2donans yo pou asire kalite lavi moun nan Vil Miami Beach. Mark Fishman te rantre nan Biwo Avoka Vil la an avril 2015. Mesye Fishman se tou Konseye Legal Lapolis pou Depatman Lapolis Vil Miami Beach.","robots":{"index":"index","follow":"follow","max-snippet":"max-snippet:-1","max-image-preview":"max-image-preview:large","max-video-preview":"max-video-preview:-1"},"canonical":"https:\/\/www.miamibeachfl.gov\/ht\/city-hall\/city-attorney\/attorneys\/markafishman\/","og_locale":"ht_HT","og_type":"article","og_title":"Mark A. Fishman  Deputy City Attorney","og_description":"As the Code Compliance Department Director, he oversees the enforcement of laws and ordinances ensuring the quality of life for the people of the City of Miami Beach.Mark Fishman joined the City Attorney's Office in April of 2015. Mr. Fishman is also the Police Legal Advisor for the City of Miami Beach Police Department.","og_url":"https:\/\/www.miamibeachfl.gov\/ht\/city-hall\/city-attorney\/attorneys\/markafishman\/","og_site_name":"City of Miami Beach","article_publisher":"https:\/\/www.facebook.com\/cityofmiamibeach","article_modified_time":"2025-05-25T14:49:47+00:00","og_image":[{"width":250,"height":250,"url":"https:\/\/www.miamibeachfl.gov\/wp-content\/uploads\/2023\/12\/MarkAFishman-Circle.png","type":"image\/png"}],"twitter_card":"summary_large_image","twitter_site":"@Miamibeachnews","schema":{"@context":"https:\/\/schema.org","@graph":[{"@type":"WebPage","@id":"https:\/\/www.miamibeachfl.gov\/city-hall\/city-attorney\/attorneys\/markafishman\/","url":"https:\/\/www.miamibeachfl.gov\/city-hall\/city-attorney\/attorneys\/markafishman\/","name":"Mark A. Fishman Avoka Adjwen Vil la - Vil Miami Beach","isPartOf":{"@id":"https:\/\/www.miamibeachfl.gov\/#website"},"primaryImageOfPage":{"@id":"https:\/\/www.miamibeachfl.gov\/city-hall\/city-attorney\/attorneys\/markafishman\/#primaryimage"},"image":{"@id":"https:\/\/www.miamibeachfl.gov\/city-hall\/city-attorney\/attorneys\/markafishman\/#primaryimage"},"thumbnailUrl":"https:\/\/www.miamibeachfl.gov\/wp-content\/uploads\/2023\/12\/MarkAFishman-Circle.png","datePublished":"2023-12-01T14:41:56+00:00","dateModified":"2025-05-25T14:49:47+00:00","description":"K\u00f2m Direkt\u00e8 Depatman Konf\u00f2mite K\u00f2d la, li sip\u00e8vize aplikasyon lwa ak \u00f2donans yo pou asire kalite lavi moun nan Vil Miami Beach. Mark Fishman te rantre nan Biwo Avoka Vil la an avril 2015. Mesye Fishman se tou Konseye Legal Lapolis pou Depatman Lapolis Vil Miami Beach.","breadcrumb":{"@id":"https:\/\/www.miamibeachfl.gov\/city-hall\/city-attorney\/attorneys\/markafishman\/#breadcrumb"},"inLanguage":"ht","potentialAction":[{"@type":"ReadAction","target":["https:\/\/www.miamibeachfl.gov\/city-hall\/city-attorney\/attorneys\/markafishman\/"]}]},{"@type":"ImageObject","inLanguage":"ht","@id":"https:\/\/www.miamibeachfl.gov\/city-hall\/city-attorney\/attorneys\/markafishman\/#primaryimage","url":"https:\/\/www.miamibeachfl.gov\/wp-content\/uploads\/2023\/12\/MarkAFishman-Circle.png","contentUrl":"https:\/\/www.miamibeachfl.gov\/wp-content\/uploads\/2023\/12\/MarkAFishman-Circle.png","width":250,"height":250,"caption":"Mark A Fishman"},{"@type":"BreadcrumbList","@id":"https:\/\/www.miamibeachfl.gov\/city-hall\/city-attorney\/attorneys\/markafishman\/#breadcrumb","itemListElement":[{"@type":"ListItem","position":1,"name":"Home","item":"https:\/\/www.miamibeachfl.gov\/"},{"@type":"ListItem","position":2,"name":"City Hall","item":"https:\/\/www.miamibeachfl.gov\/city-hall\/"},{"@type":"ListItem","position":3,"name":"City Attorney","item":"https:\/\/www.miamibeachfl.gov\/city-hall\/city-attorney\/"},{"@type":"ListItem","position":4,"name":"City of Miami Beach Attorneys","item":"https:\/\/www.miamibeachfl.gov\/city-hall\/city-attorney\/attorneys\/"},{"@type":"ListItem","position":5,"name":"Mark A. Fishman Deputy City Attorney"}]},{"@type":"WebSite","@id":"https:\/\/www.miamibeachfl.gov\/#website","url":"https:\/\/www.miamibeachfl.gov\/","name":"Vil Miami Beach","description":"Sitw\u00e8b ofisy\u00e8l Vil Miami Beach la. Rete enf\u00f2me, jwenn enf\u00f2masyon enp\u00f2tan sou s\u00e8vis vil la, nouv\u00e8l, al\u00e8t, ev\u00e8nman, wout tramway, travay gouv\u00e8nman an ak plis ank\u00f2.","publisher":{"@id":"https:\/\/www.miamibeachfl.gov\/#organization"},"potentialAction":[{"@type":"SearchAction","target":{"@type":"EntryPoint","urlTemplate":"https:\/\/www.miamibeachfl.gov\/?s={search_term_string}"},"query-input":{"@type":"PropertyValueSpecification","valueRequired":true,"valueName":"search_term_string"}}],"inLanguage":"ht"},{"@type":"Organization","@id":"https:\/\/www.miamibeachfl.gov\/#organization","name":"Vil Miami Beach","url":"https:\/\/www.miamibeachfl.gov\/","logo":{"@type":"ImageObject","inLanguage":"ht","@id":"https:\/\/www.miamibeachfl.gov\/#\/schema\/logo\/image\/","url":"https:\/\/www.miamibeachfl.gov\/wp-content\/uploads\/2022\/06\/miamibeach-logoblue.png","contentUrl":"https:\/\/www.miamibeachfl.gov\/wp-content\/uploads\/2022\/06\/miamibeach-logoblue.png","width":1962,"height":381,"caption":"City of Miami Beach"},"image":{"@id":"https:\/\/www.miamibeachfl.gov\/#\/schema\/logo\/image\/"},"sameAs":["https:\/\/www.facebook.com\/cityofmiamibeach","https:\/\/x.com\/Miamibeachnews","https:\/\/www.instagram.com\/miamibeachnews\/"],"description":"Sitw\u00e8b ofisy\u00e8l Vil Miami Beach la. Rete enf\u00f2me, jwenn enf\u00f2masyon enp\u00f2tan sou s\u00e8vis vil la, nouv\u00e8l, al\u00e8t, ev\u00e8nman, wout tramway, travay gouv\u00e8nman an ak plis ank\u00f2.","telephone":"305.604.CITY(2489)","legalName":"City of Miami Beach"}]}},"_links":{"self":[{"href":"https:\/\/www.miamibeachfl.gov\/ht\/wp-json\/wp\/v2\/pages\/281425","targetHints":{"allow":["GET"]}}],"collection":[{"href":"https:\/\/www.miamibeachfl.gov\/ht\/wp-json\/wp\/v2\/pages"}],"about":[{"href":"https:\/\/www.miamibeachfl.gov\/ht\/wp-json\/wp\/v2\/types\/page"}],"author":[{"embeddable":true,"href":"https:\/\/www.miamibeachfl.gov\/ht\/wp-json\/wp\/v2\/users\/222"}],"replies":[{"embeddable":true,"href":"https:\/\/www.miamibeachfl.gov\/ht\/wp-json\/wp\/v2\/comments?post=281425"}],"version-history":[{"count":0,"href":"https:\/\/www.miamibeachfl.gov\/ht\/wp-json\/wp\/v2\/pages\/281425\/revisions"}],"up":[{"embeddable":true,"href":"https:\/\/www.miamibeachfl.gov\/ht\/wp-json\/wp\/v2\/pages\/281293"}],"wp:featuredmedia":[{"embeddable":true,"href":"https:\/\/www.miamibeachfl.gov\/ht\/wp-json\/wp\/v2\/media\/281426"}],"wp:attachment":[{"href":"https:\/\/www.miamibeachfl.gov\/ht\/wp-json\/wp\/v2\/media?parent=281425"}],"wp:term":[{"taxonomy":"category","embeddable":true,"href":"https:\/\/www.miamibeachfl.gov\/ht\/wp-json\/wp\/v2\/categories?post=281425"},{"taxonomy":"post_tag","embeddable":true,"href":"https:\/\/www.miamibeachfl.gov\/ht\/wp-json\/wp\/v2\/tags?post=281425"}],"curies":[{"name":"wp","href":"https:\/\/api.w.org\/{rel}","templated":true}]}}