{"id":281438,"date":"2023-12-01T09:54:17","date_gmt":"2023-12-01T14:54:17","guid":{"rendered":"https:\/\/www.miamibeachfl.gov\/?page_id=281438"},"modified":"2025-09-24T16:06:22","modified_gmt":"2025-09-24T20:06:22","slug":"justinalexander","status":"publish","type":"page","link":"https:\/\/www.miamibeachfl.gov\/ht\/city-hall\/city-attorney\/attorneys\/justinalexander\/","title":{"rendered":"Justin Alexander <br> Avoka Adjwen Vil la"},"content":{"rendered":"<h1>\n\t\t\tJustin Alexander\t<\/h1>\n<h2>\n\t\t\tAvoka Adjwen Vil la\t<\/h2>\nAvoka Vil la\t\t\t\n\t\t\t\t\t<ul id=\"menu-city-attorney\"><li id=\"menu-item-281297\"><a href=\"\/ht\/city-hall\/city-attorney\/\">Kay Avoka Vil la<\/a><\/li>\n<li id=\"menu-item-281298\"><a href=\"\/ht\/city-hall\/city-attorney\/attorneys\/\">Avoka<\/a><\/li>\n<li id=\"menu-item-281299\"><a href=\"\/ht\/city-hall\/city-attorney\/internships\/\">Estaj<\/a><\/li>\n<li id=\"menu-item-281302\"><a href=\"\/ht\/city-hall\/city-attorney\/history-of-previous-attorneys\/\">Ansyen Avoka Vil la<\/a><\/li>\n<\/ul>\t\nAvoka Vil la \u00d7\t\t\t\t\t\t<ul id=\"menu-city-attorney-1\"><li id=\"menu-item-281297\"><a href=\"\/ht\/city-hall\/city-attorney\/\">Kay Avoka Vil la<\/a><\/li>\n<li id=\"menu-item-281298\"><a href=\"\/ht\/city-hall\/city-attorney\/attorneys\/\">Avoka<\/a><\/li>\n<li id=\"menu-item-281299\"><a href=\"\/ht\/city-hall\/city-attorney\/internships\/\">Estaj<\/a><\/li>\n<li id=\"menu-item-281302\"><a href=\"\/ht\/city-hall\/city-attorney\/history-of-previous-attorneys\/\">Ansyen Avoka Vil la<\/a><\/li>\n<\/ul>\t\t\t\t\n\t\t\t\t<img decoding=\"async\" src=\"https:\/\/www.miamibeachfl.gov\/wp-content\/uploads\/bb-plugin\/cache\/defaultavatar-circle-circle.png\" alt=\"Miami Beach Attorney\" title=\"defaultavatar-s\u00e8k\" itemprop=\"image\"\/>\n\t\t<h2>\n\t\t\tNouvo Inif\u00f2m\t<\/h2>\n\t<p><strong>Edikasyon:<\/strong> Iniv\u00e8site Miami, Fakilte Dwa (JD, cum laude, 2025; LL.M. nan Devlopman Pwopriyete Imobilye, 2025); Iniv\u00e8site Rutgers (BS, summa cum laude, nan Planifikasyon ak Design Iben, 2022)<\/p>\n<p><strong>Manm:<\/strong> Avoka Florid (2025)<\/p>\n<p><strong>Li f\u00e8t:<\/strong> Dunedin, Florid<\/p>\n<p>Justin Alexander joined the City Attorney&#8217;s Office in 2025. Mr. Alexander&#8217;s areas of practice primarily include land use and zoning, real property, ethics, and legislation.<\/p>\n<p>Anvan Mesye Alexander te rantre nan Vil Miami Beach, li te s\u00e8vi k\u00f2m yon grefye legal pou Divizyon Kondominy\u00f2m, Timeshares, ak Kay Mobil Florid, kote li te ekri r\u00e8gleman epi li te f\u00e8 rech\u00e8ch legal sou pwobl\u00e8m kondominy\u00f2m ak asosyasyon kominot\u00e8. Mesye Alexander te travay tou k\u00f2m grefye pou Heise Suarez Melville, PA, nan Coral Gables, Florid.<\/p>\n<p>Pandan l te nan fakilte dwa a, Mesye Alexander te yon Edit\u00e8 Atik ak K\u00f2mant\u00e8 nan Race and Social Justice Law Review epi li te yon Manm nan Charles C. Papy, Jr. Moot Court Board la. Anplis de sa, Mesye Alexander te travay k\u00f2m yon estajy\u00e8 ak yon manm nan Environmental Justice Clinic la.<\/p>","protected":false},"excerpt":{"rendered":"<p>Justin Alexander Assistant City Attorney City Attorney City Attorney Home Attorneys Internships Past City Attorneys City Attorney \u00d7 City Attorney [&hellip;]<\/p>\n","protected":false},"author":222,"featured_media":281471,"parent":281293,"menu_order":19,"comment_status":"closed","ping_status":"closed","template":"","meta":{"_searchwp_excluded":"","site-sidebar-layout":"default","site-content-layout":"","ast-site-content-layout":"default","site-content-style":"default","site-sidebar-style":"default","ast-global-header-display":"","ast-banner-title-visibility":"","ast-main-header-display":"","ast-hfb-above-header-display":"","ast-hfb-below-header-display":"","ast-hfb-mobile-header-display":"","site-post-title":"","ast-breadcrumbs-content":"","ast-featured-img":"","footer-sml-layout":"","theme-transparent-header-meta":"","adv-header-id-meta":"","stick-header-meta":"","header-above-stick-meta":"","header-main-stick-meta":"","header-below-stick-meta":"","astra-migrate-meta-layouts":"default","ast-page-background-enabled":"default","ast-page-background-meta":{"desktop":{"background-color":"var(--ast-global-color-5)","background-image":"","background-repeat":"repeat","background-position":"center center","background-size":"auto","background-attachment":"scroll","background-type":"","background-media":"","overlay-type":"","overlay-color":"","overlay-opacity":"","overlay-gradient":""},"tablet":{"background-color":"","background-image":"","background-repeat":"repeat","background-position":"center center","background-size":"auto","background-attachment":"scroll","background-type":"","background-media":"","overlay-type":"","overlay-color":"","overlay-opacity":"","overlay-gradient":""},"mobile":{"background-color":"","background-image":"","background-repeat":"repeat","background-position":"center center","background-size":"auto","background-attachment":"scroll","background-type":"","background-media":"","overlay-type":"","overlay-color":"","overlay-opacity":"","overlay-gradient":""}},"ast-content-background-meta":{"desktop":{"background-color":"var(--ast-global-color-4)","background-image":"","background-repeat":"repeat","background-position":"center center","background-size":"auto","background-attachment":"scroll","background-type":"","background-media":"","overlay-type":"","overlay-color":"","overlay-opacity":"","overlay-gradient":""},"tablet":{"background-color":"var(--ast-global-color-4)","background-image":"","background-repeat":"repeat","background-position":"center center","background-size":"auto","background-attachment":"scroll","background-type":"","background-media":"","overlay-type":"","overlay-color":"","overlay-opacity":"","overlay-gradient":""},"mobile":{"background-color":"var(--ast-global-color-4)","background-image":"","background-repeat":"repeat","background-position":"center center","background-size":"auto","background-attachment":"scroll","background-type":"","background-media":"","overlay-type":"","overlay-color":"","overlay-opacity":"","overlay-gradient":""}},"footnotes":""},"categories":[],"tags":[1132],"class_list":["post-281438","page","type-page","status-publish","has-post-thumbnail","hentry","tag-city-attorneys"],"yoast_head":"<!-- This site is optimized with the Yoast SEO Premium plugin v27.4 (Yoast SEO v27.4) - https:\/\/yoast.com\/product\/yoast-seo-premium-wordpress\/ -->\n<title>Justin Alexander  Assistant City Attorney - City of Miami Beach<\/title>\n<meta name=\"description\" content=\"As the Code Compliance Department Director, he oversees the enforcement of laws and ordinances ensuriFarosha Andasheva joined the City Attorney&#039;s Office in 2017. Ms. Andasheva prepares various resolutions and ordinances, and handles a multitude of litigation matters which involve issues of federal and Florida constitutional law, public records law, and other statutory and common law causes of action impacting the City of Miami Beach. ng the quality of life for the people of the City of Miami Beach.\" \/>\n<meta name=\"robots\" content=\"index, follow, max-snippet:-1, max-image-preview:large, max-video-preview:-1\" \/>\n<link rel=\"canonical\" href=\"https:\/\/www.miamibeachfl.gov\/ht\/city-hall\/city-attorney\/attorneys\/justinalexander\/\" \/>\n<meta property=\"og:locale\" content=\"ht_HT\" \/>\n<meta property=\"og:type\" content=\"article\" \/>\n<meta property=\"og:title\" content=\"Justin Alexander  Assistant City Attorney\" \/>\n<meta property=\"og:description\" content=\"As the Code Compliance Department Director, he oversees the enforcement of laws and ordinances ensuriFarosha Andasheva joined the City Attorney&#039;s Office in 2017. Ms. Andasheva prepares various resolutions and ordinances, and handles a multitude of litigation matters which involve issues of federal and Florida constitutional law, public records law, and other statutory and common law causes of action impacting the City of Miami Beach. ng the quality of life for the people of the City of Miami Beach.\" \/>\n<meta property=\"og:url\" content=\"https:\/\/www.miamibeachfl.gov\/ht\/city-hall\/city-attorney\/attorneys\/justinalexander\/\" \/>\n<meta property=\"og:site_name\" content=\"City of Miami Beach\" \/>\n<meta property=\"article:publisher\" content=\"https:\/\/www.facebook.com\/cityofmiamibeach\" \/>\n<meta property=\"article:modified_time\" content=\"2025-09-24T20:06:22+00:00\" \/>\n<meta property=\"og:image\" content=\"https:\/\/www.miamibeachfl.gov\/wp-content\/uploads\/2023\/12\/defaultavatar-circle.png\" \/>\n\t<meta property=\"og:image:width\" content=\"250\" \/>\n\t<meta property=\"og:image:height\" content=\"250\" \/>\n\t<meta property=\"og:image:type\" content=\"image\/png\" \/>\n<meta name=\"twitter:card\" content=\"summary_large_image\" \/>\n<meta name=\"twitter:site\" content=\"@Miamibeachnews\" \/>\n<script type=\"application\/ld+json\" class=\"yoast-schema-graph\">{\"@context\":\"https:\\\/\\\/schema.org\",\"@graph\":[{\"@type\":\"WebPage\",\"@id\":\"https:\\\/\\\/www.miamibeachfl.gov\\\/city-hall\\\/city-attorney\\\/attorneys\\\/justinalexander\\\/\",\"url\":\"https:\\\/\\\/www.miamibeachfl.gov\\\/city-hall\\\/city-attorney\\\/attorneys\\\/justinalexander\\\/\",\"name\":\"Justin Alexander Assistant City Attorney - City of Miami Beach\",\"isPartOf\":{\"@id\":\"https:\\\/\\\/www.miamibeachfl.gov\\\/#website\"},\"primaryImageOfPage\":{\"@id\":\"https:\\\/\\\/www.miamibeachfl.gov\\\/city-hall\\\/city-attorney\\\/attorneys\\\/justinalexander\\\/#primaryimage\"},\"image\":{\"@id\":\"https:\\\/\\\/www.miamibeachfl.gov\\\/city-hall\\\/city-attorney\\\/attorneys\\\/justinalexander\\\/#primaryimage\"},\"thumbnailUrl\":\"https:\\\/\\\/www.miamibeachfl.gov\\\/wp-content\\\/uploads\\\/2023\\\/12\\\/defaultavatar-circle.png\",\"datePublished\":\"2023-12-01T14:54:17+00:00\",\"dateModified\":\"2025-09-24T20:06:22+00:00\",\"description\":\"As the Code Compliance Department Director, he oversees the enforcement of laws and ordinances ensuriFarosha Andasheva joined the City Attorney's Office in 2017. Ms. Andasheva prepares various resolutions and ordinances, and handles a multitude of litigation matters which involve issues of federal and Florida constitutional law, public records law, and other statutory and common law causes of action impacting the City of Miami Beach. ng the quality of life for the people of the City of Miami Beach.\",\"breadcrumb\":{\"@id\":\"https:\\\/\\\/www.miamibeachfl.gov\\\/city-hall\\\/city-attorney\\\/attorneys\\\/justinalexander\\\/#breadcrumb\"},\"inLanguage\":\"ht\",\"potentialAction\":[{\"@type\":\"ReadAction\",\"target\":[\"https:\\\/\\\/www.miamibeachfl.gov\\\/city-hall\\\/city-attorney\\\/attorneys\\\/justinalexander\\\/\"]}]},{\"@type\":\"ImageObject\",\"inLanguage\":\"ht\",\"@id\":\"https:\\\/\\\/www.miamibeachfl.gov\\\/city-hall\\\/city-attorney\\\/attorneys\\\/justinalexander\\\/#primaryimage\",\"url\":\"https:\\\/\\\/www.miamibeachfl.gov\\\/wp-content\\\/uploads\\\/2023\\\/12\\\/defaultavatar-circle.png\",\"contentUrl\":\"https:\\\/\\\/www.miamibeachfl.gov\\\/wp-content\\\/uploads\\\/2023\\\/12\\\/defaultavatar-circle.png\",\"width\":250,\"height\":250,\"caption\":\"Miami Beach Attorney\"},{\"@type\":\"BreadcrumbList\",\"@id\":\"https:\\\/\\\/www.miamibeachfl.gov\\\/city-hall\\\/city-attorney\\\/attorneys\\\/justinalexander\\\/#breadcrumb\",\"itemListElement\":[{\"@type\":\"ListItem\",\"position\":1,\"name\":\"Home\",\"item\":\"https:\\\/\\\/www.miamibeachfl.gov\\\/\"},{\"@type\":\"ListItem\",\"position\":2,\"name\":\"City Hall\",\"item\":\"https:\\\/\\\/www.miamibeachfl.gov\\\/city-hall\\\/\"},{\"@type\":\"ListItem\",\"position\":3,\"name\":\"City Attorney\",\"item\":\"https:\\\/\\\/www.miamibeachfl.gov\\\/city-hall\\\/city-attorney\\\/\"},{\"@type\":\"ListItem\",\"position\":4,\"name\":\"City of Miami Beach Attorneys\",\"item\":\"https:\\\/\\\/www.miamibeachfl.gov\\\/city-hall\\\/city-attorney\\\/attorneys\\\/\"},{\"@type\":\"ListItem\",\"position\":5,\"name\":\"Justin Alexander Assistant City Attorney\"}]},{\"@type\":\"WebSite\",\"@id\":\"https:\\\/\\\/www.miamibeachfl.gov\\\/#website\",\"url\":\"https:\\\/\\\/www.miamibeachfl.gov\\\/\",\"name\":\"City of Miami Beach\",\"description\":\"The official website of the City of Miami Beach. Stay informed, find important information on city services, news, alerts, events, trolley routes, government employment and more.\",\"publisher\":{\"@id\":\"https:\\\/\\\/www.miamibeachfl.gov\\\/#organization\"},\"potentialAction\":[{\"@type\":\"SearchAction\",\"target\":{\"@type\":\"EntryPoint\",\"urlTemplate\":\"https:\\\/\\\/www.miamibeachfl.gov\\\/?s={search_term_string}\"},\"query-input\":{\"@type\":\"PropertyValueSpecification\",\"valueRequired\":true,\"valueName\":\"search_term_string\"}}],\"inLanguage\":\"ht\"},{\"@type\":\"Organization\",\"@id\":\"https:\\\/\\\/www.miamibeachfl.gov\\\/#organization\",\"name\":\"City of Miami Beach\",\"url\":\"https:\\\/\\\/www.miamibeachfl.gov\\\/\",\"logo\":{\"@type\":\"ImageObject\",\"inLanguage\":\"ht\",\"@id\":\"https:\\\/\\\/www.miamibeachfl.gov\\\/#\\\/schema\\\/logo\\\/image\\\/\",\"url\":\"https:\\\/\\\/www.miamibeachfl.gov\\\/wp-content\\\/uploads\\\/2022\\\/06\\\/miamibeach-logoblue.png\",\"contentUrl\":\"https:\\\/\\\/www.miamibeachfl.gov\\\/wp-content\\\/uploads\\\/2022\\\/06\\\/miamibeach-logoblue.png\",\"width\":1962,\"height\":381,\"caption\":\"City of Miami Beach\"},\"image\":{\"@id\":\"https:\\\/\\\/www.miamibeachfl.gov\\\/#\\\/schema\\\/logo\\\/image\\\/\"},\"sameAs\":[\"https:\\\/\\\/www.facebook.com\\\/cityofmiamibeach\",\"https:\\\/\\\/x.com\\\/Miamibeachnews\",\"https:\\\/\\\/www.instagram.com\\\/miamibeachnews\\\/\"],\"description\":\"The official website of the City of Miami Beach. Stay informed, find important information on city services, news, alerts, events, trolley routes, government employment and more.\",\"telephone\":\"305.604.CITY(2489)\",\"legalName\":\"City of Miami Beach\"}]}<\/script>\n<!-- \/ Yoast SEO Premium plugin. -->","yoast_head_json":{"title":"Justin Alexander  Assistant City Attorney - City of Miami Beach","description":"K\u00f2m Direkt\u00e8 Depatman Konf\u00f2mite K\u00f2d la, li sip\u00e8vize aplikasyon lwa ak \u00f2donans yo. Farosha Andasheva te rantre nan Biwo Avoka Vil la an 2017. Madanm Andasheva prepare plizy\u00e8 rezolisyon ak \u00f2donans, epi li okipe yon pak\u00e8t ka litij ki enplike pwobl\u00e8m lalwa konstitisyon\u00e8l federal ak Florid, lalwa sou dosye piblik, ak l\u00f2t k\u00f2z aksyon legal ak lalwa komen ki gen enpak sou Vil Miami Beach. Li amelyore kalite lavi moun nan Vil Miami Beach.","robots":{"index":"index","follow":"follow","max-snippet":"max-snippet:-1","max-image-preview":"max-image-preview:large","max-video-preview":"max-video-preview:-1"},"canonical":"https:\/\/www.miamibeachfl.gov\/ht\/city-hall\/city-attorney\/attorneys\/justinalexander\/","og_locale":"ht_HT","og_type":"article","og_title":"Justin Alexander  Assistant City Attorney","og_description":"As the Code Compliance Department Director, he oversees the enforcement of laws and ordinances ensuriFarosha Andasheva joined the City Attorney's Office in 2017. Ms. Andasheva prepares various resolutions and ordinances, and handles a multitude of litigation matters which involve issues of federal and Florida constitutional law, public records law, and other statutory and common law causes of action impacting the City of Miami Beach. ng the quality of life for the people of the City of Miami Beach.","og_url":"https:\/\/www.miamibeachfl.gov\/ht\/city-hall\/city-attorney\/attorneys\/justinalexander\/","og_site_name":"City of Miami Beach","article_publisher":"https:\/\/www.facebook.com\/cityofmiamibeach","article_modified_time":"2025-09-24T20:06:22+00:00","og_image":[{"width":250,"height":250,"url":"https:\/\/www.miamibeachfl.gov\/wp-content\/uploads\/2023\/12\/defaultavatar-circle.png","type":"image\/png"}],"twitter_card":"summary_large_image","twitter_site":"@Miamibeachnews","schema":{"@context":"https:\/\/schema.org","@graph":[{"@type":"WebPage","@id":"https:\/\/www.miamibeachfl.gov\/city-hall\/city-attorney\/attorneys\/justinalexander\/","url":"https:\/\/www.miamibeachfl.gov\/city-hall\/city-attorney\/attorneys\/justinalexander\/","name":"Justin Alexander Assistant City Attorney - City of Miami Beach","isPartOf":{"@id":"https:\/\/www.miamibeachfl.gov\/#website"},"primaryImageOfPage":{"@id":"https:\/\/www.miamibeachfl.gov\/city-hall\/city-attorney\/attorneys\/justinalexander\/#primaryimage"},"image":{"@id":"https:\/\/www.miamibeachfl.gov\/city-hall\/city-attorney\/attorneys\/justinalexander\/#primaryimage"},"thumbnailUrl":"https:\/\/www.miamibeachfl.gov\/wp-content\/uploads\/2023\/12\/defaultavatar-circle.png","datePublished":"2023-12-01T14:54:17+00:00","dateModified":"2025-09-24T20:06:22+00:00","description":"K\u00f2m Direkt\u00e8 Depatman Konf\u00f2mite K\u00f2d la, li sip\u00e8vize aplikasyon lwa ak \u00f2donans yo. Farosha Andasheva te rantre nan Biwo Avoka Vil la an 2017. Madanm Andasheva prepare plizy\u00e8 rezolisyon ak \u00f2donans, epi li okipe yon pak\u00e8t ka litij ki enplike pwobl\u00e8m lalwa konstitisyon\u00e8l federal ak Florid, lalwa sou dosye piblik, ak l\u00f2t k\u00f2z aksyon legal ak lalwa komen ki gen enpak sou Vil Miami Beach. Li amelyore kalite lavi moun nan Vil Miami Beach.","breadcrumb":{"@id":"https:\/\/www.miamibeachfl.gov\/city-hall\/city-attorney\/attorneys\/justinalexander\/#breadcrumb"},"inLanguage":"ht","potentialAction":[{"@type":"ReadAction","target":["https:\/\/www.miamibeachfl.gov\/city-hall\/city-attorney\/attorneys\/justinalexander\/"]}]},{"@type":"ImageObject","inLanguage":"ht","@id":"https:\/\/www.miamibeachfl.gov\/city-hall\/city-attorney\/attorneys\/justinalexander\/#primaryimage","url":"https:\/\/www.miamibeachfl.gov\/wp-content\/uploads\/2023\/12\/defaultavatar-circle.png","contentUrl":"https:\/\/www.miamibeachfl.gov\/wp-content\/uploads\/2023\/12\/defaultavatar-circle.png","width":250,"height":250,"caption":"Miami Beach Attorney"},{"@type":"BreadcrumbList","@id":"https:\/\/www.miamibeachfl.gov\/city-hall\/city-attorney\/attorneys\/justinalexander\/#breadcrumb","itemListElement":[{"@type":"ListItem","position":1,"name":"Home","item":"https:\/\/www.miamibeachfl.gov\/"},{"@type":"ListItem","position":2,"name":"City Hall","item":"https:\/\/www.miamibeachfl.gov\/city-hall\/"},{"@type":"ListItem","position":3,"name":"City Attorney","item":"https:\/\/www.miamibeachfl.gov\/city-hall\/city-attorney\/"},{"@type":"ListItem","position":4,"name":"City of Miami Beach Attorneys","item":"https:\/\/www.miamibeachfl.gov\/city-hall\/city-attorney\/attorneys\/"},{"@type":"ListItem","position":5,"name":"Justin Alexander Assistant City Attorney"}]},{"@type":"WebSite","@id":"https:\/\/www.miamibeachfl.gov\/#website","url":"https:\/\/www.miamibeachfl.gov\/","name":"Vil Miami Beach","description":"Sitw\u00e8b ofisy\u00e8l Vil Miami Beach la. Rete enf\u00f2me, jwenn enf\u00f2masyon enp\u00f2tan sou s\u00e8vis vil la, nouv\u00e8l, al\u00e8t, ev\u00e8nman, wout tramway, travay gouv\u00e8nman an ak plis ank\u00f2.","publisher":{"@id":"https:\/\/www.miamibeachfl.gov\/#organization"},"potentialAction":[{"@type":"SearchAction","target":{"@type":"EntryPoint","urlTemplate":"https:\/\/www.miamibeachfl.gov\/?s={search_term_string}"},"query-input":{"@type":"PropertyValueSpecification","valueRequired":true,"valueName":"search_term_string"}}],"inLanguage":"ht"},{"@type":"Organization","@id":"https:\/\/www.miamibeachfl.gov\/#organization","name":"Vil Miami Beach","url":"https:\/\/www.miamibeachfl.gov\/","logo":{"@type":"ImageObject","inLanguage":"ht","@id":"https:\/\/www.miamibeachfl.gov\/#\/schema\/logo\/image\/","url":"https:\/\/www.miamibeachfl.gov\/wp-content\/uploads\/2022\/06\/miamibeach-logoblue.png","contentUrl":"https:\/\/www.miamibeachfl.gov\/wp-content\/uploads\/2022\/06\/miamibeach-logoblue.png","width":1962,"height":381,"caption":"City of Miami Beach"},"image":{"@id":"https:\/\/www.miamibeachfl.gov\/#\/schema\/logo\/image\/"},"sameAs":["https:\/\/www.facebook.com\/cityofmiamibeach","https:\/\/x.com\/Miamibeachnews","https:\/\/www.instagram.com\/miamibeachnews\/"],"description":"Sitw\u00e8b ofisy\u00e8l Vil Miami Beach la. Rete enf\u00f2me, jwenn enf\u00f2masyon enp\u00f2tan sou s\u00e8vis vil la, nouv\u00e8l, al\u00e8t, ev\u00e8nman, wout tramway, travay gouv\u00e8nman an ak plis ank\u00f2.","telephone":"305.604.CITY(2489)","legalName":"City of Miami Beach"}]}},"_links":{"self":[{"href":"https:\/\/www.miamibeachfl.gov\/ht\/wp-json\/wp\/v2\/pages\/281438","targetHints":{"allow":["GET"]}}],"collection":[{"href":"https:\/\/www.miamibeachfl.gov\/ht\/wp-json\/wp\/v2\/pages"}],"about":[{"href":"https:\/\/www.miamibeachfl.gov\/ht\/wp-json\/wp\/v2\/types\/page"}],"author":[{"embeddable":true,"href":"https:\/\/www.miamibeachfl.gov\/ht\/wp-json\/wp\/v2\/users\/222"}],"replies":[{"embeddable":true,"href":"https:\/\/www.miamibeachfl.gov\/ht\/wp-json\/wp\/v2\/comments?post=281438"}],"version-history":[{"count":4,"href":"https:\/\/www.miamibeachfl.gov\/ht\/wp-json\/wp\/v2\/pages\/281438\/revisions"}],"predecessor-version":[{"id":389364,"href":"https:\/\/www.miamibeachfl.gov\/ht\/wp-json\/wp\/v2\/pages\/281438\/revisions\/389364"}],"up":[{"embeddable":true,"href":"https:\/\/www.miamibeachfl.gov\/ht\/wp-json\/wp\/v2\/pages\/281293"}],"wp:featuredmedia":[{"embeddable":true,"href":"https:\/\/www.miamibeachfl.gov\/ht\/wp-json\/wp\/v2\/media\/281471"}],"wp:attachment":[{"href":"https:\/\/www.miamibeachfl.gov\/ht\/wp-json\/wp\/v2\/media?parent=281438"}],"wp:term":[{"taxonomy":"category","embeddable":true,"href":"https:\/\/www.miamibeachfl.gov\/ht\/wp-json\/wp\/v2\/categories?post=281438"},{"taxonomy":"post_tag","embeddable":true,"href":"https:\/\/www.miamibeachfl.gov\/ht\/wp-json\/wp\/v2\/tags?post=281438"}],"curies":[{"name":"wp","href":"https:\/\/api.w.org\/{rel}","templated":true}]}}