{"id":281470,"date":"2023-12-01T10:54:44","date_gmt":"2023-12-01T15:54:44","guid":{"rendered":"https:\/\/www.miamibeachfl.gov\/?page_id=281470"},"modified":"2025-05-25T10:51:53","modified_gmt":"2025-05-25T14:51:53","slug":"jessie-betancourt","status":"publish","type":"page","link":"https:\/\/www.miamibeachfl.gov\/ht\/city-hall\/city-attorney\/attorneys\/jessie-betancourt\/","title":{"rendered":"Jessie Betancourt <br> Pwokir\u00e8 Minisipal"},"content":{"rendered":"<h1>\n\t\t\tJessie Betancourt\t<\/h1>\n<h1>\n\t\t\tPwokir\u00e8 Minisipal\t<\/h1>\nAvoka Vil la\t\t\t\n\t\t\t\t\t<ul id=\"menu-city-attorney\"><li id=\"menu-item-281297\"><a href=\"\/ht\/city-hall\/city-attorney\/\">Kay Avoka Vil la<\/a><\/li>\n<li id=\"menu-item-281298\"><a href=\"\/ht\/city-hall\/city-attorney\/attorneys\/\">Avoka<\/a><\/li>\n<li id=\"menu-item-281299\"><a href=\"\/ht\/city-hall\/city-attorney\/internships\/\">Estaj<\/a><\/li>\n<li id=\"menu-item-281302\"><a href=\"\/ht\/city-hall\/city-attorney\/history-of-previous-attorneys\/\">Ansyen Avoka Vil la<\/a><\/li>\n<\/ul>\t\nAvoka Vil la \u00d7\t\t\t\t\t\t<ul id=\"menu-city-attorney-1\"><li id=\"menu-item-281297\"><a href=\"\/ht\/city-hall\/city-attorney\/\">Kay Avoka Vil la<\/a><\/li>\n<li id=\"menu-item-281298\"><a href=\"\/ht\/city-hall\/city-attorney\/attorneys\/\">Avoka<\/a><\/li>\n<li id=\"menu-item-281299\"><a href=\"\/ht\/city-hall\/city-attorney\/internships\/\">Estaj<\/a><\/li>\n<li id=\"menu-item-281302\"><a href=\"\/ht\/city-hall\/city-attorney\/history-of-previous-attorneys\/\">Ansyen Avoka Vil la<\/a><\/li>\n<\/ul>\t\t\t\t\n\t\t\t\t<img decoding=\"async\" src=\"https:\/\/www.miamibeachfl.gov\/wp-content\/uploads\/bb-plugin\/cache\/JesseBetancourt-CAO-circle.png\" alt=\"Jesse Betancourt\" title=\"Jesse Betancourt-CAO\" itemprop=\"image\"\/>\n\t\t<h2>\n\t\t\tNouvo Inif\u00f2m\t<\/h2>\n\t<p><strong>Edikasyon<\/strong>: Lek\u00f2l Dwa Iniv\u00e8site St. Thomas (JD 2020); Iniv\u00e8site Ent\u00e8nasyonal Florid (BA 2017)<\/p>\n<p><strong>Manm<\/strong>Bawo Florid<\/p>\n<p>Jessie Betancourt te rantre nan Biwo Avoka Vil la an 2024 k\u00f2m yon Pwokir\u00e8 Minisipal Vil la. Li responsab pou pouswiv vyolasyon krimin\u00e8l k\u00f2d \u00f2donans Vil Miami Beach la.<\/p>\n<p>Anvan Madan Betancourt te rantre nan Biwo Avoka Vil la, li te travay k\u00f2m yon avoka defans krimin\u00e8l nan sekt\u00e8 prive a, li te reprezante kliyan nan tout Eta Florid.<\/p>\n<p>Pandan li te nan fakilte dwa, Madan Betancourt te Edit\u00e8 Jere Journal of Complex Litigation, Prezidan Elder Law Society, li te s\u00e8vi k\u00f2m estajy\u00e8 jidisy\u00e8 pou Onorab Jij Rodriguez-Fonts nan Onzy\u00e8m Awondisman Jidisy\u00e8 Florid la, estajy\u00e8 pou Divizyon Pwobasyon Onzy\u00e8m Awondisman Jidisy\u00e8 Florid la, epi Jij ak Grefye Legal pou ekip defans litij travay nan yon kabin\u00e8 avoka nan Coral Gables.<\/p>","protected":false},"excerpt":{"rendered":"<p>Jessie Betancourt Pwokir\u00e8 Minisipal Avoka Vil la Avoka Vil la Kay Avoka Estaj Ansyen Avoka Vil la Avoka Vil la \u00d7 Kay Avoka Vil la [\u2026]<\/p>","protected":false},"author":222,"featured_media":359459,"parent":281293,"menu_order":20,"comment_status":"closed","ping_status":"closed","template":"","meta":{"_searchwp_excluded":"","site-sidebar-layout":"default","site-content-layout":"","ast-site-content-layout":"default","site-content-style":"default","site-sidebar-style":"default","ast-global-header-display":"","ast-banner-title-visibility":"","ast-main-header-display":"","ast-hfb-above-header-display":"","ast-hfb-below-header-display":"","ast-hfb-mobile-header-display":"","site-post-title":"","ast-breadcrumbs-content":"","ast-featured-img":"","footer-sml-layout":"","theme-transparent-header-meta":"","adv-header-id-meta":"","stick-header-meta":"","header-above-stick-meta":"","header-main-stick-meta":"","header-below-stick-meta":"","astra-migrate-meta-layouts":"default","ast-page-background-enabled":"default","ast-page-background-meta":{"desktop":{"background-color":"var(--ast-global-color-5)","background-image":"","background-repeat":"repeat","background-position":"center center","background-size":"auto","background-attachment":"scroll","background-type":"","background-media":"","overlay-type":"","overlay-color":"","overlay-opacity":"","overlay-gradient":""},"tablet":{"background-color":"","background-image":"","background-repeat":"repeat","background-position":"center center","background-size":"auto","background-attachment":"scroll","background-type":"","background-media":"","overlay-type":"","overlay-color":"","overlay-opacity":"","overlay-gradient":""},"mobile":{"background-color":"","background-image":"","background-repeat":"repeat","background-position":"center center","background-size":"auto","background-attachment":"scroll","background-type":"","background-media":"","overlay-type":"","overlay-color":"","overlay-opacity":"","overlay-gradient":""}},"ast-content-background-meta":{"desktop":{"background-color":"var(--ast-global-color-4)","background-image":"","background-repeat":"repeat","background-position":"center center","background-size":"auto","background-attachment":"scroll","background-type":"","background-media":"","overlay-type":"","overlay-color":"","overlay-opacity":"","overlay-gradient":""},"tablet":{"background-color":"var(--ast-global-color-4)","background-image":"","background-repeat":"repeat","background-position":"center center","background-size":"auto","background-attachment":"scroll","background-type":"","background-media":"","overlay-type":"","overlay-color":"","overlay-opacity":"","overlay-gradient":""},"mobile":{"background-color":"var(--ast-global-color-4)","background-image":"","background-repeat":"repeat","background-position":"center center","background-size":"auto","background-attachment":"scroll","background-type":"","background-media":"","overlay-type":"","overlay-color":"","overlay-opacity":"","overlay-gradient":""}},"footnotes":""},"categories":[],"tags":[1132,1536],"class_list":["post-281470","page","type-page","status-publish","has-post-thumbnail","hentry","tag-city-attorneys","tag-jessie-betancourt"],"yoast_head":"<!-- This site is optimized with the Yoast SEO Premium plugin v26.6 (Yoast SEO v26.6) - https:\/\/yoast.com\/wordpress\/plugins\/seo\/ -->\n<title>Jessie Betancourt  Municipal Prosecutor - City of Miami Beach<\/title>\n<meta name=\"description\" content=\"Jessie Betancourt joined the City Attorney&#039;s Office in 2024 as a City Municipal Prosecutor. She is responsible for prosecuting criminal violations of the City of Miami Beach&#039;s code of ordinances.\" \/>\n<meta name=\"robots\" content=\"index, follow, max-snippet:-1, max-image-preview:large, max-video-preview:-1\" \/>\n<link rel=\"canonical\" href=\"https:\/\/www.miamibeachfl.gov\/ht\/city-hall\/city-attorney\/attorneys\/jessie-betancourt\/\" \/>\n<meta property=\"og:locale\" content=\"ht_HT\" \/>\n<meta property=\"og:type\" content=\"article\" \/>\n<meta property=\"og:title\" content=\"Jessie Betancourt  Municipal Prosecutor\" \/>\n<meta property=\"og:description\" content=\"Jessie Betancourt joined the City Attorney&#039;s Office in 2024 as a City Municipal Prosecutor. She is responsible for prosecuting criminal violations of the City of Miami Beach&#039;s code of ordinances.\" \/>\n<meta property=\"og:url\" content=\"https:\/\/www.miamibeachfl.gov\/ht\/city-hall\/city-attorney\/attorneys\/jessie-betancourt\/\" \/>\n<meta property=\"og:site_name\" content=\"City of Miami Beach\" \/>\n<meta property=\"article:publisher\" content=\"https:\/\/www.facebook.com\/cityofmiamibeach\" \/>\n<meta property=\"article:modified_time\" content=\"2025-05-25T14:51:53+00:00\" \/>\n<meta property=\"og:image\" content=\"https:\/\/www.miamibeachfl.gov\/wp-content\/uploads\/2025\/01\/JesseBetancourt-CAO.png\" \/>\n\t<meta property=\"og:image:width\" content=\"249\" \/>\n\t<meta property=\"og:image:height\" content=\"250\" \/>\n\t<meta property=\"og:image:type\" content=\"image\/png\" \/>\n<meta name=\"twitter:card\" content=\"summary_large_image\" \/>\n<meta name=\"twitter:site\" content=\"@Miamibeachnews\" \/>\n<script type=\"application\/ld+json\" class=\"yoast-schema-graph\">{\"@context\":\"https:\/\/schema.org\",\"@graph\":[{\"@type\":\"WebPage\",\"@id\":\"https:\/\/www.miamibeachfl.gov\/city-hall\/city-attorney\/attorneys\/jessie-betancourt\/\",\"url\":\"https:\/\/www.miamibeachfl.gov\/city-hall\/city-attorney\/attorneys\/jessie-betancourt\/\",\"name\":\"Jessie Betancourt Municipal Prosecutor - City of Miami Beach\",\"isPartOf\":{\"@id\":\"https:\/\/www.miamibeachfl.gov\/#website\"},\"primaryImageOfPage\":{\"@id\":\"https:\/\/www.miamibeachfl.gov\/city-hall\/city-attorney\/attorneys\/jessie-betancourt\/#primaryimage\"},\"image\":{\"@id\":\"https:\/\/www.miamibeachfl.gov\/city-hall\/city-attorney\/attorneys\/jessie-betancourt\/#primaryimage\"},\"thumbnailUrl\":\"https:\/\/www.miamibeachfl.gov\/wp-content\/uploads\/2025\/01\/JesseBetancourt-CAO.png\",\"datePublished\":\"2023-12-01T15:54:44+00:00\",\"dateModified\":\"2025-05-25T14:51:53+00:00\",\"description\":\"Jessie Betancourt joined the City Attorney's Office in 2024 as a City Municipal Prosecutor. She is responsible for prosecuting criminal violations of the City of Miami Beach's code of ordinances.\",\"breadcrumb\":{\"@id\":\"https:\/\/www.miamibeachfl.gov\/city-hall\/city-attorney\/attorneys\/jessie-betancourt\/#breadcrumb\"},\"inLanguage\":\"ht\",\"potentialAction\":[{\"@type\":\"ReadAction\",\"target\":[\"https:\/\/www.miamibeachfl.gov\/city-hall\/city-attorney\/attorneys\/jessie-betancourt\/\"]}]},{\"@type\":\"ImageObject\",\"inLanguage\":\"ht\",\"@id\":\"https:\/\/www.miamibeachfl.gov\/city-hall\/city-attorney\/attorneys\/jessie-betancourt\/#primaryimage\",\"url\":\"https:\/\/www.miamibeachfl.gov\/wp-content\/uploads\/2025\/01\/JesseBetancourt-CAO.png\",\"contentUrl\":\"https:\/\/www.miamibeachfl.gov\/wp-content\/uploads\/2025\/01\/JesseBetancourt-CAO.png\",\"width\":249,\"height\":250,\"caption\":\"Jesse Betancourt\"},{\"@type\":\"BreadcrumbList\",\"@id\":\"https:\/\/www.miamibeachfl.gov\/city-hall\/city-attorney\/attorneys\/jessie-betancourt\/#breadcrumb\",\"itemListElement\":[{\"@type\":\"ListItem\",\"position\":1,\"name\":\"Home\",\"item\":\"https:\/\/www.miamibeachfl.gov\/\"},{\"@type\":\"ListItem\",\"position\":2,\"name\":\"City Hall\",\"item\":\"https:\/\/www.miamibeachfl.gov\/city-hall\/\"},{\"@type\":\"ListItem\",\"position\":3,\"name\":\"City Attorney\",\"item\":\"https:\/\/www.miamibeachfl.gov\/city-hall\/city-attorney\/\"},{\"@type\":\"ListItem\",\"position\":4,\"name\":\"City of Miami Beach Attorneys\",\"item\":\"https:\/\/www.miamibeachfl.gov\/city-hall\/city-attorney\/attorneys\/\"},{\"@type\":\"ListItem\",\"position\":5,\"name\":\"Jessie Betancourt Municipal Prosecutor\"}]},{\"@type\":\"WebSite\",\"@id\":\"https:\/\/www.miamibeachfl.gov\/#website\",\"url\":\"https:\/\/www.miamibeachfl.gov\/\",\"name\":\"City of Miami Beach\",\"description\":\"The official website of the City of Miami Beach. Stay informed, find important information on city services, news, alerts, events, trolley routes, government employment and more.\",\"publisher\":{\"@id\":\"https:\/\/www.miamibeachfl.gov\/#organization\"},\"potentialAction\":[{\"@type\":\"SearchAction\",\"target\":{\"@type\":\"EntryPoint\",\"urlTemplate\":\"https:\/\/www.miamibeachfl.gov\/?s={search_term_string}\"},\"query-input\":{\"@type\":\"PropertyValueSpecification\",\"valueRequired\":true,\"valueName\":\"search_term_string\"}}],\"inLanguage\":\"ht\"},{\"@type\":\"Organization\",\"@id\":\"https:\/\/www.miamibeachfl.gov\/#organization\",\"name\":\"City of Miami Beach\",\"url\":\"https:\/\/www.miamibeachfl.gov\/\",\"logo\":{\"@type\":\"ImageObject\",\"inLanguage\":\"ht\",\"@id\":\"https:\/\/www.miamibeachfl.gov\/#\/schema\/logo\/image\/\",\"url\":\"https:\/\/www.miamibeachfl.gov\/wp-content\/uploads\/2022\/06\/miamibeach-logoblue.png\",\"contentUrl\":\"https:\/\/www.miamibeachfl.gov\/wp-content\/uploads\/2022\/06\/miamibeach-logoblue.png\",\"width\":1962,\"height\":381,\"caption\":\"City of Miami Beach\"},\"image\":{\"@id\":\"https:\/\/www.miamibeachfl.gov\/#\/schema\/logo\/image\/\"},\"sameAs\":[\"https:\/\/www.facebook.com\/cityofmiamibeach\",\"https:\/\/x.com\/Miamibeachnews\",\"https:\/\/www.instagram.com\/miamibeachnews\/\"],\"description\":\"The official website of the City of Miami Beach. Stay informed, find important information on city services, news, alerts, events, trolley routes, government employment and more.\",\"telephone\":\"305.604.CITY(2489)\",\"legalName\":\"City of Miami Beach\"}]}<\/script>\n<!-- \/ Yoast SEO Premium plugin. -->","yoast_head_json":{"title":"Jessie Betancourt Pwokir\u00e8 Minisipal - Vil Miami Beach","description":"Jessie Betancourt te rantre nan Biwo Avoka Vil la an 2024 k\u00f2m yon Pwokir\u00e8 Minisipal Vil la. Li responsab pou pouswiv vyolasyon krimin\u00e8l k\u00f2d \u00f2donans Vil Miami Beach la.","robots":{"index":"index","follow":"follow","max-snippet":"max-snippet:-1","max-image-preview":"max-image-preview:large","max-video-preview":"max-video-preview:-1"},"canonical":"https:\/\/www.miamibeachfl.gov\/ht\/city-hall\/city-attorney\/attorneys\/jessie-betancourt\/","og_locale":"ht_HT","og_type":"article","og_title":"Jessie Betancourt  Municipal Prosecutor","og_description":"Jessie Betancourt joined the City Attorney's Office in 2024 as a City Municipal Prosecutor. She is responsible for prosecuting criminal violations of the City of Miami Beach's code of ordinances.","og_url":"https:\/\/www.miamibeachfl.gov\/ht\/city-hall\/city-attorney\/attorneys\/jessie-betancourt\/","og_site_name":"City of Miami Beach","article_publisher":"https:\/\/www.facebook.com\/cityofmiamibeach","article_modified_time":"2025-05-25T14:51:53+00:00","og_image":[{"width":249,"height":250,"url":"https:\/\/www.miamibeachfl.gov\/wp-content\/uploads\/2025\/01\/JesseBetancourt-CAO.png","type":"image\/png"}],"twitter_card":"summary_large_image","twitter_site":"@Miamibeachnews","schema":{"@context":"https:\/\/schema.org","@graph":[{"@type":"WebPage","@id":"https:\/\/www.miamibeachfl.gov\/city-hall\/city-attorney\/attorneys\/jessie-betancourt\/","url":"https:\/\/www.miamibeachfl.gov\/city-hall\/city-attorney\/attorneys\/jessie-betancourt\/","name":"Jessie Betancourt Pwokir\u00e8 Minisipal - Vil Miami Beach","isPartOf":{"@id":"https:\/\/www.miamibeachfl.gov\/#website"},"primaryImageOfPage":{"@id":"https:\/\/www.miamibeachfl.gov\/city-hall\/city-attorney\/attorneys\/jessie-betancourt\/#primaryimage"},"image":{"@id":"https:\/\/www.miamibeachfl.gov\/city-hall\/city-attorney\/attorneys\/jessie-betancourt\/#primaryimage"},"thumbnailUrl":"https:\/\/www.miamibeachfl.gov\/wp-content\/uploads\/2025\/01\/JesseBetancourt-CAO.png","datePublished":"2023-12-01T15:54:44+00:00","dateModified":"2025-05-25T14:51:53+00:00","description":"Jessie Betancourt te rantre nan Biwo Avoka Vil la an 2024 k\u00f2m yon Pwokir\u00e8 Minisipal Vil la. Li responsab pou pouswiv vyolasyon krimin\u00e8l k\u00f2d \u00f2donans Vil Miami Beach la.","breadcrumb":{"@id":"https:\/\/www.miamibeachfl.gov\/city-hall\/city-attorney\/attorneys\/jessie-betancourt\/#breadcrumb"},"inLanguage":"ht","potentialAction":[{"@type":"ReadAction","target":["https:\/\/www.miamibeachfl.gov\/city-hall\/city-attorney\/attorneys\/jessie-betancourt\/"]}]},{"@type":"ImageObject","inLanguage":"ht","@id":"https:\/\/www.miamibeachfl.gov\/city-hall\/city-attorney\/attorneys\/jessie-betancourt\/#primaryimage","url":"https:\/\/www.miamibeachfl.gov\/wp-content\/uploads\/2025\/01\/JesseBetancourt-CAO.png","contentUrl":"https:\/\/www.miamibeachfl.gov\/wp-content\/uploads\/2025\/01\/JesseBetancourt-CAO.png","width":249,"height":250,"caption":"Jesse Betancourt"},{"@type":"BreadcrumbList","@id":"https:\/\/www.miamibeachfl.gov\/city-hall\/city-attorney\/attorneys\/jessie-betancourt\/#breadcrumb","itemListElement":[{"@type":"ListItem","position":1,"name":"Home","item":"https:\/\/www.miamibeachfl.gov\/"},{"@type":"ListItem","position":2,"name":"City Hall","item":"https:\/\/www.miamibeachfl.gov\/city-hall\/"},{"@type":"ListItem","position":3,"name":"City Attorney","item":"https:\/\/www.miamibeachfl.gov\/city-hall\/city-attorney\/"},{"@type":"ListItem","position":4,"name":"City of Miami Beach Attorneys","item":"https:\/\/www.miamibeachfl.gov\/city-hall\/city-attorney\/attorneys\/"},{"@type":"ListItem","position":5,"name":"Jessie Betancourt Municipal Prosecutor"}]},{"@type":"WebSite","@id":"https:\/\/www.miamibeachfl.gov\/#website","url":"https:\/\/www.miamibeachfl.gov\/","name":"Vil Miami Beach","description":"Sitw\u00e8b ofisy\u00e8l Vil Miami Beach la. Rete enf\u00f2me, jwenn enf\u00f2masyon enp\u00f2tan sou s\u00e8vis vil la, nouv\u00e8l, al\u00e8t, ev\u00e8nman, wout tramway, travay gouv\u00e8nman an ak plis ank\u00f2.","publisher":{"@id":"https:\/\/www.miamibeachfl.gov\/#organization"},"potentialAction":[{"@type":"SearchAction","target":{"@type":"EntryPoint","urlTemplate":"https:\/\/www.miamibeachfl.gov\/?s={search_term_string}"},"query-input":{"@type":"PropertyValueSpecification","valueRequired":true,"valueName":"search_term_string"}}],"inLanguage":"ht"},{"@type":"Organization","@id":"https:\/\/www.miamibeachfl.gov\/#organization","name":"Vil Miami Beach","url":"https:\/\/www.miamibeachfl.gov\/","logo":{"@type":"ImageObject","inLanguage":"ht","@id":"https:\/\/www.miamibeachfl.gov\/#\/schema\/logo\/image\/","url":"https:\/\/www.miamibeachfl.gov\/wp-content\/uploads\/2022\/06\/miamibeach-logoblue.png","contentUrl":"https:\/\/www.miamibeachfl.gov\/wp-content\/uploads\/2022\/06\/miamibeach-logoblue.png","width":1962,"height":381,"caption":"City of Miami Beach"},"image":{"@id":"https:\/\/www.miamibeachfl.gov\/#\/schema\/logo\/image\/"},"sameAs":["https:\/\/www.facebook.com\/cityofmiamibeach","https:\/\/x.com\/Miamibeachnews","https:\/\/www.instagram.com\/miamibeachnews\/"],"description":"Sitw\u00e8b ofisy\u00e8l Vil Miami Beach la. Rete enf\u00f2me, jwenn enf\u00f2masyon enp\u00f2tan sou s\u00e8vis vil la, nouv\u00e8l, al\u00e8t, ev\u00e8nman, wout tramway, travay gouv\u00e8nman an ak plis ank\u00f2.","telephone":"305.604.CITY(2489)","legalName":"City of Miami Beach"}]}},"_links":{"self":[{"href":"https:\/\/www.miamibeachfl.gov\/ht\/wp-json\/wp\/v2\/pages\/281470","targetHints":{"allow":["GET"]}}],"collection":[{"href":"https:\/\/www.miamibeachfl.gov\/ht\/wp-json\/wp\/v2\/pages"}],"about":[{"href":"https:\/\/www.miamibeachfl.gov\/ht\/wp-json\/wp\/v2\/types\/page"}],"author":[{"embeddable":true,"href":"https:\/\/www.miamibeachfl.gov\/ht\/wp-json\/wp\/v2\/users\/222"}],"replies":[{"embeddable":true,"href":"https:\/\/www.miamibeachfl.gov\/ht\/wp-json\/wp\/v2\/comments?post=281470"}],"version-history":[{"count":0,"href":"https:\/\/www.miamibeachfl.gov\/ht\/wp-json\/wp\/v2\/pages\/281470\/revisions"}],"up":[{"embeddable":true,"href":"https:\/\/www.miamibeachfl.gov\/ht\/wp-json\/wp\/v2\/pages\/281293"}],"wp:featuredmedia":[{"embeddable":true,"href":"https:\/\/www.miamibeachfl.gov\/ht\/wp-json\/wp\/v2\/media\/359459"}],"wp:attachment":[{"href":"https:\/\/www.miamibeachfl.gov\/ht\/wp-json\/wp\/v2\/media?parent=281470"}],"wp:term":[{"taxonomy":"category","embeddable":true,"href":"https:\/\/www.miamibeachfl.gov\/ht\/wp-json\/wp\/v2\/categories?post=281470"},{"taxonomy":"post_tag","embeddable":true,"href":"https:\/\/www.miamibeachfl.gov\/ht\/wp-json\/wp\/v2\/tags?post=281470"}],"curies":[{"name":"wp","href":"https:\/\/api.w.org\/{rel}","templated":true}]}}