{"id":282025,"date":"2023-12-11T06:53:53","date_gmt":"2023-12-11T11:53:53","guid":{"rendered":"https:\/\/www.miamibeachfl.gov\/city-hall\/building\/permits\/pre-submittal-meeting\/"},"modified":"2024-03-19T16:34:57","modified_gmt":"2024-03-19T20:34:57","slug":"pre-submittal-meeting","status":"publish","type":"page","link":"https:\/\/www.miamibeachfl.gov\/ht\/city-hall\/building\/permits\/pre-submittal-meeting\/","title":{"rendered":"Reyinyon Pre-Soum\u00e8t Bilding lan"},"content":{"rendered":"<h2>\n\t\tReyinyon Pre-Soum\u00e8t\n\t<\/h2>\n\t<p>Depatman Konstriksyon an ofri yon konsiltasyon gratis anvan soum\u00e8t pwoj\u00e8 a bay kliyan li yo. Konsiltasyon an gen ladan l reyinyon ak Ch\u00e8f Depatman yo, Achit\u00e8k pwoj\u00e8 a, Pwopriyet\u00e8 a, ak Kontrakt\u00e8 a pou diskite sou del\u00e8 pwoj\u00e8 a epi pou idantifye pi bon apw\u00f2ch pou bay p\u00e8mi pou pwoj\u00e8 ki pwopoze a. Baze sou reyinyon sa a epi selon dimansyon travay pwoj\u00e8 a, ekip la ap resevwa kons\u00e8y sou kijan pou yo prepare epi soum\u00e8t dosye p\u00e8mi yo efektivman. <strong><a href=\"https:\/\/www.miamibeachfl.gov\/wp-content\/uploads\/2023\/12\/Pre-submittal-4-7-2020-1.pdf\">Pou mande reyinyon konsiltasyon anvan soum\u00e8t dokiman an, tanpri swiv enstriksyon ki nan f\u00f2m sa a.<\/a><\/strong><\/p>\n<p>Youn nan sij\u00e8 reyinyon konsiltasyon anvan soum\u00e8t pwoj\u00e8 a se diskisyon sou pwosesis p\u00e8mi ki pi efikas la ki baze sou dimansyon travay pwoj\u00e8 a. Pa egzanp, pwoj\u00e8 ki gen plis pase yon estrikti oswa yon bilding nan sit konstriksyon an, yo ka divize an faz oswa etap konstriksyon, oubyen estrikti yo ka konstwi l\u00e8 yo jwenn p\u00e8mi prensipal separe pou chak estrikti. L\u00e8 yo divize pwoj\u00e8 a an faz oswa etap, Ofisy\u00e8l Konstriksyon an ka p\u00e8m\u00e8t yo ak\u00f2de S\u00e8tifika Okipasyon Tanpor\u00e8. Tanpri sonje ke estrikti ki pwograme pou ouvri an premye a dwe gen ladan eleman komen sit pwoj\u00e8 a ak jaden fl\u00e8 nan dimansyon li.<\/p>\n<p>Si yo bay p\u00e8mi separe pou chak bilding, chak p\u00e8mi ap gen pou resevwa yon estati &quot;Final&quot; anvan yo p\u00e8m\u00e8t konstriksyon pwochen an k\u00f2manse. Alt\u00e8nativ sa yo p\u00e8m\u00e8t ekip Pwoj\u00e8 a gen maksim\u00f2m fleksibilite anrap\u00f2 ak emisyon S\u00e8tifika Okipasyon an.<\/p>\n<p>Li konprann ke k\u00f2mant\u00e8 yo nan reyinyon anvan soum\u00e8t la pa konpl\u00e8, men yo prelimin\u00e8. L\u00f2t k\u00f2mant\u00e8 ki pa diskite nan reyinyon an ka pwodui l\u00e8 pwoj\u00e8 a soum\u00e8t f\u00f2m\u00e8lman pou yon revizyon plan konpl\u00e8.<\/p>","protected":false},"excerpt":{"rendered":"<p>Pre-Submittal Meeting The Building Department offers a free pre-submittal consultation to its Customers. The consultation entails meeting with the Department&#8217;s [&hellip;]<\/p>\n","protected":false},"author":222,"featured_media":0,"parent":268879,"menu_order":0,"comment_status":"closed","ping_status":"closed","template":"page-blank.php","meta":{"_searchwp_excluded":"","site-sidebar-layout":"default","site-content-layout":"","ast-site-content-layout":"default","site-content-style":"default","site-sidebar-style":"default","ast-global-header-display":"","ast-banner-title-visibility":"","ast-main-header-display":"","ast-hfb-above-header-display":"","ast-hfb-below-header-display":"","ast-hfb-mobile-header-display":"","site-post-title":"","ast-breadcrumbs-content":"","ast-featured-img":"","footer-sml-layout":"","theme-transparent-header-meta":"","adv-header-id-meta":"","stick-header-meta":"","header-above-stick-meta":"","header-main-stick-meta":"","header-below-stick-meta":"","astra-migrate-meta-layouts":"default","ast-page-background-enabled":"default","ast-page-background-meta":{"desktop":{"background-color":"var(--ast-global-color-5)","background-image":"","background-repeat":"repeat","background-position":"center center","background-size":"auto","background-attachment":"scroll","background-type":"","background-media":"","overlay-type":"","overlay-color":"","overlay-opacity":"","overlay-gradient":""},"tablet":{"background-color":"","background-image":"","background-repeat":"repeat","background-position":"center center","background-size":"auto","background-attachment":"scroll","background-type":"","background-media":"","overlay-type":"","overlay-color":"","overlay-opacity":"","overlay-gradient":""},"mobile":{"background-color":"","background-image":"","background-repeat":"repeat","background-position":"center center","background-size":"auto","background-attachment":"scroll","background-type":"","background-media":"","overlay-type":"","overlay-color":"","overlay-opacity":"","overlay-gradient":""}},"ast-content-background-meta":{"desktop":{"background-color":"var(--ast-global-color-4)","background-image":"","background-repeat":"repeat","background-position":"center center","background-size":"auto","background-attachment":"scroll","background-type":"","background-media":"","overlay-type":"","overlay-color":"","overlay-opacity":"","overlay-gradient":""},"tablet":{"background-color":"var(--ast-global-color-4)","background-image":"","background-repeat":"repeat","background-position":"center center","background-size":"auto","background-attachment":"scroll","background-type":"","background-media":"","overlay-type":"","overlay-color":"","overlay-opacity":"","overlay-gradient":""},"mobile":{"background-color":"var(--ast-global-color-4)","background-image":"","background-repeat":"repeat","background-position":"center center","background-size":"auto","background-attachment":"scroll","background-type":"","background-media":"","overlay-type":"","overlay-color":"","overlay-opacity":"","overlay-gradient":""}},"footnotes":""},"categories":[],"tags":[],"class_list":["post-282025","page","type-page","status-publish","hentry"],"yoast_head":"<!-- This site is optimized with the Yoast SEO Premium plugin v27.4 (Yoast SEO v27.4) - https:\/\/yoast.com\/product\/yoast-seo-premium-wordpress\/ -->\n<title>Building Pre-Submittal Meeting - City of Miami Beach<\/title>\n<meta name=\"description\" content=\"Applicants may request a Pre-Submittal Meeting and reduce the time it takes to get a permit by receiving a preliminary review of your plans. In order to qualify, plans must be 75% complete and the design professional must be present\" \/>\n<meta name=\"robots\" content=\"index, follow, max-snippet:-1, max-image-preview:large, max-video-preview:-1\" \/>\n<link rel=\"canonical\" href=\"https:\/\/www.miamibeachfl.gov\/ht\/city-hall\/building\/permits\/pre-submittal-meeting\/\" \/>\n<meta property=\"og:locale\" content=\"ht_HT\" \/>\n<meta property=\"og:type\" content=\"article\" \/>\n<meta property=\"og:title\" content=\"Building Pre-Submittal Meeting\" \/>\n<meta property=\"og:description\" content=\"Applicants may request a Pre-Submittal Meeting and reduce the time it takes to get a permit by receiving a preliminary review of your plans. In order to qualify, plans must be 75% complete and the design professional must be present\" \/>\n<meta property=\"og:url\" content=\"https:\/\/www.miamibeachfl.gov\/ht\/city-hall\/building\/permits\/pre-submittal-meeting\/\" \/>\n<meta property=\"og:site_name\" content=\"City of Miami Beach\" \/>\n<meta property=\"article:publisher\" content=\"https:\/\/www.facebook.com\/cityofmiamibeach\" \/>\n<meta property=\"article:modified_time\" content=\"2024-03-19T20:34:57+00:00\" \/>\n<meta property=\"og:image\" content=\"https:\/\/www.miamibeachfl.gov\/wp-content\/uploads\/2024\/01\/1000pxSquare-miamibeach-aerial-southpointview.jpeg\" \/>\n\t<meta property=\"og:image:width\" content=\"1000\" \/>\n\t<meta property=\"og:image:height\" content=\"1000\" \/>\n\t<meta property=\"og:image:type\" content=\"image\/jpeg\" \/>\n<meta name=\"twitter:card\" content=\"summary_large_image\" \/>\n<meta name=\"twitter:site\" content=\"@Miamibeachnews\" \/>\n<script type=\"application\/ld+json\" class=\"yoast-schema-graph\">{\"@context\":\"https:\\\/\\\/schema.org\",\"@graph\":[{\"@type\":\"WebPage\",\"@id\":\"https:\\\/\\\/www.miamibeachfl.gov\\\/city-hall\\\/building\\\/permits\\\/pre-submittal-meeting\\\/\",\"url\":\"https:\\\/\\\/www.miamibeachfl.gov\\\/city-hall\\\/building\\\/permits\\\/pre-submittal-meeting\\\/\",\"name\":\"Building Pre-Submittal Meeting - City of Miami Beach\",\"isPartOf\":{\"@id\":\"https:\\\/\\\/www.miamibeachfl.gov\\\/#website\"},\"datePublished\":\"2023-12-11T11:53:53+00:00\",\"dateModified\":\"2024-03-19T20:34:57+00:00\",\"description\":\"Applicants may request a Pre-Submittal Meeting and reduce the time it takes to get a permit by receiving a preliminary review of your plans. In order to qualify, plans must be 75% complete and the design professional must be present\",\"breadcrumb\":{\"@id\":\"https:\\\/\\\/www.miamibeachfl.gov\\\/city-hall\\\/building\\\/permits\\\/pre-submittal-meeting\\\/#breadcrumb\"},\"inLanguage\":\"ht\",\"potentialAction\":[{\"@type\":\"ReadAction\",\"target\":[\"https:\\\/\\\/www.miamibeachfl.gov\\\/city-hall\\\/building\\\/permits\\\/pre-submittal-meeting\\\/\"]}]},{\"@type\":\"BreadcrumbList\",\"@id\":\"https:\\\/\\\/www.miamibeachfl.gov\\\/city-hall\\\/building\\\/permits\\\/pre-submittal-meeting\\\/#breadcrumb\",\"itemListElement\":[{\"@type\":\"ListItem\",\"position\":1,\"name\":\"Home\",\"item\":\"https:\\\/\\\/www.miamibeachfl.gov\\\/\"},{\"@type\":\"ListItem\",\"position\":2,\"name\":\"City Hall\",\"item\":\"https:\\\/\\\/www.miamibeachfl.gov\\\/city-hall\\\/\"},{\"@type\":\"ListItem\",\"position\":3,\"name\":\"Building\",\"item\":\"https:\\\/\\\/www.miamibeachfl.gov\\\/city-hall\\\/building\\\/\"},{\"@type\":\"ListItem\",\"position\":4,\"name\":\"Building Permits\",\"item\":\"https:\\\/\\\/www.miamibeachfl.gov\\\/city-hall\\\/building\\\/permits\\\/\"},{\"@type\":\"ListItem\",\"position\":5,\"name\":\"Building Pre-Submittal Meeting\"}]},{\"@type\":\"WebSite\",\"@id\":\"https:\\\/\\\/www.miamibeachfl.gov\\\/#website\",\"url\":\"https:\\\/\\\/www.miamibeachfl.gov\\\/\",\"name\":\"City of Miami Beach\",\"description\":\"The official website of the City of Miami Beach. Stay informed, find important information on city services, news, alerts, events, trolley routes, government employment and more.\",\"publisher\":{\"@id\":\"https:\\\/\\\/www.miamibeachfl.gov\\\/#organization\"},\"potentialAction\":[{\"@type\":\"SearchAction\",\"target\":{\"@type\":\"EntryPoint\",\"urlTemplate\":\"https:\\\/\\\/www.miamibeachfl.gov\\\/?s={search_term_string}\"},\"query-input\":{\"@type\":\"PropertyValueSpecification\",\"valueRequired\":true,\"valueName\":\"search_term_string\"}}],\"inLanguage\":\"ht\"},{\"@type\":\"Organization\",\"@id\":\"https:\\\/\\\/www.miamibeachfl.gov\\\/#organization\",\"name\":\"City of Miami Beach\",\"url\":\"https:\\\/\\\/www.miamibeachfl.gov\\\/\",\"logo\":{\"@type\":\"ImageObject\",\"inLanguage\":\"ht\",\"@id\":\"https:\\\/\\\/www.miamibeachfl.gov\\\/#\\\/schema\\\/logo\\\/image\\\/\",\"url\":\"https:\\\/\\\/www.miamibeachfl.gov\\\/wp-content\\\/uploads\\\/2022\\\/06\\\/miamibeach-logoblue.png\",\"contentUrl\":\"https:\\\/\\\/www.miamibeachfl.gov\\\/wp-content\\\/uploads\\\/2022\\\/06\\\/miamibeach-logoblue.png\",\"width\":1962,\"height\":381,\"caption\":\"City of Miami Beach\"},\"image\":{\"@id\":\"https:\\\/\\\/www.miamibeachfl.gov\\\/#\\\/schema\\\/logo\\\/image\\\/\"},\"sameAs\":[\"https:\\\/\\\/www.facebook.com\\\/cityofmiamibeach\",\"https:\\\/\\\/x.com\\\/Miamibeachnews\",\"https:\\\/\\\/www.instagram.com\\\/miamibeachnews\\\/\"],\"description\":\"The official website of the City of Miami Beach. Stay informed, find important information on city services, news, alerts, events, trolley routes, government employment and more.\",\"telephone\":\"305.604.CITY(2489)\",\"legalName\":\"City of Miami Beach\"}]}<\/script>\n<!-- \/ Yoast SEO Premium plugin. -->","yoast_head_json":{"title":"Reyinyon Pre-Soum\u00e8t pou Bilding lan - Vil Miami Beach","description":"Kandida yo ka mande yon Reyinyon Pre-Soum\u00e8t epi diminye tan li pran pou jwenn yon p\u00e8mi l\u00e8 yo resevwa yon revizyon prelimin\u00e8 sou plan yo. Pou yo kalifye, plan yo dwe konpl\u00e8 epi pwofesyon\u00e8l konsepsyon an dwe prezan.","robots":{"index":"index","follow":"follow","max-snippet":"max-snippet:-1","max-image-preview":"max-image-preview:large","max-video-preview":"max-video-preview:-1"},"canonical":"https:\/\/www.miamibeachfl.gov\/ht\/city-hall\/building\/permits\/pre-submittal-meeting\/","og_locale":"ht_HT","og_type":"article","og_title":"Building Pre-Submittal Meeting","og_description":"Applicants may request a Pre-Submittal Meeting and reduce the time it takes to get a permit by receiving a preliminary review of your plans. In order to qualify, plans must be 75% complete and the design professional must be present","og_url":"https:\/\/www.miamibeachfl.gov\/ht\/city-hall\/building\/permits\/pre-submittal-meeting\/","og_site_name":"City of Miami Beach","article_publisher":"https:\/\/www.facebook.com\/cityofmiamibeach","article_modified_time":"2024-03-19T20:34:57+00:00","og_image":[{"width":1000,"height":1000,"url":"https:\/\/www.miamibeachfl.gov\/wp-content\/uploads\/2024\/01\/1000pxSquare-miamibeach-aerial-southpointview.jpeg","type":"image\/jpeg"}],"twitter_card":"summary_large_image","twitter_site":"@Miamibeachnews","schema":{"@context":"https:\/\/schema.org","@graph":[{"@type":"WebPage","@id":"https:\/\/www.miamibeachfl.gov\/city-hall\/building\/permits\/pre-submittal-meeting\/","url":"https:\/\/www.miamibeachfl.gov\/city-hall\/building\/permits\/pre-submittal-meeting\/","name":"Reyinyon Pre-Soum\u00e8t pou Bilding lan - Vil Miami Beach","isPartOf":{"@id":"https:\/\/www.miamibeachfl.gov\/#website"},"datePublished":"2023-12-11T11:53:53+00:00","dateModified":"2024-03-19T20:34:57+00:00","description":"Kandida yo ka mande yon Reyinyon Pre-Soum\u00e8t epi diminye tan li pran pou jwenn yon p\u00e8mi l\u00e8 yo resevwa yon revizyon prelimin\u00e8 sou plan yo. Pou yo kalifye, plan yo dwe konpl\u00e8 epi pwofesyon\u00e8l konsepsyon an dwe prezan.","breadcrumb":{"@id":"https:\/\/www.miamibeachfl.gov\/city-hall\/building\/permits\/pre-submittal-meeting\/#breadcrumb"},"inLanguage":"ht","potentialAction":[{"@type":"ReadAction","target":["https:\/\/www.miamibeachfl.gov\/city-hall\/building\/permits\/pre-submittal-meeting\/"]}]},{"@type":"BreadcrumbList","@id":"https:\/\/www.miamibeachfl.gov\/city-hall\/building\/permits\/pre-submittal-meeting\/#breadcrumb","itemListElement":[{"@type":"ListItem","position":1,"name":"Home","item":"https:\/\/www.miamibeachfl.gov\/"},{"@type":"ListItem","position":2,"name":"City Hall","item":"https:\/\/www.miamibeachfl.gov\/city-hall\/"},{"@type":"ListItem","position":3,"name":"Building","item":"https:\/\/www.miamibeachfl.gov\/city-hall\/building\/"},{"@type":"ListItem","position":4,"name":"Building Permits","item":"https:\/\/www.miamibeachfl.gov\/city-hall\/building\/permits\/"},{"@type":"ListItem","position":5,"name":"Building Pre-Submittal Meeting"}]},{"@type":"WebSite","@id":"https:\/\/www.miamibeachfl.gov\/#website","url":"https:\/\/www.miamibeachfl.gov\/","name":"Vil Miami Beach","description":"Sitw\u00e8b ofisy\u00e8l Vil Miami Beach la. Rete enf\u00f2me, jwenn enf\u00f2masyon enp\u00f2tan sou s\u00e8vis vil la, nouv\u00e8l, al\u00e8t, ev\u00e8nman, wout tramway, travay gouv\u00e8nman an ak plis ank\u00f2.","publisher":{"@id":"https:\/\/www.miamibeachfl.gov\/#organization"},"potentialAction":[{"@type":"SearchAction","target":{"@type":"EntryPoint","urlTemplate":"https:\/\/www.miamibeachfl.gov\/?s={search_term_string}"},"query-input":{"@type":"PropertyValueSpecification","valueRequired":true,"valueName":"search_term_string"}}],"inLanguage":"ht"},{"@type":"Organization","@id":"https:\/\/www.miamibeachfl.gov\/#organization","name":"Vil Miami Beach","url":"https:\/\/www.miamibeachfl.gov\/","logo":{"@type":"ImageObject","inLanguage":"ht","@id":"https:\/\/www.miamibeachfl.gov\/#\/schema\/logo\/image\/","url":"https:\/\/www.miamibeachfl.gov\/wp-content\/uploads\/2022\/06\/miamibeach-logoblue.png","contentUrl":"https:\/\/www.miamibeachfl.gov\/wp-content\/uploads\/2022\/06\/miamibeach-logoblue.png","width":1962,"height":381,"caption":"City of Miami Beach"},"image":{"@id":"https:\/\/www.miamibeachfl.gov\/#\/schema\/logo\/image\/"},"sameAs":["https:\/\/www.facebook.com\/cityofmiamibeach","https:\/\/x.com\/Miamibeachnews","https:\/\/www.instagram.com\/miamibeachnews\/"],"description":"Sitw\u00e8b ofisy\u00e8l Vil Miami Beach la. Rete enf\u00f2me, jwenn enf\u00f2masyon enp\u00f2tan sou s\u00e8vis vil la, nouv\u00e8l, al\u00e8t, ev\u00e8nman, wout tramway, travay gouv\u00e8nman an ak plis ank\u00f2.","telephone":"305.604.CITY(2489)","legalName":"City of Miami Beach"}]}},"_links":{"self":[{"href":"https:\/\/www.miamibeachfl.gov\/ht\/wp-json\/wp\/v2\/pages\/282025","targetHints":{"allow":["GET"]}}],"collection":[{"href":"https:\/\/www.miamibeachfl.gov\/ht\/wp-json\/wp\/v2\/pages"}],"about":[{"href":"https:\/\/www.miamibeachfl.gov\/ht\/wp-json\/wp\/v2\/types\/page"}],"author":[{"embeddable":true,"href":"https:\/\/www.miamibeachfl.gov\/ht\/wp-json\/wp\/v2\/users\/222"}],"replies":[{"embeddable":true,"href":"https:\/\/www.miamibeachfl.gov\/ht\/wp-json\/wp\/v2\/comments?post=282025"}],"version-history":[{"count":0,"href":"https:\/\/www.miamibeachfl.gov\/ht\/wp-json\/wp\/v2\/pages\/282025\/revisions"}],"up":[{"embeddable":true,"href":"https:\/\/www.miamibeachfl.gov\/ht\/wp-json\/wp\/v2\/pages\/268879"}],"wp:attachment":[{"href":"https:\/\/www.miamibeachfl.gov\/ht\/wp-json\/wp\/v2\/media?parent=282025"}],"wp:term":[{"taxonomy":"category","embeddable":true,"href":"https:\/\/www.miamibeachfl.gov\/ht\/wp-json\/wp\/v2\/categories?post=282025"},{"taxonomy":"post_tag","embeddable":true,"href":"https:\/\/www.miamibeachfl.gov\/ht\/wp-json\/wp\/v2\/tags?post=282025"}],"curies":[{"name":"wp","href":"https:\/\/api.w.org\/{rel}","templated":true}]}}