{"id":28267,"date":"2017-08-11T00:02:32","date_gmt":"2017-08-11T00:02:32","guid":{"rendered":"http:\/\/www.miamibeachfl.gov\/city-hall\/finance\/passport-information\/"},"modified":"2026-03-16T13:27:55","modified_gmt":"2026-03-16T17:27:55","slug":"passport-information","status":"publish","type":"page","link":"https:\/\/www.miamibeachfl.gov\/ht\/city-hall\/finance\/passport-information\/","title":{"rendered":"Enf\u00f2masyon sou Pasp\u00f2"},"content":{"rendered":"<img decoding=\"async\" src=\"https:\/\/www.miamibeachfl.gov\/wp-content\/uploads\/2022\/07\/hero-small.jpg\" alt=\"ocean drive art deco buildings\" itemprop=\"image\" height=\"211\" width=\"2395\" title=\"ewo-piti\" onerror=\"this.style.display='none'\" loading=\"lazy\" \/>\n<h1>\n\t\t\tEnf\u00f2masyon sou pasp\u00f2\t<\/h1>\n\t<nav id=\"breadcrumbs\" aria-label=\"Pen griye\"><a href=\"https:\/\/www.miamibeachfl.gov\/ht\/\">Lakay<\/a> &gt; <a href=\"https:\/\/www.miamibeachfl.gov\/ht\/city-hall\/\">Lakou Vil la<\/a> &gt; <a href=\"https:\/\/www.miamibeachfl.gov\/ht\/city-hall\/finance\/\">Finans<\/a> &gt; <strong>Enf\u00f2masyon sou Pasp\u00f2<\/strong><\/nav><h2>\n\t\t\tPou kesyon sou s\u00e8vis kliyan, tanpri rele liy prensipal nou an nan 305.673.7420, Lendi jiska Vandredi soti 8:30 am pou rive 6:00 pm oubyen voye yon im\u00e8l ba nou nan <a href=\"mailto: mbhelp@miamibeachfl.gov\">mbhelp@miamibeachfl.gov <\/a>\t<\/h2>\n\t<a title=\"\/byen\/0\/58\/98\/1198\/3670ee64-268d-4aa1-972a-5209ff970ec3.jpg\" href=\"#\"><img decoding=\"async\" title=\"\/byen\/0\/58\/98\/1198\/3670ee64-268d-4aa1-972a-5209ff970ec3.jpg\" src=\"\/wp-content\/uploads\/2017\/08\/thumb_3670ee64-268d-4aa1-972a-5209ff970ec3.jpg\" alt=\"\/assets\/0\/58\/98\/1198\/3670ee64-268d-4aa1-972a-5209ff970ec3.jpg\" \/><\/a>\u00a0 <b><br \/>\n<\/b>\n<p>Sant S\u00e8vis Kliyan an ouv\u00e8 (lendi 8:30 am \u2013 1:30 pm) pou kliyan Pasp\u00f2 yo anvan <em><strong>randevou s\u00e8lman.<\/strong><\/em>\u00a0<a href=\"https:\/\/miamibeachfl.qmatic.io\/booking\/singlebooking\/serviceselection\">Pou pran yon randevou, tanpri klike la a.<\/a><\/p>\n<p>Pou yon videyo sou kijan pou aplike pou yon pasp\u00f2 nan Miami Beach <a href=\"https:\/\/www.youtube.com\/watch?v=B_RbwwS5250\"><strong>klike la a.<\/strong><\/a><\/p>\n<b>Renouv\u00e8lman Pasp\u00f2:<\/b><br \/>\nTanpri sonje ke yo PA aksepte renouv\u00e8lman pasp\u00f2. REMAK: Pasp\u00f2 yo bay min\u00e8 yo pa konsidere k\u00f2m renouv\u00e8lman. Nan ka sa a, ou dwe soum\u00e8t yon nouvo aplikasyon DS-11.\n<b>Dokiman Pasp\u00f2 ki Neses\u00e8:<\/b><br \/>\nF\u00f2m Pasp\u00f2 Ameriken an ranpli ak lank nwa s\u00e8lman. Tanpri pa siyen aplikasyon pasp\u00f2 a jiskaske Ajan Akseptasyon an mande w pou w f\u00e8 sa. F\u00f2m pasp\u00f2 yo disponib nan Biwo nou an oswa sou ent\u00e8n\u00e8t atrav\u00e8\u00a0<a title=\"Sitw\u00e8b Depatman Deta Etazini an.\" href=\"http:\/\/travel.state.gov\/passport\/forms\/forms_847.html\" target=\"_blank\" rel=\"noopener noreferrer\">Sitw\u00e8b Depatman Deta Etazini an.<\/a>\n<ul>\n<li>Tout moun k ap aplike pou pasp\u00f2 dwe prezante an p\u00e8s\u00f2n, menm min\u00e8 yo.<\/li>\n<li>Kandida yo dwe soum\u00e8t pr\u00e8v sitway\u00e8nte ameriken l\u00e8 y ap aplike.\n<ul>\n<li>Si ou f\u00e8t Ozetazini, pr\u00e8v sitway\u00e8nte a ka sou f\u00f2m yon<br \/>\nKopi s\u00e8tifye yon s\u00e8tifika nesans ameriken oswa yon s\u00e8tifika nesans ameriken ki te deja soti.<br \/>\nLiv oswa Kat Pasp\u00f2. (Pou enf\u00f2masyon sou kijan pou jwenn yon Kopi S\u00e8tifye yon Kat Nesans)<br \/>\nS\u00e8tifika tanpri <a title=\"klike la a\" href=\"http:\/\/www.cdc.gov\/nchs\/w2w.htm\" target=\"_blank\" rel=\"noopener noreferrer\">klike la a<\/a>)<\/li>\n<li>Kandida ki f\u00e8t aletranje ka soum\u00e8t yon S\u00e8tifika Natiralizasyon, yon S\u00e8tifika Konsil\u00e8<br \/>\nRap\u00f2 nesans aletranje, oubyen yon liv oswa kat pasp\u00f2 ameriken ki te deja soti.<\/li>\n<li>Aplikan ki f\u00e8t nan P\u00f2toriken yo ka itilize s\u00e8tifika nesans yo k\u00f2m pr\u00e8v<br \/>\nSitway\u00e8nte osi lontan ke yo te delivre yo nan oswa apre 1ye Jiy\u00e8 2010.<\/li>\n<\/ul>\n&nbsp;<\/li>\n<li>Tout aplikan yo dwe prezante yon py\u00e8s idantite ki valab.<br \/>\nDokiman sa yo akseptab k\u00f2m f\u00f2m idantifikasyon:\n<ul>\n<li>Lisans chof\u00e8 valab<\/li>\n<li>Kat Idantifikasyon Milit\u00e8 Ameriken Ofisy\u00e8l<\/li>\n<li>Kat Idantifikasyon Anplwaye Gouv\u00e8nman an<\/li>\n<li>Pasp\u00f2 etranje valab<\/li>\n<li>Lisans Pil\u00f2t FAA a<\/li>\n<\/ul>\n&nbsp;<\/li>\n<li>Yon foto pasp\u00f2. Tout foto pasp\u00f2 yo dwe satisf\u00e8 kondisyon yo.<br \/>\nkrit\u00e8 sa yo:\n<ul>\n<li>Nan koul\u00e8<\/li>\n<li>2 x 2 pous nan gwos\u00e8<\/li>\n<li>Pran nan 6 d\u00e8nye mwa yo, ki montre aparans akty\u00e8l la<\/li>\n<li>Vi konpl\u00e8 sou figi a, devan<\/li>\n<li>Sou yon fon blan plenn oswa blan kase<\/li>\n<li>Foto a dwe pran nan rad n\u00f2mal lari a.<\/li>\n<\/ul>\n&nbsp;<\/li>\n<li><strong>Min\u00e8<\/strong><br \/>\nTout timoun k\u00e8lkeswa laj yo, ki gen ladan tibebe ki f\u00e8k f\u00e8t ak tibebe<br \/>\ndwe prezan l\u00e8 w ap aplike pou yon pasp\u00f2 ameriken. Pou egzekite aplikasyon an<br \/>\nSi yon min\u00e8 rive, toulede paran yo dwe par\u00e8t av\u00e8k min\u00e8 a epi soum\u00e8t:<\/li>\n<\/ul>\n<ul>\n<li><a title=\"F\u00f2m DS-11\" href=\"http:\/\/travel.state.gov\/passport\/forms\/ds11\/ds11_842.html\" target=\"_blank\" rel=\"noopener noreferrer\">F\u00f2m DS-11<\/a>\u00a0ranpli an nwa s\u00e8lman, tanpri pa siyen<br \/>\nF\u00f2m<\/li>\n<li>Tout aplikan ki poko gen 18 an dwe prezante yon dokiman nesans orijinal.<br \/>\nS\u00e8tifika. (Si ou f\u00e8t andey\u00f2 Etazini, ou bezwen yon kopi tradui tou)<\/li>\n<li>Pr\u00e8v sitway\u00e8nte ameriken min\u00e8 a (kopi s\u00e8tifye yon dokiman nesans)<br \/>\nS\u00e8tifika, Rap\u00f2 Nesans Aletranje oswa Pasp\u00f2 ki te deja soti nan Etazini oswa<br \/>\nKat)<\/li>\n<li>Pr\u00e8v relasyon paran (Orijinal oswa kopi s\u00e8tifye yon dokiman nesans)<br \/>\nS\u00e8tifika, Desizyon Adopsyon S\u00e8tifye, L\u00f2d Tribinal S\u00e8tifye. N\u00f2t: Dokiman<br \/>\ndwe tradui si li nan yon l\u00f2t lang apa angle)<\/li>\n<li>Idantifikasyon p\u00e8son\u00e8l paran yo ak foto<\/li>\n<li>Yon foto pasp\u00f2 min\u00e8 a<\/li>\n<li>Si se yon s\u00e8l paran ki prezan, konsantman notarye dezy\u00e8m paran an\u00a0<a title=\"(F\u00f2m DS-3053)\" href=\"http:\/\/travel.state.gov\/passport\/forms\/ds3053\/ds3053_846.html\" target=\"_blank\" rel=\"noopener noreferrer\">(F\u00f2m DS-3053)<\/a> dwe soum\u00e8t ak yon fotokopi py\u00e8s idantite li<br \/>\n(devan\/d\u00e8y\u00e8)<\/li>\n<li>Min\u00e8 ki gen 16 oswa 17 an dwe prezante yon idantifikasyon, gen youn nan paran yo prezan epi<br \/>\nmontre pr\u00e8v relasyon paran an.<\/li>\n<\/ul>\n<p><b>FR\u00c8 PASP\u00d2<\/b><\/p>\n<b>S\u00c8VIS ROUTIN (4-6 sem\u00e8n)<\/b><br \/>\n<b>Pou aplikan ki gen 16 an oswa plis:<\/b>\n<ul type=\"square\">\n<li>Fr\u00e8 pasp\u00f2 $130 peyab a Depatman Deta Ameriken an atrav\u00e8 ch\u00e8k oswa manda lajan.<\/li>\n<li>$35 anplis pou fr\u00e8 ekzekisyon an lajan kach, ch\u00e8k oswa kat kredi, peyab a Vil Miami Beach<\/li>\n<\/ul>\n<p><b>Pou aplikan ki poko gen 16 an:<\/b><\/p>\n<ul type=\"square\">\n<li>Fr\u00e8 pasp\u00f2 $100 la peyab a Depatman Deta Ameriken an atrav\u00e8 ch\u00e8k oswa manda lajan.<\/li>\n<li>$35 anplis pou ekzekisyon an lajan kach, kat kredi oswa ch\u00e8k, peyab a Vil Miami Beach<\/li>\n<\/ul>\n<p><b>S\u00e8vis rapid (2-3 sem\u00e8n)<\/b><\/p>\n<p><b>LIV PASP\u00d2 AMERIKEN<\/b><\/p>\n<ul type=\"square\">\n<li>S\u00e8vis Akselere pou Adilt = $130 + $60 = $190 peyab a Depatman Deta Etazini atrav\u00e8 ch\u00e8k oswa manda lajan.<\/li>\n<li>S\u00e8vis Akselere pou Min\u00e8 = $100 + $60= $160 peyab a Depatman Deta Etazini atrav\u00e8 ch\u00e8k oswa manda lajan<\/li>\n<li>Pou livrezon opsyon\u00e8l lannwit lan nan Depatman Deta Etazini = $26.95 an lajan kach, kat kredi oswa ch\u00e8k peyab a Vil Miami Beach<\/li>\n<li>Pou livrezon pasp\u00f2 ou a nan 1-3 jou, si ou vle, lakay ou = $22.05 pou Depatman Deta Ameriken an atrav\u00e8 ch\u00e8k oswa manda lajan.<\/li>\n<li>Ou ka s\u00e8lman itilize kat pasp\u00f2 ameriken pou vwayaje sou t\u00e8 ak sou lanm\u00e8 ant Etazini ak Kanada, Meksik, Karayib la ak Bermuda. Ou pa ka itilize kat pasp\u00f2 ameriken an pou vwayaje nan avyon.<\/li>\n<\/ul>\n<p><strong>**Kat pasp\u00f2 yo koute $30.00 anplis pou granmoun ak $15.00 pou timoun**<\/strong><\/p>\n<strong>Fr\u00e8 pou foto pasp\u00f2:<br \/>\n<\/strong>Fr\u00e8 foto pasp\u00f2 $12 peyab an lajan kach, kat kredi oswa ch\u00e8k, peyab a Vil Miami Beach\n<p><b>Enf\u00f2masyon Anplis:<\/b><\/p>\n<p>Gen de kalite randevou rapid: <a title=\"Enf\u00f2masyon sou s\u00e8vis lavi oswa lanm\u00f2\" href=\"https:\/\/travel.state.gov\/content\/travel\/en\/passports\/get-fast\/emergencies.html\"><strong>S\u00e8vis Ijans pou Lavi oswa Lanm\u00f2<\/strong><\/a>\u00a0epi\u00a0<strong><a title=\"Paj Ajans ak Sant\" href=\"https:\/\/travel.state.gov\/content\/travel\/en\/passports\/get-fast\/passport-agencies.html\">S\u00e8vis Vwayaj Ijan<\/a><\/strong>Ou pa ka vini san randevou. Pa gen okenn fr\u00e8 pou pran yon randevou nan yon Ajans oswa yon Sant Pasp\u00f2.<\/p>\n<p>Ou ka s\u00e8lman pran yon randevou l\u00e8 w rele\u00a0<a title=\"Nimewo Telef\u00f2n Sant Enf\u00f2masyon Pasp\u00f2 Nasyonal la\" href=\"tel:18774872778\"><strong>1-877-487-2778<\/strong><\/a>Si ou soud oswa ou gen pwobl\u00e8m pou tande, rele\u00a0<a title=\"NPIC TDD\/TTY\" href=\"tel:18888747793\"><strong>1-888-874-7793<\/strong><\/a>\u00a0pou s\u00e8vis teletip TDD\/TTY.<\/p>\n<p>Ou pa ka transfere randevou ou a bay yon l\u00f2t kliyan.\u00a0<a title=\"Enf\u00f2masyon sou Ajans Pasp\u00f2 a\" href=\"https:\/\/travel.state.gov\/content\/travel\/en\/passports\/get-fast\/passport-agencies.html\" target=\"_blank\" rel=\"noopener\"><strong>Aprann plis<\/strong><\/a>\u00a0sou chanjman sa a pou f\u00e8 li pi fasil pou ou pran yon randevou.<\/p>\n<p>Biwo Pasp\u00f2 Miami a sitiye nan 1501 Biscayne Boulevard, Suite 400, Miami, Florid, 33132. Ou dwe montre pr\u00e8v vwayaj ou ak yon l\u00e8t ki soti nan Lopital la oswa Salon fineray la.<\/p>\n<p><b>Sit ent\u00e8n\u00e8t enteresan:<\/b> Pou enf\u00f2masyon sou pasp\u00f2, vwayaj, viza, oswa s\u00e8vis imigrasyon ak natiralizasyon: <strong><a title=\"http:\/\/www.travel.state.gov\" href=\"http:\/\/www.travel.state.gov\" target=\"_blank\" rel=\"noopener noreferrer\">http:\/\/www.travel.state.gov<\/a> <\/strong>oswa im\u00e8l <strong><a title=\"NPIC@state.gov\" href=\"mailto:NPIC@state.gov\" target=\"_blank\" rel=\"noopener noreferrer\">NPIC@state.gov<\/a><\/strong><\/p>\n<p>Estatistik Vital: <strong><a title=\"http:\/\/www.vitalcheck.com\" href=\"https:\/\/www.vitalchek.com\/v\/\" target=\"_blank\" rel=\"noopener noreferrer\">www.vitalcheck.com<\/a><\/strong><\/p>\n\t\tNavige pou ale nan\u2026\t\t\t\n\t\t\t\t\t<ul id=\"menu-finance-old\"><li id=\"menu-item-364725\"><a href=\"\/ht\/city-hall\/finance\/administration\/\">Administrasyon<\/a><\/li>\n<li id=\"menu-item-364726\"><a href=\"\/ht\/city-hall\/finance\/business-tax-receipts-btr\/\">Resi Tak Biznis, S\u00e8tifika Itilizasyon, ak Enspeksyon Dife Any\u00e8l<\/a><\/li>\n<li id=\"menu-item-364727\"><a href=\"\/ht\/city-hall\/finance\/filepay-resort-tax\/\">Ranpli\/Peye Taks Rezidansy\u00e8l<\/a><\/li>\n<li id=\"menu-item-364728\"><a href=\"\/ht\/city-hall\/finance\/financial-documents\/\">Rap\u00f2 Finansye yo<\/a><\/li>\n<li id=\"menu-item-364729\"><a href=\"\/ht\/city-hall\/finance\/general-ledger\/\">S\u00e8vis Finansye<\/a><\/li>\n<li id=\"menu-item-364730\"><a href=\"\/ht\/city-hall\/finance\/grants-management\/\">Jesyon Sibvansyon<\/a><\/li>\n<li id=\"menu-item-364731\"><a href=\"\/ht\/city-hall\/finance\/passport-information\/\">Enf\u00f2masyon sou Pasp\u00f2<\/a><\/li>\n<li id=\"menu-item-364732\"><a href=\"\/ht\/city-hall\/finance\/pay-city-bill\/\">Peye b\u00f2dwo vil la<\/a><\/li>\n<\/ul>\t\n\t<div class=\"page-navigation\"><a class=\"prev-page\" href=\"https:\/\/www.miamibeachfl.gov\/ht\/city-hall\/finance\/pay-city-bill\/\">\u2190 Peye b\u00f2dwo vil la<\/a> <a class=\"next-page\" href=\"https:\/\/www.miamibeachfl.gov\/ht\/city-hall\/finance\/general-ledger\/\">S\u00e8vis Finansye \u2192<\/a><\/div>","protected":false},"excerpt":{"rendered":"<p>Passport information Home &gt; City Hall &gt; Finance &gt; Passport Information For customer service questions, please call our main line [&hellip;]<\/p>\n","protected":false},"author":222,"featured_media":0,"parent":28259,"menu_order":260,"comment_status":"closed","ping_status":"closed","template":"","meta":{"_searchwp_excluded":"","site-sidebar-layout":"default","site-content-layout":"","ast-site-content-layout":"default","site-content-style":"default","site-sidebar-style":"default","ast-global-header-display":"","ast-banner-title-visibility":"","ast-main-header-display":"","ast-hfb-above-header-display":"","ast-hfb-below-header-display":"","ast-hfb-mobile-header-display":"","site-post-title":"","ast-breadcrumbs-content":"","ast-featured-img":"","footer-sml-layout":"","theme-transparent-header-meta":"","adv-header-id-meta":"","stick-header-meta":"","header-above-stick-meta":"","header-main-stick-meta":"","header-below-stick-meta":"","astra-migrate-meta-layouts":"default","ast-page-background-enabled":"default","ast-page-background-meta":{"desktop":{"background-color":"var(--ast-global-color-5)","background-image":"","background-repeat":"repeat","background-position":"center center","background-size":"auto","background-attachment":"scroll","background-type":"","background-media":"","overlay-type":"","overlay-color":"","overlay-opacity":"","overlay-gradient":""},"tablet":{"background-color":"","background-image":"","background-repeat":"repeat","background-position":"center center","background-size":"auto","background-attachment":"scroll","background-type":"","background-media":"","overlay-type":"","overlay-color":"","overlay-opacity":"","overlay-gradient":""},"mobile":{"background-color":"","background-image":"","background-repeat":"repeat","background-position":"center center","background-size":"auto","background-attachment":"scroll","background-type":"","background-media":"","overlay-type":"","overlay-color":"","overlay-opacity":"","overlay-gradient":""}},"ast-content-background-meta":{"desktop":{"background-color":"var(--ast-global-color-4)","background-image":"","background-repeat":"repeat","background-position":"center center","background-size":"auto","background-attachment":"scroll","background-type":"","background-media":"","overlay-type":"","overlay-color":"","overlay-opacity":"","overlay-gradient":""},"tablet":{"background-color":"var(--ast-global-color-4)","background-image":"","background-repeat":"repeat","background-position":"center center","background-size":"auto","background-attachment":"scroll","background-type":"","background-media":"","overlay-type":"","overlay-color":"","overlay-opacity":"","overlay-gradient":""},"mobile":{"background-color":"var(--ast-global-color-4)","background-image":"","background-repeat":"repeat","background-position":"center center","background-size":"auto","background-attachment":"scroll","background-type":"","background-media":"","overlay-type":"","overlay-color":"","overlay-opacity":"","overlay-gradient":""}},"footnotes":""},"categories":[],"tags":[],"class_list":["post-28267","page","type-page","status-publish","hentry"],"yoast_head":"<!-- This site is optimized with the Yoast SEO Premium plugin v27.4 (Yoast SEO v27.4) - https:\/\/yoast.com\/product\/yoast-seo-premium-wordpress\/ -->\n<title>Passport Information - City of Miami Beach<\/title>\n<meta name=\"description\" content=\"Please note that Passport Renewals are NOT accepted. NOTE: Passports issued to minors are not considered renewals. In this case, you must submit a new DS-11 application. Passport\" \/>\n<meta name=\"robots\" content=\"index, follow, max-snippet:-1, max-image-preview:large, max-video-preview:-1\" \/>\n<link rel=\"canonical\" href=\"https:\/\/www.miamibeachfl.gov\/ht\/city-hall\/finance\/passport-information\/\" \/>\n<meta property=\"og:locale\" content=\"ht_HT\" \/>\n<meta property=\"og:type\" content=\"article\" \/>\n<meta property=\"og:title\" content=\"Passport Information\" \/>\n<meta property=\"og:description\" content=\"Please note that Passport Renewals are NOT accepted. NOTE: Passports issued to minors are not considered renewals. In this case, you must submit a new DS-11 application. Passport\" \/>\n<meta property=\"og:url\" content=\"https:\/\/www.miamibeachfl.gov\/ht\/city-hall\/finance\/passport-information\/\" \/>\n<meta property=\"og:site_name\" content=\"City of Miami Beach\" \/>\n<meta property=\"article:publisher\" content=\"https:\/\/www.facebook.com\/cityofmiamibeach\" \/>\n<meta property=\"article:modified_time\" content=\"2026-03-16T17:27:55+00:00\" \/>\n<meta property=\"og:image\" content=\"https:\/\/www.miamibeachfl.gov\/wp-content\/uploads\/2022\/07\/hero-small.jpg\" \/>\n<meta name=\"twitter:card\" content=\"summary_large_image\" \/>\n<meta name=\"twitter:site\" content=\"@Miamibeachnews\" \/>\n<script type=\"application\/ld+json\" class=\"yoast-schema-graph\">{\"@context\":\"https:\\\/\\\/schema.org\",\"@graph\":[{\"@type\":\"WebPage\",\"@id\":\"https:\\\/\\\/www.miamibeachfl.gov\\\/city-hall\\\/finance\\\/passport-information\\\/\",\"url\":\"https:\\\/\\\/www.miamibeachfl.gov\\\/city-hall\\\/finance\\\/passport-information\\\/\",\"name\":\"Passport Information - City of Miami Beach\",\"isPartOf\":{\"@id\":\"https:\\\/\\\/www.miamibeachfl.gov\\\/#website\"},\"primaryImageOfPage\":{\"@id\":\"https:\\\/\\\/www.miamibeachfl.gov\\\/city-hall\\\/finance\\\/passport-information\\\/#primaryimage\"},\"image\":{\"@id\":\"https:\\\/\\\/www.miamibeachfl.gov\\\/city-hall\\\/finance\\\/passport-information\\\/#primaryimage\"},\"thumbnailUrl\":\"https:\\\/\\\/www.miamibeachfl.gov\\\/wp-content\\\/uploads\\\/2022\\\/07\\\/hero-small.jpg\",\"datePublished\":\"2017-08-11T00:02:32+00:00\",\"dateModified\":\"2026-03-16T17:27:55+00:00\",\"description\":\"Please note that Passport Renewals are NOT accepted. NOTE: Passports issued to minors are not considered renewals. In this case, you must submit a new DS-11 application. Passport\",\"breadcrumb\":{\"@id\":\"https:\\\/\\\/www.miamibeachfl.gov\\\/city-hall\\\/finance\\\/passport-information\\\/#breadcrumb\"},\"inLanguage\":\"ht\",\"potentialAction\":[{\"@type\":\"ReadAction\",\"target\":[\"https:\\\/\\\/www.miamibeachfl.gov\\\/city-hall\\\/finance\\\/passport-information\\\/\"]}]},{\"@type\":\"ImageObject\",\"inLanguage\":\"ht\",\"@id\":\"https:\\\/\\\/www.miamibeachfl.gov\\\/city-hall\\\/finance\\\/passport-information\\\/#primaryimage\",\"url\":\"https:\\\/\\\/www.miamibeachfl.gov\\\/wp-content\\\/uploads\\\/2022\\\/07\\\/hero-small.jpg\",\"contentUrl\":\"https:\\\/\\\/www.miamibeachfl.gov\\\/wp-content\\\/uploads\\\/2022\\\/07\\\/hero-small.jpg\"},{\"@type\":\"BreadcrumbList\",\"@id\":\"https:\\\/\\\/www.miamibeachfl.gov\\\/city-hall\\\/finance\\\/passport-information\\\/#breadcrumb\",\"itemListElement\":[{\"@type\":\"ListItem\",\"position\":1,\"name\":\"Home\",\"item\":\"https:\\\/\\\/www.miamibeachfl.gov\\\/\"},{\"@type\":\"ListItem\",\"position\":2,\"name\":\"City Hall\",\"item\":\"https:\\\/\\\/www.miamibeachfl.gov\\\/city-hall\\\/\"},{\"@type\":\"ListItem\",\"position\":3,\"name\":\"Finance\",\"item\":\"https:\\\/\\\/www.miamibeachfl.gov\\\/city-hall\\\/finance\\\/\"},{\"@type\":\"ListItem\",\"position\":4,\"name\":\"Passport Information\"}]},{\"@type\":\"WebSite\",\"@id\":\"https:\\\/\\\/www.miamibeachfl.gov\\\/#website\",\"url\":\"https:\\\/\\\/www.miamibeachfl.gov\\\/\",\"name\":\"City of Miami Beach\",\"description\":\"The official website of the City of Miami Beach. Stay informed, find important information on city services, news, alerts, events, trolley routes, government employment and more.\",\"publisher\":{\"@id\":\"https:\\\/\\\/www.miamibeachfl.gov\\\/#organization\"},\"potentialAction\":[{\"@type\":\"SearchAction\",\"target\":{\"@type\":\"EntryPoint\",\"urlTemplate\":\"https:\\\/\\\/www.miamibeachfl.gov\\\/?s={search_term_string}\"},\"query-input\":{\"@type\":\"PropertyValueSpecification\",\"valueRequired\":true,\"valueName\":\"search_term_string\"}}],\"inLanguage\":\"ht\"},{\"@type\":\"Organization\",\"@id\":\"https:\\\/\\\/www.miamibeachfl.gov\\\/#organization\",\"name\":\"City of Miami Beach\",\"url\":\"https:\\\/\\\/www.miamibeachfl.gov\\\/\",\"logo\":{\"@type\":\"ImageObject\",\"inLanguage\":\"ht\",\"@id\":\"https:\\\/\\\/www.miamibeachfl.gov\\\/#\\\/schema\\\/logo\\\/image\\\/\",\"url\":\"https:\\\/\\\/www.miamibeachfl.gov\\\/wp-content\\\/uploads\\\/2022\\\/06\\\/miamibeach-logoblue.png\",\"contentUrl\":\"https:\\\/\\\/www.miamibeachfl.gov\\\/wp-content\\\/uploads\\\/2022\\\/06\\\/miamibeach-logoblue.png\",\"width\":1962,\"height\":381,\"caption\":\"City of Miami Beach\"},\"image\":{\"@id\":\"https:\\\/\\\/www.miamibeachfl.gov\\\/#\\\/schema\\\/logo\\\/image\\\/\"},\"sameAs\":[\"https:\\\/\\\/www.facebook.com\\\/cityofmiamibeach\",\"https:\\\/\\\/x.com\\\/Miamibeachnews\",\"https:\\\/\\\/www.instagram.com\\\/miamibeachnews\\\/\"],\"description\":\"The official website of the City of Miami Beach. Stay informed, find important information on city services, news, alerts, events, trolley routes, government employment and more.\",\"telephone\":\"305.604.CITY(2489)\",\"legalName\":\"City of Miami Beach\"}]}<\/script>\n<!-- \/ Yoast SEO Premium plugin. -->","yoast_head_json":{"title":"Enf\u00f2masyon sou Pasp\u00f2 - Vil Miami Beach","description":"Tanpri sonje ke yo PA aksepte renouv\u00e8lman pasp\u00f2. REMAK: Pasp\u00f2 yo bay min\u00e8 yo pa konsidere k\u00f2m renouv\u00e8lman. Nan ka sa a, ou dwe soum\u00e8t yon nouvo aplikasyon DS-11. Pasp\u00f2","robots":{"index":"index","follow":"follow","max-snippet":"max-snippet:-1","max-image-preview":"max-image-preview:large","max-video-preview":"max-video-preview:-1"},"canonical":"https:\/\/www.miamibeachfl.gov\/ht\/city-hall\/finance\/passport-information\/","og_locale":"ht_HT","og_type":"article","og_title":"Passport Information","og_description":"Please note that Passport Renewals are NOT accepted. NOTE: Passports issued to minors are not considered renewals. In this case, you must submit a new DS-11 application. Passport","og_url":"https:\/\/www.miamibeachfl.gov\/ht\/city-hall\/finance\/passport-information\/","og_site_name":"City of Miami Beach","article_publisher":"https:\/\/www.facebook.com\/cityofmiamibeach","article_modified_time":"2026-03-16T17:27:55+00:00","og_image":[{"url":"https:\/\/www.miamibeachfl.gov\/wp-content\/uploads\/2022\/07\/hero-small.jpg","type":"","width":"","height":""}],"twitter_card":"summary_large_image","twitter_site":"@Miamibeachnews","schema":{"@context":"https:\/\/schema.org","@graph":[{"@type":"WebPage","@id":"https:\/\/www.miamibeachfl.gov\/city-hall\/finance\/passport-information\/","url":"https:\/\/www.miamibeachfl.gov\/city-hall\/finance\/passport-information\/","name":"Enf\u00f2masyon sou Pasp\u00f2 - Vil Miami Beach","isPartOf":{"@id":"https:\/\/www.miamibeachfl.gov\/#website"},"primaryImageOfPage":{"@id":"https:\/\/www.miamibeachfl.gov\/city-hall\/finance\/passport-information\/#primaryimage"},"image":{"@id":"https:\/\/www.miamibeachfl.gov\/city-hall\/finance\/passport-information\/#primaryimage"},"thumbnailUrl":"https:\/\/www.miamibeachfl.gov\/wp-content\/uploads\/2022\/07\/hero-small.jpg","datePublished":"2017-08-11T00:02:32+00:00","dateModified":"2026-03-16T17:27:55+00:00","description":"Tanpri sonje ke yo PA aksepte renouv\u00e8lman pasp\u00f2. REMAK: Pasp\u00f2 yo bay min\u00e8 yo pa konsidere k\u00f2m renouv\u00e8lman. Nan ka sa a, ou dwe soum\u00e8t yon nouvo aplikasyon DS-11. Pasp\u00f2","breadcrumb":{"@id":"https:\/\/www.miamibeachfl.gov\/city-hall\/finance\/passport-information\/#breadcrumb"},"inLanguage":"ht","potentialAction":[{"@type":"ReadAction","target":["https:\/\/www.miamibeachfl.gov\/city-hall\/finance\/passport-information\/"]}]},{"@type":"ImageObject","inLanguage":"ht","@id":"https:\/\/www.miamibeachfl.gov\/city-hall\/finance\/passport-information\/#primaryimage","url":"https:\/\/www.miamibeachfl.gov\/wp-content\/uploads\/2022\/07\/hero-small.jpg","contentUrl":"https:\/\/www.miamibeachfl.gov\/wp-content\/uploads\/2022\/07\/hero-small.jpg"},{"@type":"BreadcrumbList","@id":"https:\/\/www.miamibeachfl.gov\/city-hall\/finance\/passport-information\/#breadcrumb","itemListElement":[{"@type":"ListItem","position":1,"name":"Home","item":"https:\/\/www.miamibeachfl.gov\/"},{"@type":"ListItem","position":2,"name":"City Hall","item":"https:\/\/www.miamibeachfl.gov\/city-hall\/"},{"@type":"ListItem","position":3,"name":"Finance","item":"https:\/\/www.miamibeachfl.gov\/city-hall\/finance\/"},{"@type":"ListItem","position":4,"name":"Passport Information"}]},{"@type":"WebSite","@id":"https:\/\/www.miamibeachfl.gov\/#website","url":"https:\/\/www.miamibeachfl.gov\/","name":"Vil Miami Beach","description":"Sitw\u00e8b ofisy\u00e8l Vil Miami Beach la. Rete enf\u00f2me, jwenn enf\u00f2masyon enp\u00f2tan sou s\u00e8vis vil la, nouv\u00e8l, al\u00e8t, ev\u00e8nman, wout tramway, travay gouv\u00e8nman an ak plis ank\u00f2.","publisher":{"@id":"https:\/\/www.miamibeachfl.gov\/#organization"},"potentialAction":[{"@type":"SearchAction","target":{"@type":"EntryPoint","urlTemplate":"https:\/\/www.miamibeachfl.gov\/?s={search_term_string}"},"query-input":{"@type":"PropertyValueSpecification","valueRequired":true,"valueName":"search_term_string"}}],"inLanguage":"ht"},{"@type":"Organization","@id":"https:\/\/www.miamibeachfl.gov\/#organization","name":"Vil Miami Beach","url":"https:\/\/www.miamibeachfl.gov\/","logo":{"@type":"ImageObject","inLanguage":"ht","@id":"https:\/\/www.miamibeachfl.gov\/#\/schema\/logo\/image\/","url":"https:\/\/www.miamibeachfl.gov\/wp-content\/uploads\/2022\/06\/miamibeach-logoblue.png","contentUrl":"https:\/\/www.miamibeachfl.gov\/wp-content\/uploads\/2022\/06\/miamibeach-logoblue.png","width":1962,"height":381,"caption":"City of Miami Beach"},"image":{"@id":"https:\/\/www.miamibeachfl.gov\/#\/schema\/logo\/image\/"},"sameAs":["https:\/\/www.facebook.com\/cityofmiamibeach","https:\/\/x.com\/Miamibeachnews","https:\/\/www.instagram.com\/miamibeachnews\/"],"description":"Sitw\u00e8b ofisy\u00e8l Vil Miami Beach la. Rete enf\u00f2me, jwenn enf\u00f2masyon enp\u00f2tan sou s\u00e8vis vil la, nouv\u00e8l, al\u00e8t, ev\u00e8nman, wout tramway, travay gouv\u00e8nman an ak plis ank\u00f2.","telephone":"305.604.CITY(2489)","legalName":"City of Miami Beach"}]}},"_links":{"self":[{"href":"https:\/\/www.miamibeachfl.gov\/ht\/wp-json\/wp\/v2\/pages\/28267","targetHints":{"allow":["GET"]}}],"collection":[{"href":"https:\/\/www.miamibeachfl.gov\/ht\/wp-json\/wp\/v2\/pages"}],"about":[{"href":"https:\/\/www.miamibeachfl.gov\/ht\/wp-json\/wp\/v2\/types\/page"}],"author":[{"embeddable":true,"href":"https:\/\/www.miamibeachfl.gov\/ht\/wp-json\/wp\/v2\/users\/222"}],"replies":[{"embeddable":true,"href":"https:\/\/www.miamibeachfl.gov\/ht\/wp-json\/wp\/v2\/comments?post=28267"}],"version-history":[{"count":5,"href":"https:\/\/www.miamibeachfl.gov\/ht\/wp-json\/wp\/v2\/pages\/28267\/revisions"}],"predecessor-version":[{"id":397427,"href":"https:\/\/www.miamibeachfl.gov\/ht\/wp-json\/wp\/v2\/pages\/28267\/revisions\/397427"}],"up":[{"embeddable":true,"href":"https:\/\/www.miamibeachfl.gov\/ht\/wp-json\/wp\/v2\/pages\/28259"}],"wp:attachment":[{"href":"https:\/\/www.miamibeachfl.gov\/ht\/wp-json\/wp\/v2\/media?parent=28267"}],"wp:term":[{"taxonomy":"category","embeddable":true,"href":"https:\/\/www.miamibeachfl.gov\/ht\/wp-json\/wp\/v2\/categories?post=28267"},{"taxonomy":"post_tag","embeddable":true,"href":"https:\/\/www.miamibeachfl.gov\/ht\/wp-json\/wp\/v2\/tags?post=28267"}],"curies":[{"name":"wp","href":"https:\/\/api.w.org\/{rel}","templated":true}]}}