{"id":28271,"date":"2017-08-11T00:02:35","date_gmt":"2017-08-11T00:02:35","guid":{"rendered":"http:\/\/www.miamibeachfl.gov\/city-hall\/finance\/financial-documents\/management\/"},"modified":"2025-06-26T09:38:58","modified_gmt":"2025-06-26T13:38:58","slug":"management","status":"publish","type":"page","link":"https:\/\/www.miamibeachfl.gov\/ht\/city-hall\/finance\/financial-documents\/management\/","title":{"rendered":"Biwo Jesyon ak Bidj\u00e8"},"content":{"rendered":"<img decoding=\"async\" src=\"https:\/\/www.miamibeachfl.gov\/wp-content\/uploads\/2022\/07\/hero-small.jpg\" alt=\"ocean drive art deco buildings\" itemprop=\"image\" title=\"ewo-piti\" onerror=\"this.style.display='none'\" loading='lazy' \/>\n<h1>\n\t\t\tBiwo Jesyon ak Bidj\u00e8\t<\/h1>\n\t<nav id=\"breadcrumbs\" aria-label=\"Pen griye\"><a href=\"https:\/\/www.miamibeachfl.gov\/ht\/\">Lakay<\/a> &gt; <a href=\"https:\/\/www.miamibeachfl.gov\/ht\/city-hall\/\">Lakou Vil la<\/a> &gt; <a href=\"https:\/\/www.miamibeachfl.gov\/ht\/city-hall\/finance\/\">Finans<\/a> &gt; <a href=\"https:\/\/www.miamibeachfl.gov\/ht\/city-hall\/finance\/financial-documents\/\">Rap\u00f2 Finansye yo<\/a> &gt; <strong>Biwo Jesyon ak Bidj\u00e8<\/strong><\/nav>\n\t<h4><strong>BIWO JESTYON AK BIDJ\u00c8<\/strong><\/h4>\n<p>Biwo Jesyon ak Bidj\u00e8 a responsab pou asire estabilite finansy\u00e8 ak efikasite operasyon Vil la. Responsablite prensipal fonksyon sa a se devlopman, prezantasyon ak siveyans bidj\u00e8 any\u00e8l Vil la an ak\u00f2 ak egzijans Lwa Florid 200.065 yo, ke yo rele souvan Truth In Millage (TRIM).<\/p>\n<p><b><a title=\"Liv Bidj\u00e8 Pwopoze pou Ane Fiskal 08\/09\" href=\"http:\/\/old.miamibeachfl.gov\/docs\/08-09%20Proposed%20with%20bookmarks.pdf\" target=\"_blank\" rel=\"noopener\">Liv Bidj\u00e8 Pwopoze pou Ane Fiskal 08\/09<\/a><\/b>\u00a0(Akrobat)<\/p>\n<p><b><a title=\"Liv Bidj\u00e8 Adopte pou Ane Fiskal 07\/08 la\" href=\"http:\/\/old.miamibeachfl.gov\/docs\/07-08%20Adopted%20Budget%20web.pdf\" target=\"_blank\" rel=\"noopener\">Liv Bidj\u00e8 Adopte pou Ane Fiskal 07\/08 la<\/a><\/b>\u00a0(Akrobat)<\/p>\n<p><b><a title=\"Liv Bidj\u00e8 Adopte pou Ane Fiskal 06\/07\" href=\"http:\/\/old.miamibeachfl.gov\/docs\/2007%20adopted_web.pdf\" target=\"_blank\" rel=\"noopener\">Liv Bidj\u00e8 Adopte pou Ane Fiskal 06\/07<\/a><\/b>\u00a0(Akrobat)<\/p>\n<p><b><a title=\"Liv Bidj\u00e8 Adopte pou Ane Fiskal 05\/06\" href=\"http:\/\/old.miamibeachfl.gov\/docs\/2006%20ADOPTED.pdf\" target=\"_blank\" rel=\"noopener\">Liv Bidj\u00e8 Adopte pou Ane Fiskal 05\/06<\/a><\/b>\u00a0(Akrobat)<\/p>\n<p><b><a title=\"Liv Bidj\u00e8 Adopte pou Ane Fiskal 04\/05\" href=\"http:\/\/old.miamibeachfl.gov\/docs\/Adopted%20Budget%202005.pdf\" target=\"_blank\" rel=\"noopener\">Liv Bidj\u00e8 Adopte pou Ane Fiskal 04\/05<\/a><\/b>\u00a0(Akrobat)<\/p>\n<p><b><a title=\"Liv Bidj\u00e8 Adopte pou Ane Fiskal 03\/04 la\" href=\"http:\/\/old.miamibeachfl.gov\/docs\/ADOPTED%20Budget%20Book%202004.pdf\" target=\"_blank\" rel=\"noopener\">Liv Bidj\u00e8 Adopte pou Ane Fiskal 03\/04 la<\/a><\/b>\u00a0(Akrobat)<\/p>\n<p><b>Liv Bidj\u00e8 Adopte pou Ane Fiskal 02\/03<\/b>\u00a0Paj: <a title=\"1-74\" href=\"http:\/\/old.miamibeachfl.gov\/docs\/Adopted%20Budget%20Bk%20Pgs%201-100.pdf\" target=\"_blank\" rel=\"noopener\">1-74<\/a>,\u00a0<a title=\"75-173\" href=\"http:\/\/www.miamibeachfl.gov\/ht\/docs\/Adopted%20Budget%20Bk%20Pgs%20101-200.pdf\/\" target=\"_blank\" rel=\"noopener\">75-173<\/a>,\u00a0<a title=\"174-272\" href=\"http:\/\/old.miamibeachfl.gov\/docs\/Adopted%20Budget%20Bk%20Pgs%20201-300.pdf\" target=\"_blank\" rel=\"noopener\">174-272<\/a>, <a title=\"273-372\" href=\"http:\/\/old.miamibeachfl.gov\/docs\/Adopted%20Budget%20Bk%20Pgs%20301-400.pdf\" target=\"_blank\" rel=\"noopener\">273-372<\/a>,\u00a0<a title=\"373-467\" href=\"http:\/\/old.miamibeachfl.gov\/docs\/Adopted%20Budget%20Bk%20Pgs%20401-500.pdf\" target=\"_blank\" rel=\"noopener\">373-467<\/a>, <a title=\"468-565\" href=\"http:\/\/old.miamibeachfl.gov\/docs\/Adopted%20Budget%20Bk%20Pgs%20501-600.pdf\" target=\"_blank\" rel=\"noopener\">468-565<\/a>\u00a0(Akrobat)<\/p>\n<p><a title=\"Lyen\" href=\"http:\/\/www.gfoa.org\/\" target=\"_blank\" rel=\"noopener\"><img decoding=\"async\" title=\"Asosyasyon Ofisye Finans Gouv\u00e8nman an\" src=\"\/wp-content\/uploads\/2017\/09\/gfoa1.png\" alt=\"Goverment Finance Officers Association\" height=\"92\" \/><\/a><\/p>\n<p><b>Vil la onore ak yon prim distenge pou prezantasyon bidj\u00e8 \u2013 Asosyasyon Ofisye Finans Gouv\u00e8nman an (GFOA) te bay Vil Miami Beach prim distenge pou prezantasyon bidj\u00e8 li a.<\/b>\u00a0<b>pou ane 2003, 2004, 2005, 2006 ak 2007 yo<\/b>Sa reflete angajman \u00f2g\u00e0n gouv\u00e8nman an ak anplwaye yo pou respekte prensip ki pi wo yo nan bidj\u00e8 gouv\u00e8nman an. Moun ki resevwa prim yo se pyonye nan ef\u00f2 pou amelyore kalite bidj\u00e8 a epi yo bay yon ekselan egzanp pou l\u00f2t gouv\u00e8nman nan tout Amerik di N\u00f2.<\/p>\n\t\tNavige pou ale nan\u2026\t\t\t\n\t\t\t\t\t<ul id=\"menu-finance-reports\"><li id=\"menu-item-364745\"><a href=\"\/ht\/city-hall\/finance\/financial-documents\/comprehensive-annual-reports\/\">Rap\u00f2 Any\u00e8l yo<\/a><\/li>\n<li id=\"menu-item-364746\"><a href=\"\/ht\/city-hall\/finance\/financial-documents\/archive-financial-documents\/\">Achiv Dokiman Finansye yo<\/a><\/li>\n<li id=\"menu-item-364747\"><a href=\"\/ht\/city-hall\/finance\/financial-documents\/miami-beach-redevelopment-agency\/\">Ajans Redevlopman Miami Beach<\/a><\/li>\n<li id=\"menu-item-364748\"><a href=\"\/ht\/city-hall\/finance\/financial-documents\/management\/\">Biwo Jesyon ak Bidj\u00e8<\/a><\/li>\n<li id=\"menu-item-364749\"><a href=\"\/ht\/city-hall\/finance\/financial-documents\/single-audit-report\/\">Rap\u00f2 Odit Inik<\/a><\/li>\n<\/ul>\t\n\t<div class=\"page-navigation\"><a class=\"prev-page\" href=\"https:\/\/www.miamibeachfl.gov\/ht\/city-hall\/finance\/financial-documents\/2023-financial-reports\/\">\u2190 Rap\u00f2 finansye pou ane fiskal ki te fini 30 septanm 2023 la<\/a> <a class=\"next-page\" href=\"https:\/\/www.miamibeachfl.gov\/ht\/city-hall\/finance\/financial-documents\/archive-financial-documents\/\">Achiv Dokiman Finansye \u2192<\/a><\/div>","protected":false},"excerpt":{"rendered":"<p>Office Of Management &#038; Budget Home &gt; City Hall &gt; Finance &gt; Financial Reports &gt; Office Of Management &#038; Budget [&hellip;]<\/p>\n","protected":false},"author":222,"featured_media":0,"parent":385210,"menu_order":5,"comment_status":"closed","ping_status":"closed","template":"","meta":{"_searchwp_excluded":"","site-sidebar-layout":"default","site-content-layout":"","ast-site-content-layout":"default","site-content-style":"default","site-sidebar-style":"default","ast-global-header-display":"","ast-banner-title-visibility":"","ast-main-header-display":"","ast-hfb-above-header-display":"","ast-hfb-below-header-display":"","ast-hfb-mobile-header-display":"","site-post-title":"","ast-breadcrumbs-content":"","ast-featured-img":"","footer-sml-layout":"","theme-transparent-header-meta":"","adv-header-id-meta":"","stick-header-meta":"","header-above-stick-meta":"","header-main-stick-meta":"","header-below-stick-meta":"","astra-migrate-meta-layouts":"default","ast-page-background-enabled":"default","ast-page-background-meta":{"desktop":{"background-color":"var(--ast-global-color-5)","background-image":"","background-repeat":"repeat","background-position":"center center","background-size":"auto","background-attachment":"scroll","background-type":"","background-media":"","overlay-type":"","overlay-color":"","overlay-opacity":"","overlay-gradient":""},"tablet":{"background-color":"","background-image":"","background-repeat":"repeat","background-position":"center center","background-size":"auto","background-attachment":"scroll","background-type":"","background-media":"","overlay-type":"","overlay-color":"","overlay-opacity":"","overlay-gradient":""},"mobile":{"background-color":"","background-image":"","background-repeat":"repeat","background-position":"center center","background-size":"auto","background-attachment":"scroll","background-type":"","background-media":"","overlay-type":"","overlay-color":"","overlay-opacity":"","overlay-gradient":""}},"ast-content-background-meta":{"desktop":{"background-color":"var(--ast-global-color-4)","background-image":"","background-repeat":"repeat","background-position":"center center","background-size":"auto","background-attachment":"scroll","background-type":"","background-media":"","overlay-type":"","overlay-color":"","overlay-opacity":"","overlay-gradient":""},"tablet":{"background-color":"var(--ast-global-color-4)","background-image":"","background-repeat":"repeat","background-position":"center center","background-size":"auto","background-attachment":"scroll","background-type":"","background-media":"","overlay-type":"","overlay-color":"","overlay-opacity":"","overlay-gradient":""},"mobile":{"background-color":"var(--ast-global-color-4)","background-image":"","background-repeat":"repeat","background-position":"center center","background-size":"auto","background-attachment":"scroll","background-type":"","background-media":"","overlay-type":"","overlay-color":"","overlay-opacity":"","overlay-gradient":""}},"footnotes":""},"categories":[],"tags":[],"class_list":["post-28271","page","type-page","status-publish","hentry"],"yoast_head":"<!-- This site is optimized with the Yoast SEO Premium plugin v27.4 (Yoast SEO v27.4) - https:\/\/yoast.com\/product\/yoast-seo-premium-wordpress\/ -->\n<title>Office Of Management &amp; Budget - City of Miami Beach<\/title>\n<meta name=\"description\" content=\"%\" \/>\n<meta name=\"robots\" content=\"index, follow, max-snippet:-1, max-image-preview:large, max-video-preview:-1\" \/>\n<link rel=\"canonical\" href=\"https:\/\/www.miamibeachfl.gov\/ht\/city-hall\/finance\/financial-documents\/management\/\" \/>\n<meta property=\"og:locale\" content=\"ht_HT\" \/>\n<meta property=\"og:type\" content=\"article\" \/>\n<meta property=\"og:title\" content=\"Office Of Management &amp; Budget\" \/>\n<meta property=\"og:description\" content=\"%\" \/>\n<meta property=\"og:url\" content=\"https:\/\/www.miamibeachfl.gov\/ht\/city-hall\/finance\/financial-documents\/management\/\" \/>\n<meta property=\"og:site_name\" content=\"City of Miami Beach\" \/>\n<meta property=\"article:publisher\" content=\"https:\/\/www.facebook.com\/cityofmiamibeach\" \/>\n<meta property=\"article:modified_time\" content=\"2025-06-26T13:38:58+00:00\" \/>\n<meta property=\"og:image\" content=\"https:\/\/www.miamibeachfl.gov\/wp-content\/uploads\/2022\/07\/hero-small.jpg\" \/>\n<meta name=\"twitter:card\" content=\"summary_large_image\" \/>\n<meta name=\"twitter:site\" content=\"@Miamibeachnews\" \/>\n<script type=\"application\/ld+json\" class=\"yoast-schema-graph\">{\"@context\":\"https:\\\/\\\/schema.org\",\"@graph\":[{\"@type\":\"WebPage\",\"@id\":\"https:\\\/\\\/www.miamibeachfl.gov\\\/city-hall\\\/finance\\\/financial-documents\\\/management\\\/\",\"url\":\"https:\\\/\\\/www.miamibeachfl.gov\\\/city-hall\\\/finance\\\/financial-documents\\\/management\\\/\",\"name\":\"Office Of Management & Budget - City of Miami Beach\",\"isPartOf\":{\"@id\":\"https:\\\/\\\/www.miamibeachfl.gov\\\/#website\"},\"primaryImageOfPage\":{\"@id\":\"https:\\\/\\\/www.miamibeachfl.gov\\\/city-hall\\\/finance\\\/financial-documents\\\/management\\\/#primaryimage\"},\"image\":{\"@id\":\"https:\\\/\\\/www.miamibeachfl.gov\\\/city-hall\\\/finance\\\/financial-documents\\\/management\\\/#primaryimage\"},\"thumbnailUrl\":\"https:\\\/\\\/www.miamibeachfl.gov\\\/wp-content\\\/uploads\\\/2022\\\/07\\\/hero-small.jpg\",\"datePublished\":\"2017-08-11T00:02:35+00:00\",\"dateModified\":\"2025-06-26T13:38:58+00:00\",\"description\":\"%\",\"breadcrumb\":{\"@id\":\"https:\\\/\\\/www.miamibeachfl.gov\\\/city-hall\\\/finance\\\/financial-documents\\\/management\\\/#breadcrumb\"},\"inLanguage\":\"ht\",\"potentialAction\":[{\"@type\":\"ReadAction\",\"target\":[\"https:\\\/\\\/www.miamibeachfl.gov\\\/city-hall\\\/finance\\\/financial-documents\\\/management\\\/\"]}]},{\"@type\":\"ImageObject\",\"inLanguage\":\"ht\",\"@id\":\"https:\\\/\\\/www.miamibeachfl.gov\\\/city-hall\\\/finance\\\/financial-documents\\\/management\\\/#primaryimage\",\"url\":\"https:\\\/\\\/www.miamibeachfl.gov\\\/wp-content\\\/uploads\\\/2022\\\/07\\\/hero-small.jpg\",\"contentUrl\":\"https:\\\/\\\/www.miamibeachfl.gov\\\/wp-content\\\/uploads\\\/2022\\\/07\\\/hero-small.jpg\"},{\"@type\":\"BreadcrumbList\",\"@id\":\"https:\\\/\\\/www.miamibeachfl.gov\\\/city-hall\\\/finance\\\/financial-documents\\\/management\\\/#breadcrumb\",\"itemListElement\":[{\"@type\":\"ListItem\",\"position\":1,\"name\":\"Home\",\"item\":\"https:\\\/\\\/www.miamibeachfl.gov\\\/\"},{\"@type\":\"ListItem\",\"position\":2,\"name\":\"City Hall\",\"item\":\"https:\\\/\\\/www.miamibeachfl.gov\\\/city-hall\\\/\"},{\"@type\":\"ListItem\",\"position\":3,\"name\":\"Finance\",\"item\":\"https:\\\/\\\/www.miamibeachfl.gov\\\/city-hall\\\/finance\\\/\"},{\"@type\":\"ListItem\",\"position\":4,\"name\":\"Financial Reports\",\"item\":\"https:\\\/\\\/www.miamibeachfl.gov\\\/city-hall\\\/finance\\\/financial-documents\\\/\"},{\"@type\":\"ListItem\",\"position\":5,\"name\":\"Office Of Management &#038; Budget\"}]},{\"@type\":\"WebSite\",\"@id\":\"https:\\\/\\\/www.miamibeachfl.gov\\\/#website\",\"url\":\"https:\\\/\\\/www.miamibeachfl.gov\\\/\",\"name\":\"City of Miami Beach\",\"description\":\"The official website of the City of Miami Beach. Stay informed, find important information on city services, news, alerts, events, trolley routes, government employment and more.\",\"publisher\":{\"@id\":\"https:\\\/\\\/www.miamibeachfl.gov\\\/#organization\"},\"potentialAction\":[{\"@type\":\"SearchAction\",\"target\":{\"@type\":\"EntryPoint\",\"urlTemplate\":\"https:\\\/\\\/www.miamibeachfl.gov\\\/?s={search_term_string}\"},\"query-input\":{\"@type\":\"PropertyValueSpecification\",\"valueRequired\":true,\"valueName\":\"search_term_string\"}}],\"inLanguage\":\"ht\"},{\"@type\":\"Organization\",\"@id\":\"https:\\\/\\\/www.miamibeachfl.gov\\\/#organization\",\"name\":\"City of Miami Beach\",\"url\":\"https:\\\/\\\/www.miamibeachfl.gov\\\/\",\"logo\":{\"@type\":\"ImageObject\",\"inLanguage\":\"ht\",\"@id\":\"https:\\\/\\\/www.miamibeachfl.gov\\\/#\\\/schema\\\/logo\\\/image\\\/\",\"url\":\"https:\\\/\\\/www.miamibeachfl.gov\\\/wp-content\\\/uploads\\\/2022\\\/06\\\/miamibeach-logoblue.png\",\"contentUrl\":\"https:\\\/\\\/www.miamibeachfl.gov\\\/wp-content\\\/uploads\\\/2022\\\/06\\\/miamibeach-logoblue.png\",\"width\":1962,\"height\":381,\"caption\":\"City of Miami Beach\"},\"image\":{\"@id\":\"https:\\\/\\\/www.miamibeachfl.gov\\\/#\\\/schema\\\/logo\\\/image\\\/\"},\"sameAs\":[\"https:\\\/\\\/www.facebook.com\\\/cityofmiamibeach\",\"https:\\\/\\\/x.com\\\/Miamibeachnews\",\"https:\\\/\\\/www.instagram.com\\\/miamibeachnews\\\/\"],\"description\":\"The official website of the City of Miami Beach. Stay informed, find important information on city services, news, alerts, events, trolley routes, government employment and more.\",\"telephone\":\"305.604.CITY(2489)\",\"legalName\":\"City of Miami Beach\"}]}<\/script>\n<!-- \/ Yoast SEO Premium plugin. -->","yoast_head_json":{"title":"Biwo Jesyon ak Bidj\u00e8 - Vil Miami Beach","description":"%","robots":{"index":"index","follow":"follow","max-snippet":"max-snippet:-1","max-image-preview":"max-image-preview:large","max-video-preview":"max-video-preview:-1"},"canonical":"https:\/\/www.miamibeachfl.gov\/ht\/city-hall\/finance\/financial-documents\/management\/","og_locale":"ht_HT","og_type":"article","og_title":"Office Of Management & Budget","og_description":"%","og_url":"https:\/\/www.miamibeachfl.gov\/ht\/city-hall\/finance\/financial-documents\/management\/","og_site_name":"City of Miami Beach","article_publisher":"https:\/\/www.facebook.com\/cityofmiamibeach","article_modified_time":"2025-06-26T13:38:58+00:00","og_image":[{"url":"https:\/\/www.miamibeachfl.gov\/wp-content\/uploads\/2022\/07\/hero-small.jpg","type":"","width":"","height":""}],"twitter_card":"summary_large_image","twitter_site":"@Miamibeachnews","schema":{"@context":"https:\/\/schema.org","@graph":[{"@type":"WebPage","@id":"https:\/\/www.miamibeachfl.gov\/city-hall\/finance\/financial-documents\/management\/","url":"https:\/\/www.miamibeachfl.gov\/city-hall\/finance\/financial-documents\/management\/","name":"Biwo Jesyon ak Bidj\u00e8 - Vil Miami Beach","isPartOf":{"@id":"https:\/\/www.miamibeachfl.gov\/#website"},"primaryImageOfPage":{"@id":"https:\/\/www.miamibeachfl.gov\/city-hall\/finance\/financial-documents\/management\/#primaryimage"},"image":{"@id":"https:\/\/www.miamibeachfl.gov\/city-hall\/finance\/financial-documents\/management\/#primaryimage"},"thumbnailUrl":"https:\/\/www.miamibeachfl.gov\/wp-content\/uploads\/2022\/07\/hero-small.jpg","datePublished":"2017-08-11T00:02:35+00:00","dateModified":"2025-06-26T13:38:58+00:00","description":"%","breadcrumb":{"@id":"https:\/\/www.miamibeachfl.gov\/city-hall\/finance\/financial-documents\/management\/#breadcrumb"},"inLanguage":"ht","potentialAction":[{"@type":"ReadAction","target":["https:\/\/www.miamibeachfl.gov\/city-hall\/finance\/financial-documents\/management\/"]}]},{"@type":"ImageObject","inLanguage":"ht","@id":"https:\/\/www.miamibeachfl.gov\/city-hall\/finance\/financial-documents\/management\/#primaryimage","url":"https:\/\/www.miamibeachfl.gov\/wp-content\/uploads\/2022\/07\/hero-small.jpg","contentUrl":"https:\/\/www.miamibeachfl.gov\/wp-content\/uploads\/2022\/07\/hero-small.jpg"},{"@type":"BreadcrumbList","@id":"https:\/\/www.miamibeachfl.gov\/city-hall\/finance\/financial-documents\/management\/#breadcrumb","itemListElement":[{"@type":"ListItem","position":1,"name":"Home","item":"https:\/\/www.miamibeachfl.gov\/"},{"@type":"ListItem","position":2,"name":"City Hall","item":"https:\/\/www.miamibeachfl.gov\/city-hall\/"},{"@type":"ListItem","position":3,"name":"Finance","item":"https:\/\/www.miamibeachfl.gov\/city-hall\/finance\/"},{"@type":"ListItem","position":4,"name":"Financial Reports","item":"https:\/\/www.miamibeachfl.gov\/city-hall\/finance\/financial-documents\/"},{"@type":"ListItem","position":5,"name":"Office Of Management &#038; Budget"}]},{"@type":"WebSite","@id":"https:\/\/www.miamibeachfl.gov\/#website","url":"https:\/\/www.miamibeachfl.gov\/","name":"Vil Miami Beach","description":"Sitw\u00e8b ofisy\u00e8l Vil Miami Beach la. Rete enf\u00f2me, jwenn enf\u00f2masyon enp\u00f2tan sou s\u00e8vis vil la, nouv\u00e8l, al\u00e8t, ev\u00e8nman, wout tramway, travay gouv\u00e8nman an ak plis ank\u00f2.","publisher":{"@id":"https:\/\/www.miamibeachfl.gov\/#organization"},"potentialAction":[{"@type":"SearchAction","target":{"@type":"EntryPoint","urlTemplate":"https:\/\/www.miamibeachfl.gov\/?s={search_term_string}"},"query-input":{"@type":"PropertyValueSpecification","valueRequired":true,"valueName":"search_term_string"}}],"inLanguage":"ht"},{"@type":"Organization","@id":"https:\/\/www.miamibeachfl.gov\/#organization","name":"Vil Miami Beach","url":"https:\/\/www.miamibeachfl.gov\/","logo":{"@type":"ImageObject","inLanguage":"ht","@id":"https:\/\/www.miamibeachfl.gov\/#\/schema\/logo\/image\/","url":"https:\/\/www.miamibeachfl.gov\/wp-content\/uploads\/2022\/06\/miamibeach-logoblue.png","contentUrl":"https:\/\/www.miamibeachfl.gov\/wp-content\/uploads\/2022\/06\/miamibeach-logoblue.png","width":1962,"height":381,"caption":"City of Miami Beach"},"image":{"@id":"https:\/\/www.miamibeachfl.gov\/#\/schema\/logo\/image\/"},"sameAs":["https:\/\/www.facebook.com\/cityofmiamibeach","https:\/\/x.com\/Miamibeachnews","https:\/\/www.instagram.com\/miamibeachnews\/"],"description":"Sitw\u00e8b ofisy\u00e8l Vil Miami Beach la. Rete enf\u00f2me, jwenn enf\u00f2masyon enp\u00f2tan sou s\u00e8vis vil la, nouv\u00e8l, al\u00e8t, ev\u00e8nman, wout tramway, travay gouv\u00e8nman an ak plis ank\u00f2.","telephone":"305.604.CITY(2489)","legalName":"City of Miami Beach"}]}},"_links":{"self":[{"href":"https:\/\/www.miamibeachfl.gov\/ht\/wp-json\/wp\/v2\/pages\/28271","targetHints":{"allow":["GET"]}}],"collection":[{"href":"https:\/\/www.miamibeachfl.gov\/ht\/wp-json\/wp\/v2\/pages"}],"about":[{"href":"https:\/\/www.miamibeachfl.gov\/ht\/wp-json\/wp\/v2\/types\/page"}],"author":[{"embeddable":true,"href":"https:\/\/www.miamibeachfl.gov\/ht\/wp-json\/wp\/v2\/users\/222"}],"replies":[{"embeddable":true,"href":"https:\/\/www.miamibeachfl.gov\/ht\/wp-json\/wp\/v2\/comments?post=28271"}],"version-history":[{"count":1,"href":"https:\/\/www.miamibeachfl.gov\/ht\/wp-json\/wp\/v2\/pages\/28271\/revisions"}],"predecessor-version":[{"id":385303,"href":"https:\/\/www.miamibeachfl.gov\/ht\/wp-json\/wp\/v2\/pages\/28271\/revisions\/385303"}],"up":[{"embeddable":true,"href":"https:\/\/www.miamibeachfl.gov\/ht\/wp-json\/wp\/v2\/pages\/385210"}],"wp:attachment":[{"href":"https:\/\/www.miamibeachfl.gov\/ht\/wp-json\/wp\/v2\/media?parent=28271"}],"wp:term":[{"taxonomy":"category","embeddable":true,"href":"https:\/\/www.miamibeachfl.gov\/ht\/wp-json\/wp\/v2\/categories?post=28271"},{"taxonomy":"post_tag","embeddable":true,"href":"https:\/\/www.miamibeachfl.gov\/ht\/wp-json\/wp\/v2\/tags?post=28271"}],"curies":[{"name":"wp","href":"https:\/\/api.w.org\/{rel}","templated":true}]}}