{"id":28275,"date":"2017-08-11T00:02:37","date_gmt":"2017-08-11T00:02:37","guid":{"rendered":"http:\/\/www.miamibeachfl.gov\/city-hall\/finance\/street-performersartists-vendors-lottery\/non-profit-lottery-main-page\/"},"modified":"2025-10-08T10:50:00","modified_gmt":"2025-10-08T14:50:00","slug":"non-profit-lottery","status":"publish","type":"page","link":"https:\/\/www.miamibeachfl.gov\/ht\/non-profit-lottery\/","title":{"rendered":"Loteri san bi likratif"},"content":{"rendered":"<img decoding=\"async\" src=\"https:\/\/www.miamibeachfl.gov\/wp-content\/uploads\/2022\/07\/hero-small.jpg\" alt=\"ocean drive art deco buildings\" itemprop=\"image\" height=\"211\" width=\"2395\" title=\"ewo-piti\" onerror=\"this.style.display='none'\" loading=\"lazy\" \/>\n<h1>\n\t\t\tLoteri san bi likratif\t<\/h1>\n\t<nav id=\"breadcrumbs\" aria-label=\"Pen griye\"><a href=\"https:\/\/www.miamibeachfl.gov\/ht\/\">Lakay<\/a> &gt; <strong>Loteri san bi likratif<\/strong><\/nav>\n\t<h3><strong>Loteri san bi likratif<\/strong><\/h3>\n<p><b>Vil Miami Beach la ofri senk (5) kote pou machann\/distribit\u00e8 ki pa la pou f\u00e8 pwofi. Yo bay plas sa yo pa tiraj os\u00f2 pou pery\u00f2d twa (3) mwa.<\/b><\/p>\n<p><strong>Pou aplike, \u00f2ganizasyon ki pa la pou f\u00e8 pwofi yo dwe soum\u00e8t dokiman sa yo:<\/strong><\/p>\n<ol>\n<li>Yon aplikasyon konpl\u00e8 ki siyen pa yon ofisye oswa yon direkt\u00e8 \u00f2ganizasyon san bi likratif la ak fr\u00e8 aplikasyon $181 la.<\/li>\n<li>L\u00e8t otorizasyon si vand\u00e8\/distribit\u00e8 a pa yon ofisye\/direkt\u00e8 oswa yon ajan anrejistre nan \u00f2ganizasyon san bi likratif la.<\/li>\n<li>Pr\u00e8v \u00f2ganizasyon san bi likratif ki konsidere k\u00f2m yon \u00f2ganizasyon egzante de taks anba Seksyon 501(c) 3 nan K\u00f2d Revni Ent\u00e8n lan ki anrejistre nan Depatman Deta Florid, Divizyon Sosyete yo.<\/li>\n<li>Kopi idantifikasyon ak foto vand\u00e8\/distribit\u00e8 a.<\/li>\n<li>Kopi lis ofisy\u00e8l ajan anrejistre ak ofisye\/direkt\u00e8 \u00f2ganizasyon ki pa la pou f\u00e8 pwofi a. Ou ka jwenn li sou sitw\u00e8b Depatman Deta Florid la, Divizyon Sosyete yo: <a title=\"http:\/\/www.sunbiz.org\/corpweb\/inquiry\/corinam.html\" href=\"http:\/\/www.sunbiz.org\/corpweb\/inquiry\/corinam.html\" target=\"_blank\" rel=\"noopener noreferrer\">http:\/\/www.sunbiz.org\/corpweb\/inquiry\/corinam.html<\/a><\/li>\n<\/ol>\n<h3><strong>Enf\u00f2masyon sou lotri ki pa pou pwofi<\/strong><\/h3>\n<table width=\"709\">\n<tbody>\n<tr>\n<td width=\"223\"><strong>Trim\u00e8s Loteri<\/strong><\/td>\n<td width=\"258\"><strong>Dat limit pou aplikasyon an se 5:00 pm.<\/strong><\/td>\n<td width=\"228\"><strong>Loteri a te f\u00e8t<\/strong><\/td>\n<\/tr>\n<tr>\n<td width=\"223\">Novanm \u2013 Janvye 2026<\/td>\n<td width=\"258\">17 okt\u00f2b 2025<\/td>\n<td width=\"228\">27 okt\u00f2b 2025<\/td>\n<\/tr>\n<tr>\n<td width=\"223\">Fevriye \u2013 Avril 2026<\/td>\n<td width=\"258\">16 janvye 2026<\/td>\n<td width=\"228\">23 janvye 2026<\/td>\n<\/tr>\n<tr>\n<td width=\"223\">Me \u2013 Jiy\u00e8 2026<\/td>\n<td width=\"258\">17 avril 2026<\/td>\n<td width=\"228\">24 avril 2026<\/td>\n<\/tr>\n<tr>\n<td width=\"223\">Out \u2013 Okt\u00f2b 2026<\/td>\n<td width=\"258\">17 Jiy\u00e8 2026<\/td>\n<td width=\"228\">24 Jiy\u00e8 2026<\/td>\n<\/tr>\n<\/tbody>\n<\/table>\n<strong>Telechaje F\u00f2m ak Enf\u00f2masyon yo:<\/strong>\u00a0(Akrobat*)<br \/>\nTanpri revize anvan ou soum\u00e8t paske atik sa yo ka chanje.\n<a href=\"https:\/\/www.miamibeachfl.gov\/wp-content\/uploads\/2025\/10\/NON-PROFIT-LOTTERY-APPLICATION.pdf\">Aplikasyon pou Lotri pou \u00d2ganizasyon ki pa pou Pwofi<\/a><br \/>\n<a title=\"Kopi \u00d2donans 97-3094 la\" href=\"\/wp-content\/uploads\/2017\/08\/97-3094-20ord.pdf\" target=\"_blank\" rel=\"noopener noreferrer\">\u00d2donans 97-3094<\/a>\n<ul>\n<li>Dat chak lotri a pral afiche nan plizy\u00e8 kote tankou: Sitw\u00e8b Vil Miami Beach la, Tablo Afichaj Vil la, Ch\u00e8n 20 Gouv\u00e8nman Lokal la ak\/oswa Miami Herald la.<\/li>\n<li>Lotri yo tipikman f\u00e8t 3 jou ouvrab anvan fen pery\u00f2d lotri anvan an.<\/li>\n<li>Yo dwe soum\u00e8t aplikasyon yo ak tout l\u00f2t enf\u00f2masyon ki neses\u00e8 yo pa pita pase 5 jou ouvrab anvan dat lotri a.<\/li>\n<li>\u00d2ganizasyon ki pa la pou f\u00e8 pwofi oswa reprezantan yo pa bezwen prezan nan lotri a pou yo chwazi pou yon kote.<\/li>\n<li>Kontakte Sant S\u00e8vis Kliyan an nan 305-673-7000 pou nenp\u00f2t kesyon.<\/li>\n<\/ul>\n\t<div class=\"page-navigation\"><a class=\"prev-page\" href=\"https:\/\/www.miamibeachfl.gov\/ht\/city-hall\/city-clerk\/election-information\/cmb_election\/\">\u2190 Enf\u00f2masyon pou 2019<\/a> <a class=\"next-page\" href=\"https:\/\/www.miamibeachfl.gov\/ht\/city-hall\/city-clerk\/election-information\/november-6-2018-special-election\/related-resolutions\/\">Rezolisyon ki gen rap\u00f2 \u2192<\/a><\/div>","protected":false},"excerpt":{"rendered":"<p>Non-Profit Lottery Home &gt; Non-Profit Lottery Non-Profit Lottery The City of Miami Beach offers five (5) locations for non-profit vendors\/distributors [&hellip;]<\/p>\n","protected":false},"author":222,"featured_media":0,"parent":0,"menu_order":138,"comment_status":"closed","ping_status":"closed","template":"","meta":{"_searchwp_excluded":"","site-sidebar-layout":"default","site-content-layout":"","ast-site-content-layout":"default","site-content-style":"default","site-sidebar-style":"default","ast-global-header-display":"","ast-banner-title-visibility":"","ast-main-header-display":"","ast-hfb-above-header-display":"","ast-hfb-below-header-display":"","ast-hfb-mobile-header-display":"","site-post-title":"","ast-breadcrumbs-content":"","ast-featured-img":"","footer-sml-layout":"","theme-transparent-header-meta":"","adv-header-id-meta":"","stick-header-meta":"","header-above-stick-meta":"","header-main-stick-meta":"","header-below-stick-meta":"","astra-migrate-meta-layouts":"default","ast-page-background-enabled":"default","ast-page-background-meta":{"desktop":{"background-color":"var(--ast-global-color-5)","background-image":"","background-repeat":"repeat","background-position":"center center","background-size":"auto","background-attachment":"scroll","background-type":"","background-media":"","overlay-type":"","overlay-color":"","overlay-opacity":"","overlay-gradient":""},"tablet":{"background-color":"","background-image":"","background-repeat":"repeat","background-position":"center center","background-size":"auto","background-attachment":"scroll","background-type":"","background-media":"","overlay-type":"","overlay-color":"","overlay-opacity":"","overlay-gradient":""},"mobile":{"background-color":"","background-image":"","background-repeat":"repeat","background-position":"center center","background-size":"auto","background-attachment":"scroll","background-type":"","background-media":"","overlay-type":"","overlay-color":"","overlay-opacity":"","overlay-gradient":""}},"ast-content-background-meta":{"desktop":{"background-color":"var(--ast-global-color-4)","background-image":"","background-repeat":"repeat","background-position":"center center","background-size":"auto","background-attachment":"scroll","background-type":"","background-media":"","overlay-type":"","overlay-color":"","overlay-opacity":"","overlay-gradient":""},"tablet":{"background-color":"var(--ast-global-color-4)","background-image":"","background-repeat":"repeat","background-position":"center center","background-size":"auto","background-attachment":"scroll","background-type":"","background-media":"","overlay-type":"","overlay-color":"","overlay-opacity":"","overlay-gradient":""},"mobile":{"background-color":"var(--ast-global-color-4)","background-image":"","background-repeat":"repeat","background-position":"center center","background-size":"auto","background-attachment":"scroll","background-type":"","background-media":"","overlay-type":"","overlay-color":"","overlay-opacity":"","overlay-gradient":""}},"footnotes":""},"categories":[1],"tags":[],"class_list":["post-28275","page","type-page","status-publish","hentry","category-uncategorized"],"yoast_head":"<!-- This site is optimized with the Yoast SEO Premium plugin v27.4 (Yoast SEO v27.4) - https:\/\/yoast.com\/product\/yoast-seo-premium-wordpress\/ -->\n<title>Non-Profit Lottery - City of Miami Beach<\/title>\n<meta name=\"description\" content=\"%\" \/>\n<meta name=\"robots\" content=\"index, follow, max-snippet:-1, max-image-preview:large, max-video-preview:-1\" \/>\n<link rel=\"canonical\" href=\"https:\/\/www.miamibeachfl.gov\/ht\/non-profit-lottery\/\" \/>\n<meta property=\"og:locale\" content=\"ht_HT\" \/>\n<meta property=\"og:type\" content=\"article\" \/>\n<meta property=\"og:title\" content=\"Non-Profit Lottery\" \/>\n<meta property=\"og:description\" content=\"%\" \/>\n<meta property=\"og:url\" content=\"https:\/\/www.miamibeachfl.gov\/ht\/non-profit-lottery\/\" \/>\n<meta property=\"og:site_name\" content=\"City of Miami Beach\" \/>\n<meta property=\"article:publisher\" content=\"https:\/\/www.facebook.com\/cityofmiamibeach\" \/>\n<meta property=\"article:modified_time\" content=\"2025-10-08T14:50:00+00:00\" \/>\n<meta property=\"og:image\" content=\"https:\/\/www.miamibeachfl.gov\/wp-content\/uploads\/2022\/07\/hero-small.jpg\" \/>\n<meta name=\"twitter:card\" content=\"summary_large_image\" \/>\n<meta name=\"twitter:site\" content=\"@Miamibeachnews\" \/>\n<script type=\"application\/ld+json\" class=\"yoast-schema-graph\">{\"@context\":\"https:\\\/\\\/schema.org\",\"@graph\":[{\"@type\":\"WebPage\",\"@id\":\"https:\\\/\\\/www.miamibeachfl.gov\\\/non-profit-lottery\\\/\",\"url\":\"https:\\\/\\\/www.miamibeachfl.gov\\\/non-profit-lottery\\\/\",\"name\":\"Non-Profit Lottery - City of Miami Beach\",\"isPartOf\":{\"@id\":\"https:\\\/\\\/www.miamibeachfl.gov\\\/#website\"},\"primaryImageOfPage\":{\"@id\":\"https:\\\/\\\/www.miamibeachfl.gov\\\/non-profit-lottery\\\/#primaryimage\"},\"image\":{\"@id\":\"https:\\\/\\\/www.miamibeachfl.gov\\\/non-profit-lottery\\\/#primaryimage\"},\"thumbnailUrl\":\"https:\\\/\\\/www.miamibeachfl.gov\\\/wp-content\\\/uploads\\\/2022\\\/07\\\/hero-small.jpg\",\"datePublished\":\"2017-08-11T00:02:37+00:00\",\"dateModified\":\"2025-10-08T14:50:00+00:00\",\"description\":\"%\",\"breadcrumb\":{\"@id\":\"https:\\\/\\\/www.miamibeachfl.gov\\\/non-profit-lottery\\\/#breadcrumb\"},\"inLanguage\":\"ht\",\"potentialAction\":[{\"@type\":\"ReadAction\",\"target\":[\"https:\\\/\\\/www.miamibeachfl.gov\\\/non-profit-lottery\\\/\"]}]},{\"@type\":\"ImageObject\",\"inLanguage\":\"ht\",\"@id\":\"https:\\\/\\\/www.miamibeachfl.gov\\\/non-profit-lottery\\\/#primaryimage\",\"url\":\"https:\\\/\\\/www.miamibeachfl.gov\\\/wp-content\\\/uploads\\\/2022\\\/07\\\/hero-small.jpg\",\"contentUrl\":\"https:\\\/\\\/www.miamibeachfl.gov\\\/wp-content\\\/uploads\\\/2022\\\/07\\\/hero-small.jpg\"},{\"@type\":\"BreadcrumbList\",\"@id\":\"https:\\\/\\\/www.miamibeachfl.gov\\\/non-profit-lottery\\\/#breadcrumb\",\"itemListElement\":[{\"@type\":\"ListItem\",\"position\":1,\"name\":\"Home\",\"item\":\"https:\\\/\\\/www.miamibeachfl.gov\\\/\"},{\"@type\":\"ListItem\",\"position\":2,\"name\":\"Non-Profit Lottery\"}]},{\"@type\":\"WebSite\",\"@id\":\"https:\\\/\\\/www.miamibeachfl.gov\\\/#website\",\"url\":\"https:\\\/\\\/www.miamibeachfl.gov\\\/\",\"name\":\"City of Miami Beach\",\"description\":\"The official website of the City of Miami Beach. Stay informed, find important information on city services, news, alerts, events, trolley routes, government employment and more.\",\"publisher\":{\"@id\":\"https:\\\/\\\/www.miamibeachfl.gov\\\/#organization\"},\"potentialAction\":[{\"@type\":\"SearchAction\",\"target\":{\"@type\":\"EntryPoint\",\"urlTemplate\":\"https:\\\/\\\/www.miamibeachfl.gov\\\/?s={search_term_string}\"},\"query-input\":{\"@type\":\"PropertyValueSpecification\",\"valueRequired\":true,\"valueName\":\"search_term_string\"}}],\"inLanguage\":\"ht\"},{\"@type\":\"Organization\",\"@id\":\"https:\\\/\\\/www.miamibeachfl.gov\\\/#organization\",\"name\":\"City of Miami Beach\",\"url\":\"https:\\\/\\\/www.miamibeachfl.gov\\\/\",\"logo\":{\"@type\":\"ImageObject\",\"inLanguage\":\"ht\",\"@id\":\"https:\\\/\\\/www.miamibeachfl.gov\\\/#\\\/schema\\\/logo\\\/image\\\/\",\"url\":\"https:\\\/\\\/www.miamibeachfl.gov\\\/wp-content\\\/uploads\\\/2022\\\/06\\\/miamibeach-logoblue.png\",\"contentUrl\":\"https:\\\/\\\/www.miamibeachfl.gov\\\/wp-content\\\/uploads\\\/2022\\\/06\\\/miamibeach-logoblue.png\",\"width\":1962,\"height\":381,\"caption\":\"City of Miami Beach\"},\"image\":{\"@id\":\"https:\\\/\\\/www.miamibeachfl.gov\\\/#\\\/schema\\\/logo\\\/image\\\/\"},\"sameAs\":[\"https:\\\/\\\/www.facebook.com\\\/cityofmiamibeach\",\"https:\\\/\\\/x.com\\\/Miamibeachnews\",\"https:\\\/\\\/www.instagram.com\\\/miamibeachnews\\\/\"],\"description\":\"The official website of the City of Miami Beach. Stay informed, find important information on city services, news, alerts, events, trolley routes, government employment and more.\",\"telephone\":\"305.604.CITY(2489)\",\"legalName\":\"City of Miami Beach\"}]}<\/script>\n<!-- \/ Yoast SEO Premium plugin. -->","yoast_head_json":{"title":"Loteri pou \u00f2ganizasyon ki pa pou pwofi - Vil Miami Beach","description":"%","robots":{"index":"index","follow":"follow","max-snippet":"max-snippet:-1","max-image-preview":"max-image-preview:large","max-video-preview":"max-video-preview:-1"},"canonical":"https:\/\/www.miamibeachfl.gov\/ht\/non-profit-lottery\/","og_locale":"ht_HT","og_type":"article","og_title":"Non-Profit Lottery","og_description":"%","og_url":"https:\/\/www.miamibeachfl.gov\/ht\/non-profit-lottery\/","og_site_name":"City of Miami Beach","article_publisher":"https:\/\/www.facebook.com\/cityofmiamibeach","article_modified_time":"2025-10-08T14:50:00+00:00","og_image":[{"url":"https:\/\/www.miamibeachfl.gov\/wp-content\/uploads\/2022\/07\/hero-small.jpg","type":"","width":"","height":""}],"twitter_card":"summary_large_image","twitter_site":"@Miamibeachnews","schema":{"@context":"https:\/\/schema.org","@graph":[{"@type":"WebPage","@id":"https:\/\/www.miamibeachfl.gov\/non-profit-lottery\/","url":"https:\/\/www.miamibeachfl.gov\/non-profit-lottery\/","name":"Loteri pou \u00f2ganizasyon ki pa pou pwofi - Vil Miami Beach","isPartOf":{"@id":"https:\/\/www.miamibeachfl.gov\/#website"},"primaryImageOfPage":{"@id":"https:\/\/www.miamibeachfl.gov\/non-profit-lottery\/#primaryimage"},"image":{"@id":"https:\/\/www.miamibeachfl.gov\/non-profit-lottery\/#primaryimage"},"thumbnailUrl":"https:\/\/www.miamibeachfl.gov\/wp-content\/uploads\/2022\/07\/hero-small.jpg","datePublished":"2017-08-11T00:02:37+00:00","dateModified":"2025-10-08T14:50:00+00:00","description":"%","breadcrumb":{"@id":"https:\/\/www.miamibeachfl.gov\/non-profit-lottery\/#breadcrumb"},"inLanguage":"ht","potentialAction":[{"@type":"ReadAction","target":["https:\/\/www.miamibeachfl.gov\/non-profit-lottery\/"]}]},{"@type":"ImageObject","inLanguage":"ht","@id":"https:\/\/www.miamibeachfl.gov\/non-profit-lottery\/#primaryimage","url":"https:\/\/www.miamibeachfl.gov\/wp-content\/uploads\/2022\/07\/hero-small.jpg","contentUrl":"https:\/\/www.miamibeachfl.gov\/wp-content\/uploads\/2022\/07\/hero-small.jpg"},{"@type":"BreadcrumbList","@id":"https:\/\/www.miamibeachfl.gov\/non-profit-lottery\/#breadcrumb","itemListElement":[{"@type":"ListItem","position":1,"name":"Home","item":"https:\/\/www.miamibeachfl.gov\/"},{"@type":"ListItem","position":2,"name":"Non-Profit Lottery"}]},{"@type":"WebSite","@id":"https:\/\/www.miamibeachfl.gov\/#website","url":"https:\/\/www.miamibeachfl.gov\/","name":"Vil Miami Beach","description":"Sitw\u00e8b ofisy\u00e8l Vil Miami Beach la. Rete enf\u00f2me, jwenn enf\u00f2masyon enp\u00f2tan sou s\u00e8vis vil la, nouv\u00e8l, al\u00e8t, ev\u00e8nman, wout tramway, travay gouv\u00e8nman an ak plis ank\u00f2.","publisher":{"@id":"https:\/\/www.miamibeachfl.gov\/#organization"},"potentialAction":[{"@type":"SearchAction","target":{"@type":"EntryPoint","urlTemplate":"https:\/\/www.miamibeachfl.gov\/?s={search_term_string}"},"query-input":{"@type":"PropertyValueSpecification","valueRequired":true,"valueName":"search_term_string"}}],"inLanguage":"ht"},{"@type":"Organization","@id":"https:\/\/www.miamibeachfl.gov\/#organization","name":"Vil Miami Beach","url":"https:\/\/www.miamibeachfl.gov\/","logo":{"@type":"ImageObject","inLanguage":"ht","@id":"https:\/\/www.miamibeachfl.gov\/#\/schema\/logo\/image\/","url":"https:\/\/www.miamibeachfl.gov\/wp-content\/uploads\/2022\/06\/miamibeach-logoblue.png","contentUrl":"https:\/\/www.miamibeachfl.gov\/wp-content\/uploads\/2022\/06\/miamibeach-logoblue.png","width":1962,"height":381,"caption":"City of Miami Beach"},"image":{"@id":"https:\/\/www.miamibeachfl.gov\/#\/schema\/logo\/image\/"},"sameAs":["https:\/\/www.facebook.com\/cityofmiamibeach","https:\/\/x.com\/Miamibeachnews","https:\/\/www.instagram.com\/miamibeachnews\/"],"description":"Sitw\u00e8b ofisy\u00e8l Vil Miami Beach la. Rete enf\u00f2me, jwenn enf\u00f2masyon enp\u00f2tan sou s\u00e8vis vil la, nouv\u00e8l, al\u00e8t, ev\u00e8nman, wout tramway, travay gouv\u00e8nman an ak plis ank\u00f2.","telephone":"305.604.CITY(2489)","legalName":"City of Miami Beach"}]}},"_links":{"self":[{"href":"https:\/\/www.miamibeachfl.gov\/ht\/wp-json\/wp\/v2\/pages\/28275","targetHints":{"allow":["GET"]}}],"collection":[{"href":"https:\/\/www.miamibeachfl.gov\/ht\/wp-json\/wp\/v2\/pages"}],"about":[{"href":"https:\/\/www.miamibeachfl.gov\/ht\/wp-json\/wp\/v2\/types\/page"}],"author":[{"embeddable":true,"href":"https:\/\/www.miamibeachfl.gov\/ht\/wp-json\/wp\/v2\/users\/222"}],"replies":[{"embeddable":true,"href":"https:\/\/www.miamibeachfl.gov\/ht\/wp-json\/wp\/v2\/comments?post=28275"}],"version-history":[{"count":3,"href":"https:\/\/www.miamibeachfl.gov\/ht\/wp-json\/wp\/v2\/pages\/28275\/revisions"}],"predecessor-version":[{"id":390051,"href":"https:\/\/www.miamibeachfl.gov\/ht\/wp-json\/wp\/v2\/pages\/28275\/revisions\/390051"}],"wp:attachment":[{"href":"https:\/\/www.miamibeachfl.gov\/ht\/wp-json\/wp\/v2\/media?parent=28275"}],"wp:term":[{"taxonomy":"category","embeddable":true,"href":"https:\/\/www.miamibeachfl.gov\/ht\/wp-json\/wp\/v2\/categories?post=28275"},{"taxonomy":"post_tag","embeddable":true,"href":"https:\/\/www.miamibeachfl.gov\/ht\/wp-json\/wp\/v2\/tags?post=28275"}],"curies":[{"name":"wp","href":"https:\/\/api.w.org\/{rel}","templated":true}]}}