{"id":28281,"date":"2017-08-11T00:02:41","date_gmt":"2017-08-11T00:02:41","guid":{"rendered":"http:\/\/www.miamibeachfl.gov\/city-hall\/office-of-budget-peformance\/budget\/"},"modified":"2026-04-24T14:34:12","modified_gmt":"2026-04-24T18:34:12","slug":"budget","status":"publish","type":"page","link":"https:\/\/www.miamibeachfl.gov\/ht\/city-hall\/office-of-budget-peformance\/budget\/","title":{"rendered":"Bidj\u00e8"},"content":{"rendered":"<figure itemscope itemtype=\"https:\/\/schema.org\/ImageObject\">\n\t\t\t\t<img decoding=\"async\" src=\"https:\/\/www.miamibeachfl.gov\/wp-content\/uploads\/2022\/07\/hero-small.jpg\" alt=\"ocean drive art deco buildings\" height=\"211\" width=\"2395\" title=\"ewo-piti\" onerror=\"this.style.display='none'\" loading=\"lazy\" \/>\n\t<\/figure>\n<h1>\n\t\t\tBidj\u00e8\t<\/h1>\n\t<nav id=\"breadcrumbs\" aria-label=\"Pen griye\"><a href=\"https:\/\/www.miamibeachfl.gov\/ht\/\">Lakay<\/a> &gt; <a href=\"https:\/\/www.miamibeachfl.gov\/ht\/city-hall\/\">Lakou Vil la<\/a> &gt; <a href=\"https:\/\/www.miamibeachfl.gov\/ht\/city-hall\/office-of-budget-peformance\/\">Jesyon ak Bidj\u00e8<\/a> &gt; <strong>Bidj\u00e8<\/strong><\/nav>\n\t<p><\/p>\n<table>\n<tbody>\n<tr>\n\n<td><strong>Ane fiskal 2026<\/strong><\/td>\n<td><strong>Ane fiskal 2025<\/strong><\/td>\n<\/tr>\n<tr>\n<td><strong>Bidj\u00e8 an br\u00e8f<\/strong><\/td>\n<td><strong><a href=\"https:\/\/www.miamibeachfl.gov\/wp-content\/uploads\/2025\/12\/Budget-in-Brief.pdf\">Telechaje<\/a><\/strong><\/td>\n<td><a href=\"https:\/\/www.miamibeachfl.gov\/wp-content\/uploads\/2024\/12\/Budget-in-Brief.pdf\"><strong>Telechaje<\/strong><\/a><\/td>\n<\/tr>\n<tr>\n<td><strong>Bidj\u00e8 Operasyon\u00e8l<\/strong><\/td>\n<td><strong><a href=\"https:\/\/www.miamibeachfl.gov\/wp-content\/uploads\/2025\/12\/FY-2026-Adopted-Operating-Budget-Book-Electronic-Version-1.pdf\">Telechaje<\/a><\/strong><\/td>\n<td><strong><a href=\"https:\/\/www.miamibeachfl.gov\/wp-content\/uploads\/2024\/12\/FY-2025-Adopted-Budget-Book-Electronic-Version.pdf\">Telechaje<\/a><\/strong><\/td>\n<\/tr>\n<tr>\n<td><strong>Mesaj Bidj\u00e8 Direkt\u00e8 Vil la<\/strong><\/td>\n<td><strong><a href=\"https:\/\/www.miamibeachfl.gov\/wp-content\/uploads\/2025\/12\/City-Managers-Message-1.pdf\">Telechaje<\/a><\/strong><\/td>\n<td><strong><a href=\"https:\/\/www.miamibeachfl.gov\/wp-content\/uploads\/2024\/12\/Managers-Message.pdf\">Telechaje<\/a><\/strong><\/td>\n<\/tr>\n<tr>\n<td><strong>Bidj\u00e8 Kapital<\/strong><\/td>\n<td><strong><a href=\"https:\/\/www.miamibeachfl.gov\/wp-content\/uploads\/2025\/12\/FY-2026-30-Adopted-Capital-Budget-Book-Volume-1-Electronic.pdf\">Telechaje Volim I<\/a><\/strong>\n<strong><a href=\"https:\/\/www.miamibeachfl.gov\/wp-content\/uploads\/2025\/12\/FY-2026-30-Adopted-Capital-Budget-Book-Volume-2-Electronic.pdf\">Telechaje Volim II<\/a><\/strong><\/td>\n<td><strong><a href=\"https:\/\/www.miamibeachfl.gov\/wp-content\/uploads\/2024\/12\/FY-2025-29-Adopted-Capital-Budget-Book.pdf\">Telechaje<\/a><\/strong><\/td>\n<\/tr>\n<tr>\n<td><strong>Amannman Bidj\u00e8 \/ Rezolisyon<\/strong><\/td>\n<td><strong><a href=\"https:\/\/www.miamibeachfl.gov\/ht\/city-hall\/office-of-budget-peformance\/budget\/budget-amendments-resolutions-fy-2026\/\">Gade Paj la<\/a><\/strong><\/td>\n<td><strong><a href=\"https:\/\/www.miamibeachfl.gov\/ht\/city-hall\/office-of-budget-peformance\/budget\/budget-amendments-resolutions-fy-2025\/\">Telechaje<\/a><\/strong><\/td>\n<\/tr>\n<\/tbody>\n<\/table>\n<p>Plan Travay ak bidj\u00e8 any\u00e8l Vil la s\u00e8vi k\u00f2m gid pou fason Vil la prevwa adrese priyorite kominote a nan chak ane fiskal. Plan Travay Vil la gen ladan l inisyativ pou sip\u00f2te Plan Estratejik Vil la. Inisyativ Plan Travay yo mete ajou chak ane dapre rezilta d\u00e8nye sondaj yo, tandans sosyoekonomik yo, ak mezi kantite travay ak p\u00e8f\u00f2mans depatman yo. Plan Travay Vil la itilize pou gide depatman yo pandan y ap analize s\u00e8vis yo epi prepare plan travay ak bidj\u00e8 depatman yo pwopoze yo.<\/p>\n<p>An ak\u00f2 av\u00e8k Vizyon Miami Beach la, chak depatman prepare pwopozisyon yo anvan. <strong><a title=\"plan travay any\u00e8l depatman an\" href=\"\/ht\/city-hall\/office-of-budget-peformance\/department-work-plans\/\"><em>plan travay any\u00e8l depatman an<\/em><\/a> <\/strong>pou ane fiskal k ap vini an pou sip\u00f2te Vil la <a href=\"\/ht\/strategic-plan\/\"><strong><em>planifikasyon estratejik<\/em><\/strong><\/a> priyorite yo ak Plan Travay pou tout Vil la. Konpozan Plan P\u00e8f\u00f2mans nan plan travay depatman yo se baz pou f\u00e8 rek\u00f2mandasyon pou amelyorasyon, rediksyon, rey\u00f2ganizasyon ak efikasite, pou mete pwogram ak aktivite depatman yo an liy ak Plan Estratejik Vil la ak Plan Travay pou tout Vil la ke yo adopte a.<\/p>\n<p>Istorikman, depatman yo te resevwa yon bidj\u00e8 sib byen bon\u00e8 nan pwosesis la epi chak soumisyon bidj\u00e8 depatman an te balanse ak objektif sa a, sa ki te bay yon bidj\u00e8 ki te ogmante piti piti epi ki te konsantre sou atik espesifik olye de priyorite. Apati bidj\u00e8 ane fiskal 2006 la, Vil la te aplike yon apw\u00f2ch ki baze sou p\u00e8f\u00f2mans pou asiyen resous ki baze sou Plan Estratejik Vil la ak Plan Travay Any\u00e8l Vil la.<\/p>\n<p>Bidj\u00e8 Kapital la prezante bidj\u00e8 pwoj\u00e8 pou pwoj\u00e8 kapital akty\u00e8l yo ak nouvo pwoj\u00e8 ki neses\u00e8 pou amelyore, ranf\u00f2se ak kenbe enstalasyon ak enfrastrikti piblik yo pou satisf\u00e8 demand s\u00e8vis rezidan yo ak vizit\u00e8 yo nan Vil Miami Beach epi li se premye ane Plan Amelyorasyon Kapital senk ane Vil la (CIP). CIP Vil Miami Beach la se yon plan senk ane pou amelyorasyon piblik ak depans kapital Vil la, ki mete ajou chak ane. CIP a bay kow\u00f2dinasyon ant pwoj\u00e8 yo anrap\u00f2 ak finansman, kote, ak tan.<\/p>\n<p>Plan Estratejik Vil Miami Beach la gen ladan l Objektif Jesyon ak Aksyon Plan Estratejik pou asire dirabilite alont\u00e8m gouv\u00e8nman Vil la. <strong><a title=\"R\u00e8gleman Finansye yo\" href=\"\/ht\/city-hall\/office-of-budget-peformance\/budget\/financial-policies\/\" target=\"_blank\" rel=\"noopener noreferrer\"><em>R\u00e8gleman Finansye Vil la<\/em><\/a><\/strong> adopte pa Komisyon Vil la, ede gide pwosesis bidj\u00e8 Vil la epi ede kondwi amelyorasyon nan direksyon Rezilta Prensipal sa yo.<\/p>\n<p>Biwo Jesyon ak Bidj\u00e8 a responsab tou pou plizy\u00e8 etid pou asire ke depans yo byen distribye nan Vil la.<\/p>\n<p><strong><a href=\"https:\/\/www.miamibeachfl.gov\/wp-content\/uploads\/2025\/03\/FY25-Miami-Beach-CAP-Report.pdf\">Plan Alokasyon Pri Konpl\u00e8 Vil Miami Beach pou 2025<\/a><\/strong><\/p>\n<p><strong><a href=\"https:\/\/www.miamibeachfl.gov\/wp-content\/uploads\/2025\/03\/FY25-Miami-Beach-Resort-Tax-Report.pdf\">Rap\u00f2 sou Taks sou Resort nan Vil Miami Beach pou 2025<\/a><\/strong><\/p>\n<p><strong><a href=\"https:\/\/www.miamibeachfl.gov\/wp-content\/uploads\/2025\/10\/FY-2026-Fee-Schedule-1.pdf\">Or\u00e8 Fr\u00e8 pou Ane Fiskal 2026 la<\/a><\/strong><\/p>\n\t\tNavige pou ale nan\u2026\t\t\t\n\t\t\t\t\t<ul id=\"menu-budget-and-management-budget\"><li id=\"menu-item-363439\"><a href=\"\/ht\/city-hall\/office-of-budget-peformance\/budget\/budget-amendments-resolutions-fy-2020\/\">Amannman ak Rezolisyon Bidj\u00e8 pou Ane Fiskal 2020<\/a><\/li>\n<li id=\"menu-item-363440\"><a href=\"\/ht\/city-hall\/office-of-budget-peformance\/budget\/budget-amendments-resolutions-fy-2021\/\">Amannman ak Rezolisyon Bidj\u00e8 pou Ane Fiskal 2021 an<\/a><\/li>\n<li id=\"menu-item-363441\"><a href=\"\/ht\/city-hall\/office-of-budget-peformance\/budget\/budget-amendments-resolutions-fy-2022\/\">Amannman ak Rezolisyon Bidj\u00e8 pou Ane Fiskal 2022<\/a><\/li>\n<li id=\"menu-item-363442\"><a href=\"\/ht\/city-hall\/office-of-budget-peformance\/budget\/budget-amendments-resolutions-fy-2023\/\">Amannman ak Rezolisyon Bidj\u00e8 pou Ane Fiskal 2023<\/a><\/li>\n<li id=\"menu-item-363443\"><a href=\"\/ht\/city-hall\/office-of-budget-peformance\/budget\/budget-amendments-resolutions-fy-2024\/\">Amannman ak Rezolisyon Bidj\u00e8 pou Ane Fiskal 2024 la<\/a><\/li>\n<li id=\"menu-item-363444\"><a href=\"\/ht\/city-hall\/office-of-budget-peformance\/budget\/budget-amendments-resolutions-fy-2025\/\">Amannman ak Rezolisyon Bidj\u00e8 pou Ane Fiskal 2025 la<\/a><\/li>\n<li id=\"menu-item-387360\"><a href=\"\/ht\/city-hall\/office-of-budget-peformance\/budget\/budget-amendments-resolutions-fy-2026\/\">Amannman ak Rezolisyon Bidj\u00e8 pou Ane Fiskal 2026<\/a><\/li>\n<li id=\"menu-item-363445\"><a href=\"\/ht\/city-hall\/office-of-budget-peformance\/budget\/budget-archive\/\">Achiv Bidj\u00e8<\/a><\/li>\n<li id=\"menu-item-363446\"><a href=\"\/ht\/city-hall\/office-of-budget-peformance\/budget\/city-managers-budget-message\/\">Mesaj Bidj\u00e8 Direkt\u00e8 Vil la<\/a><\/li>\n<li id=\"menu-item-363447\"><a href=\"\/ht\/city-hall\/office-of-budget-peformance\/budget\/financial-policies\/\">R\u00e8gleman Finansye yo<\/a><\/li>\n<\/ul>\t\n\t<div class=\"page-navigation\"><a class=\"prev-page\" href=\"https:\/\/www.miamibeachfl.gov\/ht\/city-hall\/finance\/pay-city-bill\/garage-sale-permit-opengov\/\">\u2190 P\u00e8mi Vann Garaj<\/a> <a class=\"next-page\" href=\"https:\/\/www.miamibeachfl.gov\/ht\/city-hall\/office-of-budget-peformance\/budget\/budget-archive\/budget-resolutions-fy-2010-2011\/operating-budget-resolutions\/\">Rezolisyon Bidj\u00e8 Operasyon\u00e8l \u2192<\/a><\/div>","protected":false},"excerpt":{"rendered":"","protected":false},"author":222,"featured_media":0,"parent":28280,"menu_order":0,"comment_status":"closed","ping_status":"closed","template":"","meta":{"_searchwp_excluded":"","site-sidebar-layout":"default","site-content-layout":"","ast-site-content-layout":"default","site-content-style":"default","site-sidebar-style":"default","ast-global-header-display":"","ast-banner-title-visibility":"","ast-main-header-display":"","ast-hfb-above-header-display":"","ast-hfb-below-header-display":"","ast-hfb-mobile-header-display":"","site-post-title":"","ast-breadcrumbs-content":"","ast-featured-img":"","footer-sml-layout":"","ast-disable-related-posts":"","theme-transparent-header-meta":"","adv-header-id-meta":"","stick-header-meta":"","header-above-stick-meta":"","header-main-stick-meta":"","header-below-stick-meta":"","astra-migrate-meta-layouts":"default","ast-page-background-enabled":"default","ast-page-background-meta":{"desktop":{"background-color":"var(--ast-global-color-5)","background-image":"","background-repeat":"repeat","background-position":"center center","background-size":"auto","background-attachment":"scroll","background-type":"","background-media":"","overlay-type":"","overlay-color":"","overlay-opacity":"","overlay-gradient":""},"tablet":{"background-color":"","background-image":"","background-repeat":"repeat","background-position":"center center","background-size":"auto","background-attachment":"scroll","background-type":"","background-media":"","overlay-type":"","overlay-color":"","overlay-opacity":"","overlay-gradient":""},"mobile":{"background-color":"","background-image":"","background-repeat":"repeat","background-position":"center center","background-size":"auto","background-attachment":"scroll","background-type":"","background-media":"","overlay-type":"","overlay-color":"","overlay-opacity":"","overlay-gradient":""}},"ast-content-background-meta":{"desktop":{"background-color":"var(--ast-global-color-4)","background-image":"","background-repeat":"repeat","background-position":"center center","background-size":"auto","background-attachment":"scroll","background-type":"","background-media":"","overlay-type":"","overlay-color":"","overlay-opacity":"","overlay-gradient":""},"tablet":{"background-color":"var(--ast-global-color-4)","background-image":"","background-repeat":"repeat","background-position":"center center","background-size":"auto","background-attachment":"scroll","background-type":"","background-media":"","overlay-type":"","overlay-color":"","overlay-opacity":"","overlay-gradient":""},"mobile":{"background-color":"var(--ast-global-color-4)","background-image":"","background-repeat":"repeat","background-position":"center center","background-size":"auto","background-attachment":"scroll","background-type":"","background-media":"","overlay-type":"","overlay-color":"","overlay-opacity":"","overlay-gradient":""}},"footnotes":""},"categories":[1],"tags":[1203],"class_list":["post-28281","page","type-page","status-publish","hentry","category-uncategorized","tag-exclude-from-permit-page"],"yoast_head":"<!-- This site is optimized with the Yoast SEO Premium plugin v27.4 (Yoast SEO v27.4) - https:\/\/yoast.com\/product\/yoast-seo-premium-wordpress\/ -->\n<title>Budget - City of Miami Beach<\/title>\n<meta name=\"description\" content=\"The Miami Beach annual Citywide Work Plan and budget serve as guides for how the City plans to address community priorities in each fiscal year.\" \/>\n<meta name=\"robots\" content=\"index, follow, max-snippet:-1, max-image-preview:large, max-video-preview:-1\" \/>\n<link rel=\"canonical\" href=\"https:\/\/www.miamibeachfl.gov\/ht\/city-hall\/office-of-budget-peformance\/budget\/\" \/>\n<meta property=\"og:locale\" content=\"ht_HT\" \/>\n<meta property=\"og:type\" content=\"article\" \/>\n<meta property=\"og:title\" content=\"Budget\" \/>\n<meta property=\"og:description\" content=\"The Miami Beach annual Citywide Work Plan and budget serve as guides for how the City plans to address community priorities in each fiscal year.\" \/>\n<meta property=\"og:url\" content=\"https:\/\/www.miamibeachfl.gov\/ht\/city-hall\/office-of-budget-peformance\/budget\/\" \/>\n<meta property=\"og:site_name\" content=\"City of Miami Beach\" \/>\n<meta property=\"article:publisher\" content=\"https:\/\/www.facebook.com\/cityofmiamibeach\" \/>\n<meta property=\"article:modified_time\" content=\"2026-04-24T18:34:12+00:00\" \/>\n<meta property=\"og:image\" content=\"https:\/\/www.miamibeachfl.gov\/wp-content\/uploads\/2022\/07\/hero-small.jpg\" \/>\n<meta name=\"twitter:card\" content=\"summary_large_image\" \/>\n<meta name=\"twitter:site\" content=\"@Miamibeachnews\" \/>\n<script type=\"application\/ld+json\" class=\"yoast-schema-graph\">{\"@context\":\"https:\\\/\\\/schema.org\",\"@graph\":[{\"@type\":\"WebPage\",\"@id\":\"https:\\\/\\\/www.miamibeachfl.gov\\\/city-hall\\\/office-of-budget-peformance\\\/budget\\\/\",\"url\":\"https:\\\/\\\/www.miamibeachfl.gov\\\/city-hall\\\/office-of-budget-peformance\\\/budget\\\/\",\"name\":\"Budget - City of Miami Beach\",\"isPartOf\":{\"@id\":\"https:\\\/\\\/www.miamibeachfl.gov\\\/#website\"},\"primaryImageOfPage\":{\"@id\":\"https:\\\/\\\/www.miamibeachfl.gov\\\/city-hall\\\/office-of-budget-peformance\\\/budget\\\/#primaryimage\"},\"image\":{\"@id\":\"https:\\\/\\\/www.miamibeachfl.gov\\\/city-hall\\\/office-of-budget-peformance\\\/budget\\\/#primaryimage\"},\"thumbnailUrl\":\"https:\\\/\\\/www.miamibeachfl.gov\\\/wp-content\\\/uploads\\\/2022\\\/07\\\/hero-small.jpg\",\"datePublished\":\"2017-08-11T00:02:41+00:00\",\"dateModified\":\"2026-04-24T18:34:12+00:00\",\"description\":\"The Miami Beach annual Citywide Work Plan and budget serve as guides for how the City plans to address community priorities in each fiscal year.\",\"breadcrumb\":{\"@id\":\"https:\\\/\\\/www.miamibeachfl.gov\\\/city-hall\\\/office-of-budget-peformance\\\/budget\\\/#breadcrumb\"},\"inLanguage\":\"ht\",\"potentialAction\":[{\"@type\":\"ReadAction\",\"target\":[\"https:\\\/\\\/www.miamibeachfl.gov\\\/city-hall\\\/office-of-budget-peformance\\\/budget\\\/\"]}]},{\"@type\":\"ImageObject\",\"inLanguage\":\"ht\",\"@id\":\"https:\\\/\\\/www.miamibeachfl.gov\\\/city-hall\\\/office-of-budget-peformance\\\/budget\\\/#primaryimage\",\"url\":\"https:\\\/\\\/www.miamibeachfl.gov\\\/wp-content\\\/uploads\\\/2022\\\/07\\\/hero-small.jpg\",\"contentUrl\":\"https:\\\/\\\/www.miamibeachfl.gov\\\/wp-content\\\/uploads\\\/2022\\\/07\\\/hero-small.jpg\"},{\"@type\":\"BreadcrumbList\",\"@id\":\"https:\\\/\\\/www.miamibeachfl.gov\\\/city-hall\\\/office-of-budget-peformance\\\/budget\\\/#breadcrumb\",\"itemListElement\":[{\"@type\":\"ListItem\",\"position\":1,\"name\":\"Home\",\"item\":\"https:\\\/\\\/www.miamibeachfl.gov\\\/\"},{\"@type\":\"ListItem\",\"position\":2,\"name\":\"City Hall\",\"item\":\"https:\\\/\\\/www.miamibeachfl.gov\\\/city-hall\\\/\"},{\"@type\":\"ListItem\",\"position\":3,\"name\":\"Management &amp; Budget\",\"item\":\"https:\\\/\\\/www.miamibeachfl.gov\\\/city-hall\\\/office-of-budget-peformance\\\/\"},{\"@type\":\"ListItem\",\"position\":4,\"name\":\"Budget\"}]},{\"@type\":\"WebSite\",\"@id\":\"https:\\\/\\\/www.miamibeachfl.gov\\\/#website\",\"url\":\"https:\\\/\\\/www.miamibeachfl.gov\\\/\",\"name\":\"City of Miami Beach\",\"description\":\"The official website of the City of Miami Beach. Stay informed, find important information on city services, news, alerts, events, trolley routes, government employment and more.\",\"publisher\":{\"@id\":\"https:\\\/\\\/www.miamibeachfl.gov\\\/#organization\"},\"potentialAction\":[{\"@type\":\"SearchAction\",\"target\":{\"@type\":\"EntryPoint\",\"urlTemplate\":\"https:\\\/\\\/www.miamibeachfl.gov\\\/?s={search_term_string}\"},\"query-input\":{\"@type\":\"PropertyValueSpecification\",\"valueRequired\":true,\"valueName\":\"search_term_string\"}}],\"inLanguage\":\"ht\"},{\"@type\":\"Organization\",\"@id\":\"https:\\\/\\\/www.miamibeachfl.gov\\\/#organization\",\"name\":\"City of Miami Beach\",\"url\":\"https:\\\/\\\/www.miamibeachfl.gov\\\/\",\"logo\":{\"@type\":\"ImageObject\",\"inLanguage\":\"ht\",\"@id\":\"https:\\\/\\\/www.miamibeachfl.gov\\\/#\\\/schema\\\/logo\\\/image\\\/\",\"url\":\"https:\\\/\\\/www.miamibeachfl.gov\\\/wp-content\\\/uploads\\\/2022\\\/06\\\/miamibeach-logoblue.png\",\"contentUrl\":\"https:\\\/\\\/www.miamibeachfl.gov\\\/wp-content\\\/uploads\\\/2022\\\/06\\\/miamibeach-logoblue.png\",\"width\":1962,\"height\":381,\"caption\":\"City of Miami Beach\"},\"image\":{\"@id\":\"https:\\\/\\\/www.miamibeachfl.gov\\\/#\\\/schema\\\/logo\\\/image\\\/\"},\"sameAs\":[\"https:\\\/\\\/www.facebook.com\\\/cityofmiamibeach\",\"https:\\\/\\\/x.com\\\/Miamibeachnews\",\"https:\\\/\\\/www.instagram.com\\\/miamibeachnews\\\/\"],\"description\":\"The official website of the City of Miami Beach. Stay informed, find important information on city services, news, alerts, events, trolley routes, government employment and more.\",\"telephone\":\"305.604.CITY(2489)\",\"legalName\":\"City of Miami Beach\"}]}<\/script>\n<!-- \/ Yoast SEO Premium plugin. -->","yoast_head_json":{"title":"Bidj\u00e8 - Vil Miami Beach","description":"Plan Travay ak bidj\u00e8 any\u00e8l Miami Beach pou tout vil la s\u00e8vi k\u00f2m gid pou fason Vil la prevwa adrese priyorite kominote a nan chak ane fiskal.","robots":{"index":"index","follow":"follow","max-snippet":"max-snippet:-1","max-image-preview":"max-image-preview:large","max-video-preview":"max-video-preview:-1"},"canonical":"https:\/\/www.miamibeachfl.gov\/ht\/city-hall\/office-of-budget-peformance\/budget\/","og_locale":"ht_HT","og_type":"article","og_title":"Budget","og_description":"The Miami Beach annual Citywide Work Plan and budget serve as guides for how the City plans to address community priorities in each fiscal year.","og_url":"https:\/\/www.miamibeachfl.gov\/ht\/city-hall\/office-of-budget-peformance\/budget\/","og_site_name":"City of Miami Beach","article_publisher":"https:\/\/www.facebook.com\/cityofmiamibeach","article_modified_time":"2026-04-24T18:34:12+00:00","og_image":[{"url":"https:\/\/www.miamibeachfl.gov\/wp-content\/uploads\/2022\/07\/hero-small.jpg","type":"","width":"","height":""}],"twitter_card":"summary_large_image","twitter_site":"@Miamibeachnews","schema":{"@context":"https:\/\/schema.org","@graph":[{"@type":"WebPage","@id":"https:\/\/www.miamibeachfl.gov\/city-hall\/office-of-budget-peformance\/budget\/","url":"https:\/\/www.miamibeachfl.gov\/city-hall\/office-of-budget-peformance\/budget\/","name":"Bidj\u00e8 - Vil Miami Beach","isPartOf":{"@id":"https:\/\/www.miamibeachfl.gov\/#website"},"primaryImageOfPage":{"@id":"https:\/\/www.miamibeachfl.gov\/city-hall\/office-of-budget-peformance\/budget\/#primaryimage"},"image":{"@id":"https:\/\/www.miamibeachfl.gov\/city-hall\/office-of-budget-peformance\/budget\/#primaryimage"},"thumbnailUrl":"https:\/\/www.miamibeachfl.gov\/wp-content\/uploads\/2022\/07\/hero-small.jpg","datePublished":"2017-08-11T00:02:41+00:00","dateModified":"2026-04-24T18:34:12+00:00","description":"Plan Travay ak bidj\u00e8 any\u00e8l Miami Beach pou tout vil la s\u00e8vi k\u00f2m gid pou fason Vil la prevwa adrese priyorite kominote a nan chak ane fiskal.","breadcrumb":{"@id":"https:\/\/www.miamibeachfl.gov\/city-hall\/office-of-budget-peformance\/budget\/#breadcrumb"},"inLanguage":"ht","potentialAction":[{"@type":"ReadAction","target":["https:\/\/www.miamibeachfl.gov\/city-hall\/office-of-budget-peformance\/budget\/"]}]},{"@type":"ImageObject","inLanguage":"ht","@id":"https:\/\/www.miamibeachfl.gov\/city-hall\/office-of-budget-peformance\/budget\/#primaryimage","url":"https:\/\/www.miamibeachfl.gov\/wp-content\/uploads\/2022\/07\/hero-small.jpg","contentUrl":"https:\/\/www.miamibeachfl.gov\/wp-content\/uploads\/2022\/07\/hero-small.jpg"},{"@type":"BreadcrumbList","@id":"https:\/\/www.miamibeachfl.gov\/city-hall\/office-of-budget-peformance\/budget\/#breadcrumb","itemListElement":[{"@type":"ListItem","position":1,"name":"Home","item":"https:\/\/www.miamibeachfl.gov\/"},{"@type":"ListItem","position":2,"name":"City Hall","item":"https:\/\/www.miamibeachfl.gov\/city-hall\/"},{"@type":"ListItem","position":3,"name":"Management &amp; Budget","item":"https:\/\/www.miamibeachfl.gov\/city-hall\/office-of-budget-peformance\/"},{"@type":"ListItem","position":4,"name":"Budget"}]},{"@type":"WebSite","@id":"https:\/\/www.miamibeachfl.gov\/#website","url":"https:\/\/www.miamibeachfl.gov\/","name":"Vil Miami Beach","description":"Sitw\u00e8b ofisy\u00e8l Vil Miami Beach la. Rete enf\u00f2me, jwenn enf\u00f2masyon enp\u00f2tan sou s\u00e8vis vil la, nouv\u00e8l, al\u00e8t, ev\u00e8nman, wout tramway, travay gouv\u00e8nman an ak plis ank\u00f2.","publisher":{"@id":"https:\/\/www.miamibeachfl.gov\/#organization"},"potentialAction":[{"@type":"SearchAction","target":{"@type":"EntryPoint","urlTemplate":"https:\/\/www.miamibeachfl.gov\/?s={search_term_string}"},"query-input":{"@type":"PropertyValueSpecification","valueRequired":true,"valueName":"search_term_string"}}],"inLanguage":"ht"},{"@type":"Organization","@id":"https:\/\/www.miamibeachfl.gov\/#organization","name":"Vil Miami Beach","url":"https:\/\/www.miamibeachfl.gov\/","logo":{"@type":"ImageObject","inLanguage":"ht","@id":"https:\/\/www.miamibeachfl.gov\/#\/schema\/logo\/image\/","url":"https:\/\/www.miamibeachfl.gov\/wp-content\/uploads\/2022\/06\/miamibeach-logoblue.png","contentUrl":"https:\/\/www.miamibeachfl.gov\/wp-content\/uploads\/2022\/06\/miamibeach-logoblue.png","width":1962,"height":381,"caption":"City of Miami Beach"},"image":{"@id":"https:\/\/www.miamibeachfl.gov\/#\/schema\/logo\/image\/"},"sameAs":["https:\/\/www.facebook.com\/cityofmiamibeach","https:\/\/x.com\/Miamibeachnews","https:\/\/www.instagram.com\/miamibeachnews\/"],"description":"Sitw\u00e8b ofisy\u00e8l Vil Miami Beach la. Rete enf\u00f2me, jwenn enf\u00f2masyon enp\u00f2tan sou s\u00e8vis vil la, nouv\u00e8l, al\u00e8t, ev\u00e8nman, wout tramway, travay gouv\u00e8nman an ak plis ank\u00f2.","telephone":"305.604.CITY(2489)","legalName":"City of Miami Beach"}]}},"_links":{"self":[{"href":"https:\/\/www.miamibeachfl.gov\/ht\/wp-json\/wp\/v2\/pages\/28281","targetHints":{"allow":["GET"]}}],"collection":[{"href":"https:\/\/www.miamibeachfl.gov\/ht\/wp-json\/wp\/v2\/pages"}],"about":[{"href":"https:\/\/www.miamibeachfl.gov\/ht\/wp-json\/wp\/v2\/types\/page"}],"author":[{"embeddable":true,"href":"https:\/\/www.miamibeachfl.gov\/ht\/wp-json\/wp\/v2\/users\/222"}],"replies":[{"embeddable":true,"href":"https:\/\/www.miamibeachfl.gov\/ht\/wp-json\/wp\/v2\/comments?post=28281"}],"version-history":[{"count":12,"href":"https:\/\/www.miamibeachfl.gov\/ht\/wp-json\/wp\/v2\/pages\/28281\/revisions"}],"predecessor-version":[{"id":399491,"href":"https:\/\/www.miamibeachfl.gov\/ht\/wp-json\/wp\/v2\/pages\/28281\/revisions\/399491"}],"up":[{"embeddable":true,"href":"https:\/\/www.miamibeachfl.gov\/ht\/wp-json\/wp\/v2\/pages\/28280"}],"wp:attachment":[{"href":"https:\/\/www.miamibeachfl.gov\/ht\/wp-json\/wp\/v2\/media?parent=28281"}],"wp:term":[{"taxonomy":"category","embeddable":true,"href":"https:\/\/www.miamibeachfl.gov\/ht\/wp-json\/wp\/v2\/categories?post=28281"},{"taxonomy":"post_tag","embeddable":true,"href":"https:\/\/www.miamibeachfl.gov\/ht\/wp-json\/wp\/v2\/tags?post=28281"}],"curies":[{"name":"wp","href":"https:\/\/api.w.org\/{rel}","templated":true}]}}