{"id":28290,"date":"2017-08-11T00:02:46","date_gmt":"2017-08-11T00:02:46","guid":{"rendered":"http:\/\/www.miamibeachfl.gov\/city-hall\/office-of-budget-peformance\/budget\/financial-policies\/operating-budget-resolutions\/"},"modified":"2025-02-21T11:52:25","modified_gmt":"2025-02-21T16:52:25","slug":"operating-budget-resolutions","status":"publish","type":"page","link":"https:\/\/www.miamibeachfl.gov\/ht\/city-hall\/office-of-budget-peformance\/budget\/budget-archive\/budget-resolutions-fy-2010-2011\/operating-budget-resolutions\/","title":{"rendered":"Rezolisyon Bidj\u00e8 Operasyon\u00e8l yo"},"content":{"rendered":"<img loading=\"lazy\" decoding=\"async\" src=\"https:\/\/www.miamibeachfl.gov\/wp-content\/uploads\/2022\/07\/hero-small.jpg\" alt=\"ocean drive art deco buildings\" itemprop=\"image\" height=\"211\" width=\"2395\" title=\"ewo-piti\" onerror=\"this.style.display='none'\"  \/>\n<h1>\n\t\tRezolisyon Bidj\u00e8 Operasyon\u00e8l yo\n\t<\/h1>\n\t<nav id=\"breadcrumbs\" aria-label=\"Pen griye\"><a href=\"https:\/\/www.miamibeachfl.gov\/ht\/\">Lakay<\/a> &gt; <a href=\"https:\/\/www.miamibeachfl.gov\/ht\/city-hall\/\">Lakou Vil la<\/a> &gt; <a href=\"https:\/\/www.miamibeachfl.gov\/ht\/city-hall\/office-of-budget-peformance\/\">Biwo Jesyon ak Bidj\u00e8<\/a> &gt; <a href=\"https:\/\/www.miamibeachfl.gov\/ht\/city-hall\/office-of-budget-peformance\/budget\/\">Bidj\u00e8<\/a> &gt; <a href=\"https:\/\/www.miamibeachfl.gov\/ht\/city-hall\/office-of-budget-peformance\/budget\/budget-archive\/\">Achiv Bidj\u00e8<\/a> &gt; <a href=\"https:\/\/www.miamibeachfl.gov\/ht\/city-hall\/office-of-budget-peformance\/budget\/budget-archive\/budget-resolutions-fy-2010-2011\/\">Rezolisyon Bidj\u00e8 pou Ane Fiskal 2010 2011<\/a> &gt; <strong>Rezolisyon Bidj\u00e8 Operasyon\u00e8l yo<\/strong><\/nav>\n\t<table>\n<tbody>\n<tr>\n<td>2011-27746<\/td>\n<td><a title=\"REZO 2011.27746 FINAL\" href=\"\/wp-content\/uploads\/2017\/08\/RESO-2011.27746-FINAL.pdf\" target=\"_blank\" rel=\"noopener noreferrer\"><br \/>\nAd Valorem Millage pou Vil Miami Beach<br \/>\n<\/a><\/td>\n<\/tr>\n<tr>\n<td>2011-27747<\/td>\n<td><a title=\"REZO 2011.27747 FINAL\" href=\"\/wp-content\/uploads\/2017\/08\/RESO-2011.27747-FINAL.pdf\" target=\"_blank\" rel=\"noopener noreferrer\"><br \/>\nBidj\u00e8 pou Jeneral, S\u00e8vis D\u00e8t GO, Taks Ad Valorem Z\u00f2n Redevlopman, Antrepriz, ak Fon S\u00e8vis Ent\u00e8n<br \/>\n<\/a><\/td>\n<\/tr>\n<tr>\n<td>2011-27748<\/td>\n<td><a title=\"REZO 2011.27748 FINAL\" href=\"\/wp-content\/uploads\/2017\/08\/RESO-2011.27748-FINAL.pdf\" target=\"_blank\" rel=\"noopener noreferrer\"><br \/>\nAd Valorem Milage Distri K\u00f2t Normandy<br \/>\n<\/a><\/td>\n<\/tr>\n<tr>\n<td>2011-27749<\/td>\n<td><a title=\"REZO 2011.27749 FINAL\" href=\"\/wp-content\/uploads\/2017\/08\/RESO-2011.27749-FINAL.pdf\" target=\"_blank\" rel=\"noopener noreferrer\"><br \/>\nBidj\u00e8 Operasyon\u00e8l Distri Normandy Shores la<br \/>\n<\/a><\/td>\n<\/tr>\n<tr>\n<td>2011-27751<\/td>\n<td><a title=\"REZO 2011.27751 FINAL\" href=\"\/wp-content\/uploads\/2017\/08\/RESO-2011.27751-FINAL.pdf\" target=\"_blank\" rel=\"noopener noreferrer\"><br \/>\nFon Revni Espesyal<br \/>\n<\/a>:<br \/>\nTaks sou ot\u00e8l; 7<sup>y\u00e8m<\/sup> Garaj nan lari a; 5<sup>y\u00e8m<\/sup> ak Alton Garage; Bousdetid pou Atizay nan Espas Piblik; Fon Teknoloji Enf\u00f2masyon ak Kominikasyon<\/td>\n<\/tr>\n<tr>\n<td>578-2011<\/td>\n<td><a title=\"REZO 578.2011 FINAL\" href=\"\/wp-content\/uploads\/2017\/08\/RESO-578.2011-FINAL.pdf\" target=\"_blank\" rel=\"noopener noreferrer\"><br \/>\nZ\u00f2n Redevlopman Sant Vil la, Magazen ak Garaj Anchor, ak Magazen ak Garaj Pennsylvania Avenue<br \/>\n<\/a><\/td>\n<\/tr>\n<\/tbody>\n<\/table>\n\t\tNavige pou ale nan\u2026\t\t\t\n\t\t\t\t\t<ul id=\"menu-budget-resolution\"><li id=\"menu-item-363533\"><a href=\"https:\/\/www.miamibeachfl.gov\/ht\/city-hall\/office-of-budget-peformance\/budget\/budget-archive\/budget-resolutions-fy-2010-2011\/operating-budget-resolutions\/\">Rezolisyon Bidj\u00e8 Operasyon\u00e8l yo<\/a><\/li>\n<\/ul>\t\n\t<div class=\"page-navigation\"><a class=\"prev-page\" href=\"https:\/\/www.miamibeachfl.gov\/ht\/city-hall\/office-of-budget-peformance\/budget\/\">\u2190 Bidj\u00e8<\/a> <a class=\"next-page\" href=\"https:\/\/www.miamibeachfl.gov\/ht\/city-hall\/finance\/grants-management\/\">Jesyon Sibvansyon \u2192<\/a><\/div>","protected":false},"excerpt":{"rendered":"<p>Rezolisyon Bidj\u00e8 Operasyon\u00e8l Ak\u00e8y &gt; Lakou Vil la &gt; Biwo Jesyon ak Bidj\u00e8 &gt; Bidj\u00e8 &gt; Achiv Bidj\u00e8 &gt; Bidj\u00e8 [\u2026]<\/p>","protected":false},"author":222,"featured_media":0,"parent":28298,"menu_order":0,"comment_status":"closed","ping_status":"closed","template":"page-blank.php","meta":{"_searchwp_excluded":"","site-sidebar-layout":"default","site-content-layout":"","ast-site-content-layout":"default","site-content-style":"default","site-sidebar-style":"default","ast-global-header-display":"","ast-banner-title-visibility":"","ast-main-header-display":"","ast-hfb-above-header-display":"","ast-hfb-below-header-display":"","ast-hfb-mobile-header-display":"","site-post-title":"","ast-breadcrumbs-content":"","ast-featured-img":"","footer-sml-layout":"","theme-transparent-header-meta":"","adv-header-id-meta":"","stick-header-meta":"","header-above-stick-meta":"","header-main-stick-meta":"","header-below-stick-meta":"","astra-migrate-meta-layouts":"default","ast-page-background-enabled":"default","ast-page-background-meta":{"desktop":{"background-color":"var(--ast-global-color-5)","background-image":"","background-repeat":"repeat","background-position":"center center","background-size":"auto","background-attachment":"scroll","background-type":"","background-media":"","overlay-type":"","overlay-color":"","overlay-opacity":"","overlay-gradient":""},"tablet":{"background-color":"","background-image":"","background-repeat":"repeat","background-position":"center center","background-size":"auto","background-attachment":"scroll","background-type":"","background-media":"","overlay-type":"","overlay-color":"","overlay-opacity":"","overlay-gradient":""},"mobile":{"background-color":"","background-image":"","background-repeat":"repeat","background-position":"center center","background-size":"auto","background-attachment":"scroll","background-type":"","background-media":"","overlay-type":"","overlay-color":"","overlay-opacity":"","overlay-gradient":""}},"ast-content-background-meta":{"desktop":{"background-color":"var(--ast-global-color-4)","background-image":"","background-repeat":"repeat","background-position":"center center","background-size":"auto","background-attachment":"scroll","background-type":"","background-media":"","overlay-type":"","overlay-color":"","overlay-opacity":"","overlay-gradient":""},"tablet":{"background-color":"var(--ast-global-color-4)","background-image":"","background-repeat":"repeat","background-position":"center center","background-size":"auto","background-attachment":"scroll","background-type":"","background-media":"","overlay-type":"","overlay-color":"","overlay-opacity":"","overlay-gradient":""},"mobile":{"background-color":"var(--ast-global-color-4)","background-image":"","background-repeat":"repeat","background-position":"center center","background-size":"auto","background-attachment":"scroll","background-type":"","background-media":"","overlay-type":"","overlay-color":"","overlay-opacity":"","overlay-gradient":""}},"footnotes":""},"categories":[],"tags":[],"class_list":["post-28290","page","type-page","status-publish","hentry"],"yoast_head":"<!-- This site is optimized with the Yoast SEO Premium plugin v26.6 (Yoast SEO v26.6) - https:\/\/yoast.com\/wordpress\/plugins\/seo\/ -->\n<title>Operating Budget Resolutions - City of Miami Beach<\/title>\n<meta name=\"description\" content=\"%\" \/>\n<meta name=\"robots\" content=\"index, follow, max-snippet:-1, max-image-preview:large, max-video-preview:-1\" \/>\n<link rel=\"canonical\" href=\"https:\/\/www.miamibeachfl.gov\/ht\/city-hall\/office-of-budget-peformance\/budget\/budget-archive\/budget-resolutions-fy-2010-2011\/operating-budget-resolutions\/\" \/>\n<meta property=\"og:locale\" content=\"ht_HT\" \/>\n<meta property=\"og:type\" content=\"article\" \/>\n<meta property=\"og:title\" content=\"Operating Budget Resolutions\" \/>\n<meta property=\"og:description\" content=\"%\" \/>\n<meta property=\"og:url\" content=\"https:\/\/www.miamibeachfl.gov\/ht\/city-hall\/office-of-budget-peformance\/budget\/budget-archive\/budget-resolutions-fy-2010-2011\/operating-budget-resolutions\/\" \/>\n<meta property=\"og:site_name\" content=\"City of Miami Beach\" \/>\n<meta property=\"article:publisher\" content=\"https:\/\/www.facebook.com\/cityofmiamibeach\" \/>\n<meta property=\"article:modified_time\" content=\"2025-02-21T16:52:25+00:00\" \/>\n<meta property=\"og:image\" content=\"https:\/\/www.miamibeachfl.gov\/wp-content\/uploads\/2022\/07\/hero-small.jpg\" \/>\n<meta name=\"twitter:card\" content=\"summary_large_image\" \/>\n<meta name=\"twitter:site\" content=\"@Miamibeachnews\" \/>\n<script type=\"application\/ld+json\" class=\"yoast-schema-graph\">{\"@context\":\"https:\/\/schema.org\",\"@graph\":[{\"@type\":\"WebPage\",\"@id\":\"https:\/\/www.miamibeachfl.gov\/city-hall\/office-of-budget-peformance\/budget\/budget-archive\/budget-resolutions-fy-2010-2011\/operating-budget-resolutions\/\",\"url\":\"https:\/\/www.miamibeachfl.gov\/city-hall\/office-of-budget-peformance\/budget\/budget-archive\/budget-resolutions-fy-2010-2011\/operating-budget-resolutions\/\",\"name\":\"Operating Budget Resolutions - City of Miami Beach\",\"isPartOf\":{\"@id\":\"https:\/\/www.miamibeachfl.gov\/#website\"},\"primaryImageOfPage\":{\"@id\":\"https:\/\/www.miamibeachfl.gov\/city-hall\/office-of-budget-peformance\/budget\/budget-archive\/budget-resolutions-fy-2010-2011\/operating-budget-resolutions\/#primaryimage\"},\"image\":{\"@id\":\"https:\/\/www.miamibeachfl.gov\/city-hall\/office-of-budget-peformance\/budget\/budget-archive\/budget-resolutions-fy-2010-2011\/operating-budget-resolutions\/#primaryimage\"},\"thumbnailUrl\":\"https:\/\/www.miamibeachfl.gov\/wp-content\/uploads\/2022\/07\/hero-small.jpg\",\"datePublished\":\"2017-08-11T00:02:46+00:00\",\"dateModified\":\"2025-02-21T16:52:25+00:00\",\"description\":\"%\",\"breadcrumb\":{\"@id\":\"https:\/\/www.miamibeachfl.gov\/city-hall\/office-of-budget-peformance\/budget\/budget-archive\/budget-resolutions-fy-2010-2011\/operating-budget-resolutions\/#breadcrumb\"},\"inLanguage\":\"ht\",\"potentialAction\":[{\"@type\":\"ReadAction\",\"target\":[\"https:\/\/www.miamibeachfl.gov\/city-hall\/office-of-budget-peformance\/budget\/budget-archive\/budget-resolutions-fy-2010-2011\/operating-budget-resolutions\/\"]}]},{\"@type\":\"ImageObject\",\"inLanguage\":\"ht\",\"@id\":\"https:\/\/www.miamibeachfl.gov\/city-hall\/office-of-budget-peformance\/budget\/budget-archive\/budget-resolutions-fy-2010-2011\/operating-budget-resolutions\/#primaryimage\",\"url\":\"https:\/\/www.miamibeachfl.gov\/wp-content\/uploads\/2022\/07\/hero-small.jpg\",\"contentUrl\":\"https:\/\/www.miamibeachfl.gov\/wp-content\/uploads\/2022\/07\/hero-small.jpg\"},{\"@type\":\"BreadcrumbList\",\"@id\":\"https:\/\/www.miamibeachfl.gov\/city-hall\/office-of-budget-peformance\/budget\/budget-archive\/budget-resolutions-fy-2010-2011\/operating-budget-resolutions\/#breadcrumb\",\"itemListElement\":[{\"@type\":\"ListItem\",\"position\":1,\"name\":\"Home\",\"item\":\"https:\/\/www.miamibeachfl.gov\/\"},{\"@type\":\"ListItem\",\"position\":2,\"name\":\"City Hall\",\"item\":\"https:\/\/www.miamibeachfl.gov\/city-hall\/\"},{\"@type\":\"ListItem\",\"position\":3,\"name\":\"Management &amp; Budget\",\"item\":\"https:\/\/www.miamibeachfl.gov\/city-hall\/office-of-budget-peformance\/\"},{\"@type\":\"ListItem\",\"position\":4,\"name\":\"Budget\",\"item\":\"https:\/\/www.miamibeachfl.gov\/city-hall\/office-of-budget-peformance\/budget\/\"},{\"@type\":\"ListItem\",\"position\":5,\"name\":\"Budget Archive\",\"item\":\"https:\/\/www.miamibeachfl.gov\/city-hall\/office-of-budget-peformance\/budget\/budget-archive\/\"},{\"@type\":\"ListItem\",\"position\":6,\"name\":\"Budget Resolutions FY 2010 2011\",\"item\":\"https:\/\/www.miamibeachfl.gov\/city-hall\/office-of-budget-peformance\/budget\/budget-archive\/budget-resolutions-fy-2010-2011\/\"},{\"@type\":\"ListItem\",\"position\":7,\"name\":\"Operating Budget Resolutions\"}]},{\"@type\":\"WebSite\",\"@id\":\"https:\/\/www.miamibeachfl.gov\/#website\",\"url\":\"https:\/\/www.miamibeachfl.gov\/\",\"name\":\"City of Miami Beach\",\"description\":\"The official website of the City of Miami Beach. Stay informed, find important information on city services, news, alerts, events, trolley routes, government employment and more.\",\"publisher\":{\"@id\":\"https:\/\/www.miamibeachfl.gov\/#organization\"},\"potentialAction\":[{\"@type\":\"SearchAction\",\"target\":{\"@type\":\"EntryPoint\",\"urlTemplate\":\"https:\/\/www.miamibeachfl.gov\/?s={search_term_string}\"},\"query-input\":{\"@type\":\"PropertyValueSpecification\",\"valueRequired\":true,\"valueName\":\"search_term_string\"}}],\"inLanguage\":\"ht\"},{\"@type\":\"Organization\",\"@id\":\"https:\/\/www.miamibeachfl.gov\/#organization\",\"name\":\"City of Miami Beach\",\"url\":\"https:\/\/www.miamibeachfl.gov\/\",\"logo\":{\"@type\":\"ImageObject\",\"inLanguage\":\"ht\",\"@id\":\"https:\/\/www.miamibeachfl.gov\/#\/schema\/logo\/image\/\",\"url\":\"https:\/\/www.miamibeachfl.gov\/wp-content\/uploads\/2022\/06\/miamibeach-logoblue.png\",\"contentUrl\":\"https:\/\/www.miamibeachfl.gov\/wp-content\/uploads\/2022\/06\/miamibeach-logoblue.png\",\"width\":1962,\"height\":381,\"caption\":\"City of Miami Beach\"},\"image\":{\"@id\":\"https:\/\/www.miamibeachfl.gov\/#\/schema\/logo\/image\/\"},\"sameAs\":[\"https:\/\/www.facebook.com\/cityofmiamibeach\",\"https:\/\/x.com\/Miamibeachnews\",\"https:\/\/www.instagram.com\/miamibeachnews\/\"],\"description\":\"The official website of the City of Miami Beach. Stay informed, find important information on city services, news, alerts, events, trolley routes, government employment and more.\",\"telephone\":\"305.604.CITY(2489)\",\"legalName\":\"City of Miami Beach\"}]}<\/script>\n<!-- \/ Yoast SEO Premium plugin. -->","yoast_head_json":{"title":"Rezolisyon Bidj\u00e8 Operasyon\u00e8l - Vil Miami Beach","description":"%","robots":{"index":"index","follow":"follow","max-snippet":"max-snippet:-1","max-image-preview":"max-image-preview:large","max-video-preview":"max-video-preview:-1"},"canonical":"https:\/\/www.miamibeachfl.gov\/ht\/city-hall\/office-of-budget-peformance\/budget\/budget-archive\/budget-resolutions-fy-2010-2011\/operating-budget-resolutions\/","og_locale":"ht_HT","og_type":"article","og_title":"Operating Budget Resolutions","og_description":"%","og_url":"https:\/\/www.miamibeachfl.gov\/ht\/city-hall\/office-of-budget-peformance\/budget\/budget-archive\/budget-resolutions-fy-2010-2011\/operating-budget-resolutions\/","og_site_name":"City of Miami Beach","article_publisher":"https:\/\/www.facebook.com\/cityofmiamibeach","article_modified_time":"2025-02-21T16:52:25+00:00","og_image":[{"url":"https:\/\/www.miamibeachfl.gov\/wp-content\/uploads\/2022\/07\/hero-small.jpg","type":"","width":"","height":""}],"twitter_card":"summary_large_image","twitter_site":"@Miamibeachnews","schema":{"@context":"https:\/\/schema.org","@graph":[{"@type":"WebPage","@id":"https:\/\/www.miamibeachfl.gov\/city-hall\/office-of-budget-peformance\/budget\/budget-archive\/budget-resolutions-fy-2010-2011\/operating-budget-resolutions\/","url":"https:\/\/www.miamibeachfl.gov\/city-hall\/office-of-budget-peformance\/budget\/budget-archive\/budget-resolutions-fy-2010-2011\/operating-budget-resolutions\/","name":"Rezolisyon Bidj\u00e8 Operasyon\u00e8l - Vil Miami Beach","isPartOf":{"@id":"https:\/\/www.miamibeachfl.gov\/#website"},"primaryImageOfPage":{"@id":"https:\/\/www.miamibeachfl.gov\/city-hall\/office-of-budget-peformance\/budget\/budget-archive\/budget-resolutions-fy-2010-2011\/operating-budget-resolutions\/#primaryimage"},"image":{"@id":"https:\/\/www.miamibeachfl.gov\/city-hall\/office-of-budget-peformance\/budget\/budget-archive\/budget-resolutions-fy-2010-2011\/operating-budget-resolutions\/#primaryimage"},"thumbnailUrl":"https:\/\/www.miamibeachfl.gov\/wp-content\/uploads\/2022\/07\/hero-small.jpg","datePublished":"2017-08-11T00:02:46+00:00","dateModified":"2025-02-21T16:52:25+00:00","description":"%","breadcrumb":{"@id":"https:\/\/www.miamibeachfl.gov\/city-hall\/office-of-budget-peformance\/budget\/budget-archive\/budget-resolutions-fy-2010-2011\/operating-budget-resolutions\/#breadcrumb"},"inLanguage":"ht","potentialAction":[{"@type":"ReadAction","target":["https:\/\/www.miamibeachfl.gov\/city-hall\/office-of-budget-peformance\/budget\/budget-archive\/budget-resolutions-fy-2010-2011\/operating-budget-resolutions\/"]}]},{"@type":"ImageObject","inLanguage":"ht","@id":"https:\/\/www.miamibeachfl.gov\/city-hall\/office-of-budget-peformance\/budget\/budget-archive\/budget-resolutions-fy-2010-2011\/operating-budget-resolutions\/#primaryimage","url":"https:\/\/www.miamibeachfl.gov\/wp-content\/uploads\/2022\/07\/hero-small.jpg","contentUrl":"https:\/\/www.miamibeachfl.gov\/wp-content\/uploads\/2022\/07\/hero-small.jpg"},{"@type":"BreadcrumbList","@id":"https:\/\/www.miamibeachfl.gov\/city-hall\/office-of-budget-peformance\/budget\/budget-archive\/budget-resolutions-fy-2010-2011\/operating-budget-resolutions\/#breadcrumb","itemListElement":[{"@type":"ListItem","position":1,"name":"Home","item":"https:\/\/www.miamibeachfl.gov\/"},{"@type":"ListItem","position":2,"name":"City Hall","item":"https:\/\/www.miamibeachfl.gov\/city-hall\/"},{"@type":"ListItem","position":3,"name":"Management &amp; Budget","item":"https:\/\/www.miamibeachfl.gov\/city-hall\/office-of-budget-peformance\/"},{"@type":"ListItem","position":4,"name":"Budget","item":"https:\/\/www.miamibeachfl.gov\/city-hall\/office-of-budget-peformance\/budget\/"},{"@type":"ListItem","position":5,"name":"Budget Archive","item":"https:\/\/www.miamibeachfl.gov\/city-hall\/office-of-budget-peformance\/budget\/budget-archive\/"},{"@type":"ListItem","position":6,"name":"Budget Resolutions FY 2010 2011","item":"https:\/\/www.miamibeachfl.gov\/city-hall\/office-of-budget-peformance\/budget\/budget-archive\/budget-resolutions-fy-2010-2011\/"},{"@type":"ListItem","position":7,"name":"Operating Budget Resolutions"}]},{"@type":"WebSite","@id":"https:\/\/www.miamibeachfl.gov\/#website","url":"https:\/\/www.miamibeachfl.gov\/","name":"Vil Miami Beach","description":"Sitw\u00e8b ofisy\u00e8l Vil Miami Beach la. Rete enf\u00f2me, jwenn enf\u00f2masyon enp\u00f2tan sou s\u00e8vis vil la, nouv\u00e8l, al\u00e8t, ev\u00e8nman, wout tramway, travay gouv\u00e8nman an ak plis ank\u00f2.","publisher":{"@id":"https:\/\/www.miamibeachfl.gov\/#organization"},"potentialAction":[{"@type":"SearchAction","target":{"@type":"EntryPoint","urlTemplate":"https:\/\/www.miamibeachfl.gov\/?s={search_term_string}"},"query-input":{"@type":"PropertyValueSpecification","valueRequired":true,"valueName":"search_term_string"}}],"inLanguage":"ht"},{"@type":"Organization","@id":"https:\/\/www.miamibeachfl.gov\/#organization","name":"Vil Miami Beach","url":"https:\/\/www.miamibeachfl.gov\/","logo":{"@type":"ImageObject","inLanguage":"ht","@id":"https:\/\/www.miamibeachfl.gov\/#\/schema\/logo\/image\/","url":"https:\/\/www.miamibeachfl.gov\/wp-content\/uploads\/2022\/06\/miamibeach-logoblue.png","contentUrl":"https:\/\/www.miamibeachfl.gov\/wp-content\/uploads\/2022\/06\/miamibeach-logoblue.png","width":1962,"height":381,"caption":"City of Miami Beach"},"image":{"@id":"https:\/\/www.miamibeachfl.gov\/#\/schema\/logo\/image\/"},"sameAs":["https:\/\/www.facebook.com\/cityofmiamibeach","https:\/\/x.com\/Miamibeachnews","https:\/\/www.instagram.com\/miamibeachnews\/"],"description":"Sitw\u00e8b ofisy\u00e8l Vil Miami Beach la. Rete enf\u00f2me, jwenn enf\u00f2masyon enp\u00f2tan sou s\u00e8vis vil la, nouv\u00e8l, al\u00e8t, ev\u00e8nman, wout tramway, travay gouv\u00e8nman an ak plis ank\u00f2.","telephone":"305.604.CITY(2489)","legalName":"City of Miami Beach"}]}},"_links":{"self":[{"href":"https:\/\/www.miamibeachfl.gov\/ht\/wp-json\/wp\/v2\/pages\/28290","targetHints":{"allow":["GET"]}}],"collection":[{"href":"https:\/\/www.miamibeachfl.gov\/ht\/wp-json\/wp\/v2\/pages"}],"about":[{"href":"https:\/\/www.miamibeachfl.gov\/ht\/wp-json\/wp\/v2\/types\/page"}],"author":[{"embeddable":true,"href":"https:\/\/www.miamibeachfl.gov\/ht\/wp-json\/wp\/v2\/users\/222"}],"replies":[{"embeddable":true,"href":"https:\/\/www.miamibeachfl.gov\/ht\/wp-json\/wp\/v2\/comments?post=28290"}],"version-history":[{"count":0,"href":"https:\/\/www.miamibeachfl.gov\/ht\/wp-json\/wp\/v2\/pages\/28290\/revisions"}],"up":[{"embeddable":true,"href":"https:\/\/www.miamibeachfl.gov\/ht\/wp-json\/wp\/v2\/pages\/28298"}],"wp:attachment":[{"href":"https:\/\/www.miamibeachfl.gov\/ht\/wp-json\/wp\/v2\/media?parent=28290"}],"wp:term":[{"taxonomy":"category","embeddable":true,"href":"https:\/\/www.miamibeachfl.gov\/ht\/wp-json\/wp\/v2\/categories?post=28290"},{"taxonomy":"post_tag","embeddable":true,"href":"https:\/\/www.miamibeachfl.gov\/ht\/wp-json\/wp\/v2\/tags?post=28290"}],"curies":[{"name":"wp","href":"https:\/\/api.w.org\/{rel}","templated":true}]}}