{"id":28331,"date":"2017-08-11T00:03:15","date_gmt":"2017-08-11T00:03:15","guid":{"rendered":"http:\/\/www.miamibeachfl.gov\/city-hall\/code-compliance\/code-violations\/appeal-violations\/"},"modified":"2025-11-18T05:49:36","modified_gmt":"2025-11-18T10:49:36","slug":"appeal-violations","status":"publish","type":"page","link":"https:\/\/www.miamibeachfl.gov\/ht\/city-hall\/code-compliance\/appeal-violations\/","title":{"rendered":"Vyolasyon Ap\u00e8l"},"content":{"rendered":"<h1>\n\t\t\tVyolasyon Ap\u00e8l\t<\/h1>\nMeni Konf\u00f2mite K\u00f2d\t\t\t\n\t\t\t\t\t<ul id=\"menu-code-compliance\"><li id=\"menu-item-257356\"><a href=\"\/ht\/city-hall\/code-compliance\/\">Konf\u00f2mite K\u00f2d<\/a><\/li>\n<li id=\"menu-item-257357\"><a href=\"\/ht\/city-hall\/code-compliance\/code-violations\/\">Vyolasyon K\u00f2d<\/a><\/li>\n<li id=\"menu-item-257358\"><a href=\"\/ht\/city-hall\/code-compliance\/code-invoice-request\/\">Demann Fakti K\u00f2d<\/a><\/li>\n<li id=\"menu-item-257359\"><a href=\"\/ht\/city-hall\/code-compliance\/appeal-violations\/\">Vyolasyon Ap\u00e8l<\/a><\/li>\n<li id=\"menu-item-360398\"><a href=\"https:\/\/www.miamibeachfl.gov\/ht\/city-hall\/code-compliance\/administrators\/\">Administrat\u00e8 Konf\u00f2mite K\u00f2d<\/a><\/li>\n<li id=\"menu-item-254588\"><a href=\"\/ht\/city-hall\/code-compliance\/#codecompliancehours\">Konf\u00f2mite K\u00f2d Kontakte<\/a><\/li>\n<\/ul>\t\nMeni Konf\u00f2mite K\u00f2d \u00d7\t\t\t\t\t\t<ul id=\"menu-code-compliance-1\"><li id=\"menu-item-257356\"><a href=\"\/ht\/city-hall\/code-compliance\/\">Konf\u00f2mite K\u00f2d<\/a><\/li>\n<li id=\"menu-item-257357\"><a href=\"\/ht\/city-hall\/code-compliance\/code-violations\/\">Vyolasyon K\u00f2d<\/a><\/li>\n<li id=\"menu-item-257358\"><a href=\"\/ht\/city-hall\/code-compliance\/code-invoice-request\/\">Demann Fakti K\u00f2d<\/a><\/li>\n<li id=\"menu-item-257359\"><a href=\"\/ht\/city-hall\/code-compliance\/appeal-violations\/\">Vyolasyon Ap\u00e8l<\/a><\/li>\n<li id=\"menu-item-360398\"><a href=\"https:\/\/www.miamibeachfl.gov\/ht\/city-hall\/code-compliance\/administrators\/\">Administrat\u00e8 Konf\u00f2mite K\u00f2d<\/a><\/li>\n<li id=\"menu-item-254588\"><a href=\"\/ht\/city-hall\/code-compliance\/#codecompliancehours\">Konf\u00f2mite K\u00f2d Kontakte<\/a><\/li>\n<\/ul>\t\t\t\t\n\t<p>Tanpri pran n\u00f2t ke apati 2 me 2024, tout odyans Majistra Espesyal yo ap f\u00e8t an p\u00e8s\u00f2n nan Chanm Komisyon Twazy\u00e8m Etaj la nan Meri a.<\/p>\n\t<p>Nenp\u00f2t moun ki santi l blese pa desizyon yon ofisye Konf\u00f2mite K\u00f2d la ki bay yon vyolasyon ka mande yon odyans administratif devan Majistra Espesyal la l\u00e8 li soum\u00e8t yon demann alekri nan Biwo Grefye Vil la ki sitiye nan 1700 Convention Center Drive, Miami Beach, FL 33139.<\/p>\n<p>Tanpri tcheke vyolasyon an pou enf\u00f2masyon espesifik sou konbyen jou ou genyen apre ou fin resevwa yon vyolasyon pou soum\u00e8t yon demann ap\u00e8l al\u00e8, paske jou pou yon ap\u00e8l ka varye de vyolasyon an vyolasyon. Montan $128 la dwe akonpaye demann ap\u00e8l alekri a. Ch\u00e8k, kat kredi, oswa lajan kach se met\u00f2d peman akseptab. Si moun k ap f\u00e8 ap\u00e8l la reyisi nan odyans lan, y ap voye $128 la tounen.<\/p>\n<p><strong>Sekret\u00e8 Minisipal la ap avize moun ki f\u00e8 ap\u00e8l la dat ak l\u00e8 odyans lan. Si ou gen nenp\u00f2t kesyon kons\u00e8nan ap\u00e8l kont yon vyolasyon k\u00f2d, kontakte Majistra Espesyal la nan\u00a0<a href=\"tel:3056737181\">305.673.7181<\/a>.\u00a0<\/strong><\/p>\n\t\t\t<a href=\"http:\/\/docmgmt.miamibeachfl.gov\/weblink\/0\/fol\/149039\/Row1.aspx\" target=\"_blank\" rel=\"noopener\">\n\t\t\t\t\t\tPou Ajanda Majistra Espesyal la, klike la a.\n\t\t\t\t\t<\/a>\n\t\t<a href=\"https:\/\/www.miamibeachfl.gov\/ht\/city-hall\/code-compliance\/hernan-cardeno\/\" target =\"_self\" aria-label=\"Ale sou https:\/\/www.miamibeachfl.gov\/city-hall\/code-compliance\/hernan-cardeno\/\">\t\t\n\t\t\t\t<img decoding=\"async\" src=\"https:\/\/www.miamibeachfl.gov\/wp-content\/uploads\/bb-plugin\/cache\/HernanCordero100sq-circle.jpg\" alt=\"Hernan Cordero\" title=\"HernanCordero 100 kare kare\" itemprop=\"image\"\/>\n\t\t<\/a>\t\t \n\t\t<h3><a href=\"https:\/\/www.miamibeachfl.gov\/ht\/city-hall\/code-compliance\/hernan-cardeno\/\" target =\"_self\">Hernan D. Cardeno, Esk. | Biyografi<\/a><\/h3>Direkt\u00e8 Konf\u00f2mite K\u00f2d la, Hernan Cardeno, se yon veteran 34 ane nan f\u00f2s lapolis. Li te premye s\u00e8vi nan Depatman Lapolis Bal Harbour kote li te monte nan ran pou rive nan Adjwen Ch\u00e8f Lapolis. \t\t\t\t\t\n\t<ul>\n\t\t<li><a href=\"https:\/\/goo.gl\/maps\/VnaR71PysNf7E2wy5\" target=\"_blank\" rel=\"noopener\" aria-label=\"Ale sou https:\/\/goo.gl\/maps\/VnaR71PysNf7E2wy5\">\t\t\t\t\n\t\t<h3>Kote Biwo a:<\/h3><p>1680 Meridian Avenue | Suite 602<br \/>Miami Beach, Florid 33139<\/p><\/a><\/li><li><a href=\"tel:3056737555\" target=\"_self\"  aria-label=\"Ale nan nimewo telef\u00f2n sa a: 3056737555\">\t\t\t\t\n\t\t<h3>Nimewo Prensipal:<\/h3><p>305.673.7555<\/p><\/a><\/li>\t<\/ul>\n\t\t\t\t Or\u00e8 Biwo Resepsyon an: <br \/>Madi jiska Vandredi (eksepte jou ferye): 8:30 am pou rive 12:00 pm <br \/> Epi 1:00 pm pou rive 3:30 pm <br \/>(F\u00e8men soti midi pou rive 1\u00e8) An s\u00e8vis<br \/>Or\u00e8 Aplikasyon:\t\t\t\t\n\t\t\t\t <strong>Lendi, Madi, M\u00e8kredi ak Dimanch:<\/strong><br \/>6:00 am pou rive 1:00 am<br \/><strong>Jedi:<\/strong><br \/>6:00 am pou rive 3:00 am<br \/><strong>Vandredi ak Samdi:<\/strong><br \/>24 \u00e8dtan Pou kesyon oswa enf\u00f2masyon pandan<br \/>l\u00e8 n\u00f2mal biwo biznis:\t\t\t\t\n\t\t\t\t <strong>Rele: <a href=\"tel:3056737555\">305.673.7555<\/a><\/strong>\t\t\t\t\n\t\t\t\t Pou rap\u00f2te yon vyolasyon, nenp\u00f2t ki l\u00e8:\t\t\t\t\n\t\t\t\t <strong>Rele: <a href=\"tel:3056738285\">(305) 673-8285<\/a><\/strong>\t\t\t\t\n\t\t\t\t Pou rap\u00f2te yon vyolasyon oswa pou pale ak yon sip\u00e8viz\u00e8 ki de s\u00e8vis pandan wikenn ak nan asw\u00e8:\t\t\t\t\n\t\t\t\t <strong>Rele: <a href=\"tel:3056738285\">(305) 673-8285<\/a><\/strong>\t\t\t\t\n\t\t\t<a href=\"https:\/\/www.miamibeachfl.gov\/wp-content\/uploads\/2024\/11\/Additional-Contact-Info.pdf\" target=\"_blank\" rel=\"noopener\">\n\t\t\t\t\t\tEnf\u00f2masyon pou Kontakte Anplis\n\t\t\t\t\t<\/a>","protected":false},"excerpt":{"rendered":"<p>Appeal Violations Code Compliance Menu Code Compliance Code Violations Code Invoice Request Appeal Violation Code Compliance Administrators Contact Code Compliance [&hellip;]<\/p>\n","protected":false},"author":222,"featured_media":0,"parent":28329,"menu_order":0,"comment_status":"closed","ping_status":"closed","template":"","meta":{"_searchwp_excluded":"","site-sidebar-layout":"default","site-content-layout":"","ast-site-content-layout":"default","site-content-style":"default","site-sidebar-style":"default","ast-global-header-display":"","ast-banner-title-visibility":"","ast-main-header-display":"","ast-hfb-above-header-display":"","ast-hfb-below-header-display":"","ast-hfb-mobile-header-display":"","site-post-title":"","ast-breadcrumbs-content":"","ast-featured-img":"","footer-sml-layout":"","theme-transparent-header-meta":"","adv-header-id-meta":"","stick-header-meta":"","header-above-stick-meta":"","header-main-stick-meta":"","header-below-stick-meta":"","astra-migrate-meta-layouts":"default","ast-page-background-enabled":"default","ast-page-background-meta":{"desktop":{"background-color":"var(--ast-global-color-5)","background-image":"","background-repeat":"repeat","background-position":"center center","background-size":"auto","background-attachment":"scroll","background-type":"","background-media":"","overlay-type":"","overlay-color":"","overlay-opacity":"","overlay-gradient":""},"tablet":{"background-color":"","background-image":"","background-repeat":"repeat","background-position":"center center","background-size":"auto","background-attachment":"scroll","background-type":"","background-media":"","overlay-type":"","overlay-color":"","overlay-opacity":"","overlay-gradient":""},"mobile":{"background-color":"","background-image":"","background-repeat":"repeat","background-position":"center center","background-size":"auto","background-attachment":"scroll","background-type":"","background-media":"","overlay-type":"","overlay-color":"","overlay-opacity":"","overlay-gradient":""}},"ast-content-background-meta":{"desktop":{"background-color":"var(--ast-global-color-4)","background-image":"","background-repeat":"repeat","background-position":"center center","background-size":"auto","background-attachment":"scroll","background-type":"","background-media":"","overlay-type":"","overlay-color":"","overlay-opacity":"","overlay-gradient":""},"tablet":{"background-color":"var(--ast-global-color-4)","background-image":"","background-repeat":"repeat","background-position":"center center","background-size":"auto","background-attachment":"scroll","background-type":"","background-media":"","overlay-type":"","overlay-color":"","overlay-opacity":"","overlay-gradient":""},"mobile":{"background-color":"var(--ast-global-color-4)","background-image":"","background-repeat":"repeat","background-position":"center center","background-size":"auto","background-attachment":"scroll","background-type":"","background-media":"","overlay-type":"","overlay-color":"","overlay-opacity":"","overlay-gradient":""}},"footnotes":""},"categories":[],"tags":[],"class_list":["post-28331","page","type-page","status-publish","hentry"],"yoast_head":"<!-- This site is optimized with the Yoast SEO Premium plugin v27.4 (Yoast SEO v27.4) - https:\/\/yoast.com\/product\/yoast-seo-premium-wordpress\/ -->\n<title>Appeal\u00a0 Violations - City of Miami Beach<\/title>\n<meta name=\"description\" content=\"Any person aggrieved by the decision of a Code Compliance officer in issuing a violation, may request an administrative hearing before the Special Magistrate by submitting a written request in the City Clerk\u2019s Office located at 1700 Convention Center Drive, Miami Beach, FL 33139.\" \/>\n<meta name=\"robots\" content=\"index, follow, max-snippet:-1, max-image-preview:large, max-video-preview:-1\" \/>\n<link rel=\"canonical\" href=\"https:\/\/www.miamibeachfl.gov\/ht\/city-hall\/code-compliance\/appeal-violations\/\" \/>\n<meta property=\"og:locale\" content=\"ht_HT\" \/>\n<meta property=\"og:type\" content=\"article\" \/>\n<meta property=\"og:title\" content=\"Appeal\u00a0 Violations\" \/>\n<meta property=\"og:description\" content=\"Any person aggrieved by the decision of a Code Compliance officer in issuing a violation, may request an administrative hearing before the Special Magistrate by submitting a written request in the City Clerk\u2019s Office located at 1700 Convention Center Drive, Miami Beach, FL 33139.\" \/>\n<meta property=\"og:url\" content=\"https:\/\/www.miamibeachfl.gov\/ht\/city-hall\/code-compliance\/appeal-violations\/\" \/>\n<meta property=\"og:site_name\" content=\"City of Miami Beach\" \/>\n<meta property=\"article:publisher\" content=\"https:\/\/www.facebook.com\/cityofmiamibeach\" \/>\n<meta property=\"article:modified_time\" content=\"2025-11-18T10:49:36+00:00\" \/>\n<meta property=\"og:image\" content=\"https:\/\/www.miamibeachfl.gov\/wp-content\/uploads\/bb-plugin\/cache\/HernanCordero100sq-circle.jpg\" \/>\n<meta name=\"twitter:card\" content=\"summary_large_image\" \/>\n<meta name=\"twitter:site\" content=\"@Miamibeachnews\" \/>\n<script type=\"application\/ld+json\" class=\"yoast-schema-graph\">{\"@context\":\"https:\\\/\\\/schema.org\",\"@graph\":[{\"@type\":\"WebPage\",\"@id\":\"https:\\\/\\\/www.miamibeachfl.gov\\\/city-hall\\\/code-compliance\\\/appeal-violations\\\/\",\"url\":\"https:\\\/\\\/www.miamibeachfl.gov\\\/city-hall\\\/code-compliance\\\/appeal-violations\\\/\",\"name\":\"Appeal\u00a0 Violations - City of Miami Beach\",\"isPartOf\":{\"@id\":\"https:\\\/\\\/www.miamibeachfl.gov\\\/#website\"},\"primaryImageOfPage\":{\"@id\":\"https:\\\/\\\/www.miamibeachfl.gov\\\/city-hall\\\/code-compliance\\\/appeal-violations\\\/#primaryimage\"},\"image\":{\"@id\":\"https:\\\/\\\/www.miamibeachfl.gov\\\/city-hall\\\/code-compliance\\\/appeal-violations\\\/#primaryimage\"},\"thumbnailUrl\":\"https:\\\/\\\/www.miamibeachfl.gov\\\/wp-content\\\/uploads\\\/bb-plugin\\\/cache\\\/HernanCordero100sq-circle.jpg\",\"datePublished\":\"2017-08-11T00:03:15+00:00\",\"dateModified\":\"2025-11-18T10:49:36+00:00\",\"description\":\"Any person aggrieved by the decision of a Code Compliance officer in issuing a violation, may request an administrative hearing before the Special Magistrate by submitting a written request in the City Clerk\u2019s Office located at 1700 Convention Center Drive, Miami Beach, FL 33139.\",\"breadcrumb\":{\"@id\":\"https:\\\/\\\/www.miamibeachfl.gov\\\/city-hall\\\/code-compliance\\\/appeal-violations\\\/#breadcrumb\"},\"inLanguage\":\"ht\",\"potentialAction\":[{\"@type\":\"ReadAction\",\"target\":[\"https:\\\/\\\/www.miamibeachfl.gov\\\/city-hall\\\/code-compliance\\\/appeal-violations\\\/\"]}]},{\"@type\":\"ImageObject\",\"inLanguage\":\"ht\",\"@id\":\"https:\\\/\\\/www.miamibeachfl.gov\\\/city-hall\\\/code-compliance\\\/appeal-violations\\\/#primaryimage\",\"url\":\"https:\\\/\\\/www.miamibeachfl.gov\\\/wp-content\\\/uploads\\\/bb-plugin\\\/cache\\\/HernanCordero100sq-circle.jpg\",\"contentUrl\":\"https:\\\/\\\/www.miamibeachfl.gov\\\/wp-content\\\/uploads\\\/bb-plugin\\\/cache\\\/HernanCordero100sq-circle.jpg\"},{\"@type\":\"BreadcrumbList\",\"@id\":\"https:\\\/\\\/www.miamibeachfl.gov\\\/city-hall\\\/code-compliance\\\/appeal-violations\\\/#breadcrumb\",\"itemListElement\":[{\"@type\":\"ListItem\",\"position\":1,\"name\":\"Home\",\"item\":\"https:\\\/\\\/www.miamibeachfl.gov\\\/\"},{\"@type\":\"ListItem\",\"position\":2,\"name\":\"City Hall\",\"item\":\"https:\\\/\\\/www.miamibeachfl.gov\\\/city-hall\\\/\"},{\"@type\":\"ListItem\",\"position\":3,\"name\":\"Code Compliance\",\"item\":\"https:\\\/\\\/www.miamibeachfl.gov\\\/city-hall\\\/code-compliance\\\/\"},{\"@type\":\"ListItem\",\"position\":4,\"name\":\"Appeal\u00a0 Violations\"}]},{\"@type\":\"WebSite\",\"@id\":\"https:\\\/\\\/www.miamibeachfl.gov\\\/#website\",\"url\":\"https:\\\/\\\/www.miamibeachfl.gov\\\/\",\"name\":\"City of Miami Beach\",\"description\":\"The official website of the City of Miami Beach. Stay informed, find important information on city services, news, alerts, events, trolley routes, government employment and more.\",\"publisher\":{\"@id\":\"https:\\\/\\\/www.miamibeachfl.gov\\\/#organization\"},\"potentialAction\":[{\"@type\":\"SearchAction\",\"target\":{\"@type\":\"EntryPoint\",\"urlTemplate\":\"https:\\\/\\\/www.miamibeachfl.gov\\\/?s={search_term_string}\"},\"query-input\":{\"@type\":\"PropertyValueSpecification\",\"valueRequired\":true,\"valueName\":\"search_term_string\"}}],\"inLanguage\":\"ht\"},{\"@type\":\"Organization\",\"@id\":\"https:\\\/\\\/www.miamibeachfl.gov\\\/#organization\",\"name\":\"City of Miami Beach\",\"url\":\"https:\\\/\\\/www.miamibeachfl.gov\\\/\",\"logo\":{\"@type\":\"ImageObject\",\"inLanguage\":\"ht\",\"@id\":\"https:\\\/\\\/www.miamibeachfl.gov\\\/#\\\/schema\\\/logo\\\/image\\\/\",\"url\":\"https:\\\/\\\/www.miamibeachfl.gov\\\/wp-content\\\/uploads\\\/2022\\\/06\\\/miamibeach-logoblue.png\",\"contentUrl\":\"https:\\\/\\\/www.miamibeachfl.gov\\\/wp-content\\\/uploads\\\/2022\\\/06\\\/miamibeach-logoblue.png\",\"width\":1962,\"height\":381,\"caption\":\"City of Miami Beach\"},\"image\":{\"@id\":\"https:\\\/\\\/www.miamibeachfl.gov\\\/#\\\/schema\\\/logo\\\/image\\\/\"},\"sameAs\":[\"https:\\\/\\\/www.facebook.com\\\/cityofmiamibeach\",\"https:\\\/\\\/x.com\\\/Miamibeachnews\",\"https:\\\/\\\/www.instagram.com\\\/miamibeachnews\\\/\"],\"description\":\"The official website of the City of Miami Beach. Stay informed, find important information on city services, news, alerts, events, trolley routes, government employment and more.\",\"telephone\":\"305.604.CITY(2489)\",\"legalName\":\"City of Miami Beach\"}]}<\/script>\n<!-- \/ Yoast SEO Premium plugin. -->","yoast_head_json":{"title":"Vyolasyon Ap\u00e8l - Vil Miami Beach","description":"Nenp\u00f2t moun ki santi l blese pa desizyon yon ofisye Konf\u00f2mite K\u00f2d la ki bay yon vyolasyon, ka mande yon odyans administratif devan Majistra Espesyal la l\u00e8 li soum\u00e8t yon demann alekri nan Biwo Grefye Vil la ki sitiye nan 1700 Convention Center Drive, Miami Beach, FL 33139.","robots":{"index":"index","follow":"follow","max-snippet":"max-snippet:-1","max-image-preview":"max-image-preview:large","max-video-preview":"max-video-preview:-1"},"canonical":"https:\/\/www.miamibeachfl.gov\/ht\/city-hall\/code-compliance\/appeal-violations\/","og_locale":"ht_HT","og_type":"article","og_title":"Appeal\u00a0 Violations","og_description":"Any person aggrieved by the decision of a Code Compliance officer in issuing a violation, may request an administrative hearing before the Special Magistrate by submitting a written request in the City Clerk\u2019s Office located at 1700 Convention Center Drive, Miami Beach, FL 33139.","og_url":"https:\/\/www.miamibeachfl.gov\/ht\/city-hall\/code-compliance\/appeal-violations\/","og_site_name":"City of Miami Beach","article_publisher":"https:\/\/www.facebook.com\/cityofmiamibeach","article_modified_time":"2025-11-18T10:49:36+00:00","og_image":[{"url":"https:\/\/www.miamibeachfl.gov\/wp-content\/uploads\/bb-plugin\/cache\/HernanCordero100sq-circle.jpg","type":"","width":"","height":""}],"twitter_card":"summary_large_image","twitter_site":"@Miamibeachnews","schema":{"@context":"https:\/\/schema.org","@graph":[{"@type":"WebPage","@id":"https:\/\/www.miamibeachfl.gov\/city-hall\/code-compliance\/appeal-violations\/","url":"https:\/\/www.miamibeachfl.gov\/city-hall\/code-compliance\/appeal-violations\/","name":"Vyolasyon Ap\u00e8l - Vil Miami Beach","isPartOf":{"@id":"https:\/\/www.miamibeachfl.gov\/#website"},"primaryImageOfPage":{"@id":"https:\/\/www.miamibeachfl.gov\/city-hall\/code-compliance\/appeal-violations\/#primaryimage"},"image":{"@id":"https:\/\/www.miamibeachfl.gov\/city-hall\/code-compliance\/appeal-violations\/#primaryimage"},"thumbnailUrl":"https:\/\/www.miamibeachfl.gov\/wp-content\/uploads\/bb-plugin\/cache\/HernanCordero100sq-circle.jpg","datePublished":"2017-08-11T00:03:15+00:00","dateModified":"2025-11-18T10:49:36+00:00","description":"Nenp\u00f2t moun ki santi l blese pa desizyon yon ofisye Konf\u00f2mite K\u00f2d la ki bay yon vyolasyon, ka mande yon odyans administratif devan Majistra Espesyal la l\u00e8 li soum\u00e8t yon demann alekri nan Biwo Grefye Vil la ki sitiye nan 1700 Convention Center Drive, Miami Beach, FL 33139.","breadcrumb":{"@id":"https:\/\/www.miamibeachfl.gov\/city-hall\/code-compliance\/appeal-violations\/#breadcrumb"},"inLanguage":"ht","potentialAction":[{"@type":"ReadAction","target":["https:\/\/www.miamibeachfl.gov\/city-hall\/code-compliance\/appeal-violations\/"]}]},{"@type":"ImageObject","inLanguage":"ht","@id":"https:\/\/www.miamibeachfl.gov\/city-hall\/code-compliance\/appeal-violations\/#primaryimage","url":"https:\/\/www.miamibeachfl.gov\/wp-content\/uploads\/bb-plugin\/cache\/HernanCordero100sq-circle.jpg","contentUrl":"https:\/\/www.miamibeachfl.gov\/wp-content\/uploads\/bb-plugin\/cache\/HernanCordero100sq-circle.jpg"},{"@type":"BreadcrumbList","@id":"https:\/\/www.miamibeachfl.gov\/city-hall\/code-compliance\/appeal-violations\/#breadcrumb","itemListElement":[{"@type":"ListItem","position":1,"name":"Home","item":"https:\/\/www.miamibeachfl.gov\/"},{"@type":"ListItem","position":2,"name":"City Hall","item":"https:\/\/www.miamibeachfl.gov\/city-hall\/"},{"@type":"ListItem","position":3,"name":"Code Compliance","item":"https:\/\/www.miamibeachfl.gov\/city-hall\/code-compliance\/"},{"@type":"ListItem","position":4,"name":"Appeal\u00a0 Violations"}]},{"@type":"WebSite","@id":"https:\/\/www.miamibeachfl.gov\/#website","url":"https:\/\/www.miamibeachfl.gov\/","name":"Vil Miami Beach","description":"Sitw\u00e8b ofisy\u00e8l Vil Miami Beach la. Rete enf\u00f2me, jwenn enf\u00f2masyon enp\u00f2tan sou s\u00e8vis vil la, nouv\u00e8l, al\u00e8t, ev\u00e8nman, wout tramway, travay gouv\u00e8nman an ak plis ank\u00f2.","publisher":{"@id":"https:\/\/www.miamibeachfl.gov\/#organization"},"potentialAction":[{"@type":"SearchAction","target":{"@type":"EntryPoint","urlTemplate":"https:\/\/www.miamibeachfl.gov\/?s={search_term_string}"},"query-input":{"@type":"PropertyValueSpecification","valueRequired":true,"valueName":"search_term_string"}}],"inLanguage":"ht"},{"@type":"Organization","@id":"https:\/\/www.miamibeachfl.gov\/#organization","name":"Vil Miami Beach","url":"https:\/\/www.miamibeachfl.gov\/","logo":{"@type":"ImageObject","inLanguage":"ht","@id":"https:\/\/www.miamibeachfl.gov\/#\/schema\/logo\/image\/","url":"https:\/\/www.miamibeachfl.gov\/wp-content\/uploads\/2022\/06\/miamibeach-logoblue.png","contentUrl":"https:\/\/www.miamibeachfl.gov\/wp-content\/uploads\/2022\/06\/miamibeach-logoblue.png","width":1962,"height":381,"caption":"City of Miami Beach"},"image":{"@id":"https:\/\/www.miamibeachfl.gov\/#\/schema\/logo\/image\/"},"sameAs":["https:\/\/www.facebook.com\/cityofmiamibeach","https:\/\/x.com\/Miamibeachnews","https:\/\/www.instagram.com\/miamibeachnews\/"],"description":"Sitw\u00e8b ofisy\u00e8l Vil Miami Beach la. Rete enf\u00f2me, jwenn enf\u00f2masyon enp\u00f2tan sou s\u00e8vis vil la, nouv\u00e8l, al\u00e8t, ev\u00e8nman, wout tramway, travay gouv\u00e8nman an ak plis ank\u00f2.","telephone":"305.604.CITY(2489)","legalName":"City of Miami Beach"}]}},"_links":{"self":[{"href":"https:\/\/www.miamibeachfl.gov\/ht\/wp-json\/wp\/v2\/pages\/28331","targetHints":{"allow":["GET"]}}],"collection":[{"href":"https:\/\/www.miamibeachfl.gov\/ht\/wp-json\/wp\/v2\/pages"}],"about":[{"href":"https:\/\/www.miamibeachfl.gov\/ht\/wp-json\/wp\/v2\/types\/page"}],"author":[{"embeddable":true,"href":"https:\/\/www.miamibeachfl.gov\/ht\/wp-json\/wp\/v2\/users\/222"}],"replies":[{"embeddable":true,"href":"https:\/\/www.miamibeachfl.gov\/ht\/wp-json\/wp\/v2\/comments?post=28331"}],"version-history":[{"count":1,"href":"https:\/\/www.miamibeachfl.gov\/ht\/wp-json\/wp\/v2\/pages\/28331\/revisions"}],"predecessor-version":[{"id":392181,"href":"https:\/\/www.miamibeachfl.gov\/ht\/wp-json\/wp\/v2\/pages\/28331\/revisions\/392181"}],"up":[{"embeddable":true,"href":"https:\/\/www.miamibeachfl.gov\/ht\/wp-json\/wp\/v2\/pages\/28329"}],"wp:attachment":[{"href":"https:\/\/www.miamibeachfl.gov\/ht\/wp-json\/wp\/v2\/media?parent=28331"}],"wp:term":[{"taxonomy":"category","embeddable":true,"href":"https:\/\/www.miamibeachfl.gov\/ht\/wp-json\/wp\/v2\/categories?post=28331"},{"taxonomy":"post_tag","embeddable":true,"href":"https:\/\/www.miamibeachfl.gov\/ht\/wp-json\/wp\/v2\/tags?post=28331"}],"curies":[{"name":"wp","href":"https:\/\/api.w.org\/{rel}","templated":true}]}}