{"id":28365,"date":"2017-08-11T00:03:41","date_gmt":"2017-08-11T00:03:41","guid":{"rendered":"http:\/\/www.miamibeachfl.gov\/city-hall\/city-clerk\/lobbyist-information\/"},"modified":"2026-04-10T15:25:56","modified_gmt":"2026-04-10T19:25:56","slug":"lobbyist-information","status":"publish","type":"page","link":"https:\/\/www.miamibeachfl.gov\/ht\/city-hall\/city-clerk\/lobbyist-information\/","title":{"rendered":"Enf\u00f2masyon sou Lobis"},"content":{"rendered":"<figure itemscope itemtype=\"https:\/\/schema.org\/ImageObject\">\n\t\t\t\t<img decoding=\"async\" src=\"https:\/\/www.miamibeachfl.gov\/wp-content\/uploads\/2022\/07\/hero-small.jpg\" alt=\"ocean drive art deco buildings\" height=\"211\" width=\"2395\" title=\"ewo-piti\" onerror=\"this.style.display='none'\" loading=\"lazy\" \/>\n\t<\/figure>\n<h1>\n\t\t\tEnf\u00f2masyon sou Lobis\t<\/h1>\n\t<nav id=\"breadcrumbs\" aria-label=\"Pen griye\"><a href=\"https:\/\/www.miamibeachfl.gov\/ht\/\">Lakay<\/a> &gt; <a href=\"https:\/\/www.miamibeachfl.gov\/ht\/city-hall\/\">Lakou Vil la<\/a> &gt; <a href=\"https:\/\/www.miamibeachfl.gov\/ht\/city-hall\/city-clerk\/\">Grefye Vil la<\/a> &gt; <strong>Enf\u00f2masyon sou Lobis<\/strong><\/nav>\n\t<p>Lobiis vle di tout moun ki anplwaye oswa ki kenbe, kit yo peye oswa non, pa yon direkt\u00e8 lek\u00f2l k ap ch\u00e8che ankouraje pasaj, revokasyon oswa modifikasyon nenp\u00f2t \u00f2donans, rezolisyon, aksyon oswa desizyon nenp\u00f2t komis\u00e8; nenp\u00f2t aksyon, desizyon, rek\u00f2mandasyon Direkt\u00e8 Minisipal la oswa nenp\u00f2t kons\u00e8y oswa komite Minisipal la; oswa nenp\u00f2t aksyon, desizyon oswa rek\u00f2mandasyon nenp\u00f2t p\u00e8son\u00e8l Minisipal pandan tout pery\u00f2d pwosesis pran desizyon an sou aksyon, desizyon oswa rek\u00f2mandasyon sa a ke Komisyon Minisipal la, oswa yon kons\u00e8y oswa komite Minisipal la pral tande oswa revize. T\u00e8m nan gen ladan espesyalman direkt\u00e8 lek\u00f2l la ansanm ak nenp\u00f2t anplwaye ki angaje nan aktivite lobi. T\u00e8m &quot;Lobiis&quot; la gen esklizyon espesifik. Tanpri gade K\u00f2d Vil la Chapit 2, Atik VII, Divizyon 3, ki gen tit &quot;Lobiis,&quot; pou plis enf\u00f2masyon.<\/p>\n<p><strong>Enf\u00f2masyon pou kontakte<\/strong><\/p>\n<p>Im\u00e8l: lobbyists@miamibeachfl.gov<\/p>\n<p>Telef\u00f2n: (305) 673-7411<\/p>\n<h4>F\u00f2m yo itilize souvan<\/h4>\n<p><b><em><a href=\"https:\/\/www.miamibeachfl.gov\/wp-content\/uploads\/2025\/10\/Registration-Form-100225-edit-2.1-copy-10.7-a.pdf\">F\u00f2m Enskripsyon Lobis<\/a> Revize 1ye okt\u00f2b 2025<\/em><\/b><\/p>\n<p><strong>AVI: Yo p ap aksepte okenn anrejistreman lobis ki pa konpl\u00e8. Nenp\u00f2t anrejistreman ki pa konpl\u00e8 ki soum\u00e8t ap retounen nan adr\u00e8s biznis ki endike sou f\u00f2m lan.<\/strong><\/p>\n<a href=\"https:\/\/www.miamibeachfl.gov\/wp-content\/uploads\/2025\/09\/CMB-LFEaCS.pdf\">Deklarasyon sou Depans ak Konpansasyon Fr\u00e8 Lobis (&quot;Deklarasyon&quot;)<\/a> <b><em>Revize 4 janvye 2016<br \/>\n<\/em><\/b>\n<p>Nan dat 28 fevriye chak ane, chak lobist dwe soum\u00e8t bay Biwo Sekret\u00e8 Minisipal la yon Deklarasyon siyen anba s\u00e8man, ki gen lis depans lobi yo, ansanm ak konpansasyon yo te resevwa, pou ane kalandriye anvan an kons\u00e8nan pwobl\u00e8m espesifik lobist la te angaje pou f\u00e8 lobi sou li a. Yo dwe depoze yon Deklarasyon menm si pa gen okenn depans oswa konpansasyon pandan pery\u00f2d rap\u00f2 a. T\u00e8m &quot;lobist&quot; la eskli espesyalman moun sa yo: Temwen eksp\u00e8 ki bay s\u00e8lman enf\u00f2masyon syantifik, teknik oswa l\u00f2t enf\u00f2masyon espesyalize oswa temwayaj nan reyinyon piblik; nenp\u00f2t moun ki par\u00e8t s\u00e8lman k\u00f2m reprezantan yon asosyasyon katye san konpansasyon oswa ranbousman pou aparisyon an, kit se dir\u00e8k, endir\u00e8k oswa potansy\u00e8l, pou eksprime sip\u00f2 oswa opozisyon a nenp\u00f2t atik; ak nenp\u00f2t moun ki par\u00e8t s\u00e8lman k\u00f2m reprezantan yon \u00f2ganizasyon kominot\u00e8 san bi likratif nan bi pou mande yon sibvansyon san konpansasyon espesyal oswa ranbousman pou aparisyon an.<\/p>\n<p><a href=\"http:\/\/www.miamibeachfl.gov\/wp-content\/uploads\/2019\/03\/ANNUAL-LOBBYIST-REGISTRATION-FORM-reg.pdf\">F\u00f2m Fr\u00e8 Enskripsyon Any\u00e8l la<\/a><\/p>\n<p><strong><a href=\"https:\/\/www.miamibeachfl.gov\/wp-content\/uploads\/2026\/03\/Neighborhood-Homeowner-Association-Representative-Registration-Form-MARCH-2026-REG-RB-FILLABLE.pdf\">F\u00f2m Enskripsyon Reprezantan Asosyasyon Pwopriyet\u00e8 Kay nan Katye a<\/a><\/strong><\/p>\n<p><a href=\"https:\/\/www.miamibeachfl.gov\/wp-content\/uploads\/2025\/09\/Change-to-Lobbyist-Registration-Form-2024-Fillable-Format.pdf\">Chanjman nan F\u00f2m Enskripsyon Lobis la<\/a> <b><em>Revize 11 janvye 2024<\/em><\/b><\/p>\n<h4><strong>Seksyon nan K\u00f2d Vil la ki Aplikab pou Lobis yo<\/strong><\/h4>\n<p><a title=\"K\u00f2d Vil la Chapit 2, Atik VII, Divizyon 3, ki gen tit &quot;Lobiist&quot;\" href=\"https:\/\/www.municode.com\/library\/fl\/miami_beach\/codes\/code_of_ordinances?nodeId=SPAGEOR_CH2AD_ARTVIISTCO_DIV3LO\" target=\"_blank\" rel=\"noopener\">Chapit 2, Atik VII, Divizyon 3, ki gen tit &quot;Lobiist&quot; nan K\u00f2d Vil la<\/a><\/p>\n<p><a href=\"https:\/\/www.miamibeachfl.gov\/wp-content\/uploads\/2025\/09\/Ordinance-2025-4775.pdf\">\u00d2donans 2025-4775<\/a><\/p>\n<p><b>N\u00f2t:<\/b>\u00a0An ak\u00f2 av\u00e8k Seksyon 2-482(a)(4) K\u00f2d Vil la, yon lobis ki te bay s\u00e8vis konsiltasyon kanpay bay yon manm akty\u00e8l Komisyon Vil la nan d\u00e8nye sik eleksyon an dwe divilge s\u00e8vis patikilye sa a sou f\u00f2m enskripsyon lobis li a epi li dwe divilge s\u00e8vis patikilye sa a oralman anvan li f\u00e8 lobi bay Komisyon Vil la nan yon reyinyon piblik.<\/p>\n<h4><strong>F\u00f2m Enskripsyon Istwa Lobis yo<\/strong><\/h4>\n<p><a href=\"https:\/\/www.miamibeachfl.gov\/wp-content\/uploads\/2026\/04\/Lobbyist-List-With-Active-Issues-as-of-04-10-2026.pdf\"><strong>Lis Lobis ki gen Pwobl\u00e8m Aktif apati 04-10-2026<\/strong><\/a><\/p>\n<p><strong><a href=\"https:\/\/www.miamibeachfl.gov\/wp-content\/uploads\/2026\/04\/Suspended-Lobbyist-List-as-of-04-10-2026.pdf\">Lis Lobis ki Sispann apati 04-10-2026<\/a><\/strong><\/p>\n<p><strong><a href=\"https:\/\/docmgmt.miamibeachfl.gov\/WebLink\/Browse.aspx?id=248442&amp;dbid=0&amp;repo=CityClerk\">Klike la a pou w\u00e8 ansyen anrejistreman lobis yo<\/a><\/strong><\/p>\n\t\tNavige pou ale nan\u2026\t\t\t\n\t\t\t\t\t<ul id=\"menu-city-clerk-main-menu\"><li id=\"menu-item-363744\"><a href=\"\/ht\/city-hall\/city-clerk\/boards-and-committees\/\">Kons\u00e8y Administrasyon ak Komite yo<\/a><\/li>\n<li id=\"menu-item-395126\"><a href=\"\/ht\/city-hall\/city-clerk\/city-commission-meeting-dates\/\">Dat Reyinyon Komisyon Vil la<\/a><\/li>\n<li id=\"menu-item-363745\"><a href=\"\/ht\/city-hall\/city-clerk\/meetings-and-agendas\/\">Reyinyon ak Ajanda Vil Miami Beach<\/a><\/li>\n<li id=\"menu-item-363746\"><a href=\"\/ht\/city-hall\/city-clerk\/discrimination-in-employment\/\">Diskriminasyon nan Anplwa<\/a><\/li>\n<li id=\"menu-item-363747\"><a href=\"\/ht\/city-hall\/city-clerk\/election-information\/\">Enf\u00f2masyon sou Eleksyon<\/a><\/li>\n<li id=\"menu-item-363748\"><a href=\"\/ht\/city-hall\/city-clerk\/forms\/\">F\u00f2m yo<\/a><\/li>\n<li id=\"menu-item-363749\"><a href=\"\/ht\/city-hall\/city-clerk\/meeting-notices\/\">Anons Legal ak Avi Piblik<\/a><\/li>\n<li id=\"menu-item-363750\"><a href=\"\/ht\/city-hall\/city-clerk\/lobbyist-information\/\">Enf\u00f2masyon sou Lobis<\/a><\/li>\n<li id=\"menu-item-363751\"><a href=\"\/ht\/city-hall\/city-clerk\/marriage-license\/\">Lisans Maryaj<\/a><\/li>\n<li id=\"menu-item-363752\"><a href=\"\/ht\/city-hall\/city-clerk\/public-records-request\/\">Dosye Piblik \/ Laserfiche<\/a><\/li>\n<li id=\"menu-item-363753\"><a href=\"\/ht\/city-hall\/city-clerk\/public-records-portal\/\">P\u00f2tal Dosye Piblik yo<\/a><\/li>\n<li id=\"menu-item-363754\"><a href=\"\/ht\/city-hall\/city-clerk\/residents-right-to-know\/\">Dwa Rezidan yo pou Konnen<\/a><\/li>\n<li id=\"menu-item-363755\"><a href=\"\/ht\/city-hall\/city-clerk\/special-magistrate\/\">Majistra Espesyal<\/a><\/li>\n<\/ul>\t\n\t<div class=\"page-navigation\"><a class=\"prev-page\" href=\"https:\/\/www.miamibeachfl.gov\/ht\/city-hall\/city-clerk\/public-records-request\/\">\u2190 Dosye Piblik \/ Laserfiche<\/a> <a class=\"next-page\" href=\"https:\/\/www.miamibeachfl.gov\/ht\/city-hall\/city-clerk\/meeting-notices\/\">Anons Legal ak Avi Piblik - Reyinyon Komisyon an \u2192<\/a><\/div>","protected":false},"excerpt":{"rendered":"<p>Enf\u00f2masyon sou Lobis Ak\u00e8y &gt; Lakou Vil la &gt; Grefye Vil la &gt; Enf\u00f2masyon sou Lobis Lobis vle di tout moun ki anplwaye oswa ki kenbe, kit se [\u2026]<\/p>","protected":false},"author":222,"featured_media":0,"parent":28337,"menu_order":94,"comment_status":"closed","ping_status":"closed","template":"","meta":{"_searchwp_excluded":"","site-sidebar-layout":"default","site-content-layout":"","ast-site-content-layout":"default","site-content-style":"default","site-sidebar-style":"default","ast-global-header-display":"","ast-banner-title-visibility":"","ast-main-header-display":"","ast-hfb-above-header-display":"","ast-hfb-below-header-display":"","ast-hfb-mobile-header-display":"","site-post-title":"","ast-breadcrumbs-content":"","ast-featured-img":"","footer-sml-layout":"","theme-transparent-header-meta":"","adv-header-id-meta":"","stick-header-meta":"","header-above-stick-meta":"","header-main-stick-meta":"","header-below-stick-meta":"","astra-migrate-meta-layouts":"default","ast-page-background-enabled":"default","ast-page-background-meta":{"desktop":{"background-color":"var(--ast-global-color-5)","background-image":"","background-repeat":"repeat","background-position":"center center","background-size":"auto","background-attachment":"scroll","background-type":"","background-media":"","overlay-type":"","overlay-color":"","overlay-opacity":"","overlay-gradient":""},"tablet":{"background-color":"","background-image":"","background-repeat":"repeat","background-position":"center center","background-size":"auto","background-attachment":"scroll","background-type":"","background-media":"","overlay-type":"","overlay-color":"","overlay-opacity":"","overlay-gradient":""},"mobile":{"background-color":"","background-image":"","background-repeat":"repeat","background-position":"center center","background-size":"auto","background-attachment":"scroll","background-type":"","background-media":"","overlay-type":"","overlay-color":"","overlay-opacity":"","overlay-gradient":""}},"ast-content-background-meta":{"desktop":{"background-color":"var(--ast-global-color-4)","background-image":"","background-repeat":"repeat","background-position":"center center","background-size":"auto","background-attachment":"scroll","background-type":"","background-media":"","overlay-type":"","overlay-color":"","overlay-opacity":"","overlay-gradient":""},"tablet":{"background-color":"var(--ast-global-color-4)","background-image":"","background-repeat":"repeat","background-position":"center center","background-size":"auto","background-attachment":"scroll","background-type":"","background-media":"","overlay-type":"","overlay-color":"","overlay-opacity":"","overlay-gradient":""},"mobile":{"background-color":"var(--ast-global-color-4)","background-image":"","background-repeat":"repeat","background-position":"center center","background-size":"auto","background-attachment":"scroll","background-type":"","background-media":"","overlay-type":"","overlay-color":"","overlay-opacity":"","overlay-gradient":""}},"footnotes":""},"categories":[1],"tags":[],"class_list":["post-28365","page","type-page","status-publish","hentry","category-uncategorized"],"yoast_head":"<!-- This site is optimized with the Yoast SEO Premium plugin v26.6 (Yoast SEO v26.6) - https:\/\/yoast.com\/wordpress\/plugins\/seo\/ -->\n<title>Lobbyist Information - City of Miami Beach<\/title>\n<meta name=\"description\" content=\"%\" \/>\n<meta name=\"robots\" content=\"index, follow, max-snippet:-1, max-image-preview:large, max-video-preview:-1\" \/>\n<link rel=\"canonical\" href=\"https:\/\/www.miamibeachfl.gov\/ht\/city-hall\/city-clerk\/lobbyist-information\/\" \/>\n<meta property=\"og:locale\" content=\"ht_HT\" \/>\n<meta property=\"og:type\" content=\"article\" \/>\n<meta property=\"og:title\" content=\"Lobbyist Information\" \/>\n<meta property=\"og:description\" content=\"%\" \/>\n<meta property=\"og:url\" content=\"https:\/\/www.miamibeachfl.gov\/ht\/city-hall\/city-clerk\/lobbyist-information\/\" \/>\n<meta property=\"og:site_name\" content=\"City of Miami Beach\" \/>\n<meta property=\"article:publisher\" content=\"https:\/\/www.facebook.com\/cityofmiamibeach\" \/>\n<meta property=\"article:modified_time\" content=\"2026-04-10T19:25:56+00:00\" \/>\n<meta property=\"og:image\" content=\"https:\/\/www.miamibeachfl.gov\/wp-content\/uploads\/2022\/07\/hero-small.jpg\" \/>\n<meta name=\"twitter:card\" content=\"summary_large_image\" \/>\n<meta name=\"twitter:site\" content=\"@Miamibeachnews\" \/>\n<script type=\"application\/ld+json\" class=\"yoast-schema-graph\">{\"@context\":\"https:\/\/schema.org\",\"@graph\":[{\"@type\":\"WebPage\",\"@id\":\"https:\/\/www.miamibeachfl.gov\/city-hall\/city-clerk\/lobbyist-information\/\",\"url\":\"https:\/\/www.miamibeachfl.gov\/city-hall\/city-clerk\/lobbyist-information\/\",\"name\":\"Lobbyist Information - City of Miami Beach\",\"isPartOf\":{\"@id\":\"https:\/\/www.miamibeachfl.gov\/#website\"},\"primaryImageOfPage\":{\"@id\":\"https:\/\/www.miamibeachfl.gov\/city-hall\/city-clerk\/lobbyist-information\/#primaryimage\"},\"image\":{\"@id\":\"https:\/\/www.miamibeachfl.gov\/city-hall\/city-clerk\/lobbyist-information\/#primaryimage\"},\"thumbnailUrl\":\"https:\/\/www.miamibeachfl.gov\/wp-content\/uploads\/2022\/07\/hero-small.jpg\",\"datePublished\":\"2017-08-11T00:03:41+00:00\",\"dateModified\":\"2026-04-10T19:25:56+00:00\",\"description\":\"%\",\"breadcrumb\":{\"@id\":\"https:\/\/www.miamibeachfl.gov\/city-hall\/city-clerk\/lobbyist-information\/#breadcrumb\"},\"inLanguage\":\"ht\",\"potentialAction\":[{\"@type\":\"ReadAction\",\"target\":[\"https:\/\/www.miamibeachfl.gov\/city-hall\/city-clerk\/lobbyist-information\/\"]}]},{\"@type\":\"ImageObject\",\"inLanguage\":\"ht\",\"@id\":\"https:\/\/www.miamibeachfl.gov\/city-hall\/city-clerk\/lobbyist-information\/#primaryimage\",\"url\":\"https:\/\/www.miamibeachfl.gov\/wp-content\/uploads\/2022\/07\/hero-small.jpg\",\"contentUrl\":\"https:\/\/www.miamibeachfl.gov\/wp-content\/uploads\/2022\/07\/hero-small.jpg\"},{\"@type\":\"BreadcrumbList\",\"@id\":\"https:\/\/www.miamibeachfl.gov\/city-hall\/city-clerk\/lobbyist-information\/#breadcrumb\",\"itemListElement\":[{\"@type\":\"ListItem\",\"position\":1,\"name\":\"Home\",\"item\":\"https:\/\/www.miamibeachfl.gov\/\"},{\"@type\":\"ListItem\",\"position\":2,\"name\":\"City Hall\",\"item\":\"https:\/\/www.miamibeachfl.gov\/city-hall\/\"},{\"@type\":\"ListItem\",\"position\":3,\"name\":\"City Clerk\",\"item\":\"https:\/\/www.miamibeachfl.gov\/city-hall\/city-clerk\/\"},{\"@type\":\"ListItem\",\"position\":4,\"name\":\"Lobbyist Information\"}]},{\"@type\":\"WebSite\",\"@id\":\"https:\/\/www.miamibeachfl.gov\/#website\",\"url\":\"https:\/\/www.miamibeachfl.gov\/\",\"name\":\"City of Miami Beach\",\"description\":\"The official website of the City of Miami Beach. Stay informed, find important information on city services, news, alerts, events, trolley routes, government employment and more.\",\"publisher\":{\"@id\":\"https:\/\/www.miamibeachfl.gov\/#organization\"},\"potentialAction\":[{\"@type\":\"SearchAction\",\"target\":{\"@type\":\"EntryPoint\",\"urlTemplate\":\"https:\/\/www.miamibeachfl.gov\/?s={search_term_string}\"},\"query-input\":{\"@type\":\"PropertyValueSpecification\",\"valueRequired\":true,\"valueName\":\"search_term_string\"}}],\"inLanguage\":\"ht\"},{\"@type\":\"Organization\",\"@id\":\"https:\/\/www.miamibeachfl.gov\/#organization\",\"name\":\"City of Miami Beach\",\"url\":\"https:\/\/www.miamibeachfl.gov\/\",\"logo\":{\"@type\":\"ImageObject\",\"inLanguage\":\"ht\",\"@id\":\"https:\/\/www.miamibeachfl.gov\/#\/schema\/logo\/image\/\",\"url\":\"https:\/\/www.miamibeachfl.gov\/wp-content\/uploads\/2022\/06\/miamibeach-logoblue.png\",\"contentUrl\":\"https:\/\/www.miamibeachfl.gov\/wp-content\/uploads\/2022\/06\/miamibeach-logoblue.png\",\"width\":1962,\"height\":381,\"caption\":\"City of Miami Beach\"},\"image\":{\"@id\":\"https:\/\/www.miamibeachfl.gov\/#\/schema\/logo\/image\/\"},\"sameAs\":[\"https:\/\/www.facebook.com\/cityofmiamibeach\",\"https:\/\/x.com\/Miamibeachnews\",\"https:\/\/www.instagram.com\/miamibeachnews\/\"],\"description\":\"The official website of the City of Miami Beach. Stay informed, find important information on city services, news, alerts, events, trolley routes, government employment and more.\",\"telephone\":\"305.604.CITY(2489)\",\"legalName\":\"City of Miami Beach\"}]}<\/script>\n<!-- \/ Yoast SEO Premium plugin. -->","yoast_head_json":{"title":"Enf\u00f2masyon pou Lobis - Vil Miami Beach","description":"%","robots":{"index":"index","follow":"follow","max-snippet":"max-snippet:-1","max-image-preview":"max-image-preview:large","max-video-preview":"max-video-preview:-1"},"canonical":"https:\/\/www.miamibeachfl.gov\/ht\/city-hall\/city-clerk\/lobbyist-information\/","og_locale":"ht_HT","og_type":"article","og_title":"Lobbyist Information","og_description":"%","og_url":"https:\/\/www.miamibeachfl.gov\/ht\/city-hall\/city-clerk\/lobbyist-information\/","og_site_name":"City of Miami Beach","article_publisher":"https:\/\/www.facebook.com\/cityofmiamibeach","article_modified_time":"2026-04-10T19:25:56+00:00","og_image":[{"url":"https:\/\/www.miamibeachfl.gov\/wp-content\/uploads\/2022\/07\/hero-small.jpg","type":"","width":"","height":""}],"twitter_card":"summary_large_image","twitter_site":"@Miamibeachnews","schema":{"@context":"https:\/\/schema.org","@graph":[{"@type":"WebPage","@id":"https:\/\/www.miamibeachfl.gov\/city-hall\/city-clerk\/lobbyist-information\/","url":"https:\/\/www.miamibeachfl.gov\/city-hall\/city-clerk\/lobbyist-information\/","name":"Enf\u00f2masyon pou Lobis - Vil Miami Beach","isPartOf":{"@id":"https:\/\/www.miamibeachfl.gov\/#website"},"primaryImageOfPage":{"@id":"https:\/\/www.miamibeachfl.gov\/city-hall\/city-clerk\/lobbyist-information\/#primaryimage"},"image":{"@id":"https:\/\/www.miamibeachfl.gov\/city-hall\/city-clerk\/lobbyist-information\/#primaryimage"},"thumbnailUrl":"https:\/\/www.miamibeachfl.gov\/wp-content\/uploads\/2022\/07\/hero-small.jpg","datePublished":"2017-08-11T00:03:41+00:00","dateModified":"2026-04-10T19:25:56+00:00","description":"%","breadcrumb":{"@id":"https:\/\/www.miamibeachfl.gov\/city-hall\/city-clerk\/lobbyist-information\/#breadcrumb"},"inLanguage":"ht","potentialAction":[{"@type":"ReadAction","target":["https:\/\/www.miamibeachfl.gov\/city-hall\/city-clerk\/lobbyist-information\/"]}]},{"@type":"ImageObject","inLanguage":"ht","@id":"https:\/\/www.miamibeachfl.gov\/city-hall\/city-clerk\/lobbyist-information\/#primaryimage","url":"https:\/\/www.miamibeachfl.gov\/wp-content\/uploads\/2022\/07\/hero-small.jpg","contentUrl":"https:\/\/www.miamibeachfl.gov\/wp-content\/uploads\/2022\/07\/hero-small.jpg"},{"@type":"BreadcrumbList","@id":"https:\/\/www.miamibeachfl.gov\/city-hall\/city-clerk\/lobbyist-information\/#breadcrumb","itemListElement":[{"@type":"ListItem","position":1,"name":"Home","item":"https:\/\/www.miamibeachfl.gov\/"},{"@type":"ListItem","position":2,"name":"City Hall","item":"https:\/\/www.miamibeachfl.gov\/city-hall\/"},{"@type":"ListItem","position":3,"name":"City Clerk","item":"https:\/\/www.miamibeachfl.gov\/city-hall\/city-clerk\/"},{"@type":"ListItem","position":4,"name":"Lobbyist Information"}]},{"@type":"WebSite","@id":"https:\/\/www.miamibeachfl.gov\/#website","url":"https:\/\/www.miamibeachfl.gov\/","name":"Vil Miami Beach","description":"Sitw\u00e8b ofisy\u00e8l Vil Miami Beach la. Rete enf\u00f2me, jwenn enf\u00f2masyon enp\u00f2tan sou s\u00e8vis vil la, nouv\u00e8l, al\u00e8t, ev\u00e8nman, wout tramway, travay gouv\u00e8nman an ak plis ank\u00f2.","publisher":{"@id":"https:\/\/www.miamibeachfl.gov\/#organization"},"potentialAction":[{"@type":"SearchAction","target":{"@type":"EntryPoint","urlTemplate":"https:\/\/www.miamibeachfl.gov\/?s={search_term_string}"},"query-input":{"@type":"PropertyValueSpecification","valueRequired":true,"valueName":"search_term_string"}}],"inLanguage":"ht"},{"@type":"Organization","@id":"https:\/\/www.miamibeachfl.gov\/#organization","name":"Vil Miami Beach","url":"https:\/\/www.miamibeachfl.gov\/","logo":{"@type":"ImageObject","inLanguage":"ht","@id":"https:\/\/www.miamibeachfl.gov\/#\/schema\/logo\/image\/","url":"https:\/\/www.miamibeachfl.gov\/wp-content\/uploads\/2022\/06\/miamibeach-logoblue.png","contentUrl":"https:\/\/www.miamibeachfl.gov\/wp-content\/uploads\/2022\/06\/miamibeach-logoblue.png","width":1962,"height":381,"caption":"City of Miami Beach"},"image":{"@id":"https:\/\/www.miamibeachfl.gov\/#\/schema\/logo\/image\/"},"sameAs":["https:\/\/www.facebook.com\/cityofmiamibeach","https:\/\/x.com\/Miamibeachnews","https:\/\/www.instagram.com\/miamibeachnews\/"],"description":"Sitw\u00e8b ofisy\u00e8l Vil Miami Beach la. Rete enf\u00f2me, jwenn enf\u00f2masyon enp\u00f2tan sou s\u00e8vis vil la, nouv\u00e8l, al\u00e8t, ev\u00e8nman, wout tramway, travay gouv\u00e8nman an ak plis ank\u00f2.","telephone":"305.604.CITY(2489)","legalName":"City of Miami Beach"}]}},"_links":{"self":[{"href":"https:\/\/www.miamibeachfl.gov\/ht\/wp-json\/wp\/v2\/pages\/28365","targetHints":{"allow":["GET"]}}],"collection":[{"href":"https:\/\/www.miamibeachfl.gov\/ht\/wp-json\/wp\/v2\/pages"}],"about":[{"href":"https:\/\/www.miamibeachfl.gov\/ht\/wp-json\/wp\/v2\/types\/page"}],"author":[{"embeddable":true,"href":"https:\/\/www.miamibeachfl.gov\/ht\/wp-json\/wp\/v2\/users\/222"}],"replies":[{"embeddable":true,"href":"https:\/\/www.miamibeachfl.gov\/ht\/wp-json\/wp\/v2\/comments?post=28365"}],"version-history":[{"count":0,"href":"https:\/\/www.miamibeachfl.gov\/ht\/wp-json\/wp\/v2\/pages\/28365\/revisions"}],"up":[{"embeddable":true,"href":"https:\/\/www.miamibeachfl.gov\/ht\/wp-json\/wp\/v2\/pages\/28337"}],"wp:attachment":[{"href":"https:\/\/www.miamibeachfl.gov\/ht\/wp-json\/wp\/v2\/media?parent=28365"}],"wp:term":[{"taxonomy":"category","embeddable":true,"href":"https:\/\/www.miamibeachfl.gov\/ht\/wp-json\/wp\/v2\/categories?post=28365"},{"taxonomy":"post_tag","embeddable":true,"href":"https:\/\/www.miamibeachfl.gov\/ht\/wp-json\/wp\/v2\/tags?post=28365"}],"curies":[{"name":"wp","href":"https:\/\/api.w.org\/{rel}","templated":true}]}}