{"id":28391,"date":"2017-08-11T00:03:58","date_gmt":"2017-08-11T00:03:58","guid":{"rendered":"http:\/\/www.miamibeachfl.gov\/city-hall\/communications\/"},"modified":"2026-01-05T13:11:00","modified_gmt":"2026-01-05T18:11:00","slug":"communications","status":"publish","type":"page","link":"https:\/\/www.miamibeachfl.gov\/ht\/city-hall\/communications\/","title":{"rendered":"Maketing ak Kominikasyon"},"content":{"rendered":"<h1>\n\t\t\tMaketing ak Kominikasyon\t<\/h1>\n\t\t\t\t\t\t<h2>Biwo Maketing ak Kominikasyon an s\u00e8vi k\u00f2m yon gran wout ki konekte Vil Miami Beach ak rezidan yo, gwoup kominot\u00e8 yo, anpil vizit\u00e8 nou yo ak medya yo. Biwo a pran batman k\u00e8 moun ki gen enter\u00e8 nan vil la pou l ka ranpli w\u00f2l nou k\u00f2m ajans maketing ent\u00e8n ak mot\u00e8 kominikasyon pou tout depatman vil la. Li plis\u2026<\/h2>\n\t\t\t<p>Maketing ak Kominikasyon gen yon twous zouti ki gen ladan kominike pou lapr\u00e8s, medya sosyal sou plizy\u00e8 platf\u00f2m, bilten imel ki adapte ak odyans byen chwazi, piblikasyon enprime, televizyon, lap\u00f2s dir\u00e8k, al\u00e8t t\u00e8ks, ent\u00e8raksyon p\u00e8son\u00e8l ak gwoup kominot\u00e8 yo, kominikasyon kriz ak piblisite dey\u00f2 lakay ki gen ladan pano afichaj, abri bis ak anbalaj kabwa. Nou pwodui plizy\u00e8 milye kontni kreyatif chak ane. Biwo a pa gen responsablite pou f\u00e8 pwomosyon touris ak ospitalite, piske inisyativ sa yo sou kontra ak Greater Miami Convention &amp; Visitors Bureau, men kanmenm li jwe yon w\u00f2l enp\u00f2tan nan difize enf\u00f2masyon kons\u00e8nan ev\u00e8nman ki gen yon gwo eleman touris.<\/p>\n\t<a href=\"\/ht\/engagementtoolbox\/\" target=\"_self\"  aria-label=\"Ale nan \/bwat zouti angajman\/\"><\/a>\n\t\t<h3>Bwat Zouti Angajman<\/h3>\t\t\t\n\t\t\t\t<p>Tout fason pou<br \/>Rete Konekte<\/p>\n\t<a href=\"\/ht\/city-hall\/communications\/subscriptions\/\" target=\"_self\"  aria-label=\"Ale nan \/city-hall\/communications\/subscriptions\"><\/a>\n\t\t<h3>Nouv\u00e8l elektwonik<\/h3>\t\t\t\n\t\t\t\t<p>Ab\u00f2ne pou resevwa<br \/>Mizajou Vil la pa Im\u00e8l<\/p>\n\t<a href=\"\/ht\/city-hall\/communications\/logos\/\" target=\"_self\"  aria-label=\"Ale nan \/city-hall\/communications\/logos\"><\/a>\n\t\t<h3>Logos<\/h3>\t\t\t\n\t\t\t\t<p>Demann Ofisy\u00e8l<br \/>Logo Vil yo<\/p>\n\t<a href=\"\/ht\/city-hall\/communications\/advertising-rates\/\" target=\"_self\"  aria-label=\"Ale nan \/city-hall\/communications\/advertising-ratises\"><\/a>\n\t\t<h3>Tarif Piblisite<\/h3>\t\t\t\n\t\t\t\t<p>F\u00e8 piblisite<br \/>Av\u00e8k nou<\/p>\n\t<a href=\"https:\/\/www.facebook.com\/cityofmiamibeach\/\" target=\"_self\"  aria-label=\"Ale sou https:\/\/www.facebook.com\/cityofmiamibeach\/\"><\/a>\n\t\t<h3>Facebook<\/h3>\t\t\t\n<h2>\n\t\t\tD\u00e8nye Kominike pou Lapr\u00e8s yo\t<\/h2>\n\t\t\t<a href=\"https:\/\/www.miamibeachfl.gov\/ht\/city-hall\/communications\/press-releases\/\" target=\"_self\">\n\t\t\t\t\t\t\tTout Kominike pou lapr\u00e8s yo\n\t\t\t<\/a>\n\t<iframe allow=\"clipboard-write\" sandbox=\"allow-top-navigation allow-top-navigation-by-user-activation allow-downloads allow-scripts allow-same-origin allow-popups allow-modals allow-popups-to-escape-sandbox allow-forms\" allowfullscreen=\"true\" src=\"https:\/\/e.issuu.com\/embed.html?d=mb_magazine_winter_2026_volume_21_issue_number_1_&#038;u=cityofmiamibeach\"><\/iframe>\n<h2>\n\t\t\tMBTV\t<\/h2>\n<iframe loading=\"lazy\" title=\"Jw\u00e8 Videyo Swagit\" src=\"https:\/\/miamibeachfl.new.swagit.com\/views\/42?autoplay=1\" width=\"100%\" height=\"800px\" frameborder=\"0\" allowfullscreen=\"allowfullscreen\"><\/iframe>\n\t<ul>\n\t\t<li>\t\t\n\t\t\t\t<img decoding=\"async\" src=\"https:\/\/www.miamibeachfl.gov\/wp-content\/uploads\/bb-plugin\/cache\/icon-viewpayapply-circle.png\" alt=\"Permits\" title=\"ik\u00f2n-viewpayapply\" itemprop=\"image\"\/>\n\t\t<h3>Ab\u00f2ne ak bilten elektwonik nou an<\/h3><p><strong><a href=\"https:\/\/visitor.r20.constantcontact.com\/manage\/optin?v=001G3gQF_El_4o1UEbguheB5mmzfG7onDdMWh1j1h9a2GsYhO3lonlhDSUJFN_o5P9wC0vRAaCeLeZPSQUtU24d15ThoaXBqAVUR9PeN6M6eUc%3D\">Li d\u00e8nye nimewo ak ansyen nimewo piblikasyon chak twa mwa vil la. Klike la a pou ab\u00f2ne.<\/a><\/strong><\/p><\/li>\t<\/ul>\n\t\t<h2>Divizyon Af\u00e8 Katye yo<\/h2>\n\t\t<p>Divizyon Af\u00e8 Katye a travay kole kole ak depatman s\u00e8vis operasyon\u00e8l vil la pou kow\u00f2done amelyorasyon nan livrezon s\u00e8vis vil la nan yon fason ki reponn a bezwen espesifik ak demann katye yo nan tout vil la.<\/p>\n\t\t\t<a href=\"\/ht\/residents\/neighborhood-affairs-division\/\" target=\"_self\">\n\t\t\t\t\t\t\tAprann plis\n\t\t\t<\/a>\n\t\t<a href=\"https:\/\/www.miamibeachfl.gov\/ht\/city-hall\/communications\/melissa-berthier\/\" target =\"_self\" aria-label=\"Ale sou https:\/\/www.miamibeachfl.gov\/city-hall\/communications\/melissa-berthier\/\">\t\t\n\t\t\t\t<img decoding=\"async\" src=\"https:\/\/www.miamibeachfl.gov\/wp-content\/uploads\/bb-plugin\/cache\/IMG_1581Cropped-circle.jpg\" alt=\"Melissa Berthier\" title=\"IMG_1581Rekoupe\" itemprop=\"image\"\/>\n\t\t<\/a>\t\t \n\t\t<h3><a href=\"https:\/\/www.miamibeachfl.gov\/ht\/city-hall\/communications\/melissa-berthier\/\" target =\"_self\">Melissa Berthier | Biyografi<\/a><\/h3>Kary\u00e8 direkt\u00e8 Melissa Berthier la te kouvri yon varyete endistri, soti nan \u00f2ganizasyon san bi likratif rive nan magazin, bote rive nan transp\u00f2 piblik, e pandan dis d\u00e8nye ane yo, gouv\u00e8nman lokal la. \t\t\t\t\t\n\t<ul>\n\t\t<li>\t\t\t\t\n\t\t<h3>Biwo Prensipal:<\/h3><p><a href=\"https:\/\/goo.gl\/maps\/6gS89fYMKwgryvmc9\"><strong>1700 Konvansyon Center Drive<\/strong><\/a><br \/><strong>Miami Beach, Florid 33139<\/strong><\/p><\/li><li>\t\t\t\t\n\t\t<h3>Nimewo Prensipal:<\/h3><p><strong><a href=\"tel:3056737575\">305.673.7575<\/a><\/strong><\/p><\/li><li>\t\t\t\t\n\t\t<h3>Im\u00e8l:<\/h3><p><strong><a href=\"mailto:MelissaBerthier@miamibeachfl.gov\">MelissaBerthier@miamibeachfl.gov<\/a><\/strong><\/p><\/li><li>\t\t\t\t\n\t\t<h3>Or\u00e8 Operasyon:<\/h3><p><strong>Lendi \u2013 Vandredi<\/strong><br \/>9\u00e8 dimaten \u2013 5\u00e8 apr\u00e8midi<\/p><\/li>\t<\/ul>\n\t\t\t<a href=\"#backtotop\" target=\"_self\">\n\t\t\t\t\t\tRetounen anl\u00e8\n\t\t\t\t\t<\/a>","protected":false},"excerpt":{"rendered":"<p><a href=\"tel:3056737575\" style=\"text-decoration:none; color:#004896;\"><br \/>\n    <i class=\"fa-solid fa-phone\"><\/i> 305.673.7575<br \/>\n<\/a><a href=\"https:\/\/www.miamibeachfl.gov\/wp-content\/uploads\/2024\/11\/Additional-Contact-Info.pdf\" style=\"text-decoration:none; color:#004896;\"><br \/>\n    <i class=\"fa-solid fa-circle-info\"><\/i> Enf\u00f2masyon pou kontakte<br \/>\n<\/a><\/p>","protected":false},"author":222,"featured_media":226053,"parent":28206,"menu_order":250,"comment_status":"closed","ping_status":"closed","template":"","meta":{"_searchwp_excluded":"","site-sidebar-layout":"default","site-content-layout":"","ast-site-content-layout":"default","site-content-style":"default","site-sidebar-style":"default","ast-global-header-display":"","ast-banner-title-visibility":"","ast-main-header-display":"","ast-hfb-above-header-display":"","ast-hfb-below-header-display":"","ast-hfb-mobile-header-display":"","site-post-title":"","ast-breadcrumbs-content":"","ast-featured-img":"","footer-sml-layout":"","theme-transparent-header-meta":"","adv-header-id-meta":"","stick-header-meta":"","header-above-stick-meta":"","header-main-stick-meta":"","header-below-stick-meta":"","astra-migrate-meta-layouts":"default","ast-page-background-enabled":"default","ast-page-background-meta":{"desktop":{"background-color":"var(--ast-global-color-5)","background-image":"","background-repeat":"repeat","background-position":"center center","background-size":"auto","background-attachment":"scroll","background-type":"","background-media":"","overlay-type":"","overlay-color":"","overlay-opacity":"","overlay-gradient":""},"tablet":{"background-color":"","background-image":"","background-repeat":"repeat","background-position":"center center","background-size":"auto","background-attachment":"scroll","background-type":"","background-media":"","overlay-type":"","overlay-color":"","overlay-opacity":"","overlay-gradient":""},"mobile":{"background-color":"","background-image":"","background-repeat":"repeat","background-position":"center center","background-size":"auto","background-attachment":"scroll","background-type":"","background-media":"","overlay-type":"","overlay-color":"","overlay-opacity":"","overlay-gradient":""}},"ast-content-background-meta":{"desktop":{"background-color":"var(--ast-global-color-4)","background-image":"","background-repeat":"repeat","background-position":"center center","background-size":"auto","background-attachment":"scroll","background-type":"","background-media":"","overlay-type":"","overlay-color":"","overlay-opacity":"","overlay-gradient":""},"tablet":{"background-color":"var(--ast-global-color-4)","background-image":"","background-repeat":"repeat","background-position":"center center","background-size":"auto","background-attachment":"scroll","background-type":"","background-media":"","overlay-type":"","overlay-color":"","overlay-opacity":"","overlay-gradient":""},"mobile":{"background-color":"var(--ast-global-color-4)","background-image":"","background-repeat":"repeat","background-position":"center center","background-size":"auto","background-attachment":"scroll","background-type":"","background-media":"","overlay-type":"","overlay-color":"","overlay-opacity":"","overlay-gradient":""}},"footnotes":""},"categories":[],"tags":[1727],"class_list":["post-28391","page","type-page","status-publish","has-post-thumbnail","hentry","tag-administrative"],"yoast_head":"<!-- This site is optimized with the Yoast SEO Premium plugin v27.4 (Yoast SEO v27.4) - https:\/\/yoast.com\/product\/yoast-seo-premium-wordpress\/ -->\n<title>Marketing &amp; Communications - City of Miami Beach<\/title>\n<meta name=\"description\" content=\"The City of Miami Beach Office of Marketing &amp; Communications connects the City of Miami Beach with residents, community groups, our many visitors, and the media. The Marketing and Communications Department directs press releases, social media across multiple platforms, and email newsletters.\" \/>\n<meta name=\"robots\" content=\"index, follow, max-snippet:-1, max-image-preview:large, max-video-preview:-1\" \/>\n<link rel=\"canonical\" href=\"https:\/\/www.miamibeachfl.gov\/ht\/city-hall\/communications\/\" \/>\n<meta property=\"og:locale\" content=\"ht_HT\" \/>\n<meta property=\"og:type\" content=\"article\" \/>\n<meta property=\"og:title\" content=\"Marketing &amp; Communications\" \/>\n<meta property=\"og:description\" content=\"The City of Miami Beach Office of Marketing &amp; Communications connects the City of Miami Beach with residents, community groups, our many visitors, and the media. The Marketing and Communications Department directs press releases, social media across multiple platforms, and email newsletters.\" \/>\n<meta property=\"og:url\" content=\"https:\/\/www.miamibeachfl.gov\/ht\/city-hall\/communications\/\" \/>\n<meta property=\"og:site_name\" content=\"City of Miami Beach\" \/>\n<meta property=\"article:publisher\" content=\"https:\/\/www.facebook.com\/cityofmiamibeach\" \/>\n<meta property=\"article:modified_time\" content=\"2026-01-05T18:11:00+00:00\" \/>\n<meta property=\"og:image\" content=\"https:\/\/www.miamibeachfl.gov\/wp-content\/uploads\/2022\/10\/MiamiBeach-visitor-aerial2.jpg\" \/>\n\t<meta property=\"og:image:width\" content=\"2200\" \/>\n\t<meta property=\"og:image:height\" content=\"865\" \/>\n\t<meta property=\"og:image:type\" content=\"image\/jpeg\" \/>\n<meta name=\"twitter:card\" content=\"summary_large_image\" \/>\n<meta name=\"twitter:site\" content=\"@Miamibeachnews\" \/>\n<script type=\"application\/ld+json\" class=\"yoast-schema-graph\">{\"@context\":\"https:\\\/\\\/schema.org\",\"@graph\":[{\"@type\":\"WebPage\",\"@id\":\"https:\\\/\\\/www.miamibeachfl.gov\\\/city-hall\\\/communications\\\/\",\"url\":\"https:\\\/\\\/www.miamibeachfl.gov\\\/city-hall\\\/communications\\\/\",\"name\":\"Marketing & Communications - City of Miami Beach\",\"isPartOf\":{\"@id\":\"https:\\\/\\\/www.miamibeachfl.gov\\\/#website\"},\"primaryImageOfPage\":{\"@id\":\"https:\\\/\\\/www.miamibeachfl.gov\\\/city-hall\\\/communications\\\/#primaryimage\"},\"image\":{\"@id\":\"https:\\\/\\\/www.miamibeachfl.gov\\\/city-hall\\\/communications\\\/#primaryimage\"},\"thumbnailUrl\":\"https:\\\/\\\/www.miamibeachfl.gov\\\/wp-content\\\/uploads\\\/2022\\\/10\\\/MiamiBeach-visitor-aerial2.jpg\",\"datePublished\":\"2017-08-11T00:03:58+00:00\",\"dateModified\":\"2026-01-05T18:11:00+00:00\",\"description\":\"The City of Miami Beach Office of Marketing & Communications connects the City of Miami Beach with residents, community groups, our many visitors, and the media. The Marketing and Communications Department directs press releases, social media across multiple platforms, and email newsletters.\",\"breadcrumb\":{\"@id\":\"https:\\\/\\\/www.miamibeachfl.gov\\\/city-hall\\\/communications\\\/#breadcrumb\"},\"inLanguage\":\"ht\",\"potentialAction\":[{\"@type\":\"ReadAction\",\"target\":[\"https:\\\/\\\/www.miamibeachfl.gov\\\/city-hall\\\/communications\\\/\"]}]},{\"@type\":\"ImageObject\",\"inLanguage\":\"ht\",\"@id\":\"https:\\\/\\\/www.miamibeachfl.gov\\\/city-hall\\\/communications\\\/#primaryimage\",\"url\":\"https:\\\/\\\/www.miamibeachfl.gov\\\/wp-content\\\/uploads\\\/2022\\\/10\\\/MiamiBeach-visitor-aerial2.jpg\",\"contentUrl\":\"https:\\\/\\\/www.miamibeachfl.gov\\\/wp-content\\\/uploads\\\/2022\\\/10\\\/MiamiBeach-visitor-aerial2.jpg\",\"width\":2200,\"height\":865,\"caption\":\"miami Beach aerial\"},{\"@type\":\"BreadcrumbList\",\"@id\":\"https:\\\/\\\/www.miamibeachfl.gov\\\/city-hall\\\/communications\\\/#breadcrumb\",\"itemListElement\":[{\"@type\":\"ListItem\",\"position\":1,\"name\":\"Home\",\"item\":\"https:\\\/\\\/www.miamibeachfl.gov\\\/\"},{\"@type\":\"ListItem\",\"position\":2,\"name\":\"City Hall\",\"item\":\"https:\\\/\\\/www.miamibeachfl.gov\\\/city-hall\\\/\"},{\"@type\":\"ListItem\",\"position\":3,\"name\":\"Marketing &#038; Communications\"}]},{\"@type\":\"WebSite\",\"@id\":\"https:\\\/\\\/www.miamibeachfl.gov\\\/#website\",\"url\":\"https:\\\/\\\/www.miamibeachfl.gov\\\/\",\"name\":\"City of Miami Beach\",\"description\":\"The official website of the City of Miami Beach. Stay informed, find important information on city services, news, alerts, events, trolley routes, government employment and more.\",\"publisher\":{\"@id\":\"https:\\\/\\\/www.miamibeachfl.gov\\\/#organization\"},\"potentialAction\":[{\"@type\":\"SearchAction\",\"target\":{\"@type\":\"EntryPoint\",\"urlTemplate\":\"https:\\\/\\\/www.miamibeachfl.gov\\\/?s={search_term_string}\"},\"query-input\":{\"@type\":\"PropertyValueSpecification\",\"valueRequired\":true,\"valueName\":\"search_term_string\"}}],\"inLanguage\":\"ht\"},{\"@type\":\"Organization\",\"@id\":\"https:\\\/\\\/www.miamibeachfl.gov\\\/#organization\",\"name\":\"City of Miami Beach\",\"url\":\"https:\\\/\\\/www.miamibeachfl.gov\\\/\",\"logo\":{\"@type\":\"ImageObject\",\"inLanguage\":\"ht\",\"@id\":\"https:\\\/\\\/www.miamibeachfl.gov\\\/#\\\/schema\\\/logo\\\/image\\\/\",\"url\":\"https:\\\/\\\/www.miamibeachfl.gov\\\/wp-content\\\/uploads\\\/2022\\\/06\\\/miamibeach-logoblue.png\",\"contentUrl\":\"https:\\\/\\\/www.miamibeachfl.gov\\\/wp-content\\\/uploads\\\/2022\\\/06\\\/miamibeach-logoblue.png\",\"width\":1962,\"height\":381,\"caption\":\"City of Miami Beach\"},\"image\":{\"@id\":\"https:\\\/\\\/www.miamibeachfl.gov\\\/#\\\/schema\\\/logo\\\/image\\\/\"},\"sameAs\":[\"https:\\\/\\\/www.facebook.com\\\/cityofmiamibeach\",\"https:\\\/\\\/x.com\\\/Miamibeachnews\",\"https:\\\/\\\/www.instagram.com\\\/miamibeachnews\\\/\"],\"description\":\"The official website of the City of Miami Beach. Stay informed, find important information on city services, news, alerts, events, trolley routes, government employment and more.\",\"telephone\":\"305.604.CITY(2489)\",\"legalName\":\"City of Miami Beach\"}]}<\/script>\n<!-- \/ Yoast SEO Premium plugin. -->","yoast_head_json":{"title":"Maketing ak Kominikasyon - Vil Miami Beach","description":"Biwo Maketing ak Kominikasyon Vil Miami Beach la konekte Vil Miami Beach ak rezidan yo, gwoup kominot\u00e8 yo, anpil vizit\u00e8 nou yo, ak medya yo. Depatman Maketing ak Kominikasyon an dirije kominike pou lapr\u00e8s, medya sosyal atrav\u00e8 plizy\u00e8 platf\u00f2m, ak bilten nouv\u00e8l pa im\u00e8l.","robots":{"index":"index","follow":"follow","max-snippet":"max-snippet:-1","max-image-preview":"max-image-preview:large","max-video-preview":"max-video-preview:-1"},"canonical":"https:\/\/www.miamibeachfl.gov\/ht\/city-hall\/communications\/","og_locale":"ht_HT","og_type":"article","og_title":"Marketing & Communications","og_description":"The City of Miami Beach Office of Marketing & Communications connects the City of Miami Beach with residents, community groups, our many visitors, and the media. The Marketing and Communications Department directs press releases, social media across multiple platforms, and email newsletters.","og_url":"https:\/\/www.miamibeachfl.gov\/ht\/city-hall\/communications\/","og_site_name":"City of Miami Beach","article_publisher":"https:\/\/www.facebook.com\/cityofmiamibeach","article_modified_time":"2026-01-05T18:11:00+00:00","og_image":[{"width":2200,"height":865,"url":"https:\/\/www.miamibeachfl.gov\/wp-content\/uploads\/2022\/10\/MiamiBeach-visitor-aerial2.jpg","type":"image\/jpeg"}],"twitter_card":"summary_large_image","twitter_site":"@Miamibeachnews","schema":{"@context":"https:\/\/schema.org","@graph":[{"@type":"WebPage","@id":"https:\/\/www.miamibeachfl.gov\/city-hall\/communications\/","url":"https:\/\/www.miamibeachfl.gov\/city-hall\/communications\/","name":"Maketing ak Kominikasyon - Vil Miami Beach","isPartOf":{"@id":"https:\/\/www.miamibeachfl.gov\/#website"},"primaryImageOfPage":{"@id":"https:\/\/www.miamibeachfl.gov\/city-hall\/communications\/#primaryimage"},"image":{"@id":"https:\/\/www.miamibeachfl.gov\/city-hall\/communications\/#primaryimage"},"thumbnailUrl":"https:\/\/www.miamibeachfl.gov\/wp-content\/uploads\/2022\/10\/MiamiBeach-visitor-aerial2.jpg","datePublished":"2017-08-11T00:03:58+00:00","dateModified":"2026-01-05T18:11:00+00:00","description":"Biwo Maketing ak Kominikasyon Vil Miami Beach la konekte Vil Miami Beach ak rezidan yo, gwoup kominot\u00e8 yo, anpil vizit\u00e8 nou yo, ak medya yo. Depatman Maketing ak Kominikasyon an dirije kominike pou lapr\u00e8s, medya sosyal atrav\u00e8 plizy\u00e8 platf\u00f2m, ak bilten nouv\u00e8l pa im\u00e8l.","breadcrumb":{"@id":"https:\/\/www.miamibeachfl.gov\/city-hall\/communications\/#breadcrumb"},"inLanguage":"ht","potentialAction":[{"@type":"ReadAction","target":["https:\/\/www.miamibeachfl.gov\/city-hall\/communications\/"]}]},{"@type":"ImageObject","inLanguage":"ht","@id":"https:\/\/www.miamibeachfl.gov\/city-hall\/communications\/#primaryimage","url":"https:\/\/www.miamibeachfl.gov\/wp-content\/uploads\/2022\/10\/MiamiBeach-visitor-aerial2.jpg","contentUrl":"https:\/\/www.miamibeachfl.gov\/wp-content\/uploads\/2022\/10\/MiamiBeach-visitor-aerial2.jpg","width":2200,"height":865,"caption":"miami Beach aerial"},{"@type":"BreadcrumbList","@id":"https:\/\/www.miamibeachfl.gov\/city-hall\/communications\/#breadcrumb","itemListElement":[{"@type":"ListItem","position":1,"name":"Home","item":"https:\/\/www.miamibeachfl.gov\/"},{"@type":"ListItem","position":2,"name":"City Hall","item":"https:\/\/www.miamibeachfl.gov\/city-hall\/"},{"@type":"ListItem","position":3,"name":"Marketing &#038; Communications"}]},{"@type":"WebSite","@id":"https:\/\/www.miamibeachfl.gov\/#website","url":"https:\/\/www.miamibeachfl.gov\/","name":"Vil Miami Beach","description":"Sitw\u00e8b ofisy\u00e8l Vil Miami Beach la. Rete enf\u00f2me, jwenn enf\u00f2masyon enp\u00f2tan sou s\u00e8vis vil la, nouv\u00e8l, al\u00e8t, ev\u00e8nman, wout tramway, travay gouv\u00e8nman an ak plis ank\u00f2.","publisher":{"@id":"https:\/\/www.miamibeachfl.gov\/#organization"},"potentialAction":[{"@type":"SearchAction","target":{"@type":"EntryPoint","urlTemplate":"https:\/\/www.miamibeachfl.gov\/?s={search_term_string}"},"query-input":{"@type":"PropertyValueSpecification","valueRequired":true,"valueName":"search_term_string"}}],"inLanguage":"ht"},{"@type":"Organization","@id":"https:\/\/www.miamibeachfl.gov\/#organization","name":"Vil Miami Beach","url":"https:\/\/www.miamibeachfl.gov\/","logo":{"@type":"ImageObject","inLanguage":"ht","@id":"https:\/\/www.miamibeachfl.gov\/#\/schema\/logo\/image\/","url":"https:\/\/www.miamibeachfl.gov\/wp-content\/uploads\/2022\/06\/miamibeach-logoblue.png","contentUrl":"https:\/\/www.miamibeachfl.gov\/wp-content\/uploads\/2022\/06\/miamibeach-logoblue.png","width":1962,"height":381,"caption":"City of Miami Beach"},"image":{"@id":"https:\/\/www.miamibeachfl.gov\/#\/schema\/logo\/image\/"},"sameAs":["https:\/\/www.facebook.com\/cityofmiamibeach","https:\/\/x.com\/Miamibeachnews","https:\/\/www.instagram.com\/miamibeachnews\/"],"description":"Sitw\u00e8b ofisy\u00e8l Vil Miami Beach la. Rete enf\u00f2me, jwenn enf\u00f2masyon enp\u00f2tan sou s\u00e8vis vil la, nouv\u00e8l, al\u00e8t, ev\u00e8nman, wout tramway, travay gouv\u00e8nman an ak plis ank\u00f2.","telephone":"305.604.CITY(2489)","legalName":"City of Miami Beach"}]}},"_links":{"self":[{"href":"https:\/\/www.miamibeachfl.gov\/ht\/wp-json\/wp\/v2\/pages\/28391","targetHints":{"allow":["GET"]}}],"collection":[{"href":"https:\/\/www.miamibeachfl.gov\/ht\/wp-json\/wp\/v2\/pages"}],"about":[{"href":"https:\/\/www.miamibeachfl.gov\/ht\/wp-json\/wp\/v2\/types\/page"}],"author":[{"embeddable":true,"href":"https:\/\/www.miamibeachfl.gov\/ht\/wp-json\/wp\/v2\/users\/222"}],"replies":[{"embeddable":true,"href":"https:\/\/www.miamibeachfl.gov\/ht\/wp-json\/wp\/v2\/comments?post=28391"}],"version-history":[{"count":6,"href":"https:\/\/www.miamibeachfl.gov\/ht\/wp-json\/wp\/v2\/pages\/28391\/revisions"}],"predecessor-version":[{"id":394488,"href":"https:\/\/www.miamibeachfl.gov\/ht\/wp-json\/wp\/v2\/pages\/28391\/revisions\/394488"}],"up":[{"embeddable":true,"href":"https:\/\/www.miamibeachfl.gov\/ht\/wp-json\/wp\/v2\/pages\/28206"}],"wp:featuredmedia":[{"embeddable":true,"href":"https:\/\/www.miamibeachfl.gov\/ht\/wp-json\/wp\/v2\/media\/226053"}],"wp:attachment":[{"href":"https:\/\/www.miamibeachfl.gov\/ht\/wp-json\/wp\/v2\/media?parent=28391"}],"wp:term":[{"taxonomy":"category","embeddable":true,"href":"https:\/\/www.miamibeachfl.gov\/ht\/wp-json\/wp\/v2\/categories?post=28391"},{"taxonomy":"post_tag","embeddable":true,"href":"https:\/\/www.miamibeachfl.gov\/ht\/wp-json\/wp\/v2\/tags?post=28391"}],"curies":[{"name":"wp","href":"https:\/\/api.w.org\/{rel}","templated":true}]}}