{"id":28457,"date":"2017-08-11T00:04:47","date_gmt":"2017-08-11T00:04:47","guid":{"rendered":"http:\/\/www.miamibeachfl.gov\/city-hall\/cip\/"},"modified":"2026-03-20T11:22:29","modified_gmt":"2026-03-20T15:22:29","slug":"cip","status":"publish","type":"page","link":"https:\/\/www.miamibeachfl.gov\/ht\/city-hall\/cip\/","title":{"rendered":"Pwoj\u00e8 Amelyorasyon Kapital"},"content":{"rendered":"<h1>\n\t\t\tPwoj\u00e8 Amelyorasyon Kapital\t<\/h1>\n\t\t\t\t\t\t<h5>Vil la te etabli Biwo Pwoj\u00e8 Amelyorasyon Kapital (CIP) nan ete 2001 an pou konsolide ef\u00f2 konstriksyon kapital vil la nan yon s\u00e8l antite ki t ap s\u00e8vi k\u00f2m yon pwen santral pou aktivite planifikasyon ak jesyon pwogram konstriksyon.<\/h5>\n\t\t\t<p>Pwogram akty\u00e8l Biwo CIP a gen ladan envestisman plizy\u00e8 milyon dola san par\u00e8y nan enfrastrikti pou amelyore kalite lavi a, tankou priyorizasyon pou ogmantasyon nivo lanm\u00e8 a ak pwoj\u00e8 amelyorasyon katye pou dlo lapli ak dwa pasaj, pakin, pwoj\u00e8 amelyorasyon pak ak pwoj\u00e8 dirabilite ak rezistans ki neses\u00e8 pou amelyore, ranf\u00f2se ak kenbe enstalasyon ak enfrastrikti pou satisf\u00e8 demand s\u00e8vis rezidan yo ak vizit\u00e8 yo nan Vil Miami Beach. Pwogram Amelyorasyon Kapital la finanse sitou pa obligasyon otorize, tankou Obligasyon Jeneral, Obligasyon Jeneral pou Atizay ak Kilti, dlo\/egou, ak finansman dlo lapli. L\u00f2t sous finansman ka gen ladan sibvansyon, taks resort, obligasyon pakin, elatriye. Nan nenp\u00f2t ki moman, CIP jere apepr\u00e8 50 pwoj\u00e8 aktif nan faz planifikasyon, konsepsyon oswa konstriksyon yo. Objektif final CIP a se pou avanse majorite pwoj\u00e8 sa yo jiska lafen nan del\u00e8 endividy\u00e8l yo te planifye yo ak nan bidj\u00e8 etabli yo.<\/p>\n\t\t\t<a href=\"#capitalbudget\" target=\"_self\">\n\t\t\t\t\t\t<h4>Bidj\u00e8 Kapital<\/h4>\t\t\t\t\t\n\t\t<\/a>\n\t\t\t<a href=\"\/ht\/city-hall\/cip\/what-to-expect\/\" target=\"_self\">\n\t\t\t\t\t\t<h4>Kesyon yo poze souvan<\/h4>\t\t\t\t\t\n\t\t<\/a>\n\t\t\t<a href=\"#cipuserfullinks\" target=\"_self\">\n\t\t\t\t\t\t<h4>Lyen itil<\/h4>\t\t\t\t\t\n\t\t<\/a>\n\t\t\t<a href=\"\/ht\/city-hall\/cip\/glossary-of-terms\/\" target=\"_self\">\n\t\t\t\t\t\t<h4>Glos\u00e8 T\u00e8m yo<\/h4>\t\t\t\t\t\n\t\t<\/a>\n\t\t\t<a href=\"\/ht\/contact\/\" target=\"_self\">\n\t\t\t\t\t\t<h4>Kontakte nou<\/h4>\t\t\t\t\t\n\t\t<\/a>\n\t<p> Nou dedye a jesyon ef\u00f2 konstriksyon kapital Vil la epi pou bay platf\u00f2m nan pou adrese n\u00e8t objektif ki tabli nan pwogram Obligasyon Obligasyon Jeneral yo, pwogram Obligasyon Dlo ak Dlo Ize yo, pwogram Obligasyon Dlo Lapli yo, ak Pwogram Enfrastrikti Z\u00f2n Redevlopman an pou amelyore enfrastrikti Vil la, enstalasyon piblik yo, pak yo, plaj yo, teren g\u00f2lf yo ak ekipman sekirite piblik yo.<\/p>\n\t<p>Vil la ap travay di pou kow\u00f2done tout pwoj\u00e8 konstriksyon aktif nan limit vil li yo, tankou sa yo k ap f\u00e8t pa ajans ekst\u00e8n yo. Ajans ekst\u00e8n yo enkli leta a, konte a, ak konpayi s\u00e8vis piblik ki bay s\u00e8vis nan kominote nou an epi ki antreteni k\u00e8k nan wout nou yo.<\/p>\n<h3>\n\t\t\tAjans patn\u00e8 nou yo enkli:\t<\/h3>\n\t\t\t\t\t\t<h3>Depatman Transp\u00f2 Florid Distri Sis (FDOT)<\/h3>\n\t\t\t<p>Distri Sis la responsab pou planifikasyon, konsepsyon, konstriksyon, ak antretyen tout wout ak pon Leta yo nan konte Miami-Dade ak Monroe. Distri a gen 2,553,400 moun. Plis pase 30.8 milyon mil nan wout li yo vwayaje chak jou. FDOT gen plizy\u00e8 pwoj\u00e8 konstriksyon nan limit Vil Miami Beach. Pou plis enf\u00f2masyon, tanpri ale sou sit ent\u00e8n\u00e8t yo a\u00a0 <a href=\"http:\/\/www.fdotmiamidade.com\/\" target=\"_blank\" rel=\"noopener\">www.fdotmiamidade.com<\/a><\/p>\n\t\t\t\t\t\t<h3>Transp\u00f2 ak Travay Piblik Konte Miami-Dade<\/h3>\n\t\t\t<p>Sit w\u00e8b:\u00a0<a href=\"http:\/\/www.miamidade.gov\/publicworks\/\" target=\"_blank\" rel=\"noopener\">www.miamidade.gov\/travaypiblik\/<\/a><br \/>Depatman an f\u00e8 enjeny\u00e8, konstwi epi kenbe wout, pon, kanal, twotwa, siyal lari, mak sou twotwa, siyal trafik, limy\u00e8 lari ak enstalasyon drenaj dlo lapli nan Konte a. Li kenbe peyizaj yo sou tout dwa pasaj piblik Konte Miami-Dade epi li bay tou yon pwogram kontw\u00f2l moustik.<\/p>\n\t\t\t\t\t\t<h3>Jesyon Resous Anviw\u00f2nman Konte Miami-Dade<\/h3>\n\t\t\t<p>Sit w\u00e8b:\u00a0<a href=\"http:\/\/www.miamidade.gov\/environment\/\" target=\"_blank\" rel=\"noopener\">www.miamidade.gov\/anviw\u00f2nman\/<\/a><br \/>Jesyon Resous Anviw\u00f2nman Konte Miami-Dade la aplike pwogram siveyans, edikasyon, restorasyon, regilasyon ak jesyon t\u00e8 pou pwoteje kalite dlo, rez\u00e8v dlo potab, kalite l\u00e8 ak resous natir\u00e8l ki esansy\u00e8l pou sante ak byenn\u00e8t tout rezidan ak vizit\u00e8 Konte Miami-Dade yo ansanm ak ekosist\u00e8m nan.<\/p>\n\t\t\t\t\t\t<h3>Depatman Pwoteksyon Anviw\u00f2nman Florid (DEP)<\/h3>\n\t\t\t<p>Sit w\u00e8b:\u00a0<strong><a href=\"https:\/\/floridadep.gov\/\" target=\"_blank\" rel=\"noopener\">floridadep.gov\/<\/a><\/strong><br \/>DEP a pwoteje, kons\u00e8ve epi jere resous natir\u00e8l Florid yo epi li aplike lwa anviw\u00f2nman Eta a. Priyorite regilasyon Depatman an gen ladan yo administre pwogram kontw\u00f2l polisyon l\u00e8 Florid yo pou pi byen pwoteje sante moun; pwoteje ak restore kalite dlo; jere dech\u00e8 danjere ak netwayaj; sip\u00e8vize restorasyon plaj yo; epi revize aplikasyon pou santral elektrik, liy transmisyon ak tiyo gaz natir\u00e8l. Anplis de sa, sis Biwo Distri DEP yo asire konf\u00f2mite av\u00e8k r\u00e8gleman depatman an nan tout eta a.<\/p>\n\t\t\t\t\t\t<h3>Distri Jesyon Dlo Sid Florid<\/h3>\n\t\t\t<p>Sit w\u00e8b:\u00a0<a href=\"http:\/\/www.sfwmd.gov\/portal\/page\/portal\/sfwmdmain\/home%20page\" target=\"_blank\" rel=\"noopener\">www.sfwmd.gov\/<\/a><br \/>Distri Jesyon Dlo Sid Florid la se yon ajans gouv\u00e8nman rejyonal ki sip\u00e8vize resous dlo nan mwatye sid eta a, ki kouvri 16 konte soti Orlando rive nan Florida Keys epi ki s\u00e8vi yon popilasyon 7.9 milyon rezidan. Ajans lan responsab pou jere ak pwoteje resous dlo Sid Florid la l\u00e8 li balanse ak amelyore kalite dlo a, kontw\u00f2l inondasyon, sist\u00e8m natir\u00e8l yo ak rez\u00e8v dlo.<\/p>\n\t\t\t\t\t\t<h3>TECO Peoples Gaz<\/h3>\n\t\t\t<p>Sit w\u00e8b:\u00a0<a href=\"http:\/\/www.peoplesgas.com\/\" target=\"_blank\" rel=\"noopener\">http:\/\/www.peoplesgas.com\/<\/a><br \/>TECO Gas bay s\u00e8vis gaz natir\u00e8l nan Konte Miami-Dade. Pou plis pase 115 ane, Peoples Gas te bay rezidan ak biznis Florid pwodwi ak s\u00e8vis gaz natir\u00e8l serye, ki respekte anviw\u00f2nman an, epi ki ekonomik.<\/p>\n\t\t\t\t\t\t<h3>Florid Pouvwa ak Limy\u00e8<\/h3>\n\t\t\t<p>Sit w\u00e8b:\u00a0<a href=\"http:\/\/www.fpl.com\/\" target=\"_blank\" rel=\"noopener\">http:\/\/www.fpl.com\/<\/a><br \/>Florida Power &amp; Light Company s\u00e8vi apepr\u00e8 4.6 milyon kliyan nan Florid epi li se pi gwo konpayi s\u00e8vis piblik ki gen tarif reglemante nan Florid ak twazy\u00e8m pi gwo a Ozetazini.<\/p>\n\t\t\t<a href=\"\/ht\/city-hall\/cip\/active-projects\/\" target=\"_blank\" rel=\"noopener\">\n\t\t\t\t\t\t\tGade Kat Ent\u00e8aktif Pwoj\u00e8 a pou Konstriksyon nan Tout Vil la\n\t\t\t<\/a>\n<h2>\n\t\t\tBidj\u00e8 Kapital\t<\/h2>\n\t<p>Plan Amelyorasyon Kapital la se yon plan finansman ak konstriksyon\/akizisyon pou pwoj\u00e8 ki mande anpil envestisman kapital. CIP a se yon plan senk ane pou amelyorasyon piblik ak depans kapital, ki mete ajou chak ane epi soum\u00e8t bay Komisyon Vil la pou adopsyon, ki presize epi dekri or\u00e8 ak priyorite pwoj\u00e8 kapital Vil la pou senk ane ki vini touswit apre adopsyon Komisyon an. Anplis de sa, premye ane plan an dekri finansman ki dwe asiyen nan Bidj\u00e8 Kapital any\u00e8l la.<\/p>\n<p>Dokiman sa a se yon deklarasyon ofisy\u00e8l sou politik piblik kons\u00e8nan devlopman fizik alont\u00e8m nan Vil Miami Beach. Yon amelyorasyon kapital defini k\u00f2m yon depans kapital oswa &quot;an esp\u00e8s&quot; ki egal a $25,000 oswa plis,<\/p>\n\t<p>sa lak\u00f2z akizisyon, amelyorasyon, oswa adisyon nan byen fiks sou f\u00f2m t\u00e8, bilding, oswa amelyorasyon ki gen yon karakt\u00e8 plis oubyen mwens p\u00e8manan ak ekipman dirab ki gen yon dire lavi omwen senk an.<\/p>\n<p>Pwoj\u00e8 yo pral adrese anpil bezwen nan diferan z\u00f2n nan Vil la, tankou amelyorasyon katye yo tankou jaden fl\u00e8 ak restorasyon twotwa; kalme trafik; wout ak pon; resifasaj ak rekonstriksyon; amelyorasyon sist\u00e8m dlo, egou ak drenaj; konstriksyon, renovasyon ak amelyorasyon pak; renovasyon miray lanm\u00e8; renovasyon pakin ak garaj; ak konstriksyon\/renovasyon enstalasyon piblik yo.<\/p>\n\t\t\t<a href=\"\/ht\/obpi\/budget\/\" target=\"_self\">\n\t\t\t\t\t\t\tAprann plis bagay sou bidj\u00e8 kapital la\n\t\t\t\t\t<\/a>\n\t\t<h3><a href=\"\/ht\/city-hall\/cip\/message-from-the-director\/\" target =\"_self\">David Gomez <br \/>Mesaj Direkt\u00e8 a<\/a><\/h3>\nBiwo Pwoj\u00e8 Amelyorasyon Kapital (CIP) la te etabli an 2001. Av\u00e8k plis pase 20 ane s\u00e8vis devwe nan Vil Miami Beach, nou te aprann ke toujou gen moman enteresan nan kominote nou an pandan n ap travay ansanm pou simonte defi nan endistri konstriksyon an epi kontinye amelyore aktivite konstriksyon kapital sou pwoj\u00e8 ki te tann depi lontan nan tout vil la. Nan nenp\u00f2t ki moman, Biwo Pwoj\u00e8 Amelyorasyon Kapital (CIP) la ap travay sou plis pase 50 travay nan div\u00e8s etap konstriksyon.\t\t\t\t\t\n\t\t\t<a href=\"mailto:DavidGomez@miamibeachfl.gov\" target=\"_self\">\n\t\t\t\t\t\tDavidGomez@miamibeachfl.gov\n\t\t\t\t\t<\/a>\n\t\t<ul>\n\t\t\t\t\t<li>\n\t\t\t\t<h3>Biwo Prensipal<\/h3>\n\t\t<p>1701 Meridian Avenue, 3y\u00e8m etaj,<br \/>Miami Beach, Florid 33139<\/p>\t\t\t\n\t\t\t<\/li>\n\t\t\t\t\t<li>\n\t\t\t\t\t<a href=\"tel:3056737071\" target=\"_self\">\n\t\t\t\t<h3>Nimewo Prensipal<\/h3>\n\t\t<p><strong>305.673.7071<\/strong><\/p>\t\t\t\n\t<\/a>\n\t\t\t<\/li>\n\t\t\t\t\t<li>\n\t\t\t\t\t<a href=\"mailto:progress@miamibeachfl.gov\" target=\"_self\">\n\t\t\t\t<h3>Im\u00e8l<\/h3>\n\t\t<p><strong>progress@miamibeachfl.gov<\/strong><\/p>\t\t\t\n\t<\/a>\n\t\t\t<\/li>\n\t\t\t\t\t<li>\n\t\t\t\t\t<a href=\"mailto:progress@miamibeachfl.gov\" target=\"_self\">\n\t\t\t\t<h3>Or\u00e8 Operasyon<\/h3>\n\t\t<p>Lendi \u2013 Vandredi<br \/>8:30 am \u2013 5 pm<\/p>\t\t\t\n\t<\/a>\n\t\t\t<\/li>\n\t\t\t\t<\/ul>","protected":false},"excerpt":{"rendered":"<p><a href=\"tel:3056737071\" style=\"text-decoration:none; color:#004896;\"><br \/>\n    <i class=\"fa-solid fa-phone\"><\/i> 305.673.7071<br \/>\n<\/a><a href=\"https:\/\/www.miamibeachfl.gov\/ht\/contact\/\" style=\"text-decoration:none; color:#004896;\"><br \/>\n    <i class=\"fa-solid fa-circle-info\"><\/i> Enf\u00f2masyon pou kontakte<br \/>\n<\/a><\/p>","protected":false},"author":222,"featured_media":256832,"parent":28206,"menu_order":90,"comment_status":"closed","ping_status":"closed","template":"","meta":{"_searchwp_excluded":"","site-sidebar-layout":"default","site-content-layout":"","ast-site-content-layout":"default","site-content-style":"default","site-sidebar-style":"default","ast-global-header-display":"","ast-banner-title-visibility":"","ast-main-header-display":"","ast-hfb-above-header-display":"","ast-hfb-below-header-display":"","ast-hfb-mobile-header-display":"","site-post-title":"","ast-breadcrumbs-content":"","ast-featured-img":"","footer-sml-layout":"","ast-disable-related-posts":"","theme-transparent-header-meta":"","adv-header-id-meta":"","stick-header-meta":"","header-above-stick-meta":"","header-main-stick-meta":"","header-below-stick-meta":"","astra-migrate-meta-layouts":"default","ast-page-background-enabled":"default","ast-page-background-meta":{"desktop":{"background-color":"var(--ast-global-color-5)","background-image":"","background-repeat":"repeat","background-position":"center center","background-size":"auto","background-attachment":"scroll","background-type":"","background-media":"","overlay-type":"","overlay-color":"","overlay-opacity":"","overlay-gradient":""},"tablet":{"background-color":"","background-image":"","background-repeat":"repeat","background-position":"center center","background-size":"auto","background-attachment":"scroll","background-type":"","background-media":"","overlay-type":"","overlay-color":"","overlay-opacity":"","overlay-gradient":""},"mobile":{"background-color":"","background-image":"","background-repeat":"repeat","background-position":"center center","background-size":"auto","background-attachment":"scroll","background-type":"","background-media":"","overlay-type":"","overlay-color":"","overlay-opacity":"","overlay-gradient":""}},"ast-content-background-meta":{"desktop":{"background-color":"var(--ast-global-color-4)","background-image":"","background-repeat":"repeat","background-position":"center center","background-size":"auto","background-attachment":"scroll","background-type":"","background-media":"","overlay-type":"","overlay-color":"","overlay-opacity":"","overlay-gradient":""},"tablet":{"background-color":"var(--ast-global-color-4)","background-image":"","background-repeat":"repeat","background-position":"center center","background-size":"auto","background-attachment":"scroll","background-type":"","background-media":"","overlay-type":"","overlay-color":"","overlay-opacity":"","overlay-gradient":""},"mobile":{"background-color":"var(--ast-global-color-4)","background-image":"","background-repeat":"repeat","background-position":"center center","background-size":"auto","background-attachment":"scroll","background-type":"","background-media":"","overlay-type":"","overlay-color":"","overlay-opacity":"","overlay-gradient":""}},"footnotes":""},"categories":[],"tags":[1724,1730,1203,283],"class_list":["post-28457","page","type-page","status-publish","has-post-thumbnail","hentry","tag-city-hall","tag-city-services","tag-exclude-from-permit-page","tag-infrastructure"],"yoast_head":"<!-- This site is optimized with the Yoast SEO Premium plugin v27.4 (Yoast SEO v27.4) - https:\/\/yoast.com\/product\/yoast-seo-premium-wordpress\/ -->\n<title>Capital Improvement Projects - City of Miami Beach<\/title>\n<meta name=\"description\" content=\"The city established the Office of Capital Improvement Projects (CIP) to improve the City\u2019s planning and construction program management activities, infrastructure, public facilities, parks, beaches, golf courses and public safety equipment.\" \/>\n<meta name=\"robots\" content=\"index, follow, max-snippet:-1, max-image-preview:large, max-video-preview:-1\" \/>\n<link rel=\"canonical\" href=\"https:\/\/www.miamibeachfl.gov\/ht\/city-hall\/cip\/\" \/>\n<meta property=\"og:locale\" content=\"ht_HT\" \/>\n<meta property=\"og:type\" content=\"article\" \/>\n<meta property=\"og:title\" content=\"Capital Improvement Projects\" \/>\n<meta property=\"og:description\" content=\"The city established the Office of Capital Improvement Projects (CIP) to improve the City\u2019s planning and construction program management activities, infrastructure, public facilities, parks, beaches, golf courses and public safety equipment.\" \/>\n<meta property=\"og:url\" content=\"https:\/\/www.miamibeachfl.gov\/ht\/city-hall\/cip\/\" \/>\n<meta property=\"og:site_name\" content=\"City of Miami Beach\" \/>\n<meta property=\"article:publisher\" content=\"https:\/\/www.facebook.com\/cityofmiamibeach\" \/>\n<meta property=\"article:modified_time\" content=\"2026-03-20T15:22:29+00:00\" \/>\n<meta property=\"og:image\" content=\"https:\/\/www.miamibeachfl.gov\/wp-content\/uploads\/2023\/04\/Meridian-Ave.jpg\" \/>\n\t<meta property=\"og:image:width\" content=\"1000\" \/>\n\t<meta property=\"og:image:height\" content=\"540\" \/>\n\t<meta property=\"og:image:type\" content=\"image\/jpeg\" \/>\n<meta name=\"twitter:card\" content=\"summary_large_image\" \/>\n<meta name=\"twitter:site\" content=\"@Miamibeachnews\" \/>\n<script type=\"application\/ld+json\" class=\"yoast-schema-graph\">{\"@context\":\"https:\\\/\\\/schema.org\",\"@graph\":[{\"@type\":\"WebPage\",\"@id\":\"https:\\\/\\\/www.miamibeachfl.gov\\\/city-hall\\\/cip\\\/\",\"url\":\"https:\\\/\\\/www.miamibeachfl.gov\\\/city-hall\\\/cip\\\/\",\"name\":\"Capital Improvement Projects - City of Miami Beach\",\"isPartOf\":{\"@id\":\"https:\\\/\\\/www.miamibeachfl.gov\\\/#website\"},\"primaryImageOfPage\":{\"@id\":\"https:\\\/\\\/www.miamibeachfl.gov\\\/city-hall\\\/cip\\\/#primaryimage\"},\"image\":{\"@id\":\"https:\\\/\\\/www.miamibeachfl.gov\\\/city-hall\\\/cip\\\/#primaryimage\"},\"thumbnailUrl\":\"https:\\\/\\\/www.miamibeachfl.gov\\\/wp-content\\\/uploads\\\/2023\\\/04\\\/Meridian-Ave.jpg\",\"datePublished\":\"2017-08-11T00:04:47+00:00\",\"dateModified\":\"2026-03-20T15:22:29+00:00\",\"description\":\"The city established the Office of Capital Improvement Projects (CIP) to improve the City\u2019s planning and construction program management activities, infrastructure, public facilities, parks, beaches, golf courses and public safety equipment.\",\"breadcrumb\":{\"@id\":\"https:\\\/\\\/www.miamibeachfl.gov\\\/city-hall\\\/cip\\\/#breadcrumb\"},\"inLanguage\":\"ht\",\"potentialAction\":[{\"@type\":\"ReadAction\",\"target\":[\"https:\\\/\\\/www.miamibeachfl.gov\\\/city-hall\\\/cip\\\/\"]}]},{\"@type\":\"ImageObject\",\"inLanguage\":\"ht\",\"@id\":\"https:\\\/\\\/www.miamibeachfl.gov\\\/city-hall\\\/cip\\\/#primaryimage\",\"url\":\"https:\\\/\\\/www.miamibeachfl.gov\\\/wp-content\\\/uploads\\\/2023\\\/04\\\/Meridian-Ave.jpg\",\"contentUrl\":\"https:\\\/\\\/www.miamibeachfl.gov\\\/wp-content\\\/uploads\\\/2023\\\/04\\\/Meridian-Ave.jpg\",\"width\":1000,\"height\":540,\"caption\":\"Meridian avenue project\"},{\"@type\":\"BreadcrumbList\",\"@id\":\"https:\\\/\\\/www.miamibeachfl.gov\\\/city-hall\\\/cip\\\/#breadcrumb\",\"itemListElement\":[{\"@type\":\"ListItem\",\"position\":1,\"name\":\"Home\",\"item\":\"https:\\\/\\\/www.miamibeachfl.gov\\\/\"},{\"@type\":\"ListItem\",\"position\":2,\"name\":\"City Hall\",\"item\":\"https:\\\/\\\/www.miamibeachfl.gov\\\/city-hall\\\/\"},{\"@type\":\"ListItem\",\"position\":3,\"name\":\"Capital Improvement Projects\"}]},{\"@type\":\"WebSite\",\"@id\":\"https:\\\/\\\/www.miamibeachfl.gov\\\/#website\",\"url\":\"https:\\\/\\\/www.miamibeachfl.gov\\\/\",\"name\":\"City of Miami Beach\",\"description\":\"The official website of the City of Miami Beach. Stay informed, find important information on city services, news, alerts, events, trolley routes, government employment and more.\",\"publisher\":{\"@id\":\"https:\\\/\\\/www.miamibeachfl.gov\\\/#organization\"},\"potentialAction\":[{\"@type\":\"SearchAction\",\"target\":{\"@type\":\"EntryPoint\",\"urlTemplate\":\"https:\\\/\\\/www.miamibeachfl.gov\\\/?s={search_term_string}\"},\"query-input\":{\"@type\":\"PropertyValueSpecification\",\"valueRequired\":true,\"valueName\":\"search_term_string\"}}],\"inLanguage\":\"ht\"},{\"@type\":\"Organization\",\"@id\":\"https:\\\/\\\/www.miamibeachfl.gov\\\/#organization\",\"name\":\"City of Miami Beach\",\"url\":\"https:\\\/\\\/www.miamibeachfl.gov\\\/\",\"logo\":{\"@type\":\"ImageObject\",\"inLanguage\":\"ht\",\"@id\":\"https:\\\/\\\/www.miamibeachfl.gov\\\/#\\\/schema\\\/logo\\\/image\\\/\",\"url\":\"https:\\\/\\\/www.miamibeachfl.gov\\\/wp-content\\\/uploads\\\/2022\\\/06\\\/miamibeach-logoblue.png\",\"contentUrl\":\"https:\\\/\\\/www.miamibeachfl.gov\\\/wp-content\\\/uploads\\\/2022\\\/06\\\/miamibeach-logoblue.png\",\"width\":1962,\"height\":381,\"caption\":\"City of Miami Beach\"},\"image\":{\"@id\":\"https:\\\/\\\/www.miamibeachfl.gov\\\/#\\\/schema\\\/logo\\\/image\\\/\"},\"sameAs\":[\"https:\\\/\\\/www.facebook.com\\\/cityofmiamibeach\",\"https:\\\/\\\/x.com\\\/Miamibeachnews\",\"https:\\\/\\\/www.instagram.com\\\/miamibeachnews\\\/\"],\"description\":\"The official website of the City of Miami Beach. Stay informed, find important information on city services, news, alerts, events, trolley routes, government employment and more.\",\"telephone\":\"305.604.CITY(2489)\",\"legalName\":\"City of Miami Beach\"}]}<\/script>\n<!-- \/ Yoast SEO Premium plugin. -->","yoast_head_json":{"title":"Pwoj\u00e8 Amelyorasyon Kapital - Vil Miami Beach","description":"Vil la te etabli Biwo Pwoj\u00e8 Amelyorasyon Kapital (CIP) pou amelyore aktivite jesyon pwogram planifikasyon ak konstriksyon Vil la, enfrastrikti, enstalasyon piblik yo, pak yo, plaj yo, teren g\u00f2lf yo ak ekipman sekirite piblik yo.","robots":{"index":"index","follow":"follow","max-snippet":"max-snippet:-1","max-image-preview":"max-image-preview:large","max-video-preview":"max-video-preview:-1"},"canonical":"https:\/\/www.miamibeachfl.gov\/ht\/city-hall\/cip\/","og_locale":"ht_HT","og_type":"article","og_title":"Capital Improvement Projects","og_description":"The city established the Office of Capital Improvement Projects (CIP) to improve the City\u2019s planning and construction program management activities, infrastructure, public facilities, parks, beaches, golf courses and public safety equipment.","og_url":"https:\/\/www.miamibeachfl.gov\/ht\/city-hall\/cip\/","og_site_name":"City of Miami Beach","article_publisher":"https:\/\/www.facebook.com\/cityofmiamibeach","article_modified_time":"2026-03-20T15:22:29+00:00","og_image":[{"width":1000,"height":540,"url":"https:\/\/www.miamibeachfl.gov\/wp-content\/uploads\/2023\/04\/Meridian-Ave.jpg","type":"image\/jpeg"}],"twitter_card":"summary_large_image","twitter_site":"@Miamibeachnews","schema":{"@context":"https:\/\/schema.org","@graph":[{"@type":"WebPage","@id":"https:\/\/www.miamibeachfl.gov\/city-hall\/cip\/","url":"https:\/\/www.miamibeachfl.gov\/city-hall\/cip\/","name":"Pwoj\u00e8 Amelyorasyon Kapital - Vil Miami Beach","isPartOf":{"@id":"https:\/\/www.miamibeachfl.gov\/#website"},"primaryImageOfPage":{"@id":"https:\/\/www.miamibeachfl.gov\/city-hall\/cip\/#primaryimage"},"image":{"@id":"https:\/\/www.miamibeachfl.gov\/city-hall\/cip\/#primaryimage"},"thumbnailUrl":"https:\/\/www.miamibeachfl.gov\/wp-content\/uploads\/2023\/04\/Meridian-Ave.jpg","datePublished":"2017-08-11T00:04:47+00:00","dateModified":"2026-03-20T15:22:29+00:00","description":"Vil la te etabli Biwo Pwoj\u00e8 Amelyorasyon Kapital (CIP) pou amelyore aktivite jesyon pwogram planifikasyon ak konstriksyon Vil la, enfrastrikti, enstalasyon piblik yo, pak yo, plaj yo, teren g\u00f2lf yo ak ekipman sekirite piblik yo.","breadcrumb":{"@id":"https:\/\/www.miamibeachfl.gov\/city-hall\/cip\/#breadcrumb"},"inLanguage":"ht","potentialAction":[{"@type":"ReadAction","target":["https:\/\/www.miamibeachfl.gov\/city-hall\/cip\/"]}]},{"@type":"ImageObject","inLanguage":"ht","@id":"https:\/\/www.miamibeachfl.gov\/city-hall\/cip\/#primaryimage","url":"https:\/\/www.miamibeachfl.gov\/wp-content\/uploads\/2023\/04\/Meridian-Ave.jpg","contentUrl":"https:\/\/www.miamibeachfl.gov\/wp-content\/uploads\/2023\/04\/Meridian-Ave.jpg","width":1000,"height":540,"caption":"Meridian avenue project"},{"@type":"BreadcrumbList","@id":"https:\/\/www.miamibeachfl.gov\/city-hall\/cip\/#breadcrumb","itemListElement":[{"@type":"ListItem","position":1,"name":"Home","item":"https:\/\/www.miamibeachfl.gov\/"},{"@type":"ListItem","position":2,"name":"City Hall","item":"https:\/\/www.miamibeachfl.gov\/city-hall\/"},{"@type":"ListItem","position":3,"name":"Capital Improvement Projects"}]},{"@type":"WebSite","@id":"https:\/\/www.miamibeachfl.gov\/#website","url":"https:\/\/www.miamibeachfl.gov\/","name":"Vil Miami Beach","description":"Sitw\u00e8b ofisy\u00e8l Vil Miami Beach la. Rete enf\u00f2me, jwenn enf\u00f2masyon enp\u00f2tan sou s\u00e8vis vil la, nouv\u00e8l, al\u00e8t, ev\u00e8nman, wout tramway, travay gouv\u00e8nman an ak plis ank\u00f2.","publisher":{"@id":"https:\/\/www.miamibeachfl.gov\/#organization"},"potentialAction":[{"@type":"SearchAction","target":{"@type":"EntryPoint","urlTemplate":"https:\/\/www.miamibeachfl.gov\/?s={search_term_string}"},"query-input":{"@type":"PropertyValueSpecification","valueRequired":true,"valueName":"search_term_string"}}],"inLanguage":"ht"},{"@type":"Organization","@id":"https:\/\/www.miamibeachfl.gov\/#organization","name":"Vil Miami Beach","url":"https:\/\/www.miamibeachfl.gov\/","logo":{"@type":"ImageObject","inLanguage":"ht","@id":"https:\/\/www.miamibeachfl.gov\/#\/schema\/logo\/image\/","url":"https:\/\/www.miamibeachfl.gov\/wp-content\/uploads\/2022\/06\/miamibeach-logoblue.png","contentUrl":"https:\/\/www.miamibeachfl.gov\/wp-content\/uploads\/2022\/06\/miamibeach-logoblue.png","width":1962,"height":381,"caption":"City of Miami Beach"},"image":{"@id":"https:\/\/www.miamibeachfl.gov\/#\/schema\/logo\/image\/"},"sameAs":["https:\/\/www.facebook.com\/cityofmiamibeach","https:\/\/x.com\/Miamibeachnews","https:\/\/www.instagram.com\/miamibeachnews\/"],"description":"Sitw\u00e8b ofisy\u00e8l Vil Miami Beach la. Rete enf\u00f2me, jwenn enf\u00f2masyon enp\u00f2tan sou s\u00e8vis vil la, nouv\u00e8l, al\u00e8t, ev\u00e8nman, wout tramway, travay gouv\u00e8nman an ak plis ank\u00f2.","telephone":"305.604.CITY(2489)","legalName":"City of Miami Beach"}]}},"_links":{"self":[{"href":"https:\/\/www.miamibeachfl.gov\/ht\/wp-json\/wp\/v2\/pages\/28457","targetHints":{"allow":["GET"]}}],"collection":[{"href":"https:\/\/www.miamibeachfl.gov\/ht\/wp-json\/wp\/v2\/pages"}],"about":[{"href":"https:\/\/www.miamibeachfl.gov\/ht\/wp-json\/wp\/v2\/types\/page"}],"author":[{"embeddable":true,"href":"https:\/\/www.miamibeachfl.gov\/ht\/wp-json\/wp\/v2\/users\/222"}],"replies":[{"embeddable":true,"href":"https:\/\/www.miamibeachfl.gov\/ht\/wp-json\/wp\/v2\/comments?post=28457"}],"version-history":[{"count":6,"href":"https:\/\/www.miamibeachfl.gov\/ht\/wp-json\/wp\/v2\/pages\/28457\/revisions"}],"predecessor-version":[{"id":397595,"href":"https:\/\/www.miamibeachfl.gov\/ht\/wp-json\/wp\/v2\/pages\/28457\/revisions\/397595"}],"up":[{"embeddable":true,"href":"https:\/\/www.miamibeachfl.gov\/ht\/wp-json\/wp\/v2\/pages\/28206"}],"wp:featuredmedia":[{"embeddable":true,"href":"https:\/\/www.miamibeachfl.gov\/ht\/wp-json\/wp\/v2\/media\/256832"}],"wp:attachment":[{"href":"https:\/\/www.miamibeachfl.gov\/ht\/wp-json\/wp\/v2\/media?parent=28457"}],"wp:term":[{"taxonomy":"category","embeddable":true,"href":"https:\/\/www.miamibeachfl.gov\/ht\/wp-json\/wp\/v2\/categories?post=28457"},{"taxonomy":"post_tag","embeddable":true,"href":"https:\/\/www.miamibeachfl.gov\/ht\/wp-json\/wp\/v2\/tags?post=28457"}],"curies":[{"name":"wp","href":"https:\/\/api.w.org\/{rel}","templated":true}]}}