{"id":28459,"date":"2017-08-11T00:04:48","date_gmt":"2017-08-11T00:04:48","guid":{"rendered":"http:\/\/www.miamibeachfl.gov\/city-hall\/cip\/about-us\/message-from-the-director\/"},"modified":"2025-12-05T07:31:20","modified_gmt":"2025-12-05T12:31:20","slug":"message-from-the-director","status":"publish","type":"page","link":"https:\/\/www.miamibeachfl.gov\/ht\/city-hall\/cip\/message-from-the-director\/","title":{"rendered":"Mesaj Direkt\u00e8 a"},"content":{"rendered":"<h1>\n\t\t\tMesaj Direkt\u00e8 a\t<\/h1>\nMeni CIP\t\t\t\n\t\t\t\t\t<ul id=\"menu-cip\"><li id=\"menu-item-259054\"><a href=\"\/ht\/city-hall\/cip\/\">Ak\u00e8y CIP<\/a><\/li>\n<li id=\"menu-item-259053\"><a href=\"\/ht\/city-hall\/cip\/#capitalbudget\">Bidj\u00e8 Kapital<\/a><\/li>\n<li id=\"menu-item-259055\"><a href=\"\/ht\/city-hall\/cip\/what-to-expect\/\">Kesyon yo poze souvan<\/a><\/li>\n<li id=\"menu-item-259056\"><a href=\"\/ht\/city-hall\/cip\/#cipuserfullinks\">Lyen itil<\/a><\/li>\n<li id=\"menu-item-259057\"><a href=\"\/ht\/city-hall\/cip\/glossary-of-terms\/\">Glos\u00e8 T\u00e8m yo<\/a><\/li>\n<li id=\"menu-item-259058\"><a target=\"_blank\"rel=\"noopener\" href=\"\/ht\/city-hall\/cip\/active-projects\/\">Pwoj\u00e8 Aktif yo<\/a><\/li>\n<\/ul>\t\nMeni CIP \u00d7\t\t\t\t\t\t<ul id=\"menu-cip-1\"><li id=\"menu-item-259054\"><a href=\"\/ht\/city-hall\/cip\/\">Ak\u00e8y CIP<\/a><\/li>\n<li id=\"menu-item-259053\"><a href=\"\/ht\/city-hall\/cip\/#capitalbudget\">Bidj\u00e8 Kapital<\/a><\/li>\n<li id=\"menu-item-259055\"><a href=\"\/ht\/city-hall\/cip\/what-to-expect\/\">Kesyon yo poze souvan<\/a><\/li>\n<li id=\"menu-item-259056\"><a href=\"\/ht\/city-hall\/cip\/#cipuserfullinks\">Lyen itil<\/a><\/li>\n<li id=\"menu-item-259057\"><a href=\"\/ht\/city-hall\/cip\/glossary-of-terms\/\">Glos\u00e8 T\u00e8m yo<\/a><\/li>\n<li id=\"menu-item-259058\"><a target=\"_blank\"rel=\"noopener\" href=\"\/ht\/city-hall\/cip\/active-projects\/\">Pwoj\u00e8 Aktif yo<\/a><\/li>\n<\/ul>\t\t\t\t\n\t\t\t<h2>\n\t\t\tNouvo Inif\u00f2m\t<\/h2>\n\t<p>Vil Miami Beach te etabli Biwo Pwoj\u00e8 Amelyorasyon Kapital (CIP) nan ete 2001 pou konsolide ef\u00f2 konstriksyon kapital vil la nan yon s\u00e8l antite ki t ap s\u00e8vi k\u00f2m yon pwen santral pou aktivite jesyon pwogram planifikasyon ak konstriksyon. Pwogram akty\u00e8l CIP a gen ladan envestisman san par\u00e8y nan enfrastrikti kalite lavi ki gen ladan priyorizasyon ogmantasyon nivo lanm\u00e8 ak sist\u00e8m dlo lapli ak pwoj\u00e8 amelyorasyon dwa pasaj (ROW), enstalasyon pakin, pwoj\u00e8 amelyorasyon pak ak pwoj\u00e8 dirabilite ak rezistans ki neses\u00e8 pou amelyore, ranf\u00f2se ak kenbe enstalasyon ak enfrastrikti pou satisf\u00e8 demand s\u00e8vis rezidan ak vizit\u00e8 nan Vil Miami Beach. Pwogram Amelyorasyon Kapital la finanse sitou pa obligasyon otorize ki gen ladan, Obligasyon Jeneral, dlo\/egou, ak finansman dlo lapli. L\u00f2t sous finansman ka gen ladan sibvansyon, taks resort, obligasyon pakin, elatriye. Nan nenp\u00f2t ki moman, anplwaye CIP yo jere apepr\u00e8 50 pwoj\u00e8 aktif nan faz planifikasyon, konsepsyon ak konstriksyon. Objektif CIP a se avanse majorite pwoj\u00e8 sa yo pou fini nan del\u00e8 ak bidj\u00e8 respektif yo.<\/p>","protected":false},"excerpt":{"rendered":"<p>Message From The Director CIP Menu CIP Home Capital Budget FAQs Useful Links Glossary of Terms Active Projects CIP Menu [&hellip;]<\/p>\n","protected":false},"author":222,"featured_media":0,"parent":28457,"menu_order":240,"comment_status":"closed","ping_status":"closed","template":"","meta":{"_searchwp_excluded":"","site-sidebar-layout":"default","site-content-layout":"","ast-site-content-layout":"default","site-content-style":"default","site-sidebar-style":"default","ast-global-header-display":"","ast-banner-title-visibility":"","ast-main-header-display":"","ast-hfb-above-header-display":"","ast-hfb-below-header-display":"","ast-hfb-mobile-header-display":"","site-post-title":"","ast-breadcrumbs-content":"","ast-featured-img":"","footer-sml-layout":"","theme-transparent-header-meta":"","adv-header-id-meta":"","stick-header-meta":"","header-above-stick-meta":"","header-main-stick-meta":"","header-below-stick-meta":"","astra-migrate-meta-layouts":"default","ast-page-background-enabled":"default","ast-page-background-meta":{"desktop":{"background-color":"var(--ast-global-color-5)","background-image":"","background-repeat":"repeat","background-position":"center center","background-size":"auto","background-attachment":"scroll","background-type":"","background-media":"","overlay-type":"","overlay-color":"","overlay-opacity":"","overlay-gradient":""},"tablet":{"background-color":"","background-image":"","background-repeat":"repeat","background-position":"center center","background-size":"auto","background-attachment":"scroll","background-type":"","background-media":"","overlay-type":"","overlay-color":"","overlay-opacity":"","overlay-gradient":""},"mobile":{"background-color":"","background-image":"","background-repeat":"repeat","background-position":"center center","background-size":"auto","background-attachment":"scroll","background-type":"","background-media":"","overlay-type":"","overlay-color":"","overlay-opacity":"","overlay-gradient":""}},"ast-content-background-meta":{"desktop":{"background-color":"var(--ast-global-color-4)","background-image":"","background-repeat":"repeat","background-position":"center center","background-size":"auto","background-attachment":"scroll","background-type":"","background-media":"","overlay-type":"","overlay-color":"","overlay-opacity":"","overlay-gradient":""},"tablet":{"background-color":"var(--ast-global-color-4)","background-image":"","background-repeat":"repeat","background-position":"center center","background-size":"auto","background-attachment":"scroll","background-type":"","background-media":"","overlay-type":"","overlay-color":"","overlay-opacity":"","overlay-gradient":""},"mobile":{"background-color":"var(--ast-global-color-4)","background-image":"","background-repeat":"repeat","background-position":"center center","background-size":"auto","background-attachment":"scroll","background-type":"","background-media":"","overlay-type":"","overlay-color":"","overlay-opacity":"","overlay-gradient":""}},"footnotes":""},"categories":[],"tags":[1203],"class_list":["post-28459","page","type-page","status-publish","hentry","tag-exclude-from-permit-page"],"yoast_head":"<!-- This site is optimized with the Yoast SEO Premium plugin v27.4 (Yoast SEO v27.4) - https:\/\/yoast.com\/product\/yoast-seo-premium-wordpress\/ -->\n<title>Message From The Director - City of Miami Beach<\/title>\n<meta name=\"description\" content=\"At any given time, The City of Miami Capital Improvement Projects Department staff manages approximately 50 active projects.\" \/>\n<meta name=\"robots\" content=\"index, follow, max-snippet:-1, max-image-preview:large, max-video-preview:-1\" \/>\n<link rel=\"canonical\" href=\"https:\/\/www.miamibeachfl.gov\/ht\/city-hall\/cip\/message-from-the-director\/\" \/>\n<meta property=\"og:locale\" content=\"ht_HT\" \/>\n<meta property=\"og:type\" content=\"article\" \/>\n<meta property=\"og:title\" content=\"Message From The Director\" \/>\n<meta property=\"og:description\" content=\"At any given time, The City of Miami Capital Improvement Projects Department staff manages approximately 50 active projects.\" \/>\n<meta property=\"og:url\" content=\"https:\/\/www.miamibeachfl.gov\/ht\/city-hall\/cip\/message-from-the-director\/\" \/>\n<meta property=\"og:site_name\" content=\"City of Miami Beach\" \/>\n<meta property=\"article:publisher\" content=\"https:\/\/www.facebook.com\/cityofmiamibeach\" \/>\n<meta property=\"article:modified_time\" content=\"2025-12-05T12:31:20+00:00\" \/>\n<meta property=\"og:image\" content=\"https:\/\/www.miamibeachfl.gov\/wp-content\/uploads\/2024\/01\/1000pxSquare-miamibeach-aerial-southpointview.jpeg\" \/>\n\t<meta property=\"og:image:width\" content=\"1000\" \/>\n\t<meta property=\"og:image:height\" content=\"1000\" \/>\n\t<meta property=\"og:image:type\" content=\"image\/jpeg\" \/>\n<meta name=\"twitter:card\" content=\"summary_large_image\" \/>\n<meta name=\"twitter:site\" content=\"@Miamibeachnews\" \/>\n<script type=\"application\/ld+json\" class=\"yoast-schema-graph\">{\"@context\":\"https:\\\/\\\/schema.org\",\"@graph\":[{\"@type\":\"WebPage\",\"@id\":\"https:\\\/\\\/www.miamibeachfl.gov\\\/city-hall\\\/cip\\\/message-from-the-director\\\/\",\"url\":\"https:\\\/\\\/www.miamibeachfl.gov\\\/city-hall\\\/cip\\\/message-from-the-director\\\/\",\"name\":\"Message From The Director - City of Miami Beach\",\"isPartOf\":{\"@id\":\"https:\\\/\\\/www.miamibeachfl.gov\\\/#website\"},\"datePublished\":\"2017-08-11T00:04:48+00:00\",\"dateModified\":\"2025-12-05T12:31:20+00:00\",\"description\":\"At any given time, The City of Miami Capital Improvement Projects Department staff manages approximately 50 active projects.\",\"breadcrumb\":{\"@id\":\"https:\\\/\\\/www.miamibeachfl.gov\\\/city-hall\\\/cip\\\/message-from-the-director\\\/#breadcrumb\"},\"inLanguage\":\"ht\",\"potentialAction\":[{\"@type\":\"ReadAction\",\"target\":[\"https:\\\/\\\/www.miamibeachfl.gov\\\/city-hall\\\/cip\\\/message-from-the-director\\\/\"]}]},{\"@type\":\"BreadcrumbList\",\"@id\":\"https:\\\/\\\/www.miamibeachfl.gov\\\/city-hall\\\/cip\\\/message-from-the-director\\\/#breadcrumb\",\"itemListElement\":[{\"@type\":\"ListItem\",\"position\":1,\"name\":\"Home\",\"item\":\"https:\\\/\\\/www.miamibeachfl.gov\\\/\"},{\"@type\":\"ListItem\",\"position\":2,\"name\":\"City Hall\",\"item\":\"https:\\\/\\\/www.miamibeachfl.gov\\\/city-hall\\\/\"},{\"@type\":\"ListItem\",\"position\":3,\"name\":\"Capital Improvement Projects\",\"item\":\"https:\\\/\\\/www.miamibeachfl.gov\\\/city-hall\\\/cip\\\/\"},{\"@type\":\"ListItem\",\"position\":4,\"name\":\"Message From The Director\"}]},{\"@type\":\"WebSite\",\"@id\":\"https:\\\/\\\/www.miamibeachfl.gov\\\/#website\",\"url\":\"https:\\\/\\\/www.miamibeachfl.gov\\\/\",\"name\":\"City of Miami Beach\",\"description\":\"The official website of the City of Miami Beach. Stay informed, find important information on city services, news, alerts, events, trolley routes, government employment and more.\",\"publisher\":{\"@id\":\"https:\\\/\\\/www.miamibeachfl.gov\\\/#organization\"},\"potentialAction\":[{\"@type\":\"SearchAction\",\"target\":{\"@type\":\"EntryPoint\",\"urlTemplate\":\"https:\\\/\\\/www.miamibeachfl.gov\\\/?s={search_term_string}\"},\"query-input\":{\"@type\":\"PropertyValueSpecification\",\"valueRequired\":true,\"valueName\":\"search_term_string\"}}],\"inLanguage\":\"ht\"},{\"@type\":\"Organization\",\"@id\":\"https:\\\/\\\/www.miamibeachfl.gov\\\/#organization\",\"name\":\"City of Miami Beach\",\"url\":\"https:\\\/\\\/www.miamibeachfl.gov\\\/\",\"logo\":{\"@type\":\"ImageObject\",\"inLanguage\":\"ht\",\"@id\":\"https:\\\/\\\/www.miamibeachfl.gov\\\/#\\\/schema\\\/logo\\\/image\\\/\",\"url\":\"https:\\\/\\\/www.miamibeachfl.gov\\\/wp-content\\\/uploads\\\/2022\\\/06\\\/miamibeach-logoblue.png\",\"contentUrl\":\"https:\\\/\\\/www.miamibeachfl.gov\\\/wp-content\\\/uploads\\\/2022\\\/06\\\/miamibeach-logoblue.png\",\"width\":1962,\"height\":381,\"caption\":\"City of Miami Beach\"},\"image\":{\"@id\":\"https:\\\/\\\/www.miamibeachfl.gov\\\/#\\\/schema\\\/logo\\\/image\\\/\"},\"sameAs\":[\"https:\\\/\\\/www.facebook.com\\\/cityofmiamibeach\",\"https:\\\/\\\/x.com\\\/Miamibeachnews\",\"https:\\\/\\\/www.instagram.com\\\/miamibeachnews\\\/\"],\"description\":\"The official website of the City of Miami Beach. Stay informed, find important information on city services, news, alerts, events, trolley routes, government employment and more.\",\"telephone\":\"305.604.CITY(2489)\",\"legalName\":\"City of Miami Beach\"}]}<\/script>\n<!-- \/ Yoast SEO Premium plugin. -->","yoast_head_json":{"title":"Message From The Director - City of Miami Beach","description":"At any given time, The City of Miami Capital Improvement Projects Department staff manages approximately 50 active projects.","robots":{"index":"index","follow":"follow","max-snippet":"max-snippet:-1","max-image-preview":"max-image-preview:large","max-video-preview":"max-video-preview:-1"},"canonical":"https:\/\/www.miamibeachfl.gov\/ht\/city-hall\/cip\/message-from-the-director\/","og_locale":"ht_HT","og_type":"article","og_title":"Message From The Director","og_description":"At any given time, The City of Miami Capital Improvement Projects Department staff manages approximately 50 active projects.","og_url":"https:\/\/www.miamibeachfl.gov\/ht\/city-hall\/cip\/message-from-the-director\/","og_site_name":"City of Miami Beach","article_publisher":"https:\/\/www.facebook.com\/cityofmiamibeach","article_modified_time":"2025-12-05T12:31:20+00:00","og_image":[{"width":1000,"height":1000,"url":"https:\/\/www.miamibeachfl.gov\/wp-content\/uploads\/2024\/01\/1000pxSquare-miamibeach-aerial-southpointview.jpeg","type":"image\/jpeg"}],"twitter_card":"summary_large_image","twitter_site":"@Miamibeachnews","schema":{"@context":"https:\/\/schema.org","@graph":[{"@type":"WebPage","@id":"https:\/\/www.miamibeachfl.gov\/city-hall\/cip\/message-from-the-director\/","url":"https:\/\/www.miamibeachfl.gov\/city-hall\/cip\/message-from-the-director\/","name":"Message From The Director - City of Miami Beach","isPartOf":{"@id":"https:\/\/www.miamibeachfl.gov\/#website"},"datePublished":"2017-08-11T00:04:48+00:00","dateModified":"2025-12-05T12:31:20+00:00","description":"At any given time, The City of Miami Capital Improvement Projects Department staff manages approximately 50 active projects.","breadcrumb":{"@id":"https:\/\/www.miamibeachfl.gov\/city-hall\/cip\/message-from-the-director\/#breadcrumb"},"inLanguage":"ht","potentialAction":[{"@type":"ReadAction","target":["https:\/\/www.miamibeachfl.gov\/city-hall\/cip\/message-from-the-director\/"]}]},{"@type":"BreadcrumbList","@id":"https:\/\/www.miamibeachfl.gov\/city-hall\/cip\/message-from-the-director\/#breadcrumb","itemListElement":[{"@type":"ListItem","position":1,"name":"Home","item":"https:\/\/www.miamibeachfl.gov\/"},{"@type":"ListItem","position":2,"name":"City Hall","item":"https:\/\/www.miamibeachfl.gov\/city-hall\/"},{"@type":"ListItem","position":3,"name":"Capital Improvement Projects","item":"https:\/\/www.miamibeachfl.gov\/city-hall\/cip\/"},{"@type":"ListItem","position":4,"name":"Message From The Director"}]},{"@type":"WebSite","@id":"https:\/\/www.miamibeachfl.gov\/#website","url":"https:\/\/www.miamibeachfl.gov\/","name":"Vil Miami Beach","description":"Sitw\u00e8b ofisy\u00e8l Vil Miami Beach la. Rete enf\u00f2me, jwenn enf\u00f2masyon enp\u00f2tan sou s\u00e8vis vil la, nouv\u00e8l, al\u00e8t, ev\u00e8nman, wout tramway, travay gouv\u00e8nman an ak plis ank\u00f2.","publisher":{"@id":"https:\/\/www.miamibeachfl.gov\/#organization"},"potentialAction":[{"@type":"SearchAction","target":{"@type":"EntryPoint","urlTemplate":"https:\/\/www.miamibeachfl.gov\/?s={search_term_string}"},"query-input":{"@type":"PropertyValueSpecification","valueRequired":true,"valueName":"search_term_string"}}],"inLanguage":"ht"},{"@type":"Organization","@id":"https:\/\/www.miamibeachfl.gov\/#organization","name":"Vil Miami Beach","url":"https:\/\/www.miamibeachfl.gov\/","logo":{"@type":"ImageObject","inLanguage":"ht","@id":"https:\/\/www.miamibeachfl.gov\/#\/schema\/logo\/image\/","url":"https:\/\/www.miamibeachfl.gov\/wp-content\/uploads\/2022\/06\/miamibeach-logoblue.png","contentUrl":"https:\/\/www.miamibeachfl.gov\/wp-content\/uploads\/2022\/06\/miamibeach-logoblue.png","width":1962,"height":381,"caption":"City of Miami Beach"},"image":{"@id":"https:\/\/www.miamibeachfl.gov\/#\/schema\/logo\/image\/"},"sameAs":["https:\/\/www.facebook.com\/cityofmiamibeach","https:\/\/x.com\/Miamibeachnews","https:\/\/www.instagram.com\/miamibeachnews\/"],"description":"Sitw\u00e8b ofisy\u00e8l Vil Miami Beach la. Rete enf\u00f2me, jwenn enf\u00f2masyon enp\u00f2tan sou s\u00e8vis vil la, nouv\u00e8l, al\u00e8t, ev\u00e8nman, wout tramway, travay gouv\u00e8nman an ak plis ank\u00f2.","telephone":"305.604.CITY(2489)","legalName":"City of Miami Beach"}]}},"_links":{"self":[{"href":"https:\/\/www.miamibeachfl.gov\/ht\/wp-json\/wp\/v2\/pages\/28459","targetHints":{"allow":["GET"]}}],"collection":[{"href":"https:\/\/www.miamibeachfl.gov\/ht\/wp-json\/wp\/v2\/pages"}],"about":[{"href":"https:\/\/www.miamibeachfl.gov\/ht\/wp-json\/wp\/v2\/types\/page"}],"author":[{"embeddable":true,"href":"https:\/\/www.miamibeachfl.gov\/ht\/wp-json\/wp\/v2\/users\/222"}],"replies":[{"embeddable":true,"href":"https:\/\/www.miamibeachfl.gov\/ht\/wp-json\/wp\/v2\/comments?post=28459"}],"version-history":[{"count":1,"href":"https:\/\/www.miamibeachfl.gov\/ht\/wp-json\/wp\/v2\/pages\/28459\/revisions"}],"predecessor-version":[{"id":392962,"href":"https:\/\/www.miamibeachfl.gov\/ht\/wp-json\/wp\/v2\/pages\/28459\/revisions\/392962"}],"up":[{"embeddable":true,"href":"https:\/\/www.miamibeachfl.gov\/ht\/wp-json\/wp\/v2\/pages\/28457"}],"wp:attachment":[{"href":"https:\/\/www.miamibeachfl.gov\/ht\/wp-json\/wp\/v2\/media?parent=28459"}],"wp:term":[{"taxonomy":"category","embeddable":true,"href":"https:\/\/www.miamibeachfl.gov\/ht\/wp-json\/wp\/v2\/categories?post=28459"},{"taxonomy":"post_tag","embeddable":true,"href":"https:\/\/www.miamibeachfl.gov\/ht\/wp-json\/wp\/v2\/tags?post=28459"}],"curies":[{"name":"wp","href":"https:\/\/api.w.org\/{rel}","templated":true}]}}