{"id":28533,"date":"2017-08-11T00:05:42","date_gmt":"2017-08-11T00:05:42","guid":{"rendered":"http:\/\/www.miamibeachfl.gov\/city-hall\/emergency-management\/know-your-hazards\/flooding\/hurricane-guide-flooding-hazards\/"},"modified":"2023-12-20T11:10:35","modified_gmt":"2023-12-20T16:10:35","slug":"hurricane-guide-flooding-hazards","status":"publish","type":"page","link":"https:\/\/www.miamibeachfl.gov\/ht\/hurricane-guide-flooding-hazards\/","title":{"rendered":"Danje Inondasyon"},"content":{"rendered":"<h4>YON S\u00c8L PLAN \u2013 TOUT DANJE<\/h4>\n<h3 dir=\"LTR\" align=\"JUSTIFY\"><strong>Inondasyon<\/strong><\/h3>\n<p>Antanke yon kominote koty\u00e8 k ap f\u00e8 fas ak reyalite chanjman klimatik la, t\u00e8m &quot;monte nivo lanm\u00e8&quot; a vin tounen yon pati nan langaj nou. Nan Vil Miami Beach, nou pa s\u00e8lman pale de inondasyon; nou ap ch\u00e8che epi aplike solisyon aktivman ki adrese tou de pwobl\u00e8m inondasyon imedya yo ak rediksyon alont\u00e8m nan mare k ap monte yo.<\/p>\n<p dir=\"LTR\" align=\"JUSTIFY\">Pandan envestisman nou yo nan enfrastrikti k\u00f2manse bay bon rezilta ak pi bon drenaj ak risk redwi, nou toujou ap f\u00e8 fas ak ogmantasyon prevwa nan monte nivo lanm\u00e8 a. Gen s\u00e8ten bagay ou ka f\u00e8 pou prepare w pou inondasyon.<\/p>\n<h3>\u00a0Konnen risk inondasyon ou genyen an<\/h3>\n<p>Dapre Pwogram Nasyonal Asirans Inondasyon (NFIP), anpil z\u00f2n nan Vil Miami Beach yo konsidere k\u00f2m gen risk inondasyon modere pou rive wo. Ou ka konnen nivo risk pwopriyete w la l\u00e8 w konekte sou <a href=\"http:\/\/www.floodsmart.gov\">www.floodsmart.gov<\/a><\/p>\n<h3>\u00a0F\u00e8 yon plan, etabli yon kote pou rankontre<\/h3>\n<p>Gade paj ki nan gid sa a pou jwenn enf\u00f2masyon sou kijan pou f\u00e8 yon plan ijans pou kay ou oswa biznis ou. Anpil nan planifikasyon ki f\u00e8t pou prepare pou yon tanp\u00e8t ka aplike pou inondasyon ak l\u00f2t danje. Bagay ki pi enp\u00f2tan pou sonje se kominike av\u00e8k tout manm kay ou oswa biznis ou pou, si nou ta separe epi nou pa ta ka retounen nan pwopriyete a ak\u00f2z inondasyon, nou deja etabli yon kote pou nou rankontre.<\/p>\n<p dir=\"LTR\" align=\"JUSTIFY\">VIZYON INONDASYON vle di inondasyon posib nan yon z\u00f2n espesifik.<\/p>\n<p dir=\"LTR\" align=\"JUSTIFY\">AV\u00c8TISMAN INONDASYON vle di inondasyon ap f\u00e8t oswa gen chans pou rive.<\/p>\n<h3>Kons\u00e8y Sekirite Debaz<\/h3>\n<ul>\n<li>Yon lari ki inonde pa yon z\u00f2n jwe! Kenbe timoun yo lwen dlo ki kanpe. Dlo ki kanpe ka twonpe moun. Li ka pi fon pase sa li par\u00e8t epi, si dlo a kanpe pandan plizy\u00e8 jou, mache ladan l ka yon risk pou sante. Li se yon kote moustik yo ka miltipliye epi li ka gen maladi tou.<\/li>\n<li>Konnen wout ki pi an sekirite pou kite z\u00f2n nan. Si yo bay av\u00e8tisman pou inondasyon sibit, Vil la ap voye notifikasyon atrav\u00e8 plizy\u00e8 met\u00f2d, tankou medya sosyal ak mesaj t\u00e8ks (gade paj enf\u00f2masyon sou enskripsyon an X). Swiv tout enstriksyon sekirite yo.<\/li>\n<li>Elektrisite ak dlo pa mache ansanm. F\u00e8men switch prensipal yo epi dekonekte apar\u00e8y elektrik yo si yo di w f\u00e8 sa. Pa touche ekipman elektrik si w mouye oswa si w kanpe nan dlo. Fil elektrik ki tonbe yo ka anba dlo nan yon seksyon ki inonde.<\/li>\n<li>Apre dlo a fin bese, netwaye epi dezenfekte tout sa ki te mouye.<\/li>\n<\/ul>","protected":false},"excerpt":{"rendered":"<p>ONE PLAN &#8211; ALL HAZARDS Flooding As a coastal community facing the reality of climate change, the term &#8220;sea-level rise&#8221; [&hellip;]<\/p>\n","protected":false},"author":222,"featured_media":0,"parent":0,"menu_order":19,"comment_status":"closed","ping_status":"closed","template":"","meta":{"_searchwp_excluded":"","site-sidebar-layout":"default","site-content-layout":"","ast-site-content-layout":"default","site-content-style":"default","site-sidebar-style":"default","ast-global-header-display":"","ast-banner-title-visibility":"","ast-main-header-display":"","ast-hfb-above-header-display":"","ast-hfb-below-header-display":"","ast-hfb-mobile-header-display":"","site-post-title":"","ast-breadcrumbs-content":"","ast-featured-img":"","footer-sml-layout":"","ast-disable-related-posts":"","theme-transparent-header-meta":"","adv-header-id-meta":"","stick-header-meta":"","header-above-stick-meta":"","header-main-stick-meta":"","header-below-stick-meta":"","astra-migrate-meta-layouts":"default","ast-page-background-enabled":"default","ast-page-background-meta":{"desktop":{"background-color":"var(--ast-global-color-5)","background-image":"","background-repeat":"repeat","background-position":"center center","background-size":"auto","background-attachment":"scroll","background-type":"","background-media":"","overlay-type":"","overlay-color":"","overlay-opacity":"","overlay-gradient":""},"tablet":{"background-color":"","background-image":"","background-repeat":"repeat","background-position":"center center","background-size":"auto","background-attachment":"scroll","background-type":"","background-media":"","overlay-type":"","overlay-color":"","overlay-opacity":"","overlay-gradient":""},"mobile":{"background-color":"","background-image":"","background-repeat":"repeat","background-position":"center center","background-size":"auto","background-attachment":"scroll","background-type":"","background-media":"","overlay-type":"","overlay-color":"","overlay-opacity":"","overlay-gradient":""}},"ast-content-background-meta":{"desktop":{"background-color":"var(--ast-global-color-4)","background-image":"","background-repeat":"repeat","background-position":"center center","background-size":"auto","background-attachment":"scroll","background-type":"","background-media":"","overlay-type":"","overlay-color":"","overlay-opacity":"","overlay-gradient":""},"tablet":{"background-color":"var(--ast-global-color-4)","background-image":"","background-repeat":"repeat","background-position":"center center","background-size":"auto","background-attachment":"scroll","background-type":"","background-media":"","overlay-type":"","overlay-color":"","overlay-opacity":"","overlay-gradient":""},"mobile":{"background-color":"var(--ast-global-color-4)","background-image":"","background-repeat":"repeat","background-position":"center center","background-size":"auto","background-attachment":"scroll","background-type":"","background-media":"","overlay-type":"","overlay-color":"","overlay-opacity":"","overlay-gradient":""}},"footnotes":""},"categories":[],"tags":[1203],"class_list":["post-28533","page","type-page","status-publish","hentry","tag-exclude-from-permit-page"],"yoast_head":"<!-- This site is optimized with the Yoast SEO Premium plugin v27.4 (Yoast SEO v27.4) - https:\/\/yoast.com\/product\/yoast-seo-premium-wordpress\/ -->\n<title>Flooding Hazards - City of Miami Beach<\/title>\n<meta name=\"description\" content=\"%\" \/>\n<meta name=\"robots\" content=\"index, follow, max-snippet:-1, max-image-preview:large, max-video-preview:-1\" \/>\n<link rel=\"canonical\" href=\"https:\/\/www.miamibeachfl.gov\/ht\/hurricane-guide-flooding-hazards\/\" \/>\n<meta property=\"og:locale\" content=\"ht_HT\" \/>\n<meta property=\"og:type\" content=\"article\" \/>\n<meta property=\"og:title\" content=\"Flooding Hazards\" \/>\n<meta property=\"og:description\" content=\"%\" \/>\n<meta property=\"og:url\" content=\"https:\/\/www.miamibeachfl.gov\/ht\/hurricane-guide-flooding-hazards\/\" \/>\n<meta property=\"og:site_name\" content=\"City of Miami Beach\" \/>\n<meta property=\"article:publisher\" content=\"https:\/\/www.facebook.com\/cityofmiamibeach\" \/>\n<meta property=\"article:modified_time\" content=\"2023-12-20T16:10:35+00:00\" \/>\n<meta property=\"og:image\" content=\"https:\/\/www.miamibeachfl.gov\/wp-content\/uploads\/2024\/01\/1000pxSquare-miamibeach-aerial-southpointview.jpeg\" \/>\n\t<meta property=\"og:image:width\" content=\"1000\" \/>\n\t<meta property=\"og:image:height\" content=\"1000\" \/>\n\t<meta property=\"og:image:type\" content=\"image\/jpeg\" \/>\n<meta name=\"twitter:card\" content=\"summary_large_image\" \/>\n<meta name=\"twitter:site\" content=\"@Miamibeachnews\" \/>\n<script type=\"application\/ld+json\" class=\"yoast-schema-graph\">{\"@context\":\"https:\\\/\\\/schema.org\",\"@graph\":[{\"@type\":\"WebPage\",\"@id\":\"https:\\\/\\\/www.miamibeachfl.gov\\\/hurricane-guide-flooding-hazards\\\/\",\"url\":\"https:\\\/\\\/www.miamibeachfl.gov\\\/hurricane-guide-flooding-hazards\\\/\",\"name\":\"Flooding Hazards - City of Miami Beach\",\"isPartOf\":{\"@id\":\"https:\\\/\\\/www.miamibeachfl.gov\\\/#website\"},\"datePublished\":\"2017-08-11T00:05:42+00:00\",\"dateModified\":\"2023-12-20T16:10:35+00:00\",\"description\":\"%\",\"breadcrumb\":{\"@id\":\"https:\\\/\\\/www.miamibeachfl.gov\\\/hurricane-guide-flooding-hazards\\\/#breadcrumb\"},\"inLanguage\":\"ht\",\"potentialAction\":[{\"@type\":\"ReadAction\",\"target\":[\"https:\\\/\\\/www.miamibeachfl.gov\\\/hurricane-guide-flooding-hazards\\\/\"]}]},{\"@type\":\"BreadcrumbList\",\"@id\":\"https:\\\/\\\/www.miamibeachfl.gov\\\/hurricane-guide-flooding-hazards\\\/#breadcrumb\",\"itemListElement\":[{\"@type\":\"ListItem\",\"position\":1,\"name\":\"Home\",\"item\":\"https:\\\/\\\/www.miamibeachfl.gov\\\/\"},{\"@type\":\"ListItem\",\"position\":2,\"name\":\"Flooding Hazards\"}]},{\"@type\":\"WebSite\",\"@id\":\"https:\\\/\\\/www.miamibeachfl.gov\\\/#website\",\"url\":\"https:\\\/\\\/www.miamibeachfl.gov\\\/\",\"name\":\"City of Miami Beach\",\"description\":\"The official website of the City of Miami Beach. Stay informed, find important information on city services, news, alerts, events, trolley routes, government employment and more.\",\"publisher\":{\"@id\":\"https:\\\/\\\/www.miamibeachfl.gov\\\/#organization\"},\"potentialAction\":[{\"@type\":\"SearchAction\",\"target\":{\"@type\":\"EntryPoint\",\"urlTemplate\":\"https:\\\/\\\/www.miamibeachfl.gov\\\/?s={search_term_string}\"},\"query-input\":{\"@type\":\"PropertyValueSpecification\",\"valueRequired\":true,\"valueName\":\"search_term_string\"}}],\"inLanguage\":\"ht\"},{\"@type\":\"Organization\",\"@id\":\"https:\\\/\\\/www.miamibeachfl.gov\\\/#organization\",\"name\":\"City of Miami Beach\",\"url\":\"https:\\\/\\\/www.miamibeachfl.gov\\\/\",\"logo\":{\"@type\":\"ImageObject\",\"inLanguage\":\"ht\",\"@id\":\"https:\\\/\\\/www.miamibeachfl.gov\\\/#\\\/schema\\\/logo\\\/image\\\/\",\"url\":\"https:\\\/\\\/www.miamibeachfl.gov\\\/wp-content\\\/uploads\\\/2022\\\/06\\\/miamibeach-logoblue.png\",\"contentUrl\":\"https:\\\/\\\/www.miamibeachfl.gov\\\/wp-content\\\/uploads\\\/2022\\\/06\\\/miamibeach-logoblue.png\",\"width\":1962,\"height\":381,\"caption\":\"City of Miami Beach\"},\"image\":{\"@id\":\"https:\\\/\\\/www.miamibeachfl.gov\\\/#\\\/schema\\\/logo\\\/image\\\/\"},\"sameAs\":[\"https:\\\/\\\/www.facebook.com\\\/cityofmiamibeach\",\"https:\\\/\\\/x.com\\\/Miamibeachnews\",\"https:\\\/\\\/www.instagram.com\\\/miamibeachnews\\\/\"],\"description\":\"The official website of the City of Miami Beach. Stay informed, find important information on city services, news, alerts, events, trolley routes, government employment and more.\",\"telephone\":\"305.604.CITY(2489)\",\"legalName\":\"City of Miami Beach\"}]}<\/script>\n<!-- \/ Yoast SEO Premium plugin. -->","yoast_head_json":{"title":"Flooding Hazards - City of Miami Beach","description":"%","robots":{"index":"index","follow":"follow","max-snippet":"max-snippet:-1","max-image-preview":"max-image-preview:large","max-video-preview":"max-video-preview:-1"},"canonical":"https:\/\/www.miamibeachfl.gov\/ht\/hurricane-guide-flooding-hazards\/","og_locale":"ht_HT","og_type":"article","og_title":"Flooding Hazards","og_description":"%","og_url":"https:\/\/www.miamibeachfl.gov\/ht\/hurricane-guide-flooding-hazards\/","og_site_name":"City of Miami Beach","article_publisher":"https:\/\/www.facebook.com\/cityofmiamibeach","article_modified_time":"2023-12-20T16:10:35+00:00","og_image":[{"width":1000,"height":1000,"url":"https:\/\/www.miamibeachfl.gov\/wp-content\/uploads\/2024\/01\/1000pxSquare-miamibeach-aerial-southpointview.jpeg","type":"image\/jpeg"}],"twitter_card":"summary_large_image","twitter_site":"@Miamibeachnews","schema":{"@context":"https:\/\/schema.org","@graph":[{"@type":"WebPage","@id":"https:\/\/www.miamibeachfl.gov\/hurricane-guide-flooding-hazards\/","url":"https:\/\/www.miamibeachfl.gov\/hurricane-guide-flooding-hazards\/","name":"Flooding Hazards - City of Miami Beach","isPartOf":{"@id":"https:\/\/www.miamibeachfl.gov\/#website"},"datePublished":"2017-08-11T00:05:42+00:00","dateModified":"2023-12-20T16:10:35+00:00","description":"%","breadcrumb":{"@id":"https:\/\/www.miamibeachfl.gov\/hurricane-guide-flooding-hazards\/#breadcrumb"},"inLanguage":"ht","potentialAction":[{"@type":"ReadAction","target":["https:\/\/www.miamibeachfl.gov\/hurricane-guide-flooding-hazards\/"]}]},{"@type":"BreadcrumbList","@id":"https:\/\/www.miamibeachfl.gov\/hurricane-guide-flooding-hazards\/#breadcrumb","itemListElement":[{"@type":"ListItem","position":1,"name":"Home","item":"https:\/\/www.miamibeachfl.gov\/"},{"@type":"ListItem","position":2,"name":"Flooding Hazards"}]},{"@type":"WebSite","@id":"https:\/\/www.miamibeachfl.gov\/#website","url":"https:\/\/www.miamibeachfl.gov\/","name":"Vil Miami Beach","description":"Sitw\u00e8b ofisy\u00e8l Vil Miami Beach la. Rete enf\u00f2me, jwenn enf\u00f2masyon enp\u00f2tan sou s\u00e8vis vil la, nouv\u00e8l, al\u00e8t, ev\u00e8nman, wout tramway, travay gouv\u00e8nman an ak plis ank\u00f2.","publisher":{"@id":"https:\/\/www.miamibeachfl.gov\/#organization"},"potentialAction":[{"@type":"SearchAction","target":{"@type":"EntryPoint","urlTemplate":"https:\/\/www.miamibeachfl.gov\/?s={search_term_string}"},"query-input":{"@type":"PropertyValueSpecification","valueRequired":true,"valueName":"search_term_string"}}],"inLanguage":"ht"},{"@type":"Organization","@id":"https:\/\/www.miamibeachfl.gov\/#organization","name":"Vil Miami Beach","url":"https:\/\/www.miamibeachfl.gov\/","logo":{"@type":"ImageObject","inLanguage":"ht","@id":"https:\/\/www.miamibeachfl.gov\/#\/schema\/logo\/image\/","url":"https:\/\/www.miamibeachfl.gov\/wp-content\/uploads\/2022\/06\/miamibeach-logoblue.png","contentUrl":"https:\/\/www.miamibeachfl.gov\/wp-content\/uploads\/2022\/06\/miamibeach-logoblue.png","width":1962,"height":381,"caption":"City of Miami Beach"},"image":{"@id":"https:\/\/www.miamibeachfl.gov\/#\/schema\/logo\/image\/"},"sameAs":["https:\/\/www.facebook.com\/cityofmiamibeach","https:\/\/x.com\/Miamibeachnews","https:\/\/www.instagram.com\/miamibeachnews\/"],"description":"Sitw\u00e8b ofisy\u00e8l Vil Miami Beach la. Rete enf\u00f2me, jwenn enf\u00f2masyon enp\u00f2tan sou s\u00e8vis vil la, nouv\u00e8l, al\u00e8t, ev\u00e8nman, wout tramway, travay gouv\u00e8nman an ak plis ank\u00f2.","telephone":"305.604.CITY(2489)","legalName":"City of Miami Beach"}]}},"_links":{"self":[{"href":"https:\/\/www.miamibeachfl.gov\/ht\/wp-json\/wp\/v2\/pages\/28533","targetHints":{"allow":["GET"]}}],"collection":[{"href":"https:\/\/www.miamibeachfl.gov\/ht\/wp-json\/wp\/v2\/pages"}],"about":[{"href":"https:\/\/www.miamibeachfl.gov\/ht\/wp-json\/wp\/v2\/types\/page"}],"author":[{"embeddable":true,"href":"https:\/\/www.miamibeachfl.gov\/ht\/wp-json\/wp\/v2\/users\/222"}],"replies":[{"embeddable":true,"href":"https:\/\/www.miamibeachfl.gov\/ht\/wp-json\/wp\/v2\/comments?post=28533"}],"version-history":[{"count":0,"href":"https:\/\/www.miamibeachfl.gov\/ht\/wp-json\/wp\/v2\/pages\/28533\/revisions"}],"wp:attachment":[{"href":"https:\/\/www.miamibeachfl.gov\/ht\/wp-json\/wp\/v2\/media?parent=28533"}],"wp:term":[{"taxonomy":"category","embeddable":true,"href":"https:\/\/www.miamibeachfl.gov\/ht\/wp-json\/wp\/v2\/categories?post=28533"},{"taxonomy":"post_tag","embeddable":true,"href":"https:\/\/www.miamibeachfl.gov\/ht\/wp-json\/wp\/v2\/tags?post=28533"}],"curies":[{"name":"wp","href":"https:\/\/api.w.org\/{rel}","templated":true}]}}