{"id":28604,"date":"2017-08-11T00:06:26","date_gmt":"2017-08-11T00:06:26","guid":{"rendered":"http:\/\/www.miamibeachfl.gov\/city-hall\/environmental-sustainability\/environmental-resources\/natural-resources-management\/wildlife\/turtles\/"},"modified":"2024-03-19T15:21:54","modified_gmt":"2024-03-19T19:21:54","slug":"turtles","status":"publish","type":"page","link":"https:\/\/www.miamibeachfl.gov\/ht\/city-hall\/environmental-sustainability\/environmental-resources\/natural-resources-management\/turtles\/","title":{"rendered":"T\u00f2ti"},"content":{"rendered":"<p><b>ANVIW\u00d2NMAN \u2013 T\u00d2TI<\/b><\/p>\n<p><b>T\u00d2TI LANM\u00c8 AK EKOSIST\u00c8M PLAJ LA<\/b><\/p>\n<p>Lwa sou Esp\u00e8s ki An Danje Etazini an 1973 ak Chapit 370 Lwa Florid la pwoteje t\u00f2ti lanm\u00e8 yo. Li ilegal pou f\u00e8 mal oswa pou anm\u00e8de t\u00f2ti lanm\u00e8 yo, nich yo oswa ti t\u00f2ti yo. Vil Miami Beach se yon abita nidifikasyon pou twa esp\u00e8s t\u00f2ti lanm\u00e8 pwoteje: t\u00f2ti Loggerhead, t\u00f2ti Green, ak t\u00f2ti Leatherback. Chak ane, apati mwa avril rive jis nan k\u00f2mansman mwa novanm, t\u00f2ti lanm\u00e8 natif natal yo vin f\u00e8 nich sou plaj nou yo. T\u00f2ti lanm\u00e8 ponn anviwon 100 ze nan yon nich epi ponn ant 3 ak 7 nich pandan sezon nidifikasyon ete a. Li enp\u00f2tan pou pa deranje ti t\u00f2ti yo, ze yo oswa nich yo paske ti t\u00f2ti yo bezwen trennen pou ale nan lanm\u00e8 a san antrav. Lalwa ent\u00e8di pou touche fem\u00e8l ki f\u00e8 nich yo, pran foto flach fem\u00e8l oswa ti t\u00f2ti ki f\u00e8 nich yo, oswa fouye nan nich yo. Si ou w\u00e8 yon moun k ap anm\u00e8de yon t\u00f2ti lanm\u00e8 ki f\u00e8 nich oswa ki f\u00e8k kale, kontakte Lapolis FWC nan 888.404.FWCC (3922) oswa *FWC sou telef\u00f2n selil\u00e8.<\/p>\n<p><b>MENAS EKLERAJ ATIFISY\u00c8L LA<\/b><\/p>\n<p>Sezon nidifikasyon t\u00f2ti nan Eta Florid la f\u00e8t ant 1ye me ak 31 okt\u00f2b. Sepandan, sezon nidifikasyon t\u00f2ti a k\u00f2manse nan <b>1ye avril<\/b> pou Miami Beach pou eksplike sezon nidifikasyon tortu kwi ki pi bon\u00e8 a. Gen l\u00f2t z\u00f2n nan eta a ki pa f\u00e8 nidifikasyon tortu lanm\u00e8 jiskaske apepr\u00e8 1ye me. Malgre ke tortu yo prefere plaj ki f\u00e8 nwa, anpil ladan yo f\u00e8 nid sou rivaj ki limen ak\u00f2z mank plaj ki f\u00e8 nwa. Sa mete ti tortu yo an danje, ki enstenktivman atire pa limy\u00e8 klere. N\u00f2malman, limy\u00e8 y ap vwayaje nan direksyon an kreye pa refleksyon lalin nan oswa zetwal yo sou vag yo. Sepandan, ekleraj atifisy\u00e8l b\u00f2 lanm\u00e8 a poze yon menas grav pou ti tortu yo l\u00e8 li dezoryante yo, sa ki f\u00e8 yo trennen k\u00f2t lwen oseyan an epi ale nan direksyon limy\u00e8 atifisy\u00e8l la. Sou plaj kote ekleraj atifisy\u00e8l vizib, fi k ap f\u00e8 nid yo ka dekouraje f\u00e8 nid epi vwayaj enp\u00f2tan ti tortu yo nan lanm\u00e8 a ka deranje. Pou anpeche dezoryantasyon ak enpak negatif sou tortu ki f\u00e8 nid yo, lalwa eta a ent\u00e8di enstalasyon ekleraj ekst\u00e8n b\u00f2 lanm\u00e8 ki deranje tortu lanm\u00e8 yo (Chapit 62B-55, K\u00f2d Administratif Florid). Vil Miami Beach adopte yon Lwa sou Pwoteksyon Nidifikasyon Tortu pou minimize enpak ekleraj atifisy\u00e8l sou ti tortu lanm\u00e8 ki f\u00e8k kale ak tortu lanm\u00e8 k ap f\u00e8 nid, epi konsa pwoteje esp\u00e8s ki an danje yo ki vizite plaj li yo souvan. Lwa a ankouraje jesyon limy\u00e8 sou t\u00e8 prive ak piblik, pou anpeche polisyon limy\u00e8 ki pwobl\u00e8matik pou tortu lanm\u00e8 ak l\u00f2t b\u00e8t ki viv lannwit.<\/p>\n<p>&#8212;&#8212;&#8212;&#8212;&#8212;&#8212;&#8212;&#8212;&#8212;&#8212;&#8212;&#8212;&#8212;&#8212;&#8212;&#8212;&#8212;&#8212;&#8212;&#8212;&#8212;&#8212;&#8211;<\/p>\n<b>T\u00d2TI V\u00c8T<br \/>\n<\/b>Chelonia mydas\n<p><b>DESKRIPSYON:<\/b> Yo fasil pou distenge t\u00f2ti v\u00e8t yo ak l\u00f2t t\u00f2ti lanm\u00e8 yo pout\u00e8t yon s\u00e8l p\u00e8 kal devan je yo \u2013 olye de de. T\u00e8t yon t\u00f2ti v\u00e8t piti epi li pandye av\u00e8k yon machw\u00e8 ki gen dan. Kokiy yo oval epi koul\u00e8 yo varye ant v\u00e8t pal ak v\u00e8t fonse, j\u00f2n kl\u00e8 ak j\u00f2n briyan, epi mawon ak v\u00e8t ak bann. Ti t\u00f2ti yo v\u00e8t oliv fonse oswa pr\u00e8ske nwa ak yon vant blan.<\/p>\n<p><b>GWOS\u00c8:<\/b> Adilt yo mezire 3.5 a 4 pye long\u00e8, epi yo peze ant 300 ak 400 liv.<\/p>\n<p><b>NIDIKASYON:<\/b> Chak fem\u00e8l f\u00e8 nich 3 a 5 fwa chak dezan epi li ponn an mway\u00e8n 115 ze nan chak nich. Ze yo kouve nan apepr\u00e8 60 jou.<\/p>\n<p><b>ESTATI:<\/b> An danje: Esp\u00e8s sa a an danje pou l dispar\u00e8t nan yon tan ki pa tw\u00f2 lwen.<\/p>\n<p>&#8212;&#8212;&#8212;&#8212;&#8212;&#8212;&#8212;&#8212;&#8212;&#8212;&#8212;&#8212;&#8212;&#8212;&#8212;&#8212;&#8212;&#8212;&#8212;&#8212;&#8212;&#8212;&#8211;<\/p>\n<b>T\u00c8T BOUCH\u00c8<br \/>\n<\/b>Caretta caretta\n<p><b>DESKRIPSYON:<\/b> Ti zwazo t\u00e8t kale yo gen gwo t\u00e8t ak machw\u00e8 f\u00f2 ak lou, epi kokiy ki gen f\u00f2m k\u00e8 san ar\u00e8t. Koul\u00e8 kokiy la anjeneral wouj-mawon ak yon vant j\u00f2n-mawon. Ti zwazo ki f\u00e8k f\u00e8t yo tipikman mawon fonse ak yon b\u00f2di mawon pal sou najwa yo.<\/p>\n<p><b>GWOS\u00c8:<\/b> Adilt yo mezire 2.5 a 3.5 pye long\u00e8, epi yo peze jiska 350 liv.<\/p>\n<p><b>NIDIKASYON:<\/b> Chak fem\u00e8l f\u00e8 nich 5 a 7 fwa chak 2-3 zan epi li ponn an mway\u00e8n 80-120 ze nan chak nich. Ze yo kouve nan apepr\u00e8 55 jou. Tortu maren ki f\u00e8 nich pi souvan nan Florid se esp\u00e8s tortu maren ki f\u00e8 nich pi souvan.<\/p>\n<p><b>ESTATI:<\/b> An danje: Esp\u00e8s sa a gen anpil chans pou l dispar\u00e8t nan yon tan ki pa tw\u00f2 lwen.<\/p>\n<p>&#8212;&#8212;&#8212;&#8212;&#8212;&#8212;&#8212;&#8212;&#8212;&#8212;&#8212;&#8212;&#8212;&#8212;&#8212;&#8212;&#8212;&#8212;&#8212;&#8212;&#8212;&#8212;&#8211;<\/p>\n<b>T\u00d2TI LANM\u00c8 KUIT<br \/>\n<\/b>Dermochelys coriacea\n<p><b>DESKRIPSYON:<\/b> Tortu kwi yo se pi gwo t\u00f2ti yo ak pi gwo reptil vivan nan mond lan. Tortu kwi yo se s\u00e8l t\u00f2ti lanm\u00e8 ki pa gen yon kokiy zo sou dey\u00f2 a. Adilt yo prensipalman nwa ak yon kokiy woz-blan ki gen ti tach lateral epi yo gen yon ti tach blan pal ak woz sou t\u00e8t la. Ti t\u00f2ti yo gen bann blan sou do yo, yo mezire anviwon 3-4 pous long\u00e8 epi yo peze ant 1.04-1.08 ons.<\/p>\n<p><b>GWOS\u00c8:<\/b> Adilt yo mezire ant 6 a 6.5 pye long\u00e8 epi yo peze anviwon 1500 a 2000 liv.<\/p>\n<p><b>NIDIKASYON:<\/b> Chak fem\u00e8l f\u00e8 nich plizy\u00e8 fwa pandan yon sezon epi li ponn an mway\u00e8n 80-100 ze nan chak nich. Ze yo kouve nan apepr\u00e8 70 jou.<\/p>\n<p><b>ESTATI: AN DANJE:<\/b> Esp\u00e8s sa a an danje pou l dispar\u00e8t nan yon tan ki pa tw\u00f2 lwen.<\/p>\n<p>&#8212;&#8212;&#8212;&#8212;&#8212;&#8212;&#8212;&#8212;&#8212;&#8212;&#8212;&#8212;&#8212;&#8212;&#8212;&#8212;&#8212;&#8212;&#8212;&#8212;&#8212;&#8212;&#8211;<\/p>\n<p><b>KISA<\/b> <b>KA<\/b> <b>OU<\/b> <b>F\u00c8<\/b>?<\/p>\nPa f\u00e8 sa<br \/>\ntouche t\u00f2ti yo. Nou konprann anpil rezidan pasyone sou pwobl\u00e8m sa a<br \/>\nepi ou vle ede, patikily\u00e8man nan sove ti zwazo ki dezoryante yo.<br \/>\nMalerezman, lwa pwoteksyon t\u00f2ti lanm\u00e8 nan Florid limite kapasite a anpil.<br \/>\nmoun ki pa gen p\u00e8mi pou patisipe nan ef\u00f2 kons\u00e8vasyon t\u00f2ti lanm\u00e8 yo. Li se<br \/>\nLi ilegal pou piblik la ranmase ti t\u00f2ti lanm\u00e8 menm si yo pa oryante. Okontr\u00e8,<br \/>\nrezidan ki pasyone sou pwobl\u00e8m sa a ta dwe rap\u00f2te t\u00f2ti lanm\u00e8<br \/>\nensidan yo nan (888) 404-FWCC (3922) oubyen *FWC sou telef\u00f2n selil\u00e8. Nou genyen<br \/>\nmande kons\u00e8y nan men Konte a, FWC, ak USFWS kons\u00e8nan kijan nou ka pi byen<br \/>\nenplike rezidan nou yo pandan n ap travay pou amelyore inisyativ pwoteksyon t\u00f2ti lanm\u00e8 yo<br \/>\nnan Miami Beach epi ankouraje tout moun ki enterese pou enskri pou vil la<br \/>\nBilten elektwonik sou dirabilite ak anviw\u00f2nman pou resevwa plis enf\u00f2masyon<br \/>\nli vin disponib.\n<p><b>\u00a0<\/b><b>OU VLE JWENN PLIS ENF\u00d2MASYON DETAYE SOU EF\u00d2 NOU YO AN 2017?<\/b><\/p>\n<p>Gade L\u00e8t yo te distribye bay Komisyon an nan dat 4 Out 2017 la:<strong><a title=\"L\u00e8t Tortu Lanm\u00e8\" href=\"\/wp-content\/uploads\/2017\/08\/LTC-397-2017-Sea-Turtle-Protection-in-Miami-Beach.pdf\" target=\"_blank\" rel=\"noopener\">L\u00e8t Tortu Lanm\u00e8<\/a><\/strong><\/p>\n<p><b>Lyen:<\/b><\/p>\n<strong><a title=\"Lwa sou Pwoteksyon T\u00f2ti Marin Vil Miami Beach la\" href=\"https:\/\/library.municode.com\/fl\/miami_beach\/codes\/code_of_ordinances?nodeId=SPAGEOR_CH46EN_ARTVTUNEPR\" target=\"_blank\" rel=\"noopener\">Lwa sou Pwoteksyon T\u00f2ti Marin Vil Miami Beach la<\/a>\u00a0<\/strong><br \/>\n<b><a title=\"Pwogram Nidifikasyon ak Relokasyon Tortu Lanm\u00e8 nan Konte Miami-Dade\" href=\"http:\/\/www.miamidade.gov\/ecoadventures\/sea-turtle-research-program.asp\" target=\"_blank\" rel=\"noopener\">Pwogram Tortu Lanm\u00e8 Konte Miami-Dade<\/a><br \/>\n<\/b><b><a title=\"Plak machin pou t\u00f2ti lanm\u00e8 Florid\" href=\"http:\/\/www.helpingseaturtles.org\/\" target=\"_blank\" rel=\"noopener\">Plak machin pou t\u00f2ti lanm\u00e8 Florid<\/a><br \/>\n<\/b><b><a title=\"Enstiti Rech\u00e8ch sou Pwason ak Lavi Sovaj Florid\" href=\"https:\/\/myfwc.com\/research\/\" target=\"_blank\" rel=\"noopener\">Enstiti Rech\u00e8ch sou Pwason ak Lavi Sovaj Florid<\/a>\u00a0<\/b>\n<p><b>\u00a0<\/b><\/p>","protected":false},"excerpt":{"rendered":"<p>ENVIRONMENTAL &#8211; TURTLES SEA TURTLES AND THE BEACH ECOSYSTEM Sea Turtles are protected by the US Endangered Species Act of [&hellip;]<\/p>\n","protected":false},"author":222,"featured_media":0,"parent":28600,"menu_order":0,"comment_status":"closed","ping_status":"closed","template":"","meta":{"_searchwp_excluded":"","site-sidebar-layout":"default","site-content-layout":"","ast-site-content-layout":"default","site-content-style":"default","site-sidebar-style":"default","ast-global-header-display":"","ast-banner-title-visibility":"","ast-main-header-display":"","ast-hfb-above-header-display":"","ast-hfb-below-header-display":"","ast-hfb-mobile-header-display":"","site-post-title":"","ast-breadcrumbs-content":"","ast-featured-img":"","footer-sml-layout":"","theme-transparent-header-meta":"","adv-header-id-meta":"","stick-header-meta":"","header-above-stick-meta":"","header-main-stick-meta":"","header-below-stick-meta":"","astra-migrate-meta-layouts":"default","ast-page-background-enabled":"default","ast-page-background-meta":{"desktop":{"background-color":"var(--ast-global-color-5)","background-image":"","background-repeat":"repeat","background-position":"center center","background-size":"auto","background-attachment":"scroll","background-type":"","background-media":"","overlay-type":"","overlay-color":"","overlay-opacity":"","overlay-gradient":""},"tablet":{"background-color":"","background-image":"","background-repeat":"repeat","background-position":"center center","background-size":"auto","background-attachment":"scroll","background-type":"","background-media":"","overlay-type":"","overlay-color":"","overlay-opacity":"","overlay-gradient":""},"mobile":{"background-color":"","background-image":"","background-repeat":"repeat","background-position":"center center","background-size":"auto","background-attachment":"scroll","background-type":"","background-media":"","overlay-type":"","overlay-color":"","overlay-opacity":"","overlay-gradient":""}},"ast-content-background-meta":{"desktop":{"background-color":"var(--ast-global-color-4)","background-image":"","background-repeat":"repeat","background-position":"center center","background-size":"auto","background-attachment":"scroll","background-type":"","background-media":"","overlay-type":"","overlay-color":"","overlay-opacity":"","overlay-gradient":""},"tablet":{"background-color":"var(--ast-global-color-4)","background-image":"","background-repeat":"repeat","background-position":"center center","background-size":"auto","background-attachment":"scroll","background-type":"","background-media":"","overlay-type":"","overlay-color":"","overlay-opacity":"","overlay-gradient":""},"mobile":{"background-color":"var(--ast-global-color-4)","background-image":"","background-repeat":"repeat","background-position":"center center","background-size":"auto","background-attachment":"scroll","background-type":"","background-media":"","overlay-type":"","overlay-color":"","overlay-opacity":"","overlay-gradient":""}},"footnotes":""},"categories":[],"tags":[],"class_list":["post-28604","page","type-page","status-publish","hentry"],"yoast_head":"<!-- This site is optimized with the Yoast SEO Premium plugin v27.4 (Yoast SEO v27.4) - https:\/\/yoast.com\/product\/yoast-seo-premium-wordpress\/ -->\n<title>Turtles - City of Miami Beach<\/title>\n<meta name=\"description\" content=\"%\" \/>\n<meta name=\"robots\" content=\"index, follow, max-snippet:-1, max-image-preview:large, max-video-preview:-1\" \/>\n<link rel=\"canonical\" href=\"https:\/\/www.miamibeachfl.gov\/ht\/city-hall\/environmental-sustainability\/environmental-resources\/natural-resources-management\/turtles\/\" \/>\n<meta property=\"og:locale\" content=\"ht_HT\" \/>\n<meta property=\"og:type\" content=\"article\" \/>\n<meta property=\"og:title\" content=\"Turtles\" \/>\n<meta property=\"og:description\" content=\"%\" \/>\n<meta property=\"og:url\" content=\"https:\/\/www.miamibeachfl.gov\/ht\/city-hall\/environmental-sustainability\/environmental-resources\/natural-resources-management\/turtles\/\" \/>\n<meta property=\"og:site_name\" content=\"City of Miami Beach\" \/>\n<meta property=\"article:publisher\" content=\"https:\/\/www.facebook.com\/cityofmiamibeach\" \/>\n<meta property=\"article:modified_time\" content=\"2024-03-19T19:21:54+00:00\" \/>\n<meta property=\"og:image\" content=\"https:\/\/www.miamibeachfl.gov\/wp-content\/uploads\/2024\/01\/1000pxSquare-miamibeach-aerial-southpointview.jpeg\" \/>\n\t<meta property=\"og:image:width\" content=\"1000\" \/>\n\t<meta property=\"og:image:height\" content=\"1000\" \/>\n\t<meta property=\"og:image:type\" content=\"image\/jpeg\" \/>\n<meta name=\"twitter:card\" content=\"summary_large_image\" \/>\n<meta name=\"twitter:site\" content=\"@Miamibeachnews\" \/>\n<script type=\"application\/ld+json\" class=\"yoast-schema-graph\">{\"@context\":\"https:\\\/\\\/schema.org\",\"@graph\":[{\"@type\":\"WebPage\",\"@id\":\"https:\\\/\\\/www.miamibeachfl.gov\\\/city-hall\\\/environmental-sustainability\\\/environmental-resources\\\/natural-resources-management\\\/turtles\\\/\",\"url\":\"https:\\\/\\\/www.miamibeachfl.gov\\\/city-hall\\\/environmental-sustainability\\\/environmental-resources\\\/natural-resources-management\\\/turtles\\\/\",\"name\":\"Turtles - City of Miami Beach\",\"isPartOf\":{\"@id\":\"https:\\\/\\\/www.miamibeachfl.gov\\\/#website\"},\"datePublished\":\"2017-08-11T00:06:26+00:00\",\"dateModified\":\"2024-03-19T19:21:54+00:00\",\"description\":\"%\",\"breadcrumb\":{\"@id\":\"https:\\\/\\\/www.miamibeachfl.gov\\\/city-hall\\\/environmental-sustainability\\\/environmental-resources\\\/natural-resources-management\\\/turtles\\\/#breadcrumb\"},\"inLanguage\":\"ht\",\"potentialAction\":[{\"@type\":\"ReadAction\",\"target\":[\"https:\\\/\\\/www.miamibeachfl.gov\\\/city-hall\\\/environmental-sustainability\\\/environmental-resources\\\/natural-resources-management\\\/turtles\\\/\"]}]},{\"@type\":\"BreadcrumbList\",\"@id\":\"https:\\\/\\\/www.miamibeachfl.gov\\\/city-hall\\\/environmental-sustainability\\\/environmental-resources\\\/natural-resources-management\\\/turtles\\\/#breadcrumb\",\"itemListElement\":[{\"@type\":\"ListItem\",\"position\":1,\"name\":\"Home\",\"item\":\"https:\\\/\\\/www.miamibeachfl.gov\\\/\"},{\"@type\":\"ListItem\",\"position\":2,\"name\":\"City Hall\",\"item\":\"https:\\\/\\\/www.miamibeachfl.gov\\\/city-hall\\\/\"},{\"@type\":\"ListItem\",\"position\":3,\"name\":\"Environment &#038; Sustainability\",\"item\":\"https:\\\/\\\/www.miamibeachfl.gov\\\/city-hall\\\/environmental-sustainability\\\/\"},{\"@type\":\"ListItem\",\"position\":4,\"name\":\"Environmental Resources\",\"item\":\"https:\\\/\\\/www.miamibeachfl.gov\\\/city-hall\\\/environmental-sustainability\\\/environmental-resources\\\/\"},{\"@type\":\"ListItem\",\"position\":5,\"name\":\"Natural Resources Management\",\"item\":\"https:\\\/\\\/www.miamibeachfl.gov\\\/city-hall\\\/environmental-sustainability\\\/environmental-resources\\\/natural-resources-management\\\/\"},{\"@type\":\"ListItem\",\"position\":6,\"name\":\"Turtles\"}]},{\"@type\":\"WebSite\",\"@id\":\"https:\\\/\\\/www.miamibeachfl.gov\\\/#website\",\"url\":\"https:\\\/\\\/www.miamibeachfl.gov\\\/\",\"name\":\"City of Miami Beach\",\"description\":\"The official website of the City of Miami Beach. Stay informed, find important information on city services, news, alerts, events, trolley routes, government employment and more.\",\"publisher\":{\"@id\":\"https:\\\/\\\/www.miamibeachfl.gov\\\/#organization\"},\"potentialAction\":[{\"@type\":\"SearchAction\",\"target\":{\"@type\":\"EntryPoint\",\"urlTemplate\":\"https:\\\/\\\/www.miamibeachfl.gov\\\/?s={search_term_string}\"},\"query-input\":{\"@type\":\"PropertyValueSpecification\",\"valueRequired\":true,\"valueName\":\"search_term_string\"}}],\"inLanguage\":\"ht\"},{\"@type\":\"Organization\",\"@id\":\"https:\\\/\\\/www.miamibeachfl.gov\\\/#organization\",\"name\":\"City of Miami Beach\",\"url\":\"https:\\\/\\\/www.miamibeachfl.gov\\\/\",\"logo\":{\"@type\":\"ImageObject\",\"inLanguage\":\"ht\",\"@id\":\"https:\\\/\\\/www.miamibeachfl.gov\\\/#\\\/schema\\\/logo\\\/image\\\/\",\"url\":\"https:\\\/\\\/www.miamibeachfl.gov\\\/wp-content\\\/uploads\\\/2022\\\/06\\\/miamibeach-logoblue.png\",\"contentUrl\":\"https:\\\/\\\/www.miamibeachfl.gov\\\/wp-content\\\/uploads\\\/2022\\\/06\\\/miamibeach-logoblue.png\",\"width\":1962,\"height\":381,\"caption\":\"City of Miami Beach\"},\"image\":{\"@id\":\"https:\\\/\\\/www.miamibeachfl.gov\\\/#\\\/schema\\\/logo\\\/image\\\/\"},\"sameAs\":[\"https:\\\/\\\/www.facebook.com\\\/cityofmiamibeach\",\"https:\\\/\\\/x.com\\\/Miamibeachnews\",\"https:\\\/\\\/www.instagram.com\\\/miamibeachnews\\\/\"],\"description\":\"The official website of the City of Miami Beach. Stay informed, find important information on city services, news, alerts, events, trolley routes, government employment and more.\",\"telephone\":\"305.604.CITY(2489)\",\"legalName\":\"City of Miami Beach\"}]}<\/script>\n<!-- \/ Yoast SEO Premium plugin. -->","yoast_head_json":{"title":"Turtles - City of Miami Beach","description":"%","robots":{"index":"index","follow":"follow","max-snippet":"max-snippet:-1","max-image-preview":"max-image-preview:large","max-video-preview":"max-video-preview:-1"},"canonical":"https:\/\/www.miamibeachfl.gov\/ht\/city-hall\/environmental-sustainability\/environmental-resources\/natural-resources-management\/turtles\/","og_locale":"ht_HT","og_type":"article","og_title":"Turtles","og_description":"%","og_url":"https:\/\/www.miamibeachfl.gov\/ht\/city-hall\/environmental-sustainability\/environmental-resources\/natural-resources-management\/turtles\/","og_site_name":"City of Miami Beach","article_publisher":"https:\/\/www.facebook.com\/cityofmiamibeach","article_modified_time":"2024-03-19T19:21:54+00:00","og_image":[{"width":1000,"height":1000,"url":"https:\/\/www.miamibeachfl.gov\/wp-content\/uploads\/2024\/01\/1000pxSquare-miamibeach-aerial-southpointview.jpeg","type":"image\/jpeg"}],"twitter_card":"summary_large_image","twitter_site":"@Miamibeachnews","schema":{"@context":"https:\/\/schema.org","@graph":[{"@type":"WebPage","@id":"https:\/\/www.miamibeachfl.gov\/city-hall\/environmental-sustainability\/environmental-resources\/natural-resources-management\/turtles\/","url":"https:\/\/www.miamibeachfl.gov\/city-hall\/environmental-sustainability\/environmental-resources\/natural-resources-management\/turtles\/","name":"Turtles - City of Miami Beach","isPartOf":{"@id":"https:\/\/www.miamibeachfl.gov\/#website"},"datePublished":"2017-08-11T00:06:26+00:00","dateModified":"2024-03-19T19:21:54+00:00","description":"%","breadcrumb":{"@id":"https:\/\/www.miamibeachfl.gov\/city-hall\/environmental-sustainability\/environmental-resources\/natural-resources-management\/turtles\/#breadcrumb"},"inLanguage":"ht","potentialAction":[{"@type":"ReadAction","target":["https:\/\/www.miamibeachfl.gov\/city-hall\/environmental-sustainability\/environmental-resources\/natural-resources-management\/turtles\/"]}]},{"@type":"BreadcrumbList","@id":"https:\/\/www.miamibeachfl.gov\/city-hall\/environmental-sustainability\/environmental-resources\/natural-resources-management\/turtles\/#breadcrumb","itemListElement":[{"@type":"ListItem","position":1,"name":"Home","item":"https:\/\/www.miamibeachfl.gov\/"},{"@type":"ListItem","position":2,"name":"City Hall","item":"https:\/\/www.miamibeachfl.gov\/city-hall\/"},{"@type":"ListItem","position":3,"name":"Environment &#038; Sustainability","item":"https:\/\/www.miamibeachfl.gov\/city-hall\/environmental-sustainability\/"},{"@type":"ListItem","position":4,"name":"Environmental Resources","item":"https:\/\/www.miamibeachfl.gov\/city-hall\/environmental-sustainability\/environmental-resources\/"},{"@type":"ListItem","position":5,"name":"Natural Resources Management","item":"https:\/\/www.miamibeachfl.gov\/city-hall\/environmental-sustainability\/environmental-resources\/natural-resources-management\/"},{"@type":"ListItem","position":6,"name":"Turtles"}]},{"@type":"WebSite","@id":"https:\/\/www.miamibeachfl.gov\/#website","url":"https:\/\/www.miamibeachfl.gov\/","name":"Vil Miami Beach","description":"Sitw\u00e8b ofisy\u00e8l Vil Miami Beach la. Rete enf\u00f2me, jwenn enf\u00f2masyon enp\u00f2tan sou s\u00e8vis vil la, nouv\u00e8l, al\u00e8t, ev\u00e8nman, wout tramway, travay gouv\u00e8nman an ak plis ank\u00f2.","publisher":{"@id":"https:\/\/www.miamibeachfl.gov\/#organization"},"potentialAction":[{"@type":"SearchAction","target":{"@type":"EntryPoint","urlTemplate":"https:\/\/www.miamibeachfl.gov\/?s={search_term_string}"},"query-input":{"@type":"PropertyValueSpecification","valueRequired":true,"valueName":"search_term_string"}}],"inLanguage":"ht"},{"@type":"Organization","@id":"https:\/\/www.miamibeachfl.gov\/#organization","name":"Vil Miami Beach","url":"https:\/\/www.miamibeachfl.gov\/","logo":{"@type":"ImageObject","inLanguage":"ht","@id":"https:\/\/www.miamibeachfl.gov\/#\/schema\/logo\/image\/","url":"https:\/\/www.miamibeachfl.gov\/wp-content\/uploads\/2022\/06\/miamibeach-logoblue.png","contentUrl":"https:\/\/www.miamibeachfl.gov\/wp-content\/uploads\/2022\/06\/miamibeach-logoblue.png","width":1962,"height":381,"caption":"City of Miami Beach"},"image":{"@id":"https:\/\/www.miamibeachfl.gov\/#\/schema\/logo\/image\/"},"sameAs":["https:\/\/www.facebook.com\/cityofmiamibeach","https:\/\/x.com\/Miamibeachnews","https:\/\/www.instagram.com\/miamibeachnews\/"],"description":"Sitw\u00e8b ofisy\u00e8l Vil Miami Beach la. Rete enf\u00f2me, jwenn enf\u00f2masyon enp\u00f2tan sou s\u00e8vis vil la, nouv\u00e8l, al\u00e8t, ev\u00e8nman, wout tramway, travay gouv\u00e8nman an ak plis ank\u00f2.","telephone":"305.604.CITY(2489)","legalName":"City of Miami Beach"}]}},"_links":{"self":[{"href":"https:\/\/www.miamibeachfl.gov\/ht\/wp-json\/wp\/v2\/pages\/28604","targetHints":{"allow":["GET"]}}],"collection":[{"href":"https:\/\/www.miamibeachfl.gov\/ht\/wp-json\/wp\/v2\/pages"}],"about":[{"href":"https:\/\/www.miamibeachfl.gov\/ht\/wp-json\/wp\/v2\/types\/page"}],"author":[{"embeddable":true,"href":"https:\/\/www.miamibeachfl.gov\/ht\/wp-json\/wp\/v2\/users\/222"}],"replies":[{"embeddable":true,"href":"https:\/\/www.miamibeachfl.gov\/ht\/wp-json\/wp\/v2\/comments?post=28604"}],"version-history":[{"count":0,"href":"https:\/\/www.miamibeachfl.gov\/ht\/wp-json\/wp\/v2\/pages\/28604\/revisions"}],"up":[{"embeddable":true,"href":"https:\/\/www.miamibeachfl.gov\/ht\/wp-json\/wp\/v2\/pages\/28600"}],"wp:attachment":[{"href":"https:\/\/www.miamibeachfl.gov\/ht\/wp-json\/wp\/v2\/media?parent=28604"}],"wp:term":[{"taxonomy":"category","embeddable":true,"href":"https:\/\/www.miamibeachfl.gov\/ht\/wp-json\/wp\/v2\/categories?post=28604"},{"taxonomy":"post_tag","embeddable":true,"href":"https:\/\/www.miamibeachfl.gov\/ht\/wp-json\/wp\/v2\/tags?post=28604"}],"curies":[{"name":"wp","href":"https:\/\/api.w.org\/{rel}","templated":true}]}}