{"id":28605,"date":"2017-08-11T00:06:27","date_gmt":"2017-08-11T00:06:27","guid":{"rendered":"http:\/\/www.miamibeachfl.gov\/city-hall\/environmental-sustainability\/environmental-resources\/regulatory-compliance\/"},"modified":"2025-05-28T10:25:01","modified_gmt":"2025-05-28T14:25:01","slug":"regulatory-compliance","status":"publish","type":"page","link":"https:\/\/www.miamibeachfl.gov\/ht\/city-hall\/environmental-sustainability\/environmental-resources\/regulatory-compliance\/","title":{"rendered":"Konf\u00f2mite R\u00e8glemant\u00e8"},"content":{"rendered":"<img decoding=\"async\" src=\"https:\/\/www.miamibeachfl.gov\/wp-content\/uploads\/2022\/07\/hero-small.jpg\" alt=\"ocean drive art deco buildings\" itemprop=\"image\" title=\"ewo-piti\" onerror=\"this.style.display='none'\" loading='lazy' \/>\n<h1>\n\t\t\tKonf\u00f2mite R\u00e8glemant\u00e8\t<\/h1>\n\t<nav id=\"breadcrumbs\" aria-label=\"Pen griye\"><a href=\"https:\/\/www.miamibeachfl.gov\/ht\/\">Lakay<\/a> &gt; <a href=\"https:\/\/www.miamibeachfl.gov\/ht\/city-hall\/\">Lakou Vil la<\/a> &gt; <a href=\"https:\/\/www.miamibeachfl.gov\/ht\/city-hall\/environmental-sustainability\/\">Anviw\u00f2nman ak Dirablite<\/a> &gt; <a href=\"https:\/\/www.miamibeachfl.gov\/ht\/city-hall\/environmental-sustainability\/environmental-resources\/\">Resous Anviw\u00f2nman yo<\/a> &gt; <strong>Konf\u00f2mite R\u00e8glemant\u00e8<\/strong><\/nav>\n\t<p>Divizyon Anviw\u00f2nman an travay kole kole ak tout depatman vil la pou asire operasyon kominote nou an ak operasyon gouv\u00e8nman an konf\u00f2m ak r\u00e8gleman anviw\u00f2nman lokal, eta ak federal yo. Anplwaye Divizyon an asire ke operasyon prive ak piblik yo byen otorize epi sip\u00e8vize operasyon sa yo pou asire yo konf\u00f2m ak kondisyon p\u00e8mi yo atrav\u00e8 enspeksyon regilye.<\/p>\n<p><strong>Enspeksyon Konstriksyon<\/strong><\/p>\n<p>Divizyon Anviw\u00f2nman an revize plan konstriksyon piblik ak prive k\u00f2m yon pati nan pwosesis p\u00e8mi Konstriksyon an pou asire pwoj\u00e8 sa yo jwenn p\u00e8mi ki apwopriye yo anvan konstriksyon an. Pandan konstriksyon an, anplwaye yo evalye kondisyon anviw\u00f2nman an sou teren an pou asire yo konf\u00f2m ak r\u00e8gleman yo. Teknisyen Anviw\u00f2nman an revize sit konstriksyon yo aktivman pou pwobl\u00e8m anviw\u00f2nman potansy\u00e8l, tankou kontw\u00f2l sediman ak ewozyon ki pa apwopriye oswa operasyon dezidratasyon ki pa otorize, pou yo ka anpeche yo anvan yo gen enpak sou anviw\u00f2nman an. Yo reponn rapidman tou a rap\u00f2 sou moun ki pa konf\u00f2m epi yo travay av\u00e8k Depatman Konf\u00f2mite K\u00f2d Vil la ak ekip Konf\u00f2mite Anviw\u00f2nman Konte Miami-Dade yo pou asire yo bay vyolasyon kote sa apwopriye.<\/p>\n<p><strong>Enspeksyon Gr\u00e8s<\/strong><\/p>\n<p>Malgre ke Konte Miami-Dade responsab pou reglemante egzeyat gr\u00e8s yo, Vil la responsab pou opere ak antreteni sist\u00e8m egou sanit\u00e8 a pou pwoteje sante ak sekirite piblik la, epi tou pou asire li konf\u00f2m ak tout r\u00e8gleman federal, eta ak lokal yo. Depatman Travay Piblik Vil la reponn epi adrese blokaj gr\u00e8s nan sist\u00e8m egou sanit\u00e8 a ak deb\u00f2dman egou sanit\u00e8 (SSO) ki koze pa gr\u00e8s. Miami Beach prezante yon defi inik pou aplikasyon r\u00e8gleman py\u00e8j gr\u00e8s yo. Restoran yo tr\u00e8 konsantre nan z\u00f2n popil\u00e8 nan Vil la, tankou Ocean Drive, Lincoln Road, Sunset Harbour, ak Espa\u00f1ola Way, sa ki f\u00e8 z\u00f2n sa yo vilnerab a pwobl\u00e8m antretyen py\u00e8j gr\u00e8s ak deb\u00f2dman egou sanit\u00e8. Anplis de sa, volim sous potansy\u00e8l egzeyat yo f\u00e8 li difisil pou dis\u00e8ne sous egzeyat ki pa konf\u00f2m yo nan sist\u00e8m egou sanit\u00e8 piblik la.<\/p>\n<p>Enspekt\u00e8 Gr\u00e8s Vil la revize tout plan plonbri pou enstalasyon ki ka pwodui gr\u00e8s (etablisman s\u00e8vis manje) pou asire yo gen yon py\u00e8j gr\u00e8s ki gen bon gwos\u00e8 epi ki otorize. Enspekt\u00e8 Gr\u00e8s la travay tou av\u00e8k pwogram gr\u00e8s Konte Miami-Dade la pou enspekte enstalasyon ki pwodui gr\u00e8s, pou asire konf\u00f2mite yo, epi pou rezoud vyolasyon gr\u00e8s yo.<\/p>\n\t\tNavige pou ale nan\u2026\t\t\t\n\t\t\t\t\t<ul id=\"menu-environmental-regulatory-comp\"><li id=\"menu-item-362580\"><a href=\"\/ht\/city-hall\/environmental-sustainability\/environmental-resources\/regulatory-compliance\/permitting\/\">P\u00e8mi Divizyon Anviw\u00f2nman an<\/a><\/li>\n<li id=\"menu-item-362583\"><a href=\"\/ht\/city-hall\/environmental-sustainability\/environmental-resources\/regulatory-compliance\/for-residents\/\">Rezidan yo<\/a><\/li>\n<li id=\"menu-item-362584\"><a href=\"\/ht\/city-hall\/environmental-sustainability\/environmental-resources\/regulatory-compliance\/water-quality-monitoring\/\">Siveyans Kalite Dlo<\/a><\/li>\n<\/ul>\t\n\t<div class=\"page-navigation\"><a class=\"prev-page\" href=\"https:\/\/www.miamibeachfl.gov\/ht\/city-hall\/environmental-sustainability\/environmental-resources\/natural-resources-management\/turtles\/\">\u2190 T\u00f2ti<\/a> <a class=\"next-page\" href=\"https:\/\/www.miamibeachfl.gov\/ht\/city-hall\/environmental-sustainability\/environmental-resources\/regulatory-compliance\/for-residents\/\">Rezidans yo \u2192<\/a><\/div>","protected":false},"excerpt":{"rendered":"<p>Regulatory Compliance Home &gt; City Hall &gt; Environment &#038; Sustainability &gt; Environmental Resources &gt; Regulatory Compliance The Environmental Division works [&hellip;]<\/p>\n","protected":false},"author":222,"featured_media":0,"parent":28599,"menu_order":0,"comment_status":"closed","ping_status":"closed","template":"","meta":{"_searchwp_excluded":"","site-sidebar-layout":"default","site-content-layout":"","ast-site-content-layout":"default","site-content-style":"default","site-sidebar-style":"default","ast-global-header-display":"","ast-banner-title-visibility":"","ast-main-header-display":"","ast-hfb-above-header-display":"","ast-hfb-below-header-display":"","ast-hfb-mobile-header-display":"","site-post-title":"","ast-breadcrumbs-content":"","ast-featured-img":"","footer-sml-layout":"","theme-transparent-header-meta":"","adv-header-id-meta":"","stick-header-meta":"","header-above-stick-meta":"","header-main-stick-meta":"","header-below-stick-meta":"","astra-migrate-meta-layouts":"default","ast-page-background-enabled":"default","ast-page-background-meta":{"desktop":{"background-color":"var(--ast-global-color-5)","background-image":"","background-repeat":"repeat","background-position":"center center","background-size":"auto","background-attachment":"scroll","background-type":"","background-media":"","overlay-type":"","overlay-color":"","overlay-opacity":"","overlay-gradient":""},"tablet":{"background-color":"","background-image":"","background-repeat":"repeat","background-position":"center center","background-size":"auto","background-attachment":"scroll","background-type":"","background-media":"","overlay-type":"","overlay-color":"","overlay-opacity":"","overlay-gradient":""},"mobile":{"background-color":"","background-image":"","background-repeat":"repeat","background-position":"center center","background-size":"auto","background-attachment":"scroll","background-type":"","background-media":"","overlay-type":"","overlay-color":"","overlay-opacity":"","overlay-gradient":""}},"ast-content-background-meta":{"desktop":{"background-color":"var(--ast-global-color-4)","background-image":"","background-repeat":"repeat","background-position":"center center","background-size":"auto","background-attachment":"scroll","background-type":"","background-media":"","overlay-type":"","overlay-color":"","overlay-opacity":"","overlay-gradient":""},"tablet":{"background-color":"var(--ast-global-color-4)","background-image":"","background-repeat":"repeat","background-position":"center center","background-size":"auto","background-attachment":"scroll","background-type":"","background-media":"","overlay-type":"","overlay-color":"","overlay-opacity":"","overlay-gradient":""},"mobile":{"background-color":"var(--ast-global-color-4)","background-image":"","background-repeat":"repeat","background-position":"center center","background-size":"auto","background-attachment":"scroll","background-type":"","background-media":"","overlay-type":"","overlay-color":"","overlay-opacity":"","overlay-gradient":""}},"footnotes":""},"categories":[],"tags":[],"class_list":["post-28605","page","type-page","status-publish","hentry"],"yoast_head":"<!-- This site is optimized with the Yoast SEO Premium plugin v27.4 (Yoast SEO v27.4) - https:\/\/yoast.com\/product\/yoast-seo-premium-wordpress\/ -->\n<title>Regulatory Compliance - City of Miami Beach<\/title>\n<meta name=\"description\" content=\"%\" \/>\n<meta name=\"robots\" content=\"index, follow, max-snippet:-1, max-image-preview:large, max-video-preview:-1\" \/>\n<link rel=\"canonical\" href=\"https:\/\/www.miamibeachfl.gov\/ht\/city-hall\/environmental-sustainability\/environmental-resources\/regulatory-compliance\/\" \/>\n<meta property=\"og:locale\" content=\"ht_HT\" \/>\n<meta property=\"og:type\" content=\"article\" \/>\n<meta property=\"og:title\" content=\"Regulatory Compliance\" \/>\n<meta property=\"og:description\" content=\"%\" \/>\n<meta property=\"og:url\" content=\"https:\/\/www.miamibeachfl.gov\/ht\/city-hall\/environmental-sustainability\/environmental-resources\/regulatory-compliance\/\" \/>\n<meta property=\"og:site_name\" content=\"City of Miami Beach\" \/>\n<meta property=\"article:publisher\" content=\"https:\/\/www.facebook.com\/cityofmiamibeach\" \/>\n<meta property=\"article:modified_time\" content=\"2025-05-28T14:25:01+00:00\" \/>\n<meta property=\"og:image\" content=\"https:\/\/www.miamibeachfl.gov\/wp-content\/uploads\/2022\/07\/hero-small.jpg\" \/>\n<meta name=\"twitter:card\" content=\"summary_large_image\" \/>\n<meta name=\"twitter:site\" content=\"@Miamibeachnews\" \/>\n<script type=\"application\/ld+json\" class=\"yoast-schema-graph\">{\"@context\":\"https:\\\/\\\/schema.org\",\"@graph\":[{\"@type\":\"WebPage\",\"@id\":\"https:\\\/\\\/www.miamibeachfl.gov\\\/city-hall\\\/environmental-sustainability\\\/environmental-resources\\\/regulatory-compliance\\\/\",\"url\":\"https:\\\/\\\/www.miamibeachfl.gov\\\/city-hall\\\/environmental-sustainability\\\/environmental-resources\\\/regulatory-compliance\\\/\",\"name\":\"Regulatory Compliance - City of Miami Beach\",\"isPartOf\":{\"@id\":\"https:\\\/\\\/www.miamibeachfl.gov\\\/#website\"},\"primaryImageOfPage\":{\"@id\":\"https:\\\/\\\/www.miamibeachfl.gov\\\/city-hall\\\/environmental-sustainability\\\/environmental-resources\\\/regulatory-compliance\\\/#primaryimage\"},\"image\":{\"@id\":\"https:\\\/\\\/www.miamibeachfl.gov\\\/city-hall\\\/environmental-sustainability\\\/environmental-resources\\\/regulatory-compliance\\\/#primaryimage\"},\"thumbnailUrl\":\"https:\\\/\\\/www.miamibeachfl.gov\\\/wp-content\\\/uploads\\\/2022\\\/07\\\/hero-small.jpg\",\"datePublished\":\"2017-08-11T00:06:27+00:00\",\"dateModified\":\"2025-05-28T14:25:01+00:00\",\"description\":\"%\",\"breadcrumb\":{\"@id\":\"https:\\\/\\\/www.miamibeachfl.gov\\\/city-hall\\\/environmental-sustainability\\\/environmental-resources\\\/regulatory-compliance\\\/#breadcrumb\"},\"inLanguage\":\"ht\",\"potentialAction\":[{\"@type\":\"ReadAction\",\"target\":[\"https:\\\/\\\/www.miamibeachfl.gov\\\/city-hall\\\/environmental-sustainability\\\/environmental-resources\\\/regulatory-compliance\\\/\"]}]},{\"@type\":\"ImageObject\",\"inLanguage\":\"ht\",\"@id\":\"https:\\\/\\\/www.miamibeachfl.gov\\\/city-hall\\\/environmental-sustainability\\\/environmental-resources\\\/regulatory-compliance\\\/#primaryimage\",\"url\":\"https:\\\/\\\/www.miamibeachfl.gov\\\/wp-content\\\/uploads\\\/2022\\\/07\\\/hero-small.jpg\",\"contentUrl\":\"https:\\\/\\\/www.miamibeachfl.gov\\\/wp-content\\\/uploads\\\/2022\\\/07\\\/hero-small.jpg\"},{\"@type\":\"BreadcrumbList\",\"@id\":\"https:\\\/\\\/www.miamibeachfl.gov\\\/city-hall\\\/environmental-sustainability\\\/environmental-resources\\\/regulatory-compliance\\\/#breadcrumb\",\"itemListElement\":[{\"@type\":\"ListItem\",\"position\":1,\"name\":\"Home\",\"item\":\"https:\\\/\\\/www.miamibeachfl.gov\\\/\"},{\"@type\":\"ListItem\",\"position\":2,\"name\":\"City Hall\",\"item\":\"https:\\\/\\\/www.miamibeachfl.gov\\\/city-hall\\\/\"},{\"@type\":\"ListItem\",\"position\":3,\"name\":\"Environment &#038; Sustainability\",\"item\":\"https:\\\/\\\/www.miamibeachfl.gov\\\/city-hall\\\/environmental-sustainability\\\/\"},{\"@type\":\"ListItem\",\"position\":4,\"name\":\"Environmental Resources\",\"item\":\"https:\\\/\\\/www.miamibeachfl.gov\\\/city-hall\\\/environmental-sustainability\\\/environmental-resources\\\/\"},{\"@type\":\"ListItem\",\"position\":5,\"name\":\"Regulatory Compliance\"}]},{\"@type\":\"WebSite\",\"@id\":\"https:\\\/\\\/www.miamibeachfl.gov\\\/#website\",\"url\":\"https:\\\/\\\/www.miamibeachfl.gov\\\/\",\"name\":\"City of Miami Beach\",\"description\":\"The official website of the City of Miami Beach. Stay informed, find important information on city services, news, alerts, events, trolley routes, government employment and more.\",\"publisher\":{\"@id\":\"https:\\\/\\\/www.miamibeachfl.gov\\\/#organization\"},\"potentialAction\":[{\"@type\":\"SearchAction\",\"target\":{\"@type\":\"EntryPoint\",\"urlTemplate\":\"https:\\\/\\\/www.miamibeachfl.gov\\\/?s={search_term_string}\"},\"query-input\":{\"@type\":\"PropertyValueSpecification\",\"valueRequired\":true,\"valueName\":\"search_term_string\"}}],\"inLanguage\":\"ht\"},{\"@type\":\"Organization\",\"@id\":\"https:\\\/\\\/www.miamibeachfl.gov\\\/#organization\",\"name\":\"City of Miami Beach\",\"url\":\"https:\\\/\\\/www.miamibeachfl.gov\\\/\",\"logo\":{\"@type\":\"ImageObject\",\"inLanguage\":\"ht\",\"@id\":\"https:\\\/\\\/www.miamibeachfl.gov\\\/#\\\/schema\\\/logo\\\/image\\\/\",\"url\":\"https:\\\/\\\/www.miamibeachfl.gov\\\/wp-content\\\/uploads\\\/2022\\\/06\\\/miamibeach-logoblue.png\",\"contentUrl\":\"https:\\\/\\\/www.miamibeachfl.gov\\\/wp-content\\\/uploads\\\/2022\\\/06\\\/miamibeach-logoblue.png\",\"width\":1962,\"height\":381,\"caption\":\"City of Miami Beach\"},\"image\":{\"@id\":\"https:\\\/\\\/www.miamibeachfl.gov\\\/#\\\/schema\\\/logo\\\/image\\\/\"},\"sameAs\":[\"https:\\\/\\\/www.facebook.com\\\/cityofmiamibeach\",\"https:\\\/\\\/x.com\\\/Miamibeachnews\",\"https:\\\/\\\/www.instagram.com\\\/miamibeachnews\\\/\"],\"description\":\"The official website of the City of Miami Beach. Stay informed, find important information on city services, news, alerts, events, trolley routes, government employment and more.\",\"telephone\":\"305.604.CITY(2489)\",\"legalName\":\"City of Miami Beach\"}]}<\/script>\n<!-- \/ Yoast SEO Premium plugin. -->","yoast_head_json":{"title":"Konf\u00f2mite R\u00e8glemant\u00e8 - Vil Miami Beach","description":"%","robots":{"index":"index","follow":"follow","max-snippet":"max-snippet:-1","max-image-preview":"max-image-preview:large","max-video-preview":"max-video-preview:-1"},"canonical":"https:\/\/www.miamibeachfl.gov\/ht\/city-hall\/environmental-sustainability\/environmental-resources\/regulatory-compliance\/","og_locale":"ht_HT","og_type":"article","og_title":"Regulatory Compliance","og_description":"%","og_url":"https:\/\/www.miamibeachfl.gov\/ht\/city-hall\/environmental-sustainability\/environmental-resources\/regulatory-compliance\/","og_site_name":"City of Miami Beach","article_publisher":"https:\/\/www.facebook.com\/cityofmiamibeach","article_modified_time":"2025-05-28T14:25:01+00:00","og_image":[{"url":"https:\/\/www.miamibeachfl.gov\/wp-content\/uploads\/2022\/07\/hero-small.jpg","type":"","width":"","height":""}],"twitter_card":"summary_large_image","twitter_site":"@Miamibeachnews","schema":{"@context":"https:\/\/schema.org","@graph":[{"@type":"WebPage","@id":"https:\/\/www.miamibeachfl.gov\/city-hall\/environmental-sustainability\/environmental-resources\/regulatory-compliance\/","url":"https:\/\/www.miamibeachfl.gov\/city-hall\/environmental-sustainability\/environmental-resources\/regulatory-compliance\/","name":"Konf\u00f2mite R\u00e8glemant\u00e8 - Vil Miami Beach","isPartOf":{"@id":"https:\/\/www.miamibeachfl.gov\/#website"},"primaryImageOfPage":{"@id":"https:\/\/www.miamibeachfl.gov\/city-hall\/environmental-sustainability\/environmental-resources\/regulatory-compliance\/#primaryimage"},"image":{"@id":"https:\/\/www.miamibeachfl.gov\/city-hall\/environmental-sustainability\/environmental-resources\/regulatory-compliance\/#primaryimage"},"thumbnailUrl":"https:\/\/www.miamibeachfl.gov\/wp-content\/uploads\/2022\/07\/hero-small.jpg","datePublished":"2017-08-11T00:06:27+00:00","dateModified":"2025-05-28T14:25:01+00:00","description":"%","breadcrumb":{"@id":"https:\/\/www.miamibeachfl.gov\/city-hall\/environmental-sustainability\/environmental-resources\/regulatory-compliance\/#breadcrumb"},"inLanguage":"ht","potentialAction":[{"@type":"ReadAction","target":["https:\/\/www.miamibeachfl.gov\/city-hall\/environmental-sustainability\/environmental-resources\/regulatory-compliance\/"]}]},{"@type":"ImageObject","inLanguage":"ht","@id":"https:\/\/www.miamibeachfl.gov\/city-hall\/environmental-sustainability\/environmental-resources\/regulatory-compliance\/#primaryimage","url":"https:\/\/www.miamibeachfl.gov\/wp-content\/uploads\/2022\/07\/hero-small.jpg","contentUrl":"https:\/\/www.miamibeachfl.gov\/wp-content\/uploads\/2022\/07\/hero-small.jpg"},{"@type":"BreadcrumbList","@id":"https:\/\/www.miamibeachfl.gov\/city-hall\/environmental-sustainability\/environmental-resources\/regulatory-compliance\/#breadcrumb","itemListElement":[{"@type":"ListItem","position":1,"name":"Home","item":"https:\/\/www.miamibeachfl.gov\/"},{"@type":"ListItem","position":2,"name":"City Hall","item":"https:\/\/www.miamibeachfl.gov\/city-hall\/"},{"@type":"ListItem","position":3,"name":"Environment &#038; Sustainability","item":"https:\/\/www.miamibeachfl.gov\/city-hall\/environmental-sustainability\/"},{"@type":"ListItem","position":4,"name":"Environmental Resources","item":"https:\/\/www.miamibeachfl.gov\/city-hall\/environmental-sustainability\/environmental-resources\/"},{"@type":"ListItem","position":5,"name":"Regulatory Compliance"}]},{"@type":"WebSite","@id":"https:\/\/www.miamibeachfl.gov\/#website","url":"https:\/\/www.miamibeachfl.gov\/","name":"Vil Miami Beach","description":"Sitw\u00e8b ofisy\u00e8l Vil Miami Beach la. Rete enf\u00f2me, jwenn enf\u00f2masyon enp\u00f2tan sou s\u00e8vis vil la, nouv\u00e8l, al\u00e8t, ev\u00e8nman, wout tramway, travay gouv\u00e8nman an ak plis ank\u00f2.","publisher":{"@id":"https:\/\/www.miamibeachfl.gov\/#organization"},"potentialAction":[{"@type":"SearchAction","target":{"@type":"EntryPoint","urlTemplate":"https:\/\/www.miamibeachfl.gov\/?s={search_term_string}"},"query-input":{"@type":"PropertyValueSpecification","valueRequired":true,"valueName":"search_term_string"}}],"inLanguage":"ht"},{"@type":"Organization","@id":"https:\/\/www.miamibeachfl.gov\/#organization","name":"Vil Miami Beach","url":"https:\/\/www.miamibeachfl.gov\/","logo":{"@type":"ImageObject","inLanguage":"ht","@id":"https:\/\/www.miamibeachfl.gov\/#\/schema\/logo\/image\/","url":"https:\/\/www.miamibeachfl.gov\/wp-content\/uploads\/2022\/06\/miamibeach-logoblue.png","contentUrl":"https:\/\/www.miamibeachfl.gov\/wp-content\/uploads\/2022\/06\/miamibeach-logoblue.png","width":1962,"height":381,"caption":"City of Miami Beach"},"image":{"@id":"https:\/\/www.miamibeachfl.gov\/#\/schema\/logo\/image\/"},"sameAs":["https:\/\/www.facebook.com\/cityofmiamibeach","https:\/\/x.com\/Miamibeachnews","https:\/\/www.instagram.com\/miamibeachnews\/"],"description":"Sitw\u00e8b ofisy\u00e8l Vil Miami Beach la. Rete enf\u00f2me, jwenn enf\u00f2masyon enp\u00f2tan sou s\u00e8vis vil la, nouv\u00e8l, al\u00e8t, ev\u00e8nman, wout tramway, travay gouv\u00e8nman an ak plis ank\u00f2.","telephone":"305.604.CITY(2489)","legalName":"City of Miami Beach"}]}},"_links":{"self":[{"href":"https:\/\/www.miamibeachfl.gov\/ht\/wp-json\/wp\/v2\/pages\/28605","targetHints":{"allow":["GET"]}}],"collection":[{"href":"https:\/\/www.miamibeachfl.gov\/ht\/wp-json\/wp\/v2\/pages"}],"about":[{"href":"https:\/\/www.miamibeachfl.gov\/ht\/wp-json\/wp\/v2\/types\/page"}],"author":[{"embeddable":true,"href":"https:\/\/www.miamibeachfl.gov\/ht\/wp-json\/wp\/v2\/users\/222"}],"replies":[{"embeddable":true,"href":"https:\/\/www.miamibeachfl.gov\/ht\/wp-json\/wp\/v2\/comments?post=28605"}],"version-history":[{"count":0,"href":"https:\/\/www.miamibeachfl.gov\/ht\/wp-json\/wp\/v2\/pages\/28605\/revisions"}],"up":[{"embeddable":true,"href":"https:\/\/www.miamibeachfl.gov\/ht\/wp-json\/wp\/v2\/pages\/28599"}],"wp:attachment":[{"href":"https:\/\/www.miamibeachfl.gov\/ht\/wp-json\/wp\/v2\/media?parent=28605"}],"wp:term":[{"taxonomy":"category","embeddable":true,"href":"https:\/\/www.miamibeachfl.gov\/ht\/wp-json\/wp\/v2\/categories?post=28605"},{"taxonomy":"post_tag","embeddable":true,"href":"https:\/\/www.miamibeachfl.gov\/ht\/wp-json\/wp\/v2\/tags?post=28605"}],"curies":[{"name":"wp","href":"https:\/\/api.w.org\/{rel}","templated":true}]}}