{"id":28614,"date":"2017-08-11T00:06:34","date_gmt":"2017-08-11T00:06:34","guid":{"rendered":"http:\/\/www.miamibeachfl.gov\/city-hall\/environmental-sustainability\/sustainability\/sustainability-programs\/sustainability-plan\/"},"modified":"2025-02-14T15:25:39","modified_gmt":"2025-02-14T20:25:39","slug":"sustainability-plan","status":"publish","type":"page","link":"https:\/\/www.miamibeachfl.gov\/ht\/city-hall\/environmental-sustainability\/sustainability\/sustainability-programs\/sustainability-plan\/","title":{"rendered":"Plan Dirablite"},"content":{"rendered":"<img loading=\"lazy\" decoding=\"async\" src=\"https:\/\/www.miamibeachfl.gov\/wp-content\/uploads\/2022\/07\/hero-small.jpg\" alt=\"hero-small\" itemprop=\"image\" height=\"211\" width=\"2395\" title=\"ewo-piti\" onerror=\"this.style.display='none'\"  \/>\n<h1>\n\t\tPlan Dirablite\n\t<\/h1>\n\t<nav id=\"breadcrumbs\" aria-label=\"Pen griye\"><a href=\"https:\/\/www.miamibeachfl.gov\/ht\/\">Lakay<\/a> &gt; <a href=\"https:\/\/www.miamibeachfl.gov\/ht\/city-hall\/\">Lakou Vil la<\/a> &gt; <a href=\"https:\/\/www.miamibeachfl.gov\/ht\/city-hall\/environmental-sustainability\/\">Anviw\u00f2nman ak Dirablite<\/a> &gt; <a href=\"https:\/\/www.miamibeachfl.gov\/ht\/city-hall\/environmental-sustainability\/sustainability\/\">Dirablite ak Rezilyans<\/a> &gt; <a href=\"https:\/\/www.miamibeachfl.gov\/ht\/city-hall\/environmental-sustainability\/sustainability\/sustainability-programs\/\">Pwogram Dirablite<\/a> &gt; <strong>Plan Dirablite<\/strong><\/nav>\n<p><em>Dirablite<\/em> se yon t\u00e8m ki refere a mezi yon sist\u00e8m, nan eta akty\u00e8l li a, ap kapab satisf\u00e8 bezwen ekonomik, anviw\u00f2nman ak sosyal jenerasyon kap vini yo. <em>Plan Dirablite<\/em> pou minisipalite yo se dokiman gid ki f\u00e8t pou ede yon kominote planifye epi aji yon fason pi dirab l\u00e8 yo bay estrikti pou desizyon jesyon resous ak politik li yo sou long t\u00e8m ak kout t\u00e8m.\u00a0 <\/p>\n<p>Objektif Vil la <a title=\"Plan Dirablite Vil Miami Beach la\" href=\"\/wp-content\/uploads\/2017\/08\/City-of-Miami-Beach-Sustainabilty-Plan_FINAL.pdf\" target=\"_blank\" rel=\"noopener\">Plan Dirablite<\/a>\u00a0se pou amelyore resous nou yo, anpeche domaj nan anviw\u00f2nman natir\u00e8l la, pwoteje sante moun, epi benefisye byenn\u00e8t sosyal, ekonomik ak anviw\u00f2nman kominote a pou jenerasyon prezan ak jenerasyon k ap vini yo. Anplis de sa, Plan an fonksyone tou k\u00f2m plan travay pou patisipasyon vil la nan Pwogram Pil\u00f2t Z\u00f2n Ekonomik En\u00e8ji (ZEE) a, ki se yon pwogram devlopman ekonomik ke Depatman Af\u00e8 Kominot\u00e8 Florid la administre. <\/p>\n<p>Plan an fizyone <b><em>Prensip Gidan yo<\/em><\/b><em>, <b>Dom\u00e8n Pwogram, Objektif, Endikat\u00e8, Sib <\/b><\/em>epi <b><em>Inisyativ <\/em><\/b>nan yon dokiman vivan ki byen kow\u00e8san. Plan an ede vil la reyalize Rezilta Prensipal li (KIO) pou amelyore dirabilite anviw\u00f2nman an epi li gide tou Komite Dirabilite a nan misyon li. Pwosesis devlopman Plan an ap gen ladan etablisman baz pou Endikat\u00e8 ak Objektif yo pou mezire chanjman sou tan.<\/p>\n<p>Adopsyon ak aplikasyon yon plan dirabilite ap bay benefis a kout t\u00e8m ak a long t\u00e8m pou operasyon gouv\u00e8nman an ak kominote a. Benefis a kout t\u00e8m yo enkli diminisyon nan depans en\u00e8ji; amelyorasyon nan transp\u00f2 ak mobilite alt\u00e8natif; ogmantasyon nan dech\u00e8 solid ki detounen soti nan depotwa fatra a; amelyorasyon nan for\u00e8 iben ak kalite l\u00e8 lokal la; ak ogmantasyon nan konsyantizasyon ak jesyon anviw\u00f2nman an. Benefis a long t\u00e8m yo anpil epi yo enkli rediksyon anprint kab\u00f2n vil la; rediksyon risk ak depans potansy\u00e8l ki soti nan enpak anviw\u00f2nman an; prez\u00e8ve resous natir\u00e8l yo ak kenbe yon bon jan kalite lavi pou rezidan yo ak vizit\u00e8 yo; epi ranf\u00f2se Vil Miami Beach k\u00f2m yon vil klas mondyal l\u00e8 li prez\u00e8ve resous li yo pou lavni.<\/p>\n<p><a title=\"Plan Dirablite Vil Miami Beach la\" href=\"\/wp-content\/uploads\/2017\/08\/City-of-Miami-Beach-Sustainabilty-Plan_FINAL.pdf\" target=\"_blank\" rel=\"noopener\">Plan Dirablite<\/a>\u00a0<img decoding=\"async\" title=\"Adobe PDF\" alt=\"Adobe PDF\" src=\"\/wp-content\/uploads\/2017\/08\/c13c0208-63f5-4f6d-8b60-95eb316f802e.jpg\" \/><\/p>\n\t\tNavige pou ale nan\u2026\t\t\t\n\t\t\t\t\t<ul id=\"menu-environmental-sustainability-programs\"><li id=\"menu-item-362605\"><a href=\"https:\/\/www.miamibeachfl.gov\/ht\/city-hall\/environmental-sustainability\/sustainability\/sustainability-programs\/litter\/\">Fatra<\/a><\/li>\n<li id=\"menu-item-362606\"><a href=\"https:\/\/www.miamibeachfl.gov\/ht\/city-hall\/environmental-sustainability\/sustainability\/sustainability-programs\/pace\/\">RIT\u00c8S<\/a><\/li>\n<li id=\"menu-item-362607\"><a href=\"https:\/\/www.miamibeachfl.gov\/ht\/city-hall\/environmental-sustainability\/sustainability\/sustainability-programs\/styrofoam\/\">Ent\u00e8diksyon Styrofoam<\/a><\/li>\n<li id=\"menu-item-362608\"><a href=\"https:\/\/www.miamibeachfl.gov\/ht\/city-hall\/environmental-sustainability\/sustainability\/sustainability-programs\/sustainability-plan\/\">Plan Dirablite<\/a><\/li>\n<\/ul>\t\n\t<div class=\"page-navigation\"><a class=\"prev-page\" href=\"https:\/\/www.miamibeachfl.gov\/ht\/city-hall\/environmental-sustainability\/sustainability\/sustainability-programs\/\">\u2190 Pwogram Dirablite<\/a> <a class=\"next-page\" href=\"https:\/\/www.miamibeachfl.gov\/ht\/city-hall\/environmental-sustainability\/sustainability\/sustainability-programs\/pace\/\">RIT \u2192<\/a><\/div>","protected":false},"excerpt":{"rendered":"<p>Sustainability Plan Home &gt; City Hall &gt; Environment &#038; Sustainability &gt; Sustainability and Resilience &gt; Sustainability Programs &gt; Sustainability Plan [&hellip;]<\/p>\n","protected":false},"author":222,"featured_media":0,"parent":28613,"menu_order":0,"comment_status":"closed","ping_status":"closed","template":"page-blank.php","meta":{"_searchwp_excluded":"","site-sidebar-layout":"default","site-content-layout":"","ast-site-content-layout":"default","site-content-style":"default","site-sidebar-style":"default","ast-global-header-display":"","ast-banner-title-visibility":"","ast-main-header-display":"","ast-hfb-above-header-display":"","ast-hfb-below-header-display":"","ast-hfb-mobile-header-display":"","site-post-title":"","ast-breadcrumbs-content":"","ast-featured-img":"","footer-sml-layout":"","theme-transparent-header-meta":"","adv-header-id-meta":"","stick-header-meta":"","header-above-stick-meta":"","header-main-stick-meta":"","header-below-stick-meta":"","astra-migrate-meta-layouts":"default","ast-page-background-enabled":"default","ast-page-background-meta":{"desktop":{"background-color":"var(--ast-global-color-5)","background-image":"","background-repeat":"repeat","background-position":"center center","background-size":"auto","background-attachment":"scroll","background-type":"","background-media":"","overlay-type":"","overlay-color":"","overlay-opacity":"","overlay-gradient":""},"tablet":{"background-color":"","background-image":"","background-repeat":"repeat","background-position":"center center","background-size":"auto","background-attachment":"scroll","background-type":"","background-media":"","overlay-type":"","overlay-color":"","overlay-opacity":"","overlay-gradient":""},"mobile":{"background-color":"","background-image":"","background-repeat":"repeat","background-position":"center center","background-size":"auto","background-attachment":"scroll","background-type":"","background-media":"","overlay-type":"","overlay-color":"","overlay-opacity":"","overlay-gradient":""}},"ast-content-background-meta":{"desktop":{"background-color":"var(--ast-global-color-4)","background-image":"","background-repeat":"repeat","background-position":"center center","background-size":"auto","background-attachment":"scroll","background-type":"","background-media":"","overlay-type":"","overlay-color":"","overlay-opacity":"","overlay-gradient":""},"tablet":{"background-color":"var(--ast-global-color-4)","background-image":"","background-repeat":"repeat","background-position":"center center","background-size":"auto","background-attachment":"scroll","background-type":"","background-media":"","overlay-type":"","overlay-color":"","overlay-opacity":"","overlay-gradient":""},"mobile":{"background-color":"var(--ast-global-color-4)","background-image":"","background-repeat":"repeat","background-position":"center center","background-size":"auto","background-attachment":"scroll","background-type":"","background-media":"","overlay-type":"","overlay-color":"","overlay-opacity":"","overlay-gradient":""}},"footnotes":""},"categories":[],"tags":[],"class_list":["post-28614","page","type-page","status-publish","hentry"],"yoast_head":"<!-- This site is optimized with the Yoast SEO Premium plugin v27.4 (Yoast SEO v27.4) - https:\/\/yoast.com\/product\/yoast-seo-premium-wordpress\/ -->\n<title>Sustainability Plan - City of Miami Beach<\/title>\n<meta name=\"description\" content=\"%\" \/>\n<meta name=\"robots\" content=\"index, follow, max-snippet:-1, max-image-preview:large, max-video-preview:-1\" \/>\n<link rel=\"canonical\" href=\"https:\/\/www.miamibeachfl.gov\/ht\/city-hall\/environmental-sustainability\/sustainability\/sustainability-programs\/sustainability-plan\/\" \/>\n<meta property=\"og:locale\" content=\"ht_HT\" \/>\n<meta property=\"og:type\" content=\"article\" \/>\n<meta property=\"og:title\" content=\"Sustainability Plan\" \/>\n<meta property=\"og:description\" content=\"%\" \/>\n<meta property=\"og:url\" content=\"https:\/\/www.miamibeachfl.gov\/ht\/city-hall\/environmental-sustainability\/sustainability\/sustainability-programs\/sustainability-plan\/\" \/>\n<meta property=\"og:site_name\" content=\"City of Miami Beach\" \/>\n<meta property=\"article:publisher\" content=\"https:\/\/www.facebook.com\/cityofmiamibeach\" \/>\n<meta property=\"article:modified_time\" content=\"2025-02-14T20:25:39+00:00\" \/>\n<meta property=\"og:image\" content=\"https:\/\/www.miamibeachfl.gov\/wp-content\/uploads\/2022\/07\/hero-small.jpg\" \/>\n<meta name=\"twitter:card\" content=\"summary_large_image\" \/>\n<meta name=\"twitter:site\" content=\"@Miamibeachnews\" \/>\n<script type=\"application\/ld+json\" class=\"yoast-schema-graph\">{\"@context\":\"https:\\\/\\\/schema.org\",\"@graph\":[{\"@type\":\"WebPage\",\"@id\":\"https:\\\/\\\/www.miamibeachfl.gov\\\/city-hall\\\/environmental-sustainability\\\/sustainability\\\/sustainability-programs\\\/sustainability-plan\\\/\",\"url\":\"https:\\\/\\\/www.miamibeachfl.gov\\\/city-hall\\\/environmental-sustainability\\\/sustainability\\\/sustainability-programs\\\/sustainability-plan\\\/\",\"name\":\"Sustainability Plan - City of Miami Beach\",\"isPartOf\":{\"@id\":\"https:\\\/\\\/www.miamibeachfl.gov\\\/#website\"},\"primaryImageOfPage\":{\"@id\":\"https:\\\/\\\/www.miamibeachfl.gov\\\/city-hall\\\/environmental-sustainability\\\/sustainability\\\/sustainability-programs\\\/sustainability-plan\\\/#primaryimage\"},\"image\":{\"@id\":\"https:\\\/\\\/www.miamibeachfl.gov\\\/city-hall\\\/environmental-sustainability\\\/sustainability\\\/sustainability-programs\\\/sustainability-plan\\\/#primaryimage\"},\"thumbnailUrl\":\"https:\\\/\\\/www.miamibeachfl.gov\\\/wp-content\\\/uploads\\\/2022\\\/07\\\/hero-small.jpg\",\"datePublished\":\"2017-08-11T00:06:34+00:00\",\"dateModified\":\"2025-02-14T20:25:39+00:00\",\"description\":\"%\",\"breadcrumb\":{\"@id\":\"https:\\\/\\\/www.miamibeachfl.gov\\\/city-hall\\\/environmental-sustainability\\\/sustainability\\\/sustainability-programs\\\/sustainability-plan\\\/#breadcrumb\"},\"inLanguage\":\"ht\",\"potentialAction\":[{\"@type\":\"ReadAction\",\"target\":[\"https:\\\/\\\/www.miamibeachfl.gov\\\/city-hall\\\/environmental-sustainability\\\/sustainability\\\/sustainability-programs\\\/sustainability-plan\\\/\"]}]},{\"@type\":\"ImageObject\",\"inLanguage\":\"ht\",\"@id\":\"https:\\\/\\\/www.miamibeachfl.gov\\\/city-hall\\\/environmental-sustainability\\\/sustainability\\\/sustainability-programs\\\/sustainability-plan\\\/#primaryimage\",\"url\":\"https:\\\/\\\/www.miamibeachfl.gov\\\/wp-content\\\/uploads\\\/2022\\\/07\\\/hero-small.jpg\",\"contentUrl\":\"https:\\\/\\\/www.miamibeachfl.gov\\\/wp-content\\\/uploads\\\/2022\\\/07\\\/hero-small.jpg\"},{\"@type\":\"BreadcrumbList\",\"@id\":\"https:\\\/\\\/www.miamibeachfl.gov\\\/city-hall\\\/environmental-sustainability\\\/sustainability\\\/sustainability-programs\\\/sustainability-plan\\\/#breadcrumb\",\"itemListElement\":[{\"@type\":\"ListItem\",\"position\":1,\"name\":\"Home\",\"item\":\"https:\\\/\\\/www.miamibeachfl.gov\\\/\"},{\"@type\":\"ListItem\",\"position\":2,\"name\":\"City Hall\",\"item\":\"https:\\\/\\\/www.miamibeachfl.gov\\\/city-hall\\\/\"},{\"@type\":\"ListItem\",\"position\":3,\"name\":\"Environment &#038; Sustainability\",\"item\":\"https:\\\/\\\/www.miamibeachfl.gov\\\/city-hall\\\/environmental-sustainability\\\/\"},{\"@type\":\"ListItem\",\"position\":4,\"name\":\"Sustainability and Resilience\",\"item\":\"https:\\\/\\\/www.miamibeachfl.gov\\\/city-hall\\\/environmental-sustainability\\\/sustainability\\\/\"},{\"@type\":\"ListItem\",\"position\":5,\"name\":\"Sustainability Programs\",\"item\":\"https:\\\/\\\/www.miamibeachfl.gov\\\/city-hall\\\/environmental-sustainability\\\/sustainability\\\/sustainability-programs\\\/\"},{\"@type\":\"ListItem\",\"position\":6,\"name\":\"Sustainability Plan\"}]},{\"@type\":\"WebSite\",\"@id\":\"https:\\\/\\\/www.miamibeachfl.gov\\\/#website\",\"url\":\"https:\\\/\\\/www.miamibeachfl.gov\\\/\",\"name\":\"City of Miami Beach\",\"description\":\"The official website of the City of Miami Beach. Stay informed, find important information on city services, news, alerts, events, trolley routes, government employment and more.\",\"publisher\":{\"@id\":\"https:\\\/\\\/www.miamibeachfl.gov\\\/#organization\"},\"potentialAction\":[{\"@type\":\"SearchAction\",\"target\":{\"@type\":\"EntryPoint\",\"urlTemplate\":\"https:\\\/\\\/www.miamibeachfl.gov\\\/?s={search_term_string}\"},\"query-input\":{\"@type\":\"PropertyValueSpecification\",\"valueRequired\":true,\"valueName\":\"search_term_string\"}}],\"inLanguage\":\"ht\"},{\"@type\":\"Organization\",\"@id\":\"https:\\\/\\\/www.miamibeachfl.gov\\\/#organization\",\"name\":\"City of Miami Beach\",\"url\":\"https:\\\/\\\/www.miamibeachfl.gov\\\/\",\"logo\":{\"@type\":\"ImageObject\",\"inLanguage\":\"ht\",\"@id\":\"https:\\\/\\\/www.miamibeachfl.gov\\\/#\\\/schema\\\/logo\\\/image\\\/\",\"url\":\"https:\\\/\\\/www.miamibeachfl.gov\\\/wp-content\\\/uploads\\\/2022\\\/06\\\/miamibeach-logoblue.png\",\"contentUrl\":\"https:\\\/\\\/www.miamibeachfl.gov\\\/wp-content\\\/uploads\\\/2022\\\/06\\\/miamibeach-logoblue.png\",\"width\":1962,\"height\":381,\"caption\":\"City of Miami Beach\"},\"image\":{\"@id\":\"https:\\\/\\\/www.miamibeachfl.gov\\\/#\\\/schema\\\/logo\\\/image\\\/\"},\"sameAs\":[\"https:\\\/\\\/www.facebook.com\\\/cityofmiamibeach\",\"https:\\\/\\\/x.com\\\/Miamibeachnews\",\"https:\\\/\\\/www.instagram.com\\\/miamibeachnews\\\/\"],\"description\":\"The official website of the City of Miami Beach. Stay informed, find important information on city services, news, alerts, events, trolley routes, government employment and more.\",\"telephone\":\"305.604.CITY(2489)\",\"legalName\":\"City of Miami Beach\"}]}<\/script>\n<!-- \/ Yoast SEO Premium plugin. -->","yoast_head_json":{"title":"Plan Dirablite - Vil Miami Beach","description":"%","robots":{"index":"index","follow":"follow","max-snippet":"max-snippet:-1","max-image-preview":"max-image-preview:large","max-video-preview":"max-video-preview:-1"},"canonical":"https:\/\/www.miamibeachfl.gov\/ht\/city-hall\/environmental-sustainability\/sustainability\/sustainability-programs\/sustainability-plan\/","og_locale":"ht_HT","og_type":"article","og_title":"Sustainability Plan","og_description":"%","og_url":"https:\/\/www.miamibeachfl.gov\/ht\/city-hall\/environmental-sustainability\/sustainability\/sustainability-programs\/sustainability-plan\/","og_site_name":"City of Miami Beach","article_publisher":"https:\/\/www.facebook.com\/cityofmiamibeach","article_modified_time":"2025-02-14T20:25:39+00:00","og_image":[{"url":"https:\/\/www.miamibeachfl.gov\/wp-content\/uploads\/2022\/07\/hero-small.jpg","type":"","width":"","height":""}],"twitter_card":"summary_large_image","twitter_site":"@Miamibeachnews","schema":{"@context":"https:\/\/schema.org","@graph":[{"@type":"WebPage","@id":"https:\/\/www.miamibeachfl.gov\/city-hall\/environmental-sustainability\/sustainability\/sustainability-programs\/sustainability-plan\/","url":"https:\/\/www.miamibeachfl.gov\/city-hall\/environmental-sustainability\/sustainability\/sustainability-programs\/sustainability-plan\/","name":"Plan Dirablite - Vil Miami Beach","isPartOf":{"@id":"https:\/\/www.miamibeachfl.gov\/#website"},"primaryImageOfPage":{"@id":"https:\/\/www.miamibeachfl.gov\/city-hall\/environmental-sustainability\/sustainability\/sustainability-programs\/sustainability-plan\/#primaryimage"},"image":{"@id":"https:\/\/www.miamibeachfl.gov\/city-hall\/environmental-sustainability\/sustainability\/sustainability-programs\/sustainability-plan\/#primaryimage"},"thumbnailUrl":"https:\/\/www.miamibeachfl.gov\/wp-content\/uploads\/2022\/07\/hero-small.jpg","datePublished":"2017-08-11T00:06:34+00:00","dateModified":"2025-02-14T20:25:39+00:00","description":"%","breadcrumb":{"@id":"https:\/\/www.miamibeachfl.gov\/city-hall\/environmental-sustainability\/sustainability\/sustainability-programs\/sustainability-plan\/#breadcrumb"},"inLanguage":"ht","potentialAction":[{"@type":"ReadAction","target":["https:\/\/www.miamibeachfl.gov\/city-hall\/environmental-sustainability\/sustainability\/sustainability-programs\/sustainability-plan\/"]}]},{"@type":"ImageObject","inLanguage":"ht","@id":"https:\/\/www.miamibeachfl.gov\/city-hall\/environmental-sustainability\/sustainability\/sustainability-programs\/sustainability-plan\/#primaryimage","url":"https:\/\/www.miamibeachfl.gov\/wp-content\/uploads\/2022\/07\/hero-small.jpg","contentUrl":"https:\/\/www.miamibeachfl.gov\/wp-content\/uploads\/2022\/07\/hero-small.jpg"},{"@type":"BreadcrumbList","@id":"https:\/\/www.miamibeachfl.gov\/city-hall\/environmental-sustainability\/sustainability\/sustainability-programs\/sustainability-plan\/#breadcrumb","itemListElement":[{"@type":"ListItem","position":1,"name":"Home","item":"https:\/\/www.miamibeachfl.gov\/"},{"@type":"ListItem","position":2,"name":"City Hall","item":"https:\/\/www.miamibeachfl.gov\/city-hall\/"},{"@type":"ListItem","position":3,"name":"Environment &#038; Sustainability","item":"https:\/\/www.miamibeachfl.gov\/city-hall\/environmental-sustainability\/"},{"@type":"ListItem","position":4,"name":"Sustainability and Resilience","item":"https:\/\/www.miamibeachfl.gov\/city-hall\/environmental-sustainability\/sustainability\/"},{"@type":"ListItem","position":5,"name":"Sustainability Programs","item":"https:\/\/www.miamibeachfl.gov\/city-hall\/environmental-sustainability\/sustainability\/sustainability-programs\/"},{"@type":"ListItem","position":6,"name":"Sustainability Plan"}]},{"@type":"WebSite","@id":"https:\/\/www.miamibeachfl.gov\/#website","url":"https:\/\/www.miamibeachfl.gov\/","name":"Vil Miami Beach","description":"Sitw\u00e8b ofisy\u00e8l Vil Miami Beach la. Rete enf\u00f2me, jwenn enf\u00f2masyon enp\u00f2tan sou s\u00e8vis vil la, nouv\u00e8l, al\u00e8t, ev\u00e8nman, wout tramway, travay gouv\u00e8nman an ak plis ank\u00f2.","publisher":{"@id":"https:\/\/www.miamibeachfl.gov\/#organization"},"potentialAction":[{"@type":"SearchAction","target":{"@type":"EntryPoint","urlTemplate":"https:\/\/www.miamibeachfl.gov\/?s={search_term_string}"},"query-input":{"@type":"PropertyValueSpecification","valueRequired":true,"valueName":"search_term_string"}}],"inLanguage":"ht"},{"@type":"Organization","@id":"https:\/\/www.miamibeachfl.gov\/#organization","name":"Vil Miami Beach","url":"https:\/\/www.miamibeachfl.gov\/","logo":{"@type":"ImageObject","inLanguage":"ht","@id":"https:\/\/www.miamibeachfl.gov\/#\/schema\/logo\/image\/","url":"https:\/\/www.miamibeachfl.gov\/wp-content\/uploads\/2022\/06\/miamibeach-logoblue.png","contentUrl":"https:\/\/www.miamibeachfl.gov\/wp-content\/uploads\/2022\/06\/miamibeach-logoblue.png","width":1962,"height":381,"caption":"City of Miami Beach"},"image":{"@id":"https:\/\/www.miamibeachfl.gov\/#\/schema\/logo\/image\/"},"sameAs":["https:\/\/www.facebook.com\/cityofmiamibeach","https:\/\/x.com\/Miamibeachnews","https:\/\/www.instagram.com\/miamibeachnews\/"],"description":"Sitw\u00e8b ofisy\u00e8l Vil Miami Beach la. Rete enf\u00f2me, jwenn enf\u00f2masyon enp\u00f2tan sou s\u00e8vis vil la, nouv\u00e8l, al\u00e8t, ev\u00e8nman, wout tramway, travay gouv\u00e8nman an ak plis ank\u00f2.","telephone":"305.604.CITY(2489)","legalName":"City of Miami Beach"}]}},"_links":{"self":[{"href":"https:\/\/www.miamibeachfl.gov\/ht\/wp-json\/wp\/v2\/pages\/28614","targetHints":{"allow":["GET"]}}],"collection":[{"href":"https:\/\/www.miamibeachfl.gov\/ht\/wp-json\/wp\/v2\/pages"}],"about":[{"href":"https:\/\/www.miamibeachfl.gov\/ht\/wp-json\/wp\/v2\/types\/page"}],"author":[{"embeddable":true,"href":"https:\/\/www.miamibeachfl.gov\/ht\/wp-json\/wp\/v2\/users\/222"}],"replies":[{"embeddable":true,"href":"https:\/\/www.miamibeachfl.gov\/ht\/wp-json\/wp\/v2\/comments?post=28614"}],"version-history":[{"count":0,"href":"https:\/\/www.miamibeachfl.gov\/ht\/wp-json\/wp\/v2\/pages\/28614\/revisions"}],"up":[{"embeddable":true,"href":"https:\/\/www.miamibeachfl.gov\/ht\/wp-json\/wp\/v2\/pages\/28613"}],"wp:attachment":[{"href":"https:\/\/www.miamibeachfl.gov\/ht\/wp-json\/wp\/v2\/media?parent=28614"}],"wp:term":[{"taxonomy":"category","embeddable":true,"href":"https:\/\/www.miamibeachfl.gov\/ht\/wp-json\/wp\/v2\/categories?post=28614"},{"taxonomy":"post_tag","embeddable":true,"href":"https:\/\/www.miamibeachfl.gov\/ht\/wp-json\/wp\/v2\/tags?post=28614"}],"curies":[{"name":"wp","href":"https:\/\/api.w.org\/{rel}","templated":true}]}}