{"id":28618,"date":"2017-08-11T00:06:37","date_gmt":"2017-08-11T00:06:37","guid":{"rendered":"http:\/\/www.miamibeachfl.gov\/city-hall\/environmental-sustainability\/sustainability\/sustainability-programs\/styrofoam\/"},"modified":"2025-02-14T15:20:49","modified_gmt":"2025-02-14T20:20:49","slug":"styrofoam","status":"publish","type":"page","link":"https:\/\/www.miamibeachfl.gov\/ht\/city-hall\/environmental-sustainability\/sustainability\/sustainability-programs\/styrofoam\/","title":{"rendered":"Ent\u00e8diksyon Styrofoam"},"content":{"rendered":"<img loading=\"lazy\" decoding=\"async\" src=\"https:\/\/www.miamibeachfl.gov\/wp-content\/uploads\/2022\/07\/hero-small.jpg\" alt=\"hero-small\" itemprop=\"image\" height=\"211\" width=\"2395\" title=\"ewo-piti\" onerror=\"this.style.display='none'\"  \/>\n<h1>\n\t\tEnt\u00e8diksyon Styrofoam\n\t<\/h1>\n\t<nav id=\"breadcrumbs\" aria-label=\"Pen griye\"><a href=\"https:\/\/www.miamibeachfl.gov\/ht\/\">Lakay<\/a> &gt; <a href=\"https:\/\/www.miamibeachfl.gov\/ht\/city-hall\/\">Lakou Vil la<\/a> &gt; <a href=\"https:\/\/www.miamibeachfl.gov\/ht\/city-hall\/environmental-sustainability\/\">Anviw\u00f2nman ak Dirablite<\/a> &gt; <a href=\"https:\/\/www.miamibeachfl.gov\/ht\/city-hall\/environmental-sustainability\/sustainability\/\">Dirablite ak Rezilyans<\/a> &gt; <a href=\"https:\/\/www.miamibeachfl.gov\/ht\/city-hall\/environmental-sustainability\/sustainability\/sustainability-programs\/\">Pwogram Dirablite<\/a> &gt; <strong>Ent\u00e8diksyon Styrofoam<\/strong><\/nav>\n\t<p><img loading=\"lazy\" decoding=\"async\" title=\"t\u00e8t an polistir\u00e8n\" src=\"\/wp-content\/uploads\/2017\/08\/headern-7944.png\" alt=\"styrofoam header\" width=\"700\" height=\"155\" \/><\/p>\n<p><b>Ki sa ki polistir\u00e8n ekspanse (Styrofoam) e poukisa yo ent\u00e8di li?<\/b><\/p>\n<p>Polistir\u00e8n ekspanse a se yon pwodui plastik ki baze sou petw\u00f2l. Li pa biod\u00e9gradab e li pa ka resikle. Dapre Ajans Pwoteksyon Anviw\u00f2nman an (EPA), li ka gen gwo enpak sou sante moun, b\u00e8t sovaj ak anviw\u00f2nman akwatik la (EPA-842-B-02-002). Polistir\u00e8n gen ladan l tou sibstans toksik tankou Stir\u00e8n ak Benz\u00e8n, ki se kanseroj\u00e8n ke yo rekon\u00e8t k\u00f2m sibstans sanzatann.<\/p>\n<p><b>Ki atik ki afekte pa ent\u00e8diksyon sa a?<\/b><\/p>\n<p>Atik s\u00e8vis manje, glasy\u00e8, waf k ap flote ki pa ankapsule, platf\u00f2m, ak bouy yo pral afekte pa ent\u00e8diksyon sa a.<\/p>\n<p><b>Ki jan yo te elimine polistir\u00e8n piti piti?<\/b><\/p>\n<p><img loading=\"lazy\" decoding=\"async\" title=\"Kronoloji Polistir\u00e8n 27 septanm 2016\" src=\"\/wp-content\/uploads\/2017\/08\/polystyrene-ban-12.jpg\" alt=\"Polystyrene Timeline 09.27.16\" width=\"750\" height=\"500\" \/><\/p>\n<p><b>Kil\u00e8 y ap ent\u00e8di waf an polistir\u00e8n ki pa ankapsule?<\/b>\u00a0<img decoding=\"async\" title=\"faz waf polistir\u00e8n\" src=\"\/wp-content\/uploads\/2017\/08\/encapsulated-docks-final-flyer-ccn-9330.png\" alt=\"styrofoam docks phase\" \/><\/p>\n<p><b>\u00a0<\/b><\/p>\n<p><b>Ki alt\u00e8nativ ki genyen pou atik s\u00e8vis manje?\u00a0<\/b><\/p>\n<p><em>\u00a0<img loading=\"lazy\" decoding=\"async\" title=\"bagas\" src=\"\/wp-content\/uploads\/2017\/08\/bagassen-9693.png\" alt=\"bagasse\" width=\"173\" height=\"151\" \/><\/em><\/p>\n<p><em>Bagas<\/em><\/p>\n<p>Bagas se matery\u00e8l fibrou ki rete apre yo fin peze tij kann yo. Varyan bagas yo refere a matery\u00e8l fibrou ki soti nan l\u00f2t kalite plant ki soti nan pwosesis presyon menm jan an. Asy\u00e8t s\u00e8vis manje ki f\u00e8t ak bagas se yon matery\u00e8l fib mawon kl\u00e8 oswa blan (blanchi) ki prese epi moule. Pafwa yo kouvri l ak yon kouch mens plastik oswa asid polilaktik (PLA)1.<\/p>\n<p>Resiklab\/Konpostab\/Fatra: Matery\u00e8l sa a tipikman konpostab epi resikle.<\/p>\n<p>&nbsp;<\/p>\n<p><img loading=\"lazy\" decoding=\"async\" title=\"pay ble\" src=\"\/wp-content\/uploads\/2017\/08\/wheat-streawn-8493.png\" alt=\"wheat straw\" width=\"194\" height=\"133\" \/><\/p>\n<p><em>Pay ble \/ Fib plant<\/em><\/p>\n<p>Pay ble se rezidi fib ki rete apre yo fin retire grenn nan tij ble yo. Ves\u00e8l s\u00e8vis manje ki f\u00e8t ak pay ble yo tipikman yon matery\u00e8l fib mawon pal oswa blan (blanchi) ki prese epi moule. Li vizy\u00e8lman sanble ak bagas.<\/p>\n<p>Resiklab\/Konpostab\/Fatra: Matery\u00e8l sa a tipikman konpostab epi resikle.<\/p>\n<p>&nbsp;<\/p>\n<p><img loading=\"lazy\" decoding=\"async\" title=\"fib konpostab\" src=\"\/wp-content\/uploads\/2017\/08\/compostable-fibern-7046.png\" alt=\"compostable fiber\" width=\"209\" height=\"164\" \/><\/p>\n<p><em>Plastik konpostab\u00a0<\/em><\/p>\n<p>Plastik konpostab yo se yon nouvo jenerasyon plastik ki biod\u00e9gradab atrav\u00e8 konpostaj. Yo s\u00f2ti jeneralman nan maty\u00e8 premy\u00e8 renouvlab tankou lanmidon (pa egzanp mayi, p\u00f2mdet\u00e8, tapioka elatriye), seluloz, pwoteyin soya, asid laktik elatriye, yo pa danjere\/toksik nan pwodiksyon epi yo dekonpoze tounen diyoksid kab\u00f2n, dlo, byomas elatriye l\u00e8 yo konposte. Kategori sa a gen ladan PLA1.<\/p>\n<p>Resiklab\/Konpostab\/Fatra: Matery\u00e8l sa a tipikman konpostab epi resikle.<\/p>\n<p>&nbsp;<\/p>\n<p><img loading=\"lazy\" decoding=\"async\" title=\"fib\" src=\"\/wp-content\/uploads\/2017\/08\/fibern-6952.png\" alt=\"fiber\" width=\"196\" height=\"187\" \/><\/p>\n<p><em>Fib<\/em><\/p>\n<p>Fib refere a fib papye ki s\u00f2ti nan pyebwa. Asy\u00e8t s\u00e8vis manje ki f\u00e8t ak fib yo souvan f\u00e8y plat ki f\u00e8t ak papye ep\u00e8 ki pliye oswa ki moule pou pran f\u00f2m yon veso. Pafwa yo kouvri yo ak yon ti kouch plastik.<\/p>\n<p>Resiklab\/Konpostab\/Fatra: Matery\u00e8l sa a tipikman konpostab (san kouch plastik la) epi li resikle.<\/p>\n<p><em>Div\u00e8s Plastik<\/em><\/p>\n<p>Pwodui plastik div\u00e8s nan envant\u00e8 sa a se pwodui ke vand\u00e8 a klase k\u00f2m &quot;plastik&quot; san li pa bay plis detay sou kalite plastik la. Pa gen yon s\u00e8l seri karakteristik fizik ke pwodui nan kategori matery\u00e8l sa a genyen an komen.<\/p>\n<p>Resiklab\/Konpostab\/Fatra: Matery\u00e8l sa a tipikman resikle.<\/p>\n<p><b>REMAK KE PA P\u00c8MI OKENN PWODWI KI BAZE SOU POLISTYR\u00c8N. SA GEN LADAN PWODWI S\u00c8VIS MANJE AN POLISTYR\u00c8N KI ETIK\u00c8TE K\u00d2M BIODEGRADAB.\u00a0<\/b><\/p>\n<p><b>Ki t\u00e8m kle mwen ta dwe ch\u00e8che nan matery\u00e8l alt\u00e8natif yo?<\/b><\/p>\n<p>1.\u00a0<em>Asid polilaktik (PLA)<\/em><\/p>\n<p>Asid polilaktik (PLA) se yon polim\u00e8 plastik ki s\u00f2ti nan sous ki pa gen rap\u00f2 ak petw\u00f2l, tankou lanmidon mayi, rasin tapioka, ak kann. L\u00e8 yo make li pou idantifikasyon, li pote nimewo &quot;7&quot; nan sant senb\u00f2l resiklaj triyangil\u00e8 a. Li vizy\u00e8lman sanble ak pwodwi PET yo.<\/p>\n<p>Resiklab\/Konpostab\/Fatra: Matery\u00e8l sa a tipikman biod\u00e9gradab epi resikle.<\/p>\n<p>2.\u00a0<em>Tereftalat polietil\u00e8n (PET)\u00a0<\/em><\/p>\n<p>Tereftalat polietil\u00e8n (PET) se yon kalite polim\u00e8 plastik komen. L\u00e8 yo make l pou idantifikasyon, li pote nimewo &quot;1&quot; nan sant senb\u00f2l resiklaj triyangil\u00e8 a epi li ka pote l\u00e8t &quot;PETE&quot; oswa &quot;PET&quot; yo tou. Yon veso PET anjeneral gen yon ti pwen ki rete nan pwosesis fabrikasyon an, pa yon kouti. Li pa vin blan l\u00e8 yo pliye. Asy\u00e8t s\u00e8vis manje ki f\u00e8t ak PET anjeneral v\u00e8t transparan oswa kl\u00e8.<\/p>\n<p>Resiklab\/Konpostab\/Fatra: Matery\u00e8l sa a tipikman resikle.<\/p>\n<p>3.\u00a0<em>Polipropil\u00e8n #5 (ak varyant)<\/em><\/p>\n<p>Polipropil\u00e8n #5 se yon polim\u00e8 plastik ki bay pwodui ki pi rijid pase pwodui ki f\u00e8t ak PET ak PLA. L\u00e8 yo make pou idantifikasyon, atik polipropil\u00e8n #5 yo ka pote etik\u00e8t &quot;PP&quot; la oswa nimewo &quot;5&quot; nan senb\u00f2l resiklaj triyangil\u00e8 a. Pwodui s\u00e8vis manje polipropil\u00e8n #5 yo pi souvan kl\u00e8 oswa nwa opak.<\/p>\n<p>Resiklab\/Konpostab\/Fatra: Matery\u00e8l sa a tipikman resikle.<\/p>\n\t\tNavige pou ale nan\u2026\t\t\t\n\t\t\t\t\t<ul id=\"menu-environmental-sustainability-programs\"><li id=\"menu-item-362605\"><a href=\"https:\/\/www.miamibeachfl.gov\/ht\/city-hall\/environmental-sustainability\/sustainability\/sustainability-programs\/litter\/\">Fatra<\/a><\/li>\n<li id=\"menu-item-362606\"><a href=\"https:\/\/www.miamibeachfl.gov\/ht\/city-hall\/environmental-sustainability\/sustainability\/sustainability-programs\/pace\/\">RIT\u00c8S<\/a><\/li>\n<li id=\"menu-item-362607\"><a href=\"https:\/\/www.miamibeachfl.gov\/ht\/city-hall\/environmental-sustainability\/sustainability\/sustainability-programs\/styrofoam\/\">Ent\u00e8diksyon Styrofoam<\/a><\/li>\n<li id=\"menu-item-362608\"><a href=\"https:\/\/www.miamibeachfl.gov\/ht\/city-hall\/environmental-sustainability\/sustainability\/sustainability-programs\/sustainability-plan\/\">Plan Dirablite<\/a><\/li>\n<\/ul>\t\n\t<div class=\"page-navigation\"><a class=\"prev-page\" href=\"https:\/\/www.miamibeachfl.gov\/ht\/city-hall\/environmental-sustainability\/sustainability\/sustainability-programs\/litter\/\">\u2190 Fatra<\/a> <a class=\"next-page\" href=\"https:\/\/www.miamibeachfl.gov\/ht\/city-hall\/environmental-sustainability\/sustainability\/recycling\/\">Resiklaj \u2192<\/a><\/div>","protected":false},"excerpt":{"rendered":"<p>Styrofoam Ban Home &gt; City Hall &gt; Environment &#038; Sustainability &gt; Sustainability and Resilience &gt; Sustainability Programs &gt; Styrofoam Ban [&hellip;]<\/p>\n","protected":false},"author":222,"featured_media":0,"parent":28613,"menu_order":0,"comment_status":"closed","ping_status":"closed","template":"page-blank.php","meta":{"_searchwp_excluded":"","site-sidebar-layout":"default","site-content-layout":"","ast-site-content-layout":"default","site-content-style":"default","site-sidebar-style":"default","ast-global-header-display":"","ast-banner-title-visibility":"","ast-main-header-display":"","ast-hfb-above-header-display":"","ast-hfb-below-header-display":"","ast-hfb-mobile-header-display":"","site-post-title":"","ast-breadcrumbs-content":"","ast-featured-img":"","footer-sml-layout":"","theme-transparent-header-meta":"","adv-header-id-meta":"","stick-header-meta":"","header-above-stick-meta":"","header-main-stick-meta":"","header-below-stick-meta":"","astra-migrate-meta-layouts":"default","ast-page-background-enabled":"default","ast-page-background-meta":{"desktop":{"background-color":"var(--ast-global-color-5)","background-image":"","background-repeat":"repeat","background-position":"center center","background-size":"auto","background-attachment":"scroll","background-type":"","background-media":"","overlay-type":"","overlay-color":"","overlay-opacity":"","overlay-gradient":""},"tablet":{"background-color":"","background-image":"","background-repeat":"repeat","background-position":"center center","background-size":"auto","background-attachment":"scroll","background-type":"","background-media":"","overlay-type":"","overlay-color":"","overlay-opacity":"","overlay-gradient":""},"mobile":{"background-color":"","background-image":"","background-repeat":"repeat","background-position":"center center","background-size":"auto","background-attachment":"scroll","background-type":"","background-media":"","overlay-type":"","overlay-color":"","overlay-opacity":"","overlay-gradient":""}},"ast-content-background-meta":{"desktop":{"background-color":"var(--ast-global-color-4)","background-image":"","background-repeat":"repeat","background-position":"center center","background-size":"auto","background-attachment":"scroll","background-type":"","background-media":"","overlay-type":"","overlay-color":"","overlay-opacity":"","overlay-gradient":""},"tablet":{"background-color":"var(--ast-global-color-4)","background-image":"","background-repeat":"repeat","background-position":"center center","background-size":"auto","background-attachment":"scroll","background-type":"","background-media":"","overlay-type":"","overlay-color":"","overlay-opacity":"","overlay-gradient":""},"mobile":{"background-color":"var(--ast-global-color-4)","background-image":"","background-repeat":"repeat","background-position":"center center","background-size":"auto","background-attachment":"scroll","background-type":"","background-media":"","overlay-type":"","overlay-color":"","overlay-opacity":"","overlay-gradient":""}},"footnotes":""},"categories":[],"tags":[],"class_list":["post-28618","page","type-page","status-publish","hentry"],"yoast_head":"<!-- This site is optimized with the Yoast SEO Premium plugin v27.4 (Yoast SEO v27.4) - https:\/\/yoast.com\/product\/yoast-seo-premium-wordpress\/ -->\n<title>Styrofoam Ban - City of Miami Beach<\/title>\n<meta name=\"description\" content=\"%\" \/>\n<meta name=\"robots\" content=\"index, follow, max-snippet:-1, max-image-preview:large, max-video-preview:-1\" \/>\n<link rel=\"canonical\" href=\"https:\/\/www.miamibeachfl.gov\/ht\/city-hall\/environmental-sustainability\/sustainability\/sustainability-programs\/styrofoam\/\" \/>\n<meta property=\"og:locale\" content=\"ht_HT\" \/>\n<meta property=\"og:type\" content=\"article\" \/>\n<meta property=\"og:title\" content=\"Styrofoam Ban\" \/>\n<meta property=\"og:description\" content=\"%\" \/>\n<meta property=\"og:url\" content=\"https:\/\/www.miamibeachfl.gov\/ht\/city-hall\/environmental-sustainability\/sustainability\/sustainability-programs\/styrofoam\/\" \/>\n<meta property=\"og:site_name\" content=\"City of Miami Beach\" \/>\n<meta property=\"article:publisher\" content=\"https:\/\/www.facebook.com\/cityofmiamibeach\" \/>\n<meta property=\"article:modified_time\" content=\"2025-02-14T20:20:49+00:00\" \/>\n<meta property=\"og:image\" content=\"https:\/\/www.miamibeachfl.gov\/wp-content\/uploads\/2022\/07\/hero-small.jpg\" \/>\n<meta name=\"twitter:card\" content=\"summary_large_image\" \/>\n<meta name=\"twitter:site\" content=\"@Miamibeachnews\" \/>\n<script type=\"application\/ld+json\" class=\"yoast-schema-graph\">{\"@context\":\"https:\\\/\\\/schema.org\",\"@graph\":[{\"@type\":\"WebPage\",\"@id\":\"https:\\\/\\\/www.miamibeachfl.gov\\\/city-hall\\\/environmental-sustainability\\\/sustainability\\\/sustainability-programs\\\/styrofoam\\\/\",\"url\":\"https:\\\/\\\/www.miamibeachfl.gov\\\/city-hall\\\/environmental-sustainability\\\/sustainability\\\/sustainability-programs\\\/styrofoam\\\/\",\"name\":\"Styrofoam Ban - City of Miami Beach\",\"isPartOf\":{\"@id\":\"https:\\\/\\\/www.miamibeachfl.gov\\\/#website\"},\"primaryImageOfPage\":{\"@id\":\"https:\\\/\\\/www.miamibeachfl.gov\\\/city-hall\\\/environmental-sustainability\\\/sustainability\\\/sustainability-programs\\\/styrofoam\\\/#primaryimage\"},\"image\":{\"@id\":\"https:\\\/\\\/www.miamibeachfl.gov\\\/city-hall\\\/environmental-sustainability\\\/sustainability\\\/sustainability-programs\\\/styrofoam\\\/#primaryimage\"},\"thumbnailUrl\":\"https:\\\/\\\/www.miamibeachfl.gov\\\/wp-content\\\/uploads\\\/2022\\\/07\\\/hero-small.jpg\",\"datePublished\":\"2017-08-11T00:06:37+00:00\",\"dateModified\":\"2025-02-14T20:20:49+00:00\",\"description\":\"%\",\"breadcrumb\":{\"@id\":\"https:\\\/\\\/www.miamibeachfl.gov\\\/city-hall\\\/environmental-sustainability\\\/sustainability\\\/sustainability-programs\\\/styrofoam\\\/#breadcrumb\"},\"inLanguage\":\"ht\",\"potentialAction\":[{\"@type\":\"ReadAction\",\"target\":[\"https:\\\/\\\/www.miamibeachfl.gov\\\/city-hall\\\/environmental-sustainability\\\/sustainability\\\/sustainability-programs\\\/styrofoam\\\/\"]}]},{\"@type\":\"ImageObject\",\"inLanguage\":\"ht\",\"@id\":\"https:\\\/\\\/www.miamibeachfl.gov\\\/city-hall\\\/environmental-sustainability\\\/sustainability\\\/sustainability-programs\\\/styrofoam\\\/#primaryimage\",\"url\":\"https:\\\/\\\/www.miamibeachfl.gov\\\/wp-content\\\/uploads\\\/2022\\\/07\\\/hero-small.jpg\",\"contentUrl\":\"https:\\\/\\\/www.miamibeachfl.gov\\\/wp-content\\\/uploads\\\/2022\\\/07\\\/hero-small.jpg\"},{\"@type\":\"BreadcrumbList\",\"@id\":\"https:\\\/\\\/www.miamibeachfl.gov\\\/city-hall\\\/environmental-sustainability\\\/sustainability\\\/sustainability-programs\\\/styrofoam\\\/#breadcrumb\",\"itemListElement\":[{\"@type\":\"ListItem\",\"position\":1,\"name\":\"Home\",\"item\":\"https:\\\/\\\/www.miamibeachfl.gov\\\/\"},{\"@type\":\"ListItem\",\"position\":2,\"name\":\"City Hall\",\"item\":\"https:\\\/\\\/www.miamibeachfl.gov\\\/city-hall\\\/\"},{\"@type\":\"ListItem\",\"position\":3,\"name\":\"Environment &#038; Sustainability\",\"item\":\"https:\\\/\\\/www.miamibeachfl.gov\\\/city-hall\\\/environmental-sustainability\\\/\"},{\"@type\":\"ListItem\",\"position\":4,\"name\":\"Sustainability and Resilience\",\"item\":\"https:\\\/\\\/www.miamibeachfl.gov\\\/city-hall\\\/environmental-sustainability\\\/sustainability\\\/\"},{\"@type\":\"ListItem\",\"position\":5,\"name\":\"Sustainability Programs\",\"item\":\"https:\\\/\\\/www.miamibeachfl.gov\\\/city-hall\\\/environmental-sustainability\\\/sustainability\\\/sustainability-programs\\\/\"},{\"@type\":\"ListItem\",\"position\":6,\"name\":\"Styrofoam Ban\"}]},{\"@type\":\"WebSite\",\"@id\":\"https:\\\/\\\/www.miamibeachfl.gov\\\/#website\",\"url\":\"https:\\\/\\\/www.miamibeachfl.gov\\\/\",\"name\":\"City of Miami Beach\",\"description\":\"The official website of the City of Miami Beach. Stay informed, find important information on city services, news, alerts, events, trolley routes, government employment and more.\",\"publisher\":{\"@id\":\"https:\\\/\\\/www.miamibeachfl.gov\\\/#organization\"},\"potentialAction\":[{\"@type\":\"SearchAction\",\"target\":{\"@type\":\"EntryPoint\",\"urlTemplate\":\"https:\\\/\\\/www.miamibeachfl.gov\\\/?s={search_term_string}\"},\"query-input\":{\"@type\":\"PropertyValueSpecification\",\"valueRequired\":true,\"valueName\":\"search_term_string\"}}],\"inLanguage\":\"ht\"},{\"@type\":\"Organization\",\"@id\":\"https:\\\/\\\/www.miamibeachfl.gov\\\/#organization\",\"name\":\"City of Miami Beach\",\"url\":\"https:\\\/\\\/www.miamibeachfl.gov\\\/\",\"logo\":{\"@type\":\"ImageObject\",\"inLanguage\":\"ht\",\"@id\":\"https:\\\/\\\/www.miamibeachfl.gov\\\/#\\\/schema\\\/logo\\\/image\\\/\",\"url\":\"https:\\\/\\\/www.miamibeachfl.gov\\\/wp-content\\\/uploads\\\/2022\\\/06\\\/miamibeach-logoblue.png\",\"contentUrl\":\"https:\\\/\\\/www.miamibeachfl.gov\\\/wp-content\\\/uploads\\\/2022\\\/06\\\/miamibeach-logoblue.png\",\"width\":1962,\"height\":381,\"caption\":\"City of Miami Beach\"},\"image\":{\"@id\":\"https:\\\/\\\/www.miamibeachfl.gov\\\/#\\\/schema\\\/logo\\\/image\\\/\"},\"sameAs\":[\"https:\\\/\\\/www.facebook.com\\\/cityofmiamibeach\",\"https:\\\/\\\/x.com\\\/Miamibeachnews\",\"https:\\\/\\\/www.instagram.com\\\/miamibeachnews\\\/\"],\"description\":\"The official website of the City of Miami Beach. Stay informed, find important information on city services, news, alerts, events, trolley routes, government employment and more.\",\"telephone\":\"305.604.CITY(2489)\",\"legalName\":\"City of Miami Beach\"}]}<\/script>\n<!-- \/ Yoast SEO Premium plugin. -->","yoast_head_json":{"title":"Ent\u00e8diksyon Styrofoam - Vil Miami Beach","description":"%","robots":{"index":"index","follow":"follow","max-snippet":"max-snippet:-1","max-image-preview":"max-image-preview:large","max-video-preview":"max-video-preview:-1"},"canonical":"https:\/\/www.miamibeachfl.gov\/ht\/city-hall\/environmental-sustainability\/sustainability\/sustainability-programs\/styrofoam\/","og_locale":"ht_HT","og_type":"article","og_title":"Styrofoam Ban","og_description":"%","og_url":"https:\/\/www.miamibeachfl.gov\/ht\/city-hall\/environmental-sustainability\/sustainability\/sustainability-programs\/styrofoam\/","og_site_name":"City of Miami Beach","article_publisher":"https:\/\/www.facebook.com\/cityofmiamibeach","article_modified_time":"2025-02-14T20:20:49+00:00","og_image":[{"url":"https:\/\/www.miamibeachfl.gov\/wp-content\/uploads\/2022\/07\/hero-small.jpg","type":"","width":"","height":""}],"twitter_card":"summary_large_image","twitter_site":"@Miamibeachnews","schema":{"@context":"https:\/\/schema.org","@graph":[{"@type":"WebPage","@id":"https:\/\/www.miamibeachfl.gov\/city-hall\/environmental-sustainability\/sustainability\/sustainability-programs\/styrofoam\/","url":"https:\/\/www.miamibeachfl.gov\/city-hall\/environmental-sustainability\/sustainability\/sustainability-programs\/styrofoam\/","name":"Ent\u00e8diksyon Styrofoam - Vil Miami Beach","isPartOf":{"@id":"https:\/\/www.miamibeachfl.gov\/#website"},"primaryImageOfPage":{"@id":"https:\/\/www.miamibeachfl.gov\/city-hall\/environmental-sustainability\/sustainability\/sustainability-programs\/styrofoam\/#primaryimage"},"image":{"@id":"https:\/\/www.miamibeachfl.gov\/city-hall\/environmental-sustainability\/sustainability\/sustainability-programs\/styrofoam\/#primaryimage"},"thumbnailUrl":"https:\/\/www.miamibeachfl.gov\/wp-content\/uploads\/2022\/07\/hero-small.jpg","datePublished":"2017-08-11T00:06:37+00:00","dateModified":"2025-02-14T20:20:49+00:00","description":"%","breadcrumb":{"@id":"https:\/\/www.miamibeachfl.gov\/city-hall\/environmental-sustainability\/sustainability\/sustainability-programs\/styrofoam\/#breadcrumb"},"inLanguage":"ht","potentialAction":[{"@type":"ReadAction","target":["https:\/\/www.miamibeachfl.gov\/city-hall\/environmental-sustainability\/sustainability\/sustainability-programs\/styrofoam\/"]}]},{"@type":"ImageObject","inLanguage":"ht","@id":"https:\/\/www.miamibeachfl.gov\/city-hall\/environmental-sustainability\/sustainability\/sustainability-programs\/styrofoam\/#primaryimage","url":"https:\/\/www.miamibeachfl.gov\/wp-content\/uploads\/2022\/07\/hero-small.jpg","contentUrl":"https:\/\/www.miamibeachfl.gov\/wp-content\/uploads\/2022\/07\/hero-small.jpg"},{"@type":"BreadcrumbList","@id":"https:\/\/www.miamibeachfl.gov\/city-hall\/environmental-sustainability\/sustainability\/sustainability-programs\/styrofoam\/#breadcrumb","itemListElement":[{"@type":"ListItem","position":1,"name":"Home","item":"https:\/\/www.miamibeachfl.gov\/"},{"@type":"ListItem","position":2,"name":"City Hall","item":"https:\/\/www.miamibeachfl.gov\/city-hall\/"},{"@type":"ListItem","position":3,"name":"Environment &#038; Sustainability","item":"https:\/\/www.miamibeachfl.gov\/city-hall\/environmental-sustainability\/"},{"@type":"ListItem","position":4,"name":"Sustainability and Resilience","item":"https:\/\/www.miamibeachfl.gov\/city-hall\/environmental-sustainability\/sustainability\/"},{"@type":"ListItem","position":5,"name":"Sustainability Programs","item":"https:\/\/www.miamibeachfl.gov\/city-hall\/environmental-sustainability\/sustainability\/sustainability-programs\/"},{"@type":"ListItem","position":6,"name":"Styrofoam Ban"}]},{"@type":"WebSite","@id":"https:\/\/www.miamibeachfl.gov\/#website","url":"https:\/\/www.miamibeachfl.gov\/","name":"Vil Miami Beach","description":"Sitw\u00e8b ofisy\u00e8l Vil Miami Beach la. Rete enf\u00f2me, jwenn enf\u00f2masyon enp\u00f2tan sou s\u00e8vis vil la, nouv\u00e8l, al\u00e8t, ev\u00e8nman, wout tramway, travay gouv\u00e8nman an ak plis ank\u00f2.","publisher":{"@id":"https:\/\/www.miamibeachfl.gov\/#organization"},"potentialAction":[{"@type":"SearchAction","target":{"@type":"EntryPoint","urlTemplate":"https:\/\/www.miamibeachfl.gov\/?s={search_term_string}"},"query-input":{"@type":"PropertyValueSpecification","valueRequired":true,"valueName":"search_term_string"}}],"inLanguage":"ht"},{"@type":"Organization","@id":"https:\/\/www.miamibeachfl.gov\/#organization","name":"Vil Miami Beach","url":"https:\/\/www.miamibeachfl.gov\/","logo":{"@type":"ImageObject","inLanguage":"ht","@id":"https:\/\/www.miamibeachfl.gov\/#\/schema\/logo\/image\/","url":"https:\/\/www.miamibeachfl.gov\/wp-content\/uploads\/2022\/06\/miamibeach-logoblue.png","contentUrl":"https:\/\/www.miamibeachfl.gov\/wp-content\/uploads\/2022\/06\/miamibeach-logoblue.png","width":1962,"height":381,"caption":"City of Miami Beach"},"image":{"@id":"https:\/\/www.miamibeachfl.gov\/#\/schema\/logo\/image\/"},"sameAs":["https:\/\/www.facebook.com\/cityofmiamibeach","https:\/\/x.com\/Miamibeachnews","https:\/\/www.instagram.com\/miamibeachnews\/"],"description":"Sitw\u00e8b ofisy\u00e8l Vil Miami Beach la. Rete enf\u00f2me, jwenn enf\u00f2masyon enp\u00f2tan sou s\u00e8vis vil la, nouv\u00e8l, al\u00e8t, ev\u00e8nman, wout tramway, travay gouv\u00e8nman an ak plis ank\u00f2.","telephone":"305.604.CITY(2489)","legalName":"City of Miami Beach"}]}},"_links":{"self":[{"href":"https:\/\/www.miamibeachfl.gov\/ht\/wp-json\/wp\/v2\/pages\/28618","targetHints":{"allow":["GET"]}}],"collection":[{"href":"https:\/\/www.miamibeachfl.gov\/ht\/wp-json\/wp\/v2\/pages"}],"about":[{"href":"https:\/\/www.miamibeachfl.gov\/ht\/wp-json\/wp\/v2\/types\/page"}],"author":[{"embeddable":true,"href":"https:\/\/www.miamibeachfl.gov\/ht\/wp-json\/wp\/v2\/users\/222"}],"replies":[{"embeddable":true,"href":"https:\/\/www.miamibeachfl.gov\/ht\/wp-json\/wp\/v2\/comments?post=28618"}],"version-history":[{"count":0,"href":"https:\/\/www.miamibeachfl.gov\/ht\/wp-json\/wp\/v2\/pages\/28618\/revisions"}],"up":[{"embeddable":true,"href":"https:\/\/www.miamibeachfl.gov\/ht\/wp-json\/wp\/v2\/pages\/28613"}],"wp:attachment":[{"href":"https:\/\/www.miamibeachfl.gov\/ht\/wp-json\/wp\/v2\/media?parent=28618"}],"wp:term":[{"taxonomy":"category","embeddable":true,"href":"https:\/\/www.miamibeachfl.gov\/ht\/wp-json\/wp\/v2\/categories?post=28618"},{"taxonomy":"post_tag","embeddable":true,"href":"https:\/\/www.miamibeachfl.gov\/ht\/wp-json\/wp\/v2\/tags?post=28618"}],"curies":[{"name":"wp","href":"https:\/\/api.w.org\/{rel}","templated":true}]}}