{"id":28655,"date":"2017-08-11T00:07:06","date_gmt":"2017-08-11T00:07:06","guid":{"rendered":"http:\/\/www.miamibeachfl.gov\/city-hall\/human-resources\/benefits-compensation\/benefit-program\/employee-benefits-contact-info\/"},"modified":"2026-03-02T16:28:52","modified_gmt":"2026-03-02T21:28:52","slug":"employee-benefits-contact-info","status":"publish","type":"page","link":"https:\/\/www.miamibeachfl.gov\/ht\/city-hall\/human-resources\/benefits\/benefit-summary\/employee-benefits-contact-info\/","title":{"rendered":"Opsyon Benefis Anplis"},"content":{"rendered":"<img decoding=\"async\" src=\"https:\/\/www.miamibeachfl.gov\/wp-content\/uploads\/2022\/07\/hero-small.jpg\" alt=\"ocean drive art deco buildings\" itemprop=\"image\" height=\"211\" width=\"2395\" title=\"ewo-piti\" onerror=\"this.style.display='none'\" loading=\"lazy\" \/>\n<h1>\n\t\t\tOpsyon Benefis Anplis\t<\/h1>\n\t<nav id=\"breadcrumbs\" aria-label=\"Pen griye\"><a href=\"https:\/\/www.miamibeachfl.gov\/ht\/\">Lakay<\/a> &gt; <a href=\"https:\/\/www.miamibeachfl.gov\/ht\/city-hall\/\">Lakou Vil la<\/a> &gt; <a href=\"https:\/\/www.miamibeachfl.gov\/ht\/city-hall\/human-resources\/\">Resous Im\u00e8n<\/a> &gt; <a href=\"https:\/\/www.miamibeachfl.gov\/ht\/city-hall\/human-resources\/benefits\/\">Benefis<\/a> &gt; <a href=\"https:\/\/www.miamibeachfl.gov\/ht\/city-hall\/human-resources\/benefits\/benefit-summary\/\">Lyen rapid pou benefis anplwaye yo<\/a> &gt; <strong>Opsyon Benefis Anplis<\/strong><\/nav>\n\t<h3><b>PLAN VIZYON<\/b><\/h3>\nAdministre pa <b>Swen Vizyon EyeMed<\/b><br \/>\nS\u00e8vis Kliyant\u00e8l: 1.866.299.1358<br \/>\nSit w\u00e8b: <a title=\"www.eyemedvisioncare.com\" href=\"http:\/\/www.eyemedvisioncare.com\">www.eyemedvisioncare.com<\/a><br \/>\nAplikasyon mobil: Manm EyeMed yo<br \/>\n<a href=\"http:\/\/www.miamibeachfl.gov\/wp-content\/uploads\/2018\/03\/City-of-Miami-Beach-Plan-Summary.pdf\">Rezime Benefis Plan Vizyon EyeMed la<\/a><br \/>\n<a title=\"F\u00f2m Reklamasyon EyeMed - Dey\u00f2 Rezo a 2016\" href=\"\/wp-content\/uploads\/2017\/08\/EyeMed-Claim-Form-Out-of-Network-2016.pdf\" target=\"_blank\" rel=\"noopener noreferrer\">F\u00f2m Reklamasyon EyeMed \u2013 Dey\u00f2 Rezo a<\/a>\n<h3><b>ASIRANS LAVI: LAVI DE BAZ, SIPLEMANT\u00c8 AK LAVI POU MOUN KI DEPANN<\/b><\/h3>\nAdministre pa <b>UNUM<\/b><br \/>\nS\u00e8vis Kliyant\u00e8l: 1.800.421.0344<br \/>\nSit w\u00e8b: <a title=\"www.unum.com\" href=\"http:\/\/www.unum.com\">www.unum.com<\/a><br \/>\n<a href=\"http:\/\/www.miamibeachfl.gov\/wp-content\/uploads\/2018\/04\/Life-Insurance-Plan.pdf\">Plan Asirans Lavi<\/a><br \/>\nPolis Asirans Lavi # 909164\n<h3><b>ANDIKAP: ANDIKAP KOUT T\u00c8M AK LONG T\u00c8M<\/b><\/h3>\nAdministre pa <b>UNUM<\/b><br \/>\nS\u00e8vis Kliyant\u00e8l: 1.877.217.5495<br \/>\nSit w\u00e8b: <a title=\"www.unum.com\" href=\"http:\/\/www.unum.com\">www.unum.com<\/a><br \/>\n<a href=\"http:\/\/www.miamibeachfl.gov\/wp-content\/uploads\/2020\/03\/Unum-STD.pdf\">Plan Andikap Kout T\u00e8m<\/a><br \/>\n<a href=\"http:\/\/www.miamibeachfl.gov\/wp-content\/uploads\/2018\/03\/Unum-LTD-Policy.pdf\">Plan Andikap Long T\u00e8m<\/a><br \/>\n<a href=\"http:\/\/www.miamibeachfl.gov\/wp-content\/uploads\/2018\/03\/Unum-LTD-Policy-for-401a-emps.pdf\">Plan Andikap Long T\u00e8m (pou anplwaye ki enskri nan plan retr\u00e8t 401a Vil la)<\/a><br \/>\n<a title=\"F\u00f2m Reklamasyon FMLA STD Revize\" href=\"\/wp-content\/uploads\/2017\/08\/Claim-Form-FMLA-STD-Revised.pdf\" target=\"_blank\" rel=\"noopener noreferrer\">F\u00f2m Otorizasyon (pou depoze yon reklamasyon Andikap)<\/a>\n<h3><b>LWA SOU KONJE MEDIKAL FANMI AN (FMLA)<\/b><\/h3>\nAdministre pa <b>UNUM<br \/>\n<\/b>S\u00e8vis Kliyant\u00e8l: 1.877.217.5495<br \/>\n<a title=\"R\u00e8gleman FML ki mete ajou\" href=\"http:\/\/www.miamibeachfl.gov\/wp-content\/uploads\/2020\/07\/Family-and-Medical-Leave-Procedure.pdf\" target=\"_blank\" rel=\"noopener noreferrer\">R\u00e8gleman FMLA a<\/a><br \/>\n<a title=\"F\u00f2m Reklamasyon FMLA STD Revize\" href=\"\/wp-content\/uploads\/2017\/08\/Claim-Form-FMLA-STD-Revised.pdf\" target=\"_blank\" rel=\"noopener noreferrer\">F\u00f2m Otorizasyon (pou inisye yon Demann Konje Medikal Fanmi)<\/a><br \/>\n<a href=\"http:\/\/www.miamibeachfl.gov\/wp-content\/uploads\/2018\/03\/Parental-Leave-Procedure.pdf\">Pwosedi Konje Paran Peye<\/a><br \/>\n<a title=\"\u00d2donans 2016-4049 Peman Paran - UNCL\" href=\"\/wp-content\/uploads\/2017\/08\/Ordinance-2016-4049-Paid-Parental-UNCL.pdf\" target=\"_blank\" rel=\"noopener noreferrer\">Lwa 2016-4049 sou Edikasyon Paran yo<\/a>\u00a0pou gwoup sal\u00e8 ki pa klase ak l\u00f2t gwoup sal\u00e8<br \/>\n<a title=\"Lwa 2016-4048 Sendika Paran Peye yo\" href=\"\/wp-content\/uploads\/2017\/08\/Ordinance-2016-4048-Paid-Parental-Unions.pdf\" target=\"_blank\" rel=\"noopener noreferrer\">Lwa 2016-4048 sou Edikasyon Paran yo<\/a>\u00a0pou gwoup sal\u00e8 s\u00e8vis Klasifye yo\n<h3><b>KONT DEPANS FLEKSIB (FSA): SWEN SANTE AK SWEN MOUN KI DEPANN YO<\/b><\/h3>\nAdministre pa <b>Bank HSA<\/b><br \/>\nS\u00e8vis Kliyant\u00e8l: 1.800.357.6246<br \/>\nSit w\u00e8b: http:\/\/www.hsabank.com\/hsabank\/homepage<br \/>\n<a href=\"http:\/\/www.miamibeachfl.gov\/wp-content\/uploads\/2018\/04\/Healthcare-Flexible-Spending-Accounts.pdf\">Kont Depans Fleksib pou Swen Sante<br \/>\n<\/a><a href=\"http:\/\/www.miamibeachfl.gov\/wp-content\/uploads\/2018\/04\/Limited-Purpose-Flexible-Spendng-Accounts.pdf\">Kont Depans Fleksib pou Objektif Limite<br \/>\n<\/a><a href=\"http:\/\/www.miamibeachfl.gov\/wp-content\/uploads\/2018\/04\/Dependent-Care-Flexible-Spending-Accounts.pdf\">Kont Depans Fleksib pou Swen Moun ki Sou Kont Ou<br \/>\n<\/a><a href=\"http:\/\/www.miamibeachfl.gov\/wp-content\/uploads\/2018\/04\/Seeking-Reimbursement-from-your-FSA.pdf\">Ap ch\u00e8che ranbousman nan men FSA ou a<\/a>\n<h3><b>ASIRANS POU B\u00c8T KAY AK RAB\u00c8<\/b><\/h3>\nAdministre pa <b>Nasyonal<\/b><br \/>\nS\u00e8vis Kliyant\u00e8l: 1.877.738.7874<br \/>\nSit w\u00e8b: <a title=\"www.petinsurance.com\/miamibeachfl\" href=\"http:\/\/www.petinsurance.com\/miamibeachfl\">www.petinsurance.com\/miamibeachfl<\/a>\n<h3><b>S\u00c8VIS LEGAL RAB\u00c8<\/b><\/h3>\nAdministre pa <b>Plan Legal Preferansy\u00e8l<\/b><br \/>\nS\u00e8vis Kliyant\u00e8l: 305.379.8438<br \/>\nSit w\u00e8b: <a title=\"www.preferredlegal.com\" href=\"http:\/\/www.preferredlegal.com\">www.preferredlegal.com<\/a>\n<h3><b>PWOTEKSYON KONTRA V\u00d2L IDANTITE<\/b><\/h3>\nAdministre pa <b>LifeLock<\/b><br \/>\nS\u00e8vis Kliyant\u00e8l: 1.866.917.2555<br \/>\nSit w\u00e8b: <a title=\"http:\/\/cityofmiamibeach.excelsiorenroll.com\" href=\"http:\/\/cityofmiamibeach.excelsiorenroll.com\" target=\"_blank\" rel=\"noopener noreferrer\">http:\/\/cityofmiamibeach.excelsiorenroll.com<\/a>\n<h3><b>BENEFIS VOLONT\u00c8 LAVI KOLONYAL<\/b><\/h3>\nAdministre pa <b>Lavi Kolonyal<\/b><br \/>\nS\u00e8vis Kliyan pou Enskripsyon: 1.954.616.5123<br \/>\nLiy dir\u00e8k pou moun ki gen asirans: 1.800.325.4368<br \/>\nSit w\u00e8b: <a title=\"www.koloniallife.com\" href=\"http:\/\/www.coloniallife.com\">www.koloniallife.com<\/a>\n<h3><b><\/b><b>PW\u00d2GRAM PR\u00c8 NAN TRAVAY<\/b><\/h3>\nAdministre pa <b>Pr\u00e8 BMG yo<\/b><br \/>\nS\u00e8vis Kliyant\u00e8l: 305.675.2962<br \/>\nSit w\u00e8b: <a title=\"www.bmgmoney.com\" href=\"http:\/\/www.bmgmoney.com\" target=\"_blank\" rel=\"noopener noreferrer\">www.bmgmoney.com<\/a>\u00a0\n<p>&nbsp;<\/p>\n<p>&nbsp;<\/p>\n\t\tNavige pou ale nan\u2026\t\t\t\n\t\t\t\t\t<ul id=\"menu-hr-employee-benefits-quicklinks\"><li id=\"menu-item-362888\"><a href=\"\/ht\/city-hall\/human-resources\/benefits\/benefit-summary\/employee-benefits-contact-info\/\">Opsyon Benefis Anplis<\/a><\/li>\n<li id=\"menu-item-362889\"><a href=\"\/ht\/city-hall\/human-resources\/benefits\/benefit-summary\/employee-benefit-program\/\">Pwogram Benefis<\/a><\/li>\n<li id=\"menu-item-362890\"><a href=\"\/ht\/city-hall\/human-resources\/benefits\/benefit-summary\/cobra\/\">KOBRA<\/a><\/li>\n<li id=\"menu-item-362892\"><a href=\"\/ht\/city-hall\/human-resources\/benefits\/benefit-summary\/employee-assistance-and-worklife-plan\/\">EAP<\/a><\/li>\n<li id=\"menu-item-362893\"><a href=\"\/ht\/city-hall\/human-resources\/benefits\/benefit-summary\/forms\/\">F\u00f2m yo<\/a><\/li>\n<li id=\"menu-item-362894\"><a href=\"\/ht\/city-hall\/human-resources\/benefits\/benefit-summary\/frequently-asked-questions\/\">Kesyon yo poze souvan<\/a><\/li>\n<li id=\"menu-item-362895\"><a href=\"\/ht\/city-hall\/human-resources\/benefits\/benefit-summary\/health-dental-plans\/\">Plan Sante ak Dant\u00e8<\/a><\/li>\n<li id=\"menu-item-362897\"><a href=\"\/ht\/city-hall\/human-resources\/benefits\/benefit-summary\/retirement-planning\/\">Planifikasyon pou retr\u00e8t<\/a><\/li>\n<li id=\"menu-item-362898\"><a href=\"\/ht\/city-hall\/human-resources\/benefits\/benefit-summary\/wellness-program\/\">Pwogram Byenn\u00e8t<\/a><\/li>\n<\/ul>\t\n\t<div class=\"page-navigation\"><a class=\"prev-page\" href=\"https:\/\/www.miamibeachfl.gov\/ht\/city-hall\/human-resources\/benefits\/benefit-summary\/forms\/\">\u2190 F\u00f2m Benefis Anplwaye yo<\/a> <a class=\"next-page\" href=\"https:\/\/www.miamibeachfl.gov\/ht\/city-hall\/human-resources\/compensation\/ordinances\/\">\u00d2donans sou Sal\u00e8 \u2192<\/a><\/div>","protected":false},"excerpt":{"rendered":"<p>Additional Benefit Options Home &gt; City Hall &gt; Human Resources &gt; Benefits &gt; Employee Benefits Quicklinks &gt; Additional Benefit Options [&hellip;]<\/p>\n","protected":false},"author":222,"featured_media":0,"parent":46767,"menu_order":0,"comment_status":"closed","ping_status":"closed","template":"","meta":{"_searchwp_excluded":"","site-sidebar-layout":"default","site-content-layout":"","ast-site-content-layout":"default","site-content-style":"default","site-sidebar-style":"default","ast-global-header-display":"","ast-banner-title-visibility":"","ast-main-header-display":"","ast-hfb-above-header-display":"","ast-hfb-below-header-display":"","ast-hfb-mobile-header-display":"","site-post-title":"","ast-breadcrumbs-content":"","ast-featured-img":"","footer-sml-layout":"","theme-transparent-header-meta":"","adv-header-id-meta":"","stick-header-meta":"","header-above-stick-meta":"","header-main-stick-meta":"","header-below-stick-meta":"","astra-migrate-meta-layouts":"default","ast-page-background-enabled":"default","ast-page-background-meta":{"desktop":{"background-color":"var(--ast-global-color-5)","background-image":"","background-repeat":"repeat","background-position":"center center","background-size":"auto","background-attachment":"scroll","background-type":"","background-media":"","overlay-type":"","overlay-color":"","overlay-opacity":"","overlay-gradient":""},"tablet":{"background-color":"","background-image":"","background-repeat":"repeat","background-position":"center center","background-size":"auto","background-attachment":"scroll","background-type":"","background-media":"","overlay-type":"","overlay-color":"","overlay-opacity":"","overlay-gradient":""},"mobile":{"background-color":"","background-image":"","background-repeat":"repeat","background-position":"center center","background-size":"auto","background-attachment":"scroll","background-type":"","background-media":"","overlay-type":"","overlay-color":"","overlay-opacity":"","overlay-gradient":""}},"ast-content-background-meta":{"desktop":{"background-color":"var(--ast-global-color-4)","background-image":"","background-repeat":"repeat","background-position":"center center","background-size":"auto","background-attachment":"scroll","background-type":"","background-media":"","overlay-type":"","overlay-color":"","overlay-opacity":"","overlay-gradient":""},"tablet":{"background-color":"var(--ast-global-color-4)","background-image":"","background-repeat":"repeat","background-position":"center center","background-size":"auto","background-attachment":"scroll","background-type":"","background-media":"","overlay-type":"","overlay-color":"","overlay-opacity":"","overlay-gradient":""},"mobile":{"background-color":"var(--ast-global-color-4)","background-image":"","background-repeat":"repeat","background-position":"center center","background-size":"auto","background-attachment":"scroll","background-type":"","background-media":"","overlay-type":"","overlay-color":"","overlay-opacity":"","overlay-gradient":""}},"footnotes":""},"categories":[],"tags":[],"class_list":["post-28655","page","type-page","status-publish","hentry"],"yoast_head":"<!-- This site is optimized with the Yoast SEO Premium plugin v27.4 (Yoast SEO v27.4) - https:\/\/yoast.com\/product\/yoast-seo-premium-wordpress\/ -->\n<title>Additional Benefit Options - City of Miami Beach<\/title>\n<meta name=\"description\" content=\"%\" \/>\n<meta name=\"robots\" content=\"index, follow, max-snippet:-1, max-image-preview:large, max-video-preview:-1\" \/>\n<link rel=\"canonical\" href=\"https:\/\/www.miamibeachfl.gov\/ht\/city-hall\/human-resources\/benefits\/benefit-summary\/employee-benefits-contact-info\/\" \/>\n<meta property=\"og:locale\" content=\"ht_HT\" \/>\n<meta property=\"og:type\" content=\"article\" \/>\n<meta property=\"og:title\" content=\"Additional Benefit Options\" \/>\n<meta property=\"og:description\" content=\"%\" \/>\n<meta property=\"og:url\" content=\"https:\/\/www.miamibeachfl.gov\/ht\/city-hall\/human-resources\/benefits\/benefit-summary\/employee-benefits-contact-info\/\" \/>\n<meta property=\"og:site_name\" content=\"City of Miami Beach\" \/>\n<meta property=\"article:publisher\" content=\"https:\/\/www.facebook.com\/cityofmiamibeach\" \/>\n<meta property=\"article:modified_time\" content=\"2026-03-02T21:28:52+00:00\" \/>\n<meta property=\"og:image\" content=\"https:\/\/www.miamibeachfl.gov\/wp-content\/uploads\/2022\/07\/hero-small.jpg\" \/>\n<meta name=\"twitter:card\" content=\"summary_large_image\" \/>\n<meta name=\"twitter:site\" content=\"@Miamibeachnews\" \/>\n<script type=\"application\/ld+json\" class=\"yoast-schema-graph\">{\"@context\":\"https:\\\/\\\/schema.org\",\"@graph\":[{\"@type\":\"WebPage\",\"@id\":\"https:\\\/\\\/www.miamibeachfl.gov\\\/city-hall\\\/human-resources\\\/benefits\\\/benefit-summary\\\/employee-benefits-contact-info\\\/\",\"url\":\"https:\\\/\\\/www.miamibeachfl.gov\\\/city-hall\\\/human-resources\\\/benefits\\\/benefit-summary\\\/employee-benefits-contact-info\\\/\",\"name\":\"Additional Benefit Options - City of Miami Beach\",\"isPartOf\":{\"@id\":\"https:\\\/\\\/www.miamibeachfl.gov\\\/#website\"},\"primaryImageOfPage\":{\"@id\":\"https:\\\/\\\/www.miamibeachfl.gov\\\/city-hall\\\/human-resources\\\/benefits\\\/benefit-summary\\\/employee-benefits-contact-info\\\/#primaryimage\"},\"image\":{\"@id\":\"https:\\\/\\\/www.miamibeachfl.gov\\\/city-hall\\\/human-resources\\\/benefits\\\/benefit-summary\\\/employee-benefits-contact-info\\\/#primaryimage\"},\"thumbnailUrl\":\"https:\\\/\\\/www.miamibeachfl.gov\\\/wp-content\\\/uploads\\\/2022\\\/07\\\/hero-small.jpg\",\"datePublished\":\"2017-08-11T00:07:06+00:00\",\"dateModified\":\"2026-03-02T21:28:52+00:00\",\"description\":\"%\",\"breadcrumb\":{\"@id\":\"https:\\\/\\\/www.miamibeachfl.gov\\\/city-hall\\\/human-resources\\\/benefits\\\/benefit-summary\\\/employee-benefits-contact-info\\\/#breadcrumb\"},\"inLanguage\":\"ht\",\"potentialAction\":[{\"@type\":\"ReadAction\",\"target\":[\"https:\\\/\\\/www.miamibeachfl.gov\\\/city-hall\\\/human-resources\\\/benefits\\\/benefit-summary\\\/employee-benefits-contact-info\\\/\"]}]},{\"@type\":\"ImageObject\",\"inLanguage\":\"ht\",\"@id\":\"https:\\\/\\\/www.miamibeachfl.gov\\\/city-hall\\\/human-resources\\\/benefits\\\/benefit-summary\\\/employee-benefits-contact-info\\\/#primaryimage\",\"url\":\"https:\\\/\\\/www.miamibeachfl.gov\\\/wp-content\\\/uploads\\\/2022\\\/07\\\/hero-small.jpg\",\"contentUrl\":\"https:\\\/\\\/www.miamibeachfl.gov\\\/wp-content\\\/uploads\\\/2022\\\/07\\\/hero-small.jpg\"},{\"@type\":\"BreadcrumbList\",\"@id\":\"https:\\\/\\\/www.miamibeachfl.gov\\\/city-hall\\\/human-resources\\\/benefits\\\/benefit-summary\\\/employee-benefits-contact-info\\\/#breadcrumb\",\"itemListElement\":[{\"@type\":\"ListItem\",\"position\":1,\"name\":\"Home\",\"item\":\"https:\\\/\\\/www.miamibeachfl.gov\\\/\"},{\"@type\":\"ListItem\",\"position\":2,\"name\":\"City Hall\",\"item\":\"https:\\\/\\\/www.miamibeachfl.gov\\\/city-hall\\\/\"},{\"@type\":\"ListItem\",\"position\":3,\"name\":\"Human Resources\",\"item\":\"https:\\\/\\\/www.miamibeachfl.gov\\\/city-hall\\\/human-resources\\\/\"},{\"@type\":\"ListItem\",\"position\":4,\"name\":\"Benefits\",\"item\":\"https:\\\/\\\/www.miamibeachfl.gov\\\/city-hall\\\/human-resources\\\/benefits\\\/\"},{\"@type\":\"ListItem\",\"position\":5,\"name\":\"Employee Benefits Quicklinks\",\"item\":\"https:\\\/\\\/www.miamibeachfl.gov\\\/city-hall\\\/human-resources\\\/benefits\\\/benefit-summary\\\/\"},{\"@type\":\"ListItem\",\"position\":6,\"name\":\"Additional Benefit Options\"}]},{\"@type\":\"WebSite\",\"@id\":\"https:\\\/\\\/www.miamibeachfl.gov\\\/#website\",\"url\":\"https:\\\/\\\/www.miamibeachfl.gov\\\/\",\"name\":\"City of Miami Beach\",\"description\":\"The official website of the City of Miami Beach. Stay informed, find important information on city services, news, alerts, events, trolley routes, government employment and more.\",\"publisher\":{\"@id\":\"https:\\\/\\\/www.miamibeachfl.gov\\\/#organization\"},\"potentialAction\":[{\"@type\":\"SearchAction\",\"target\":{\"@type\":\"EntryPoint\",\"urlTemplate\":\"https:\\\/\\\/www.miamibeachfl.gov\\\/?s={search_term_string}\"},\"query-input\":{\"@type\":\"PropertyValueSpecification\",\"valueRequired\":true,\"valueName\":\"search_term_string\"}}],\"inLanguage\":\"ht\"},{\"@type\":\"Organization\",\"@id\":\"https:\\\/\\\/www.miamibeachfl.gov\\\/#organization\",\"name\":\"City of Miami Beach\",\"url\":\"https:\\\/\\\/www.miamibeachfl.gov\\\/\",\"logo\":{\"@type\":\"ImageObject\",\"inLanguage\":\"ht\",\"@id\":\"https:\\\/\\\/www.miamibeachfl.gov\\\/#\\\/schema\\\/logo\\\/image\\\/\",\"url\":\"https:\\\/\\\/www.miamibeachfl.gov\\\/wp-content\\\/uploads\\\/2022\\\/06\\\/miamibeach-logoblue.png\",\"contentUrl\":\"https:\\\/\\\/www.miamibeachfl.gov\\\/wp-content\\\/uploads\\\/2022\\\/06\\\/miamibeach-logoblue.png\",\"width\":1962,\"height\":381,\"caption\":\"City of Miami Beach\"},\"image\":{\"@id\":\"https:\\\/\\\/www.miamibeachfl.gov\\\/#\\\/schema\\\/logo\\\/image\\\/\"},\"sameAs\":[\"https:\\\/\\\/www.facebook.com\\\/cityofmiamibeach\",\"https:\\\/\\\/x.com\\\/Miamibeachnews\",\"https:\\\/\\\/www.instagram.com\\\/miamibeachnews\\\/\"],\"description\":\"The official website of the City of Miami Beach. Stay informed, find important information on city services, news, alerts, events, trolley routes, government employment and more.\",\"telephone\":\"305.604.CITY(2489)\",\"legalName\":\"City of Miami Beach\"}]}<\/script>\n<!-- \/ Yoast SEO Premium plugin. -->","yoast_head_json":{"title":"Opsyon Benefis Anplis - Vil Miami Beach","description":"%","robots":{"index":"index","follow":"follow","max-snippet":"max-snippet:-1","max-image-preview":"max-image-preview:large","max-video-preview":"max-video-preview:-1"},"canonical":"https:\/\/www.miamibeachfl.gov\/ht\/city-hall\/human-resources\/benefits\/benefit-summary\/employee-benefits-contact-info\/","og_locale":"ht_HT","og_type":"article","og_title":"Additional Benefit Options","og_description":"%","og_url":"https:\/\/www.miamibeachfl.gov\/ht\/city-hall\/human-resources\/benefits\/benefit-summary\/employee-benefits-contact-info\/","og_site_name":"City of Miami Beach","article_publisher":"https:\/\/www.facebook.com\/cityofmiamibeach","article_modified_time":"2026-03-02T21:28:52+00:00","og_image":[{"url":"https:\/\/www.miamibeachfl.gov\/wp-content\/uploads\/2022\/07\/hero-small.jpg","type":"","width":"","height":""}],"twitter_card":"summary_large_image","twitter_site":"@Miamibeachnews","schema":{"@context":"https:\/\/schema.org","@graph":[{"@type":"WebPage","@id":"https:\/\/www.miamibeachfl.gov\/city-hall\/human-resources\/benefits\/benefit-summary\/employee-benefits-contact-info\/","url":"https:\/\/www.miamibeachfl.gov\/city-hall\/human-resources\/benefits\/benefit-summary\/employee-benefits-contact-info\/","name":"Opsyon Benefis Anplis - Vil Miami Beach","isPartOf":{"@id":"https:\/\/www.miamibeachfl.gov\/#website"},"primaryImageOfPage":{"@id":"https:\/\/www.miamibeachfl.gov\/city-hall\/human-resources\/benefits\/benefit-summary\/employee-benefits-contact-info\/#primaryimage"},"image":{"@id":"https:\/\/www.miamibeachfl.gov\/city-hall\/human-resources\/benefits\/benefit-summary\/employee-benefits-contact-info\/#primaryimage"},"thumbnailUrl":"https:\/\/www.miamibeachfl.gov\/wp-content\/uploads\/2022\/07\/hero-small.jpg","datePublished":"2017-08-11T00:07:06+00:00","dateModified":"2026-03-02T21:28:52+00:00","description":"%","breadcrumb":{"@id":"https:\/\/www.miamibeachfl.gov\/city-hall\/human-resources\/benefits\/benefit-summary\/employee-benefits-contact-info\/#breadcrumb"},"inLanguage":"ht","potentialAction":[{"@type":"ReadAction","target":["https:\/\/www.miamibeachfl.gov\/city-hall\/human-resources\/benefits\/benefit-summary\/employee-benefits-contact-info\/"]}]},{"@type":"ImageObject","inLanguage":"ht","@id":"https:\/\/www.miamibeachfl.gov\/city-hall\/human-resources\/benefits\/benefit-summary\/employee-benefits-contact-info\/#primaryimage","url":"https:\/\/www.miamibeachfl.gov\/wp-content\/uploads\/2022\/07\/hero-small.jpg","contentUrl":"https:\/\/www.miamibeachfl.gov\/wp-content\/uploads\/2022\/07\/hero-small.jpg"},{"@type":"BreadcrumbList","@id":"https:\/\/www.miamibeachfl.gov\/city-hall\/human-resources\/benefits\/benefit-summary\/employee-benefits-contact-info\/#breadcrumb","itemListElement":[{"@type":"ListItem","position":1,"name":"Home","item":"https:\/\/www.miamibeachfl.gov\/"},{"@type":"ListItem","position":2,"name":"City Hall","item":"https:\/\/www.miamibeachfl.gov\/city-hall\/"},{"@type":"ListItem","position":3,"name":"Human Resources","item":"https:\/\/www.miamibeachfl.gov\/city-hall\/human-resources\/"},{"@type":"ListItem","position":4,"name":"Benefits","item":"https:\/\/www.miamibeachfl.gov\/city-hall\/human-resources\/benefits\/"},{"@type":"ListItem","position":5,"name":"Employee Benefits Quicklinks","item":"https:\/\/www.miamibeachfl.gov\/city-hall\/human-resources\/benefits\/benefit-summary\/"},{"@type":"ListItem","position":6,"name":"Additional Benefit Options"}]},{"@type":"WebSite","@id":"https:\/\/www.miamibeachfl.gov\/#website","url":"https:\/\/www.miamibeachfl.gov\/","name":"Vil Miami Beach","description":"Sitw\u00e8b ofisy\u00e8l Vil Miami Beach la. Rete enf\u00f2me, jwenn enf\u00f2masyon enp\u00f2tan sou s\u00e8vis vil la, nouv\u00e8l, al\u00e8t, ev\u00e8nman, wout tramway, travay gouv\u00e8nman an ak plis ank\u00f2.","publisher":{"@id":"https:\/\/www.miamibeachfl.gov\/#organization"},"potentialAction":[{"@type":"SearchAction","target":{"@type":"EntryPoint","urlTemplate":"https:\/\/www.miamibeachfl.gov\/?s={search_term_string}"},"query-input":{"@type":"PropertyValueSpecification","valueRequired":true,"valueName":"search_term_string"}}],"inLanguage":"ht"},{"@type":"Organization","@id":"https:\/\/www.miamibeachfl.gov\/#organization","name":"Vil Miami Beach","url":"https:\/\/www.miamibeachfl.gov\/","logo":{"@type":"ImageObject","inLanguage":"ht","@id":"https:\/\/www.miamibeachfl.gov\/#\/schema\/logo\/image\/","url":"https:\/\/www.miamibeachfl.gov\/wp-content\/uploads\/2022\/06\/miamibeach-logoblue.png","contentUrl":"https:\/\/www.miamibeachfl.gov\/wp-content\/uploads\/2022\/06\/miamibeach-logoblue.png","width":1962,"height":381,"caption":"City of Miami Beach"},"image":{"@id":"https:\/\/www.miamibeachfl.gov\/#\/schema\/logo\/image\/"},"sameAs":["https:\/\/www.facebook.com\/cityofmiamibeach","https:\/\/x.com\/Miamibeachnews","https:\/\/www.instagram.com\/miamibeachnews\/"],"description":"Sitw\u00e8b ofisy\u00e8l Vil Miami Beach la. Rete enf\u00f2me, jwenn enf\u00f2masyon enp\u00f2tan sou s\u00e8vis vil la, nouv\u00e8l, al\u00e8t, ev\u00e8nman, wout tramway, travay gouv\u00e8nman an ak plis ank\u00f2.","telephone":"305.604.CITY(2489)","legalName":"City of Miami Beach"}]}},"_links":{"self":[{"href":"https:\/\/www.miamibeachfl.gov\/ht\/wp-json\/wp\/v2\/pages\/28655","targetHints":{"allow":["GET"]}}],"collection":[{"href":"https:\/\/www.miamibeachfl.gov\/ht\/wp-json\/wp\/v2\/pages"}],"about":[{"href":"https:\/\/www.miamibeachfl.gov\/ht\/wp-json\/wp\/v2\/types\/page"}],"author":[{"embeddable":true,"href":"https:\/\/www.miamibeachfl.gov\/ht\/wp-json\/wp\/v2\/users\/222"}],"replies":[{"embeddable":true,"href":"https:\/\/www.miamibeachfl.gov\/ht\/wp-json\/wp\/v2\/comments?post=28655"}],"version-history":[{"count":1,"href":"https:\/\/www.miamibeachfl.gov\/ht\/wp-json\/wp\/v2\/pages\/28655\/revisions"}],"predecessor-version":[{"id":396941,"href":"https:\/\/www.miamibeachfl.gov\/ht\/wp-json\/wp\/v2\/pages\/28655\/revisions\/396941"}],"up":[{"embeddable":true,"href":"https:\/\/www.miamibeachfl.gov\/ht\/wp-json\/wp\/v2\/pages\/46767"}],"wp:attachment":[{"href":"https:\/\/www.miamibeachfl.gov\/ht\/wp-json\/wp\/v2\/media?parent=28655"}],"wp:term":[{"taxonomy":"category","embeddable":true,"href":"https:\/\/www.miamibeachfl.gov\/ht\/wp-json\/wp\/v2\/categories?post=28655"},{"taxonomy":"post_tag","embeddable":true,"href":"https:\/\/www.miamibeachfl.gov\/ht\/wp-json\/wp\/v2\/tags?post=28655"}],"curies":[{"name":"wp","href":"https:\/\/api.w.org\/{rel}","templated":true}]}}