{"id":28687,"date":"2017-08-11T00:07:29","date_gmt":"2017-08-11T00:07:29","guid":{"rendered":"http:\/\/www.miamibeachfl.gov\/city-hall\/human-resources\/employee-labor-relations\/handbook-directory\/disciplinary-actions-and-appeals\/"},"modified":"2026-03-02T16:53:02","modified_gmt":"2026-03-02T21:53:02","slug":"disciplinary-actions-and-appeals","status":"publish","type":"page","link":"https:\/\/www.miamibeachfl.gov\/ht\/city-hall\/human-resources\/employee-labor-relations\/handbook-directory\/disciplinary-actions-and-appeals\/","title":{"rendered":"Aksyon Disiplin\u00e8 ak Ap\u00e8l"},"content":{"rendered":"<img decoding=\"async\" src=\"https:\/\/www.miamibeachfl.gov\/wp-content\/uploads\/2022\/07\/hero-small.jpg\" alt=\"ocean drive art deco buildings\" itemprop=\"image\" height=\"211\" width=\"2395\" title=\"ewo-piti\" onerror=\"this.style.display='none'\" loading=\"lazy\" \/>\n<h1>\n\t\t\tAksyon Disiplin\u00e8 ak Ap\u00e8l\t<\/h1>\n\t<nav id=\"breadcrumbs\" aria-label=\"Pen griye\"><a href=\"https:\/\/www.miamibeachfl.gov\/ht\/\">Lakay<\/a> &gt; <a href=\"https:\/\/www.miamibeachfl.gov\/ht\/city-hall\/\">Lakou Vil la<\/a> &gt; <a href=\"https:\/\/www.miamibeachfl.gov\/ht\/city-hall\/human-resources\/\">Resous Im\u00e8n<\/a> &gt; <a href=\"https:\/\/www.miamibeachfl.gov\/ht\/city-hall\/human-resources\/employee-labor-relations\/\">Relasyon Anplwaye ak Travay<\/a> &gt; <a href=\"https:\/\/www.miamibeachfl.gov\/ht\/city-hall\/human-resources\/employee-labor-relations\/handbook-directory\/\">Many\u00e8l Anplwaye<\/a> &gt; <strong>Aksyon Disiplin\u00e8 ak Ap\u00e8l<\/strong><\/nav>\n\t<p><strong>AKSYON DISIPLIN\u00c8 AK AP\u00c8L<\/strong><\/p>\n<p>Anplwaye inite negosyasyon AFSCME, CWA, FOP, GSA ak IAFF ki gen estati regilye ka f\u00e8 ap\u00e8l kont yon aksyon disiplin\u00e8 atrav\u00e8 Pwosedi Plent lan. Yo ankouraje anplwaye yo pou yo revize Ak\u00f2 Negosyasyon Kolektif yo anvan yo depoze yon plent pou yo ka familyarize yo ak pwosesis la ak dat limit yo. F\u00f2m Plent yo disponib sou Fish Tank anba seksyon Relasyon Travay sou paj w\u00e8b Resous Im\u00e8n nan.<\/p>\n<p>Anplwaye ki anba etik\u00e8t sal\u00e8 &quot;l\u00f2t moun&quot;, ki te rive nan estati regilye, ka f\u00e8 ap\u00e8l kont nenp\u00f2t aksyon disiplin\u00e8 bay Komisyon P\u00e8son\u00e8l la l\u00e8 yo depoze yon demann alekri nan dis (10) jou kalandriye apre yo fin pran aksyon disiplin\u00e8 a. Anplwaye ki f\u00e8 travay yo byen epi ki konp\u00f2te yo byen, ni nan travay ni dey\u00f2 travay, pa bezwen enkyete yo pou aksyon disiplin\u00e8. Lis sa a gen ladan l rezon komen, men se pa tout, pou aksyon disiplin\u00e8, tankou revokasyon, degradasyon, oswa sispansyon.<\/p>\n<ul>\n<li>Kondanasyon pou yon ofans grav<\/li>\n<li>Aksyon wont ki pa konvenyan pou yon anplwaye Vil la pandan l ap travay oswa l\u00e8 l pa nan travay<\/li>\n<li>Ensib\u00f2dinasyon oswa vyolasyon nenp\u00f2t l\u00f2d oswa r\u00e8gleman ofisy\u00e8l<\/li>\n<li>Bw\u00e8, oubyen anba enfliyans sibstans ki sou, pandan w ap travay oubyen pandan w ap mete yon inif\u00f2m ki founi pa Vil la, kit se pandan w ap travay kit se pa nan s\u00e8vis.<\/li>\n<li>Posede, itilize, distribye oswa vann nenp\u00f2t dw\u00f2g ilegal oswa sibstans kontwole ki pa preskri pa yon dokt\u00e8 ki gen lisans, kit se nan s\u00e8vis oswa dey\u00f2 s\u00e8vis.<\/li>\n<li>Itilizasyon oswa posesyon alk\u00f2l pandan l\u00e8 travay<\/li>\n<li>Konduit oswa langaj ofansif ak\/oswa wont<\/li>\n<li>Domaj, gaspiyaj oswa v\u00f2l neglijans oswa volont\u00e8 nan pwopriyete Vil la<\/li>\n<li>Enkonpetans oswa inefikasite<\/li>\n<li>Reta oswa absans abity\u00e8l, oswa absans san p\u00e8misyon<\/li>\n<li>Itilizasyon enfliyans politik pou jwenn pwomosyon, konje, transf\u00e8 oswa chanjman klas, sal\u00e8 oswa karakt\u00e8 travay<\/li>\n<li>Vyolasyon R\u00e8gleman P\u00e8son\u00e8l yo, R\u00e8gleman Travay yo, oswa r\u00e8gleman depatman an<\/li>\n<li>Yon fo deklarasyon sou aplikasyon travay la oswa sou dokiman pre-anbochaj ki gen rap\u00f2 ak li; falsifikasyon dosye tan travay oswa rap\u00f2 chak jou.<\/li>\n<\/ul>\n\t\tNavige pou ale nan\u2026\t\t\t\n\t\t\t\t\t<ul id=\"menu-hr-employee-handbook\"><li id=\"menu-item-363011\"><a href=\"\/ht\/city-hall\/human-resources\/employee-labor-relations\/handbook-directory\/a-safe-and-healthful-workplace\/\">Espas Travay ki Ansekirite ak An Sante<\/a><\/li>\n<li id=\"menu-item-363012\"><a href=\"\/ht\/city-hall\/human-resources\/employee-labor-relations\/handbook-directory\/annual-and-sick-leave\/\">Konje Any\u00e8l ak Konje Maladi<\/a><\/li>\n<li id=\"menu-item-363013\"><a href=\"\/ht\/city-hall\/human-resources\/employee-labor-relations\/handbook-directory\/attendance\/\">Prezans<\/a><\/li>\n<li id=\"menu-item-363014\"><a href=\"\/ht\/city-hall\/human-resources\/employee-labor-relations\/handbook-directory\/bereavement-leave\/\">Konje pou dey<\/a><\/li>\n<li id=\"menu-item-363015\"><a href=\"\/ht\/city-hall\/human-resources\/employee-labor-relations\/handbook-directory\/change-of-address-and-dependents\/\">Chanjman Adr\u00e8s ak Moun ki Sou Kont Ou<\/a><\/li>\n<li id=\"menu-item-363016\"><a href=\"\/ht\/city-hall\/human-resources\/employee-labor-relations\/handbook-directory\/deferred-compensation-plan\/\">Plan Konpansasyon Difere<\/a><\/li>\n<li id=\"menu-item-363017\"><a href=\"\/ht\/city-hall\/human-resources\/employee-labor-relations\/handbook-directory\/disability-insurance\/\">Asirans Andikap<\/a><\/li>\n<li id=\"menu-item-363019\"><a href=\"\/ht\/city-hall\/human-resources\/employee-labor-relations\/handbook-directory\/disciplinary-actions-and-appeals\/\">Aksyon Disiplin\u00e8 ak Ap\u00e8l<\/a><\/li>\n<li id=\"menu-item-363020\"><a href=\"\/ht\/city-hall\/human-resources\/employee-labor-relations\/handbook-directory\/employee-handbook-is-a-guide\/\">Many\u00e8l Anplwaye a se yon Gid<\/a><\/li>\n<li id=\"menu-item-363021\"><a href=\"\/ht\/city-hall\/human-resources\/employee-labor-relations\/handbook-directory\/family-and-medical-leave\/\">Konje Fanmi ak Maladi<\/a><\/li>\n<li id=\"menu-item-363022\"><a href=\"\/ht\/city-hall\/human-resources\/employee-labor-relations\/handbook-directory\/general-employees-retirement-system\/\">Sist\u00e8m Retr\u00e8t Anplwaye Jeneral yo<\/a><\/li>\n<li id=\"menu-item-363023\"><a href=\"\/ht\/city-hall\/human-resources\/employee-labor-relations\/handbook-directory\/group-medical-and-dental-plans\/\">Plan Medikal ak Dant\u00e8 Gwoup<\/a><\/li>\n<li id=\"menu-item-363024\"><a href=\"\/ht\/city-hall\/human-resources\/employee-labor-relations\/handbook-directory\/in-service-training\/\">F\u00f2masyon nan s\u00e8vis<\/a><\/li>\n<li id=\"menu-item-363025\"><a href=\"\/ht\/city-hall\/human-resources\/employee-labor-relations\/handbook-directory\/insurance-benefits\/\">Benefis Asirans<\/a><\/li>\n<li id=\"menu-item-363026\"><a href=\"\/ht\/city-hall\/human-resources\/employee-labor-relations\/handbook-directory\/miami-beach-civil-service-system\/\">Sist\u00e8m S\u00e8vis Sivil Miami Beach la<\/a><\/li>\n<li id=\"menu-item-363027\"><a href=\"\/ht\/city-hall\/human-resources\/employee-labor-relations\/handbook-directory\/miami-beach-federal-credit-union\/\">Inyon Kredi Federal Miami Beach<\/a><\/li>\n<li id=\"menu-item-363028\"><a href=\"\/ht\/city-hall\/human-resources\/employee-labor-relations\/handbook-directory\/mission-statement\/\">Deklarasyon Misyon<\/a><\/li>\n<li id=\"menu-item-363029\"><a href=\"\/ht\/city-hall\/human-resources\/employee-labor-relations\/handbook-directory\/occupational-accidental-death-benefit\/\">Benefis Lanm\u00f2 Aksidant\u00e8l Okipasyon\u00e8l<\/a><\/li>\n<li id=\"menu-item-363030\"><a href=\"\/ht\/city-hall\/human-resources\/employee-labor-relations\/handbook-directory\/outside-employment\/\">Travay dey\u00f2<\/a><\/li>\n<li id=\"menu-item-363031\"><a href=\"\/ht\/city-hall\/human-resources\/employee-labor-relations\/handbook-directory\/paid-holidays\/\">Jou ferye peye<\/a><\/li>\n<li id=\"menu-item-363032\"><a href=\"\/ht\/city-hall\/human-resources\/employee-labor-relations\/handbook-directory\/performance-appraisals\/\">Evalyasyon P\u00e8f\u00f2mans<\/a><\/li>\n<li id=\"menu-item-363033\"><a href=\"\/ht\/city-hall\/human-resources\/employee-labor-relations\/handbook-directory\/pre-tax-payroll-deductions\/\">Dediksyon sou pew\u00f2l anvan taks<\/a><\/li>\n<li id=\"menu-item-363034\"><a href=\"\/ht\/city-hall\/human-resources\/employee-labor-relations\/handbook-directory\/probationary-and-part-time-employees\/\">Anplwaye ki an pwobasyon ak anplwaye ki travay a tan pasy\u00e8l<\/a><\/li>\n<li id=\"menu-item-363035\"><a href=\"\/ht\/city-hall\/human-resources\/employee-labor-relations\/handbook-directory\/resigning-retiring-and-separating-from-service\/\">Demisyone, Pran retr\u00e8t ak Separasyon nan s\u00e8vis<\/a><\/li>\n<li id=\"menu-item-363036\"><a href=\"\/ht\/city-hall\/human-resources\/employee-labor-relations\/handbook-directory\/special-awards-program\/\">Pwogram Prim Espesyal<\/a><\/li>\n<li id=\"menu-item-363037\"><a href=\"\/ht\/city-hall\/human-resources\/employee-labor-relations\/handbook-directory\/suggestion-box\/\">Bwat Sijesyon<\/a><\/li>\n<li id=\"menu-item-363038\"><a href=\"\/ht\/city-hall\/human-resources\/employee-labor-relations\/handbook-directory\/the-personnel-board\/\">Komisyon P\u00e8son\u00e8l la<\/a><\/li>\n<li id=\"menu-item-363039\"><a href=\"\/ht\/city-hall\/human-resources\/employee-labor-relations\/handbook-directory\/unclassified-employees-retirement-system\/\">Sist\u00e8m Retr\u00e8t Anplwaye ki pa Klasifye<\/a><\/li>\n<li id=\"menu-item-363040\"><a href=\"\/ht\/city-hall\/human-resources\/employee-labor-relations\/handbook-directory\/united-states-savings-bonds\/\">Obligasyon Epay Etazini<\/a><\/li>\n<li id=\"menu-item-363041\"><a href=\"\/ht\/city-hall\/human-resources\/employee-labor-relations\/handbook-directory\/welcome-aboard\/\">Byenveni ab\u00f2<\/a><\/li>\n<li id=\"menu-item-363042\"><a href=\"\/ht\/city-hall\/human-resources\/employee-labor-relations\/handbook-directory\/your-pay\/\">Peman ou<\/a><\/li>\n<\/ul>\t\n\t<div class=\"page-navigation\"><a class=\"prev-page\" href=\"https:\/\/www.miamibeachfl.gov\/ht\/city-hall\/human-resources\/employee-labor-relations\/handbook-directory\/special-awards-program\/\">\u2190 Pwogram Prim Espesyal<\/a> <a class=\"next-page\" href=\"https:\/\/www.miamibeachfl.gov\/ht\/city-hall\/human-resources\/employee-labor-relations\/handbook-directory\/insurance-benefits\/\">Benefis Asirans \u2192<\/a><\/div>","protected":false},"excerpt":{"rendered":"<p>Aksyon Disiplin\u00e8 ak Ap\u00e8l Ak\u00e8y &gt; Lakou Minisipal &gt; Resous Im\u00e8n &gt; Relasyon Anplwaye ak Travay &gt; Many\u00e8l Anplwaye &gt; [\u2026]<\/p>","protected":false},"author":222,"featured_media":0,"parent":28669,"menu_order":0,"comment_status":"closed","ping_status":"closed","template":"","meta":{"_searchwp_excluded":"","site-sidebar-layout":"default","site-content-layout":"","ast-site-content-layout":"default","site-content-style":"default","site-sidebar-style":"default","ast-global-header-display":"","ast-banner-title-visibility":"","ast-main-header-display":"","ast-hfb-above-header-display":"","ast-hfb-below-header-display":"","ast-hfb-mobile-header-display":"","site-post-title":"","ast-breadcrumbs-content":"","ast-featured-img":"","footer-sml-layout":"","theme-transparent-header-meta":"","adv-header-id-meta":"","stick-header-meta":"","header-above-stick-meta":"","header-main-stick-meta":"","header-below-stick-meta":"","astra-migrate-meta-layouts":"default","ast-page-background-enabled":"default","ast-page-background-meta":{"desktop":{"background-color":"var(--ast-global-color-5)","background-image":"","background-repeat":"repeat","background-position":"center center","background-size":"auto","background-attachment":"scroll","background-type":"","background-media":"","overlay-type":"","overlay-color":"","overlay-opacity":"","overlay-gradient":""},"tablet":{"background-color":"","background-image":"","background-repeat":"repeat","background-position":"center center","background-size":"auto","background-attachment":"scroll","background-type":"","background-media":"","overlay-type":"","overlay-color":"","overlay-opacity":"","overlay-gradient":""},"mobile":{"background-color":"","background-image":"","background-repeat":"repeat","background-position":"center center","background-size":"auto","background-attachment":"scroll","background-type":"","background-media":"","overlay-type":"","overlay-color":"","overlay-opacity":"","overlay-gradient":""}},"ast-content-background-meta":{"desktop":{"background-color":"var(--ast-global-color-4)","background-image":"","background-repeat":"repeat","background-position":"center center","background-size":"auto","background-attachment":"scroll","background-type":"","background-media":"","overlay-type":"","overlay-color":"","overlay-opacity":"","overlay-gradient":""},"tablet":{"background-color":"var(--ast-global-color-4)","background-image":"","background-repeat":"repeat","background-position":"center center","background-size":"auto","background-attachment":"scroll","background-type":"","background-media":"","overlay-type":"","overlay-color":"","overlay-opacity":"","overlay-gradient":""},"mobile":{"background-color":"var(--ast-global-color-4)","background-image":"","background-repeat":"repeat","background-position":"center center","background-size":"auto","background-attachment":"scroll","background-type":"","background-media":"","overlay-type":"","overlay-color":"","overlay-opacity":"","overlay-gradient":""}},"footnotes":""},"categories":[],"tags":[],"class_list":["post-28687","page","type-page","status-publish","hentry"],"yoast_head":"<!-- This site is optimized with the Yoast SEO Premium plugin v26.6 (Yoast SEO v26.6) - https:\/\/yoast.com\/wordpress\/plugins\/seo\/ -->\n<title>Disciplinary Actions And Appeals - City of Miami Beach<\/title>\n<meta name=\"description\" content=\"%\" \/>\n<meta name=\"robots\" content=\"index, follow, max-snippet:-1, max-image-preview:large, max-video-preview:-1\" \/>\n<link rel=\"canonical\" href=\"https:\/\/www.miamibeachfl.gov\/ht\/city-hall\/human-resources\/employee-labor-relations\/handbook-directory\/disciplinary-actions-and-appeals\/\" \/>\n<meta property=\"og:locale\" content=\"ht_HT\" \/>\n<meta property=\"og:type\" content=\"article\" \/>\n<meta property=\"og:title\" content=\"Disciplinary Actions And Appeals\" \/>\n<meta property=\"og:description\" content=\"%\" \/>\n<meta property=\"og:url\" content=\"https:\/\/www.miamibeachfl.gov\/ht\/city-hall\/human-resources\/employee-labor-relations\/handbook-directory\/disciplinary-actions-and-appeals\/\" \/>\n<meta property=\"og:site_name\" content=\"City of Miami Beach\" \/>\n<meta property=\"article:publisher\" content=\"https:\/\/www.facebook.com\/cityofmiamibeach\" \/>\n<meta property=\"article:modified_time\" content=\"2026-03-02T21:53:02+00:00\" \/>\n<meta property=\"og:image\" content=\"https:\/\/www.miamibeachfl.gov\/wp-content\/uploads\/2022\/07\/hero-small.jpg\" \/>\n<meta name=\"twitter:card\" content=\"summary_large_image\" \/>\n<meta name=\"twitter:site\" content=\"@Miamibeachnews\" \/>\n<script type=\"application\/ld+json\" class=\"yoast-schema-graph\">{\"@context\":\"https:\/\/schema.org\",\"@graph\":[{\"@type\":\"WebPage\",\"@id\":\"https:\/\/www.miamibeachfl.gov\/city-hall\/human-resources\/employee-labor-relations\/handbook-directory\/disciplinary-actions-and-appeals\/\",\"url\":\"https:\/\/www.miamibeachfl.gov\/city-hall\/human-resources\/employee-labor-relations\/handbook-directory\/disciplinary-actions-and-appeals\/\",\"name\":\"Disciplinary Actions And Appeals - City of Miami Beach\",\"isPartOf\":{\"@id\":\"https:\/\/www.miamibeachfl.gov\/#website\"},\"primaryImageOfPage\":{\"@id\":\"https:\/\/www.miamibeachfl.gov\/city-hall\/human-resources\/employee-labor-relations\/handbook-directory\/disciplinary-actions-and-appeals\/#primaryimage\"},\"image\":{\"@id\":\"https:\/\/www.miamibeachfl.gov\/city-hall\/human-resources\/employee-labor-relations\/handbook-directory\/disciplinary-actions-and-appeals\/#primaryimage\"},\"thumbnailUrl\":\"https:\/\/www.miamibeachfl.gov\/wp-content\/uploads\/2022\/07\/hero-small.jpg\",\"datePublished\":\"2017-08-11T00:07:29+00:00\",\"dateModified\":\"2026-03-02T21:53:02+00:00\",\"description\":\"%\",\"breadcrumb\":{\"@id\":\"https:\/\/www.miamibeachfl.gov\/city-hall\/human-resources\/employee-labor-relations\/handbook-directory\/disciplinary-actions-and-appeals\/#breadcrumb\"},\"inLanguage\":\"ht\",\"potentialAction\":[{\"@type\":\"ReadAction\",\"target\":[\"https:\/\/www.miamibeachfl.gov\/city-hall\/human-resources\/employee-labor-relations\/handbook-directory\/disciplinary-actions-and-appeals\/\"]}]},{\"@type\":\"ImageObject\",\"inLanguage\":\"ht\",\"@id\":\"https:\/\/www.miamibeachfl.gov\/city-hall\/human-resources\/employee-labor-relations\/handbook-directory\/disciplinary-actions-and-appeals\/#primaryimage\",\"url\":\"https:\/\/www.miamibeachfl.gov\/wp-content\/uploads\/2022\/07\/hero-small.jpg\",\"contentUrl\":\"https:\/\/www.miamibeachfl.gov\/wp-content\/uploads\/2022\/07\/hero-small.jpg\"},{\"@type\":\"BreadcrumbList\",\"@id\":\"https:\/\/www.miamibeachfl.gov\/city-hall\/human-resources\/employee-labor-relations\/handbook-directory\/disciplinary-actions-and-appeals\/#breadcrumb\",\"itemListElement\":[{\"@type\":\"ListItem\",\"position\":1,\"name\":\"Home\",\"item\":\"https:\/\/www.miamibeachfl.gov\/\"},{\"@type\":\"ListItem\",\"position\":2,\"name\":\"City Hall\",\"item\":\"https:\/\/www.miamibeachfl.gov\/city-hall\/\"},{\"@type\":\"ListItem\",\"position\":3,\"name\":\"Human Resources\",\"item\":\"https:\/\/www.miamibeachfl.gov\/city-hall\/human-resources\/\"},{\"@type\":\"ListItem\",\"position\":4,\"name\":\"Employee &amp; Labor Relations\",\"item\":\"https:\/\/www.miamibeachfl.gov\/city-hall\/human-resources\/employee-labor-relations\/\"},{\"@type\":\"ListItem\",\"position\":5,\"name\":\"Employee Handbook\",\"item\":\"https:\/\/www.miamibeachfl.gov\/city-hall\/human-resources\/employee-labor-relations\/handbook-directory\/\"},{\"@type\":\"ListItem\",\"position\":6,\"name\":\"Disciplinary Actions And Appeals\"}]},{\"@type\":\"WebSite\",\"@id\":\"https:\/\/www.miamibeachfl.gov\/#website\",\"url\":\"https:\/\/www.miamibeachfl.gov\/\",\"name\":\"City of Miami Beach\",\"description\":\"The official website of the City of Miami Beach. Stay informed, find important information on city services, news, alerts, events, trolley routes, government employment and more.\",\"publisher\":{\"@id\":\"https:\/\/www.miamibeachfl.gov\/#organization\"},\"potentialAction\":[{\"@type\":\"SearchAction\",\"target\":{\"@type\":\"EntryPoint\",\"urlTemplate\":\"https:\/\/www.miamibeachfl.gov\/?s={search_term_string}\"},\"query-input\":{\"@type\":\"PropertyValueSpecification\",\"valueRequired\":true,\"valueName\":\"search_term_string\"}}],\"inLanguage\":\"ht\"},{\"@type\":\"Organization\",\"@id\":\"https:\/\/www.miamibeachfl.gov\/#organization\",\"name\":\"City of Miami Beach\",\"url\":\"https:\/\/www.miamibeachfl.gov\/\",\"logo\":{\"@type\":\"ImageObject\",\"inLanguage\":\"ht\",\"@id\":\"https:\/\/www.miamibeachfl.gov\/#\/schema\/logo\/image\/\",\"url\":\"https:\/\/www.miamibeachfl.gov\/wp-content\/uploads\/2022\/06\/miamibeach-logoblue.png\",\"contentUrl\":\"https:\/\/www.miamibeachfl.gov\/wp-content\/uploads\/2022\/06\/miamibeach-logoblue.png\",\"width\":1962,\"height\":381,\"caption\":\"City of Miami Beach\"},\"image\":{\"@id\":\"https:\/\/www.miamibeachfl.gov\/#\/schema\/logo\/image\/\"},\"sameAs\":[\"https:\/\/www.facebook.com\/cityofmiamibeach\",\"https:\/\/x.com\/Miamibeachnews\",\"https:\/\/www.instagram.com\/miamibeachnews\/\"],\"description\":\"The official website of the City of Miami Beach. Stay informed, find important information on city services, news, alerts, events, trolley routes, government employment and more.\",\"telephone\":\"305.604.CITY(2489)\",\"legalName\":\"City of Miami Beach\"}]}<\/script>\n<!-- \/ Yoast SEO Premium plugin. -->","yoast_head_json":{"title":"Aksyon Disiplin\u00e8 ak Ap\u00e8l - Vil Miami Beach","description":"%","robots":{"index":"index","follow":"follow","max-snippet":"max-snippet:-1","max-image-preview":"max-image-preview:large","max-video-preview":"max-video-preview:-1"},"canonical":"https:\/\/www.miamibeachfl.gov\/ht\/city-hall\/human-resources\/employee-labor-relations\/handbook-directory\/disciplinary-actions-and-appeals\/","og_locale":"ht_HT","og_type":"article","og_title":"Disciplinary Actions And Appeals","og_description":"%","og_url":"https:\/\/www.miamibeachfl.gov\/ht\/city-hall\/human-resources\/employee-labor-relations\/handbook-directory\/disciplinary-actions-and-appeals\/","og_site_name":"City of Miami Beach","article_publisher":"https:\/\/www.facebook.com\/cityofmiamibeach","article_modified_time":"2026-03-02T21:53:02+00:00","og_image":[{"url":"https:\/\/www.miamibeachfl.gov\/wp-content\/uploads\/2022\/07\/hero-small.jpg","type":"","width":"","height":""}],"twitter_card":"summary_large_image","twitter_site":"@Miamibeachnews","schema":{"@context":"https:\/\/schema.org","@graph":[{"@type":"WebPage","@id":"https:\/\/www.miamibeachfl.gov\/city-hall\/human-resources\/employee-labor-relations\/handbook-directory\/disciplinary-actions-and-appeals\/","url":"https:\/\/www.miamibeachfl.gov\/city-hall\/human-resources\/employee-labor-relations\/handbook-directory\/disciplinary-actions-and-appeals\/","name":"Aksyon Disiplin\u00e8 ak Ap\u00e8l - Vil Miami Beach","isPartOf":{"@id":"https:\/\/www.miamibeachfl.gov\/#website"},"primaryImageOfPage":{"@id":"https:\/\/www.miamibeachfl.gov\/city-hall\/human-resources\/employee-labor-relations\/handbook-directory\/disciplinary-actions-and-appeals\/#primaryimage"},"image":{"@id":"https:\/\/www.miamibeachfl.gov\/city-hall\/human-resources\/employee-labor-relations\/handbook-directory\/disciplinary-actions-and-appeals\/#primaryimage"},"thumbnailUrl":"https:\/\/www.miamibeachfl.gov\/wp-content\/uploads\/2022\/07\/hero-small.jpg","datePublished":"2017-08-11T00:07:29+00:00","dateModified":"2026-03-02T21:53:02+00:00","description":"%","breadcrumb":{"@id":"https:\/\/www.miamibeachfl.gov\/city-hall\/human-resources\/employee-labor-relations\/handbook-directory\/disciplinary-actions-and-appeals\/#breadcrumb"},"inLanguage":"ht","potentialAction":[{"@type":"ReadAction","target":["https:\/\/www.miamibeachfl.gov\/city-hall\/human-resources\/employee-labor-relations\/handbook-directory\/disciplinary-actions-and-appeals\/"]}]},{"@type":"ImageObject","inLanguage":"ht","@id":"https:\/\/www.miamibeachfl.gov\/city-hall\/human-resources\/employee-labor-relations\/handbook-directory\/disciplinary-actions-and-appeals\/#primaryimage","url":"https:\/\/www.miamibeachfl.gov\/wp-content\/uploads\/2022\/07\/hero-small.jpg","contentUrl":"https:\/\/www.miamibeachfl.gov\/wp-content\/uploads\/2022\/07\/hero-small.jpg"},{"@type":"BreadcrumbList","@id":"https:\/\/www.miamibeachfl.gov\/city-hall\/human-resources\/employee-labor-relations\/handbook-directory\/disciplinary-actions-and-appeals\/#breadcrumb","itemListElement":[{"@type":"ListItem","position":1,"name":"Home","item":"https:\/\/www.miamibeachfl.gov\/"},{"@type":"ListItem","position":2,"name":"City Hall","item":"https:\/\/www.miamibeachfl.gov\/city-hall\/"},{"@type":"ListItem","position":3,"name":"Human Resources","item":"https:\/\/www.miamibeachfl.gov\/city-hall\/human-resources\/"},{"@type":"ListItem","position":4,"name":"Employee &amp; Labor Relations","item":"https:\/\/www.miamibeachfl.gov\/city-hall\/human-resources\/employee-labor-relations\/"},{"@type":"ListItem","position":5,"name":"Employee Handbook","item":"https:\/\/www.miamibeachfl.gov\/city-hall\/human-resources\/employee-labor-relations\/handbook-directory\/"},{"@type":"ListItem","position":6,"name":"Disciplinary Actions And Appeals"}]},{"@type":"WebSite","@id":"https:\/\/www.miamibeachfl.gov\/#website","url":"https:\/\/www.miamibeachfl.gov\/","name":"Vil Miami Beach","description":"Sitw\u00e8b ofisy\u00e8l Vil Miami Beach la. Rete enf\u00f2me, jwenn enf\u00f2masyon enp\u00f2tan sou s\u00e8vis vil la, nouv\u00e8l, al\u00e8t, ev\u00e8nman, wout tramway, travay gouv\u00e8nman an ak plis ank\u00f2.","publisher":{"@id":"https:\/\/www.miamibeachfl.gov\/#organization"},"potentialAction":[{"@type":"SearchAction","target":{"@type":"EntryPoint","urlTemplate":"https:\/\/www.miamibeachfl.gov\/?s={search_term_string}"},"query-input":{"@type":"PropertyValueSpecification","valueRequired":true,"valueName":"search_term_string"}}],"inLanguage":"ht"},{"@type":"Organization","@id":"https:\/\/www.miamibeachfl.gov\/#organization","name":"Vil Miami Beach","url":"https:\/\/www.miamibeachfl.gov\/","logo":{"@type":"ImageObject","inLanguage":"ht","@id":"https:\/\/www.miamibeachfl.gov\/#\/schema\/logo\/image\/","url":"https:\/\/www.miamibeachfl.gov\/wp-content\/uploads\/2022\/06\/miamibeach-logoblue.png","contentUrl":"https:\/\/www.miamibeachfl.gov\/wp-content\/uploads\/2022\/06\/miamibeach-logoblue.png","width":1962,"height":381,"caption":"City of Miami Beach"},"image":{"@id":"https:\/\/www.miamibeachfl.gov\/#\/schema\/logo\/image\/"},"sameAs":["https:\/\/www.facebook.com\/cityofmiamibeach","https:\/\/x.com\/Miamibeachnews","https:\/\/www.instagram.com\/miamibeachnews\/"],"description":"Sitw\u00e8b ofisy\u00e8l Vil Miami Beach la. Rete enf\u00f2me, jwenn enf\u00f2masyon enp\u00f2tan sou s\u00e8vis vil la, nouv\u00e8l, al\u00e8t, ev\u00e8nman, wout tramway, travay gouv\u00e8nman an ak plis ank\u00f2.","telephone":"305.604.CITY(2489)","legalName":"City of Miami Beach"}]}},"_links":{"self":[{"href":"https:\/\/www.miamibeachfl.gov\/ht\/wp-json\/wp\/v2\/pages\/28687","targetHints":{"allow":["GET"]}}],"collection":[{"href":"https:\/\/www.miamibeachfl.gov\/ht\/wp-json\/wp\/v2\/pages"}],"about":[{"href":"https:\/\/www.miamibeachfl.gov\/ht\/wp-json\/wp\/v2\/types\/page"}],"author":[{"embeddable":true,"href":"https:\/\/www.miamibeachfl.gov\/ht\/wp-json\/wp\/v2\/users\/222"}],"replies":[{"embeddable":true,"href":"https:\/\/www.miamibeachfl.gov\/ht\/wp-json\/wp\/v2\/comments?post=28687"}],"version-history":[{"count":0,"href":"https:\/\/www.miamibeachfl.gov\/ht\/wp-json\/wp\/v2\/pages\/28687\/revisions"}],"up":[{"embeddable":true,"href":"https:\/\/www.miamibeachfl.gov\/ht\/wp-json\/wp\/v2\/pages\/28669"}],"wp:attachment":[{"href":"https:\/\/www.miamibeachfl.gov\/ht\/wp-json\/wp\/v2\/media?parent=28687"}],"wp:term":[{"taxonomy":"category","embeddable":true,"href":"https:\/\/www.miamibeachfl.gov\/ht\/wp-json\/wp\/v2\/categories?post=28687"},{"taxonomy":"post_tag","embeddable":true,"href":"https:\/\/www.miamibeachfl.gov\/ht\/wp-json\/wp\/v2\/tags?post=28687"}],"curies":[{"name":"wp","href":"https:\/\/api.w.org\/{rel}","templated":true}]}}