{"id":28721,"date":"2017-08-11T00:07:49","date_gmt":"2017-08-11T00:07:49","guid":{"rendered":"http:\/\/www.miamibeachfl.gov\/city-hall\/human-resources\/employee-labor-relations\/policy-directory\/drug-free-awareness-program\/"},"modified":"2026-03-30T13:47:45","modified_gmt":"2026-03-30T17:47:45","slug":"drug-free-awareness-program","status":"publish","type":"page","link":"https:\/\/www.miamibeachfl.gov\/ht\/city-hall\/human-resources\/employee-labor-relations\/policy-directory\/drug-free-awareness-program\/","title":{"rendered":"Pwogram Sansibilizasyon sou Dw\u00f2g"},"content":{"rendered":"<img decoding=\"async\" src=\"https:\/\/www.miamibeachfl.gov\/wp-content\/uploads\/2022\/07\/hero-small.jpg\" alt=\"ocean drive art deco buildings\" itemprop=\"image\" height=\"211\" width=\"2395\" title=\"ewo-piti\" onerror=\"this.style.display='none'\" loading=\"lazy\" \/>\n<h1>\n\t\t\tPwogram Sansibilizasyon sou Dw\u00f2g\t<\/h1>\n\t<nav id=\"breadcrumbs\" aria-label=\"Pen griye\"><a href=\"https:\/\/www.miamibeachfl.gov\/ht\/\">Lakay<\/a> &gt; <a href=\"https:\/\/www.miamibeachfl.gov\/ht\/city-hall\/\">Lakou Vil la<\/a> &gt; <a href=\"https:\/\/www.miamibeachfl.gov\/ht\/city-hall\/human-resources\/\">Resous Im\u00e8n<\/a> &gt; <a href=\"https:\/\/www.miamibeachfl.gov\/ht\/city-hall\/human-resources\/employee-labor-relations\/\">Relasyon Anplwaye ak Travay<\/a> &gt; <a href=\"https:\/\/www.miamibeachfl.gov\/ht\/city-hall\/human-resources\/employee-labor-relations\/policy-directory\/\">Any\u00e8 R\u00e8gleman<\/a> &gt; <strong>Pwogram Sansibilizasyon sou Dw\u00f2g<\/strong><\/nav>\n\t<p>Vil la angaje l pou l bay yon anviw\u00f2nman ki an sekirite pou anplwaye yo, vizit\u00e8 yo ak piblik la an jeneral. Li kons\u00e8ne tou pou l pwoteje pwopriyete Vil la; epi ent\u00e8di enfliyans nan espas travay la ki gen yon ef\u00e8 negatif sou sekirite ak p\u00e8f\u00f2mans travay. Sa ki anba la a se yon rezime dispozisyon Pwogram Sansibilizasyon san Dw\u00f2g Vil la. Yo bay sa pou anplwaye yo ka byen konprann pwogram nan ak konsekans ki genyen si yo pa konf\u00f2m ak r\u00e8gleman yo. Vil la pa gen entansyon pou l ent\u00e8fere san nesesite ak vi prive moun yo.<\/p>\n<p>Entansyon an se s\u00e8lman pou asire konf\u00f2mite av\u00e8k lalwa epi pou dekouraje sitiyasyon potansy\u00e8lman danjere ak\/oswa pa an sekirite ki ta ka afekte p\u00e8f\u00f2mans travay ak sekirite yon fason negatif oswa mete sekirite l\u00f2t anplwaye yo, piblik la oswa pwopriyete Vil la an danje. Nou rekon\u00e8t tou ke move itilizasyon dw\u00f2g oswa alk\u00f2l ka yon pwobl\u00e8m medikal grav, epi nou sip\u00f2te ef\u00f2 tretman ki apwopriye nan k\u00e8k ka. Si ou gen nenp\u00f2t kesyon kons\u00e8nan nenp\u00f2t pati nan Pwogram nan, tanpri kontakte sip\u00e8viz\u00e8 ou, oswa Depatman Resous Im\u00e8n nan.<\/p>\n<ul>\n<li>Lalwa ent\u00e8di patisipasyon anplwaye nan vant, acha, transf\u00e8, fabrike, itilizasyon oswa posesyon dw\u00f2g ilegal, nakotik oswa l\u00f2t sibstans ak matery\u00e8l ilegal sou lokal yo oswa pandan y ap f\u00e8 biznis pou Vil la, epitou r\u00e8g konduit anplwaye yo kons\u00e8nan abi sibstans ent\u00e8di.<\/li>\n<li>\u00a0Jan Lwa 1988 sou Espas Travay san Dw\u00f2g la egzije sa, nenp\u00f2t anplwaye ki f\u00e8 s\u00e8vis pou Vil la dwe, k\u00f2m yon kondisyon pou l travay, rap\u00f2te bay Depatman Resous Im\u00e8n Vil la nenp\u00f2t kondanasyon krimin\u00e8l pou aktivite ki gen rap\u00f2 ak dw\u00f2g nan espas travay la oswa pandan l ap travay pou biznis Vil la. Notifikasyon sa a dwe f\u00e8t nan 5 jou apre kondanasyon an.<\/li>\n<li>Lokal Vil la vle di tout t\u00e8, pwopriyete, bilding, estrikti, enstalasyon, bato, avyon ak machin ki posede pa Vil la oswa ki lwe bay Vil la oswa ki itilize pou f\u00e8 biznis li.<\/li>\n<li>The City recognizes that drug or alcohol misuse is a serious problem, and supports sound treatment efforts.\u00a0 Employee assistance is available from the City&#8217;s Employee Assistance Program (EAP) for employees with drug or alcohol problems.\u00a0 When\u00a0an employee contacts the EAP Coordinator on a voluntary, self-referred basis, any information concerning the employee&#8217;s condition will not be disclosed by the Coordinator and such information will remain confidential. The availability of assistance should not, however, be construed as condoning any form of substance abuse nor should it be interpreted as constituting a waiver of the City&#8217;s right to maintain discipline and a safe environment or to respond to unsatisfactory job performance or other problems that may result from substance abuse.\u00a0 Employees should contact Cigna Employee Assistance at 877.622.4327 for\u00a0an appointment with an Employee Assistance Coordinator.<\/li>\n<li>Si yon anplwaye vyole PWOGWAM SAN DW\u00d2G la, li pral sibi aksyon disiplin\u00e8 ki apwopriye yo, tankou revoke nan travay nan Vil la epi posib refere li bay ajans ki aplike lalwa.<\/li>\n<\/ul>\n\t\tNavige pou ale nan\u2026\t\t\t\n\t\t\t\t\t<ul id=\"menu-hr-policy-directory\"><li id=\"menu-item-363145\"><a href=\"\/ht\/city-hall\/human-resources\/employee-labor-relations\/policy-directory\/americans-with-disabilities-act-compliance\/\">Konf\u00f2mite ADA<\/a><\/li>\n<li id=\"menu-item-363146\"><a href=\"\/ht\/city-hall\/human-resources\/employee-labor-relations\/policy-directory\/ada-grievance-procedure\/\">Pwosedi pou Plent ADA<\/a><\/li>\n<li id=\"menu-item-363147\"><a href=\"\/ht\/city-hall\/human-resources\/employee-labor-relations\/policy-directory\/attendance\/\">R\u00e8gleman sou prezans<\/a><\/li>\n<li id=\"menu-item-363148\"><a href=\"\/ht\/city-hall\/human-resources\/employee-labor-relations\/policy-directory\/city-vehicles-and-equipment\/\">Veyikil ak Ekipman Vil yo<\/a><\/li>\n<li id=\"menu-item-363149\"><a href=\"\/ht\/city-hall\/human-resources\/employee-labor-relations\/policy-directory\/discrimination-complaint-procedure\/\">Pwosedi pou Plent pou Diskriminasyon<\/a><\/li>\n<li id=\"menu-item-363150\"><a href=\"\/ht\/city-hall\/human-resources\/employee-labor-relations\/policy-directory\/diversity-management-sexual-harassment-awareness\/\">Jesyon Div\u00e8site Konsyantizasyon sou Arasman Seksy\u00e8l<\/a><\/li>\n<li id=\"menu-item-363151\"><a href=\"\/ht\/city-hall\/human-resources\/employee-labor-relations\/policy-directory\/drug-and-alcohol-misuse-prevention\/\">Prevansyon abi dw\u00f2g ak alk\u00f2l<\/a><\/li>\n<li id=\"menu-item-363152\"><a href=\"\/ht\/city-hall\/human-resources\/employee-labor-relations\/policy-directory\/drug-free-awareness-program\/\">Pwogram Sansibilizasyon sou Dw\u00f2g<\/a><\/li>\n<li id=\"menu-item-363153\"><a href=\"\/ht\/city-hall\/human-resources\/employee-labor-relations\/policy-directory\/family-and-medical-leave\/\">Konje Fanmi ak Maladi<\/a><\/li>\n<li id=\"menu-item-363154\"><a href=\"\/ht\/city-hall\/human-resources\/employee-labor-relations\/policy-directory\/smoke-free-workplace\/\">Espas Travay San Lafimen<\/a><\/li>\n<li id=\"menu-item-363155\"><a href=\"\/ht\/city-hall\/human-resources\/employee-labor-relations\/policy-directory\/work-rules\/\">R\u00e8g Travay<\/a><\/li>\n<li id=\"menu-item-363156\"><a href=\"\/ht\/city-hall\/human-resources\/employee-labor-relations\/policy-directory\/workers-compensation-guidelines\/\">Gid pou Konpansasyon Travay\u00e8 yo<\/a><\/li>\n<\/ul>\t\n\t<div class=\"page-navigation\"><a class=\"prev-page\" href=\"https:\/\/www.miamibeachfl.gov\/ht\/city-hall\/human-resources\/employee-labor-relations\/policy-directory\/diversity-management-sexual-harassment-awareness\/\">\u2190 Jesyon Div\u00e8site Konsyantizasyon sou As\u00e8lman Seksy\u00e8l<\/a> <a class=\"next-page\" href=\"https:\/\/www.miamibeachfl.gov\/ht\/city-hall\/human-resources\/employee-labor-relations\/policy-directory\/drug-and-alcohol-misuse-prevention\/\">Prevansyon Abi Dw\u00f2g ak Alk\u00f2l \u2192<\/a><\/div>","protected":false},"excerpt":{"rendered":"<p>Drug Free Awareness Program Home &gt; City Hall &gt; Human Resources &gt; Employee &amp; Labor Relations &gt; Policy Directory &gt; [&hellip;]<\/p>\n","protected":false},"author":222,"featured_media":0,"parent":28713,"menu_order":0,"comment_status":"closed","ping_status":"closed","template":"","meta":{"_searchwp_excluded":"","site-sidebar-layout":"default","site-content-layout":"","ast-site-content-layout":"default","site-content-style":"default","site-sidebar-style":"default","ast-global-header-display":"","ast-banner-title-visibility":"","ast-main-header-display":"","ast-hfb-above-header-display":"","ast-hfb-below-header-display":"","ast-hfb-mobile-header-display":"","site-post-title":"","ast-breadcrumbs-content":"","ast-featured-img":"","footer-sml-layout":"","theme-transparent-header-meta":"","adv-header-id-meta":"","stick-header-meta":"","header-above-stick-meta":"","header-main-stick-meta":"","header-below-stick-meta":"","astra-migrate-meta-layouts":"default","ast-page-background-enabled":"default","ast-page-background-meta":{"desktop":{"background-color":"var(--ast-global-color-5)","background-image":"","background-repeat":"repeat","background-position":"center center","background-size":"auto","background-attachment":"scroll","background-type":"","background-media":"","overlay-type":"","overlay-color":"","overlay-opacity":"","overlay-gradient":""},"tablet":{"background-color":"","background-image":"","background-repeat":"repeat","background-position":"center center","background-size":"auto","background-attachment":"scroll","background-type":"","background-media":"","overlay-type":"","overlay-color":"","overlay-opacity":"","overlay-gradient":""},"mobile":{"background-color":"","background-image":"","background-repeat":"repeat","background-position":"center center","background-size":"auto","background-attachment":"scroll","background-type":"","background-media":"","overlay-type":"","overlay-color":"","overlay-opacity":"","overlay-gradient":""}},"ast-content-background-meta":{"desktop":{"background-color":"var(--ast-global-color-4)","background-image":"","background-repeat":"repeat","background-position":"center center","background-size":"auto","background-attachment":"scroll","background-type":"","background-media":"","overlay-type":"","overlay-color":"","overlay-opacity":"","overlay-gradient":""},"tablet":{"background-color":"var(--ast-global-color-4)","background-image":"","background-repeat":"repeat","background-position":"center center","background-size":"auto","background-attachment":"scroll","background-type":"","background-media":"","overlay-type":"","overlay-color":"","overlay-opacity":"","overlay-gradient":""},"mobile":{"background-color":"var(--ast-global-color-4)","background-image":"","background-repeat":"repeat","background-position":"center center","background-size":"auto","background-attachment":"scroll","background-type":"","background-media":"","overlay-type":"","overlay-color":"","overlay-opacity":"","overlay-gradient":""}},"footnotes":""},"categories":[],"tags":[],"class_list":["post-28721","page","type-page","status-publish","hentry"],"yoast_head":"<!-- This site is optimized with the Yoast SEO Premium plugin v27.4 (Yoast SEO v27.4) - https:\/\/yoast.com\/product\/yoast-seo-premium-wordpress\/ -->\n<title>Drug Free Awareness Program - City of Miami Beach<\/title>\n<meta name=\"description\" content=\"%\" \/>\n<meta name=\"robots\" content=\"index, follow, max-snippet:-1, max-image-preview:large, max-video-preview:-1\" \/>\n<link rel=\"canonical\" href=\"https:\/\/www.miamibeachfl.gov\/ht\/city-hall\/human-resources\/employee-labor-relations\/policy-directory\/drug-free-awareness-program\/\" \/>\n<meta property=\"og:locale\" content=\"ht_HT\" \/>\n<meta property=\"og:type\" content=\"article\" \/>\n<meta property=\"og:title\" content=\"Drug Free Awareness Program\" \/>\n<meta property=\"og:description\" content=\"%\" \/>\n<meta property=\"og:url\" content=\"https:\/\/www.miamibeachfl.gov\/ht\/city-hall\/human-resources\/employee-labor-relations\/policy-directory\/drug-free-awareness-program\/\" \/>\n<meta property=\"og:site_name\" content=\"City of Miami Beach\" \/>\n<meta property=\"article:publisher\" content=\"https:\/\/www.facebook.com\/cityofmiamibeach\" \/>\n<meta property=\"article:modified_time\" content=\"2026-03-30T17:47:45+00:00\" \/>\n<meta property=\"og:image\" content=\"https:\/\/www.miamibeachfl.gov\/wp-content\/uploads\/2022\/07\/hero-small.jpg\" \/>\n<meta name=\"twitter:card\" content=\"summary_large_image\" \/>\n<meta name=\"twitter:site\" content=\"@Miamibeachnews\" \/>\n<script type=\"application\/ld+json\" class=\"yoast-schema-graph\">{\"@context\":\"https:\\\/\\\/schema.org\",\"@graph\":[{\"@type\":\"WebPage\",\"@id\":\"https:\\\/\\\/www.miamibeachfl.gov\\\/city-hall\\\/human-resources\\\/employee-labor-relations\\\/policy-directory\\\/drug-free-awareness-program\\\/\",\"url\":\"https:\\\/\\\/www.miamibeachfl.gov\\\/city-hall\\\/human-resources\\\/employee-labor-relations\\\/policy-directory\\\/drug-free-awareness-program\\\/\",\"name\":\"Drug Free Awareness Program - City of Miami Beach\",\"isPartOf\":{\"@id\":\"https:\\\/\\\/www.miamibeachfl.gov\\\/#website\"},\"primaryImageOfPage\":{\"@id\":\"https:\\\/\\\/www.miamibeachfl.gov\\\/city-hall\\\/human-resources\\\/employee-labor-relations\\\/policy-directory\\\/drug-free-awareness-program\\\/#primaryimage\"},\"image\":{\"@id\":\"https:\\\/\\\/www.miamibeachfl.gov\\\/city-hall\\\/human-resources\\\/employee-labor-relations\\\/policy-directory\\\/drug-free-awareness-program\\\/#primaryimage\"},\"thumbnailUrl\":\"https:\\\/\\\/www.miamibeachfl.gov\\\/wp-content\\\/uploads\\\/2022\\\/07\\\/hero-small.jpg\",\"datePublished\":\"2017-08-11T00:07:49+00:00\",\"dateModified\":\"2026-03-30T17:47:45+00:00\",\"description\":\"%\",\"breadcrumb\":{\"@id\":\"https:\\\/\\\/www.miamibeachfl.gov\\\/city-hall\\\/human-resources\\\/employee-labor-relations\\\/policy-directory\\\/drug-free-awareness-program\\\/#breadcrumb\"},\"inLanguage\":\"ht\",\"potentialAction\":[{\"@type\":\"ReadAction\",\"target\":[\"https:\\\/\\\/www.miamibeachfl.gov\\\/city-hall\\\/human-resources\\\/employee-labor-relations\\\/policy-directory\\\/drug-free-awareness-program\\\/\"]}]},{\"@type\":\"ImageObject\",\"inLanguage\":\"ht\",\"@id\":\"https:\\\/\\\/www.miamibeachfl.gov\\\/city-hall\\\/human-resources\\\/employee-labor-relations\\\/policy-directory\\\/drug-free-awareness-program\\\/#primaryimage\",\"url\":\"https:\\\/\\\/www.miamibeachfl.gov\\\/wp-content\\\/uploads\\\/2022\\\/07\\\/hero-small.jpg\",\"contentUrl\":\"https:\\\/\\\/www.miamibeachfl.gov\\\/wp-content\\\/uploads\\\/2022\\\/07\\\/hero-small.jpg\"},{\"@type\":\"BreadcrumbList\",\"@id\":\"https:\\\/\\\/www.miamibeachfl.gov\\\/city-hall\\\/human-resources\\\/employee-labor-relations\\\/policy-directory\\\/drug-free-awareness-program\\\/#breadcrumb\",\"itemListElement\":[{\"@type\":\"ListItem\",\"position\":1,\"name\":\"Home\",\"item\":\"https:\\\/\\\/www.miamibeachfl.gov\\\/\"},{\"@type\":\"ListItem\",\"position\":2,\"name\":\"City Hall\",\"item\":\"https:\\\/\\\/www.miamibeachfl.gov\\\/city-hall\\\/\"},{\"@type\":\"ListItem\",\"position\":3,\"name\":\"Human Resources\",\"item\":\"https:\\\/\\\/www.miamibeachfl.gov\\\/city-hall\\\/human-resources\\\/\"},{\"@type\":\"ListItem\",\"position\":4,\"name\":\"Employee &amp; Labor Relations\",\"item\":\"https:\\\/\\\/www.miamibeachfl.gov\\\/city-hall\\\/human-resources\\\/employee-labor-relations\\\/\"},{\"@type\":\"ListItem\",\"position\":5,\"name\":\"Policy Directory\",\"item\":\"https:\\\/\\\/www.miamibeachfl.gov\\\/city-hall\\\/human-resources\\\/employee-labor-relations\\\/policy-directory\\\/\"},{\"@type\":\"ListItem\",\"position\":6,\"name\":\"Drug Free Awareness Program\"}]},{\"@type\":\"WebSite\",\"@id\":\"https:\\\/\\\/www.miamibeachfl.gov\\\/#website\",\"url\":\"https:\\\/\\\/www.miamibeachfl.gov\\\/\",\"name\":\"City of Miami Beach\",\"description\":\"The official website of the City of Miami Beach. Stay informed, find important information on city services, news, alerts, events, trolley routes, government employment and more.\",\"publisher\":{\"@id\":\"https:\\\/\\\/www.miamibeachfl.gov\\\/#organization\"},\"potentialAction\":[{\"@type\":\"SearchAction\",\"target\":{\"@type\":\"EntryPoint\",\"urlTemplate\":\"https:\\\/\\\/www.miamibeachfl.gov\\\/?s={search_term_string}\"},\"query-input\":{\"@type\":\"PropertyValueSpecification\",\"valueRequired\":true,\"valueName\":\"search_term_string\"}}],\"inLanguage\":\"ht\"},{\"@type\":\"Organization\",\"@id\":\"https:\\\/\\\/www.miamibeachfl.gov\\\/#organization\",\"name\":\"City of Miami Beach\",\"url\":\"https:\\\/\\\/www.miamibeachfl.gov\\\/\",\"logo\":{\"@type\":\"ImageObject\",\"inLanguage\":\"ht\",\"@id\":\"https:\\\/\\\/www.miamibeachfl.gov\\\/#\\\/schema\\\/logo\\\/image\\\/\",\"url\":\"https:\\\/\\\/www.miamibeachfl.gov\\\/wp-content\\\/uploads\\\/2022\\\/06\\\/miamibeach-logoblue.png\",\"contentUrl\":\"https:\\\/\\\/www.miamibeachfl.gov\\\/wp-content\\\/uploads\\\/2022\\\/06\\\/miamibeach-logoblue.png\",\"width\":1962,\"height\":381,\"caption\":\"City of Miami Beach\"},\"image\":{\"@id\":\"https:\\\/\\\/www.miamibeachfl.gov\\\/#\\\/schema\\\/logo\\\/image\\\/\"},\"sameAs\":[\"https:\\\/\\\/www.facebook.com\\\/cityofmiamibeach\",\"https:\\\/\\\/x.com\\\/Miamibeachnews\",\"https:\\\/\\\/www.instagram.com\\\/miamibeachnews\\\/\"],\"description\":\"The official website of the City of Miami Beach. Stay informed, find important information on city services, news, alerts, events, trolley routes, government employment and more.\",\"telephone\":\"305.604.CITY(2489)\",\"legalName\":\"City of Miami Beach\"}]}<\/script>\n<!-- \/ Yoast SEO Premium plugin. -->","yoast_head_json":{"title":"Pwogram Sansibilizasyon sou Dw\u00f2g - Vil Miami Beach","description":"%","robots":{"index":"index","follow":"follow","max-snippet":"max-snippet:-1","max-image-preview":"max-image-preview:large","max-video-preview":"max-video-preview:-1"},"canonical":"https:\/\/www.miamibeachfl.gov\/ht\/city-hall\/human-resources\/employee-labor-relations\/policy-directory\/drug-free-awareness-program\/","og_locale":"ht_HT","og_type":"article","og_title":"Drug Free Awareness Program","og_description":"%","og_url":"https:\/\/www.miamibeachfl.gov\/ht\/city-hall\/human-resources\/employee-labor-relations\/policy-directory\/drug-free-awareness-program\/","og_site_name":"City of Miami Beach","article_publisher":"https:\/\/www.facebook.com\/cityofmiamibeach","article_modified_time":"2026-03-30T17:47:45+00:00","og_image":[{"url":"https:\/\/www.miamibeachfl.gov\/wp-content\/uploads\/2022\/07\/hero-small.jpg","type":"","width":"","height":""}],"twitter_card":"summary_large_image","twitter_site":"@Miamibeachnews","schema":{"@context":"https:\/\/schema.org","@graph":[{"@type":"WebPage","@id":"https:\/\/www.miamibeachfl.gov\/city-hall\/human-resources\/employee-labor-relations\/policy-directory\/drug-free-awareness-program\/","url":"https:\/\/www.miamibeachfl.gov\/city-hall\/human-resources\/employee-labor-relations\/policy-directory\/drug-free-awareness-program\/","name":"Pwogram Sansibilizasyon sou Dw\u00f2g - Vil Miami Beach","isPartOf":{"@id":"https:\/\/www.miamibeachfl.gov\/#website"},"primaryImageOfPage":{"@id":"https:\/\/www.miamibeachfl.gov\/city-hall\/human-resources\/employee-labor-relations\/policy-directory\/drug-free-awareness-program\/#primaryimage"},"image":{"@id":"https:\/\/www.miamibeachfl.gov\/city-hall\/human-resources\/employee-labor-relations\/policy-directory\/drug-free-awareness-program\/#primaryimage"},"thumbnailUrl":"https:\/\/www.miamibeachfl.gov\/wp-content\/uploads\/2022\/07\/hero-small.jpg","datePublished":"2017-08-11T00:07:49+00:00","dateModified":"2026-03-30T17:47:45+00:00","description":"%","breadcrumb":{"@id":"https:\/\/www.miamibeachfl.gov\/city-hall\/human-resources\/employee-labor-relations\/policy-directory\/drug-free-awareness-program\/#breadcrumb"},"inLanguage":"ht","potentialAction":[{"@type":"ReadAction","target":["https:\/\/www.miamibeachfl.gov\/city-hall\/human-resources\/employee-labor-relations\/policy-directory\/drug-free-awareness-program\/"]}]},{"@type":"ImageObject","inLanguage":"ht","@id":"https:\/\/www.miamibeachfl.gov\/city-hall\/human-resources\/employee-labor-relations\/policy-directory\/drug-free-awareness-program\/#primaryimage","url":"https:\/\/www.miamibeachfl.gov\/wp-content\/uploads\/2022\/07\/hero-small.jpg","contentUrl":"https:\/\/www.miamibeachfl.gov\/wp-content\/uploads\/2022\/07\/hero-small.jpg"},{"@type":"BreadcrumbList","@id":"https:\/\/www.miamibeachfl.gov\/city-hall\/human-resources\/employee-labor-relations\/policy-directory\/drug-free-awareness-program\/#breadcrumb","itemListElement":[{"@type":"ListItem","position":1,"name":"Home","item":"https:\/\/www.miamibeachfl.gov\/"},{"@type":"ListItem","position":2,"name":"City Hall","item":"https:\/\/www.miamibeachfl.gov\/city-hall\/"},{"@type":"ListItem","position":3,"name":"Human Resources","item":"https:\/\/www.miamibeachfl.gov\/city-hall\/human-resources\/"},{"@type":"ListItem","position":4,"name":"Employee &amp; Labor Relations","item":"https:\/\/www.miamibeachfl.gov\/city-hall\/human-resources\/employee-labor-relations\/"},{"@type":"ListItem","position":5,"name":"Policy Directory","item":"https:\/\/www.miamibeachfl.gov\/city-hall\/human-resources\/employee-labor-relations\/policy-directory\/"},{"@type":"ListItem","position":6,"name":"Drug Free Awareness Program"}]},{"@type":"WebSite","@id":"https:\/\/www.miamibeachfl.gov\/#website","url":"https:\/\/www.miamibeachfl.gov\/","name":"Vil Miami Beach","description":"Sitw\u00e8b ofisy\u00e8l Vil Miami Beach la. Rete enf\u00f2me, jwenn enf\u00f2masyon enp\u00f2tan sou s\u00e8vis vil la, nouv\u00e8l, al\u00e8t, ev\u00e8nman, wout tramway, travay gouv\u00e8nman an ak plis ank\u00f2.","publisher":{"@id":"https:\/\/www.miamibeachfl.gov\/#organization"},"potentialAction":[{"@type":"SearchAction","target":{"@type":"EntryPoint","urlTemplate":"https:\/\/www.miamibeachfl.gov\/?s={search_term_string}"},"query-input":{"@type":"PropertyValueSpecification","valueRequired":true,"valueName":"search_term_string"}}],"inLanguage":"ht"},{"@type":"Organization","@id":"https:\/\/www.miamibeachfl.gov\/#organization","name":"Vil Miami Beach","url":"https:\/\/www.miamibeachfl.gov\/","logo":{"@type":"ImageObject","inLanguage":"ht","@id":"https:\/\/www.miamibeachfl.gov\/#\/schema\/logo\/image\/","url":"https:\/\/www.miamibeachfl.gov\/wp-content\/uploads\/2022\/06\/miamibeach-logoblue.png","contentUrl":"https:\/\/www.miamibeachfl.gov\/wp-content\/uploads\/2022\/06\/miamibeach-logoblue.png","width":1962,"height":381,"caption":"City of Miami Beach"},"image":{"@id":"https:\/\/www.miamibeachfl.gov\/#\/schema\/logo\/image\/"},"sameAs":["https:\/\/www.facebook.com\/cityofmiamibeach","https:\/\/x.com\/Miamibeachnews","https:\/\/www.instagram.com\/miamibeachnews\/"],"description":"Sitw\u00e8b ofisy\u00e8l Vil Miami Beach la. Rete enf\u00f2me, jwenn enf\u00f2masyon enp\u00f2tan sou s\u00e8vis vil la, nouv\u00e8l, al\u00e8t, ev\u00e8nman, wout tramway, travay gouv\u00e8nman an ak plis ank\u00f2.","telephone":"305.604.CITY(2489)","legalName":"City of Miami Beach"}]}},"_links":{"self":[{"href":"https:\/\/www.miamibeachfl.gov\/ht\/wp-json\/wp\/v2\/pages\/28721","targetHints":{"allow":["GET"]}}],"collection":[{"href":"https:\/\/www.miamibeachfl.gov\/ht\/wp-json\/wp\/v2\/pages"}],"about":[{"href":"https:\/\/www.miamibeachfl.gov\/ht\/wp-json\/wp\/v2\/types\/page"}],"author":[{"embeddable":true,"href":"https:\/\/www.miamibeachfl.gov\/ht\/wp-json\/wp\/v2\/users\/222"}],"replies":[{"embeddable":true,"href":"https:\/\/www.miamibeachfl.gov\/ht\/wp-json\/wp\/v2\/comments?post=28721"}],"version-history":[{"count":2,"href":"https:\/\/www.miamibeachfl.gov\/ht\/wp-json\/wp\/v2\/pages\/28721\/revisions"}],"predecessor-version":[{"id":398010,"href":"https:\/\/www.miamibeachfl.gov\/ht\/wp-json\/wp\/v2\/pages\/28721\/revisions\/398010"}],"up":[{"embeddable":true,"href":"https:\/\/www.miamibeachfl.gov\/ht\/wp-json\/wp\/v2\/pages\/28713"}],"wp:attachment":[{"href":"https:\/\/www.miamibeachfl.gov\/ht\/wp-json\/wp\/v2\/media?parent=28721"}],"wp:term":[{"taxonomy":"category","embeddable":true,"href":"https:\/\/www.miamibeachfl.gov\/ht\/wp-json\/wp\/v2\/categories?post=28721"},{"taxonomy":"post_tag","embeddable":true,"href":"https:\/\/www.miamibeachfl.gov\/ht\/wp-json\/wp\/v2\/tags?post=28721"}],"curies":[{"name":"wp","href":"https:\/\/api.w.org\/{rel}","templated":true}]}}