{"id":28732,"date":"2017-08-11T00:07:55","date_gmt":"2017-08-11T00:07:55","guid":{"rendered":"http:\/\/www.miamibeachfl.gov\/city-hall\/information-technology\/mobile-apps\/"},"modified":"2025-06-20T14:02:25","modified_gmt":"2025-06-20T18:02:25","slug":"mobile-apps","status":"publish","type":"page","link":"https:\/\/www.miamibeachfl.gov\/ht\/mobile-apps\/","title":{"rendered":"Aplikasyon mobil yo"},"content":{"rendered":"<h2>\n\t\t\tAplikasyon mobil Miami Beach\t<\/h2>\n<h2>\n\t\t\tAplikasyon pou Pakin\t<\/h2>\n\t\t\t\t<img decoding=\"async\" src=\"https:\/\/www.miamibeachfl.gov\/wp-content\/uploads\/2023\/07\/parkmobile-parking-logo.png\" alt=\"parkmobile-parking-logo\" title=\"logo-pakin-parkmobile\" itemprop=\"image\"\/>\n\t\t<h3>Aplikasyon ParkMobile<\/h3>\t\t\t\n\t<p>ParkMobile ofri yon nouvo fason ki pi bon pou peye pou pakin l\u00e8 w s\u00e8vi ak telef\u00f2n selil\u00e8 w. Av\u00e8k aplikasyon mobil ParkMobile la, ou ka k\u00f2manse tranzaksyon pakin ou an s\u00e8lman k\u00e8k segond. Si w ap kondui yon machin diferan de sa ou te anrejistre a, ou ka chanje nimewo plak la byen vit epi aktive sesyon pakin ou an. Ou ka &quot;chwazi&quot; pou resevwa yon notifikasyon pou raple 15 minit anvan pakin ou an ekspire. Ou kapab peye pou pakin tou l\u00e8 w rele ParkMobile nan nimewo sa a: <a href=\"tel:18777275714\">1-877-727-5714.<\/a><\/p>\n\t<a href=\"https:\/\/www2.paybyphone.com\/park-in-miami-beach\" target=\"_blank\" rel=\"noopener\" aria-label=\"Ale sou https:\/\/www2.paybyphone.com\/park-in-miami-beach\"><\/a>\n\t\t\t\t<img decoding=\"async\" src=\"https:\/\/www.miamibeachfl.gov\/wp-content\/uploads\/2023\/10\/paybyphonelogo.png\" alt=\"paybyphone\" title=\"logo paybyphone\" itemprop=\"image\"\/>\n\t\t<h3>PeyePaTelef\u00f2n<\/h3>\t\t\t\n\t<strong>Peye pou pakin ak aplikasyon PayByPhone nan Miami Beach!<\/strong><br \/>\nPayByPhone p\u00e8m\u00e8t ou peye pou pakin machin ou an k\u00e8k segonn nan pakin nou yo. Aplikasyon an se yon solisyon ki pa gen lajan kach ditou, li f\u00e8 w sonje l\u00e8 sesyon pakin ou a pral fini, epi li menm p\u00e8m\u00e8t ou pwolonje tan pakin ou a nenp\u00f2t kote! PayByPhone se pratik, fasil epi an sekirite.\n<h2>\n\t\t\tL\u00f2t Aplikasyon\t<\/h2>\n\t\t\t\t<img decoding=\"async\" src=\"https:\/\/www.miamibeachfl.gov\/wp-content\/uploads\/2017\/08\/smalln-197.jpg\" alt=\"smalln-197\" title=\"ti-197\" itemprop=\"image\"\/>\n\t\t<h3>Enf\u00f2masyon sou Miami Beach<\/h3>\t\t\t\n\t<p>Aplikasyon Otorite Vizit\u00e8 ak Konvansyon Miami Beach la se pou w\u00e8 biznis, restoran, pwen enter\u00e8, ak ev\u00e8nman nan z\u00f2n Miami Beach la.<\/p>\n\t\t\t\t<img decoding=\"async\" src=\"https:\/\/www.miamibeachfl.gov\/wp-content\/uploads\/2023\/11\/MBtoursapp.webp\" alt=\"MBtoursapp\" title=\"MBtoursapp\" itemprop=\"image\"\/>\n\t\t<h3>Eksperyans Tours Miami Beach yo<\/h3>\t\t\t\n\t<p>Miami Beach fy\u00e8 d\u00e8s\u00e8vi k\u00f2m yon sant atistik ak kiltir\u00e8l, rekon\u00e8t ent\u00e8nasyonalman pou yon koleksyon ekselan eksperyans ent\u00e8aktif ak imersif. Av\u00e8k plis pase 15 mize ak enstitisyon kiltir\u00e8l klas mondyal, ki soti nan b\u00e8l atizay mod\u00e8n ak kontanporen rive nan travay nan espas piblik, vizit\u00e8 yo ka fasilman dekouvri talan kreyatif ak kominote ki f\u00f2me Miami Beach.<\/p>\n<p>Atrav\u00e8 aplikasyon EXP Miami Beach Tours la, ke Miami Beach Visitor and Convention Authority devlope, itilizat\u00e8 yo ka dekouvri vizit apye ak itiner\u00e8 ki byen \u00f2ganize pou montre anpil b\u00e8l bagay ki genyen sou Miami Beach, tankou Atizay nan Plas Piblik, Senk Pi Bon Sit LGBTQ yo, Vizit Lavi Nwit LGBTQ a, Atizay Kache, Yon Jounen Anndan M\u00e8v\u00e8y Achitekti Miami Beach yo, Atizay Piblik ak Istwa Ikonik nan Miami Beach ak Vizit Atizay Dey\u00f2 pa Bass la.<\/p>\n\t\t\t\t<img decoding=\"async\" src=\"https:\/\/www.miamibeachfl.gov\/wp-content\/uploads\/2017\/08\/logo_sm_mdtransitn-1849.jpg\" alt=\"logo_sm_mdtransitn-1849\" title=\"logo_sm_mdtransitn-1849\" itemprop=\"image\"\/>\n\t\t<h3>Aplikasyon Transp\u00f2 Miami-Dade<\/h3>\t\t\t\n\t<p>S\u00e8vi ak aplikasyon mobil sa a k\u00f2m yon zouti avantaje pou vwayaje nan Vil Miami Beach. Av\u00e8k aplikasyon sa a, ou ka swiv otobis ou a, planifye vwayaj, bay plent pou otobis epi jwenn enf\u00f2masyon sou pri tik\u00e8 ak l\u00e8 operasyon, ansanm ak al\u00e8t pou pasaje yo. Youn nan karakteristik resan aplikasyon mobil sa a se swivi an tan rey\u00e8l wout 123 South Beach Local la (anvan sa te disponib s\u00e8lman pou wout Metrorail ak Kendall Cruise). Av\u00e8k opsyon sa a, itilizat\u00e8 yo ap kapab jwenn enf\u00f2masyon enstantane sou kote otobis la ye ak l\u00e8 estime li pral rive (ETA).<\/p>","protected":false},"excerpt":{"rendered":"<p>Miami Beach Mobile Apps Parking Apps ParkMobile App ParkMobile provides a new and better way to pay for parking using [&hellip;]<\/p>\n","protected":false},"author":222,"featured_media":0,"parent":0,"menu_order":40,"comment_status":"closed","ping_status":"closed","template":"","meta":{"_searchwp_excluded":"","site-sidebar-layout":"default","site-content-layout":"","ast-site-content-layout":"default","site-content-style":"default","site-sidebar-style":"default","ast-global-header-display":"","ast-banner-title-visibility":"","ast-main-header-display":"","ast-hfb-above-header-display":"","ast-hfb-below-header-display":"","ast-hfb-mobile-header-display":"","site-post-title":"","ast-breadcrumbs-content":"","ast-featured-img":"","footer-sml-layout":"","theme-transparent-header-meta":"","adv-header-id-meta":"","stick-header-meta":"","header-above-stick-meta":"","header-main-stick-meta":"","header-below-stick-meta":"","astra-migrate-meta-layouts":"default","ast-page-background-enabled":"default","ast-page-background-meta":{"desktop":{"background-color":"var(--ast-global-color-5)","background-image":"","background-repeat":"repeat","background-position":"center center","background-size":"auto","background-attachment":"scroll","background-type":"","background-media":"","overlay-type":"","overlay-color":"","overlay-opacity":"","overlay-gradient":""},"tablet":{"background-color":"","background-image":"","background-repeat":"repeat","background-position":"center center","background-size":"auto","background-attachment":"scroll","background-type":"","background-media":"","overlay-type":"","overlay-color":"","overlay-opacity":"","overlay-gradient":""},"mobile":{"background-color":"","background-image":"","background-repeat":"repeat","background-position":"center center","background-size":"auto","background-attachment":"scroll","background-type":"","background-media":"","overlay-type":"","overlay-color":"","overlay-opacity":"","overlay-gradient":""}},"ast-content-background-meta":{"desktop":{"background-color":"var(--ast-global-color-4)","background-image":"","background-repeat":"repeat","background-position":"center center","background-size":"auto","background-attachment":"scroll","background-type":"","background-media":"","overlay-type":"","overlay-color":"","overlay-opacity":"","overlay-gradient":""},"tablet":{"background-color":"var(--ast-global-color-4)","background-image":"","background-repeat":"repeat","background-position":"center center","background-size":"auto","background-attachment":"scroll","background-type":"","background-media":"","overlay-type":"","overlay-color":"","overlay-opacity":"","overlay-gradient":""},"mobile":{"background-color":"var(--ast-global-color-4)","background-image":"","background-repeat":"repeat","background-position":"center center","background-size":"auto","background-attachment":"scroll","background-type":"","background-media":"","overlay-type":"","overlay-color":"","overlay-opacity":"","overlay-gradient":""}},"footnotes":""},"categories":[],"tags":[],"class_list":["post-28732","page","type-page","status-publish","hentry"],"yoast_head":"<!-- This site is optimized with the Yoast SEO Premium plugin v27.4 (Yoast SEO v27.4) - https:\/\/yoast.com\/product\/yoast-seo-premium-wordpress\/ -->\n<title>Mobile Apps - City of Miami Beach<\/title>\n<meta name=\"description\" content=\"Mobile Apps with information about the City of Miami BThe City of Miami Beach at your fingertips. Download our free mobile app to report concerns, check current beach conditions, track the free citywide trolley, pay fees, stream MBTV live, stay current on city news and view a comprehensive calendar of meetings and events.ach.\" \/>\n<meta name=\"robots\" content=\"index, follow, max-snippet:-1, max-image-preview:large, max-video-preview:-1\" \/>\n<link rel=\"canonical\" href=\"https:\/\/www.miamibeachfl.gov\/ht\/mobile-apps\/\" \/>\n<meta property=\"og:locale\" content=\"ht_HT\" \/>\n<meta property=\"og:type\" content=\"article\" \/>\n<meta property=\"og:title\" content=\"Mobile Apps\" \/>\n<meta property=\"og:description\" content=\"Mobile Apps with information about the City of Miami BThe City of Miami Beach at your fingertips. Download our free mobile app to report concerns, check current beach conditions, track the free citywide trolley, pay fees, stream MBTV live, stay current on city news and view a comprehensive calendar of meetings and events.ach.\" \/>\n<meta property=\"og:url\" content=\"https:\/\/www.miamibeachfl.gov\/ht\/mobile-apps\/\" \/>\n<meta property=\"og:site_name\" content=\"City of Miami Beach\" \/>\n<meta property=\"article:publisher\" content=\"https:\/\/www.facebook.com\/cityofmiamibeach\" \/>\n<meta property=\"article:modified_time\" content=\"2025-06-20T18:02:25+00:00\" \/>\n<meta property=\"og:image\" content=\"https:\/\/www.miamibeachfl.gov\/wp-content\/uploads\/2023\/11\/MBeGov.png\" \/>\n\t<meta property=\"og:image:width\" content=\"192\" \/>\n\t<meta property=\"og:image:height\" content=\"192\" \/>\n\t<meta property=\"og:image:type\" content=\"image\/png\" \/>\n<meta name=\"twitter:card\" content=\"summary_large_image\" \/>\n<meta name=\"twitter:site\" content=\"@Miamibeachnews\" \/>\n<script type=\"application\/ld+json\" class=\"yoast-schema-graph\">{\"@context\":\"https:\\\/\\\/schema.org\",\"@graph\":[{\"@type\":\"WebPage\",\"@id\":\"https:\\\/\\\/www.miamibeachfl.gov\\\/mobile-apps\\\/\",\"url\":\"https:\\\/\\\/www.miamibeachfl.gov\\\/mobile-apps\\\/\",\"name\":\"Mobile Apps - City of Miami Beach\",\"isPartOf\":{\"@id\":\"https:\\\/\\\/www.miamibeachfl.gov\\\/#website\"},\"primaryImageOfPage\":{\"@id\":\"https:\\\/\\\/www.miamibeachfl.gov\\\/mobile-apps\\\/#primaryimage\"},\"image\":{\"@id\":\"https:\\\/\\\/www.miamibeachfl.gov\\\/mobile-apps\\\/#primaryimage\"},\"thumbnailUrl\":\"https:\\\/\\\/www.miamibeachfl.gov\\\/wp-content\\\/uploads\\\/2023\\\/07\\\/parkmobile-parking-logo.png\",\"datePublished\":\"2017-08-11T00:07:55+00:00\",\"dateModified\":\"2025-06-20T18:02:25+00:00\",\"description\":\"Mobile Apps with information about the City of Miami BThe City of Miami Beach at your fingertips. Download our free mobile app to report concerns, check current beach conditions, track the free citywide trolley, pay fees, stream MBTV live, stay current on city news and view a comprehensive calendar of meetings and events.ach.\",\"breadcrumb\":{\"@id\":\"https:\\\/\\\/www.miamibeachfl.gov\\\/mobile-apps\\\/#breadcrumb\"},\"inLanguage\":\"ht\",\"potentialAction\":[{\"@type\":\"ReadAction\",\"target\":[\"https:\\\/\\\/www.miamibeachfl.gov\\\/mobile-apps\\\/\"]}]},{\"@type\":\"ImageObject\",\"inLanguage\":\"ht\",\"@id\":\"https:\\\/\\\/www.miamibeachfl.gov\\\/mobile-apps\\\/#primaryimage\",\"url\":\"https:\\\/\\\/www.miamibeachfl.gov\\\/wp-content\\\/uploads\\\/2023\\\/07\\\/parkmobile-parking-logo.png\",\"contentUrl\":\"https:\\\/\\\/www.miamibeachfl.gov\\\/wp-content\\\/uploads\\\/2023\\\/07\\\/parkmobile-parking-logo.png\"},{\"@type\":\"BreadcrumbList\",\"@id\":\"https:\\\/\\\/www.miamibeachfl.gov\\\/mobile-apps\\\/#breadcrumb\",\"itemListElement\":[{\"@type\":\"ListItem\",\"position\":1,\"name\":\"Home\",\"item\":\"https:\\\/\\\/www.miamibeachfl.gov\\\/\"},{\"@type\":\"ListItem\",\"position\":2,\"name\":\"Mobile Apps\"}]},{\"@type\":\"WebSite\",\"@id\":\"https:\\\/\\\/www.miamibeachfl.gov\\\/#website\",\"url\":\"https:\\\/\\\/www.miamibeachfl.gov\\\/\",\"name\":\"City of Miami Beach\",\"description\":\"The official website of the City of Miami Beach. Stay informed, find important information on city services, news, alerts, events, trolley routes, government employment and more.\",\"publisher\":{\"@id\":\"https:\\\/\\\/www.miamibeachfl.gov\\\/#organization\"},\"potentialAction\":[{\"@type\":\"SearchAction\",\"target\":{\"@type\":\"EntryPoint\",\"urlTemplate\":\"https:\\\/\\\/www.miamibeachfl.gov\\\/?s={search_term_string}\"},\"query-input\":{\"@type\":\"PropertyValueSpecification\",\"valueRequired\":true,\"valueName\":\"search_term_string\"}}],\"inLanguage\":\"ht\"},{\"@type\":\"Organization\",\"@id\":\"https:\\\/\\\/www.miamibeachfl.gov\\\/#organization\",\"name\":\"City of Miami Beach\",\"url\":\"https:\\\/\\\/www.miamibeachfl.gov\\\/\",\"logo\":{\"@type\":\"ImageObject\",\"inLanguage\":\"ht\",\"@id\":\"https:\\\/\\\/www.miamibeachfl.gov\\\/#\\\/schema\\\/logo\\\/image\\\/\",\"url\":\"https:\\\/\\\/www.miamibeachfl.gov\\\/wp-content\\\/uploads\\\/2022\\\/06\\\/miamibeach-logoblue.png\",\"contentUrl\":\"https:\\\/\\\/www.miamibeachfl.gov\\\/wp-content\\\/uploads\\\/2022\\\/06\\\/miamibeach-logoblue.png\",\"width\":1962,\"height\":381,\"caption\":\"City of Miami Beach\"},\"image\":{\"@id\":\"https:\\\/\\\/www.miamibeachfl.gov\\\/#\\\/schema\\\/logo\\\/image\\\/\"},\"sameAs\":[\"https:\\\/\\\/www.facebook.com\\\/cityofmiamibeach\",\"https:\\\/\\\/x.com\\\/Miamibeachnews\",\"https:\\\/\\\/www.instagram.com\\\/miamibeachnews\\\/\"],\"description\":\"The official website of the City of Miami Beach. Stay informed, find important information on city services, news, alerts, events, trolley routes, government employment and more.\",\"telephone\":\"305.604.CITY(2489)\",\"legalName\":\"City of Miami Beach\"}]}<\/script>\n<!-- \/ Yoast SEO Premium plugin. -->","yoast_head_json":{"title":"Aplikasyon mobil - Vil Miami Beach","description":"Aplikasyon mobil ak enf\u00f2masyon sou Vil Miami BVil Miami Beach a p\u00f2te men ou. Telechaje aplikasyon mobil gratis nou an pou rap\u00f2te enkyetid, tcheke kondisyon akty\u00e8l plaj yo, swiv trolley gratis pou tout vil la, peye fr\u00e8 yo, gade MBTV an dir\u00e8k, rete okouran nouv\u00e8l vil la epi gade yon kalandriye konpl\u00e8 reyinyon ak ev\u00e8nman yo.","robots":{"index":"index","follow":"follow","max-snippet":"max-snippet:-1","max-image-preview":"max-image-preview:large","max-video-preview":"max-video-preview:-1"},"canonical":"https:\/\/www.miamibeachfl.gov\/ht\/mobile-apps\/","og_locale":"ht_HT","og_type":"article","og_title":"Mobile Apps","og_description":"Mobile Apps with information about the City of Miami BThe City of Miami Beach at your fingertips. Download our free mobile app to report concerns, check current beach conditions, track the free citywide trolley, pay fees, stream MBTV live, stay current on city news and view a comprehensive calendar of meetings and events.ach.","og_url":"https:\/\/www.miamibeachfl.gov\/ht\/mobile-apps\/","og_site_name":"City of Miami Beach","article_publisher":"https:\/\/www.facebook.com\/cityofmiamibeach","article_modified_time":"2025-06-20T18:02:25+00:00","og_image":[{"width":192,"height":192,"url":"https:\/\/www.miamibeachfl.gov\/wp-content\/uploads\/2023\/11\/MBeGov.png","type":"image\/png"}],"twitter_card":"summary_large_image","twitter_site":"@Miamibeachnews","schema":{"@context":"https:\/\/schema.org","@graph":[{"@type":"WebPage","@id":"https:\/\/www.miamibeachfl.gov\/mobile-apps\/","url":"https:\/\/www.miamibeachfl.gov\/mobile-apps\/","name":"Aplikasyon mobil - Vil Miami Beach","isPartOf":{"@id":"https:\/\/www.miamibeachfl.gov\/#website"},"primaryImageOfPage":{"@id":"https:\/\/www.miamibeachfl.gov\/mobile-apps\/#primaryimage"},"image":{"@id":"https:\/\/www.miamibeachfl.gov\/mobile-apps\/#primaryimage"},"thumbnailUrl":"https:\/\/www.miamibeachfl.gov\/wp-content\/uploads\/2023\/07\/parkmobile-parking-logo.png","datePublished":"2017-08-11T00:07:55+00:00","dateModified":"2025-06-20T18:02:25+00:00","description":"Aplikasyon mobil ak enf\u00f2masyon sou Vil Miami BVil Miami Beach a p\u00f2te men ou. Telechaje aplikasyon mobil gratis nou an pou rap\u00f2te enkyetid, tcheke kondisyon akty\u00e8l plaj yo, swiv trolley gratis pou tout vil la, peye fr\u00e8 yo, gade MBTV an dir\u00e8k, rete okouran nouv\u00e8l vil la epi gade yon kalandriye konpl\u00e8 reyinyon ak ev\u00e8nman yo.","breadcrumb":{"@id":"https:\/\/www.miamibeachfl.gov\/mobile-apps\/#breadcrumb"},"inLanguage":"ht","potentialAction":[{"@type":"ReadAction","target":["https:\/\/www.miamibeachfl.gov\/mobile-apps\/"]}]},{"@type":"ImageObject","inLanguage":"ht","@id":"https:\/\/www.miamibeachfl.gov\/mobile-apps\/#primaryimage","url":"https:\/\/www.miamibeachfl.gov\/wp-content\/uploads\/2023\/07\/parkmobile-parking-logo.png","contentUrl":"https:\/\/www.miamibeachfl.gov\/wp-content\/uploads\/2023\/07\/parkmobile-parking-logo.png"},{"@type":"BreadcrumbList","@id":"https:\/\/www.miamibeachfl.gov\/mobile-apps\/#breadcrumb","itemListElement":[{"@type":"ListItem","position":1,"name":"Home","item":"https:\/\/www.miamibeachfl.gov\/"},{"@type":"ListItem","position":2,"name":"Mobile Apps"}]},{"@type":"WebSite","@id":"https:\/\/www.miamibeachfl.gov\/#website","url":"https:\/\/www.miamibeachfl.gov\/","name":"Vil Miami Beach","description":"Sitw\u00e8b ofisy\u00e8l Vil Miami Beach la. Rete enf\u00f2me, jwenn enf\u00f2masyon enp\u00f2tan sou s\u00e8vis vil la, nouv\u00e8l, al\u00e8t, ev\u00e8nman, wout tramway, travay gouv\u00e8nman an ak plis ank\u00f2.","publisher":{"@id":"https:\/\/www.miamibeachfl.gov\/#organization"},"potentialAction":[{"@type":"SearchAction","target":{"@type":"EntryPoint","urlTemplate":"https:\/\/www.miamibeachfl.gov\/?s={search_term_string}"},"query-input":{"@type":"PropertyValueSpecification","valueRequired":true,"valueName":"search_term_string"}}],"inLanguage":"ht"},{"@type":"Organization","@id":"https:\/\/www.miamibeachfl.gov\/#organization","name":"Vil Miami Beach","url":"https:\/\/www.miamibeachfl.gov\/","logo":{"@type":"ImageObject","inLanguage":"ht","@id":"https:\/\/www.miamibeachfl.gov\/#\/schema\/logo\/image\/","url":"https:\/\/www.miamibeachfl.gov\/wp-content\/uploads\/2022\/06\/miamibeach-logoblue.png","contentUrl":"https:\/\/www.miamibeachfl.gov\/wp-content\/uploads\/2022\/06\/miamibeach-logoblue.png","width":1962,"height":381,"caption":"City of Miami Beach"},"image":{"@id":"https:\/\/www.miamibeachfl.gov\/#\/schema\/logo\/image\/"},"sameAs":["https:\/\/www.facebook.com\/cityofmiamibeach","https:\/\/x.com\/Miamibeachnews","https:\/\/www.instagram.com\/miamibeachnews\/"],"description":"Sitw\u00e8b ofisy\u00e8l Vil Miami Beach la. Rete enf\u00f2me, jwenn enf\u00f2masyon enp\u00f2tan sou s\u00e8vis vil la, nouv\u00e8l, al\u00e8t, ev\u00e8nman, wout tramway, travay gouv\u00e8nman an ak plis ank\u00f2.","telephone":"305.604.CITY(2489)","legalName":"City of Miami Beach"}]}},"_links":{"self":[{"href":"https:\/\/www.miamibeachfl.gov\/ht\/wp-json\/wp\/v2\/pages\/28732","targetHints":{"allow":["GET"]}}],"collection":[{"href":"https:\/\/www.miamibeachfl.gov\/ht\/wp-json\/wp\/v2\/pages"}],"about":[{"href":"https:\/\/www.miamibeachfl.gov\/ht\/wp-json\/wp\/v2\/types\/page"}],"author":[{"embeddable":true,"href":"https:\/\/www.miamibeachfl.gov\/ht\/wp-json\/wp\/v2\/users\/222"}],"replies":[{"embeddable":true,"href":"https:\/\/www.miamibeachfl.gov\/ht\/wp-json\/wp\/v2\/comments?post=28732"}],"version-history":[{"count":3,"href":"https:\/\/www.miamibeachfl.gov\/ht\/wp-json\/wp\/v2\/pages\/28732\/revisions"}],"predecessor-version":[{"id":384398,"href":"https:\/\/www.miamibeachfl.gov\/ht\/wp-json\/wp\/v2\/pages\/28732\/revisions\/384398"}],"wp:attachment":[{"href":"https:\/\/www.miamibeachfl.gov\/ht\/wp-json\/wp\/v2\/media?parent=28732"}],"wp:term":[{"taxonomy":"category","embeddable":true,"href":"https:\/\/www.miamibeachfl.gov\/ht\/wp-json\/wp\/v2\/categories?post=28732"},{"taxonomy":"post_tag","embeddable":true,"href":"https:\/\/www.miamibeachfl.gov\/ht\/wp-json\/wp\/v2\/tags?post=28732"}],"curies":[{"name":"wp","href":"https:\/\/api.w.org\/{rel}","templated":true}]}}