{"id":28734,"date":"2017-08-11T00:07:56","date_gmt":"2017-08-11T00:07:56","guid":{"rendered":"http:\/\/www.miamibeachfl.gov\/city-hall\/mberp\/"},"modified":"2026-05-05T09:38:59","modified_gmt":"2026-05-05T13:38:59","slug":"mberp","status":"publish","type":"page","link":"https:\/\/www.miamibeachfl.gov\/ht\/city-hall\/mberp\/","title":{"rendered":"MBERP \u2013 Plan Retr\u00e8t Anplwaye Miami Beach"},"content":{"rendered":"<figure itemscope itemtype=\"https:\/\/schema.org\/ImageObject\">\n\t\t\t\t<img decoding=\"async\" src=\"https:\/\/www.miamibeachfl.gov\/wp-content\/uploads\/2022\/07\/hero-small.jpg\" alt=\"ocean drive art deco buildings\" height=\"211\" width=\"2395\" title=\"ewo-piti\" onerror=\"this.style.display='none'\" loading=\"lazy\" \/>\n\t<\/figure>\n<h1>\n\t\t\tNou demenaje\t<\/h1>\n\t<p>Apati 1ye out 2025, Biwo Plan Retr\u00e8t Anplwaye Miami Beach yo sitiye nan 1920 Meridian Avenue, 2y\u00e8m etaj.<\/p>\n<h2>\n\t\t\tMBERP \u2013 Plan Retr\u00e8t Anplwaye Miami Beach yo\t<\/h2>\n\t<p>Welcome to the official website of the Miami Beach Employees&#8217; Retirement Plan (MBERP). The earliest origin of a retirement program for the City of Miami Beach was the Retirement System for General Employees created under and by the authority of Chapter 18691, Laws of Florida, Acts in 1937. The Retirement System for Unclassified Employees and Elected Officials was created in 1988. In March 2006, the Retirement System for General Employees and the Retirement System for Unclassified Employees and Elected Officials merged to form the Miami Beach Employees&#8217; Retirement Plan (Ord. 2006-3530).<\/p>\n<strong>Misyon<\/strong><br \/>\nPou byen jere ak administre envestisman ak byen MBERP yo pou benefis manm yo ak benefisy\u00e8 Plan an.\n<h2>\n\t\t\tLyen prensipal yo\t<\/h2>\n\t\t\t<a href=\"\/ht\/city-hall\/mberp\/actuarial-valuation\/\"  target=\"_self\">\n\t\t\t\t\t\t\tEvalyasyon aktyary\u00e8l\n\t\t\t\t\t<\/a>\n\t\t\t<a href=\"\/ht\/city-hall\/mberp\/agendas-minutes\/\"  target=\"_self\">\n\t\t\t\t\t\t\tajanda yo \n\t\t\t\t\t<\/a>\n\t\t\t<a href=\"\/ht\/city-hall\/mberp\/internal-audit-reports\/\"  target=\"_self\">\n\t\t\t\t\t\t\tRAP\u00d2 FINANSY\u00c8\n\t\t\t\t\t<\/a>\n\t\t\t<a href=\"\/ht\/city-hall\/mberp\/retiree-benefit-links\/\"  target=\"_self\">\n\t\t\t\t\t\t\tLYEN BENEFIS RETR\u00c8T\n\t\t\t\t\t<\/a>\n\t\t\t<a href=\"\/ht\/city-hall\/mberp\/national-retirement-benefit\/\"  target=\"_self\">\n\t\t\t\t\t\t\tBENEFIS RETR\u00c8T\n\t\t\t\t\t<\/a>\n\t\t\t<a href=\"https:\/\/www.pensiontechnologygroup.com\/miamibeach\"  target=\"_blank\" rel=\"noopener\">\n\t\t\t\t\t\t\tP\u00f2tal Oto-S\u00e8vis pou Retr\u00e8t\n\t\t\t\t\t<\/a>\n\t\t\t<a href=\"\/ht\/city-hall\/mberp\/memorial-wall\/\"  target=\"_blank\" rel=\"noopener\">\n\t\t\t\t\t\t\tMiray Memoryal\n\t\t\t\t\t<\/a>\n\t\t\t<a href=\"\/ht\/city-hall\/mberp\/the-plan\/\"  target=\"_self\">\n\t\t\t\t\t\t\tPLAN AN\n\t\t\t\t\t<\/a>\n\t\t\t<a href=\"\/ht\/city-hall\/mberp\/quarterly-investment-report\/\"  target=\"_self\">\n\t\t\t\t\t\t\tRap\u00f2 Envestisman Trim\u00e8stry\u00e8l\n\t\t\t\t\t<\/a>\n<h2>\n\t\t\tResous ki gen rap\u00f2\t<\/h2>\n<h2>\n\t\t<a href=\"\/ht\/city-hall\/mberp\/forms\/\" title=\"F\u00f2m yo\"  target=\"_self\">\n\t\t\tF\u00f2m yo\t\t<\/a>\n\t<\/h2>\n<h2>\n\t\t<a href=\"\/ht\/city-hall\/mberp\/investment-policy\/\" title=\"Politik Envestisman\"  target=\"_self\">\n\t\t\tPolitik Envestisman\t\t<\/a>\n\t<\/h2>\n<h2>\n\t\t<a href=\"\/ht\/city-hall\/mberp\/fl-chapter-112-664\/\" title=\"Chapit FL 112.664\"  target=\"_self\">\n\t\t\tChapit FL 112.664\t\t<\/a>\n\t<\/h2>\n<h2>\n\t\t<a href=\"\/ht\/city-hall\/mberp\/other-links\/\" title=\"L\u00f2t Lyen\"  target=\"_self\">\n\t\t\tL\u00f2t Lyen\t\t<\/a>\n\t<\/h2>\n<h2>\n\t\t<a href=\"\/ht\/city-hall\/mberp\/meeting-calendar\/\" title=\"Kalandriye Reyinyon\"  target=\"_self\">\n\t\t\tKalandriye Reyinyon\t\t<\/a>\n\t<\/h2>","protected":false},"excerpt":{"rendered":"<p>We&#8217;ve Moved Effective August 1, 2025, the Miami Beach Employees&#8217; Retirement Plan Office is located at 1920 Meridian Avenue, 2nd [&hellip;]<\/p>\n","protected":false},"author":222,"featured_media":266611,"parent":28206,"menu_order":251,"comment_status":"closed","ping_status":"closed","template":"","meta":{"_searchwp_excluded":"","site-sidebar-layout":"default","site-content-layout":"","ast-site-content-layout":"default","site-content-style":"default","site-sidebar-style":"default","ast-global-header-display":"","ast-banner-title-visibility":"","ast-main-header-display":"","ast-hfb-above-header-display":"","ast-hfb-below-header-display":"","ast-hfb-mobile-header-display":"","site-post-title":"","ast-breadcrumbs-content":"","ast-featured-img":"","footer-sml-layout":"","ast-disable-related-posts":"","theme-transparent-header-meta":"","adv-header-id-meta":"","stick-header-meta":"","header-above-stick-meta":"","header-main-stick-meta":"","header-below-stick-meta":"","astra-migrate-meta-layouts":"default","ast-page-background-enabled":"default","ast-page-background-meta":{"desktop":{"background-color":"var(--ast-global-color-5)","background-image":"","background-repeat":"repeat","background-position":"center center","background-size":"auto","background-attachment":"scroll","background-type":"","background-media":"","overlay-type":"","overlay-color":"","overlay-opacity":"","overlay-gradient":""},"tablet":{"background-color":"","background-image":"","background-repeat":"repeat","background-position":"center center","background-size":"auto","background-attachment":"scroll","background-type":"","background-media":"","overlay-type":"","overlay-color":"","overlay-opacity":"","overlay-gradient":""},"mobile":{"background-color":"","background-image":"","background-repeat":"repeat","background-position":"center center","background-size":"auto","background-attachment":"scroll","background-type":"","background-media":"","overlay-type":"","overlay-color":"","overlay-opacity":"","overlay-gradient":""}},"ast-content-background-meta":{"desktop":{"background-color":"var(--ast-global-color-4)","background-image":"","background-repeat":"repeat","background-position":"center center","background-size":"auto","background-attachment":"scroll","background-type":"","background-media":"","overlay-type":"","overlay-color":"","overlay-opacity":"","overlay-gradient":""},"tablet":{"background-color":"var(--ast-global-color-4)","background-image":"","background-repeat":"repeat","background-position":"center center","background-size":"auto","background-attachment":"scroll","background-type":"","background-media":"","overlay-type":"","overlay-color":"","overlay-opacity":"","overlay-gradient":""},"mobile":{"background-color":"var(--ast-global-color-4)","background-image":"","background-repeat":"repeat","background-position":"center center","background-size":"auto","background-attachment":"scroll","background-type":"","background-media":"","overlay-type":"","overlay-color":"","overlay-opacity":"","overlay-gradient":""}},"footnotes":""},"categories":[1],"tags":[1727,1730],"class_list":["post-28734","page","type-page","status-publish","has-post-thumbnail","hentry","category-uncategorized","tag-administrative","tag-city-services"],"yoast_head":"<!-- This site is optimized with the Yoast SEO Premium plugin v27.4 (Yoast SEO v27.4) - https:\/\/yoast.com\/product\/yoast-seo-premium-wordpress\/ -->\n<title>MBERP - Miami Beach Employee Retirement Plan - City of Miami Beach<\/title>\n<meta name=\"description\" content=\"The Miami Beach Employees&#039; Retirement Plan manages and administers the investments of the MBERP assets for the benefit of the members.\" \/>\n<meta name=\"robots\" content=\"index, follow, max-snippet:-1, max-image-preview:large, max-video-preview:-1\" \/>\n<link rel=\"canonical\" href=\"https:\/\/www.miamibeachfl.gov\/ht\/city-hall\/mberp\/\" \/>\n<meta property=\"og:locale\" content=\"ht_HT\" \/>\n<meta property=\"og:type\" content=\"article\" \/>\n<meta property=\"og:title\" content=\"MBERP - Miami Beach Employee Retirement Plan\" \/>\n<meta property=\"og:description\" content=\"The Miami Beach Employees&#039; Retirement Plan manages and administers the investments of the MBERP assets for the benefit of the members.\" \/>\n<meta property=\"og:url\" content=\"https:\/\/www.miamibeachfl.gov\/ht\/city-hall\/mberp\/\" \/>\n<meta property=\"og:site_name\" content=\"City of Miami Beach\" \/>\n<meta property=\"article:publisher\" content=\"https:\/\/www.facebook.com\/cityofmiamibeach\" \/>\n<meta property=\"article:modified_time\" content=\"2026-05-05T13:38:59+00:00\" \/>\n<meta property=\"og:image\" content=\"https:\/\/www.miamibeachfl.gov\/wp-content\/uploads\/2023\/07\/Beach-2023.jpg\" \/>\n\t<meta property=\"og:image:width\" content=\"570\" \/>\n\t<meta property=\"og:image:height\" content=\"356\" \/>\n\t<meta property=\"og:image:type\" content=\"image\/jpeg\" \/>\n<meta name=\"twitter:card\" content=\"summary_large_image\" \/>\n<meta name=\"twitter:site\" content=\"@Miamibeachnews\" \/>\n<script type=\"application\/ld+json\" class=\"yoast-schema-graph\">{\"@context\":\"https:\\\/\\\/schema.org\",\"@graph\":[{\"@type\":\"WebPage\",\"@id\":\"https:\\\/\\\/www.miamibeachfl.gov\\\/city-hall\\\/mberp\\\/\",\"url\":\"https:\\\/\\\/www.miamibeachfl.gov\\\/city-hall\\\/mberp\\\/\",\"name\":\"MBERP - Miami Beach Employee Retirement Plan - City of Miami Beach\",\"isPartOf\":{\"@id\":\"https:\\\/\\\/www.miamibeachfl.gov\\\/#website\"},\"primaryImageOfPage\":{\"@id\":\"https:\\\/\\\/www.miamibeachfl.gov\\\/city-hall\\\/mberp\\\/#primaryimage\"},\"image\":{\"@id\":\"https:\\\/\\\/www.miamibeachfl.gov\\\/city-hall\\\/mberp\\\/#primaryimage\"},\"thumbnailUrl\":\"https:\\\/\\\/www.miamibeachfl.gov\\\/wp-content\\\/uploads\\\/2023\\\/07\\\/Beach-2023.jpg\",\"datePublished\":\"2017-08-11T00:07:56+00:00\",\"dateModified\":\"2026-05-05T13:38:59+00:00\",\"description\":\"The Miami Beach Employees' Retirement Plan manages and administers the investments of the MBERP assets for the benefit of the members.\",\"breadcrumb\":{\"@id\":\"https:\\\/\\\/www.miamibeachfl.gov\\\/city-hall\\\/mberp\\\/#breadcrumb\"},\"inLanguage\":\"ht\",\"potentialAction\":[{\"@type\":\"ReadAction\",\"target\":[\"https:\\\/\\\/www.miamibeachfl.gov\\\/city-hall\\\/mberp\\\/\"]}]},{\"@type\":\"ImageObject\",\"inLanguage\":\"ht\",\"@id\":\"https:\\\/\\\/www.miamibeachfl.gov\\\/city-hall\\\/mberp\\\/#primaryimage\",\"url\":\"https:\\\/\\\/www.miamibeachfl.gov\\\/wp-content\\\/uploads\\\/2023\\\/07\\\/Beach-2023.jpg\",\"contentUrl\":\"https:\\\/\\\/www.miamibeachfl.gov\\\/wp-content\\\/uploads\\\/2023\\\/07\\\/Beach-2023.jpg\",\"width\":570,\"height\":356},{\"@type\":\"BreadcrumbList\",\"@id\":\"https:\\\/\\\/www.miamibeachfl.gov\\\/city-hall\\\/mberp\\\/#breadcrumb\",\"itemListElement\":[{\"@type\":\"ListItem\",\"position\":1,\"name\":\"Home\",\"item\":\"https:\\\/\\\/www.miamibeachfl.gov\\\/\"},{\"@type\":\"ListItem\",\"position\":2,\"name\":\"City Hall\",\"item\":\"https:\\\/\\\/www.miamibeachfl.gov\\\/city-hall\\\/\"},{\"@type\":\"ListItem\",\"position\":3,\"name\":\"MBERP &#8211; Miami Beach Employee Retirement Plan\"}]},{\"@type\":\"WebSite\",\"@id\":\"https:\\\/\\\/www.miamibeachfl.gov\\\/#website\",\"url\":\"https:\\\/\\\/www.miamibeachfl.gov\\\/\",\"name\":\"City of Miami Beach\",\"description\":\"The official website of the City of Miami Beach. Stay informed, find important information on city services, news, alerts, events, trolley routes, government employment and more.\",\"publisher\":{\"@id\":\"https:\\\/\\\/www.miamibeachfl.gov\\\/#organization\"},\"potentialAction\":[{\"@type\":\"SearchAction\",\"target\":{\"@type\":\"EntryPoint\",\"urlTemplate\":\"https:\\\/\\\/www.miamibeachfl.gov\\\/?s={search_term_string}\"},\"query-input\":{\"@type\":\"PropertyValueSpecification\",\"valueRequired\":true,\"valueName\":\"search_term_string\"}}],\"inLanguage\":\"ht\"},{\"@type\":\"Organization\",\"@id\":\"https:\\\/\\\/www.miamibeachfl.gov\\\/#organization\",\"name\":\"City of Miami Beach\",\"url\":\"https:\\\/\\\/www.miamibeachfl.gov\\\/\",\"logo\":{\"@type\":\"ImageObject\",\"inLanguage\":\"ht\",\"@id\":\"https:\\\/\\\/www.miamibeachfl.gov\\\/#\\\/schema\\\/logo\\\/image\\\/\",\"url\":\"https:\\\/\\\/www.miamibeachfl.gov\\\/wp-content\\\/uploads\\\/2022\\\/06\\\/miamibeach-logoblue.png\",\"contentUrl\":\"https:\\\/\\\/www.miamibeachfl.gov\\\/wp-content\\\/uploads\\\/2022\\\/06\\\/miamibeach-logoblue.png\",\"width\":1962,\"height\":381,\"caption\":\"City of Miami Beach\"},\"image\":{\"@id\":\"https:\\\/\\\/www.miamibeachfl.gov\\\/#\\\/schema\\\/logo\\\/image\\\/\"},\"sameAs\":[\"https:\\\/\\\/www.facebook.com\\\/cityofmiamibeach\",\"https:\\\/\\\/x.com\\\/Miamibeachnews\",\"https:\\\/\\\/www.instagram.com\\\/miamibeachnews\\\/\"],\"description\":\"The official website of the City of Miami Beach. Stay informed, find important information on city services, news, alerts, events, trolley routes, government employment and more.\",\"telephone\":\"305.604.CITY(2489)\",\"legalName\":\"City of Miami Beach\"}]}<\/script>\n<!-- \/ Yoast SEO Premium plugin. -->","yoast_head_json":{"title":"MBERP - Plan Retr\u00e8t Anplwaye Miami Beach - Vil Miami Beach","description":"Plan Retr\u00e8t Anplwaye Miami Beach la jere epi administre envestisman byen MBERP yo pou benefis manm yo.","robots":{"index":"index","follow":"follow","max-snippet":"max-snippet:-1","max-image-preview":"max-image-preview:large","max-video-preview":"max-video-preview:-1"},"canonical":"https:\/\/www.miamibeachfl.gov\/ht\/city-hall\/mberp\/","og_locale":"ht_HT","og_type":"article","og_title":"MBERP - Miami Beach Employee Retirement Plan","og_description":"The Miami Beach Employees' Retirement Plan manages and administers the investments of the MBERP assets for the benefit of the members.","og_url":"https:\/\/www.miamibeachfl.gov\/ht\/city-hall\/mberp\/","og_site_name":"City of Miami Beach","article_publisher":"https:\/\/www.facebook.com\/cityofmiamibeach","article_modified_time":"2026-05-05T13:38:59+00:00","og_image":[{"width":570,"height":356,"url":"https:\/\/www.miamibeachfl.gov\/wp-content\/uploads\/2023\/07\/Beach-2023.jpg","type":"image\/jpeg"}],"twitter_card":"summary_large_image","twitter_site":"@Miamibeachnews","schema":{"@context":"https:\/\/schema.org","@graph":[{"@type":"WebPage","@id":"https:\/\/www.miamibeachfl.gov\/city-hall\/mberp\/","url":"https:\/\/www.miamibeachfl.gov\/city-hall\/mberp\/","name":"MBERP - Plan Retr\u00e8t Anplwaye Miami Beach - Vil Miami Beach","isPartOf":{"@id":"https:\/\/www.miamibeachfl.gov\/#website"},"primaryImageOfPage":{"@id":"https:\/\/www.miamibeachfl.gov\/city-hall\/mberp\/#primaryimage"},"image":{"@id":"https:\/\/www.miamibeachfl.gov\/city-hall\/mberp\/#primaryimage"},"thumbnailUrl":"https:\/\/www.miamibeachfl.gov\/wp-content\/uploads\/2023\/07\/Beach-2023.jpg","datePublished":"2017-08-11T00:07:56+00:00","dateModified":"2026-05-05T13:38:59+00:00","description":"Plan Retr\u00e8t Anplwaye Miami Beach la jere epi administre envestisman byen MBERP yo pou benefis manm yo.","breadcrumb":{"@id":"https:\/\/www.miamibeachfl.gov\/city-hall\/mberp\/#breadcrumb"},"inLanguage":"ht","potentialAction":[{"@type":"ReadAction","target":["https:\/\/www.miamibeachfl.gov\/city-hall\/mberp\/"]}]},{"@type":"ImageObject","inLanguage":"ht","@id":"https:\/\/www.miamibeachfl.gov\/city-hall\/mberp\/#primaryimage","url":"https:\/\/www.miamibeachfl.gov\/wp-content\/uploads\/2023\/07\/Beach-2023.jpg","contentUrl":"https:\/\/www.miamibeachfl.gov\/wp-content\/uploads\/2023\/07\/Beach-2023.jpg","width":570,"height":356},{"@type":"BreadcrumbList","@id":"https:\/\/www.miamibeachfl.gov\/city-hall\/mberp\/#breadcrumb","itemListElement":[{"@type":"ListItem","position":1,"name":"Home","item":"https:\/\/www.miamibeachfl.gov\/"},{"@type":"ListItem","position":2,"name":"City Hall","item":"https:\/\/www.miamibeachfl.gov\/city-hall\/"},{"@type":"ListItem","position":3,"name":"MBERP &#8211; Miami Beach Employee Retirement Plan"}]},{"@type":"WebSite","@id":"https:\/\/www.miamibeachfl.gov\/#website","url":"https:\/\/www.miamibeachfl.gov\/","name":"Vil Miami Beach","description":"Sitw\u00e8b ofisy\u00e8l Vil Miami Beach la. Rete enf\u00f2me, jwenn enf\u00f2masyon enp\u00f2tan sou s\u00e8vis vil la, nouv\u00e8l, al\u00e8t, ev\u00e8nman, wout tramway, travay gouv\u00e8nman an ak plis ank\u00f2.","publisher":{"@id":"https:\/\/www.miamibeachfl.gov\/#organization"},"potentialAction":[{"@type":"SearchAction","target":{"@type":"EntryPoint","urlTemplate":"https:\/\/www.miamibeachfl.gov\/?s={search_term_string}"},"query-input":{"@type":"PropertyValueSpecification","valueRequired":true,"valueName":"search_term_string"}}],"inLanguage":"ht"},{"@type":"Organization","@id":"https:\/\/www.miamibeachfl.gov\/#organization","name":"Vil Miami Beach","url":"https:\/\/www.miamibeachfl.gov\/","logo":{"@type":"ImageObject","inLanguage":"ht","@id":"https:\/\/www.miamibeachfl.gov\/#\/schema\/logo\/image\/","url":"https:\/\/www.miamibeachfl.gov\/wp-content\/uploads\/2022\/06\/miamibeach-logoblue.png","contentUrl":"https:\/\/www.miamibeachfl.gov\/wp-content\/uploads\/2022\/06\/miamibeach-logoblue.png","width":1962,"height":381,"caption":"City of Miami Beach"},"image":{"@id":"https:\/\/www.miamibeachfl.gov\/#\/schema\/logo\/image\/"},"sameAs":["https:\/\/www.facebook.com\/cityofmiamibeach","https:\/\/x.com\/Miamibeachnews","https:\/\/www.instagram.com\/miamibeachnews\/"],"description":"Sitw\u00e8b ofisy\u00e8l Vil Miami Beach la. Rete enf\u00f2me, jwenn enf\u00f2masyon enp\u00f2tan sou s\u00e8vis vil la, nouv\u00e8l, al\u00e8t, ev\u00e8nman, wout tramway, travay gouv\u00e8nman an ak plis ank\u00f2.","telephone":"305.604.CITY(2489)","legalName":"City of Miami Beach"}]}},"_links":{"self":[{"href":"https:\/\/www.miamibeachfl.gov\/ht\/wp-json\/wp\/v2\/pages\/28734","targetHints":{"allow":["GET"]}}],"collection":[{"href":"https:\/\/www.miamibeachfl.gov\/ht\/wp-json\/wp\/v2\/pages"}],"about":[{"href":"https:\/\/www.miamibeachfl.gov\/ht\/wp-json\/wp\/v2\/types\/page"}],"author":[{"embeddable":true,"href":"https:\/\/www.miamibeachfl.gov\/ht\/wp-json\/wp\/v2\/users\/222"}],"replies":[{"embeddable":true,"href":"https:\/\/www.miamibeachfl.gov\/ht\/wp-json\/wp\/v2\/comments?post=28734"}],"version-history":[{"count":16,"href":"https:\/\/www.miamibeachfl.gov\/ht\/wp-json\/wp\/v2\/pages\/28734\/revisions"}],"predecessor-version":[{"id":400044,"href":"https:\/\/www.miamibeachfl.gov\/ht\/wp-json\/wp\/v2\/pages\/28734\/revisions\/400044"}],"up":[{"embeddable":true,"href":"https:\/\/www.miamibeachfl.gov\/ht\/wp-json\/wp\/v2\/pages\/28206"}],"wp:featuredmedia":[{"embeddable":true,"href":"https:\/\/www.miamibeachfl.gov\/ht\/wp-json\/wp\/v2\/media\/266611"}],"wp:attachment":[{"href":"https:\/\/www.miamibeachfl.gov\/ht\/wp-json\/wp\/v2\/media?parent=28734"}],"wp:term":[{"taxonomy":"category","embeddable":true,"href":"https:\/\/www.miamibeachfl.gov\/ht\/wp-json\/wp\/v2\/categories?post=28734"},{"taxonomy":"post_tag","embeddable":true,"href":"https:\/\/www.miamibeachfl.gov\/ht\/wp-json\/wp\/v2\/tags?post=28734"}],"curies":[{"name":"wp","href":"https:\/\/api.w.org\/{rel}","templated":true}]}}