{"id":28744,"date":"2017-08-11T00:08:01","date_gmt":"2017-08-11T00:08:01","guid":{"rendered":"http:\/\/www.miamibeachfl.gov\/city-hall\/transportation\/trolley\/"},"modified":"2026-03-06T16:20:17","modified_gmt":"2026-03-06T21:20:17","slug":"trolley","status":"publish","type":"page","link":"https:\/\/www.miamibeachfl.gov\/ht\/city-hall\/transportation\/trolley\/","title":{"rendered":"Tramway gratis pou tout vil la"},"content":{"rendered":"<img decoding=\"async\" src=\"https:\/\/www.miamibeachfl.gov\/wp-content\/uploads\/2026\/03\/trolleyillustration.png\" alt=\"trolley logo\" itemprop=\"image\" height=\"225\" width=\"197\" title=\"ilistrasyon trolley\" onerror=\"this.style.display='none'\" loading=\"lazy\" \/>\n<h1>\n\t\t\tTramway gratis pou tout vil la\t<\/h1>\n\t<nav id=\"breadcrumbs\" aria-label=\"Pen griye\"><a href=\"https:\/\/www.miamibeachfl.gov\/ht\/\">Lakay<\/a> &gt; <a href=\"https:\/\/www.miamibeachfl.gov\/ht\/city-hall\/\">Lakou Vil la<\/a> &gt; <a href=\"https:\/\/www.miamibeachfl.gov\/ht\/city-hall\/transportation\/\">Transp\u00f2 ak Mobilite<\/a> &gt; <strong>Tramway gratis pou tout vil la<\/strong><\/nav>\n\t<p>S\u00e8vis tramway pou tout vil la akty\u00e8lman fonksyone 15 \u00e8dtan pa jou, soti 8\u00e8 dimaten rive 11\u00e8 diswa, 7 jou pa sem\u00e8n ak yon frekans s\u00e8vis mway\u00e8n apepr\u00e8 20 minit sou chak wout.<\/p>\n<p>Nou rem\u00e8sye w pou sip\u00f2 kontiny\u00e8l ou epi n ap tann pou s\u00e8vi w!<\/p>\n<h2>\n\t\t\tKite nou kondui!\t<\/h2>\n\t<p>Tramway GRATIS Miami Beach la bay yon alt\u00e8natif transp\u00f2 serye ki konplete rezo transp\u00f2 ki deja egziste a epi ki bay koneksyon ak wout transp\u00f2 rejyonal yo, sa ki amelyore mobilite ak kalite lavi rezidan yo ak vizit\u00e8 yo san distenksyon.<\/p>\n\t\t\t\t<a href=\"\/ht\/city-hall\/transportation\/trolley\/south-beach-trolley\/\"  target=\"_self\" itemprop=\"url\">\n\t\t\t\t<img decoding=\"async\" src=\"https:\/\/www.miamibeachfl.gov\/wp-content\/uploads\/2017\/11\/SouthBeachLoop.png\" alt=\"South Beach Trolley Loop\" itemprop=\"image\" height=\"376\" width=\"376\" title=\"Bouk Plaj Sid\" onerror=\"this.style.display='none'\" loading=\"lazy\" \/>\n\t\t\t\t<\/a>\n<h3>\n\t\t<a href=\"\/ht\/city-hall\/transportation\/trolley\/south-beach-trolley\/\" title=\"Bouk Sid Plaj\"  target=\"_self\">\n\t\t\tBouk Sid Plaj\t\t<\/a>\n\t<\/h3>\n\t\t\t\t<a href=\"\/ht\/city-hall\/transportation\/trolley\/middle-beach-loop\/\"  target=\"_self\" itemprop=\"url\">\n\t\t\t\t<img decoding=\"async\" src=\"https:\/\/www.miamibeachfl.gov\/wp-content\/uploads\/2017\/11\/MiddleBeachLoop.png\" alt=\"Middle Beach Loop Icon\" itemprop=\"image\" height=\"376\" width=\"376\" title=\"Bouk Plaj Mwayen\" onerror=\"this.style.display='none'\" loading=\"lazy\" \/>\n\t\t\t\t<\/a>\n<h3>\n\t\t<a href=\"\/ht\/city-hall\/transportation\/trolley\/middle-beach-loop\/\" title=\"Bouk Plaj Mwayen an\"  target=\"_self\">\n\t\t\tBouk Plaj Mwayen an\t\t<\/a>\n\t<\/h3>\n\t\t\t\t<a href=\"\/ht\/city-hall\/transportation\/trolley\/collins-express-2\/\"  target=\"_self\" itemprop=\"url\">\n\t\t\t\t<img decoding=\"async\" src=\"https:\/\/www.miamibeachfl.gov\/wp-content\/uploads\/2017\/11\/CollinsExpress.png\" alt=\"Collins Express Icon\" itemprop=\"image\" height=\"376\" width=\"376\" title=\"CollinsExpress\" onerror=\"this.style.display='none'\" loading=\"lazy\" \/>\n\t\t\t\t<\/a>\n<h3>\n\t\t<a href=\"\/ht\/city-hall\/transportation\/trolley\/collins-express-2\/\" title=\"Collins Express\"  target=\"_self\">\n\t\t\tCollins Express\t\t<\/a>\n\t<\/h3>\n\t\t\t\t<a href=\"\/ht\/city-hall\/transportation\/trolley\/north-beach-loop\/\"  target=\"_self\" itemprop=\"url\">\n\t\t\t\t<img decoding=\"async\" src=\"https:\/\/www.miamibeachfl.gov\/wp-content\/uploads\/2017\/11\/NorthBeachLoop.png\" alt=\"North Beach Loop Icon\" itemprop=\"image\" height=\"376\" width=\"376\" title=\"Bouk Plaj N\u00f2\" onerror=\"this.style.display='none'\" loading=\"lazy\" \/>\n\t\t\t\t<\/a>\n<h3>\n\t\t<a href=\"\/ht\/city-hall\/transportation\/trolley\/north-beach-loop\/\" title=\"Bouk N\u00f2 Plaj la\"  target=\"_self\">\n\t\t\tBouk N\u00f2 Plaj la\t\t<\/a>\n\t<\/h3>\n\t\t\t<a href=\"https:\/\/www.miamibeachfl.gov\/ht\/city-hall\/transportation\/trolley\/trolleytrackerapps\/\" target=\"_self\">\n\t\t\t\t\t\t\tAplikasyon pou swiv tras\n\t\t\t<\/a>\n\t\t\t<a href=\"\/wp-content\/uploads\/2026\/03\/Trolley_WebMapUpdate_2026_v04.pdf\" target=\"_self\">\n\t\t\t\t\t\t\tTelechaje Kat S\u00e8vis Trolley la\n\t\t\t<\/a>\n\t\t\t\t<a href=\"https:\/\/www.miamibeachfl.gov\/wp-content\/uploads\/2026\/03\/Trolley_WebMapUpdate_2026_v04.jpg\"  target=\"_self\" itemprop=\"url\">\n\t\t\t\t<img decoding=\"async\" src=\"https:\/\/www.miamibeachfl.gov\/wp-content\/uploads\/2026\/03\/Trolley_WebMapUpdate_2026_v04.jpg\" alt=\"Trolley map\" itemprop=\"image\" height=\"2133\" width=\"800\" title=\"Trolley_WebMapMizajou_2026_v04\" onerror=\"this.style.display='none'\" loading=\"lazy\" \/>\n\t\t\t\t<\/a>\n\t<h3><strong>Enf\u00f2masyon ak Kons\u00e8y Enp\u00f2tan<\/strong><\/h3>\n<ul>\n<li>Tout machin trolley yo gen nimewo idantifikasyon ki sitiye nan z\u00f2n devan an, anl\u00e8 chof\u00e8 a ak dey\u00f2 machin nan. L\u00e8 w ap rap\u00f2te yon pwobl\u00e8m, tanpri bay nimewo idantifikasyon machin nan, dat ak l\u00e8 ev\u00e8nman an te f\u00e8t.<\/li>\n<li>Chen s\u00e8vis yo dwe gen yon harnais oswa yon laisse epi yo dwe anba kontw\u00f2l tout tan. Tout l\u00f2t b\u00e8t yo dwe nan kaj ki ka anf\u00f2m anba ch\u00e8z charyo a.<\/li>\n<li>Pou asire sekirite pasaje yo, chof\u00e8 yo S\u00c8LMAN otorize pou pran\/depoze pasaje nan ar\u00e8 ki deziyen pou tramway yo.<\/li>\n<li>Pa gen dwa gen mizik ki f\u00f2, manje oswa bwason ab\u00f2 machin yo.<\/li>\n<li>Tout tramway yo aksesib pou bisikl\u00e8t, epi gen 2 etaj\u00e8 disponib pou depo.<\/li>\n<\/ul>\n<h3><strong>Lyen itil<\/strong><\/h3>\n<ul>\n<li><strong><a title=\"Dwa Kliyan yo\" href=\"\/ht\/city-hall\/transportation\/trolley\/customer-rights\/\" target=\"_blank\" rel=\"noopener noreferrer\">Gade Dwa Kliyan yo<\/a><\/strong><\/li>\n<li><strong><a title=\"Konf\u00f2m\/Fidbak\" href=\"\/ht\/city-hall\/transportation\/trolley\/trolley-feedback-form\/\" target=\"_blank\" rel=\"noopener noreferrer\">Ou vle depoze yon plent oswa bay fidbak?<\/a><\/strong><\/li>\n<li><strong><a href=\"\/wp-content\/uploads\/2020\/03\/CMB-Survey-Final-Report.pdf\">Rap\u00f2 Final Sondaj Trolley la<\/a><\/strong><\/li>\n<\/ul>\n<p>Pou kesyon, k\u00f2mant\u00e8, enkyetid, oswa bagay ki p\u00e8di, rele nou nan <a href=\"tel:3056737117\"><strong>305.673.7117<\/strong><\/a>.<\/p>\n<p>Nou ta renmen tande nouv\u00e8l ou!<\/p>\n\t<p>Planifye woulib gratis ou a av\u00e8k nou <a href=\"#mbtrolleytracker\"><strong>Suivi Trolley Miami Beach<\/strong><\/a> \u2013 oubyen telechaje a <strong><a href=\"#transitapp\">Aplikasyon Transp\u00f2<\/a>.\u00a0<\/strong><\/p>\n<p><strong><a href=\"https:\/\/www.miamibeachfl.gov\/ht\/city-hall\/transportation\/water-taxi\/\">Klike la a pou w\u00e8 paj enf\u00f2masyon sou Taksi Dlo a<\/a><\/strong>. <strong><a href=\"https:\/\/www.miamibeachfl.gov\/ht\/visit-miami-beach\/getting-around\/\">Gade resous pou deplase yo.<\/a><\/strong><\/p>\n\t<iframe loading=\"lazy\" src=\"https:\/\/maps.trilliumtransit.com\/map\/feed\/miamibeach-fl-us\" width=\"100%\" height=\"1300\" title=\"deskripsyon_kontni_iframe\">\n  <!-- Optional fallback content for browsers that don't support iframes -->\n  <p><a href=\"https:\/\/maps.trilliumtransit.com\/map\/feed\/miamibeach-fl-us\">Navigat\u00e8 w la pa sip\u00f2te fonksyon sa a, klike la a pou w\u00e8 sist\u00e8m swivi charyo a.<\/a><\/p>\n<\/iframe>\n\t\t\tAplikasyon Transp\u00f2\n\t\t\t\t<p>Aplikasyon Transp\u00f2 a amelyore kapasite ou pou swiv trolley yo an tan rey\u00e8l av\u00e8k fonksyonalite adisyon\u00e8l ki f\u00e8t pou amelyore eksperyans transp\u00f2 ou. Vil la kouvri pri ab\u00f2nman prim aplikasyon an, ke yo rele &quot;Royale,&quot; kidonk tout itilizat\u00e8 nou yo ka jwenn aks\u00e8 a fonksyonalite prim sa yo gratis l\u00e8 y ap swiv trolley yo nan Miami Beach.<\/p>\n\t<p><strong>K\u00f2manse av\u00e8k aplikasyon transp\u00f2 a nan twa etap fasil:<\/strong><\/p>\n<strong>1. Telechaje aplikasyon an:<br \/>\n<\/strong><br \/>\n<a href=\"https:\/\/itunes.apple.com\/app\/apple-store\/id498151501?pt=2090552&amp;ct=website-homepage&amp;mt=8\"><img loading=\"lazy\" decoding=\"async\" src=\"https:\/\/www.miamibeachfl.gov\/wp-content\/uploads\/2024\/01\/AppleStoreButton.png\" alt=\"Download App from Apple Store Button\" width=\"211\" height=\"63\" \/><\/a>\n<p><a href=\"https:\/\/play.google.com\/store\/apps\/details?id=com.thetransitapp.droid&amp;referrer=utm_source%3Dtransit%26utm_medium%3Dwebsite-homepage%26utm_campaign%3Dwebsite-homepage\"><img loading=\"lazy\" decoding=\"async\" src=\"https:\/\/www.miamibeachfl.gov\/wp-content\/uploads\/2024\/01\/GooglePlayButton.png\" alt=\"Download app on Google Play\" width=\"212\" height=\"63\" \/><\/a><\/p>\n<p><strong>2. Louvri aplikasyon an.<\/strong><\/p>\n<p><strong>3. Ch\u00e8che wout tramway Miami Beach yo pou k\u00f2manse swiv yo an tan rey\u00e8l.<\/strong><\/p>\n\t\t\t<a href=\"https:\/\/transitapp.com\/\" target=\"_self\">\n\t\t\t\t\t\tVizite sitw\u00e8b aplikasyon transp\u00f2 a pou plis enf\u00f2masyon\n\t\t\t\t\t<\/a>\n\t<p>Yon l\u00f2t opsyon se ekip s\u00e8vis kliyan nou an ki disponib nan <a href=\"tel:3056737117\">305.673.7117<\/a> pou bay l\u00e8 pou rive trolley a dir\u00e8kteman. Itilizat\u00e8 yo kapab voye yon mesaj t\u00e8ks bay nimewo ID ar\u00e8 Vil Miami Beach la (ki disponib sou tout siy ar\u00e8 trolley yo) pou <a href=\"tel:7869814545\">786.981.4545<\/a> pou resevwa l\u00e8 rive yo pa mesaj t\u00e8ks.<\/p>\n<p>S\u00e8vis tramway gratis Miami Beach la pou tout vil la fonksyone 15 \u00e8dtan pa jou, soti 8\u00e8 dimaten rive 11\u00e8 diswa, 7 jou pa sem\u00e8n ak yon frekans s\u00e8vis mway\u00e8n apepr\u00e8 20 minit sou chak wout.<\/p>\n\t<p><strong>Bezwen plis asistans?<\/strong> Si ou bezwen \u00e8d ak Aplikasyon Transit la oswa ou gen l\u00f2t kesyon sou s\u00e8vis tramway Miami Beach yo, tanpri kontakte s\u00e8vis kliyan nou an nan <a href=\"mailto:trolley@miamibeachfl.gov\">trolley@miamibeachfl.gov<\/a><\/p>\n<p><strong>Ansyen founis\u00e8 swivi charyo nan vil la, TSO Mobile, pa an s\u00e8vis ank\u00f2.<\/strong><\/p>","protected":false},"excerpt":{"rendered":"<p>Tramway gratis pou tout vil la Ak\u00e8y &gt; Lakou Vil la &gt; Transp\u00f2 ak Mobilite &gt; Tramway gratis pou tout vil la S\u00e8vis tramway pou tout vil la kounye a [\u2026]<\/p>","protected":false},"author":222,"featured_media":0,"parent":28743,"menu_order":248,"comment_status":"closed","ping_status":"closed","template":"","meta":{"_searchwp_excluded":"","site-sidebar-layout":"default","site-content-layout":"","ast-site-content-layout":"default","site-content-style":"default","site-sidebar-style":"default","ast-global-header-display":"","ast-banner-title-visibility":"","ast-main-header-display":"","ast-hfb-above-header-display":"","ast-hfb-below-header-display":"","ast-hfb-mobile-header-display":"","site-post-title":"","ast-breadcrumbs-content":"","ast-featured-img":"","footer-sml-layout":"","theme-transparent-header-meta":"","adv-header-id-meta":"","stick-header-meta":"","header-above-stick-meta":"","header-main-stick-meta":"","header-below-stick-meta":"","astra-migrate-meta-layouts":"default","ast-page-background-enabled":"default","ast-page-background-meta":{"desktop":{"background-color":"var(--ast-global-color-5)","background-image":"","background-repeat":"repeat","background-position":"center center","background-size":"auto","background-attachment":"scroll","background-type":"","background-media":"","overlay-type":"","overlay-color":"","overlay-opacity":"","overlay-gradient":""},"tablet":{"background-color":"","background-image":"","background-repeat":"repeat","background-position":"center center","background-size":"auto","background-attachment":"scroll","background-type":"","background-media":"","overlay-type":"","overlay-color":"","overlay-opacity":"","overlay-gradient":""},"mobile":{"background-color":"","background-image":"","background-repeat":"repeat","background-position":"center center","background-size":"auto","background-attachment":"scroll","background-type":"","background-media":"","overlay-type":"","overlay-color":"","overlay-opacity":"","overlay-gradient":""}},"ast-content-background-meta":{"desktop":{"background-color":"var(--ast-global-color-4)","background-image":"","background-repeat":"repeat","background-position":"center center","background-size":"auto","background-attachment":"scroll","background-type":"","background-media":"","overlay-type":"","overlay-color":"","overlay-opacity":"","overlay-gradient":""},"tablet":{"background-color":"var(--ast-global-color-4)","background-image":"","background-repeat":"repeat","background-position":"center center","background-size":"auto","background-attachment":"scroll","background-type":"","background-media":"","overlay-type":"","overlay-color":"","overlay-opacity":"","overlay-gradient":""},"mobile":{"background-color":"var(--ast-global-color-4)","background-image":"","background-repeat":"repeat","background-position":"center center","background-size":"auto","background-attachment":"scroll","background-type":"","background-media":"","overlay-type":"","overlay-color":"","overlay-opacity":"","overlay-gradient":""}},"footnotes":""},"categories":[],"tags":[],"class_list":["post-28744","page","type-page","status-publish","hentry"],"yoast_head":"<!-- This site is optimized with the Yoast SEO Premium plugin v26.6 (Yoast SEO v26.6) - https:\/\/yoast.com\/wordpress\/plugins\/seo\/ -->\n<title>Citywide Free Trolley - City of Miami Beach<\/title>\n<meta name=\"description\" content=\"The Miami Beach citywide trolley service currently operates 15 hours a day, from 8 a.m. to 11 p.m., 7 days a week at approximately 20-minute average service frequency along each route.\" \/>\n<meta name=\"robots\" content=\"index, follow, max-snippet:-1, max-image-preview:large, max-video-preview:-1\" \/>\n<link rel=\"canonical\" href=\"https:\/\/www.miamibeachfl.gov\/ht\/city-hall\/transportation\/trolley\/\" \/>\n<meta property=\"og:locale\" content=\"ht_HT\" \/>\n<meta property=\"og:type\" content=\"article\" \/>\n<meta property=\"og:title\" content=\"Citywide Free Trolley\" \/>\n<meta property=\"og:description\" content=\"The Miami Beach citywide trolley service currently operates 15 hours a day, from 8 a.m. to 11 p.m., 7 days a week at approximately 20-minute average service frequency along each route.\" \/>\n<meta property=\"og:url\" content=\"https:\/\/www.miamibeachfl.gov\/ht\/city-hall\/transportation\/trolley\/\" \/>\n<meta property=\"og:site_name\" content=\"City of Miami Beach\" \/>\n<meta property=\"article:publisher\" content=\"https:\/\/www.facebook.com\/cityofmiamibeach\" \/>\n<meta property=\"article:modified_time\" content=\"2026-03-06T21:20:17+00:00\" \/>\n<meta property=\"og:image\" content=\"https:\/\/www.miamibeachfl.gov\/wp-content\/uploads\/2026\/03\/trolleyillustration.png\" \/>\n<meta name=\"twitter:card\" content=\"summary_large_image\" \/>\n<meta name=\"twitter:site\" content=\"@Miamibeachnews\" \/>\n<script type=\"application\/ld+json\" class=\"yoast-schema-graph\">{\"@context\":\"https:\/\/schema.org\",\"@graph\":[{\"@type\":\"WebPage\",\"@id\":\"https:\/\/www.miamibeachfl.gov\/city-hall\/transportation\/trolley\/\",\"url\":\"https:\/\/www.miamibeachfl.gov\/city-hall\/transportation\/trolley\/\",\"name\":\"Citywide Free Trolley - City of Miami Beach\",\"isPartOf\":{\"@id\":\"https:\/\/www.miamibeachfl.gov\/#website\"},\"primaryImageOfPage\":{\"@id\":\"https:\/\/www.miamibeachfl.gov\/city-hall\/transportation\/trolley\/#primaryimage\"},\"image\":{\"@id\":\"https:\/\/www.miamibeachfl.gov\/city-hall\/transportation\/trolley\/#primaryimage\"},\"thumbnailUrl\":\"https:\/\/www.miamibeachfl.gov\/wp-content\/uploads\/2026\/03\/trolleyillustration.png\",\"datePublished\":\"2017-08-11T00:08:01+00:00\",\"dateModified\":\"2026-03-06T21:20:17+00:00\",\"description\":\"The Miami Beach citywide trolley service currently operates 15 hours a day, from 8 a.m. to 11 p.m., 7 days a week at approximately 20-minute average service frequency along each route.\",\"breadcrumb\":{\"@id\":\"https:\/\/www.miamibeachfl.gov\/city-hall\/transportation\/trolley\/#breadcrumb\"},\"inLanguage\":\"ht\",\"potentialAction\":[{\"@type\":\"ReadAction\",\"target\":[\"https:\/\/www.miamibeachfl.gov\/city-hall\/transportation\/trolley\/\"]}]},{\"@type\":\"ImageObject\",\"inLanguage\":\"ht\",\"@id\":\"https:\/\/www.miamibeachfl.gov\/city-hall\/transportation\/trolley\/#primaryimage\",\"url\":\"https:\/\/www.miamibeachfl.gov\/wp-content\/uploads\/2026\/03\/trolleyillustration.png\",\"contentUrl\":\"https:\/\/www.miamibeachfl.gov\/wp-content\/uploads\/2026\/03\/trolleyillustration.png\"},{\"@type\":\"BreadcrumbList\",\"@id\":\"https:\/\/www.miamibeachfl.gov\/city-hall\/transportation\/trolley\/#breadcrumb\",\"itemListElement\":[{\"@type\":\"ListItem\",\"position\":1,\"name\":\"Home\",\"item\":\"https:\/\/www.miamibeachfl.gov\/\"},{\"@type\":\"ListItem\",\"position\":2,\"name\":\"City Hall\",\"item\":\"https:\/\/www.miamibeachfl.gov\/city-hall\/\"},{\"@type\":\"ListItem\",\"position\":3,\"name\":\"Transportation &#038; Mobility\",\"item\":\"https:\/\/www.miamibeachfl.gov\/city-hall\/transportation\/\"},{\"@type\":\"ListItem\",\"position\":4,\"name\":\"Citywide Free Trolley\"}]},{\"@type\":\"WebSite\",\"@id\":\"https:\/\/www.miamibeachfl.gov\/#website\",\"url\":\"https:\/\/www.miamibeachfl.gov\/\",\"name\":\"City of Miami Beach\",\"description\":\"The official website of the City of Miami Beach. Stay informed, find important information on city services, news, alerts, events, trolley routes, government employment and more.\",\"publisher\":{\"@id\":\"https:\/\/www.miamibeachfl.gov\/#organization\"},\"potentialAction\":[{\"@type\":\"SearchAction\",\"target\":{\"@type\":\"EntryPoint\",\"urlTemplate\":\"https:\/\/www.miamibeachfl.gov\/?s={search_term_string}\"},\"query-input\":{\"@type\":\"PropertyValueSpecification\",\"valueRequired\":true,\"valueName\":\"search_term_string\"}}],\"inLanguage\":\"ht\"},{\"@type\":\"Organization\",\"@id\":\"https:\/\/www.miamibeachfl.gov\/#organization\",\"name\":\"City of Miami Beach\",\"url\":\"https:\/\/www.miamibeachfl.gov\/\",\"logo\":{\"@type\":\"ImageObject\",\"inLanguage\":\"ht\",\"@id\":\"https:\/\/www.miamibeachfl.gov\/#\/schema\/logo\/image\/\",\"url\":\"https:\/\/www.miamibeachfl.gov\/wp-content\/uploads\/2022\/06\/miamibeach-logoblue.png\",\"contentUrl\":\"https:\/\/www.miamibeachfl.gov\/wp-content\/uploads\/2022\/06\/miamibeach-logoblue.png\",\"width\":1962,\"height\":381,\"caption\":\"City of Miami Beach\"},\"image\":{\"@id\":\"https:\/\/www.miamibeachfl.gov\/#\/schema\/logo\/image\/\"},\"sameAs\":[\"https:\/\/www.facebook.com\/cityofmiamibeach\",\"https:\/\/x.com\/Miamibeachnews\",\"https:\/\/www.instagram.com\/miamibeachnews\/\"],\"description\":\"The official website of the City of Miami Beach. Stay informed, find important information on city services, news, alerts, events, trolley routes, government employment and more.\",\"telephone\":\"305.604.CITY(2489)\",\"legalName\":\"City of Miami Beach\"}]}<\/script>\n<!-- \/ Yoast SEO Premium plugin. -->","yoast_head_json":{"title":"Tramway gratis pou tout vil la - Vil Miami Beach","description":"S\u00e8vis tramway Miami Beach la fonksyone kounye a 15 \u00e8dtan pa jou, soti 8\u00e8 dimaten rive 11\u00e8 diswa, 7 jou pa sem\u00e8n ak yon frekans s\u00e8vis mway\u00e8n apepr\u00e8 20 minit sou chak wout.","robots":{"index":"index","follow":"follow","max-snippet":"max-snippet:-1","max-image-preview":"max-image-preview:large","max-video-preview":"max-video-preview:-1"},"canonical":"https:\/\/www.miamibeachfl.gov\/ht\/city-hall\/transportation\/trolley\/","og_locale":"ht_HT","og_type":"article","og_title":"Citywide Free Trolley","og_description":"The Miami Beach citywide trolley service currently operates 15 hours a day, from 8 a.m. to 11 p.m., 7 days a week at approximately 20-minute average service frequency along each route.","og_url":"https:\/\/www.miamibeachfl.gov\/ht\/city-hall\/transportation\/trolley\/","og_site_name":"City of Miami Beach","article_publisher":"https:\/\/www.facebook.com\/cityofmiamibeach","article_modified_time":"2026-03-06T21:20:17+00:00","og_image":[{"url":"https:\/\/www.miamibeachfl.gov\/wp-content\/uploads\/2026\/03\/trolleyillustration.png","type":"","width":"","height":""}],"twitter_card":"summary_large_image","twitter_site":"@Miamibeachnews","schema":{"@context":"https:\/\/schema.org","@graph":[{"@type":"WebPage","@id":"https:\/\/www.miamibeachfl.gov\/city-hall\/transportation\/trolley\/","url":"https:\/\/www.miamibeachfl.gov\/city-hall\/transportation\/trolley\/","name":"Tramway gratis pou tout vil la - Vil Miami Beach","isPartOf":{"@id":"https:\/\/www.miamibeachfl.gov\/#website"},"primaryImageOfPage":{"@id":"https:\/\/www.miamibeachfl.gov\/city-hall\/transportation\/trolley\/#primaryimage"},"image":{"@id":"https:\/\/www.miamibeachfl.gov\/city-hall\/transportation\/trolley\/#primaryimage"},"thumbnailUrl":"https:\/\/www.miamibeachfl.gov\/wp-content\/uploads\/2026\/03\/trolleyillustration.png","datePublished":"2017-08-11T00:08:01+00:00","dateModified":"2026-03-06T21:20:17+00:00","description":"S\u00e8vis tramway Miami Beach la fonksyone kounye a 15 \u00e8dtan pa jou, soti 8\u00e8 dimaten rive 11\u00e8 diswa, 7 jou pa sem\u00e8n ak yon frekans s\u00e8vis mway\u00e8n apepr\u00e8 20 minit sou chak wout.","breadcrumb":{"@id":"https:\/\/www.miamibeachfl.gov\/city-hall\/transportation\/trolley\/#breadcrumb"},"inLanguage":"ht","potentialAction":[{"@type":"ReadAction","target":["https:\/\/www.miamibeachfl.gov\/city-hall\/transportation\/trolley\/"]}]},{"@type":"ImageObject","inLanguage":"ht","@id":"https:\/\/www.miamibeachfl.gov\/city-hall\/transportation\/trolley\/#primaryimage","url":"https:\/\/www.miamibeachfl.gov\/wp-content\/uploads\/2026\/03\/trolleyillustration.png","contentUrl":"https:\/\/www.miamibeachfl.gov\/wp-content\/uploads\/2026\/03\/trolleyillustration.png"},{"@type":"BreadcrumbList","@id":"https:\/\/www.miamibeachfl.gov\/city-hall\/transportation\/trolley\/#breadcrumb","itemListElement":[{"@type":"ListItem","position":1,"name":"Home","item":"https:\/\/www.miamibeachfl.gov\/"},{"@type":"ListItem","position":2,"name":"City Hall","item":"https:\/\/www.miamibeachfl.gov\/city-hall\/"},{"@type":"ListItem","position":3,"name":"Transportation &#038; Mobility","item":"https:\/\/www.miamibeachfl.gov\/city-hall\/transportation\/"},{"@type":"ListItem","position":4,"name":"Citywide Free Trolley"}]},{"@type":"WebSite","@id":"https:\/\/www.miamibeachfl.gov\/#website","url":"https:\/\/www.miamibeachfl.gov\/","name":"Vil Miami Beach","description":"Sitw\u00e8b ofisy\u00e8l Vil Miami Beach la. Rete enf\u00f2me, jwenn enf\u00f2masyon enp\u00f2tan sou s\u00e8vis vil la, nouv\u00e8l, al\u00e8t, ev\u00e8nman, wout tramway, travay gouv\u00e8nman an ak plis ank\u00f2.","publisher":{"@id":"https:\/\/www.miamibeachfl.gov\/#organization"},"potentialAction":[{"@type":"SearchAction","target":{"@type":"EntryPoint","urlTemplate":"https:\/\/www.miamibeachfl.gov\/?s={search_term_string}"},"query-input":{"@type":"PropertyValueSpecification","valueRequired":true,"valueName":"search_term_string"}}],"inLanguage":"ht"},{"@type":"Organization","@id":"https:\/\/www.miamibeachfl.gov\/#organization","name":"Vil Miami Beach","url":"https:\/\/www.miamibeachfl.gov\/","logo":{"@type":"ImageObject","inLanguage":"ht","@id":"https:\/\/www.miamibeachfl.gov\/#\/schema\/logo\/image\/","url":"https:\/\/www.miamibeachfl.gov\/wp-content\/uploads\/2022\/06\/miamibeach-logoblue.png","contentUrl":"https:\/\/www.miamibeachfl.gov\/wp-content\/uploads\/2022\/06\/miamibeach-logoblue.png","width":1962,"height":381,"caption":"City of Miami Beach"},"image":{"@id":"https:\/\/www.miamibeachfl.gov\/#\/schema\/logo\/image\/"},"sameAs":["https:\/\/www.facebook.com\/cityofmiamibeach","https:\/\/x.com\/Miamibeachnews","https:\/\/www.instagram.com\/miamibeachnews\/"],"description":"Sitw\u00e8b ofisy\u00e8l Vil Miami Beach la. Rete enf\u00f2me, jwenn enf\u00f2masyon enp\u00f2tan sou s\u00e8vis vil la, nouv\u00e8l, al\u00e8t, ev\u00e8nman, wout tramway, travay gouv\u00e8nman an ak plis ank\u00f2.","telephone":"305.604.CITY(2489)","legalName":"City of Miami Beach"}]}},"_links":{"self":[{"href":"https:\/\/www.miamibeachfl.gov\/ht\/wp-json\/wp\/v2\/pages\/28744","targetHints":{"allow":["GET"]}}],"collection":[{"href":"https:\/\/www.miamibeachfl.gov\/ht\/wp-json\/wp\/v2\/pages"}],"about":[{"href":"https:\/\/www.miamibeachfl.gov\/ht\/wp-json\/wp\/v2\/types\/page"}],"author":[{"embeddable":true,"href":"https:\/\/www.miamibeachfl.gov\/ht\/wp-json\/wp\/v2\/users\/222"}],"replies":[{"embeddable":true,"href":"https:\/\/www.miamibeachfl.gov\/ht\/wp-json\/wp\/v2\/comments?post=28744"}],"version-history":[{"count":0,"href":"https:\/\/www.miamibeachfl.gov\/ht\/wp-json\/wp\/v2\/pages\/28744\/revisions"}],"up":[{"embeddable":true,"href":"https:\/\/www.miamibeachfl.gov\/ht\/wp-json\/wp\/v2\/pages\/28743"}],"wp:attachment":[{"href":"https:\/\/www.miamibeachfl.gov\/ht\/wp-json\/wp\/v2\/media?parent=28744"}],"wp:term":[{"taxonomy":"category","embeddable":true,"href":"https:\/\/www.miamibeachfl.gov\/ht\/wp-json\/wp\/v2\/categories?post=28744"},{"taxonomy":"post_tag","embeddable":true,"href":"https:\/\/www.miamibeachfl.gov\/ht\/wp-json\/wp\/v2\/tags?post=28744"}],"curies":[{"name":"wp","href":"https:\/\/api.w.org\/{rel}","templated":true}]}}