{"id":28748,"date":"2017-08-11T00:08:03","date_gmt":"2017-08-11T00:08:03","guid":{"rendered":"http:\/\/www.miamibeachfl.gov\/city-hall\/transportation\/trolley\/north-beach-loop\/"},"modified":"2026-01-06T12:27:47","modified_gmt":"2026-01-06T17:27:47","slug":"north-beach-loop","status":"publish","type":"page","link":"https:\/\/www.miamibeachfl.gov\/ht\/city-hall\/transportation\/trolley\/north-beach-loop\/","title":{"rendered":"Bouk N\u00f2 Plaj la"},"content":{"rendered":"<h1>\n\t\t\tBouk N\u00f2 Plaj la\t<\/h1>\n\t<nav id=\"breadcrumbs\" aria-label=\"Pen griye\"><a href=\"https:\/\/www.miamibeachfl.gov\/ht\/\">Lakay<\/a> &gt; <a href=\"https:\/\/www.miamibeachfl.gov\/ht\/city-hall\/\">Lakou Vil la<\/a> &gt; <a href=\"https:\/\/www.miamibeachfl.gov\/ht\/city-hall\/transportation\/\">Transp\u00f2 ak Mobilite<\/a> &gt; <a href=\"https:\/\/www.miamibeachfl.gov\/ht\/city-hall\/transportation\/trolley\/\">Tramway gratis pou tout vil la<\/a> &gt; <strong>Bouk N\u00f2 Plaj la<\/strong><\/nav>\n\t<p>Bouk North Beach la fonksyone 7 jou sou 7, 15 \u00e8dtan pa jou soti 8 am rive 11 pm ak yon frekans s\u00e8vis apepr\u00e8 20 minit.<\/p>\n<p>Yo te lanse North Beach Loop la an Okt\u00f2b 2014 epi li bay yon koneksyon fyab ak souvan ant Allison Park, Publix sou 69y\u00e8m Ri, North Shore Open Space Park, Stillwater Park, North Shore Branch Library, Crespi Park, North Shore Youth Center, Normandy Isle Park ak Pool, ak l\u00f2t destinasyon.<\/p>\n<p>Lis ar\u00e8 yo ak aliyman wout la par\u00e8t anba a.<\/p>\n<h2>Kat jeyografik Bouk Plaj N\u00f2 a<\/h2>\n<p><a href=\"https:\/\/www.miamibeachfl.gov\/wp-content\/uploads\/2026\/01\/5.-North-Beach-Loop-optimized.jpg\"><img loading=\"lazy\" decoding=\"async\" src=\"https:\/\/www.miamibeachfl.gov\/wp-content\/uploads\/2026\/01\/5.-North-Beach-Loop-optimized.jpg\" alt=\"North Beach Loop Map\" width=\"800\" height=\"902\" \/><\/a><\/p>\n<p>&nbsp;<\/p>\n<p><a href=\"http:\/\/www.miamibeachfl.gov\/wp-content\/uploads\/2019\/01\/5.-North-Beach-Loop.pdf\">Telechaje North Beach Loop an pdf<\/a><\/p>\n<h3>Ar\u00e8 Bouk North Beach yo<\/h3>\n<table>\n<tbody>\n<tr>\n<th>Ri Prensipal<\/th>\n<th>Kwa Ri<\/th>\n<th>Direksyon<\/th>\n<th>ID ar\u00e8<\/th>\n<th>Transfere nan<\/th>\n<\/tr>\n<tr>\n<td>65y\u00e8m Ri<\/td>\n<td>Avni Collins<\/td>\n<td>EB<\/td>\n<td>300<\/td>\n\n<\/tr>\n<tr>\n<td>Avni Collins<\/td>\n<td>Ri 67<\/td>\n<td>NB<\/td>\n<td>301<\/td>\n<td>Collins Express<\/td>\n<\/tr>\n<tr>\n<td>Avni Collins<\/td>\n<td>Ri 69<\/td>\n<td>NB<\/td>\n<td>302<\/td>\n<td>Collins Express<\/td>\n<\/tr>\n<tr>\n<td>Avni Collins<\/td>\n<td>72y\u00e8m Ri<\/td>\n<td>NB<\/td>\n<td>303<\/td>\n<td>Collins Express<\/td>\n<\/tr>\n<tr>\n<td>Avni Collins<\/td>\n<td>76y\u00e8m Ri<\/td>\n<td>NB<\/td>\n<td>304<\/td>\n\n<\/tr>\n<tr>\n<td>Avni Collins<\/td>\n<td>77y\u00e8m Ri<\/td>\n<td>NB<\/td>\n<td>305<\/td>\n<td>Collins Express<\/td>\n<\/tr>\n<tr>\n<td>Avni Collins<\/td>\n<td>79y\u00e8m Ri<\/td>\n<td>NB<\/td>\n<td>306<\/td>\n\n<\/tr>\n<tr>\n<td>Avni Collins<\/td>\n<td>81y\u00e8m Ri<\/td>\n<td>NB<\/td>\n<td>307<\/td>\n<td>Collins Express<\/td>\n<\/tr>\n<tr>\n<td>Avni Collins<\/td>\n<td>83y\u00e8m Ri<\/td>\n<td>NB<\/td>\n<td>308<\/td>\n\n<\/tr>\n<tr>\n<td>Avni Collins<\/td>\n<td>85y\u00e8m Ri<\/td>\n<td>NB<\/td>\n<td>309<\/td>\n<td>Collins Express<\/td>\n<\/tr>\n<tr>\n<td>Avni Collins<\/td>\n<td>87y\u00e8m Ri<\/td>\n<td>NB<\/td>\n<td>310<\/td>\n\n<\/tr>\n<tr>\n<td>Avni Harding<\/td>\n<td>87y\u00e8m Ri<\/td>\n<td>SB<\/td>\n<td>312<\/td>\n<td>Collins Express<\/td>\n<\/tr>\n<tr>\n<td>Avni Harding<\/td>\n<td>85y\u00e8m Ri<\/td>\n<td>SB<\/td>\n<td>313<\/td>\n<td>Collins Express<\/td>\n<\/tr>\n<tr>\n<td>85y\u00e8m Ri<\/td>\n<td>Avni Byron<\/td>\n<td>WB<\/td>\n<td>314<\/td>\n\n<\/tr>\n<tr>\n<td>85y\u00e8m Ri<\/td>\n<td>Avni Hawthorne<\/td>\n<td>WB<\/td>\n<td>316<\/td>\n\n<\/tr>\n<tr>\n<td>Avni Hawthorne<\/td>\n<td>Stillwater Drive<\/td>\n<td>SB<\/td>\n<td>317<\/td>\n\n<\/tr>\n<tr>\n<td>Avni Hawthorne<\/td>\n<td>81y\u00e8m Ri<\/td>\n<td>SB<\/td>\n<td>319<\/td>\n\n<\/tr>\n<tr>\n<td>Boulevard Crespi<\/td>\n<td>79y\u00e8m Ri<\/td>\n<td>SB<\/td>\n<td>320<\/td>\n\n<\/tr>\n<tr>\n<td>77y\u00e8m Ri<\/td>\n<td>Avni Hawthorne<\/td>\n<td>EB<\/td>\n<td>321<\/td>\n\n<\/tr>\n<tr>\n<td>77y\u00e8m Ri<\/td>\n<td>Tatum Waterway Drive<\/td>\n<td>EB<\/td>\n<td>323<\/td>\n\n<\/tr>\n<tr>\n<td>Avni Dickens<\/td>\n<td>75y\u00e8m Ri<\/td>\n<td>SB<\/td>\n<td>324<\/td>\n\n<\/tr>\n<tr>\n<td>73y\u00e8m Ri<\/td>\n<td>Avni Byron<\/td>\n<td>EB<\/td>\n<td>325<\/td>\n\n<\/tr>\n<tr>\n<td>Avni Harding<\/td>\n<td>72y\u00e8m Ri<\/td>\n<td>SB<\/td>\n<td>326<\/td>\n<td>Collins Express<\/td>\n<\/tr>\n<tr>\n<td>71y\u00e8m Ri<\/td>\n<td>Avni Byron<\/td>\n<td>WB<\/td>\n<td>327<\/td>\n\n<\/tr>\n<tr>\n<td>71y\u00e8m Ri<\/td>\n<td>Bonita Drive<\/td>\n<td>WB<\/td>\n<td>328<\/td>\n\n<\/tr>\n<tr>\n<td>Normandy Drive<\/td>\n<td>Bay Drive<\/td>\n<td>WB<\/td>\n<td>328-1<\/td>\n\n<\/tr>\n<tr>\n<td>Normandy Drive<\/td>\n<td>Ri V\u00e8say Drive<\/td>\n<td>WB<\/td>\n<td>329<\/td>\n\n<\/tr>\n<tr>\n<td>Normandy Drive<\/td>\n<td>Ri Notre Dame<\/td>\n<td>WB<\/td>\n<td>331<\/td>\n\n<\/tr>\n<tr>\n<td>Normandy Drive<\/td>\n<td>Ri B\u00f2do Drive<\/td>\n<td>WB<\/td>\n<td>333<\/td>\n\n<\/tr>\n<tr>\n<td>Normandy Drive<\/td>\n<td>Esplanad Trouville<\/td>\n<td>WB<\/td>\n<td>334<\/td>\n\n<\/tr>\n<tr>\n<td>Normandy Drive<\/td>\n<td>Ri Granville<\/td>\n<td>WB<\/td>\n<td>335<\/td>\n\n<\/tr>\n<tr>\n<td>71y\u00e8m Ri<\/td>\n<td>Biarritz Drive<\/td>\n<td>EB<\/td>\n<td>336<\/td>\n\n<\/tr>\n<tr>\n<td>71y\u00e8m Ri<\/td>\n<td>Ri Granville<\/td>\n<td>EB<\/td>\n<td>337<\/td>\n\n<\/tr>\n<tr>\n<td>71y\u00e8m Ri<\/td>\n<td>Esplanad Trouville<\/td>\n<td>EB<\/td>\n<td>338<\/td>\n\n<\/tr>\n<tr>\n<td>71y\u00e8m Ri<\/td>\n<td>Ri B\u00f2do Drive<\/td>\n<td>EB<\/td>\n<td>339<\/td>\n\n<\/tr>\n<tr>\n<td>71y\u00e8m Ri<\/td>\n<td>Ri Notre Dame<\/td>\n<td>EB<\/td>\n<td>340<\/td>\n\n<\/tr>\n<tr>\n<td>71y\u00e8m Ri<\/td>\n<td>Ri V\u00e8say Drive<\/td>\n<td>EB<\/td>\n<td>341<\/td>\n\n<\/tr>\n<tr>\n<td>71y\u00e8m Ri<\/td>\n<td>Bay Drive<\/td>\n<td>EB<\/td>\n<td>342<\/td>\n\n<\/tr>\n<tr>\n<td>71y\u00e8m Ri<\/td>\n<td>Indian Creek Drive<\/td>\n<td>EB<\/td>\n<td>343<\/td>\n\n<\/tr>\n<tr>\n<td>71y\u00e8m Ri<\/td>\n<td>Avni Byron<\/td>\n<td>EB<\/td>\n<td>344<\/td>\n\n<\/tr>\n<tr>\n<td>Avni Abbott<\/td>\n<td>Ri 69<\/td>\n<td>SB<\/td>\n<td>345<\/td>\n<td>Collins Express<\/td>\n<\/tr>\n<tr>\n<td>Avni Abbott<\/td>\n<td>Indian Creek Drive<\/td>\n<td>SB<\/td>\n<td>346<\/td>\n\n<\/tr>\n<\/tbody>\n<\/table>\n\t\tNavige pou ale nan\u2026\t\t\t\n\t\t\t\t\t<ul id=\"menu-transportation-citywide-trolley\"><li id=\"menu-item-363625\"><a href=\"\/ht\/city-hall\/transportation\/trolley\/collins-express-2\/\">Collins Express<\/a><\/li>\n<li id=\"menu-item-363626\"><a href=\"\/ht\/city-hall\/transportation\/trolley\/trolley-feedback-form\/\">Kontakte nou<\/a><\/li>\n<li id=\"menu-item-363627\"><a href=\"\/ht\/city-hall\/transportation\/trolley\/customer-rights\/\">Dwa Kliyan yo<\/a><\/li>\n<li id=\"menu-item-363628\"><a href=\"\/ht\/city-hall\/transportation\/trolley\/middle-beach-loop\/\">Bouk Plaj Mwayen an<\/a><\/li>\n<li id=\"menu-item-363629\"><a href=\"\/ht\/city-hall\/transportation\/trolley\/mount-sinai-link\/\">Lyen M\u00f2n Sinayi<\/a><\/li>\n<li id=\"menu-item-363630\"><a href=\"\/ht\/city-hall\/transportation\/trolley\/north-beach-loop\/\">Bouk N\u00f2 Plaj la<\/a><\/li>\n<li id=\"menu-item-363631\"><a href=\"\/ht\/city-hall\/transportation\/trolley\/south-beach-trolley\/\">Tramway South Beach<\/a><\/li>\n<li id=\"menu-item-363632\"><a href=\"\/ht\/city-hall\/transportation\/trolley\/trolleytrackerapps\/\">Aplikasyon pou swiv charyo<\/a><\/li>\n<\/ul>\t\n\t<div class=\"page-navigation\"><a class=\"prev-page\" href=\"https:\/\/www.miamibeachfl.gov\/ht\/residents\/neighborhood-affairs-division\/active-projects\/neighborhood-improvements\/\">\u2190 Amelyorasyon Katye yo<\/a> <a class=\"next-page\" href=\"https:\/\/www.miamibeachfl.gov\/ht\/projects\/fire-flow-packages\/\">Pak\u00e8 Koule Dife \u2192<\/a><\/div>","protected":false},"excerpt":{"rendered":"<p>North Beach Loop Home &gt; City Hall &gt; Transportation &#038; Mobility &gt; Citywide Free Trolley &gt; North Beach Loop North [&hellip;]<\/p>\n","protected":false},"author":222,"featured_media":0,"parent":28744,"menu_order":223,"comment_status":"closed","ping_status":"closed","template":"","meta":{"_searchwp_excluded":"","site-sidebar-layout":"default","site-content-layout":"","ast-site-content-layout":"default","site-content-style":"default","site-sidebar-style":"default","ast-global-header-display":"","ast-banner-title-visibility":"","ast-main-header-display":"","ast-hfb-above-header-display":"","ast-hfb-below-header-display":"","ast-hfb-mobile-header-display":"","site-post-title":"","ast-breadcrumbs-content":"","ast-featured-img":"","footer-sml-layout":"","theme-transparent-header-meta":"","adv-header-id-meta":"","stick-header-meta":"","header-above-stick-meta":"","header-main-stick-meta":"","header-below-stick-meta":"","astra-migrate-meta-layouts":"default","ast-page-background-enabled":"default","ast-page-background-meta":{"desktop":{"background-color":"var(--ast-global-color-5)","background-image":"","background-repeat":"repeat","background-position":"center center","background-size":"auto","background-attachment":"scroll","background-type":"","background-media":"","overlay-type":"","overlay-color":"","overlay-opacity":"","overlay-gradient":""},"tablet":{"background-color":"","background-image":"","background-repeat":"repeat","background-position":"center center","background-size":"auto","background-attachment":"scroll","background-type":"","background-media":"","overlay-type":"","overlay-color":"","overlay-opacity":"","overlay-gradient":""},"mobile":{"background-color":"","background-image":"","background-repeat":"repeat","background-position":"center center","background-size":"auto","background-attachment":"scroll","background-type":"","background-media":"","overlay-type":"","overlay-color":"","overlay-opacity":"","overlay-gradient":""}},"ast-content-background-meta":{"desktop":{"background-color":"var(--ast-global-color-4)","background-image":"","background-repeat":"repeat","background-position":"center center","background-size":"auto","background-attachment":"scroll","background-type":"","background-media":"","overlay-type":"","overlay-color":"","overlay-opacity":"","overlay-gradient":""},"tablet":{"background-color":"var(--ast-global-color-4)","background-image":"","background-repeat":"repeat","background-position":"center center","background-size":"auto","background-attachment":"scroll","background-type":"","background-media":"","overlay-type":"","overlay-color":"","overlay-opacity":"","overlay-gradient":""},"mobile":{"background-color":"var(--ast-global-color-4)","background-image":"","background-repeat":"repeat","background-position":"center center","background-size":"auto","background-attachment":"scroll","background-type":"","background-media":"","overlay-type":"","overlay-color":"","overlay-opacity":"","overlay-gradient":""}},"footnotes":""},"categories":[],"tags":[],"class_list":["post-28748","page","type-page","status-publish","hentry"],"yoast_head":"<!-- This site is optimized with the Yoast SEO Premium plugin v27.4 (Yoast SEO v27.4) - https:\/\/yoast.com\/product\/yoast-seo-premium-wordpress\/ -->\n<title>North Beach Loop - City of Miami Beach<\/title>\n<meta name=\"description\" content=\"%\" \/>\n<meta name=\"robots\" content=\"index, follow, max-snippet:-1, max-image-preview:large, max-video-preview:-1\" \/>\n<link rel=\"canonical\" href=\"https:\/\/www.miamibeachfl.gov\/ht\/city-hall\/transportation\/trolley\/north-beach-loop\/\" \/>\n<meta property=\"og:locale\" content=\"ht_HT\" \/>\n<meta property=\"og:type\" content=\"article\" \/>\n<meta property=\"og:title\" content=\"North Beach Loop\" \/>\n<meta property=\"og:description\" content=\"%\" \/>\n<meta property=\"og:url\" content=\"https:\/\/www.miamibeachfl.gov\/ht\/city-hall\/transportation\/trolley\/north-beach-loop\/\" \/>\n<meta property=\"og:site_name\" content=\"City of Miami Beach\" \/>\n<meta property=\"article:publisher\" content=\"https:\/\/www.facebook.com\/cityofmiamibeach\" \/>\n<meta property=\"article:modified_time\" content=\"2026-01-06T17:27:47+00:00\" \/>\n<meta property=\"og:image\" content=\"https:\/\/www.miamibeachfl.gov\/wp-content\/uploads\/2026\/01\/5.-North-Beach-Loop-optimized.jpg\" \/>\n<meta name=\"twitter:card\" content=\"summary_large_image\" \/>\n<meta name=\"twitter:site\" content=\"@Miamibeachnews\" \/>\n<script type=\"application\/ld+json\" class=\"yoast-schema-graph\">{\"@context\":\"https:\\\/\\\/schema.org\",\"@graph\":[{\"@type\":\"WebPage\",\"@id\":\"https:\\\/\\\/www.miamibeachfl.gov\\\/city-hall\\\/transportation\\\/trolley\\\/north-beach-loop\\\/\",\"url\":\"https:\\\/\\\/www.miamibeachfl.gov\\\/city-hall\\\/transportation\\\/trolley\\\/north-beach-loop\\\/\",\"name\":\"North Beach Loop - City of Miami Beach\",\"isPartOf\":{\"@id\":\"https:\\\/\\\/www.miamibeachfl.gov\\\/#website\"},\"primaryImageOfPage\":{\"@id\":\"https:\\\/\\\/www.miamibeachfl.gov\\\/city-hall\\\/transportation\\\/trolley\\\/north-beach-loop\\\/#primaryimage\"},\"image\":{\"@id\":\"https:\\\/\\\/www.miamibeachfl.gov\\\/city-hall\\\/transportation\\\/trolley\\\/north-beach-loop\\\/#primaryimage\"},\"thumbnailUrl\":\"https:\\\/\\\/www.miamibeachfl.gov\\\/wp-content\\\/uploads\\\/2026\\\/01\\\/5.-North-Beach-Loop-optimized.jpg\",\"datePublished\":\"2017-08-11T00:08:03+00:00\",\"dateModified\":\"2026-01-06T17:27:47+00:00\",\"description\":\"%\",\"breadcrumb\":{\"@id\":\"https:\\\/\\\/www.miamibeachfl.gov\\\/city-hall\\\/transportation\\\/trolley\\\/north-beach-loop\\\/#breadcrumb\"},\"inLanguage\":\"ht\",\"potentialAction\":[{\"@type\":\"ReadAction\",\"target\":[\"https:\\\/\\\/www.miamibeachfl.gov\\\/city-hall\\\/transportation\\\/trolley\\\/north-beach-loop\\\/\"]}]},{\"@type\":\"ImageObject\",\"inLanguage\":\"ht\",\"@id\":\"https:\\\/\\\/www.miamibeachfl.gov\\\/city-hall\\\/transportation\\\/trolley\\\/north-beach-loop\\\/#primaryimage\",\"url\":\"https:\\\/\\\/www.miamibeachfl.gov\\\/wp-content\\\/uploads\\\/2026\\\/01\\\/5.-North-Beach-Loop-optimized.jpg\",\"contentUrl\":\"https:\\\/\\\/www.miamibeachfl.gov\\\/wp-content\\\/uploads\\\/2026\\\/01\\\/5.-North-Beach-Loop-optimized.jpg\"},{\"@type\":\"BreadcrumbList\",\"@id\":\"https:\\\/\\\/www.miamibeachfl.gov\\\/city-hall\\\/transportation\\\/trolley\\\/north-beach-loop\\\/#breadcrumb\",\"itemListElement\":[{\"@type\":\"ListItem\",\"position\":1,\"name\":\"Home\",\"item\":\"https:\\\/\\\/www.miamibeachfl.gov\\\/\"},{\"@type\":\"ListItem\",\"position\":2,\"name\":\"City Hall\",\"item\":\"https:\\\/\\\/www.miamibeachfl.gov\\\/city-hall\\\/\"},{\"@type\":\"ListItem\",\"position\":3,\"name\":\"Transportation &#038; Mobility\",\"item\":\"https:\\\/\\\/www.miamibeachfl.gov\\\/city-hall\\\/transportation\\\/\"},{\"@type\":\"ListItem\",\"position\":4,\"name\":\"Citywide Free Trolley\",\"item\":\"https:\\\/\\\/www.miamibeachfl.gov\\\/city-hall\\\/transportation\\\/trolley\\\/\"},{\"@type\":\"ListItem\",\"position\":5,\"name\":\"North Beach Loop\"}]},{\"@type\":\"WebSite\",\"@id\":\"https:\\\/\\\/www.miamibeachfl.gov\\\/#website\",\"url\":\"https:\\\/\\\/www.miamibeachfl.gov\\\/\",\"name\":\"City of Miami Beach\",\"description\":\"The official website of the City of Miami Beach. Stay informed, find important information on city services, news, alerts, events, trolley routes, government employment and more.\",\"publisher\":{\"@id\":\"https:\\\/\\\/www.miamibeachfl.gov\\\/#organization\"},\"potentialAction\":[{\"@type\":\"SearchAction\",\"target\":{\"@type\":\"EntryPoint\",\"urlTemplate\":\"https:\\\/\\\/www.miamibeachfl.gov\\\/?s={search_term_string}\"},\"query-input\":{\"@type\":\"PropertyValueSpecification\",\"valueRequired\":true,\"valueName\":\"search_term_string\"}}],\"inLanguage\":\"ht\"},{\"@type\":\"Organization\",\"@id\":\"https:\\\/\\\/www.miamibeachfl.gov\\\/#organization\",\"name\":\"City of Miami Beach\",\"url\":\"https:\\\/\\\/www.miamibeachfl.gov\\\/\",\"logo\":{\"@type\":\"ImageObject\",\"inLanguage\":\"ht\",\"@id\":\"https:\\\/\\\/www.miamibeachfl.gov\\\/#\\\/schema\\\/logo\\\/image\\\/\",\"url\":\"https:\\\/\\\/www.miamibeachfl.gov\\\/wp-content\\\/uploads\\\/2022\\\/06\\\/miamibeach-logoblue.png\",\"contentUrl\":\"https:\\\/\\\/www.miamibeachfl.gov\\\/wp-content\\\/uploads\\\/2022\\\/06\\\/miamibeach-logoblue.png\",\"width\":1962,\"height\":381,\"caption\":\"City of Miami Beach\"},\"image\":{\"@id\":\"https:\\\/\\\/www.miamibeachfl.gov\\\/#\\\/schema\\\/logo\\\/image\\\/\"},\"sameAs\":[\"https:\\\/\\\/www.facebook.com\\\/cityofmiamibeach\",\"https:\\\/\\\/x.com\\\/Miamibeachnews\",\"https:\\\/\\\/www.instagram.com\\\/miamibeachnews\\\/\"],\"description\":\"The official website of the City of Miami Beach. Stay informed, find important information on city services, news, alerts, events, trolley routes, government employment and more.\",\"telephone\":\"305.604.CITY(2489)\",\"legalName\":\"City of Miami Beach\"}]}<\/script>\n<!-- \/ Yoast SEO Premium plugin. -->","yoast_head_json":{"title":"Bouk N\u00f2 Plaj - Vil Miami Beach","description":"%","robots":{"index":"index","follow":"follow","max-snippet":"max-snippet:-1","max-image-preview":"max-image-preview:large","max-video-preview":"max-video-preview:-1"},"canonical":"https:\/\/www.miamibeachfl.gov\/ht\/city-hall\/transportation\/trolley\/north-beach-loop\/","og_locale":"ht_HT","og_type":"article","og_title":"North Beach Loop","og_description":"%","og_url":"https:\/\/www.miamibeachfl.gov\/ht\/city-hall\/transportation\/trolley\/north-beach-loop\/","og_site_name":"City of Miami Beach","article_publisher":"https:\/\/www.facebook.com\/cityofmiamibeach","article_modified_time":"2026-01-06T17:27:47+00:00","og_image":[{"url":"https:\/\/www.miamibeachfl.gov\/wp-content\/uploads\/2026\/01\/5.-North-Beach-Loop-optimized.jpg","type":"","width":"","height":""}],"twitter_card":"summary_large_image","twitter_site":"@Miamibeachnews","schema":{"@context":"https:\/\/schema.org","@graph":[{"@type":"WebPage","@id":"https:\/\/www.miamibeachfl.gov\/city-hall\/transportation\/trolley\/north-beach-loop\/","url":"https:\/\/www.miamibeachfl.gov\/city-hall\/transportation\/trolley\/north-beach-loop\/","name":"Bouk N\u00f2 Plaj - Vil Miami Beach","isPartOf":{"@id":"https:\/\/www.miamibeachfl.gov\/#website"},"primaryImageOfPage":{"@id":"https:\/\/www.miamibeachfl.gov\/city-hall\/transportation\/trolley\/north-beach-loop\/#primaryimage"},"image":{"@id":"https:\/\/www.miamibeachfl.gov\/city-hall\/transportation\/trolley\/north-beach-loop\/#primaryimage"},"thumbnailUrl":"https:\/\/www.miamibeachfl.gov\/wp-content\/uploads\/2026\/01\/5.-North-Beach-Loop-optimized.jpg","datePublished":"2017-08-11T00:08:03+00:00","dateModified":"2026-01-06T17:27:47+00:00","description":"%","breadcrumb":{"@id":"https:\/\/www.miamibeachfl.gov\/city-hall\/transportation\/trolley\/north-beach-loop\/#breadcrumb"},"inLanguage":"ht","potentialAction":[{"@type":"ReadAction","target":["https:\/\/www.miamibeachfl.gov\/city-hall\/transportation\/trolley\/north-beach-loop\/"]}]},{"@type":"ImageObject","inLanguage":"ht","@id":"https:\/\/www.miamibeachfl.gov\/city-hall\/transportation\/trolley\/north-beach-loop\/#primaryimage","url":"https:\/\/www.miamibeachfl.gov\/wp-content\/uploads\/2026\/01\/5.-North-Beach-Loop-optimized.jpg","contentUrl":"https:\/\/www.miamibeachfl.gov\/wp-content\/uploads\/2026\/01\/5.-North-Beach-Loop-optimized.jpg"},{"@type":"BreadcrumbList","@id":"https:\/\/www.miamibeachfl.gov\/city-hall\/transportation\/trolley\/north-beach-loop\/#breadcrumb","itemListElement":[{"@type":"ListItem","position":1,"name":"Home","item":"https:\/\/www.miamibeachfl.gov\/"},{"@type":"ListItem","position":2,"name":"City Hall","item":"https:\/\/www.miamibeachfl.gov\/city-hall\/"},{"@type":"ListItem","position":3,"name":"Transportation &#038; Mobility","item":"https:\/\/www.miamibeachfl.gov\/city-hall\/transportation\/"},{"@type":"ListItem","position":4,"name":"Citywide Free Trolley","item":"https:\/\/www.miamibeachfl.gov\/city-hall\/transportation\/trolley\/"},{"@type":"ListItem","position":5,"name":"North Beach Loop"}]},{"@type":"WebSite","@id":"https:\/\/www.miamibeachfl.gov\/#website","url":"https:\/\/www.miamibeachfl.gov\/","name":"Vil Miami Beach","description":"Sitw\u00e8b ofisy\u00e8l Vil Miami Beach la. Rete enf\u00f2me, jwenn enf\u00f2masyon enp\u00f2tan sou s\u00e8vis vil la, nouv\u00e8l, al\u00e8t, ev\u00e8nman, wout tramway, travay gouv\u00e8nman an ak plis ank\u00f2.","publisher":{"@id":"https:\/\/www.miamibeachfl.gov\/#organization"},"potentialAction":[{"@type":"SearchAction","target":{"@type":"EntryPoint","urlTemplate":"https:\/\/www.miamibeachfl.gov\/?s={search_term_string}"},"query-input":{"@type":"PropertyValueSpecification","valueRequired":true,"valueName":"search_term_string"}}],"inLanguage":"ht"},{"@type":"Organization","@id":"https:\/\/www.miamibeachfl.gov\/#organization","name":"Vil Miami Beach","url":"https:\/\/www.miamibeachfl.gov\/","logo":{"@type":"ImageObject","inLanguage":"ht","@id":"https:\/\/www.miamibeachfl.gov\/#\/schema\/logo\/image\/","url":"https:\/\/www.miamibeachfl.gov\/wp-content\/uploads\/2022\/06\/miamibeach-logoblue.png","contentUrl":"https:\/\/www.miamibeachfl.gov\/wp-content\/uploads\/2022\/06\/miamibeach-logoblue.png","width":1962,"height":381,"caption":"City of Miami Beach"},"image":{"@id":"https:\/\/www.miamibeachfl.gov\/#\/schema\/logo\/image\/"},"sameAs":["https:\/\/www.facebook.com\/cityofmiamibeach","https:\/\/x.com\/Miamibeachnews","https:\/\/www.instagram.com\/miamibeachnews\/"],"description":"Sitw\u00e8b ofisy\u00e8l Vil Miami Beach la. Rete enf\u00f2me, jwenn enf\u00f2masyon enp\u00f2tan sou s\u00e8vis vil la, nouv\u00e8l, al\u00e8t, ev\u00e8nman, wout tramway, travay gouv\u00e8nman an ak plis ank\u00f2.","telephone":"305.604.CITY(2489)","legalName":"City of Miami Beach"}]}},"_links":{"self":[{"href":"https:\/\/www.miamibeachfl.gov\/ht\/wp-json\/wp\/v2\/pages\/28748","targetHints":{"allow":["GET"]}}],"collection":[{"href":"https:\/\/www.miamibeachfl.gov\/ht\/wp-json\/wp\/v2\/pages"}],"about":[{"href":"https:\/\/www.miamibeachfl.gov\/ht\/wp-json\/wp\/v2\/types\/page"}],"author":[{"embeddable":true,"href":"https:\/\/www.miamibeachfl.gov\/ht\/wp-json\/wp\/v2\/users\/222"}],"replies":[{"embeddable":true,"href":"https:\/\/www.miamibeachfl.gov\/ht\/wp-json\/wp\/v2\/comments?post=28748"}],"version-history":[{"count":5,"href":"https:\/\/www.miamibeachfl.gov\/ht\/wp-json\/wp\/v2\/pages\/28748\/revisions"}],"predecessor-version":[{"id":394544,"href":"https:\/\/www.miamibeachfl.gov\/ht\/wp-json\/wp\/v2\/pages\/28748\/revisions\/394544"}],"up":[{"embeddable":true,"href":"https:\/\/www.miamibeachfl.gov\/ht\/wp-json\/wp\/v2\/pages\/28744"}],"wp:attachment":[{"href":"https:\/\/www.miamibeachfl.gov\/ht\/wp-json\/wp\/v2\/media?parent=28748"}],"wp:term":[{"taxonomy":"category","embeddable":true,"href":"https:\/\/www.miamibeachfl.gov\/ht\/wp-json\/wp\/v2\/categories?post=28748"},{"taxonomy":"post_tag","embeddable":true,"href":"https:\/\/www.miamibeachfl.gov\/ht\/wp-json\/wp\/v2\/tags?post=28748"}],"curies":[{"name":"wp","href":"https:\/\/api.w.org\/{rel}","templated":true}]}}