{"id":28749,"date":"2017-08-11T00:08:04","date_gmt":"2017-08-11T00:08:04","guid":{"rendered":"http:\/\/www.miamibeachfl.gov\/city-hall\/transportation\/trolley\/customer-rights\/"},"modified":"2025-07-07T10:12:10","modified_gmt":"2025-07-07T14:12:10","slug":"customer-rights","status":"publish","type":"page","link":"https:\/\/www.miamibeachfl.gov\/ht\/city-hall\/transportation\/trolley\/customer-rights\/","title":{"rendered":"Dwa Kliyan yo"},"content":{"rendered":"<img decoding=\"async\" src=\"https:\/\/www.miamibeachfl.gov\/wp-content\/uploads\/2022\/07\/hero-small.jpg\" alt=\"ocean drive art deco buildings\" itemprop=\"image\" height=\"211\" width=\"2395\" title=\"ewo-piti\" onerror=\"this.style.display='none'\" loading='lazy' \/>\n<h1>\n\t\t\tDwa Kliyan yo\t<\/h1>\n\t<nav id=\"breadcrumbs\" aria-label=\"Pen griye\"><a href=\"https:\/\/www.miamibeachfl.gov\/ht\/\">Lakay<\/a> &gt; <a href=\"https:\/\/www.miamibeachfl.gov\/ht\/city-hall\/\">Lakou Vil la<\/a> &gt; <a href=\"https:\/\/www.miamibeachfl.gov\/ht\/city-hall\/transportation\/\">Transp\u00f2 ak Mobilite<\/a> &gt; <a href=\"https:\/\/www.miamibeachfl.gov\/ht\/city-hall\/transportation\/trolley\/\">Tramway gratis pou tout vil la<\/a> &gt; <strong>Dwa Kliyan yo<\/strong><\/nav>\n\t<p>Kliyan k ap itilize transp\u00f2 piblik yo jwenn aks\u00e8, plas ak tretman egal san yo pa konsidere ras, koul\u00e8, orijin nasyonal oswa andikap. Dwa sa yo aplike tou pou frekans s\u00e8vis, laj ak kalite machin ak kalite ar\u00e8 trolley (FTA Sikil\u00e8 4702.1).<\/p>\n<p><strong>1. Aks\u00e8<\/strong>:<\/p>\nTout Trolley yo aksesib pou pasaje ki nan ch\u00e8z woulant epi yo konf\u00f2m ak ADA. Yo bay tout pasaje Trolley yo yon s\u00e8vis ki gen yon wo nivo egal.<br \/>\n<strong><a href=\"https:\/\/www.miamibeachfl.gov\/ht\/ada\/ada-request\/\">Pou plent\/demann ADA, tanpri klike la a.<\/a><\/strong>\n<p>Anplis de sa, Vil Miami Beach gen yon Komite Aks\u00e8 pou Moun Andikape (DAC) ki revize, f\u00f2mile, epi kow\u00f2done enf\u00f2masyon kons\u00e8nan pwogram pou moun andikape nan Vil la. <strong><a href=\"http:\/\/www.miamibeachfl.gov\/ht\/city-hall\/property-management\/ada\/disability-access-committee\/\">Pou plis enf\u00f2masyon kons\u00e8nan pwogram komite a ak reyinyon ki pwograme yo, tanpri klike la a.<\/a><\/strong>.<\/p>\n<p><strong>2. Avi sou Dwa anba Tit VI a<\/strong><\/p>\n<p>Vil Miami Beach bay div\u00e8site anpil val\u00e8 epi li akeyi kontribisyon tout moun ki enterese, k\u00e8lkeswa idantite kiltir\u00e8l, orijin oswa nivo revni yo. Anplis, Vil la kw\u00e8 ke pi bon pwogram ak s\u00e8vis yo soti nan yon konsiderasyon atansyon sou bezwen tout kominote li yo ak l\u00e8 kominote sa yo patisipe nan pwosesis pran desizyon sou transp\u00f2. Kidonk, Vil la pa tolere diskriminasyon nan okenn pwogram, s\u00e8vis oswa aktivite li yo. An ak\u00f2 av\u00e8k Tit VI nan Lwa sou Dwa Sivil 1964 la, Lwa sou Ameriken ki Andikape 1990 la (ADA), Seksyon 504 nan Lwa sou Reyabilitasyon 1973 la (Seksyon 504), ansanm ak l\u00f2t lwa ak r\u00e8gleman federal ak leta ki gen rap\u00f2, tankou r\u00e8gleman Administrasyon Federal Transit (FTA) ak Administrasyon Federal Otowout (FHWA), ak direktiv Depatman Transp\u00f2 Florid (FDOT), Vil la pap eskli p\u00e8sonn nan patisipasyon, refize benefis, oswa sibi diskriminasyon sou baz ras, koul\u00e8, orijin nasyonal, s\u00e8ks, laj, andikap, relijyon, revni, oswa sitiyasyon familyal.<\/p>\n<p><strong>3. Pwosedi Konf\u00f2m<\/strong><\/p>\nVil la etabli yon pwosedi pou pote plent epi l ap pran aksyon rapid ak rezonab pou mennen ank\u00e8t epi elimine diskriminasyon l\u00e8 yo jwenn li. Nenp\u00f2t moun ki kw\u00e8 ke li te sibi diskriminasyon ki baze sou ras, koul\u00e8, orijin nasyonal, s\u00e8ks, relijyon, laj, andikap, sitiyasyon familyal oswa revni nan nenp\u00f2t nan pwogram, s\u00e8vis oswa aktivite Vil la ka depoze yon plent bay Kow\u00f2dinat\u00e8 Tit VI\/Non-Diskriminasyon Vil la:<br \/>\n<br \/>\n\nNon: Marla Alpizar<br \/>\nDirekt\u00e8 Resous Im\u00e8n<br \/>\nAdr\u00e8s: 1700 Convention Center Drive<br \/>\nTelef\u00f2n: 305.673.7520<br \/>\nIm\u00e8l:\u00a0<strong><a href=\"mailto:MarlaAlpizar@miamibeachfl.gov\">MarlaAlpizar@miamibeachfl.gov<\/a><\/strong><br \/>\nTTY: 7-1-1 (Rel\u00e8 Florid)\n<p>\u00a0<\/p>\nPlent lan dwe genyen idantite moun ki pote plent lan; baz akizasyon yo (tankou ras, koul\u00e8, orijin nasyonal, s\u00e8ks, relijyon, laj, andikap, revni, oswa sitiyasyon familyal); yon deskripsyon swadizan diskriminasyon an; epi, dat li te rive a. Si posib, yo ta dwe soum\u00e8t plent lan alekri. Si yo pa ka soum\u00e8t plent lan alekri, moun ki pote plent lan ta dwe kontakte Kow\u00f2dinat\u00e8 Tit VI\/Non-Diskriminasyon an pou jwenn asistans. <a href=\"https:\/\/www.miamibeachfl.gov\/wp-content\/uploads\/2017\/12\/Discrimination-Complaint-Form.pdf\"><strong>Tanpri klike la a pou F\u00f2m Plent pou Diskriminasyon an.<\/strong><\/a>\u00a0 Kow\u00f2dinat\u00e8 Tit VI\/Non-Diskriminasyon an ap reponn a plent lan nan trant (30) jou kalandriye epi l ap pran mezi rezonab pou rezoud pwobl\u00e8m nan. Si Vil la pa kapab rezoud yon plent yon fason satisfezan, Vil la ap voye plent lan, ansanm ak yon dosye sou desizyon li pran an, bay Distri ki apwopriye nan Depatman Transp\u00f2 Florid (FDOT).<br \/>\nSi moun ki pote plent lan pa kapab oswa pa vle pote plent bay Vil la, li ka soum\u00e8t plent alekri a dir\u00e8kteman bay Depatman Transp\u00f2 Florid (FDOT):\n<em>Depatman Transp\u00f2 Florid<\/em><br \/>\n<em> Biwo Egalite Op\u00f2tinite<\/em><br \/>\n<em> ATANSYON: Tretman Plent Tit VI<\/em><br \/>\n<em> 605 Ri Suwannee MS 65<\/em><br \/>\n<em> Tallahassee, FL 32399<\/em>\nSi ou bezwen enf\u00f2masyon nan yon l\u00f2t lang, tanpri kontakte 305.673.7080.<br \/>\nSi w vle enf\u00f2masyon an pany\u00f2l, ka rele 305.673.7080.<br \/>\nPou resevwa enf\u00f3masyon sa a an krey\u00f3l silvouple rele 305.673.7080.\n<p><strong>Enf\u00f2masyon enp\u00f2tan<\/strong><\/p>\n<ul>\n<li><a href=\"http:\/\/www.miamibeachfl.gov\/wp-content\/uploads\/2020\/12\/Title-VI_Nondiscrimination-Policy.pdf\" target=\"_blank\" rel=\"noopener\"><strong>Tit VI\/R\u00e8gleman ak Plan kont Diskriminasyon<\/strong><\/a><\/li>\n<li><strong><a href=\"http:\/\/www.miamibeachfl.gov\/wp-content\/uploads\/2020\/08\/Reso-2017-29718.pdf\" target=\"_blank\" rel=\"noopener\">Rezolisyon 2017-29718<\/a><\/strong><\/li>\n<\/ul>\n\t\tNavige pou ale nan\u2026\t\t\t\n\t\t\t\t\t<ul id=\"menu-transportation-citywide-trolley\"><li id=\"menu-item-363625\"><a href=\"\/ht\/city-hall\/transportation\/trolley\/collins-express-2\/\">Collins Express<\/a><\/li>\n<li id=\"menu-item-363626\"><a href=\"\/ht\/city-hall\/transportation\/trolley\/trolley-feedback-form\/\">Kontakte nou<\/a><\/li>\n<li id=\"menu-item-363627\"><a href=\"\/ht\/city-hall\/transportation\/trolley\/customer-rights\/\">Dwa Kliyan yo<\/a><\/li>\n<li id=\"menu-item-363628\"><a href=\"\/ht\/city-hall\/transportation\/trolley\/middle-beach-loop\/\">Bouk Plaj Mwayen an<\/a><\/li>\n<li id=\"menu-item-363629\"><a href=\"\/ht\/city-hall\/transportation\/trolley\/mount-sinai-link\/\">Lyen M\u00f2n Sinayi<\/a><\/li>\n<li id=\"menu-item-363630\"><a href=\"\/ht\/city-hall\/transportation\/trolley\/north-beach-loop\/\">Bouk N\u00f2 Plaj la<\/a><\/li>\n<li id=\"menu-item-363631\"><a href=\"\/ht\/city-hall\/transportation\/trolley\/south-beach-trolley\/\">Tramway South Beach<\/a><\/li>\n<li id=\"menu-item-363632\"><a href=\"\/ht\/city-hall\/transportation\/trolley\/trolleytrackerapps\/\">Aplikasyon pou swiv charyo<\/a><\/li>\n<\/ul>\t\n\t<div class=\"page-navigation\"><a class=\"prev-page\" href=\"https:\/\/www.miamibeachfl.gov\/ht\/city-hall\/fire-police-pension\/investment-information\/\">\u2190 Enf\u00f2masyon sou envestisman<\/a> <a class=\"next-page\" href=\"https:\/\/www.miamibeachfl.gov\/ht\/residents\/neighborhood-affairs-division\/active-projects\/parks\/\">Pak \u2192<\/a><\/div>","protected":false},"excerpt":{"rendered":"<p>Customer Rights Home &gt; City Hall &gt; Transportation &#038; Mobility &gt; Citywide Free Trolley &gt; Customer Rights Customers using public [&hellip;]<\/p>\n","protected":false},"author":222,"featured_media":0,"parent":28744,"menu_order":226,"comment_status":"closed","ping_status":"closed","template":"","meta":{"_searchwp_excluded":"","site-sidebar-layout":"default","site-content-layout":"","ast-site-content-layout":"default","site-content-style":"default","site-sidebar-style":"default","ast-global-header-display":"","ast-banner-title-visibility":"","ast-main-header-display":"","ast-hfb-above-header-display":"","ast-hfb-below-header-display":"","ast-hfb-mobile-header-display":"","site-post-title":"","ast-breadcrumbs-content":"","ast-featured-img":"","footer-sml-layout":"","theme-transparent-header-meta":"","adv-header-id-meta":"","stick-header-meta":"","header-above-stick-meta":"","header-main-stick-meta":"","header-below-stick-meta":"","astra-migrate-meta-layouts":"default","ast-page-background-enabled":"default","ast-page-background-meta":{"desktop":{"background-color":"var(--ast-global-color-5)","background-image":"","background-repeat":"repeat","background-position":"center center","background-size":"auto","background-attachment":"scroll","background-type":"","background-media":"","overlay-type":"","overlay-color":"","overlay-opacity":"","overlay-gradient":""},"tablet":{"background-color":"","background-image":"","background-repeat":"repeat","background-position":"center center","background-size":"auto","background-attachment":"scroll","background-type":"","background-media":"","overlay-type":"","overlay-color":"","overlay-opacity":"","overlay-gradient":""},"mobile":{"background-color":"","background-image":"","background-repeat":"repeat","background-position":"center center","background-size":"auto","background-attachment":"scroll","background-type":"","background-media":"","overlay-type":"","overlay-color":"","overlay-opacity":"","overlay-gradient":""}},"ast-content-background-meta":{"desktop":{"background-color":"var(--ast-global-color-4)","background-image":"","background-repeat":"repeat","background-position":"center center","background-size":"auto","background-attachment":"scroll","background-type":"","background-media":"","overlay-type":"","overlay-color":"","overlay-opacity":"","overlay-gradient":""},"tablet":{"background-color":"var(--ast-global-color-4)","background-image":"","background-repeat":"repeat","background-position":"center center","background-size":"auto","background-attachment":"scroll","background-type":"","background-media":"","overlay-type":"","overlay-color":"","overlay-opacity":"","overlay-gradient":""},"mobile":{"background-color":"var(--ast-global-color-4)","background-image":"","background-repeat":"repeat","background-position":"center center","background-size":"auto","background-attachment":"scroll","background-type":"","background-media":"","overlay-type":"","overlay-color":"","overlay-opacity":"","overlay-gradient":""}},"footnotes":""},"categories":[],"tags":[],"class_list":["post-28749","page","type-page","status-publish","hentry"],"yoast_head":"<!-- This site is optimized with the Yoast SEO Premium plugin v27.4 (Yoast SEO v27.4) - https:\/\/yoast.com\/product\/yoast-seo-premium-wordpress\/ -->\n<title>Customer Rights - City of Miami Beach<\/title>\n<meta name=\"description\" content=\"%\" \/>\n<meta name=\"robots\" content=\"index, follow, max-snippet:-1, max-image-preview:large, max-video-preview:-1\" \/>\n<link rel=\"canonical\" href=\"https:\/\/www.miamibeachfl.gov\/ht\/city-hall\/transportation\/trolley\/customer-rights\/\" \/>\n<meta property=\"og:locale\" content=\"ht_HT\" \/>\n<meta property=\"og:type\" content=\"article\" \/>\n<meta property=\"og:title\" content=\"Customer Rights\" \/>\n<meta property=\"og:description\" content=\"%\" \/>\n<meta property=\"og:url\" content=\"https:\/\/www.miamibeachfl.gov\/ht\/city-hall\/transportation\/trolley\/customer-rights\/\" \/>\n<meta property=\"og:site_name\" content=\"City of Miami Beach\" \/>\n<meta property=\"article:publisher\" content=\"https:\/\/www.facebook.com\/cityofmiamibeach\" \/>\n<meta property=\"article:modified_time\" content=\"2025-07-07T14:12:10+00:00\" \/>\n<meta property=\"og:image\" content=\"https:\/\/www.miamibeachfl.gov\/wp-content\/uploads\/2022\/07\/hero-small.jpg\" \/>\n<meta name=\"twitter:card\" content=\"summary_large_image\" \/>\n<meta name=\"twitter:site\" content=\"@Miamibeachnews\" \/>\n<script type=\"application\/ld+json\" class=\"yoast-schema-graph\">{\"@context\":\"https:\\\/\\\/schema.org\",\"@graph\":[{\"@type\":\"WebPage\",\"@id\":\"https:\\\/\\\/www.miamibeachfl.gov\\\/city-hall\\\/transportation\\\/trolley\\\/customer-rights\\\/\",\"url\":\"https:\\\/\\\/www.miamibeachfl.gov\\\/city-hall\\\/transportation\\\/trolley\\\/customer-rights\\\/\",\"name\":\"Customer Rights - City of Miami Beach\",\"isPartOf\":{\"@id\":\"https:\\\/\\\/www.miamibeachfl.gov\\\/#website\"},\"primaryImageOfPage\":{\"@id\":\"https:\\\/\\\/www.miamibeachfl.gov\\\/city-hall\\\/transportation\\\/trolley\\\/customer-rights\\\/#primaryimage\"},\"image\":{\"@id\":\"https:\\\/\\\/www.miamibeachfl.gov\\\/city-hall\\\/transportation\\\/trolley\\\/customer-rights\\\/#primaryimage\"},\"thumbnailUrl\":\"https:\\\/\\\/www.miamibeachfl.gov\\\/wp-content\\\/uploads\\\/2022\\\/07\\\/hero-small.jpg\",\"datePublished\":\"2017-08-11T00:08:04+00:00\",\"dateModified\":\"2025-07-07T14:12:10+00:00\",\"description\":\"%\",\"breadcrumb\":{\"@id\":\"https:\\\/\\\/www.miamibeachfl.gov\\\/city-hall\\\/transportation\\\/trolley\\\/customer-rights\\\/#breadcrumb\"},\"inLanguage\":\"ht\",\"potentialAction\":[{\"@type\":\"ReadAction\",\"target\":[\"https:\\\/\\\/www.miamibeachfl.gov\\\/city-hall\\\/transportation\\\/trolley\\\/customer-rights\\\/\"]}]},{\"@type\":\"ImageObject\",\"inLanguage\":\"ht\",\"@id\":\"https:\\\/\\\/www.miamibeachfl.gov\\\/city-hall\\\/transportation\\\/trolley\\\/customer-rights\\\/#primaryimage\",\"url\":\"https:\\\/\\\/www.miamibeachfl.gov\\\/wp-content\\\/uploads\\\/2022\\\/07\\\/hero-small.jpg\",\"contentUrl\":\"https:\\\/\\\/www.miamibeachfl.gov\\\/wp-content\\\/uploads\\\/2022\\\/07\\\/hero-small.jpg\"},{\"@type\":\"BreadcrumbList\",\"@id\":\"https:\\\/\\\/www.miamibeachfl.gov\\\/city-hall\\\/transportation\\\/trolley\\\/customer-rights\\\/#breadcrumb\",\"itemListElement\":[{\"@type\":\"ListItem\",\"position\":1,\"name\":\"Home\",\"item\":\"https:\\\/\\\/www.miamibeachfl.gov\\\/\"},{\"@type\":\"ListItem\",\"position\":2,\"name\":\"City Hall\",\"item\":\"https:\\\/\\\/www.miamibeachfl.gov\\\/city-hall\\\/\"},{\"@type\":\"ListItem\",\"position\":3,\"name\":\"Transportation &#038; Mobility\",\"item\":\"https:\\\/\\\/www.miamibeachfl.gov\\\/city-hall\\\/transportation\\\/\"},{\"@type\":\"ListItem\",\"position\":4,\"name\":\"Citywide Free Trolley\",\"item\":\"https:\\\/\\\/www.miamibeachfl.gov\\\/city-hall\\\/transportation\\\/trolley\\\/\"},{\"@type\":\"ListItem\",\"position\":5,\"name\":\"Customer Rights\"}]},{\"@type\":\"WebSite\",\"@id\":\"https:\\\/\\\/www.miamibeachfl.gov\\\/#website\",\"url\":\"https:\\\/\\\/www.miamibeachfl.gov\\\/\",\"name\":\"City of Miami Beach\",\"description\":\"The official website of the City of Miami Beach. Stay informed, find important information on city services, news, alerts, events, trolley routes, government employment and more.\",\"publisher\":{\"@id\":\"https:\\\/\\\/www.miamibeachfl.gov\\\/#organization\"},\"potentialAction\":[{\"@type\":\"SearchAction\",\"target\":{\"@type\":\"EntryPoint\",\"urlTemplate\":\"https:\\\/\\\/www.miamibeachfl.gov\\\/?s={search_term_string}\"},\"query-input\":{\"@type\":\"PropertyValueSpecification\",\"valueRequired\":true,\"valueName\":\"search_term_string\"}}],\"inLanguage\":\"ht\"},{\"@type\":\"Organization\",\"@id\":\"https:\\\/\\\/www.miamibeachfl.gov\\\/#organization\",\"name\":\"City of Miami Beach\",\"url\":\"https:\\\/\\\/www.miamibeachfl.gov\\\/\",\"logo\":{\"@type\":\"ImageObject\",\"inLanguage\":\"ht\",\"@id\":\"https:\\\/\\\/www.miamibeachfl.gov\\\/#\\\/schema\\\/logo\\\/image\\\/\",\"url\":\"https:\\\/\\\/www.miamibeachfl.gov\\\/wp-content\\\/uploads\\\/2022\\\/06\\\/miamibeach-logoblue.png\",\"contentUrl\":\"https:\\\/\\\/www.miamibeachfl.gov\\\/wp-content\\\/uploads\\\/2022\\\/06\\\/miamibeach-logoblue.png\",\"width\":1962,\"height\":381,\"caption\":\"City of Miami Beach\"},\"image\":{\"@id\":\"https:\\\/\\\/www.miamibeachfl.gov\\\/#\\\/schema\\\/logo\\\/image\\\/\"},\"sameAs\":[\"https:\\\/\\\/www.facebook.com\\\/cityofmiamibeach\",\"https:\\\/\\\/x.com\\\/Miamibeachnews\",\"https:\\\/\\\/www.instagram.com\\\/miamibeachnews\\\/\"],\"description\":\"The official website of the City of Miami Beach. Stay informed, find important information on city services, news, alerts, events, trolley routes, government employment and more.\",\"telephone\":\"305.604.CITY(2489)\",\"legalName\":\"City of Miami Beach\"}]}<\/script>\n<!-- \/ Yoast SEO Premium plugin. -->","yoast_head_json":{"title":"Dwa Kliyan yo - Vil Miami Beach","description":"%","robots":{"index":"index","follow":"follow","max-snippet":"max-snippet:-1","max-image-preview":"max-image-preview:large","max-video-preview":"max-video-preview:-1"},"canonical":"https:\/\/www.miamibeachfl.gov\/ht\/city-hall\/transportation\/trolley\/customer-rights\/","og_locale":"ht_HT","og_type":"article","og_title":"Customer Rights","og_description":"%","og_url":"https:\/\/www.miamibeachfl.gov\/ht\/city-hall\/transportation\/trolley\/customer-rights\/","og_site_name":"City of Miami Beach","article_publisher":"https:\/\/www.facebook.com\/cityofmiamibeach","article_modified_time":"2025-07-07T14:12:10+00:00","og_image":[{"url":"https:\/\/www.miamibeachfl.gov\/wp-content\/uploads\/2022\/07\/hero-small.jpg","type":"","width":"","height":""}],"twitter_card":"summary_large_image","twitter_site":"@Miamibeachnews","schema":{"@context":"https:\/\/schema.org","@graph":[{"@type":"WebPage","@id":"https:\/\/www.miamibeachfl.gov\/city-hall\/transportation\/trolley\/customer-rights\/","url":"https:\/\/www.miamibeachfl.gov\/city-hall\/transportation\/trolley\/customer-rights\/","name":"Dwa Kliyan yo - Vil Miami Beach","isPartOf":{"@id":"https:\/\/www.miamibeachfl.gov\/#website"},"primaryImageOfPage":{"@id":"https:\/\/www.miamibeachfl.gov\/city-hall\/transportation\/trolley\/customer-rights\/#primaryimage"},"image":{"@id":"https:\/\/www.miamibeachfl.gov\/city-hall\/transportation\/trolley\/customer-rights\/#primaryimage"},"thumbnailUrl":"https:\/\/www.miamibeachfl.gov\/wp-content\/uploads\/2022\/07\/hero-small.jpg","datePublished":"2017-08-11T00:08:04+00:00","dateModified":"2025-07-07T14:12:10+00:00","description":"%","breadcrumb":{"@id":"https:\/\/www.miamibeachfl.gov\/city-hall\/transportation\/trolley\/customer-rights\/#breadcrumb"},"inLanguage":"ht","potentialAction":[{"@type":"ReadAction","target":["https:\/\/www.miamibeachfl.gov\/city-hall\/transportation\/trolley\/customer-rights\/"]}]},{"@type":"ImageObject","inLanguage":"ht","@id":"https:\/\/www.miamibeachfl.gov\/city-hall\/transportation\/trolley\/customer-rights\/#primaryimage","url":"https:\/\/www.miamibeachfl.gov\/wp-content\/uploads\/2022\/07\/hero-small.jpg","contentUrl":"https:\/\/www.miamibeachfl.gov\/wp-content\/uploads\/2022\/07\/hero-small.jpg"},{"@type":"BreadcrumbList","@id":"https:\/\/www.miamibeachfl.gov\/city-hall\/transportation\/trolley\/customer-rights\/#breadcrumb","itemListElement":[{"@type":"ListItem","position":1,"name":"Home","item":"https:\/\/www.miamibeachfl.gov\/"},{"@type":"ListItem","position":2,"name":"City Hall","item":"https:\/\/www.miamibeachfl.gov\/city-hall\/"},{"@type":"ListItem","position":3,"name":"Transportation &#038; Mobility","item":"https:\/\/www.miamibeachfl.gov\/city-hall\/transportation\/"},{"@type":"ListItem","position":4,"name":"Citywide Free Trolley","item":"https:\/\/www.miamibeachfl.gov\/city-hall\/transportation\/trolley\/"},{"@type":"ListItem","position":5,"name":"Customer Rights"}]},{"@type":"WebSite","@id":"https:\/\/www.miamibeachfl.gov\/#website","url":"https:\/\/www.miamibeachfl.gov\/","name":"Vil Miami Beach","description":"Sitw\u00e8b ofisy\u00e8l Vil Miami Beach la. Rete enf\u00f2me, jwenn enf\u00f2masyon enp\u00f2tan sou s\u00e8vis vil la, nouv\u00e8l, al\u00e8t, ev\u00e8nman, wout tramway, travay gouv\u00e8nman an ak plis ank\u00f2.","publisher":{"@id":"https:\/\/www.miamibeachfl.gov\/#organization"},"potentialAction":[{"@type":"SearchAction","target":{"@type":"EntryPoint","urlTemplate":"https:\/\/www.miamibeachfl.gov\/?s={search_term_string}"},"query-input":{"@type":"PropertyValueSpecification","valueRequired":true,"valueName":"search_term_string"}}],"inLanguage":"ht"},{"@type":"Organization","@id":"https:\/\/www.miamibeachfl.gov\/#organization","name":"Vil Miami Beach","url":"https:\/\/www.miamibeachfl.gov\/","logo":{"@type":"ImageObject","inLanguage":"ht","@id":"https:\/\/www.miamibeachfl.gov\/#\/schema\/logo\/image\/","url":"https:\/\/www.miamibeachfl.gov\/wp-content\/uploads\/2022\/06\/miamibeach-logoblue.png","contentUrl":"https:\/\/www.miamibeachfl.gov\/wp-content\/uploads\/2022\/06\/miamibeach-logoblue.png","width":1962,"height":381,"caption":"City of Miami Beach"},"image":{"@id":"https:\/\/www.miamibeachfl.gov\/#\/schema\/logo\/image\/"},"sameAs":["https:\/\/www.facebook.com\/cityofmiamibeach","https:\/\/x.com\/Miamibeachnews","https:\/\/www.instagram.com\/miamibeachnews\/"],"description":"Sitw\u00e8b ofisy\u00e8l Vil Miami Beach la. Rete enf\u00f2me, jwenn enf\u00f2masyon enp\u00f2tan sou s\u00e8vis vil la, nouv\u00e8l, al\u00e8t, ev\u00e8nman, wout tramway, travay gouv\u00e8nman an ak plis ank\u00f2.","telephone":"305.604.CITY(2489)","legalName":"City of Miami Beach"}]}},"_links":{"self":[{"href":"https:\/\/www.miamibeachfl.gov\/ht\/wp-json\/wp\/v2\/pages\/28749","targetHints":{"allow":["GET"]}}],"collection":[{"href":"https:\/\/www.miamibeachfl.gov\/ht\/wp-json\/wp\/v2\/pages"}],"about":[{"href":"https:\/\/www.miamibeachfl.gov\/ht\/wp-json\/wp\/v2\/types\/page"}],"author":[{"embeddable":true,"href":"https:\/\/www.miamibeachfl.gov\/ht\/wp-json\/wp\/v2\/users\/222"}],"replies":[{"embeddable":true,"href":"https:\/\/www.miamibeachfl.gov\/ht\/wp-json\/wp\/v2\/comments?post=28749"}],"version-history":[{"count":2,"href":"https:\/\/www.miamibeachfl.gov\/ht\/wp-json\/wp\/v2\/pages\/28749\/revisions"}],"predecessor-version":[{"id":385996,"href":"https:\/\/www.miamibeachfl.gov\/ht\/wp-json\/wp\/v2\/pages\/28749\/revisions\/385996"}],"up":[{"embeddable":true,"href":"https:\/\/www.miamibeachfl.gov\/ht\/wp-json\/wp\/v2\/pages\/28744"}],"wp:attachment":[{"href":"https:\/\/www.miamibeachfl.gov\/ht\/wp-json\/wp\/v2\/media?parent=28749"}],"wp:term":[{"taxonomy":"category","embeddable":true,"href":"https:\/\/www.miamibeachfl.gov\/ht\/wp-json\/wp\/v2\/categories?post=28749"},{"taxonomy":"post_tag","embeddable":true,"href":"https:\/\/www.miamibeachfl.gov\/ht\/wp-json\/wp\/v2\/tags?post=28749"}],"curies":[{"name":"wp","href":"https:\/\/api.w.org\/{rel}","templated":true}]}}