{"id":28880,"date":"2017-08-11T00:09:22","date_gmt":"2017-08-11T00:09:22","guid":{"rendered":"http:\/\/www.miamibeachfl.gov\/city-hall\/planning\/landscape-requirements\/"},"modified":"2026-03-03T10:41:21","modified_gmt":"2026-03-03T15:41:21","slug":"landscape-requirements","status":"publish","type":"page","link":"https:\/\/www.miamibeachfl.gov\/ht\/city-hall\/planning\/landscape-requirements\/","title":{"rendered":"Kondisyon Peyizaj"},"content":{"rendered":"<img decoding=\"async\" src=\"https:\/\/www.miamibeachfl.gov\/wp-content\/uploads\/2022\/07\/hero-small.jpg\" alt=\"ocean drive art deco buildings\" itemprop=\"image\" height=\"211\" width=\"2395\" title=\"ewo-piti\" onerror=\"this.style.display='none'\" loading=\"lazy\" \/>\n<h1>\n\t\t\tKondisyon Peyizaj\t<\/h1>\n\t<nav id=\"breadcrumbs\" aria-label=\"Pen griye\"><a href=\"https:\/\/www.miamibeachfl.gov\/ht\/\">Lakay<\/a> &gt; <a href=\"https:\/\/www.miamibeachfl.gov\/ht\/city-hall\/\">Lakou Vil la<\/a> &gt; <a href=\"https:\/\/www.miamibeachfl.gov\/ht\/city-hall\/planning\/\">Planifikasyon ak Zonaj<\/a> &gt; <strong>Kondisyon Peyizaj<\/strong><\/nav>\n\t<strong>\u00d2DONANS PEYIZAJ VIL MIAMI BEACH (NOUVO KONSTRIKSYON)<\/strong><br \/>\nNan dat 19 okt\u00f2b 2016, Vil Miami Beach (CMB) te adopte yon nouvo \u00d2donans sou Peyizaj, ki rele Egzijans Peyizaj. Entansyon r\u00e8gleman sa yo se etabli estanda minim\u00f2m pou peyzaj Vil Miami Beach ki amelyore, amelyore epi kenbe kalite peyzaj la. R\u00e8gleman sa yo gen entansyon tou pou anpeche destriksyon kanope pyebwa ki deja egziste nan vil la epi pou amelyore aparans estetik nouvo devlopman yo.<br \/>\nMen k\u00e8k lyen itil ak referans itil:\n<p><strong>\u00d2donans Vil Miami Beach yo<\/strong>:<\/p>\n<ul>\n<li><a href=\"https:\/\/codehub.gridics.com\/us\/fl\/miami-beach#\/3cdae951-9439-43bf-915e-a7f42b5082fd\" target=\"_blank\" rel=\"noopener\">Chapit 4 \u2013 EGZIJANS PEYIZAJ<\/a><\/li>\n<li><a href=\"https:\/\/library.municode.com\/fl\/miami_beach\/codes\/code_of_ordinances?nodeId=SPAGEOR_CH46EN\">Chapit 46- ANVIW\u00d2NMAN<\/a><\/li>\n<li><a href=\"https:\/\/library.municode.com\/fl\/miami_beach\/codes\/code_of_ordinances?nodeId=SPAGEOR_CH46EN_ARTIICAMATRPL_DIV2TRPRPR_S46-65CIMIBETRPRTRFU\">FON FIDISY\u00c8 PYE BWA<\/a><\/li>\n<\/ul>\n<p><strong>F\u00f2m yo<\/strong>:<\/p>\n<ul>\n<li><a href=\"https:\/\/www.miamibeachfl.gov\/wp-content\/uploads\/2025\/08\/Landscape-Legend_2025.pdf\">Lejand Peyizaj<\/a><\/li>\n<li><a href=\"http:\/\/www.miamibeachfl.gov\/wp-content\/uploads\/2017\/08\/CMB-Professional-Preparers-Statement-of-Landscape-Compliance-4-14-2017.pdf\">Deklarasyon Konf\u00f2mite Peyizaj Preparat\u00e8 Pwofesyon\u00e8l la<\/a><\/li>\n<li><a href=\"http:\/\/www.miamibeachfl.gov\/wp-content\/uploads\/2017\/08\/CMB-Professional-Preparers-Certification-At-Time-Of-Final-Inspection-4-14-2017.pdf\">S\u00e8tifikasyon Preparat\u00e8 Pwofesyon\u00e8l la nan moman Enspeksyon Final la<\/a><\/li>\n<\/ul>\n<p><strong>Lyen ak Referans<\/strong>:<\/p>\n<ul>\n<li><a href=\"http:\/\/www.miamidade.gov\/zoning\/code-landscape.asp\">Many\u00e8l Peyizaj Konte Miami-Dade<\/a><\/li>\n<li><a href=\"https:\/\/www.fpl.com\/reliability\/trees\/tree-location.html\">FPL - Plante bon pyebwa a nan bon plas la<\/a><\/li>\n<li>ANSI A300- N\u00f2m pou Swen Pyebwa \u2013 (Konsilte av\u00e8k yon Arborist ki s\u00e8tifye)<\/li>\n<li><a href=\"http:\/\/www.miamidade.gov\/environment\/prohibited-plants.asp\">Lis Esp\u00e8s Ent\u00e8di ak Kontwole<\/a><\/li>\n<li><a href=\"https:\/\/newfleppc.bugwoodcloud.org\/index.cfm\">Lis Kons\u00e8y pou Kontw\u00f2l Ens\u00e8k Nuizib Egzotik Florid<\/a><\/li>\n<li><a href=\"https:\/\/www.aslaflorida.org\/\">Sosyete Ameriken pou Achit\u00e8k Peyizaj - Chapit Florid<\/a><\/li>\n<li><a href=\"http:\/\/www.myfloridalicense.com\/dbpr\/pro\/larch\/index.html\">Verifikasyon Lisans Achit\u00e8k Peyizaj Anrejistre (DBPR)<\/a><\/li>\n<li><a href=\"http:\/\/www.isa-arbor.com\/findanarborist\/arboristsearch.aspx\">Any\u00e8 Arborist S\u00e8tifye ISA<\/a><\/li>\n<\/ul>\n<p><strong>Enf\u00f2masyon pou kontakte Depatman Vil Alye yo ak Ajans Ekst\u00e8n yo<\/strong>:<\/p>\n<ul>\n<li><a href=\"\/ht\/city-hall\/environmental-sustainability\/urban-forestry\/\">Depatman Anviw\u00f2nman ak Dirablite CMB - Divizyon Forestri Iben (P\u00e8mi pou Pyebwa ak Fon Konfyans pou Pyebwa)<\/a><\/li>\n<li><a href=\"\/ht\/city-hall\/public-works\/green-space-management-division\/\">Depatman Travay Piblik CMB - Divizyon Jesyon Espas V\u00e8t (P\u00e8mi Dwa Pasaj)<\/a><\/li>\n<li><a href=\"http:\/\/www.miamidade.gov\/publicworks\/\">Depatman Travay Piblik Konte Miami-Dade (Pwoj\u00e8 ki b\u00f2 wout Konte yo)<\/a><\/li>\n<li><a href=\"http:\/\/www.fdotmiamidade.com\/\">Depatman Transp\u00f2 Florid (FDOT) - Distri Sis (Pwoj\u00e8 ki b\u00f2 wout Eta yo)<\/a><\/li>\n<\/ul>\n\t\tNavige pou ale nan\u2026\t\t\t\n\t\t\t\t\t<ul id=\"menu-planning-main-menu\"><li id=\"menu-item-393598\"><a href=\"\/ht\/city-hall\/planning\/approved-live-local-act-applications\/\">Aplikasyon Apwouve pou Lwa Lokal An Dir\u00e8k<\/a><\/li>\n<li id=\"menu-item-363958\"><a href=\"\/ht\/city-hall\/planning\/general-zoning-information-code-interpretation\/\">Zonaj Jeneral ak Ent\u00e8pretasyon Zonaj Administratif<\/a><\/li>\n<li id=\"menu-item-365954\"><a href=\"\/ht\/city-hall\/planning\/certificate-of-use\/\">Jwenn yon S\u00e8tifika Itilizasyon (CU)<\/a><\/li>\n<li id=\"menu-item-363959\"><a href=\"\/ht\/city-hall\/planning\/land-development-dashboard\/\">Tablodb\u00f2 Devlopman T\u00e8<\/a><\/li>\n<li id=\"menu-item-363960\"><a href=\"\/ht\/city-hall\/planning\/land-use-boards\/\">Komisyon Itilizasyon T\u00e8 yo<\/a><\/li>\n<li id=\"menu-item-363961\"><a href=\"\/ht\/city-hall\/planning\/landscape-requirements\/\">Kondisyon Peyizaj<\/a><\/li>\n<li id=\"menu-item-363962\"><a href=\"\/ht\/city-hall\/planning\/planning-document-checklist\/\">Dokiman Planifikasyon, Lis Verifikasyon ak F\u00f2m<\/a><\/li>\n<li id=\"menu-item-363963\"><a href=\"\/ht\/city-hall\/planning\/planning-faqs\/\">Kesyon yo poze souvan sou planifikasyon<\/a><\/li>\n<li id=\"menu-item-363964\"><a href=\"\/ht\/city-hall\/planning\/maps-and-guidelines\/\">Kat Planifikasyon ak Gid<\/a><\/li>\n<li id=\"menu-item-363965\"><a href=\"\/ht\/city-hall\/planning\/resiliency-code\/\">K\u00f2d Rezilyans \/ Plan Konpl\u00e8<\/a><\/li>\n<li id=\"menu-item-363966\"><a href=\"\/ht\/city-hall\/planning\/studies\/\">Etid ak Rap\u00f2 Deziyasyon<\/a><\/li>\n<\/ul>\t\n\t<div class=\"page-navigation\"><a class=\"prev-page\" href=\"https:\/\/www.miamibeachfl.gov\/ht\/city-hall\/planning\/general-zoning-information-code-interpretation\/\">\u2190 Zonaj Jeneral ak Ent\u00e8pretasyon Zonaj Administratif<\/a> <a class=\"next-page\" href=\"https:\/\/www.miamibeachfl.gov\/ht\/city-hall\/planning\/maps-and-guidelines\/\">Kat Planifikasyon ak Gid \u2192<\/a><\/div>","protected":false},"excerpt":{"rendered":"<p>Landscape Requirements Home &gt; City Hall &gt; Planning &#038; Zoning &gt; Landscape Requirements CITY OF MIAMI BEACH LANDSCAPE ORDINANCE (NEW [&hellip;]<\/p>\n","protected":false},"author":222,"featured_media":0,"parent":28864,"menu_order":122,"comment_status":"closed","ping_status":"closed","template":"","meta":{"_searchwp_excluded":"","site-sidebar-layout":"default","site-content-layout":"","ast-site-content-layout":"default","site-content-style":"default","site-sidebar-style":"default","ast-global-header-display":"","ast-banner-title-visibility":"","ast-main-header-display":"","ast-hfb-above-header-display":"","ast-hfb-below-header-display":"","ast-hfb-mobile-header-display":"","site-post-title":"","ast-breadcrumbs-content":"","ast-featured-img":"","footer-sml-layout":"","theme-transparent-header-meta":"","adv-header-id-meta":"","stick-header-meta":"","header-above-stick-meta":"","header-main-stick-meta":"","header-below-stick-meta":"","astra-migrate-meta-layouts":"default","ast-page-background-enabled":"default","ast-page-background-meta":{"desktop":{"background-color":"var(--ast-global-color-5)","background-image":"","background-repeat":"repeat","background-position":"center center","background-size":"auto","background-attachment":"scroll","background-type":"","background-media":"","overlay-type":"","overlay-color":"","overlay-opacity":"","overlay-gradient":""},"tablet":{"background-color":"","background-image":"","background-repeat":"repeat","background-position":"center center","background-size":"auto","background-attachment":"scroll","background-type":"","background-media":"","overlay-type":"","overlay-color":"","overlay-opacity":"","overlay-gradient":""},"mobile":{"background-color":"","background-image":"","background-repeat":"repeat","background-position":"center center","background-size":"auto","background-attachment":"scroll","background-type":"","background-media":"","overlay-type":"","overlay-color":"","overlay-opacity":"","overlay-gradient":""}},"ast-content-background-meta":{"desktop":{"background-color":"var(--ast-global-color-4)","background-image":"","background-repeat":"repeat","background-position":"center center","background-size":"auto","background-attachment":"scroll","background-type":"","background-media":"","overlay-type":"","overlay-color":"","overlay-opacity":"","overlay-gradient":""},"tablet":{"background-color":"var(--ast-global-color-4)","background-image":"","background-repeat":"repeat","background-position":"center center","background-size":"auto","background-attachment":"scroll","background-type":"","background-media":"","overlay-type":"","overlay-color":"","overlay-opacity":"","overlay-gradient":""},"mobile":{"background-color":"var(--ast-global-color-4)","background-image":"","background-repeat":"repeat","background-position":"center center","background-size":"auto","background-attachment":"scroll","background-type":"","background-media":"","overlay-type":"","overlay-color":"","overlay-opacity":"","overlay-gradient":""}},"footnotes":""},"categories":[],"tags":[1028],"class_list":["post-28880","page","type-page","status-publish","hentry","tag-permitting-planning"],"yoast_head":"<!-- This site is optimized with the Yoast SEO Premium plugin v26.6 (Yoast SEO v26.6) - https:\/\/yoast.com\/wordpress\/plugins\/seo\/ -->\n<title>Landscape Requirements - City of Miami Beach<\/title>\n<meta name=\"description\" content=\"%\" \/>\n<meta name=\"robots\" content=\"index, follow, max-snippet:-1, max-image-preview:large, max-video-preview:-1\" \/>\n<link rel=\"canonical\" href=\"https:\/\/www.miamibeachfl.gov\/ht\/city-hall\/planning\/landscape-requirements\/\" \/>\n<meta property=\"og:locale\" content=\"ht_HT\" \/>\n<meta property=\"og:type\" content=\"article\" \/>\n<meta property=\"og:title\" content=\"Landscape Requirements\" \/>\n<meta property=\"og:description\" content=\"%\" \/>\n<meta property=\"og:url\" content=\"https:\/\/www.miamibeachfl.gov\/ht\/city-hall\/planning\/landscape-requirements\/\" \/>\n<meta property=\"og:site_name\" content=\"City of Miami Beach\" \/>\n<meta property=\"article:publisher\" content=\"https:\/\/www.facebook.com\/cityofmiamibeach\" \/>\n<meta property=\"article:modified_time\" content=\"2026-03-03T15:41:21+00:00\" \/>\n<meta property=\"og:image\" content=\"https:\/\/www.miamibeachfl.gov\/wp-content\/uploads\/2022\/07\/hero-small.jpg\" \/>\n<meta name=\"twitter:card\" content=\"summary_large_image\" \/>\n<meta name=\"twitter:site\" content=\"@Miamibeachnews\" \/>\n<script type=\"application\/ld+json\" class=\"yoast-schema-graph\">{\"@context\":\"https:\/\/schema.org\",\"@graph\":[{\"@type\":\"WebPage\",\"@id\":\"https:\/\/www.miamibeachfl.gov\/city-hall\/planning\/landscape-requirements\/\",\"url\":\"https:\/\/www.miamibeachfl.gov\/city-hall\/planning\/landscape-requirements\/\",\"name\":\"Landscape Requirements - City of Miami Beach\",\"isPartOf\":{\"@id\":\"https:\/\/www.miamibeachfl.gov\/#website\"},\"primaryImageOfPage\":{\"@id\":\"https:\/\/www.miamibeachfl.gov\/city-hall\/planning\/landscape-requirements\/#primaryimage\"},\"image\":{\"@id\":\"https:\/\/www.miamibeachfl.gov\/city-hall\/planning\/landscape-requirements\/#primaryimage\"},\"thumbnailUrl\":\"https:\/\/www.miamibeachfl.gov\/wp-content\/uploads\/2022\/07\/hero-small.jpg\",\"datePublished\":\"2017-08-11T00:09:22+00:00\",\"dateModified\":\"2026-03-03T15:41:21+00:00\",\"description\":\"%\",\"breadcrumb\":{\"@id\":\"https:\/\/www.miamibeachfl.gov\/city-hall\/planning\/landscape-requirements\/#breadcrumb\"},\"inLanguage\":\"ht\",\"potentialAction\":[{\"@type\":\"ReadAction\",\"target\":[\"https:\/\/www.miamibeachfl.gov\/city-hall\/planning\/landscape-requirements\/\"]}]},{\"@type\":\"ImageObject\",\"inLanguage\":\"ht\",\"@id\":\"https:\/\/www.miamibeachfl.gov\/city-hall\/planning\/landscape-requirements\/#primaryimage\",\"url\":\"https:\/\/www.miamibeachfl.gov\/wp-content\/uploads\/2022\/07\/hero-small.jpg\",\"contentUrl\":\"https:\/\/www.miamibeachfl.gov\/wp-content\/uploads\/2022\/07\/hero-small.jpg\"},{\"@type\":\"BreadcrumbList\",\"@id\":\"https:\/\/www.miamibeachfl.gov\/city-hall\/planning\/landscape-requirements\/#breadcrumb\",\"itemListElement\":[{\"@type\":\"ListItem\",\"position\":1,\"name\":\"Home\",\"item\":\"https:\/\/www.miamibeachfl.gov\/\"},{\"@type\":\"ListItem\",\"position\":2,\"name\":\"City Hall\",\"item\":\"https:\/\/www.miamibeachfl.gov\/city-hall\/\"},{\"@type\":\"ListItem\",\"position\":3,\"name\":\"Planning &#038; Zoning\",\"item\":\"https:\/\/www.miamibeachfl.gov\/city-hall\/planning\/\"},{\"@type\":\"ListItem\",\"position\":4,\"name\":\"Landscape Requirements\"}]},{\"@type\":\"WebSite\",\"@id\":\"https:\/\/www.miamibeachfl.gov\/#website\",\"url\":\"https:\/\/www.miamibeachfl.gov\/\",\"name\":\"City of Miami Beach\",\"description\":\"The official website of the City of Miami Beach. Stay informed, find important information on city services, news, alerts, events, trolley routes, government employment and more.\",\"publisher\":{\"@id\":\"https:\/\/www.miamibeachfl.gov\/#organization\"},\"potentialAction\":[{\"@type\":\"SearchAction\",\"target\":{\"@type\":\"EntryPoint\",\"urlTemplate\":\"https:\/\/www.miamibeachfl.gov\/?s={search_term_string}\"},\"query-input\":{\"@type\":\"PropertyValueSpecification\",\"valueRequired\":true,\"valueName\":\"search_term_string\"}}],\"inLanguage\":\"ht\"},{\"@type\":\"Organization\",\"@id\":\"https:\/\/www.miamibeachfl.gov\/#organization\",\"name\":\"City of Miami Beach\",\"url\":\"https:\/\/www.miamibeachfl.gov\/\",\"logo\":{\"@type\":\"ImageObject\",\"inLanguage\":\"ht\",\"@id\":\"https:\/\/www.miamibeachfl.gov\/#\/schema\/logo\/image\/\",\"url\":\"https:\/\/www.miamibeachfl.gov\/wp-content\/uploads\/2022\/06\/miamibeach-logoblue.png\",\"contentUrl\":\"https:\/\/www.miamibeachfl.gov\/wp-content\/uploads\/2022\/06\/miamibeach-logoblue.png\",\"width\":1962,\"height\":381,\"caption\":\"City of Miami Beach\"},\"image\":{\"@id\":\"https:\/\/www.miamibeachfl.gov\/#\/schema\/logo\/image\/\"},\"sameAs\":[\"https:\/\/www.facebook.com\/cityofmiamibeach\",\"https:\/\/x.com\/Miamibeachnews\",\"https:\/\/www.instagram.com\/miamibeachnews\/\"],\"description\":\"The official website of the City of Miami Beach. Stay informed, find important information on city services, news, alerts, events, trolley routes, government employment and more.\",\"telephone\":\"305.604.CITY(2489)\",\"legalName\":\"City of Miami Beach\"}]}<\/script>\n<!-- \/ Yoast SEO Premium plugin. -->","yoast_head_json":{"title":"Egzijans Peyizaj - Vil Miami Beach","description":"%","robots":{"index":"index","follow":"follow","max-snippet":"max-snippet:-1","max-image-preview":"max-image-preview:large","max-video-preview":"max-video-preview:-1"},"canonical":"https:\/\/www.miamibeachfl.gov\/ht\/city-hall\/planning\/landscape-requirements\/","og_locale":"ht_HT","og_type":"article","og_title":"Landscape Requirements","og_description":"%","og_url":"https:\/\/www.miamibeachfl.gov\/ht\/city-hall\/planning\/landscape-requirements\/","og_site_name":"City of Miami Beach","article_publisher":"https:\/\/www.facebook.com\/cityofmiamibeach","article_modified_time":"2026-03-03T15:41:21+00:00","og_image":[{"url":"https:\/\/www.miamibeachfl.gov\/wp-content\/uploads\/2022\/07\/hero-small.jpg","type":"","width":"","height":""}],"twitter_card":"summary_large_image","twitter_site":"@Miamibeachnews","schema":{"@context":"https:\/\/schema.org","@graph":[{"@type":"WebPage","@id":"https:\/\/www.miamibeachfl.gov\/city-hall\/planning\/landscape-requirements\/","url":"https:\/\/www.miamibeachfl.gov\/city-hall\/planning\/landscape-requirements\/","name":"Egzijans Peyizaj - Vil Miami Beach","isPartOf":{"@id":"https:\/\/www.miamibeachfl.gov\/#website"},"primaryImageOfPage":{"@id":"https:\/\/www.miamibeachfl.gov\/city-hall\/planning\/landscape-requirements\/#primaryimage"},"image":{"@id":"https:\/\/www.miamibeachfl.gov\/city-hall\/planning\/landscape-requirements\/#primaryimage"},"thumbnailUrl":"https:\/\/www.miamibeachfl.gov\/wp-content\/uploads\/2022\/07\/hero-small.jpg","datePublished":"2017-08-11T00:09:22+00:00","dateModified":"2026-03-03T15:41:21+00:00","description":"%","breadcrumb":{"@id":"https:\/\/www.miamibeachfl.gov\/city-hall\/planning\/landscape-requirements\/#breadcrumb"},"inLanguage":"ht","potentialAction":[{"@type":"ReadAction","target":["https:\/\/www.miamibeachfl.gov\/city-hall\/planning\/landscape-requirements\/"]}]},{"@type":"ImageObject","inLanguage":"ht","@id":"https:\/\/www.miamibeachfl.gov\/city-hall\/planning\/landscape-requirements\/#primaryimage","url":"https:\/\/www.miamibeachfl.gov\/wp-content\/uploads\/2022\/07\/hero-small.jpg","contentUrl":"https:\/\/www.miamibeachfl.gov\/wp-content\/uploads\/2022\/07\/hero-small.jpg"},{"@type":"BreadcrumbList","@id":"https:\/\/www.miamibeachfl.gov\/city-hall\/planning\/landscape-requirements\/#breadcrumb","itemListElement":[{"@type":"ListItem","position":1,"name":"Home","item":"https:\/\/www.miamibeachfl.gov\/"},{"@type":"ListItem","position":2,"name":"City Hall","item":"https:\/\/www.miamibeachfl.gov\/city-hall\/"},{"@type":"ListItem","position":3,"name":"Planning &#038; Zoning","item":"https:\/\/www.miamibeachfl.gov\/city-hall\/planning\/"},{"@type":"ListItem","position":4,"name":"Landscape Requirements"}]},{"@type":"WebSite","@id":"https:\/\/www.miamibeachfl.gov\/#website","url":"https:\/\/www.miamibeachfl.gov\/","name":"Vil Miami Beach","description":"Sitw\u00e8b ofisy\u00e8l Vil Miami Beach la. Rete enf\u00f2me, jwenn enf\u00f2masyon enp\u00f2tan sou s\u00e8vis vil la, nouv\u00e8l, al\u00e8t, ev\u00e8nman, wout tramway, travay gouv\u00e8nman an ak plis ank\u00f2.","publisher":{"@id":"https:\/\/www.miamibeachfl.gov\/#organization"},"potentialAction":[{"@type":"SearchAction","target":{"@type":"EntryPoint","urlTemplate":"https:\/\/www.miamibeachfl.gov\/?s={search_term_string}"},"query-input":{"@type":"PropertyValueSpecification","valueRequired":true,"valueName":"search_term_string"}}],"inLanguage":"ht"},{"@type":"Organization","@id":"https:\/\/www.miamibeachfl.gov\/#organization","name":"Vil Miami Beach","url":"https:\/\/www.miamibeachfl.gov\/","logo":{"@type":"ImageObject","inLanguage":"ht","@id":"https:\/\/www.miamibeachfl.gov\/#\/schema\/logo\/image\/","url":"https:\/\/www.miamibeachfl.gov\/wp-content\/uploads\/2022\/06\/miamibeach-logoblue.png","contentUrl":"https:\/\/www.miamibeachfl.gov\/wp-content\/uploads\/2022\/06\/miamibeach-logoblue.png","width":1962,"height":381,"caption":"City of Miami Beach"},"image":{"@id":"https:\/\/www.miamibeachfl.gov\/#\/schema\/logo\/image\/"},"sameAs":["https:\/\/www.facebook.com\/cityofmiamibeach","https:\/\/x.com\/Miamibeachnews","https:\/\/www.instagram.com\/miamibeachnews\/"],"description":"Sitw\u00e8b ofisy\u00e8l Vil Miami Beach la. Rete enf\u00f2me, jwenn enf\u00f2masyon enp\u00f2tan sou s\u00e8vis vil la, nouv\u00e8l, al\u00e8t, ev\u00e8nman, wout tramway, travay gouv\u00e8nman an ak plis ank\u00f2.","telephone":"305.604.CITY(2489)","legalName":"City of Miami Beach"}]}},"_links":{"self":[{"href":"https:\/\/www.miamibeachfl.gov\/ht\/wp-json\/wp\/v2\/pages\/28880","targetHints":{"allow":["GET"]}}],"collection":[{"href":"https:\/\/www.miamibeachfl.gov\/ht\/wp-json\/wp\/v2\/pages"}],"about":[{"href":"https:\/\/www.miamibeachfl.gov\/ht\/wp-json\/wp\/v2\/types\/page"}],"author":[{"embeddable":true,"href":"https:\/\/www.miamibeachfl.gov\/ht\/wp-json\/wp\/v2\/users\/222"}],"replies":[{"embeddable":true,"href":"https:\/\/www.miamibeachfl.gov\/ht\/wp-json\/wp\/v2\/comments?post=28880"}],"version-history":[{"count":4,"href":"https:\/\/www.miamibeachfl.gov\/ht\/wp-json\/wp\/v2\/pages\/28880\/revisions"}],"predecessor-version":[{"id":397033,"href":"https:\/\/www.miamibeachfl.gov\/ht\/wp-json\/wp\/v2\/pages\/28880\/revisions\/397033"}],"up":[{"embeddable":true,"href":"https:\/\/www.miamibeachfl.gov\/ht\/wp-json\/wp\/v2\/pages\/28864"}],"wp:attachment":[{"href":"https:\/\/www.miamibeachfl.gov\/ht\/wp-json\/wp\/v2\/media?parent=28880"}],"wp:term":[{"taxonomy":"category","embeddable":true,"href":"https:\/\/www.miamibeachfl.gov\/ht\/wp-json\/wp\/v2\/categories?post=28880"},{"taxonomy":"post_tag","embeddable":true,"href":"https:\/\/www.miamibeachfl.gov\/ht\/wp-json\/wp\/v2\/tags?post=28880"}],"curies":[{"name":"wp","href":"https:\/\/api.w.org\/{rel}","templated":true}]}}