{"id":28936,"date":"2017-08-11T00:10:04","date_gmt":"2017-08-11T00:10:04","guid":{"rendered":"http:\/\/www.miamibeachfl.gov\/city-hall\/public-works\/sanitation-division\/chemical-waste-disposal\/"},"modified":"2026-03-03T09:57:31","modified_gmt":"2026-03-03T14:57:31","slug":"chemical-waste-disposal","status":"publish","type":"page","link":"https:\/\/www.miamibeachfl.gov\/ht\/city-hall\/public-works\/sanitation-division\/chemical-waste-disposal\/","title":{"rendered":"Eliminasyon Dech\u00e8 Chimik"},"content":{"rendered":"<img decoding=\"async\" src=\"https:\/\/www.miamibeachfl.gov\/wp-content\/uploads\/2022\/07\/hero-small.jpg\" alt=\"ocean drive art deco buildings\" itemprop=\"image\" height=\"211\" width=\"2395\" title=\"ewo-piti\" onerror=\"this.style.display='none'\" loading=\"lazy\" \/>\n<h1>\n\t\t\tEliminasyon Dech\u00e8 Chimik\t<\/h1>\n\t<nav id=\"breadcrumbs\" aria-label=\"Pen griye\"><a href=\"https:\/\/www.miamibeachfl.gov\/ht\/\">Lakay<\/a> &gt; <a href=\"https:\/\/www.miamibeachfl.gov\/ht\/city-hall\/\">Lakou Vil la<\/a> &gt; <a href=\"https:\/\/www.miamibeachfl.gov\/ht\/city-hall\/public-works\/\">Travay Piblik<\/a> &gt; <a href=\"https:\/\/www.miamibeachfl.gov\/ht\/city-hall\/public-works\/sanitation-division\/\">Divizyon Sanitasyon<\/a> &gt; <strong>Eliminasyon Dech\u00e8 Chimik<\/strong><\/nav>\n\t<p><b>SANITASYON \u2013 DECH\u00c8 DANJERE<\/b><\/p>\n<p>Rezidan yo ka jete bagay sa yo byen nan sant koleksyon dech\u00e8 danjere kay Vil la ki f\u00e8t de fwa pa ane a oubyen nan youn nan sant Konte Miami-Dade ki nan lis anba a. Ev\u00e8nman Koleksyon Dech\u00e8 Danjere yo pwograme soti 8\u00e8 dimaten pou rive 3\u00e8 apr\u00e8midi nan pakin sifas 40\u00e8m Ri ak Chase Avenue an. <strong><a href=\"https:\/\/www.mbrisingabove.com\/your-home\/recycling-waste\/recycling\/hhw\/\">Pou pwochen ev\u00e8nman ki pwograme yo, klike la a.<\/a><\/strong><\/p>\n<p>Pa jete bagay danjere sa yo nan kay la nan fatra, nan egou yo oswa at\u00e8:<\/p>\n<table>\n<tbody>\n<tr>\n<td>\n<table>\n<caption>Atik ki pa jetab<\/caption>\n<tbody>\n<tr>\n<td><b>Otomobil<\/b><\/td>\n<td>\u00a0<b>Gazon ak Jaden<\/b><\/td>\n<\/tr>\n<tr>\n<td>\u00a0Batri Oto<\/td>\n<td>\u00a0Espre pou ens\u00e8k<\/td>\n<\/tr>\n<tr>\n<td>\u00a0Netwayaj karburateur<\/td>\n<td>\u00a0Likid pou brik\u00e8 chabon<\/td>\n<\/tr>\n<tr>\n<td>\u00a0Degresan<\/td>\n<td>\u00a0Angr\u00e8 ak pwodui pou touye move z\u00e8b<\/td>\n<\/tr>\n<tr>\n<td>\u00a0Konbistib<\/td>\n<td>\u00a0Asasen ens\u00e8k<\/td>\n<\/tr>\n<tr>\n<td>\u00a0Gazolin<\/td>\n<td>\u00a0Pwodui Chimik pou Pisinn<\/td>\n<\/tr>\n<tr>\n<td>\u00a0Filt\u00e8 lwil oliv<\/td>\n<td>\u00a0Touye rav\u00e8t\/foumi<\/td>\n<\/tr>\n<tr>\n<td>\u00a0Antij\u00e8l itilize<\/td>\n<td>\u00a0Garnier pou wonj\u00e8<\/td>\n<\/tr>\n<tr>\n<td>\u00a0Lwil mot\u00e8 itilize<\/td>\n<td>\u00a0Tire z\u00e8b<\/td>\n<\/tr>\n<\/tbody>\n<\/table>\n<\/td>\n<\/tr>\n<tr>\n<td>\n<table>\n<caption>Atik ki pa jetab<\/caption>\n<tbody>\n<tr>\n<td><b>Atik Kay<\/b><\/td>\n<td>\u00a0<b>Amelyorasyon Kay<\/b><\/td>\n<\/tr>\n<tr>\n<td>\u00a0Pwodwi ayewos\u00f2l*<\/td>\n<td>\u00a0Netwayaj Beton<\/td>\n<\/tr>\n<tr>\n<td>\u00a0Pil bouton<\/td>\n<td>\u00a0Sele pou antre kay<\/td>\n<\/tr>\n<tr>\n<td>\u00a0Pil (rechargeable)<\/td>\n<td>\u00a0Dekapeur M\u00e8b<\/td>\n<\/tr>\n<tr>\n<td>\u00a0Netwayaj drenaj<\/td>\n<td>\u00a0Lak\u00f2l ak solvan<\/td>\n<\/tr>\n<tr>\n<td>\u00a0Limy\u00e8 fliyoresan<\/td>\n<td>\u00a0Penti lateks**<\/td>\n<\/tr>\n<tr>\n<td>\u00a0Boul\u00e8t naftaline<\/td>\n<td>\u00a0Penti ki baze sou lwil<\/td>\n<\/tr>\n<tr>\n<td>\u00a0V\u00e8ni\/Retiran pou zong<\/td>\n<td>\u00a0Retire penti<\/td>\n<\/tr>\n<tr>\n<td>\u00a0Netwayaj fou<\/td>\n<td>\u00a0Diluan penti<\/td>\n<\/tr>\n<tr>\n<td>\u00a0Poli ak solvan<\/td>\n<td>\u00a0Goudwon pou twati<\/td>\n<\/tr>\n<tr>\n<td>\u00a0Retire tach<\/td>\n<td>\u00a0Tach\/V\u00e8ni<\/td>\n<\/tr>\n<tr>\n<td>\u00a0T\u00e8mom\u00e8t (m\u00e8ki)<\/td>\n<td>\u00a0Kons\u00e8vatif bwa<\/td>\n<\/tr>\n<\/tbody>\n<\/table>\n<\/td>\n<\/tr>\n<\/tbody>\n<\/table>\n<p>&nbsp;<\/p>\n* Ou ka jete ayewos\u00f2l vid yo nan fatra a.<br \/>\n** L\u00e8 sa posib, seche penti lateks ki pa itil la epi jete l nan fatra a.\n<p>Konte a gen (2) Sant Koleksyon Pwodui Chimik Lakay P\u00e8manan:<\/p>\n\u2022 West Dade 8831 NW 58th Street<br \/>\n\u2022 Sid Dade 23707 SW 97y\u00e8m Avni P\u00f2tay-B\n<p>Or\u00e8 ouv\u00e8ti yo se 9\u00e8 dimaten pou rive 5\u00e8 apr\u00e8midi, depi m\u00e8kredi jiska dimanch, epi nimewo telef\u00f2n pou kontakte Konte Miami-Dade se 305.594.1500.\u00a0 <a href=\"https:\/\/www.miamidade.gov\/global\/service.page?Mduid_service=ser1464798615648535\">Klike la a pou vizite sitw\u00e8b Koleksyon Pwodui Chimik Miami-Dade la<\/a><\/p>\n\t\tNavige pou ale nan\u2026\t\t\t\n\t\t\t\t\t<ul id=\"menu-public-works-sanitation\"><li id=\"menu-item-364244\"><a href=\"\/ht\/city-hall\/public-works\/sanitation-division\/chemical-waste-disposal\/\">Eliminasyon Dech\u00e8 Chimik<\/a><\/li>\n<li id=\"menu-item-364245\"><a href=\"\/ht\/city-hall\/public-works\/sanitation-division\/commercial-waste-haulers\/\">Transp\u00f2t\u00e8 Dech\u00e8 Kom\u00e8syal yo<\/a><\/li>\n<li id=\"menu-item-364246\"><a href=\"\/ht\/city-hall\/public-works\/sanitation-division\/bulk-disposal\/\">Ranmase ak Depoze Gwo Dech\u00e8 nan Miami Beach<\/a><\/li>\n<li id=\"menu-item-364247\"><a href=\"\/ht\/city-hall\/public-works\/sanitation-division\/recycling-info\/\">Enf\u00f2masyon sou Resiklaj<\/a><\/li>\n<li id=\"menu-item-364248\"><a href=\"\/ht\/city-hall\/public-works\/sanitation-division\/residential-garbage\/\">Fatra rezidansy\u00e8l<\/a><\/li>\n<li id=\"menu-item-364249\"><a href=\"\/ht\/city-hall\/public-works\/sanitation-division\/street-cleaning\/\">Pwogram Netwayaj Lari nan Flamingo Park ak North Beach<\/a><\/li>\n<\/ul>\t\n\t<div class=\"page-navigation\"><a class=\"prev-page\" href=\"https:\/\/www.miamibeachfl.gov\/ht\/city-hall\/public-works\/sanitation-division\/commercial-waste-haulers\/\">\u2190 Transp\u00f2t\u00e8 Dech\u00e8 Kom\u00e8syal yo<\/a> <a class=\"next-page\" href=\"https:\/\/www.miamibeachfl.gov\/ht\/city-hall\/public-works\/sanitation-division\/recycling-info\/\">Enf\u00f2masyon sou Resiklaj \u2192<\/a><\/div>","protected":false},"excerpt":{"rendered":"<p>Chemical Waste Disposal Home &gt; City Hall &gt; Public Works &gt; Sanitation Division &gt; Chemical Waste Disposal SANITATION &#8211; HAZARDOUS [&hellip;]<\/p>\n","protected":false},"author":222,"featured_media":0,"parent":28932,"menu_order":0,"comment_status":"closed","ping_status":"closed","template":"","meta":{"_searchwp_excluded":"","site-sidebar-layout":"default","site-content-layout":"","ast-site-content-layout":"default","site-content-style":"default","site-sidebar-style":"default","ast-global-header-display":"","ast-banner-title-visibility":"","ast-main-header-display":"","ast-hfb-above-header-display":"","ast-hfb-below-header-display":"","ast-hfb-mobile-header-display":"","site-post-title":"","ast-breadcrumbs-content":"","ast-featured-img":"","footer-sml-layout":"","theme-transparent-header-meta":"","adv-header-id-meta":"","stick-header-meta":"","header-above-stick-meta":"","header-main-stick-meta":"","header-below-stick-meta":"","astra-migrate-meta-layouts":"default","ast-page-background-enabled":"default","ast-page-background-meta":{"desktop":{"background-color":"var(--ast-global-color-5)","background-image":"","background-repeat":"repeat","background-position":"center center","background-size":"auto","background-attachment":"scroll","background-type":"","background-media":"","overlay-type":"","overlay-color":"","overlay-opacity":"","overlay-gradient":""},"tablet":{"background-color":"","background-image":"","background-repeat":"repeat","background-position":"center center","background-size":"auto","background-attachment":"scroll","background-type":"","background-media":"","overlay-type":"","overlay-color":"","overlay-opacity":"","overlay-gradient":""},"mobile":{"background-color":"","background-image":"","background-repeat":"repeat","background-position":"center center","background-size":"auto","background-attachment":"scroll","background-type":"","background-media":"","overlay-type":"","overlay-color":"","overlay-opacity":"","overlay-gradient":""}},"ast-content-background-meta":{"desktop":{"background-color":"var(--ast-global-color-4)","background-image":"","background-repeat":"repeat","background-position":"center center","background-size":"auto","background-attachment":"scroll","background-type":"","background-media":"","overlay-type":"","overlay-color":"","overlay-opacity":"","overlay-gradient":""},"tablet":{"background-color":"var(--ast-global-color-4)","background-image":"","background-repeat":"repeat","background-position":"center center","background-size":"auto","background-attachment":"scroll","background-type":"","background-media":"","overlay-type":"","overlay-color":"","overlay-opacity":"","overlay-gradient":""},"mobile":{"background-color":"var(--ast-global-color-4)","background-image":"","background-repeat":"repeat","background-position":"center center","background-size":"auto","background-attachment":"scroll","background-type":"","background-media":"","overlay-type":"","overlay-color":"","overlay-opacity":"","overlay-gradient":""}},"footnotes":""},"categories":[],"tags":[],"class_list":["post-28936","page","type-page","status-publish","hentry"],"yoast_head":"<!-- This site is optimized with the Yoast SEO Premium plugin v27.4 (Yoast SEO v27.4) - https:\/\/yoast.com\/product\/yoast-seo-premium-wordpress\/ -->\n<title>Chemical Waste Disposal - City of Miami Beach<\/title>\n<meta name=\"description\" content=\"%\" \/>\n<meta name=\"robots\" content=\"index, follow, max-snippet:-1, max-image-preview:large, max-video-preview:-1\" \/>\n<link rel=\"canonical\" href=\"https:\/\/www.miamibeachfl.gov\/ht\/city-hall\/public-works\/sanitation-division\/chemical-waste-disposal\/\" \/>\n<meta property=\"og:locale\" content=\"ht_HT\" \/>\n<meta property=\"og:type\" content=\"article\" \/>\n<meta property=\"og:title\" content=\"Chemical Waste Disposal\" \/>\n<meta property=\"og:description\" content=\"%\" \/>\n<meta property=\"og:url\" content=\"https:\/\/www.miamibeachfl.gov\/ht\/city-hall\/public-works\/sanitation-division\/chemical-waste-disposal\/\" \/>\n<meta property=\"og:site_name\" content=\"City of Miami Beach\" \/>\n<meta property=\"article:publisher\" content=\"https:\/\/www.facebook.com\/cityofmiamibeach\" \/>\n<meta property=\"article:modified_time\" content=\"2026-03-03T14:57:31+00:00\" \/>\n<meta property=\"og:image\" content=\"https:\/\/www.miamibeachfl.gov\/wp-content\/uploads\/2022\/07\/hero-small.jpg\" \/>\n<meta name=\"twitter:card\" content=\"summary_large_image\" \/>\n<meta name=\"twitter:site\" content=\"@Miamibeachnews\" \/>\n<script type=\"application\/ld+json\" class=\"yoast-schema-graph\">{\"@context\":\"https:\\\/\\\/schema.org\",\"@graph\":[{\"@type\":\"WebPage\",\"@id\":\"https:\\\/\\\/www.miamibeachfl.gov\\\/city-hall\\\/public-works\\\/sanitation-division\\\/chemical-waste-disposal\\\/\",\"url\":\"https:\\\/\\\/www.miamibeachfl.gov\\\/city-hall\\\/public-works\\\/sanitation-division\\\/chemical-waste-disposal\\\/\",\"name\":\"Chemical Waste Disposal - City of Miami Beach\",\"isPartOf\":{\"@id\":\"https:\\\/\\\/www.miamibeachfl.gov\\\/#website\"},\"primaryImageOfPage\":{\"@id\":\"https:\\\/\\\/www.miamibeachfl.gov\\\/city-hall\\\/public-works\\\/sanitation-division\\\/chemical-waste-disposal\\\/#primaryimage\"},\"image\":{\"@id\":\"https:\\\/\\\/www.miamibeachfl.gov\\\/city-hall\\\/public-works\\\/sanitation-division\\\/chemical-waste-disposal\\\/#primaryimage\"},\"thumbnailUrl\":\"https:\\\/\\\/www.miamibeachfl.gov\\\/wp-content\\\/uploads\\\/2022\\\/07\\\/hero-small.jpg\",\"datePublished\":\"2017-08-11T00:10:04+00:00\",\"dateModified\":\"2026-03-03T14:57:31+00:00\",\"description\":\"%\",\"breadcrumb\":{\"@id\":\"https:\\\/\\\/www.miamibeachfl.gov\\\/city-hall\\\/public-works\\\/sanitation-division\\\/chemical-waste-disposal\\\/#breadcrumb\"},\"inLanguage\":\"ht\",\"potentialAction\":[{\"@type\":\"ReadAction\",\"target\":[\"https:\\\/\\\/www.miamibeachfl.gov\\\/city-hall\\\/public-works\\\/sanitation-division\\\/chemical-waste-disposal\\\/\"]}]},{\"@type\":\"ImageObject\",\"inLanguage\":\"ht\",\"@id\":\"https:\\\/\\\/www.miamibeachfl.gov\\\/city-hall\\\/public-works\\\/sanitation-division\\\/chemical-waste-disposal\\\/#primaryimage\",\"url\":\"https:\\\/\\\/www.miamibeachfl.gov\\\/wp-content\\\/uploads\\\/2022\\\/07\\\/hero-small.jpg\",\"contentUrl\":\"https:\\\/\\\/www.miamibeachfl.gov\\\/wp-content\\\/uploads\\\/2022\\\/07\\\/hero-small.jpg\"},{\"@type\":\"BreadcrumbList\",\"@id\":\"https:\\\/\\\/www.miamibeachfl.gov\\\/city-hall\\\/public-works\\\/sanitation-division\\\/chemical-waste-disposal\\\/#breadcrumb\",\"itemListElement\":[{\"@type\":\"ListItem\",\"position\":1,\"name\":\"Home\",\"item\":\"https:\\\/\\\/www.miamibeachfl.gov\\\/\"},{\"@type\":\"ListItem\",\"position\":2,\"name\":\"City Hall\",\"item\":\"https:\\\/\\\/www.miamibeachfl.gov\\\/city-hall\\\/\"},{\"@type\":\"ListItem\",\"position\":3,\"name\":\"Public Works\",\"item\":\"https:\\\/\\\/www.miamibeachfl.gov\\\/city-hall\\\/public-works\\\/\"},{\"@type\":\"ListItem\",\"position\":4,\"name\":\"Sanitation Division\",\"item\":\"https:\\\/\\\/www.miamibeachfl.gov\\\/city-hall\\\/public-works\\\/sanitation-division\\\/\"},{\"@type\":\"ListItem\",\"position\":5,\"name\":\"Chemical Waste Disposal\"}]},{\"@type\":\"WebSite\",\"@id\":\"https:\\\/\\\/www.miamibeachfl.gov\\\/#website\",\"url\":\"https:\\\/\\\/www.miamibeachfl.gov\\\/\",\"name\":\"City of Miami Beach\",\"description\":\"The official website of the City of Miami Beach. Stay informed, find important information on city services, news, alerts, events, trolley routes, government employment and more.\",\"publisher\":{\"@id\":\"https:\\\/\\\/www.miamibeachfl.gov\\\/#organization\"},\"potentialAction\":[{\"@type\":\"SearchAction\",\"target\":{\"@type\":\"EntryPoint\",\"urlTemplate\":\"https:\\\/\\\/www.miamibeachfl.gov\\\/?s={search_term_string}\"},\"query-input\":{\"@type\":\"PropertyValueSpecification\",\"valueRequired\":true,\"valueName\":\"search_term_string\"}}],\"inLanguage\":\"ht\"},{\"@type\":\"Organization\",\"@id\":\"https:\\\/\\\/www.miamibeachfl.gov\\\/#organization\",\"name\":\"City of Miami Beach\",\"url\":\"https:\\\/\\\/www.miamibeachfl.gov\\\/\",\"logo\":{\"@type\":\"ImageObject\",\"inLanguage\":\"ht\",\"@id\":\"https:\\\/\\\/www.miamibeachfl.gov\\\/#\\\/schema\\\/logo\\\/image\\\/\",\"url\":\"https:\\\/\\\/www.miamibeachfl.gov\\\/wp-content\\\/uploads\\\/2022\\\/06\\\/miamibeach-logoblue.png\",\"contentUrl\":\"https:\\\/\\\/www.miamibeachfl.gov\\\/wp-content\\\/uploads\\\/2022\\\/06\\\/miamibeach-logoblue.png\",\"width\":1962,\"height\":381,\"caption\":\"City of Miami Beach\"},\"image\":{\"@id\":\"https:\\\/\\\/www.miamibeachfl.gov\\\/#\\\/schema\\\/logo\\\/image\\\/\"},\"sameAs\":[\"https:\\\/\\\/www.facebook.com\\\/cityofmiamibeach\",\"https:\\\/\\\/x.com\\\/Miamibeachnews\",\"https:\\\/\\\/www.instagram.com\\\/miamibeachnews\\\/\"],\"description\":\"The official website of the City of Miami Beach. Stay informed, find important information on city services, news, alerts, events, trolley routes, government employment and more.\",\"telephone\":\"305.604.CITY(2489)\",\"legalName\":\"City of Miami Beach\"}]}<\/script>\n<!-- \/ Yoast SEO Premium plugin. -->","yoast_head_json":{"title":"Eliminasyon Dech\u00e8 Chimik - Vil Miami Beach","description":"%","robots":{"index":"index","follow":"follow","max-snippet":"max-snippet:-1","max-image-preview":"max-image-preview:large","max-video-preview":"max-video-preview:-1"},"canonical":"https:\/\/www.miamibeachfl.gov\/ht\/city-hall\/public-works\/sanitation-division\/chemical-waste-disposal\/","og_locale":"ht_HT","og_type":"article","og_title":"Chemical Waste Disposal","og_description":"%","og_url":"https:\/\/www.miamibeachfl.gov\/ht\/city-hall\/public-works\/sanitation-division\/chemical-waste-disposal\/","og_site_name":"City of Miami Beach","article_publisher":"https:\/\/www.facebook.com\/cityofmiamibeach","article_modified_time":"2026-03-03T14:57:31+00:00","og_image":[{"url":"https:\/\/www.miamibeachfl.gov\/wp-content\/uploads\/2022\/07\/hero-small.jpg","type":"","width":"","height":""}],"twitter_card":"summary_large_image","twitter_site":"@Miamibeachnews","schema":{"@context":"https:\/\/schema.org","@graph":[{"@type":"WebPage","@id":"https:\/\/www.miamibeachfl.gov\/city-hall\/public-works\/sanitation-division\/chemical-waste-disposal\/","url":"https:\/\/www.miamibeachfl.gov\/city-hall\/public-works\/sanitation-division\/chemical-waste-disposal\/","name":"Eliminasyon Dech\u00e8 Chimik - Vil Miami Beach","isPartOf":{"@id":"https:\/\/www.miamibeachfl.gov\/#website"},"primaryImageOfPage":{"@id":"https:\/\/www.miamibeachfl.gov\/city-hall\/public-works\/sanitation-division\/chemical-waste-disposal\/#primaryimage"},"image":{"@id":"https:\/\/www.miamibeachfl.gov\/city-hall\/public-works\/sanitation-division\/chemical-waste-disposal\/#primaryimage"},"thumbnailUrl":"https:\/\/www.miamibeachfl.gov\/wp-content\/uploads\/2022\/07\/hero-small.jpg","datePublished":"2017-08-11T00:10:04+00:00","dateModified":"2026-03-03T14:57:31+00:00","description":"%","breadcrumb":{"@id":"https:\/\/www.miamibeachfl.gov\/city-hall\/public-works\/sanitation-division\/chemical-waste-disposal\/#breadcrumb"},"inLanguage":"ht","potentialAction":[{"@type":"ReadAction","target":["https:\/\/www.miamibeachfl.gov\/city-hall\/public-works\/sanitation-division\/chemical-waste-disposal\/"]}]},{"@type":"ImageObject","inLanguage":"ht","@id":"https:\/\/www.miamibeachfl.gov\/city-hall\/public-works\/sanitation-division\/chemical-waste-disposal\/#primaryimage","url":"https:\/\/www.miamibeachfl.gov\/wp-content\/uploads\/2022\/07\/hero-small.jpg","contentUrl":"https:\/\/www.miamibeachfl.gov\/wp-content\/uploads\/2022\/07\/hero-small.jpg"},{"@type":"BreadcrumbList","@id":"https:\/\/www.miamibeachfl.gov\/city-hall\/public-works\/sanitation-division\/chemical-waste-disposal\/#breadcrumb","itemListElement":[{"@type":"ListItem","position":1,"name":"Home","item":"https:\/\/www.miamibeachfl.gov\/"},{"@type":"ListItem","position":2,"name":"City Hall","item":"https:\/\/www.miamibeachfl.gov\/city-hall\/"},{"@type":"ListItem","position":3,"name":"Public Works","item":"https:\/\/www.miamibeachfl.gov\/city-hall\/public-works\/"},{"@type":"ListItem","position":4,"name":"Sanitation Division","item":"https:\/\/www.miamibeachfl.gov\/city-hall\/public-works\/sanitation-division\/"},{"@type":"ListItem","position":5,"name":"Chemical Waste Disposal"}]},{"@type":"WebSite","@id":"https:\/\/www.miamibeachfl.gov\/#website","url":"https:\/\/www.miamibeachfl.gov\/","name":"Vil Miami Beach","description":"Sitw\u00e8b ofisy\u00e8l Vil Miami Beach la. Rete enf\u00f2me, jwenn enf\u00f2masyon enp\u00f2tan sou s\u00e8vis vil la, nouv\u00e8l, al\u00e8t, ev\u00e8nman, wout tramway, travay gouv\u00e8nman an ak plis ank\u00f2.","publisher":{"@id":"https:\/\/www.miamibeachfl.gov\/#organization"},"potentialAction":[{"@type":"SearchAction","target":{"@type":"EntryPoint","urlTemplate":"https:\/\/www.miamibeachfl.gov\/?s={search_term_string}"},"query-input":{"@type":"PropertyValueSpecification","valueRequired":true,"valueName":"search_term_string"}}],"inLanguage":"ht"},{"@type":"Organization","@id":"https:\/\/www.miamibeachfl.gov\/#organization","name":"Vil Miami Beach","url":"https:\/\/www.miamibeachfl.gov\/","logo":{"@type":"ImageObject","inLanguage":"ht","@id":"https:\/\/www.miamibeachfl.gov\/#\/schema\/logo\/image\/","url":"https:\/\/www.miamibeachfl.gov\/wp-content\/uploads\/2022\/06\/miamibeach-logoblue.png","contentUrl":"https:\/\/www.miamibeachfl.gov\/wp-content\/uploads\/2022\/06\/miamibeach-logoblue.png","width":1962,"height":381,"caption":"City of Miami Beach"},"image":{"@id":"https:\/\/www.miamibeachfl.gov\/#\/schema\/logo\/image\/"},"sameAs":["https:\/\/www.facebook.com\/cityofmiamibeach","https:\/\/x.com\/Miamibeachnews","https:\/\/www.instagram.com\/miamibeachnews\/"],"description":"Sitw\u00e8b ofisy\u00e8l Vil Miami Beach la. Rete enf\u00f2me, jwenn enf\u00f2masyon enp\u00f2tan sou s\u00e8vis vil la, nouv\u00e8l, al\u00e8t, ev\u00e8nman, wout tramway, travay gouv\u00e8nman an ak plis ank\u00f2.","telephone":"305.604.CITY(2489)","legalName":"City of Miami Beach"}]}},"_links":{"self":[{"href":"https:\/\/www.miamibeachfl.gov\/ht\/wp-json\/wp\/v2\/pages\/28936","targetHints":{"allow":["GET"]}}],"collection":[{"href":"https:\/\/www.miamibeachfl.gov\/ht\/wp-json\/wp\/v2\/pages"}],"about":[{"href":"https:\/\/www.miamibeachfl.gov\/ht\/wp-json\/wp\/v2\/types\/page"}],"author":[{"embeddable":true,"href":"https:\/\/www.miamibeachfl.gov\/ht\/wp-json\/wp\/v2\/users\/222"}],"replies":[{"embeddable":true,"href":"https:\/\/www.miamibeachfl.gov\/ht\/wp-json\/wp\/v2\/comments?post=28936"}],"version-history":[{"count":2,"href":"https:\/\/www.miamibeachfl.gov\/ht\/wp-json\/wp\/v2\/pages\/28936\/revisions"}],"predecessor-version":[{"id":397021,"href":"https:\/\/www.miamibeachfl.gov\/ht\/wp-json\/wp\/v2\/pages\/28936\/revisions\/397021"}],"up":[{"embeddable":true,"href":"https:\/\/www.miamibeachfl.gov\/ht\/wp-json\/wp\/v2\/pages\/28932"}],"wp:attachment":[{"href":"https:\/\/www.miamibeachfl.gov\/ht\/wp-json\/wp\/v2\/media?parent=28936"}],"wp:term":[{"taxonomy":"category","embeddable":true,"href":"https:\/\/www.miamibeachfl.gov\/ht\/wp-json\/wp\/v2\/categories?post=28936"},{"taxonomy":"post_tag","embeddable":true,"href":"https:\/\/www.miamibeachfl.gov\/ht\/wp-json\/wp\/v2\/tags?post=28936"}],"curies":[{"name":"wp","href":"https:\/\/api.w.org\/{rel}","templated":true}]}}