{"id":28937,"date":"2017-08-11T00:10:05","date_gmt":"2017-08-11T00:10:05","guid":{"rendered":"http:\/\/www.miamibeachfl.gov\/city-hall\/public-works\/sanitation-division\/recycling-info\/"},"modified":"2026-03-03T09:54:29","modified_gmt":"2026-03-03T14:54:29","slug":"recycling-info","status":"publish","type":"page","link":"https:\/\/www.miamibeachfl.gov\/ht\/city-hall\/public-works\/sanitation-division\/recycling-info\/","title":{"rendered":"Enf\u00f2masyon sou Resiklaj"},"content":{"rendered":"<img decoding=\"async\" src=\"https:\/\/www.miamibeachfl.gov\/wp-content\/uploads\/2022\/07\/hero-small.jpg\" alt=\"ocean drive art deco buildings\" itemprop=\"image\" height=\"211\" width=\"2395\" title=\"ewo-piti\" onerror=\"this.style.display='none'\" loading=\"lazy\" \/>\n<h1>\n\t\t\tEnf\u00f2masyon sou Resiklaj\t<\/h1>\n\t<nav id=\"breadcrumbs\" aria-label=\"Pen griye\"><a href=\"https:\/\/www.miamibeachfl.gov\/ht\/\">Lakay<\/a> &gt; <a href=\"https:\/\/www.miamibeachfl.gov\/ht\/city-hall\/\">Lakou Vil la<\/a> &gt; <a href=\"https:\/\/www.miamibeachfl.gov\/ht\/city-hall\/public-works\/\">Travay Piblik<\/a> &gt; <a href=\"https:\/\/www.miamibeachfl.gov\/ht\/city-hall\/public-works\/sanitation-division\/\">Divizyon Sanitasyon<\/a> &gt; <strong>Enf\u00f2masyon sou Resiklaj<\/strong><\/nav>\n\t\t\t\t<img decoding=\"async\" src=\"https:\/\/www.miamibeachfl.gov\/wp-content\/uploads\/2017\/08\/wif488.png\" alt=\"Waste can\" itemprop=\"image\" height=\"178\" width=\"214\" title=\"wif488\" onerror=\"this.style.display='none'\" loading=\"lazy\" \/>\n<h2>\n\t\t\tSanitasyon \u2013 Resiklaj\t<\/h2>\n\t<p>Resiklaj &quot;yon s\u00e8l kouran&quot; vle di ou p ap bezwen separe matery\u00e8l resikle ou yo ank\u00f2.<\/p>\n\t\t\t<a href=\"tel:3056737616\" target=\"_self\">\n\t\t\t\t\t\t\tPou plis enf\u00f2masyon sou s\u00e8vis resiklaj ak kabwa resiklaj, tanpri kontakte Divizyon Sanitasyon an nan 305.673.7616.\n\t\t\t<\/a>\n\t\tNavige pou ale nan\u2026\t\t\t\n\t\t\t\t\t<ul id=\"menu-public-works-sanitation\"><li id=\"menu-item-364244\"><a href=\"\/ht\/city-hall\/public-works\/sanitation-division\/chemical-waste-disposal\/\">Eliminasyon Dech\u00e8 Chimik<\/a><\/li>\n<li id=\"menu-item-364245\"><a href=\"\/ht\/city-hall\/public-works\/sanitation-division\/commercial-waste-haulers\/\">Transp\u00f2t\u00e8 Dech\u00e8 Kom\u00e8syal yo<\/a><\/li>\n<li id=\"menu-item-364246\"><a href=\"\/ht\/city-hall\/public-works\/sanitation-division\/bulk-disposal\/\">Ranmase ak Depoze Gwo Dech\u00e8 nan Miami Beach<\/a><\/li>\n<li id=\"menu-item-364247\"><a href=\"\/ht\/city-hall\/public-works\/sanitation-division\/recycling-info\/\">Enf\u00f2masyon sou Resiklaj<\/a><\/li>\n<li id=\"menu-item-364248\"><a href=\"\/ht\/city-hall\/public-works\/sanitation-division\/residential-garbage\/\">Fatra rezidansy\u00e8l<\/a><\/li>\n<li id=\"menu-item-364249\"><a href=\"\/ht\/city-hall\/public-works\/sanitation-division\/street-cleaning\/\">Pwogram Netwayaj Lari nan Flamingo Park ak North Beach<\/a><\/li>\n<\/ul>\t\n\t<h2>\n\t\t\t Ki matery\u00e8l mwen ka mete nan panyen resiklaj la?\t<\/h2>\n\t\t\t\t<img decoding=\"async\" src=\"https:\/\/www.miamibeachfl.gov\/wp-content\/uploads\/2017\/08\/wif4b9.jpg\" alt=\"cardboard trash\" itemprop=\"image\" height=\"101\" width=\"159\" title=\"wif4b9\" onerror=\"this.style.display='none'\" loading=\"lazy\" \/>\n\t<ul>\n<li><strong>Pwodwi Papye:<\/strong> jounal, magazin, katal\u00f2g, any\u00e8 telef\u00f2n, papye enprimant, papye fotokopi, lap\u00f2s, tout l\u00f2t papye biwo san kouch sir<\/li>\n<li><strong>Katon: <\/strong>bwat anbalaj, bwat sereyal, bwat kado, katon ondile; plati tout bwat yo anvan ou mete yo nan kabwa ou.<\/li>\n<\/ul>\n\t\t\t\t<img decoding=\"async\" src=\"https:\/\/www.miamibeachfl.gov\/wp-content\/uploads\/2017\/08\/wif4c9.jpg\" alt=\"wif4c9\" itemprop=\"image\" height=\"101\" width=\"159\" title=\"wif4c9\" onerror=\"this.style.display='none'\" loading=\"lazy\" \/>\n\t<ul>\n<li><strong>Resipyan plastik (kou etwat s\u00e8lman):<\/strong> bout\u00e8y (san bouchon ni kouv\u00e8ti), l\u00e8t, dlo, savon ak chanpou (san bouchon).<\/li>\n<li><strong>Konten\u00e8 aseptik:<\/strong> bwat bwason polikouv\u00e8, katon ji, katon l\u00e8t<\/li>\n<li><strong>V\u00e8: <\/strong>resipyan manje ak bwason an v\u00e8 (kl\u00e8, mawon ak v\u00e8t)<\/li>\n<li><strong>Metal yo<\/strong>: resipyan pou manje ak bwason an aliminy\u00f2m ak an asye<\/li>\n<\/ul>\n\t\t\t\t<img decoding=\"async\" src=\"https:\/\/www.miamibeachfl.gov\/wp-content\/uploads\/2017\/08\/wif4ec.jpg\" alt=\"wif4ec\" itemprop=\"image\" height=\"101\" width=\"159\" title=\"wif4ec\" onerror=\"this.style.display='none'\" loading=\"lazy\" \/>\n\t<ul>\n<li><strong>Se s\u00e8lman resipyan plastik ki gen senb\u00f2l etik\u00e8t triyang lan #1, #2, #3, #4, #5, #6, #7<\/strong> yo ka resikle kounye a. Ou ap jwenn nimewo sa yo nan baz veso a (kou etwat s\u00e8lman).<\/li>\n<\/ul>\n<h2>\n\t\t\t Kisa ki PA otorize nan kabwa a?\t<\/h2>\n\t\t\t\t<img decoding=\"async\" src=\"https:\/\/www.miamibeachfl.gov\/wp-content\/uploads\/2017\/08\/wif4d6.jpg\" alt=\"wif4d6\" itemprop=\"image\" height=\"101\" width=\"159\" title=\"wif4d6\" onerror=\"this.style.display='none'\" loading=\"lazy\" \/>\n\t<ul>\n<li><strong>Pil:<\/strong> pil s\u00e8k, pil plon-asid<\/li>\n<li><strong>Fatra<\/strong> oubyen l\u00f2t dech\u00e8 ki pa resikle tankou silenn gaz, tank, w\u00f2ch, pousy\u00e8 t\u00e8, debri konstriksyon, pwodui ki ka pran dife<\/li>\n<li><strong>S\u00e8ten pwodui an v\u00e8:<\/strong> vit fen\u00e8t oswa vit machin, anpoul, miwa, istansil kwizin oswa boulanjri an v\u00e8, seramik<\/li>\n<li><strong>Sak plastik<\/strong><\/li>\n<li><strong>Styrofoam<\/strong><\/li>\n<li><strong>Pwodui chimik pou kay la:<\/strong> penti, pestisid<\/li>\n<li><strong>Dech\u00e8 medikal ak pwodui famasetik<\/strong><\/li>\n<li><strong>Dech\u00e8 elektwonik ak akseswa: <\/strong>Odinat\u00e8, monit\u00e8, televizyon, katouch enprimant, klavye, telef\u00f2n selil\u00e8, CD ak DVD<\/li>\n<\/ul>\n\t\t\t\t<img decoding=\"async\" src=\"https:\/\/www.miamibeachfl.gov\/wp-content\/uploads\/2017\/08\/wif4dc.jpg\" alt=\"wif4dc\" itemprop=\"image\" height=\"101\" width=\"159\" title=\"wif4dc\" onerror=\"this.style.display='none'\" loading=\"lazy\" \/>\n\t<ul>\n<li><strong>L\u00f2t matery\u00e8l ki pa resikle:<\/strong> Krok rad, ti apar\u00e8y, plato mikwo ond<\/li>\n<\/ul>\n\t\t\t<a href=\"https:\/\/www.mbrisingabove.com\/your-home\/recycling-waste\/recycling\/hhw\/\" target=\"_blank\" rel=\"noopener\">\n\t\t\t\t\t\t\tAprann plis bagay sou dech\u00e8 danjere nan kay la\n\t\t\t<\/a>\n\t\t\t<a href=\"https:\/\/www.miamibeachfl.gov\/ht\/eventssection\/environment\/\" target=\"_blank\" rel=\"noopener\">\n\t\t\t\t\t\t\tEv\u00e8nman Anviw\u00f2nman ak Dirablite\n\t\t\t<\/a>\n<h2>\n\t\t\t Ki kote pou m mete kabwa a pou m vin ch\u00e8che l?\t<\/h2>\n\t<strong> JOU RESIKLAJ YO SE M\u00c8KREDI<br \/>\n<\/strong>\n<ul>\n<li><strong>Jis woule kabwa ou a sou twotwa a anvan 7\u00e8 nan maten m\u00e8kredi.<\/strong><\/li>\n<li>Mete kabwa resiklaj ou a nan yon distans 3 pye de lari a epi omwen 5 pye de bwat l\u00e8t, machin ki estasyone, oswa l\u00f2t obstak (poto limy\u00e8, kab ak\/oswa l\u00f2t fil elektrik).<\/li>\n<li>Wou yo dwe f\u00e8 fas ak kay ou; apre ou fin pran bagay yo, retounen kabwa a nan plas li.<\/li>\n<\/ul>\n\t<p><b><a href=\"\/ht\/city-hall\/environmental-sustainability\/sustainability\/recycling\/\">Se pwopriyet\u00e8 bilding lan ak\/oswa asosyasyon an ki bay s\u00e8vis resiklaj pou fatra kom\u00e8syal\/prive.<\/a>\u00a0\u00a0<\/b><\/p>\n<p><strong>Pou plis enf\u00f2masyon sou resiklaj, tanpri kontakte Divizyon Sanitasyon an nan <a href=\"tel:3056737616\">305.673.7616<\/a>.<\/strong><\/p>\n\t\t\t\t<a href=\"https:\/\/www.mbrisingabove.com\/your-home\/recycling-waste\/composting\/\"  target=\"_blank\" rel=\"noopener\"  itemprop=\"url\">\n\t\t\t\t<img decoding=\"async\" src=\"https:\/\/www.miamibeachfl.gov\/wp-content\/uploads\/2024\/05\/compost-bin-copy-259x300-1.png\" alt=\"Composting\" itemprop=\"image\" height=\"300\" width=\"259\" title=\"kopi-bin-konp\u00f2s-259x300\" onerror=\"this.style.display='none'\" loading=\"lazy\" \/>\n\t\t\t\t<\/a>\n\t\t\t<a href=\"https:\/\/www.mbrisingabove.com\/your-home\/recycling-waste\/composting\/\" target=\"_blank\" rel=\"noopener\">\n\t\t\t\t\t\t\tAprann sou konpostaj\n\t\t\t<\/a>\n\t<div class=\"page-navigation\"><a class=\"prev-page\" href=\"https:\/\/www.miamibeachfl.gov\/ht\/city-hall\/public-works\/sanitation-division\/chemical-waste-disposal\/\">\u2190 Eliminasyon Dech\u00e8 Chimik<\/a> <a class=\"next-page\" href=\"https:\/\/www.miamibeachfl.gov\/ht\/city-hall\/public-works\/operations-division\/storm-water-utility\/\">Rap\u00f2 Any\u00e8l sou Kalite Dlo a \u2192<\/a><\/div>","protected":false},"excerpt":{"rendered":"<p>Recycling Info Home &gt; City Hall &gt; Public Works &gt; Sanitation Division &gt; Recycling Info Sanitation &#8211; Recycling &#8220;Single-Stream&#8221; Recycling [&hellip;]<\/p>\n","protected":false},"author":222,"featured_media":0,"parent":28932,"menu_order":0,"comment_status":"closed","ping_status":"closed","template":"","meta":{"_searchwp_excluded":"","site-sidebar-layout":"default","site-content-layout":"","ast-site-content-layout":"default","site-content-style":"default","site-sidebar-style":"default","ast-global-header-display":"","ast-banner-title-visibility":"","ast-main-header-display":"","ast-hfb-above-header-display":"","ast-hfb-below-header-display":"","ast-hfb-mobile-header-display":"","site-post-title":"","ast-breadcrumbs-content":"","ast-featured-img":"","footer-sml-layout":"","theme-transparent-header-meta":"","adv-header-id-meta":"","stick-header-meta":"","header-above-stick-meta":"","header-main-stick-meta":"","header-below-stick-meta":"","astra-migrate-meta-layouts":"default","ast-page-background-enabled":"default","ast-page-background-meta":{"desktop":{"background-color":"var(--ast-global-color-5)","background-image":"","background-repeat":"repeat","background-position":"center center","background-size":"auto","background-attachment":"scroll","background-type":"","background-media":"","overlay-type":"","overlay-color":"","overlay-opacity":"","overlay-gradient":""},"tablet":{"background-color":"","background-image":"","background-repeat":"repeat","background-position":"center center","background-size":"auto","background-attachment":"scroll","background-type":"","background-media":"","overlay-type":"","overlay-color":"","overlay-opacity":"","overlay-gradient":""},"mobile":{"background-color":"","background-image":"","background-repeat":"repeat","background-position":"center center","background-size":"auto","background-attachment":"scroll","background-type":"","background-media":"","overlay-type":"","overlay-color":"","overlay-opacity":"","overlay-gradient":""}},"ast-content-background-meta":{"desktop":{"background-color":"var(--ast-global-color-4)","background-image":"","background-repeat":"repeat","background-position":"center center","background-size":"auto","background-attachment":"scroll","background-type":"","background-media":"","overlay-type":"","overlay-color":"","overlay-opacity":"","overlay-gradient":""},"tablet":{"background-color":"var(--ast-global-color-4)","background-image":"","background-repeat":"repeat","background-position":"center center","background-size":"auto","background-attachment":"scroll","background-type":"","background-media":"","overlay-type":"","overlay-color":"","overlay-opacity":"","overlay-gradient":""},"mobile":{"background-color":"var(--ast-global-color-4)","background-image":"","background-repeat":"repeat","background-position":"center center","background-size":"auto","background-attachment":"scroll","background-type":"","background-media":"","overlay-type":"","overlay-color":"","overlay-opacity":"","overlay-gradient":""}},"footnotes":""},"categories":[],"tags":[],"class_list":["post-28937","page","type-page","status-publish","hentry"],"yoast_head":"<!-- This site is optimized with the Yoast SEO Premium plugin v27.4 (Yoast SEO v27.4) - https:\/\/yoast.com\/product\/yoast-seo-premium-wordpress\/ -->\n<title>Recycling Info - City of Miami Beach<\/title>\n<meta name=\"description\" content=\"%\" \/>\n<meta name=\"robots\" content=\"index, follow, max-snippet:-1, max-image-preview:large, max-video-preview:-1\" \/>\n<link rel=\"canonical\" href=\"https:\/\/www.miamibeachfl.gov\/ht\/city-hall\/public-works\/sanitation-division\/recycling-info\/\" \/>\n<meta property=\"og:locale\" content=\"ht_HT\" \/>\n<meta property=\"og:type\" content=\"article\" \/>\n<meta property=\"og:title\" content=\"Recycling Info\" \/>\n<meta property=\"og:description\" content=\"%\" \/>\n<meta property=\"og:url\" content=\"https:\/\/www.miamibeachfl.gov\/ht\/city-hall\/public-works\/sanitation-division\/recycling-info\/\" \/>\n<meta property=\"og:site_name\" content=\"City of Miami Beach\" \/>\n<meta property=\"article:publisher\" content=\"https:\/\/www.facebook.com\/cityofmiamibeach\" \/>\n<meta property=\"article:modified_time\" content=\"2026-03-03T14:54:29+00:00\" \/>\n<meta property=\"og:image\" content=\"https:\/\/www.miamibeachfl.gov\/wp-content\/uploads\/2022\/07\/hero-small.jpg\" \/>\n<meta name=\"twitter:card\" content=\"summary_large_image\" \/>\n<meta name=\"twitter:site\" content=\"@Miamibeachnews\" \/>\n<script type=\"application\/ld+json\" class=\"yoast-schema-graph\">{\"@context\":\"https:\\\/\\\/schema.org\",\"@graph\":[{\"@type\":\"WebPage\",\"@id\":\"https:\\\/\\\/www.miamibeachfl.gov\\\/city-hall\\\/public-works\\\/sanitation-division\\\/recycling-info\\\/\",\"url\":\"https:\\\/\\\/www.miamibeachfl.gov\\\/city-hall\\\/public-works\\\/sanitation-division\\\/recycling-info\\\/\",\"name\":\"Recycling Info - City of Miami Beach\",\"isPartOf\":{\"@id\":\"https:\\\/\\\/www.miamibeachfl.gov\\\/#website\"},\"primaryImageOfPage\":{\"@id\":\"https:\\\/\\\/www.miamibeachfl.gov\\\/city-hall\\\/public-works\\\/sanitation-division\\\/recycling-info\\\/#primaryimage\"},\"image\":{\"@id\":\"https:\\\/\\\/www.miamibeachfl.gov\\\/city-hall\\\/public-works\\\/sanitation-division\\\/recycling-info\\\/#primaryimage\"},\"thumbnailUrl\":\"https:\\\/\\\/www.miamibeachfl.gov\\\/wp-content\\\/uploads\\\/2022\\\/07\\\/hero-small.jpg\",\"datePublished\":\"2017-08-11T00:10:05+00:00\",\"dateModified\":\"2026-03-03T14:54:29+00:00\",\"description\":\"%\",\"breadcrumb\":{\"@id\":\"https:\\\/\\\/www.miamibeachfl.gov\\\/city-hall\\\/public-works\\\/sanitation-division\\\/recycling-info\\\/#breadcrumb\"},\"inLanguage\":\"ht\",\"potentialAction\":[{\"@type\":\"ReadAction\",\"target\":[\"https:\\\/\\\/www.miamibeachfl.gov\\\/city-hall\\\/public-works\\\/sanitation-division\\\/recycling-info\\\/\"]}]},{\"@type\":\"ImageObject\",\"inLanguage\":\"ht\",\"@id\":\"https:\\\/\\\/www.miamibeachfl.gov\\\/city-hall\\\/public-works\\\/sanitation-division\\\/recycling-info\\\/#primaryimage\",\"url\":\"https:\\\/\\\/www.miamibeachfl.gov\\\/wp-content\\\/uploads\\\/2022\\\/07\\\/hero-small.jpg\",\"contentUrl\":\"https:\\\/\\\/www.miamibeachfl.gov\\\/wp-content\\\/uploads\\\/2022\\\/07\\\/hero-small.jpg\"},{\"@type\":\"BreadcrumbList\",\"@id\":\"https:\\\/\\\/www.miamibeachfl.gov\\\/city-hall\\\/public-works\\\/sanitation-division\\\/recycling-info\\\/#breadcrumb\",\"itemListElement\":[{\"@type\":\"ListItem\",\"position\":1,\"name\":\"Home\",\"item\":\"https:\\\/\\\/www.miamibeachfl.gov\\\/\"},{\"@type\":\"ListItem\",\"position\":2,\"name\":\"City Hall\",\"item\":\"https:\\\/\\\/www.miamibeachfl.gov\\\/city-hall\\\/\"},{\"@type\":\"ListItem\",\"position\":3,\"name\":\"Public Works\",\"item\":\"https:\\\/\\\/www.miamibeachfl.gov\\\/city-hall\\\/public-works\\\/\"},{\"@type\":\"ListItem\",\"position\":4,\"name\":\"Sanitation Division\",\"item\":\"https:\\\/\\\/www.miamibeachfl.gov\\\/city-hall\\\/public-works\\\/sanitation-division\\\/\"},{\"@type\":\"ListItem\",\"position\":5,\"name\":\"Recycling Info\"}]},{\"@type\":\"WebSite\",\"@id\":\"https:\\\/\\\/www.miamibeachfl.gov\\\/#website\",\"url\":\"https:\\\/\\\/www.miamibeachfl.gov\\\/\",\"name\":\"City of Miami Beach\",\"description\":\"The official website of the City of Miami Beach. Stay informed, find important information on city services, news, alerts, events, trolley routes, government employment and more.\",\"publisher\":{\"@id\":\"https:\\\/\\\/www.miamibeachfl.gov\\\/#organization\"},\"potentialAction\":[{\"@type\":\"SearchAction\",\"target\":{\"@type\":\"EntryPoint\",\"urlTemplate\":\"https:\\\/\\\/www.miamibeachfl.gov\\\/?s={search_term_string}\"},\"query-input\":{\"@type\":\"PropertyValueSpecification\",\"valueRequired\":true,\"valueName\":\"search_term_string\"}}],\"inLanguage\":\"ht\"},{\"@type\":\"Organization\",\"@id\":\"https:\\\/\\\/www.miamibeachfl.gov\\\/#organization\",\"name\":\"City of Miami Beach\",\"url\":\"https:\\\/\\\/www.miamibeachfl.gov\\\/\",\"logo\":{\"@type\":\"ImageObject\",\"inLanguage\":\"ht\",\"@id\":\"https:\\\/\\\/www.miamibeachfl.gov\\\/#\\\/schema\\\/logo\\\/image\\\/\",\"url\":\"https:\\\/\\\/www.miamibeachfl.gov\\\/wp-content\\\/uploads\\\/2022\\\/06\\\/miamibeach-logoblue.png\",\"contentUrl\":\"https:\\\/\\\/www.miamibeachfl.gov\\\/wp-content\\\/uploads\\\/2022\\\/06\\\/miamibeach-logoblue.png\",\"width\":1962,\"height\":381,\"caption\":\"City of Miami Beach\"},\"image\":{\"@id\":\"https:\\\/\\\/www.miamibeachfl.gov\\\/#\\\/schema\\\/logo\\\/image\\\/\"},\"sameAs\":[\"https:\\\/\\\/www.facebook.com\\\/cityofmiamibeach\",\"https:\\\/\\\/x.com\\\/Miamibeachnews\",\"https:\\\/\\\/www.instagram.com\\\/miamibeachnews\\\/\"],\"description\":\"The official website of the City of Miami Beach. Stay informed, find important information on city services, news, alerts, events, trolley routes, government employment and more.\",\"telephone\":\"305.604.CITY(2489)\",\"legalName\":\"City of Miami Beach\"}]}<\/script>\n<!-- \/ Yoast SEO Premium plugin. -->","yoast_head_json":{"title":"Enf\u00f2masyon sou Resiklaj - Vil Miami Beach","description":"%","robots":{"index":"index","follow":"follow","max-snippet":"max-snippet:-1","max-image-preview":"max-image-preview:large","max-video-preview":"max-video-preview:-1"},"canonical":"https:\/\/www.miamibeachfl.gov\/ht\/city-hall\/public-works\/sanitation-division\/recycling-info\/","og_locale":"ht_HT","og_type":"article","og_title":"Recycling Info","og_description":"%","og_url":"https:\/\/www.miamibeachfl.gov\/ht\/city-hall\/public-works\/sanitation-division\/recycling-info\/","og_site_name":"City of Miami Beach","article_publisher":"https:\/\/www.facebook.com\/cityofmiamibeach","article_modified_time":"2026-03-03T14:54:29+00:00","og_image":[{"url":"https:\/\/www.miamibeachfl.gov\/wp-content\/uploads\/2022\/07\/hero-small.jpg","type":"","width":"","height":""}],"twitter_card":"summary_large_image","twitter_site":"@Miamibeachnews","schema":{"@context":"https:\/\/schema.org","@graph":[{"@type":"WebPage","@id":"https:\/\/www.miamibeachfl.gov\/city-hall\/public-works\/sanitation-division\/recycling-info\/","url":"https:\/\/www.miamibeachfl.gov\/city-hall\/public-works\/sanitation-division\/recycling-info\/","name":"Enf\u00f2masyon sou Resiklaj - Vil Miami Beach","isPartOf":{"@id":"https:\/\/www.miamibeachfl.gov\/#website"},"primaryImageOfPage":{"@id":"https:\/\/www.miamibeachfl.gov\/city-hall\/public-works\/sanitation-division\/recycling-info\/#primaryimage"},"image":{"@id":"https:\/\/www.miamibeachfl.gov\/city-hall\/public-works\/sanitation-division\/recycling-info\/#primaryimage"},"thumbnailUrl":"https:\/\/www.miamibeachfl.gov\/wp-content\/uploads\/2022\/07\/hero-small.jpg","datePublished":"2017-08-11T00:10:05+00:00","dateModified":"2026-03-03T14:54:29+00:00","description":"%","breadcrumb":{"@id":"https:\/\/www.miamibeachfl.gov\/city-hall\/public-works\/sanitation-division\/recycling-info\/#breadcrumb"},"inLanguage":"ht","potentialAction":[{"@type":"ReadAction","target":["https:\/\/www.miamibeachfl.gov\/city-hall\/public-works\/sanitation-division\/recycling-info\/"]}]},{"@type":"ImageObject","inLanguage":"ht","@id":"https:\/\/www.miamibeachfl.gov\/city-hall\/public-works\/sanitation-division\/recycling-info\/#primaryimage","url":"https:\/\/www.miamibeachfl.gov\/wp-content\/uploads\/2022\/07\/hero-small.jpg","contentUrl":"https:\/\/www.miamibeachfl.gov\/wp-content\/uploads\/2022\/07\/hero-small.jpg"},{"@type":"BreadcrumbList","@id":"https:\/\/www.miamibeachfl.gov\/city-hall\/public-works\/sanitation-division\/recycling-info\/#breadcrumb","itemListElement":[{"@type":"ListItem","position":1,"name":"Home","item":"https:\/\/www.miamibeachfl.gov\/"},{"@type":"ListItem","position":2,"name":"City Hall","item":"https:\/\/www.miamibeachfl.gov\/city-hall\/"},{"@type":"ListItem","position":3,"name":"Public Works","item":"https:\/\/www.miamibeachfl.gov\/city-hall\/public-works\/"},{"@type":"ListItem","position":4,"name":"Sanitation Division","item":"https:\/\/www.miamibeachfl.gov\/city-hall\/public-works\/sanitation-division\/"},{"@type":"ListItem","position":5,"name":"Recycling Info"}]},{"@type":"WebSite","@id":"https:\/\/www.miamibeachfl.gov\/#website","url":"https:\/\/www.miamibeachfl.gov\/","name":"Vil Miami Beach","description":"Sitw\u00e8b ofisy\u00e8l Vil Miami Beach la. Rete enf\u00f2me, jwenn enf\u00f2masyon enp\u00f2tan sou s\u00e8vis vil la, nouv\u00e8l, al\u00e8t, ev\u00e8nman, wout tramway, travay gouv\u00e8nman an ak plis ank\u00f2.","publisher":{"@id":"https:\/\/www.miamibeachfl.gov\/#organization"},"potentialAction":[{"@type":"SearchAction","target":{"@type":"EntryPoint","urlTemplate":"https:\/\/www.miamibeachfl.gov\/?s={search_term_string}"},"query-input":{"@type":"PropertyValueSpecification","valueRequired":true,"valueName":"search_term_string"}}],"inLanguage":"ht"},{"@type":"Organization","@id":"https:\/\/www.miamibeachfl.gov\/#organization","name":"Vil Miami Beach","url":"https:\/\/www.miamibeachfl.gov\/","logo":{"@type":"ImageObject","inLanguage":"ht","@id":"https:\/\/www.miamibeachfl.gov\/#\/schema\/logo\/image\/","url":"https:\/\/www.miamibeachfl.gov\/wp-content\/uploads\/2022\/06\/miamibeach-logoblue.png","contentUrl":"https:\/\/www.miamibeachfl.gov\/wp-content\/uploads\/2022\/06\/miamibeach-logoblue.png","width":1962,"height":381,"caption":"City of Miami Beach"},"image":{"@id":"https:\/\/www.miamibeachfl.gov\/#\/schema\/logo\/image\/"},"sameAs":["https:\/\/www.facebook.com\/cityofmiamibeach","https:\/\/x.com\/Miamibeachnews","https:\/\/www.instagram.com\/miamibeachnews\/"],"description":"Sitw\u00e8b ofisy\u00e8l Vil Miami Beach la. Rete enf\u00f2me, jwenn enf\u00f2masyon enp\u00f2tan sou s\u00e8vis vil la, nouv\u00e8l, al\u00e8t, ev\u00e8nman, wout tramway, travay gouv\u00e8nman an ak plis ank\u00f2.","telephone":"305.604.CITY(2489)","legalName":"City of Miami Beach"}]}},"_links":{"self":[{"href":"https:\/\/www.miamibeachfl.gov\/ht\/wp-json\/wp\/v2\/pages\/28937","targetHints":{"allow":["GET"]}}],"collection":[{"href":"https:\/\/www.miamibeachfl.gov\/ht\/wp-json\/wp\/v2\/pages"}],"about":[{"href":"https:\/\/www.miamibeachfl.gov\/ht\/wp-json\/wp\/v2\/types\/page"}],"author":[{"embeddable":true,"href":"https:\/\/www.miamibeachfl.gov\/ht\/wp-json\/wp\/v2\/users\/222"}],"replies":[{"embeddable":true,"href":"https:\/\/www.miamibeachfl.gov\/ht\/wp-json\/wp\/v2\/comments?post=28937"}],"version-history":[{"count":2,"href":"https:\/\/www.miamibeachfl.gov\/ht\/wp-json\/wp\/v2\/pages\/28937\/revisions"}],"predecessor-version":[{"id":397016,"href":"https:\/\/www.miamibeachfl.gov\/ht\/wp-json\/wp\/v2\/pages\/28937\/revisions\/397016"}],"up":[{"embeddable":true,"href":"https:\/\/www.miamibeachfl.gov\/ht\/wp-json\/wp\/v2\/pages\/28932"}],"wp:attachment":[{"href":"https:\/\/www.miamibeachfl.gov\/ht\/wp-json\/wp\/v2\/media?parent=28937"}],"wp:term":[{"taxonomy":"category","embeddable":true,"href":"https:\/\/www.miamibeachfl.gov\/ht\/wp-json\/wp\/v2\/categories?post=28937"},{"taxonomy":"post_tag","embeddable":true,"href":"https:\/\/www.miamibeachfl.gov\/ht\/wp-json\/wp\/v2\/tags?post=28937"}],"curies":[{"name":"wp","href":"https:\/\/api.w.org\/{rel}","templated":true}]}}