{"id":28947,"date":"2017-08-11T00:10:13","date_gmt":"2017-08-11T00:10:13","guid":{"rendered":"http:\/\/www.miamibeachfl.gov\/city-hall\/public-works\/elevator-division\/permit-inspection-testing\/requesting-an-inspection\/"},"modified":"2026-03-03T09:55:19","modified_gmt":"2026-03-03T14:55:19","slug":"requesting-an-inspection","status":"publish","type":"page","link":"https:\/\/www.miamibeachfl.gov\/ht\/city-hall\/public-works\/elevator-division\/requesting-an-inspection\/","title":{"rendered":"Mande yon Enspeksyon"},"content":{"rendered":"<img decoding=\"async\" src=\"https:\/\/www.miamibeachfl.gov\/wp-content\/uploads\/2022\/07\/hero-small.jpg\" alt=\"ocean drive art deco buildings\" itemprop=\"image\" height=\"211\" width=\"2395\" title=\"ewo-piti\" onerror=\"this.style.display='none'\" loading=\"lazy\" \/>\n<h1>\n\t\t\tMande yon Enspeksyon\t<\/h1>\n\t<nav id=\"breadcrumbs\" aria-label=\"Pen griye\"><a href=\"https:\/\/www.miamibeachfl.gov\/ht\/\">Lakay<\/a> &gt; <a href=\"https:\/\/www.miamibeachfl.gov\/ht\/city-hall\/\">Lakou Vil la<\/a> &gt; <a href=\"https:\/\/www.miamibeachfl.gov\/ht\/city-hall\/public-works\/\">Travay Piblik<\/a> &gt; <a href=\"https:\/\/www.miamibeachfl.gov\/ht\/city-hall\/public-works\/elevator-division\/\">Divizyon Asans\u00e8<\/a> &gt; <strong>Mande yon Enspeksyon<\/strong><\/nav>\n\t<h2>Demann Enspeksyon<\/h2>\n<p>Enspeksyon yo f\u00e8t soti 8:30 am pou rive 3:30 pm, lendi pou rive vandredi. Soum\u00e8t ou a <strong>Enspeksyon Asans\u00e8<\/strong> \u00a0f\u00e8 yon demann pa im\u00e8l bay <a href=\"mailto:alejandrosimon@miamibeachfl.gov\">alejandrosimon@miamibeachfl.gov\u00a0<\/a>\u00a0<strong>Tanpri sonje:<\/strong> Si yo mande yon enspeksyon anvan 4:00 pm, y ap pwograme l pou pwochen jou ouvrab ki disponib la.<\/p>\n<h2>Kondisyon:<\/h2>\n<ul>\n<li>Yon teknisyen ki gen yon S\u00e8tifika Konpetans dwe prezan anvan enspeksyon an f\u00e8t, sinon enspekt\u00e8 Vil Miami Beach la ap anile l.<\/li>\n<li>Kopi plan travay ki apwouve a, Avi K\u00f2mansman Travay la, ak p\u00e8mi apwouve a dwe nan chantye konstriksyon an, epi adr\u00e8s la dwe byen afiche epi vizib nan lari a epi aksesib.<\/li>\n<\/ul>\n<h2>Demann Enspeksyon L\u00e8 Siplemant\u00e8<\/h2>\n<p>Tout demann, peman ak demann enspeksyon l\u00e8 siplemant\u00e8 dwe konplete anvan midi pou asire enspeksyon ou an ap f\u00e8t apre 4:00 p.m. nan dat ou mande a. Tanpri ranpli f\u00f2m ki anba a epi soum\u00e8t li bay <a href=\"mailto:jacquelinebeltran@miamibeachfl.gov\">jacquelinebeltran@miamibeachfl.gov<\/a>Y ap voye yon fakti ba ou apre yo fin apwouve demann ou an.<\/p>\n<p><a href=\"http:\/\/www.miamibeachfl.gov\/wp-content\/uploads\/2018\/06\/Overtime-Inspection-Request-Form-1.pdf\">F\u00f2m Demann Enspeksyon L\u00e8 Siplemant\u00e8<\/a><\/p>\n<h2>Enspekt\u00e8 Asans\u00e8 Twazy\u00e8m Pati yo: CEI<\/h2>\n<p><strong>Seksyon 399.13 FS<\/strong>p\u00e8m\u00e8t <a href=\"https:\/\/www.myfloridalicense.com\/wl11.asp\">Depatman R\u00e8gleman Biznis ak Pwofesyon\u00e8l Florid (DBPR)<\/a> pou f\u00e8 kontra ak gouv\u00e8nman lokal yo pou enspekte asans\u00e8 yo epi aplike dispozisyon ki aplikab nan K\u00f2d Konstriksyon Florid la. Li p\u00e8m\u00e8t tou gouv\u00e8nman lokal yo s\u00e8vi ak enspekt\u00e8 asans\u00e8 s\u00e8tifye pa twazy\u00e8m pati (CEI twazy\u00e8m pati) pou enspekte asans\u00e8 yo.<\/p>\n<p>Enspekt\u00e8 asans\u00e8 s\u00e8tifye ki gen yon lisans CEI aktif nan Eta Florid ki vle f\u00e8 enspeksyon any\u00e8l oswa t\u00e8s senk (5) ane nan Vil Miami Beach ta dwe:<\/p>\n<p>Se pou ou yon teknisyen asans\u00e8 s\u00e8tifye epi yon Enspekt\u00e8 Asans\u00e8 Kalifye (QEI) dwe temwen t\u00e8s la.<\/p>\n<p>Pwopriyet\u00e8 a responsab pou f\u00e8 yon konpayi antretyen asans\u00e8 ki gen lisans f\u00e8 enspeksyon ak t\u00e8s any\u00e8l sa yo.<\/p>\n<p>Nenp\u00f2t vyolasyon ki note nan rap\u00f2 enspeksyon any\u00e8l ou a dwe korije av\u00e8k<strong> 90 jou<\/strong>Pwopriyet\u00e8 bilding lan oswa yon reprezantan konpayi jesyon pwopriyete a dwe siyen rap\u00f2 a pou verifye ke tout koreksyon yo te f\u00e8t epi ke apar\u00e8y elevasyon an konf\u00f2m ak Chapit 399, Lwa Florid yo. Apre sa, ou dwe voye rap\u00f2 siyen an ban nou nan senk (5) jou ouvrab.<\/p>\n<p>Ou ka kontakte dir\u00e8kteman nenp\u00f2t konpayi CEI twazy\u00e8m pati ki apwouve ki nan lis anba a pou pwograme enspeksyon any\u00e8l\/woutin ak enspeksyon t\u00e8s. Nou mete ajou lis founis\u00e8 nou yo regily\u00e8man pandan n ap resevwa epi apwouve aplikasyon yo. Pou plis enf\u00f2masyon sou lis sa a, tanpri rele nou nan 305-673-7225.<\/p>\n<p><a href=\"https:\/\/www.miamibeachfl.gov\/wp-content\/uploads\/2023\/07\/Active-Third-Party-Elevator-Inspection-Companies.pdf\">Konpayi Enspeksyon CEI Twazy\u00e8m Pati Aktif yo<\/a><\/p>\n<h2>Enf\u00f2masyon enp\u00f2tan:<\/h2>\n<p>Enspekt\u00e8 Enspekt\u00e8 Twazy\u00e8m Pati yo jeneralman gen menm kalifikasyon ak enspekt\u00e8 nou yo epi tipikman swiv menm pwosedi enspeksyon ak aplikasyon yo.<\/p>\n<p>Ou ka verifye s\u00e8tifikasyon yon CEI twazy\u00e8m pati av\u00e8k la <a href=\"https:\/\/www.myfloridalicense.com\/wl11.asp\">Depatman R\u00e8gleman Biznis ak Pwofesyon\u00e8l<\/a> Rap\u00f2 Enspekt\u00e8 Asans\u00e8 S\u00e8tifye yo.<\/p>\n<p>Nenp\u00f2t vyolasyon k\u00f2d yon CEI twazy\u00e8m pati idantifye gen menm pwa regilasyon ak sa enspekt\u00e8 nou yo idantifye yo.<\/p>\n<p>Si sa neses\u00e8, ou ka mande yon CEI twazy\u00e8m pati pou prezante yon l\u00e8t ki soti nan biwo nou an ki otorize patisipasyon yo nan pwogram nan.<\/p>\n<p>Nou <strong>pa f\u00e8 sa<\/strong> kontwole fr\u00e8 ke CEI twazy\u00e8m pati yo chaje epi aranjman av\u00e8k yon CEI twazy\u00e8m pati yo konsidere k\u00f2m yon zaf\u00e8 prive.<\/p>\n<p>CEI twazy\u00e8m pati yo oblije enskri anvan yo k\u00f2manse enspeksyon an ak Vil Miami Beach epi bay tout kalifikasyon yo.<\/p>\n<p>Vil Miami Beach kontwole travay CEI twazy\u00e8m pati yo regily\u00e8man epi li mande pwopriyet\u00e8 asans\u00e8 yo, ki te itilize yon CEI twazy\u00e8m pati d\u00e8ny\u00e8man, pou p\u00e8m\u00e8t nou f\u00e8 yon enspeksyon asirans kalite pou verifye pwosedi yo itilize yo ak rezilta yo.<\/p>\n<p>Sit sa a pral s\u00e8vi k\u00f2m prensipal met\u00f2d nou pou distribye nouvo enf\u00f2masyon bay founis\u00e8 nou yo, kidonk tcheke li souvan. Pou bay fidbak sou yon CEI twazy\u00e8m pati oswa si ou gen kesyon, tanpri rele nou nan 305-673-7225 epi mande yon sip\u00e8viz\u00e8.<\/p>\n<p>&nbsp;<\/p>\n<h2>Resous Asans\u00e8<\/h2>\n<p><a href=\"https:\/\/www.asme.org\/\">Sosyete Ameriken pou Enjeny\u00e8 Mekanik (ASME)<\/a><\/p>\n<p><a href=\"http:\/\/www.leg.state.fl.us\/statutes\/index.cfm?mode=View%20Statutes&amp;SubMenu=1&amp;App_mode=Display_Statute&amp;Search_String=399.13&amp;URL=0300-0399\/0399\/Sections\/0399.061.html\">Chapit 399 Lwa Florid yo Sekirite Asans\u00e8<\/a><\/p>\n<p><a href=\"https:\/\/www.myfloridalicense.com\/wl11.asp\">Depatman R\u00e8gleman Biznis ak Pwofesyon\u00e8l Florid (DBPR)<\/a><\/p>\n\t\tNavige pou ale nan\u2026\t\t\t\n\t\t\t\t\t<ul id=\"menu-public-works-elevator\"><li id=\"menu-item-364284\"><a href=\"\/ht\/city-hall\/public-works\/elevator-division\/elevator-faqs\/\">Kesyon yo poze souvan sou asans\u00e8<\/a><\/li>\n<li id=\"menu-item-364285\"><a href=\"\/ht\/city-hall\/public-works\/elevator-division\/elevator-forms\/\">F\u00f2m Asans\u00e8<\/a><\/li>\n<li id=\"menu-item-364286\"><a href=\"\/ht\/city-hall\/public-works\/elevator-division\/elevator-permit\/\">P\u00e8mi Asans\u00e8<\/a><\/li>\n<li id=\"menu-item-364288\"><a href=\"\/ht\/city-hall\/public-works\/elevator-division\/elevator-status-fees\/\">Fr\u00e8 pou Eta Asans\u00e8<\/a><\/li>\n<li id=\"menu-item-364289\"><a href=\"\/ht\/city-hall\/public-works\/elevator-division\/regulations-requirements\/\">R\u00e8gleman ak Egzijans<\/a><\/li>\n<li id=\"menu-item-364290\"><a href=\"\/ht\/city-hall\/public-works\/elevator-division\/prescriptive-based-process\/\">Rap\u00f2 sou Aksidan Asans\u00e8<\/a><\/li>\n<li id=\"menu-item-364291\"><a href=\"\/ht\/city-hall\/public-works\/elevator-division\/requesting-an-inspection\/\">Mande yon Enspeksyon<\/a><\/li>\n<\/ul>\t\n\t<div class=\"page-navigation\"><a class=\"prev-page\" href=\"https:\/\/www.miamibeachfl.gov\/ht\/city-hall\/public-works\/elevator-division\/regulations-requirements\/\">\u2190 R\u00e8gleman ak Egzijans<\/a> <a class=\"next-page\" href=\"https:\/\/www.miamibeachfl.gov\/ht\/city-hall\/public-works\/engineering-division\/section-1-c-traffic-engineering-1-traffic-general\/section-1-c-traffic-engineering-2-traffic-calming\/\">Seksyon 1 C. Jeni Trafik 2. Kalme Trafik \u2192<\/a><\/div>","protected":false},"excerpt":{"rendered":"<p>Requesting an Inspection Home &gt; City Hall &gt; Public Works &gt; Elevator Division &gt; Requesting An Inspection Inspection Request Inspections [&hellip;]<\/p>\n","protected":false},"author":222,"featured_media":0,"parent":28943,"menu_order":0,"comment_status":"closed","ping_status":"closed","template":"","meta":{"_searchwp_excluded":"","site-sidebar-layout":"default","site-content-layout":"","ast-site-content-layout":"default","site-content-style":"default","site-sidebar-style":"default","ast-global-header-display":"","ast-banner-title-visibility":"","ast-main-header-display":"","ast-hfb-above-header-display":"","ast-hfb-below-header-display":"","ast-hfb-mobile-header-display":"","site-post-title":"","ast-breadcrumbs-content":"","ast-featured-img":"","footer-sml-layout":"","theme-transparent-header-meta":"","adv-header-id-meta":"","stick-header-meta":"","header-above-stick-meta":"","header-main-stick-meta":"","header-below-stick-meta":"","astra-migrate-meta-layouts":"default","ast-page-background-enabled":"default","ast-page-background-meta":{"desktop":{"background-color":"var(--ast-global-color-5)","background-image":"","background-repeat":"repeat","background-position":"center center","background-size":"auto","background-attachment":"scroll","background-type":"","background-media":"","overlay-type":"","overlay-color":"","overlay-opacity":"","overlay-gradient":""},"tablet":{"background-color":"","background-image":"","background-repeat":"repeat","background-position":"center center","background-size":"auto","background-attachment":"scroll","background-type":"","background-media":"","overlay-type":"","overlay-color":"","overlay-opacity":"","overlay-gradient":""},"mobile":{"background-color":"","background-image":"","background-repeat":"repeat","background-position":"center center","background-size":"auto","background-attachment":"scroll","background-type":"","background-media":"","overlay-type":"","overlay-color":"","overlay-opacity":"","overlay-gradient":""}},"ast-content-background-meta":{"desktop":{"background-color":"var(--ast-global-color-4)","background-image":"","background-repeat":"repeat","background-position":"center center","background-size":"auto","background-attachment":"scroll","background-type":"","background-media":"","overlay-type":"","overlay-color":"","overlay-opacity":"","overlay-gradient":""},"tablet":{"background-color":"var(--ast-global-color-4)","background-image":"","background-repeat":"repeat","background-position":"center center","background-size":"auto","background-attachment":"scroll","background-type":"","background-media":"","overlay-type":"","overlay-color":"","overlay-opacity":"","overlay-gradient":""},"mobile":{"background-color":"var(--ast-global-color-4)","background-image":"","background-repeat":"repeat","background-position":"center center","background-size":"auto","background-attachment":"scroll","background-type":"","background-media":"","overlay-type":"","overlay-color":"","overlay-opacity":"","overlay-gradient":""}},"footnotes":""},"categories":[],"tags":[],"class_list":["post-28947","page","type-page","status-publish","hentry"],"yoast_head":"<!-- This site is optimized with the Yoast SEO Premium plugin v27.4 (Yoast SEO v27.4) - https:\/\/yoast.com\/product\/yoast-seo-premium-wordpress\/ -->\n<title>Requesting An Inspection - City of Miami Beach<\/title>\n<meta name=\"description\" content=\"%\" \/>\n<meta name=\"robots\" content=\"index, follow, max-snippet:-1, max-image-preview:large, max-video-preview:-1\" \/>\n<link rel=\"canonical\" href=\"https:\/\/www.miamibeachfl.gov\/ht\/city-hall\/public-works\/elevator-division\/requesting-an-inspection\/\" \/>\n<meta property=\"og:locale\" content=\"ht_HT\" \/>\n<meta property=\"og:type\" content=\"article\" \/>\n<meta property=\"og:title\" content=\"Requesting An Inspection\" \/>\n<meta property=\"og:description\" content=\"%\" \/>\n<meta property=\"og:url\" content=\"https:\/\/www.miamibeachfl.gov\/ht\/city-hall\/public-works\/elevator-division\/requesting-an-inspection\/\" \/>\n<meta property=\"og:site_name\" content=\"City of Miami Beach\" \/>\n<meta property=\"article:publisher\" content=\"https:\/\/www.facebook.com\/cityofmiamibeach\" \/>\n<meta property=\"article:modified_time\" content=\"2026-03-03T14:55:19+00:00\" \/>\n<meta property=\"og:image\" content=\"https:\/\/www.miamibeachfl.gov\/wp-content\/uploads\/2022\/07\/hero-small.jpg\" \/>\n<meta name=\"twitter:card\" content=\"summary_large_image\" \/>\n<meta name=\"twitter:site\" content=\"@Miamibeachnews\" \/>\n<script type=\"application\/ld+json\" class=\"yoast-schema-graph\">{\"@context\":\"https:\\\/\\\/schema.org\",\"@graph\":[{\"@type\":\"WebPage\",\"@id\":\"https:\\\/\\\/www.miamibeachfl.gov\\\/city-hall\\\/public-works\\\/elevator-division\\\/requesting-an-inspection\\\/\",\"url\":\"https:\\\/\\\/www.miamibeachfl.gov\\\/city-hall\\\/public-works\\\/elevator-division\\\/requesting-an-inspection\\\/\",\"name\":\"Requesting An Inspection - City of Miami Beach\",\"isPartOf\":{\"@id\":\"https:\\\/\\\/www.miamibeachfl.gov\\\/#website\"},\"primaryImageOfPage\":{\"@id\":\"https:\\\/\\\/www.miamibeachfl.gov\\\/city-hall\\\/public-works\\\/elevator-division\\\/requesting-an-inspection\\\/#primaryimage\"},\"image\":{\"@id\":\"https:\\\/\\\/www.miamibeachfl.gov\\\/city-hall\\\/public-works\\\/elevator-division\\\/requesting-an-inspection\\\/#primaryimage\"},\"thumbnailUrl\":\"https:\\\/\\\/www.miamibeachfl.gov\\\/wp-content\\\/uploads\\\/2022\\\/07\\\/hero-small.jpg\",\"datePublished\":\"2017-08-11T00:10:13+00:00\",\"dateModified\":\"2026-03-03T14:55:19+00:00\",\"description\":\"%\",\"breadcrumb\":{\"@id\":\"https:\\\/\\\/www.miamibeachfl.gov\\\/city-hall\\\/public-works\\\/elevator-division\\\/requesting-an-inspection\\\/#breadcrumb\"},\"inLanguage\":\"ht\",\"potentialAction\":[{\"@type\":\"ReadAction\",\"target\":[\"https:\\\/\\\/www.miamibeachfl.gov\\\/city-hall\\\/public-works\\\/elevator-division\\\/requesting-an-inspection\\\/\"]}]},{\"@type\":\"ImageObject\",\"inLanguage\":\"ht\",\"@id\":\"https:\\\/\\\/www.miamibeachfl.gov\\\/city-hall\\\/public-works\\\/elevator-division\\\/requesting-an-inspection\\\/#primaryimage\",\"url\":\"https:\\\/\\\/www.miamibeachfl.gov\\\/wp-content\\\/uploads\\\/2022\\\/07\\\/hero-small.jpg\",\"contentUrl\":\"https:\\\/\\\/www.miamibeachfl.gov\\\/wp-content\\\/uploads\\\/2022\\\/07\\\/hero-small.jpg\"},{\"@type\":\"BreadcrumbList\",\"@id\":\"https:\\\/\\\/www.miamibeachfl.gov\\\/city-hall\\\/public-works\\\/elevator-division\\\/requesting-an-inspection\\\/#breadcrumb\",\"itemListElement\":[{\"@type\":\"ListItem\",\"position\":1,\"name\":\"Home\",\"item\":\"https:\\\/\\\/www.miamibeachfl.gov\\\/\"},{\"@type\":\"ListItem\",\"position\":2,\"name\":\"City Hall\",\"item\":\"https:\\\/\\\/www.miamibeachfl.gov\\\/city-hall\\\/\"},{\"@type\":\"ListItem\",\"position\":3,\"name\":\"Public Works\",\"item\":\"https:\\\/\\\/www.miamibeachfl.gov\\\/city-hall\\\/public-works\\\/\"},{\"@type\":\"ListItem\",\"position\":4,\"name\":\"Elevator Division\",\"item\":\"https:\\\/\\\/www.miamibeachfl.gov\\\/city-hall\\\/public-works\\\/elevator-division\\\/\"},{\"@type\":\"ListItem\",\"position\":5,\"name\":\"Requesting An Inspection\"}]},{\"@type\":\"WebSite\",\"@id\":\"https:\\\/\\\/www.miamibeachfl.gov\\\/#website\",\"url\":\"https:\\\/\\\/www.miamibeachfl.gov\\\/\",\"name\":\"City of Miami Beach\",\"description\":\"The official website of the City of Miami Beach. Stay informed, find important information on city services, news, alerts, events, trolley routes, government employment and more.\",\"publisher\":{\"@id\":\"https:\\\/\\\/www.miamibeachfl.gov\\\/#organization\"},\"potentialAction\":[{\"@type\":\"SearchAction\",\"target\":{\"@type\":\"EntryPoint\",\"urlTemplate\":\"https:\\\/\\\/www.miamibeachfl.gov\\\/?s={search_term_string}\"},\"query-input\":{\"@type\":\"PropertyValueSpecification\",\"valueRequired\":true,\"valueName\":\"search_term_string\"}}],\"inLanguage\":\"ht\"},{\"@type\":\"Organization\",\"@id\":\"https:\\\/\\\/www.miamibeachfl.gov\\\/#organization\",\"name\":\"City of Miami Beach\",\"url\":\"https:\\\/\\\/www.miamibeachfl.gov\\\/\",\"logo\":{\"@type\":\"ImageObject\",\"inLanguage\":\"ht\",\"@id\":\"https:\\\/\\\/www.miamibeachfl.gov\\\/#\\\/schema\\\/logo\\\/image\\\/\",\"url\":\"https:\\\/\\\/www.miamibeachfl.gov\\\/wp-content\\\/uploads\\\/2022\\\/06\\\/miamibeach-logoblue.png\",\"contentUrl\":\"https:\\\/\\\/www.miamibeachfl.gov\\\/wp-content\\\/uploads\\\/2022\\\/06\\\/miamibeach-logoblue.png\",\"width\":1962,\"height\":381,\"caption\":\"City of Miami Beach\"},\"image\":{\"@id\":\"https:\\\/\\\/www.miamibeachfl.gov\\\/#\\\/schema\\\/logo\\\/image\\\/\"},\"sameAs\":[\"https:\\\/\\\/www.facebook.com\\\/cityofmiamibeach\",\"https:\\\/\\\/x.com\\\/Miamibeachnews\",\"https:\\\/\\\/www.instagram.com\\\/miamibeachnews\\\/\"],\"description\":\"The official website of the City of Miami Beach. Stay informed, find important information on city services, news, alerts, events, trolley routes, government employment and more.\",\"telephone\":\"305.604.CITY(2489)\",\"legalName\":\"City of Miami Beach\"}]}<\/script>\n<!-- \/ Yoast SEO Premium plugin. -->","yoast_head_json":{"title":"Demann pou yon enspeksyon - Vil Miami Beach","description":"%","robots":{"index":"index","follow":"follow","max-snippet":"max-snippet:-1","max-image-preview":"max-image-preview:large","max-video-preview":"max-video-preview:-1"},"canonical":"https:\/\/www.miamibeachfl.gov\/ht\/city-hall\/public-works\/elevator-division\/requesting-an-inspection\/","og_locale":"ht_HT","og_type":"article","og_title":"Requesting An Inspection","og_description":"%","og_url":"https:\/\/www.miamibeachfl.gov\/ht\/city-hall\/public-works\/elevator-division\/requesting-an-inspection\/","og_site_name":"City of Miami Beach","article_publisher":"https:\/\/www.facebook.com\/cityofmiamibeach","article_modified_time":"2026-03-03T14:55:19+00:00","og_image":[{"url":"https:\/\/www.miamibeachfl.gov\/wp-content\/uploads\/2022\/07\/hero-small.jpg","type":"","width":"","height":""}],"twitter_card":"summary_large_image","twitter_site":"@Miamibeachnews","schema":{"@context":"https:\/\/schema.org","@graph":[{"@type":"WebPage","@id":"https:\/\/www.miamibeachfl.gov\/city-hall\/public-works\/elevator-division\/requesting-an-inspection\/","url":"https:\/\/www.miamibeachfl.gov\/city-hall\/public-works\/elevator-division\/requesting-an-inspection\/","name":"Demann pou yon enspeksyon - Vil Miami Beach","isPartOf":{"@id":"https:\/\/www.miamibeachfl.gov\/#website"},"primaryImageOfPage":{"@id":"https:\/\/www.miamibeachfl.gov\/city-hall\/public-works\/elevator-division\/requesting-an-inspection\/#primaryimage"},"image":{"@id":"https:\/\/www.miamibeachfl.gov\/city-hall\/public-works\/elevator-division\/requesting-an-inspection\/#primaryimage"},"thumbnailUrl":"https:\/\/www.miamibeachfl.gov\/wp-content\/uploads\/2022\/07\/hero-small.jpg","datePublished":"2017-08-11T00:10:13+00:00","dateModified":"2026-03-03T14:55:19+00:00","description":"%","breadcrumb":{"@id":"https:\/\/www.miamibeachfl.gov\/city-hall\/public-works\/elevator-division\/requesting-an-inspection\/#breadcrumb"},"inLanguage":"ht","potentialAction":[{"@type":"ReadAction","target":["https:\/\/www.miamibeachfl.gov\/city-hall\/public-works\/elevator-division\/requesting-an-inspection\/"]}]},{"@type":"ImageObject","inLanguage":"ht","@id":"https:\/\/www.miamibeachfl.gov\/city-hall\/public-works\/elevator-division\/requesting-an-inspection\/#primaryimage","url":"https:\/\/www.miamibeachfl.gov\/wp-content\/uploads\/2022\/07\/hero-small.jpg","contentUrl":"https:\/\/www.miamibeachfl.gov\/wp-content\/uploads\/2022\/07\/hero-small.jpg"},{"@type":"BreadcrumbList","@id":"https:\/\/www.miamibeachfl.gov\/city-hall\/public-works\/elevator-division\/requesting-an-inspection\/#breadcrumb","itemListElement":[{"@type":"ListItem","position":1,"name":"Home","item":"https:\/\/www.miamibeachfl.gov\/"},{"@type":"ListItem","position":2,"name":"City Hall","item":"https:\/\/www.miamibeachfl.gov\/city-hall\/"},{"@type":"ListItem","position":3,"name":"Public Works","item":"https:\/\/www.miamibeachfl.gov\/city-hall\/public-works\/"},{"@type":"ListItem","position":4,"name":"Elevator Division","item":"https:\/\/www.miamibeachfl.gov\/city-hall\/public-works\/elevator-division\/"},{"@type":"ListItem","position":5,"name":"Requesting An Inspection"}]},{"@type":"WebSite","@id":"https:\/\/www.miamibeachfl.gov\/#website","url":"https:\/\/www.miamibeachfl.gov\/","name":"Vil Miami Beach","description":"Sitw\u00e8b ofisy\u00e8l Vil Miami Beach la. Rete enf\u00f2me, jwenn enf\u00f2masyon enp\u00f2tan sou s\u00e8vis vil la, nouv\u00e8l, al\u00e8t, ev\u00e8nman, wout tramway, travay gouv\u00e8nman an ak plis ank\u00f2.","publisher":{"@id":"https:\/\/www.miamibeachfl.gov\/#organization"},"potentialAction":[{"@type":"SearchAction","target":{"@type":"EntryPoint","urlTemplate":"https:\/\/www.miamibeachfl.gov\/?s={search_term_string}"},"query-input":{"@type":"PropertyValueSpecification","valueRequired":true,"valueName":"search_term_string"}}],"inLanguage":"ht"},{"@type":"Organization","@id":"https:\/\/www.miamibeachfl.gov\/#organization","name":"Vil Miami Beach","url":"https:\/\/www.miamibeachfl.gov\/","logo":{"@type":"ImageObject","inLanguage":"ht","@id":"https:\/\/www.miamibeachfl.gov\/#\/schema\/logo\/image\/","url":"https:\/\/www.miamibeachfl.gov\/wp-content\/uploads\/2022\/06\/miamibeach-logoblue.png","contentUrl":"https:\/\/www.miamibeachfl.gov\/wp-content\/uploads\/2022\/06\/miamibeach-logoblue.png","width":1962,"height":381,"caption":"City of Miami Beach"},"image":{"@id":"https:\/\/www.miamibeachfl.gov\/#\/schema\/logo\/image\/"},"sameAs":["https:\/\/www.facebook.com\/cityofmiamibeach","https:\/\/x.com\/Miamibeachnews","https:\/\/www.instagram.com\/miamibeachnews\/"],"description":"Sitw\u00e8b ofisy\u00e8l Vil Miami Beach la. Rete enf\u00f2me, jwenn enf\u00f2masyon enp\u00f2tan sou s\u00e8vis vil la, nouv\u00e8l, al\u00e8t, ev\u00e8nman, wout tramway, travay gouv\u00e8nman an ak plis ank\u00f2.","telephone":"305.604.CITY(2489)","legalName":"City of Miami Beach"}]}},"_links":{"self":[{"href":"https:\/\/www.miamibeachfl.gov\/ht\/wp-json\/wp\/v2\/pages\/28947","targetHints":{"allow":["GET"]}}],"collection":[{"href":"https:\/\/www.miamibeachfl.gov\/ht\/wp-json\/wp\/v2\/pages"}],"about":[{"href":"https:\/\/www.miamibeachfl.gov\/ht\/wp-json\/wp\/v2\/types\/page"}],"author":[{"embeddable":true,"href":"https:\/\/www.miamibeachfl.gov\/ht\/wp-json\/wp\/v2\/users\/222"}],"replies":[{"embeddable":true,"href":"https:\/\/www.miamibeachfl.gov\/ht\/wp-json\/wp\/v2\/comments?post=28947"}],"version-history":[{"count":2,"href":"https:\/\/www.miamibeachfl.gov\/ht\/wp-json\/wp\/v2\/pages\/28947\/revisions"}],"predecessor-version":[{"id":397018,"href":"https:\/\/www.miamibeachfl.gov\/ht\/wp-json\/wp\/v2\/pages\/28947\/revisions\/397018"}],"up":[{"embeddable":true,"href":"https:\/\/www.miamibeachfl.gov\/ht\/wp-json\/wp\/v2\/pages\/28943"}],"wp:attachment":[{"href":"https:\/\/www.miamibeachfl.gov\/ht\/wp-json\/wp\/v2\/media?parent=28947"}],"wp:term":[{"taxonomy":"category","embeddable":true,"href":"https:\/\/www.miamibeachfl.gov\/ht\/wp-json\/wp\/v2\/categories?post=28947"},{"taxonomy":"post_tag","embeddable":true,"href":"https:\/\/www.miamibeachfl.gov\/ht\/wp-json\/wp\/v2\/tags?post=28947"}],"curies":[{"name":"wp","href":"https:\/\/api.w.org\/{rel}","templated":true}]}}