{"id":28979,"date":"2017-08-11T00:10:35","date_gmt":"2017-08-11T00:10:35","guid":{"rendered":"http:\/\/www.miamibeachfl.gov\/city-hall\/public-works\/table-of-contents-details\/section-1-a-surveying-standards-and-requirements\/"},"modified":"2018-01-26T15:33:01","modified_gmt":"2018-01-26T20:33:01","slug":"section-1-a-surveying-standards-and-requirements","status":"publish","type":"page","link":"https:\/\/www.miamibeachfl.gov\/ht\/city-hall\/public-works\/engineering-division\/section-1-a-surveying-standards-and-requirements\/","title":{"rendered":"Seksyon 1 A. N\u00f2m ak Egzijans pou Sondaj"},"content":{"rendered":"<\/p>\n<table>\n<caption>SEKSYON 1 KRIT\u00c8 POU KONSEPSYON AK PLAN PWODIKSYON ESTANDA<\/caption>\n<tbody>\n<tr>\n<td>\n<p><strong>SEKSYON 1 KRIT\u00c8 POU KONSEPSYON AK PLAN PWODIKSYON ESTANDA<\/strong><\/p>\n<p><strong>A. N\u00f2m ak Egzijans pou Sondaj<\/strong><\/p>\n<p>Kondisyon pou Sondaj Topografik nan dwa pasaj Vil la<\/p>\n<p>Yon Topograf Pwofesyon\u00e8l nan Eta Florid pral f\u00e8 sondaj la dapre Chapit 472.027 Lwa Florid yo epi li dwe satisf\u00e8 estanda teknik minim\u00f2m yo idantifye nan Chapit 61G17-6, FAC. Tout dosye sondaj yo pral prepare nan f\u00f2ma AutoCAD l\u00e8 l s\u00e8vi av\u00e8k Estanda Vil Miami Beach yo.<\/p>\n<p>Egzijans Jeneral: Omwen, sondaj topografik yo ap adrese bagay sa yo:<\/p>\n<p>\u2022 Etabli yon liy debaz ak estasyon 100 pye, moniman jan Chapit 61G17-6, K\u00f2d Administratif Florid ak Chapit 472.027 Lwa Florid yo egzije a, Topograf la dwe mete sou liy debaz la nan tout chanjman nan aliyman, pwen koube, kwen bl\u00f2k ak nan tout ent\u00e8seksyon lari yo. Liy debaz sondaj la dwe lye ak moniman dwa pasaj yo ak moniman t\u00e8 seksyon\u00e8l yo. Chak topograf ap responsab pou jwenn enf\u00f2masyon sou dwa pasaj nan dosye ki disponib yo.<\/p>\n<p>\u2022 Eksp\u00e8 a ap mete pwen referans nan kote ki pratik sou korid\u00f2 a pou yo itilize pandan faz konsepsyon ak konstriksyon pwoj\u00e8 a. Omwen, yo dwe mete pwen referans p\u00e8manan nan ent\u00e8val 1,000 pye sou aliyman an. Eksp\u00e8 a ap mare omwen de moniman konte gouv\u00e8nman ki deja egziste nan sikwi v\u00e8tikal la epi pran seksyon kwa nan ent\u00e8val 100 pye sou tout korid\u00f2 pwoj\u00e8 a. Yo dwe s\u00f2ti pwen referans yo nan pwen referans gouv\u00e8nman ki deja egziste yo epi yo dwe mete yo nan sist\u00e8m pwopoze a l\u00e8 l s\u00e8vi av\u00e8k pwosedi Dezy\u00e8m L\u00f2d, Klas II. Yon lis konpl\u00e8 kote pwen referans yo dwe akonpaye done sondaj la.<\/p>\n<p>\u2022 Elevasyon seksyon kwa yo dwe defini tout diferans nivo t\u00e8 tankou ent\u00e8seksyon, rig\u00f2l, kwen pave, liy sant pave, twotwa ak rig\u00f2l, kwen twotwa, koneksyon antre kay, liy dwa pasaj, kwen d\u00e9calage dwa pasaj 25 pye a, vyasman (natir\u00e8l ak entegre), elatriye.<\/p>\n<p>\u2022 Eksp\u00e8 a dwe lokalize epi idantifye tout amelyorasyon sifas vizib ak karakteristik topografik ki egziste sou tout laj\u00e8 korid\u00f2 a, tankou sa ki annapre yo:<\/p>\n<p>\u2022 Bwat tiyo ki deja egziste, bwat kont\u00e8 dlo\/elektrik, bwat rale elektrik, riz\u00e8 telef\u00f2n\/kab, kloti, idran, elatriye.<\/p>\n<p>\u2022 S\u00e8vis piblik anl\u00e8 t\u00e8 ak anba t\u00e8, elevasyon env\u00e8se s\u00e8vis piblik anba t\u00e8 aksesib, poto s\u00e8vis piblik an bwa\/beton, kanalizasyon, balistrad, limit twotwa, miray t\u00e8t, miray d\u00e8y\u00e8, twou egou, vout, bwat l\u00e8t, antre kay, lari b\u00f2, pyebwa, jaden, siyal trafik ak nenp\u00f2t l\u00f2t amelyorasyon yo note. Remake byen ke sondaj la pral idantifye matery\u00e8l\/wot\u00e8 kloti a, limit matery\u00e8l plant jaden yo ak matery\u00e8l konstriksyon antre kay la; osi byen ke antrav pwopriyete prive (tankou jaden, depase, amelyorasyon, elatriye).<\/p>\n<p>\u2022 Limit sondaj yo dwe gen ladan tout dwa pasaj la ak yon sip\u00e8pozisyon adisyon\u00e8l 25 pye sou chak b\u00f2 dwa pasaj la.<\/p>\n<p>\u2022 Tout kote yo dwe lye ak Sist\u00e8m Kow\u00f2done Plan Eta Florid la, Z\u00f2n L\u00e8s (NAD 83\/90).<\/p>\n<p>\u2022 Tout kontw\u00f2l v\u00e8tikal la dwe dapre Datum Vil Miami Beach la (Datum Mway\u00e8n Dlo Ba nan B\u00e8 a).<\/p>\n<p>\u2022 Done sondaj yo ap endike jeyometri plan pwopriyete prive perim\u00e8t yo (ki gen ladan kloti, jaden ak antre kay).<\/p>\n<p>Eksp\u00e8 a dwe kow\u00f2done ak chak ajans s\u00e8vis piblik yo nan yon ef\u00f2 pou idantifye kote tout s\u00e8vis piblik anba t\u00e8 ki egziste deja yo nan ka ta gen bezwen enf\u00f2masyon sa a.\n<\/p>\n<\/td>\n<\/tr>\n<\/tbody>\n<\/table>\n<p>\u00a0<\/p>","protected":false},"excerpt":{"rendered":"<p>SECTION 1 STANDARD DESIGN AND PLAN PRODUCTION CRITERIA SECTION 1 STANDARD DESIGN AND PLAN PRODUCTION CRITERIA A. Surveying Standards and [&hellip;]<\/p>\n","protected":false},"author":222,"featured_media":0,"parent":28940,"menu_order":183,"comment_status":"closed","ping_status":"closed","template":"","meta":{"_searchwp_excluded":"","site-sidebar-layout":"default","site-content-layout":"","ast-site-content-layout":"default","site-content-style":"default","site-sidebar-style":"default","ast-global-header-display":"","ast-banner-title-visibility":"","ast-main-header-display":"","ast-hfb-above-header-display":"","ast-hfb-below-header-display":"","ast-hfb-mobile-header-display":"","site-post-title":"","ast-breadcrumbs-content":"","ast-featured-img":"","footer-sml-layout":"","theme-transparent-header-meta":"","adv-header-id-meta":"","stick-header-meta":"","header-above-stick-meta":"","header-main-stick-meta":"","header-below-stick-meta":"","astra-migrate-meta-layouts":"default","ast-page-background-enabled":"default","ast-page-background-meta":{"desktop":{"background-color":"var(--ast-global-color-5)","background-image":"","background-repeat":"repeat","background-position":"center center","background-size":"auto","background-attachment":"scroll","background-type":"","background-media":"","overlay-type":"","overlay-color":"","overlay-opacity":"","overlay-gradient":""},"tablet":{"background-color":"","background-image":"","background-repeat":"repeat","background-position":"center center","background-size":"auto","background-attachment":"scroll","background-type":"","background-media":"","overlay-type":"","overlay-color":"","overlay-opacity":"","overlay-gradient":""},"mobile":{"background-color":"","background-image":"","background-repeat":"repeat","background-position":"center center","background-size":"auto","background-attachment":"scroll","background-type":"","background-media":"","overlay-type":"","overlay-color":"","overlay-opacity":"","overlay-gradient":""}},"ast-content-background-meta":{"desktop":{"background-color":"var(--ast-global-color-4)","background-image":"","background-repeat":"repeat","background-position":"center center","background-size":"auto","background-attachment":"scroll","background-type":"","background-media":"","overlay-type":"","overlay-color":"","overlay-opacity":"","overlay-gradient":""},"tablet":{"background-color":"var(--ast-global-color-4)","background-image":"","background-repeat":"repeat","background-position":"center center","background-size":"auto","background-attachment":"scroll","background-type":"","background-media":"","overlay-type":"","overlay-color":"","overlay-opacity":"","overlay-gradient":""},"mobile":{"background-color":"var(--ast-global-color-4)","background-image":"","background-repeat":"repeat","background-position":"center center","background-size":"auto","background-attachment":"scroll","background-type":"","background-media":"","overlay-type":"","overlay-color":"","overlay-opacity":"","overlay-gradient":""}},"footnotes":""},"categories":[],"tags":[],"class_list":["post-28979","page","type-page","status-publish","hentry"],"yoast_head":"<!-- This site is optimized with the Yoast SEO Premium plugin v27.4 (Yoast SEO v27.4) - https:\/\/yoast.com\/product\/yoast-seo-premium-wordpress\/ -->\n<title>Section 1  A. Surveying Standards And Requirements - City of Miami Beach<\/title>\n<meta name=\"description\" content=\"%\" \/>\n<meta name=\"robots\" content=\"index, follow, max-snippet:-1, max-image-preview:large, max-video-preview:-1\" \/>\n<link rel=\"canonical\" href=\"https:\/\/www.miamibeachfl.gov\/ht\/city-hall\/public-works\/engineering-division\/section-1-a-surveying-standards-and-requirements\/\" \/>\n<meta property=\"og:locale\" content=\"ht_HT\" \/>\n<meta property=\"og:type\" content=\"article\" \/>\n<meta property=\"og:title\" content=\"Section 1  A. Surveying Standards And Requirements\" \/>\n<meta property=\"og:description\" content=\"%\" \/>\n<meta property=\"og:url\" content=\"https:\/\/www.miamibeachfl.gov\/ht\/city-hall\/public-works\/engineering-division\/section-1-a-surveying-standards-and-requirements\/\" \/>\n<meta property=\"og:site_name\" content=\"City of Miami Beach\" \/>\n<meta property=\"article:publisher\" content=\"https:\/\/www.facebook.com\/cityofmiamibeach\" \/>\n<meta property=\"article:modified_time\" content=\"2018-01-26T20:33:01+00:00\" \/>\n<meta property=\"og:image\" content=\"https:\/\/www.miamibeachfl.gov\/wp-content\/uploads\/2024\/01\/1000pxSquare-miamibeach-aerial-southpointview.jpeg\" \/>\n\t<meta property=\"og:image:width\" content=\"1000\" \/>\n\t<meta property=\"og:image:height\" content=\"1000\" \/>\n\t<meta property=\"og:image:type\" content=\"image\/jpeg\" \/>\n<meta name=\"twitter:card\" content=\"summary_large_image\" \/>\n<meta name=\"twitter:site\" content=\"@Miamibeachnews\" \/>\n<script type=\"application\/ld+json\" class=\"yoast-schema-graph\">{\"@context\":\"https:\\\/\\\/schema.org\",\"@graph\":[{\"@type\":\"WebPage\",\"@id\":\"https:\\\/\\\/www.miamibeachfl.gov\\\/city-hall\\\/public-works\\\/engineering-division\\\/section-1-a-surveying-standards-and-requirements\\\/\",\"url\":\"https:\\\/\\\/www.miamibeachfl.gov\\\/city-hall\\\/public-works\\\/engineering-division\\\/section-1-a-surveying-standards-and-requirements\\\/\",\"name\":\"Section 1 A. Surveying Standards And Requirements - City of Miami Beach\",\"isPartOf\":{\"@id\":\"https:\\\/\\\/www.miamibeachfl.gov\\\/#website\"},\"datePublished\":\"2017-08-11T00:10:35+00:00\",\"dateModified\":\"2018-01-26T20:33:01+00:00\",\"description\":\"%\",\"breadcrumb\":{\"@id\":\"https:\\\/\\\/www.miamibeachfl.gov\\\/city-hall\\\/public-works\\\/engineering-division\\\/section-1-a-surveying-standards-and-requirements\\\/#breadcrumb\"},\"inLanguage\":\"ht\",\"potentialAction\":[{\"@type\":\"ReadAction\",\"target\":[\"https:\\\/\\\/www.miamibeachfl.gov\\\/city-hall\\\/public-works\\\/engineering-division\\\/section-1-a-surveying-standards-and-requirements\\\/\"]}]},{\"@type\":\"BreadcrumbList\",\"@id\":\"https:\\\/\\\/www.miamibeachfl.gov\\\/city-hall\\\/public-works\\\/engineering-division\\\/section-1-a-surveying-standards-and-requirements\\\/#breadcrumb\",\"itemListElement\":[{\"@type\":\"ListItem\",\"position\":1,\"name\":\"Home\",\"item\":\"https:\\\/\\\/www.miamibeachfl.gov\\\/\"},{\"@type\":\"ListItem\",\"position\":2,\"name\":\"City Hall\",\"item\":\"https:\\\/\\\/www.miamibeachfl.gov\\\/city-hall\\\/\"},{\"@type\":\"ListItem\",\"position\":3,\"name\":\"Public Works\",\"item\":\"https:\\\/\\\/www.miamibeachfl.gov\\\/city-hall\\\/public-works\\\/\"},{\"@type\":\"ListItem\",\"position\":4,\"name\":\"Engineering Division\",\"item\":\"https:\\\/\\\/www.miamibeachfl.gov\\\/city-hall\\\/public-works\\\/engineering-division\\\/\"},{\"@type\":\"ListItem\",\"position\":5,\"name\":\"Section 1 A. Surveying Standards And Requirements\"}]},{\"@type\":\"WebSite\",\"@id\":\"https:\\\/\\\/www.miamibeachfl.gov\\\/#website\",\"url\":\"https:\\\/\\\/www.miamibeachfl.gov\\\/\",\"name\":\"City of Miami Beach\",\"description\":\"The official website of the City of Miami Beach. Stay informed, find important information on city services, news, alerts, events, trolley routes, government employment and more.\",\"publisher\":{\"@id\":\"https:\\\/\\\/www.miamibeachfl.gov\\\/#organization\"},\"potentialAction\":[{\"@type\":\"SearchAction\",\"target\":{\"@type\":\"EntryPoint\",\"urlTemplate\":\"https:\\\/\\\/www.miamibeachfl.gov\\\/?s={search_term_string}\"},\"query-input\":{\"@type\":\"PropertyValueSpecification\",\"valueRequired\":true,\"valueName\":\"search_term_string\"}}],\"inLanguage\":\"ht\"},{\"@type\":\"Organization\",\"@id\":\"https:\\\/\\\/www.miamibeachfl.gov\\\/#organization\",\"name\":\"City of Miami Beach\",\"url\":\"https:\\\/\\\/www.miamibeachfl.gov\\\/\",\"logo\":{\"@type\":\"ImageObject\",\"inLanguage\":\"ht\",\"@id\":\"https:\\\/\\\/www.miamibeachfl.gov\\\/#\\\/schema\\\/logo\\\/image\\\/\",\"url\":\"https:\\\/\\\/www.miamibeachfl.gov\\\/wp-content\\\/uploads\\\/2022\\\/06\\\/miamibeach-logoblue.png\",\"contentUrl\":\"https:\\\/\\\/www.miamibeachfl.gov\\\/wp-content\\\/uploads\\\/2022\\\/06\\\/miamibeach-logoblue.png\",\"width\":1962,\"height\":381,\"caption\":\"City of Miami Beach\"},\"image\":{\"@id\":\"https:\\\/\\\/www.miamibeachfl.gov\\\/#\\\/schema\\\/logo\\\/image\\\/\"},\"sameAs\":[\"https:\\\/\\\/www.facebook.com\\\/cityofmiamibeach\",\"https:\\\/\\\/x.com\\\/Miamibeachnews\",\"https:\\\/\\\/www.instagram.com\\\/miamibeachnews\\\/\"],\"description\":\"The official website of the City of Miami Beach. Stay informed, find important information on city services, news, alerts, events, trolley routes, government employment and more.\",\"telephone\":\"305.604.CITY(2489)\",\"legalName\":\"City of Miami Beach\"}]}<\/script>\n<!-- \/ Yoast SEO Premium plugin. -->","yoast_head_json":{"title":"Seksyon 1 A. N\u00f2m ak Egzijans pou Sondaj - Vil Miami Beach","description":"%","robots":{"index":"index","follow":"follow","max-snippet":"max-snippet:-1","max-image-preview":"max-image-preview:large","max-video-preview":"max-video-preview:-1"},"canonical":"https:\/\/www.miamibeachfl.gov\/ht\/city-hall\/public-works\/engineering-division\/section-1-a-surveying-standards-and-requirements\/","og_locale":"ht_HT","og_type":"article","og_title":"Section 1  A. Surveying Standards And Requirements","og_description":"%","og_url":"https:\/\/www.miamibeachfl.gov\/ht\/city-hall\/public-works\/engineering-division\/section-1-a-surveying-standards-and-requirements\/","og_site_name":"City of Miami Beach","article_publisher":"https:\/\/www.facebook.com\/cityofmiamibeach","article_modified_time":"2018-01-26T20:33:01+00:00","og_image":[{"width":1000,"height":1000,"url":"https:\/\/www.miamibeachfl.gov\/wp-content\/uploads\/2024\/01\/1000pxSquare-miamibeach-aerial-southpointview.jpeg","type":"image\/jpeg"}],"twitter_card":"summary_large_image","twitter_site":"@Miamibeachnews","schema":{"@context":"https:\/\/schema.org","@graph":[{"@type":"WebPage","@id":"https:\/\/www.miamibeachfl.gov\/city-hall\/public-works\/engineering-division\/section-1-a-surveying-standards-and-requirements\/","url":"https:\/\/www.miamibeachfl.gov\/city-hall\/public-works\/engineering-division\/section-1-a-surveying-standards-and-requirements\/","name":"Seksyon 1 A. N\u00f2m ak Egzijans pou Sondaj - Vil Miami Beach","isPartOf":{"@id":"https:\/\/www.miamibeachfl.gov\/#website"},"datePublished":"2017-08-11T00:10:35+00:00","dateModified":"2018-01-26T20:33:01+00:00","description":"%","breadcrumb":{"@id":"https:\/\/www.miamibeachfl.gov\/city-hall\/public-works\/engineering-division\/section-1-a-surveying-standards-and-requirements\/#breadcrumb"},"inLanguage":"ht","potentialAction":[{"@type":"ReadAction","target":["https:\/\/www.miamibeachfl.gov\/city-hall\/public-works\/engineering-division\/section-1-a-surveying-standards-and-requirements\/"]}]},{"@type":"BreadcrumbList","@id":"https:\/\/www.miamibeachfl.gov\/city-hall\/public-works\/engineering-division\/section-1-a-surveying-standards-and-requirements\/#breadcrumb","itemListElement":[{"@type":"ListItem","position":1,"name":"Home","item":"https:\/\/www.miamibeachfl.gov\/"},{"@type":"ListItem","position":2,"name":"City Hall","item":"https:\/\/www.miamibeachfl.gov\/city-hall\/"},{"@type":"ListItem","position":3,"name":"Public Works","item":"https:\/\/www.miamibeachfl.gov\/city-hall\/public-works\/"},{"@type":"ListItem","position":4,"name":"Engineering Division","item":"https:\/\/www.miamibeachfl.gov\/city-hall\/public-works\/engineering-division\/"},{"@type":"ListItem","position":5,"name":"Section 1 A. Surveying Standards And Requirements"}]},{"@type":"WebSite","@id":"https:\/\/www.miamibeachfl.gov\/#website","url":"https:\/\/www.miamibeachfl.gov\/","name":"Vil Miami Beach","description":"Sitw\u00e8b ofisy\u00e8l Vil Miami Beach la. Rete enf\u00f2me, jwenn enf\u00f2masyon enp\u00f2tan sou s\u00e8vis vil la, nouv\u00e8l, al\u00e8t, ev\u00e8nman, wout tramway, travay gouv\u00e8nman an ak plis ank\u00f2.","publisher":{"@id":"https:\/\/www.miamibeachfl.gov\/#organization"},"potentialAction":[{"@type":"SearchAction","target":{"@type":"EntryPoint","urlTemplate":"https:\/\/www.miamibeachfl.gov\/?s={search_term_string}"},"query-input":{"@type":"PropertyValueSpecification","valueRequired":true,"valueName":"search_term_string"}}],"inLanguage":"ht"},{"@type":"Organization","@id":"https:\/\/www.miamibeachfl.gov\/#organization","name":"Vil Miami Beach","url":"https:\/\/www.miamibeachfl.gov\/","logo":{"@type":"ImageObject","inLanguage":"ht","@id":"https:\/\/www.miamibeachfl.gov\/#\/schema\/logo\/image\/","url":"https:\/\/www.miamibeachfl.gov\/wp-content\/uploads\/2022\/06\/miamibeach-logoblue.png","contentUrl":"https:\/\/www.miamibeachfl.gov\/wp-content\/uploads\/2022\/06\/miamibeach-logoblue.png","width":1962,"height":381,"caption":"City of Miami Beach"},"image":{"@id":"https:\/\/www.miamibeachfl.gov\/#\/schema\/logo\/image\/"},"sameAs":["https:\/\/www.facebook.com\/cityofmiamibeach","https:\/\/x.com\/Miamibeachnews","https:\/\/www.instagram.com\/miamibeachnews\/"],"description":"Sitw\u00e8b ofisy\u00e8l Vil Miami Beach la. Rete enf\u00f2me, jwenn enf\u00f2masyon enp\u00f2tan sou s\u00e8vis vil la, nouv\u00e8l, al\u00e8t, ev\u00e8nman, wout tramway, travay gouv\u00e8nman an ak plis ank\u00f2.","telephone":"305.604.CITY(2489)","legalName":"City of Miami Beach"}]}},"_links":{"self":[{"href":"https:\/\/www.miamibeachfl.gov\/ht\/wp-json\/wp\/v2\/pages\/28979","targetHints":{"allow":["GET"]}}],"collection":[{"href":"https:\/\/www.miamibeachfl.gov\/ht\/wp-json\/wp\/v2\/pages"}],"about":[{"href":"https:\/\/www.miamibeachfl.gov\/ht\/wp-json\/wp\/v2\/types\/page"}],"author":[{"embeddable":true,"href":"https:\/\/www.miamibeachfl.gov\/ht\/wp-json\/wp\/v2\/users\/222"}],"replies":[{"embeddable":true,"href":"https:\/\/www.miamibeachfl.gov\/ht\/wp-json\/wp\/v2\/comments?post=28979"}],"version-history":[{"count":0,"href":"https:\/\/www.miamibeachfl.gov\/ht\/wp-json\/wp\/v2\/pages\/28979\/revisions"}],"up":[{"embeddable":true,"href":"https:\/\/www.miamibeachfl.gov\/ht\/wp-json\/wp\/v2\/pages\/28940"}],"wp:attachment":[{"href":"https:\/\/www.miamibeachfl.gov\/ht\/wp-json\/wp\/v2\/media?parent=28979"}],"wp:term":[{"taxonomy":"category","embeddable":true,"href":"https:\/\/www.miamibeachfl.gov\/ht\/wp-json\/wp\/v2\/categories?post=28979"},{"taxonomy":"post_tag","embeddable":true,"href":"https:\/\/www.miamibeachfl.gov\/ht\/wp-json\/wp\/v2\/tags?post=28979"}],"curies":[{"name":"wp","href":"https:\/\/api.w.org\/{rel}","templated":true}]}}