{"id":29093,"date":"2017-08-11T00:11:49","date_gmt":"2017-08-11T00:11:49","guid":{"rendered":"http:\/\/www.miamibeachfl.gov\/city-hall\/public-works\/table-of-contents-details\/section-4-a-platting-procedures\/"},"modified":"2018-01-26T15:34:51","modified_gmt":"2018-01-26T20:34:51","slug":"section-4-a-platting-procedures","status":"publish","type":"page","link":"https:\/\/www.miamibeachfl.gov\/ht\/city-hall\/public-works\/engineering-division\/section-4-a-platting-procedures\/","title":{"rendered":"Seksyon 4 A. Pwosedi pou Plate"},"content":{"rendered":"<\/p>\n<table>\n<caption>Pwosedi pou Plate<\/caption>\n<tbody>\n<tr>\n<td>\n<p>SEKSYON 4 DWA PASAJ, S\u00c8VITID AK ITILIZASYON T\u00c8 DISPOZISYON ESPESYAL<\/p>\n<p>A. Pwosedi pou Plate<\/p>\n<p>a) Konferans prelimin\u00e8. Moun ki pral divize t\u00e8 a oswa enjeny\u00e8 li ak\/oswa topograf t\u00e8 a, anvan yo prepare plan tantativ la, ka mande kons\u00e8y Depatman Konstriksyon ak Zonaj la pou yo ka pi familyarize yo ak egzijans soudivizyon yo ak dispozisyon plan direkt\u00e8 a ki afekte z\u00f2n kote soudivizyon pwopoze a ye a.<\/p>\n<p>b) Lis verifikasyon. Plan tantativ ki par\u00e8t sou kat la dwe gen ladan l atik div\u00e8s depatman Vil la mande pou det\u00e8mine si plan t\u00e8 a nan lotisman an satisfezan nan pwen de vi enter\u00e8 piblik la. L\u00e8 plan tantativ la fin apwouve, epi pou jwenn yon plan final, yo dwe soum\u00e8t enf\u00f2masyon sa yo, sof si Vil la bay yon derogasyon:<\/p>\n<p>\u00a0<\/p>\n<p>1) Non lotisman yo pwopoze a ak tit idantifikasyon kote lotisman an ye a, ansanm ak seksyon an, vil la ak limit la.<\/p>\n<p>2) Non ak adr\u00e8s pwopriyet\u00e8 dosye a, moun ki divize t\u00e8 a ak moun k ap prepare plan tantativ la.<\/p>\n<p>3) Anplasman liy pwopriyete yo, s\u00e8vitwit ki egziste deja yo, bilding yo, kou dlo yo ak l\u00f2t karakteristik esansy\u00e8l yo.<\/p>\n<p>4) Non lotisman adjasan yo ak pwopriyet\u00e8 yo.<\/p>\n<p>5) Anplasman nenp\u00f2t liy egou ki deja egziste, prensipal dlo oswa nenp\u00f2t s\u00e8vis piblik anba t\u00e8 oswa ayeryen, kannal ak drenaj sou pwopriyete a ki pral divize a.<\/p>\n<p>6) Anplasman ak laj\u00e8 lari, otowout, s\u00e8vitwit, liy bilding, ale, pak ak l\u00f2t espas piblik ouv\u00e8 ki deja egziste ak sa yo pwopoze yo, ansanm ak enf\u00f2masyon menm jan an pou pwopriyete ki imedyatman adjasan a pwopriyete yo pwopoze a.<\/p>\n<p>7) Nenp\u00f2t chanjman nan itilizasyon, wot\u00e8, sifas, dansite oswa l\u00f2t r\u00e8gleman anba chapit sa a, zonaj ki aplikab nan z\u00f2n ki pral subdivide a ak nenp\u00f2t limit distri sa yo ki afekte teren an; tout moso t\u00e8 yo pwopoze pou itilizasyon piblik ak kondisyon pou dedye sa yo.<\/p>\n<p>8) Laj\u00e8 ak kote nenp\u00f2t lari oswa l\u00f2t dwa pasaj piblik oswa kote ki par\u00e8t nan kat ofisy\u00e8l la oswa plan direkt\u00e8 a nan z\u00f2n ki pral subdivide a, ansanm ak laj\u00e8, kote ak nivo tout lari oswa l\u00f2t chemen piblik ke pwomot\u00e8 a pwopoze yo.<\/p>\n<p>9) Yon koup transv\u00e8sal tipik nan nivelman yo pwopoze a pou wout oswa twotwa ak kondisyon topografik yo.<\/p>\n<p>10) Dat la, fl\u00e8ch n\u00f2 a ak ech\u00e8l grafik la.<\/p>\n<p>11) Deskripsyon yo ak kat topograf limit teren an ki f\u00e8t epi s\u00e8tifye pa yon topograf t\u00e8 ki gen lisans nan Florid.<\/p>\n<p>12) Kote ki pi pre lotisman ki disponib la oswa sist\u00e8m distribisyon dlo piblik la.<\/p>\n<p>13) Kote ki pi pre lotisman ki disponib la oubyen sist\u00e8m jete dlo egou piblik la ye.<\/p>\n<p>14) Dispozisyon pou kolekte epi dechaje drenaj sifas la.<\/p>\n<p>15) Desen prelimin\u00e8 pou nenp\u00f2t pon oswa kanal ki ka neses\u00e8.<\/p>\n<p>16) Liy teren yo pwopoze yo ak dimansyon apwoksimatif yo; epi pou teren ki gen f\u00f2m dw\u00f2l oswa iregilye, kote yo sijere pou bilding yo pwopoze yo.<\/p>\n<p>17) Plas ak kalite twotwa yo pwopoze a, estanda ekleraj lari yo, ak esp\u00e8s pyebwa nan lari yo, plas, kalite ak gwos\u00e8 twotwa yo, gouty\u00e8 yo, tiyo dlo prensipal yo, liy egou sanit\u00e8 yo ak drenaj lapli yo, laj\u00e8 ak pwofond\u00e8 pave a ak baz fondasyon an, epi plas twou egou yo, basen yo ak tiyo anba t\u00e8 yo.<\/p>\n<p>18) Limit s\u00e8vit s\u00e8vis piblik p\u00e8manan yo pwopoze sou oswa anba pwopriyete prive ki pa dwe mwens pase 20 pye laj\u00e8 sof si yo endike otreman nan seksyon sa a. S\u00e8vit sa yo dwe bay aks\u00e8 adekwa a yon gran wout piblik ki deja egziste oswa espas ouv\u00e8 ki montre nan plan an oswa kat ofisy\u00e8l la. S\u00e8vit drenaj p\u00e8manan yo dwe montre tou.<\/p>\n<p>19) L\u00e8 plan tantativ ki soum\u00e8t la kouvri s\u00e8lman yon p\u00f2syon nan tout pwopriyete lotisman an, yo ka mande yon eskiz sist\u00e8m lari potansy\u00e8l pou pati ki pa divize a ak\u00f2z sikonstans dw\u00f2l.<\/p>\n<p>20) Yon aplikasyon pou plan ki siyen pa pwopriyet\u00e8 a epi ki notarye sou f\u00f2m Vil la preskri a.<\/p>\n<p>21) Tout dimansyon plan an ki afekte dwa pasaj piblik yo ak pwopozisyon pou dedye dwa pasaj piblik yo dwe prepare pa yon topograf t\u00e8 ak map\u00f2graf ki anrejistre nan Florid epi yo dwe par\u00e8t sou plan ofisy\u00e8l nivelman ak drenaj ki akonpaye plan tantativ apwouve yo.<\/p>\n<p>\u00a0<\/p>\n<p>Kondisyon Final Platf\u00f2m yo<\/p>\n<p>a) Konf\u00f2mite av\u00e8k plan tantativ la. Plan final la dwe gen ladan tout modifikasyon neses\u00e8 nan plan tantativ la pou l konf\u00f2me li av\u00e8k egzijans seksyon sa a.<\/p>\n<p>b) Preparasyon. Yon topograf ak map\u00f2graf ki anrejistre nan Florid dwe prepare plan final la. Yon plan final dwe trase kl\u00e8man e lizib sou yon f\u00e8y ki mezire 18 pous pa 28 pous oswa 30 pous pa 36 pous epi sou yon ech\u00e8l ki ase gwo pou lizib. Plan final la dwe konf\u00f2m ak lwa eta a, \u00f2donans Vil la ak Konte a ki aplikab yo.<\/p>\n<p>c) Lis verifikasyon final platf\u00f2m nan:<\/p>\n<p>1) Non soudivizyon an. Plan an dwe gen yon tit oswa yon non. T\u00e8m &quot;vil&quot; la oswa nenp\u00f2t l\u00f2t t\u00e8m ki sijere yon minisipalite pa dwe par\u00e8t nan tit oswa non okenn plan ki gen ladan nenp\u00f2t pwopriyete nan limit vil la.<\/p>\n<p>2) Deskripsyon tit pwopriyete a. Dwe gen yon deskripsyon konpl\u00e8 ak detaye sou t\u00e8 ki nan kat la oswa sou plan an, ki dwe ekri oswa enprime sou li, ki montre vil la ak limit kote t\u00e8 sa yo ye a, seksyon ak pati nan seksyon ki trase yo, epi yon eskiz kote ki montre kote plan an ye an referans ak sant ki pi pre chak seksyon ki nan plan an. Deskripsyon an dwe t\u00e8lman konpl\u00e8 ke, san referans a plan an, yo ka det\u00e8mine pwen depa a epi trase kontou yo. Si yo f\u00e8 yon soudivizyon yon pati nan plan ki te anrejistre deja a, yo dwe bay l\u00f2t ak bl\u00f2k anvan yo ki pral divize ank\u00f2. Si plan an dwe yon soudivizyon konpl\u00e8 sou plan ki te anrejistre deja a, yo dwe deklare sa konsa. Depo t\u00e8 ki te trase deja a dwe f\u00e8t nan fason lalwa prevwa a.<\/p>\n<p>3) Non soudivizyon adjasan yo<\/p>\n<p>4) Non oswa nimewo ak laj\u00e8 lari ki toupre platf\u00f2m nan.<\/p>\n<p>5) Tout limit platf\u00f2m yo<\/p>\n<p>6) Oryantasyon ak distans ki genyen ak liy lari ki pi pre yo, kwen seksyon yo oswa l\u00f2t moniman p\u00e8manan rekon\u00e8t yo dwe dekri av\u00e8k presizyon sou plan an.<\/p>\n<p>7) Liy minisipalite, konte vil oswa seksyon ki lye av\u00e8k presizyon ak liy lotisman an pa distans ak oryantasyon.<\/p>\n<p>8) Kote egzak tout moniman yo ye.<\/p>\n<p>9) Long\u00e8 tout ak yo, reyon yo, ang ent\u00e8n yo, pwen koube yo ak tanjant yo.<\/p>\n<p>10) L\u00e8 teren yo sitiye sou yon koub oswa l\u00e8 liy teren b\u00f2 yo f\u00f2me yon ang mwens pase 87 degre oswa plis pase 93 degre, yo dwe montre laj\u00e8 teren an nan liy rekile bilding devan an.<\/p>\n<p>11) Non oswa nimewo ak laj\u00e8 dwa pasaj chak lari oswa dwa pasaj ki par\u00e8t sou plan an.<\/p>\n<p>12) Nimewotasyon tout lo ak bl\u00f2k ki par\u00e8t sou plan an. Tout lo yo dwe par\u00e8t swa ak nimewo pwogresif, oswa nan bl\u00f2k ki gen nimewo pwogresif eksepte bl\u00f2k ki gen nimewo, adisyon ki gen menm non an dwe nimewote youn apre l\u00f2t nan plizy\u00e8 adisyon yo. Pas\u00e8l eksepsyon\u00e8l yo dwe make &quot;pa f\u00e8 pati plan sa a.&quot;<\/p>\n<p>13) Restriksyon sou plan pou mete restriksyon sou kalite ak itilizasyon rez\u00e8v dlo; kalite ak itilizasyon enstalasyon sanit\u00e8; itilizasyon ak benefis z\u00f2n dlo ak l\u00f2t espas ouv\u00e8 ak t\u00e8 ki gen f\u00f2m dw\u00f2l ak ki pa bon kalite; redivizyon t\u00e8 k\u00f2m &quot;plante&quot; ak restriksyon menm jan an.<\/p>\n<p>14) Tout z\u00f2n rez\u00e8ve oswa dedye pou rezon piblik. Pwopriyet\u00e8 a pa dwe rez\u00e8ve okenn teren sof si li gen ase gwos\u00e8 ak sifas pou l itil nan pratik.<\/p>\n<p>15) Dimansyon tout lo ak ang oswa sip\u00f2 yo.<\/p>\n<p>16) Liy minim\u00f2m distans bilding kote \u00f2donans egzije sa.<\/p>\n<p>17) Kote, dimansyon ak objektif s\u00e8vit yo<\/p>\n<p>18) S\u00e8tifikasyon pa yon topograf ki anrejistre ki deklare ke se li menm ki te f\u00e8 topografi t\u00e8 a, ke tout moniman yo montre yo egziste vre epi ke kote yo ye a k\u00f2r\u00e8kteman.<\/p>\n<p>19) Yon rekonesans pa pwopriyet\u00e8 a sou adopsyon li f\u00e8 de plan an ak Dedikasyon lari yo ak l\u00f2t z\u00f2n piblik yo epi konsantman nenp\u00f2t moun ki gen ipot\u00e8k pou adopsyon ak dedikasyon sa a. Si yo dwe f\u00e8men nenp\u00f2t dwa pasaj ki deja egziste, yo dwe endike rezon f\u00e8mti a sou plan an.<\/p>\n<p>20) Siyati ak so Vil la kote pwopriyete a ap chanje plan, Siyati ak so Vil la dwe afiche oswa refize dapre pwosedi ki etabli nan FS \u00a7 177.101, sof si yo te valide vakans plan anvan yo anvan.<\/p>\n<p>d) L\u00f2t done obligatwa. L\u00f2t done obligatwa ki akonpaye plan an dwe gen ladan yo:<\/p>\n<p>1) Konvansyon restriksyon ke devlop\u00e8 yo vle toutotan yo pa vyole \u00f2donans vil ki egziste deja yo.<\/p>\n<p>2) Opinyon akty\u00e8l sou tit la ki soti nan yon avoka ki otorize pou pratike lalwa nan Florid.<\/p>\n<p>3) Resi taks oswa s\u00e8tifikasyon Konte a ki endike ke tout taks ak evalyasyon yo te peye sou t\u00e8 a ki nan lotisman pwopoze a.\u00a0<\/p>\n<p>4) Si yo mande yon chanjman zonaj, yo dwe bay yon s\u00e8tifikasyon ki soti nan Vil la ki endike ke yo apwouve chanjman yo mande a epi gwos\u00e8 teren yo ak l\u00f2t karakteristik ki par\u00e8t sou plan an konf\u00f2m ak egzijans zonaj Vil la. Siyati plan final la pa Majistra a ak Sekret\u00e8 Vil la ap konstitye s\u00e8tifikasyon sa a.<\/p>\n<p>5) Fr\u00e8 grefye a pou anrejistreman plan an.<\/p>\n<p>6) Depatman Travay Piblik Vil Miami Beach la dwe s\u00e8tifye atrav\u00e8 divizyon plan Konte a ke tout amelyorasyon ki neses\u00e8 yo nan dwa pasaj piblik la te fini oubyen ke Vil la kenbe sa li konsidere k\u00f2m yon bon garanti sifizan pou fini amelyorasyon yo. Divizyon plan Konte a dwe bay s\u00e8tifikasyon sa a nan 45 jou apati dat li fin resevwa plan an. Si plan an pa aji nan del\u00e8 sa a, li pral otomatikman apwouve.<\/p>\n<p>Tout pwosedi planifikasyon yo dwe f\u00e8t an ak\u00f2 av\u00e8k Chapit 177 Pati I Lwa Florid yo epi tout sondaj ki neses\u00e8 yo pral f\u00e8t pa yon Topograf Pwofesyon\u00e8l nan Eta Florid dapre Chapit 472.027 Lwa Florid yo epi yo dwe satisf\u00e8 estanda teknik minim\u00f2m yo idantifye nan Chapit 61G17-6, K\u00f2d Administratif Florid la.<\/p>\n<p>\n<\/p>\n<\/td>\n<\/tr>\n<\/tbody>\n<\/table>\n<p>\u00a0<\/p>","protected":false},"excerpt":{"rendered":"<p>Platting Procedures SECTION 4 RIGHT-OF-WAY, EASEMENT AND LAND USE SPECIAL PROVISIONS A. Platting Procedures a)\u00a0Preliminary conference.\u00a0 The subdivider or his [&hellip;]<\/p>\n","protected":false},"author":222,"featured_media":0,"parent":28940,"menu_order":183,"comment_status":"closed","ping_status":"closed","template":"","meta":{"_searchwp_excluded":"","site-sidebar-layout":"default","site-content-layout":"","ast-site-content-layout":"default","site-content-style":"default","site-sidebar-style":"default","ast-global-header-display":"","ast-banner-title-visibility":"","ast-main-header-display":"","ast-hfb-above-header-display":"","ast-hfb-below-header-display":"","ast-hfb-mobile-header-display":"","site-post-title":"","ast-breadcrumbs-content":"","ast-featured-img":"","footer-sml-layout":"","theme-transparent-header-meta":"","adv-header-id-meta":"","stick-header-meta":"","header-above-stick-meta":"","header-main-stick-meta":"","header-below-stick-meta":"","astra-migrate-meta-layouts":"default","ast-page-background-enabled":"default","ast-page-background-meta":{"desktop":{"background-color":"var(--ast-global-color-5)","background-image":"","background-repeat":"repeat","background-position":"center center","background-size":"auto","background-attachment":"scroll","background-type":"","background-media":"","overlay-type":"","overlay-color":"","overlay-opacity":"","overlay-gradient":""},"tablet":{"background-color":"","background-image":"","background-repeat":"repeat","background-position":"center center","background-size":"auto","background-attachment":"scroll","background-type":"","background-media":"","overlay-type":"","overlay-color":"","overlay-opacity":"","overlay-gradient":""},"mobile":{"background-color":"","background-image":"","background-repeat":"repeat","background-position":"center center","background-size":"auto","background-attachment":"scroll","background-type":"","background-media":"","overlay-type":"","overlay-color":"","overlay-opacity":"","overlay-gradient":""}},"ast-content-background-meta":{"desktop":{"background-color":"var(--ast-global-color-4)","background-image":"","background-repeat":"repeat","background-position":"center center","background-size":"auto","background-attachment":"scroll","background-type":"","background-media":"","overlay-type":"","overlay-color":"","overlay-opacity":"","overlay-gradient":""},"tablet":{"background-color":"var(--ast-global-color-4)","background-image":"","background-repeat":"repeat","background-position":"center center","background-size":"auto","background-attachment":"scroll","background-type":"","background-media":"","overlay-type":"","overlay-color":"","overlay-opacity":"","overlay-gradient":""},"mobile":{"background-color":"var(--ast-global-color-4)","background-image":"","background-repeat":"repeat","background-position":"center center","background-size":"auto","background-attachment":"scroll","background-type":"","background-media":"","overlay-type":"","overlay-color":"","overlay-opacity":"","overlay-gradient":""}},"footnotes":""},"categories":[],"tags":[],"class_list":["post-29093","page","type-page","status-publish","hentry"],"yoast_head":"<!-- This site is optimized with the Yoast SEO Premium plugin v27.4 (Yoast SEO v27.4) - https:\/\/yoast.com\/product\/yoast-seo-premium-wordpress\/ -->\n<title>Section 4  A. Platting Procedures - City of Miami Beach<\/title>\n<meta name=\"description\" content=\"%\" \/>\n<meta name=\"robots\" content=\"index, follow, max-snippet:-1, max-image-preview:large, max-video-preview:-1\" \/>\n<link rel=\"canonical\" href=\"https:\/\/www.miamibeachfl.gov\/ht\/city-hall\/public-works\/engineering-division\/section-4-a-platting-procedures\/\" \/>\n<meta property=\"og:locale\" content=\"ht_HT\" \/>\n<meta property=\"og:type\" content=\"article\" \/>\n<meta property=\"og:title\" content=\"Section 4  A. Platting Procedures\" \/>\n<meta property=\"og:description\" content=\"%\" \/>\n<meta property=\"og:url\" content=\"https:\/\/www.miamibeachfl.gov\/ht\/city-hall\/public-works\/engineering-division\/section-4-a-platting-procedures\/\" \/>\n<meta property=\"og:site_name\" content=\"City of Miami Beach\" \/>\n<meta property=\"article:publisher\" content=\"https:\/\/www.facebook.com\/cityofmiamibeach\" \/>\n<meta property=\"article:modified_time\" content=\"2018-01-26T20:34:51+00:00\" \/>\n<meta property=\"og:image\" content=\"https:\/\/www.miamibeachfl.gov\/wp-content\/uploads\/2024\/01\/1000pxSquare-miamibeach-aerial-southpointview.jpeg\" \/>\n\t<meta property=\"og:image:width\" content=\"1000\" \/>\n\t<meta property=\"og:image:height\" content=\"1000\" \/>\n\t<meta property=\"og:image:type\" content=\"image\/jpeg\" \/>\n<meta name=\"twitter:card\" content=\"summary_large_image\" \/>\n<meta name=\"twitter:site\" content=\"@Miamibeachnews\" \/>\n<script type=\"application\/ld+json\" class=\"yoast-schema-graph\">{\"@context\":\"https:\\\/\\\/schema.org\",\"@graph\":[{\"@type\":\"WebPage\",\"@id\":\"https:\\\/\\\/www.miamibeachfl.gov\\\/city-hall\\\/public-works\\\/engineering-division\\\/section-4-a-platting-procedures\\\/\",\"url\":\"https:\\\/\\\/www.miamibeachfl.gov\\\/city-hall\\\/public-works\\\/engineering-division\\\/section-4-a-platting-procedures\\\/\",\"name\":\"Section 4 A. Platting Procedures - City of Miami Beach\",\"isPartOf\":{\"@id\":\"https:\\\/\\\/www.miamibeachfl.gov\\\/#website\"},\"datePublished\":\"2017-08-11T00:11:49+00:00\",\"dateModified\":\"2018-01-26T20:34:51+00:00\",\"description\":\"%\",\"breadcrumb\":{\"@id\":\"https:\\\/\\\/www.miamibeachfl.gov\\\/city-hall\\\/public-works\\\/engineering-division\\\/section-4-a-platting-procedures\\\/#breadcrumb\"},\"inLanguage\":\"ht\",\"potentialAction\":[{\"@type\":\"ReadAction\",\"target\":[\"https:\\\/\\\/www.miamibeachfl.gov\\\/city-hall\\\/public-works\\\/engineering-division\\\/section-4-a-platting-procedures\\\/\"]}]},{\"@type\":\"BreadcrumbList\",\"@id\":\"https:\\\/\\\/www.miamibeachfl.gov\\\/city-hall\\\/public-works\\\/engineering-division\\\/section-4-a-platting-procedures\\\/#breadcrumb\",\"itemListElement\":[{\"@type\":\"ListItem\",\"position\":1,\"name\":\"Home\",\"item\":\"https:\\\/\\\/www.miamibeachfl.gov\\\/\"},{\"@type\":\"ListItem\",\"position\":2,\"name\":\"City Hall\",\"item\":\"https:\\\/\\\/www.miamibeachfl.gov\\\/city-hall\\\/\"},{\"@type\":\"ListItem\",\"position\":3,\"name\":\"Public Works\",\"item\":\"https:\\\/\\\/www.miamibeachfl.gov\\\/city-hall\\\/public-works\\\/\"},{\"@type\":\"ListItem\",\"position\":4,\"name\":\"Engineering Division\",\"item\":\"https:\\\/\\\/www.miamibeachfl.gov\\\/city-hall\\\/public-works\\\/engineering-division\\\/\"},{\"@type\":\"ListItem\",\"position\":5,\"name\":\"Section 4 A. Platting Procedures\"}]},{\"@type\":\"WebSite\",\"@id\":\"https:\\\/\\\/www.miamibeachfl.gov\\\/#website\",\"url\":\"https:\\\/\\\/www.miamibeachfl.gov\\\/\",\"name\":\"City of Miami Beach\",\"description\":\"The official website of the City of Miami Beach. Stay informed, find important information on city services, news, alerts, events, trolley routes, government employment and more.\",\"publisher\":{\"@id\":\"https:\\\/\\\/www.miamibeachfl.gov\\\/#organization\"},\"potentialAction\":[{\"@type\":\"SearchAction\",\"target\":{\"@type\":\"EntryPoint\",\"urlTemplate\":\"https:\\\/\\\/www.miamibeachfl.gov\\\/?s={search_term_string}\"},\"query-input\":{\"@type\":\"PropertyValueSpecification\",\"valueRequired\":true,\"valueName\":\"search_term_string\"}}],\"inLanguage\":\"ht\"},{\"@type\":\"Organization\",\"@id\":\"https:\\\/\\\/www.miamibeachfl.gov\\\/#organization\",\"name\":\"City of Miami Beach\",\"url\":\"https:\\\/\\\/www.miamibeachfl.gov\\\/\",\"logo\":{\"@type\":\"ImageObject\",\"inLanguage\":\"ht\",\"@id\":\"https:\\\/\\\/www.miamibeachfl.gov\\\/#\\\/schema\\\/logo\\\/image\\\/\",\"url\":\"https:\\\/\\\/www.miamibeachfl.gov\\\/wp-content\\\/uploads\\\/2022\\\/06\\\/miamibeach-logoblue.png\",\"contentUrl\":\"https:\\\/\\\/www.miamibeachfl.gov\\\/wp-content\\\/uploads\\\/2022\\\/06\\\/miamibeach-logoblue.png\",\"width\":1962,\"height\":381,\"caption\":\"City of Miami Beach\"},\"image\":{\"@id\":\"https:\\\/\\\/www.miamibeachfl.gov\\\/#\\\/schema\\\/logo\\\/image\\\/\"},\"sameAs\":[\"https:\\\/\\\/www.facebook.com\\\/cityofmiamibeach\",\"https:\\\/\\\/x.com\\\/Miamibeachnews\",\"https:\\\/\\\/www.instagram.com\\\/miamibeachnews\\\/\"],\"description\":\"The official website of the City of Miami Beach. Stay informed, find important information on city services, news, alerts, events, trolley routes, government employment and more.\",\"telephone\":\"305.604.CITY(2489)\",\"legalName\":\"City of Miami Beach\"}]}<\/script>\n<!-- \/ Yoast SEO Premium plugin. -->","yoast_head_json":{"title":"Seksyon 4 A. Pwosedi Planifikasyon - Vil Miami Beach","description":"%","robots":{"index":"index","follow":"follow","max-snippet":"max-snippet:-1","max-image-preview":"max-image-preview:large","max-video-preview":"max-video-preview:-1"},"canonical":"https:\/\/www.miamibeachfl.gov\/ht\/city-hall\/public-works\/engineering-division\/section-4-a-platting-procedures\/","og_locale":"ht_HT","og_type":"article","og_title":"Section 4  A. Platting Procedures","og_description":"%","og_url":"https:\/\/www.miamibeachfl.gov\/ht\/city-hall\/public-works\/engineering-division\/section-4-a-platting-procedures\/","og_site_name":"City of Miami Beach","article_publisher":"https:\/\/www.facebook.com\/cityofmiamibeach","article_modified_time":"2018-01-26T20:34:51+00:00","og_image":[{"width":1000,"height":1000,"url":"https:\/\/www.miamibeachfl.gov\/wp-content\/uploads\/2024\/01\/1000pxSquare-miamibeach-aerial-southpointview.jpeg","type":"image\/jpeg"}],"twitter_card":"summary_large_image","twitter_site":"@Miamibeachnews","schema":{"@context":"https:\/\/schema.org","@graph":[{"@type":"WebPage","@id":"https:\/\/www.miamibeachfl.gov\/city-hall\/public-works\/engineering-division\/section-4-a-platting-procedures\/","url":"https:\/\/www.miamibeachfl.gov\/city-hall\/public-works\/engineering-division\/section-4-a-platting-procedures\/","name":"Seksyon 4 A. Pwosedi Planifikasyon - Vil Miami Beach","isPartOf":{"@id":"https:\/\/www.miamibeachfl.gov\/#website"},"datePublished":"2017-08-11T00:11:49+00:00","dateModified":"2018-01-26T20:34:51+00:00","description":"%","breadcrumb":{"@id":"https:\/\/www.miamibeachfl.gov\/city-hall\/public-works\/engineering-division\/section-4-a-platting-procedures\/#breadcrumb"},"inLanguage":"ht","potentialAction":[{"@type":"ReadAction","target":["https:\/\/www.miamibeachfl.gov\/city-hall\/public-works\/engineering-division\/section-4-a-platting-procedures\/"]}]},{"@type":"BreadcrumbList","@id":"https:\/\/www.miamibeachfl.gov\/city-hall\/public-works\/engineering-division\/section-4-a-platting-procedures\/#breadcrumb","itemListElement":[{"@type":"ListItem","position":1,"name":"Home","item":"https:\/\/www.miamibeachfl.gov\/"},{"@type":"ListItem","position":2,"name":"City Hall","item":"https:\/\/www.miamibeachfl.gov\/city-hall\/"},{"@type":"ListItem","position":3,"name":"Public Works","item":"https:\/\/www.miamibeachfl.gov\/city-hall\/public-works\/"},{"@type":"ListItem","position":4,"name":"Engineering Division","item":"https:\/\/www.miamibeachfl.gov\/city-hall\/public-works\/engineering-division\/"},{"@type":"ListItem","position":5,"name":"Section 4 A. Platting Procedures"}]},{"@type":"WebSite","@id":"https:\/\/www.miamibeachfl.gov\/#website","url":"https:\/\/www.miamibeachfl.gov\/","name":"Vil Miami Beach","description":"Sitw\u00e8b ofisy\u00e8l Vil Miami Beach la. Rete enf\u00f2me, jwenn enf\u00f2masyon enp\u00f2tan sou s\u00e8vis vil la, nouv\u00e8l, al\u00e8t, ev\u00e8nman, wout tramway, travay gouv\u00e8nman an ak plis ank\u00f2.","publisher":{"@id":"https:\/\/www.miamibeachfl.gov\/#organization"},"potentialAction":[{"@type":"SearchAction","target":{"@type":"EntryPoint","urlTemplate":"https:\/\/www.miamibeachfl.gov\/?s={search_term_string}"},"query-input":{"@type":"PropertyValueSpecification","valueRequired":true,"valueName":"search_term_string"}}],"inLanguage":"ht"},{"@type":"Organization","@id":"https:\/\/www.miamibeachfl.gov\/#organization","name":"Vil Miami Beach","url":"https:\/\/www.miamibeachfl.gov\/","logo":{"@type":"ImageObject","inLanguage":"ht","@id":"https:\/\/www.miamibeachfl.gov\/#\/schema\/logo\/image\/","url":"https:\/\/www.miamibeachfl.gov\/wp-content\/uploads\/2022\/06\/miamibeach-logoblue.png","contentUrl":"https:\/\/www.miamibeachfl.gov\/wp-content\/uploads\/2022\/06\/miamibeach-logoblue.png","width":1962,"height":381,"caption":"City of Miami Beach"},"image":{"@id":"https:\/\/www.miamibeachfl.gov\/#\/schema\/logo\/image\/"},"sameAs":["https:\/\/www.facebook.com\/cityofmiamibeach","https:\/\/x.com\/Miamibeachnews","https:\/\/www.instagram.com\/miamibeachnews\/"],"description":"Sitw\u00e8b ofisy\u00e8l Vil Miami Beach la. Rete enf\u00f2me, jwenn enf\u00f2masyon enp\u00f2tan sou s\u00e8vis vil la, nouv\u00e8l, al\u00e8t, ev\u00e8nman, wout tramway, travay gouv\u00e8nman an ak plis ank\u00f2.","telephone":"305.604.CITY(2489)","legalName":"City of Miami Beach"}]}},"_links":{"self":[{"href":"https:\/\/www.miamibeachfl.gov\/ht\/wp-json\/wp\/v2\/pages\/29093","targetHints":{"allow":["GET"]}}],"collection":[{"href":"https:\/\/www.miamibeachfl.gov\/ht\/wp-json\/wp\/v2\/pages"}],"about":[{"href":"https:\/\/www.miamibeachfl.gov\/ht\/wp-json\/wp\/v2\/types\/page"}],"author":[{"embeddable":true,"href":"https:\/\/www.miamibeachfl.gov\/ht\/wp-json\/wp\/v2\/users\/222"}],"replies":[{"embeddable":true,"href":"https:\/\/www.miamibeachfl.gov\/ht\/wp-json\/wp\/v2\/comments?post=29093"}],"version-history":[{"count":0,"href":"https:\/\/www.miamibeachfl.gov\/ht\/wp-json\/wp\/v2\/pages\/29093\/revisions"}],"up":[{"embeddable":true,"href":"https:\/\/www.miamibeachfl.gov\/ht\/wp-json\/wp\/v2\/pages\/28940"}],"wp:attachment":[{"href":"https:\/\/www.miamibeachfl.gov\/ht\/wp-json\/wp\/v2\/media?parent=29093"}],"wp:term":[{"taxonomy":"category","embeddable":true,"href":"https:\/\/www.miamibeachfl.gov\/ht\/wp-json\/wp\/v2\/categories?post=29093"},{"taxonomy":"post_tag","embeddable":true,"href":"https:\/\/www.miamibeachfl.gov\/ht\/wp-json\/wp\/v2\/tags?post=29093"}],"curies":[{"name":"wp","href":"https:\/\/api.w.org\/{rel}","templated":true}]}}