{"id":29094,"date":"2017-08-11T00:11:50","date_gmt":"2017-08-11T00:11:50","guid":{"rendered":"http:\/\/www.miamibeachfl.gov\/city-hall\/public-works\/table-of-contents-details\/section-4-b-right-of-way-and-easement-modifications\/"},"modified":"2018-01-26T15:35:04","modified_gmt":"2018-01-26T20:35:04","slug":"section-4-b-right-of-way-and-easement-modifications","status":"publish","type":"page","link":"https:\/\/www.miamibeachfl.gov\/ht\/city-hall\/public-works\/engineering-division\/section-4-b-right-of-way-and-easement-modifications\/","title":{"rendered":"Seksyon 4 B. Modifikasyon dwa pasaj ak s\u00e8vit"},"content":{"rendered":"<\/p>\n<table>\n<caption>Modifikasyon dwa pasaj ak s\u00e8vit<\/caption>\n<tbody>\n<tr>\n<td>\n<p><strong>SEKSYON 4 DWA PASAJ, S\u00c8VITID AK ITILIZASYON T\u00c8 DISPOZISYON ESPESYAL<\/strong><\/p>\n<p><strong>B. Modifikasyon dwa pasaj ak s\u00e8vit<\/strong><\/p>\n<p>Modifikasyon dwa pasaj ak s\u00e8vit yo anjeneral gen ladan bagay sa yo:<\/p>\n<p>I-Vakasyon yon lari, yon ale oswa yon p\u00f2syon dwa pasaj pa Vil la. Dwa pasaj sa yo ka trase oswa dedye epi yo ka gen dwa rev\u00e8syon pou pwopriyet\u00e8 pwopriyete adjasan yo.<\/p>\n<p>II- Abandon yon s\u00e8vit\u00f2d s\u00e8vis piblik oswa echanj yon s\u00e8vit\u00f2d s\u00e8vis piblik ki deja egziste ak yon s\u00e8vit\u00f2d ekivalan yon l\u00f2t kote (Relokasyon s\u00e8vit\u00f2d). Sa yo kapab tou s\u00e8vit\u00f2d ki planifye oswa dedye\/anrejistre swa pou s\u00e8vis piblik oswa pou aks\u00e8.<\/p>\n<p>I. Depo yon lari, yon ale oswa yon p\u00f2syon dwa pasaj:<\/p>\n<p>Apati yon revizyon Komite Itilizasyon T\u00e8 a te f\u00e8 sou krit\u00e8\/n\u00f2m pou konsidere abandone\/kite lari oswa l\u00f2t dwa pasaj, Majistra Vil Miami Beach ak Komisyon Vil la, nan dat 26 Jiy\u00e8 1989, te rek\u00f2mande pou yo konsidere kite lari sa yo apa youn pa l\u00f2t.<\/p>\n<p>Jan sa etabli nan krit\u00e8\/n\u00f2m sa yo, ka vakans anvan yo ak nan \u00d2donans 92-2783 ki enk\u00f2pore k\u00f2m Atik II nan K\u00f2d Vil la, men egzijans ak pwosedi pou mande vakans lari oswa l\u00f2t dwa pasaj nan Vil la:<\/p>\n<p>Yon aplikan k ap mande pou yo retire yon lari, yon ale oswa yon p\u00f2syon dwa pasaj dwe soum\u00e8t:<\/p>\n<p>\u00a01. Yon fr\u00e8 aplikasyon $5,000.00 ki pa ranbousab ki pral aplike sou val\u00e8 t\u00e8 evalye a pou dwa pasaj ki pral vid la.<\/p>\n<p>\u00a02. Yon dokiman ki gen tit pwopriyete a oubyen yon angajman tit pwopriyete a oubyen opinyon avoka a sou tit t\u00e8 ki sij\u00e8 a demann lan.<\/p>\n<p>\u00a03. Yon deklarasyon aplikan an f\u00e8 sou kijan acha ak vakans dwa pasaj sa a nan pi bon enter\u00e8 piblik la an jeneral.<\/p>\n<p>\u00a04. Yon sondaj topografik resan pa yon topograf ki anrejistre sou pwopriyete aplikan an ak pwopriyete vil la ki sij\u00e8 a.<\/p>\n<p>\u00a05. Yon plan ki montre kote egzak la ak deskripsyon dwa pasaj vil la, ansanm ak amelyorasyon ak itilizasyon yo pwopoze a.<\/p>\n<p>\u00a06. Yon kat jeyografik ki montre pwopriyete an kesyon an ak pwopriyete ki nan yon reyon 375 pye, make an koul\u00e8.<\/p>\n<p>\u00a07. Yon lis pwopriyet\u00e8 yo ki nan yon reyon 375 pye, ak adr\u00e8s postal yo sou etik\u00e8t kole.<\/p>\n<p>\u00a08. Yon l\u00e8t s\u00e8tifye ki endike sous ak konpl\u00e8 lis pwopriyet\u00e8 byen imobilye ki mansyone pi wo a. L\u00e8 Depatman Travay Piblik Vil la ak Biwo Avoka Vil la resevwa dokiman sa yo, yo pral egzamine aplikasyon an epi yo pral jwenn angajman aplikan an pou bagay sa yo:<\/p>\n<p>\u00a0\u00a0a) Dwa ak bezwen Vil la ak l\u00f2t konpayi s\u00e8vis piblik yo genyen pou yon s\u00e8vit s\u00e8vis piblik ta dwe revize epi konsidere. Nenp\u00f2t depans pou relokasyon ta dwe peye pa aplikan an.<\/p>\n<p>\u00a0\u00a0b) Aplike egzijans ki nan Atik II ki atache a, seksyon 82-36 rive 82-40 nan K\u00f2d Vil la jan sa aplikab.<\/p>\n<p>Apre yo fin ranpli kondisyon ki mansyone pi wo yo, y ap pwograme yon odyans piblik pandan yon reyinyon Komisyon an, y ap pibliye anons piblik nan jounal lokal yo epi y ap voye avi bay pwopriyet\u00e8 yo pa lap\u00f2s pou yo ka jwenn adr\u00e8s yo bay la.<\/p>\n<p>Komisyon Vil la pral evalye rek\u00f2mandasyon ak analiz Administrasyon an ki baze sou krit\u00e8 ki sanble ak ak\u00f2de oswa refize yon p\u00e8mi revokab jan sa endike nan Seksyon 82-94 K\u00f2d Vil la pandan odyans piblik la epi li pral swa apwouve, refize oswa refere pou plis konsiderasyon bay Komite Itilizasyon T\u00e8 a.\u00a0<\/p>\n<p>II. Abandon yon s\u00e8vitwit s\u00e8vis piblik oswa echanj yon s\u00e8vitwit s\u00e8vis piblik ki deja egziste ak yon s\u00e8vitwit ekivalan yon l\u00f2t kote (Relokasyon s\u00e8vitwit).<\/p>\n<p>An ak\u00f2 av\u00e8k ka anvan yo pou vakans\/abandon s\u00e8vit oswa relokasyon, men kondisyon ak pwosedi pou abandone oswa echanje yon s\u00e8vit s\u00e8vis piblik:<\/p>\n<p>\u00a01. Aplikan an dwe soum\u00e8t yon sondaj resan sou pwopriyete kote s\u00e8vitid la ye a.<\/p>\n<p>\u00a02. Aplikan an dwe soum\u00e8t yon dokiman sou tit pwopriyete a oswa yon pr\u00e8v pwopriyet\u00e8 kote s\u00e8vit la ye a ak\/oswa kote y ap deplase l la.<\/p>\n<p>\u00a03. F\u00f2k ou soum\u00e8t yon l\u00e8t ki eksplike rezon ki f\u00e8 yo mande abandone\/relokalize s\u00e8vitwit la, akonpaye pa L\u00f2d Revizyon Desen an oswa L\u00f2d Final Komisyon Prez\u00e8vasyon Istorik la ki montre konfli ant konstriksyon pwopoze a ak s\u00e8vitwit la.<\/p>\n<p>\u00a04. Aplikan an dwe jwenn epi soum\u00e8t L\u00e8t Pa gen Objeksyon oswa Ak\u00f2 pou relokasyon nan men tout konpayi s\u00e8vis piblik k ap s\u00e8vi Vil la. Aplikan an ap peye tout depans relokasyon oswa retire s\u00e8vis piblik ki deja egziste yo.<\/p>\n<p>\u00a05. Aplikan an dwe prepare epi soum\u00e8t yon sondaj ak yon deskripsyon legal sou nouvo s\u00e8vitwit la oswa s\u00e8vitwit yo pwopoze a ansanm ak yon dokiman s\u00e8vitwit pou Vil la egzamine.<\/p>\n<p>\u00a06. Apre Depatman Travay Piblik Vil la ak Biwo Avoka Vil la fin revize dokiman s\u00e8vitid yo epi apwouve dokiman yo, aplikan an dwe siyen epi soum\u00e8t bay Vil la de kopi orijinal dokiman yo.<\/p>\n<p>\u00a07. Travay Piblik yo dwe prezante dokiman yo bay Komisyon Vil la pou yo ka konsidere apwobasyon abandone oswa echanj s\u00e8vitwit la, anjeneral sa depann de aplikan an fin relokasyon s\u00e8vis piblik Vil la ki deja egziste yo oswa depoze yon kosyon pou pri relokasyon sa a.<\/p>\n<p>\u00a08. Aplikan an anrejistre epi soum\u00e8t bay Vil la pr\u00e8v dokiman ki anrejistre yo nan men Grefye Konte Miami-Dade la.<\/p>\n<\/td>\n<\/tr>\n<\/tbody>\n<\/table>\n<p>\u00a0<\/p>","protected":false},"excerpt":{"rendered":"<p>Right-of-Way and Easement Modifications SECTION 4 RIGHT-OF-WAY, EASEMENT AND LAND USE SPECIAL PROVISIONS B. Right-of-Way and Easement Modifications Right-of way [&hellip;]<\/p>\n","protected":false},"author":222,"featured_media":0,"parent":28940,"menu_order":183,"comment_status":"closed","ping_status":"closed","template":"","meta":{"_searchwp_excluded":"","site-sidebar-layout":"default","site-content-layout":"","ast-site-content-layout":"default","site-content-style":"default","site-sidebar-style":"default","ast-global-header-display":"","ast-banner-title-visibility":"","ast-main-header-display":"","ast-hfb-above-header-display":"","ast-hfb-below-header-display":"","ast-hfb-mobile-header-display":"","site-post-title":"","ast-breadcrumbs-content":"","ast-featured-img":"","footer-sml-layout":"","theme-transparent-header-meta":"","adv-header-id-meta":"","stick-header-meta":"","header-above-stick-meta":"","header-main-stick-meta":"","header-below-stick-meta":"","astra-migrate-meta-layouts":"default","ast-page-background-enabled":"default","ast-page-background-meta":{"desktop":{"background-color":"var(--ast-global-color-5)","background-image":"","background-repeat":"repeat","background-position":"center center","background-size":"auto","background-attachment":"scroll","background-type":"","background-media":"","overlay-type":"","overlay-color":"","overlay-opacity":"","overlay-gradient":""},"tablet":{"background-color":"","background-image":"","background-repeat":"repeat","background-position":"center center","background-size":"auto","background-attachment":"scroll","background-type":"","background-media":"","overlay-type":"","overlay-color":"","overlay-opacity":"","overlay-gradient":""},"mobile":{"background-color":"","background-image":"","background-repeat":"repeat","background-position":"center center","background-size":"auto","background-attachment":"scroll","background-type":"","background-media":"","overlay-type":"","overlay-color":"","overlay-opacity":"","overlay-gradient":""}},"ast-content-background-meta":{"desktop":{"background-color":"var(--ast-global-color-4)","background-image":"","background-repeat":"repeat","background-position":"center center","background-size":"auto","background-attachment":"scroll","background-type":"","background-media":"","overlay-type":"","overlay-color":"","overlay-opacity":"","overlay-gradient":""},"tablet":{"background-color":"var(--ast-global-color-4)","background-image":"","background-repeat":"repeat","background-position":"center center","background-size":"auto","background-attachment":"scroll","background-type":"","background-media":"","overlay-type":"","overlay-color":"","overlay-opacity":"","overlay-gradient":""},"mobile":{"background-color":"var(--ast-global-color-4)","background-image":"","background-repeat":"repeat","background-position":"center center","background-size":"auto","background-attachment":"scroll","background-type":"","background-media":"","overlay-type":"","overlay-color":"","overlay-opacity":"","overlay-gradient":""}},"footnotes":""},"categories":[],"tags":[],"class_list":["post-29094","page","type-page","status-publish","hentry"],"yoast_head":"<!-- This site is optimized with the Yoast SEO Premium plugin v27.4 (Yoast SEO v27.4) - https:\/\/yoast.com\/product\/yoast-seo-premium-wordpress\/ -->\n<title>Section 4  B. Right Of Way And Easement Modifications - City of Miami Beach<\/title>\n<meta name=\"description\" content=\"%\" \/>\n<meta name=\"robots\" content=\"index, follow, max-snippet:-1, max-image-preview:large, max-video-preview:-1\" \/>\n<link rel=\"canonical\" href=\"https:\/\/www.miamibeachfl.gov\/ht\/city-hall\/public-works\/engineering-division\/section-4-b-right-of-way-and-easement-modifications\/\" \/>\n<meta property=\"og:locale\" content=\"ht_HT\" \/>\n<meta property=\"og:type\" content=\"article\" \/>\n<meta property=\"og:title\" content=\"Section 4  B. Right Of Way And Easement Modifications\" \/>\n<meta property=\"og:description\" content=\"%\" \/>\n<meta property=\"og:url\" content=\"https:\/\/www.miamibeachfl.gov\/ht\/city-hall\/public-works\/engineering-division\/section-4-b-right-of-way-and-easement-modifications\/\" \/>\n<meta property=\"og:site_name\" content=\"City of Miami Beach\" \/>\n<meta property=\"article:publisher\" content=\"https:\/\/www.facebook.com\/cityofmiamibeach\" \/>\n<meta property=\"article:modified_time\" content=\"2018-01-26T20:35:04+00:00\" \/>\n<meta property=\"og:image\" content=\"https:\/\/www.miamibeachfl.gov\/wp-content\/uploads\/2024\/01\/1000pxSquare-miamibeach-aerial-southpointview.jpeg\" \/>\n\t<meta property=\"og:image:width\" content=\"1000\" \/>\n\t<meta property=\"og:image:height\" content=\"1000\" \/>\n\t<meta property=\"og:image:type\" content=\"image\/jpeg\" \/>\n<meta name=\"twitter:card\" content=\"summary_large_image\" \/>\n<meta name=\"twitter:site\" content=\"@Miamibeachnews\" \/>\n<script type=\"application\/ld+json\" class=\"yoast-schema-graph\">{\"@context\":\"https:\\\/\\\/schema.org\",\"@graph\":[{\"@type\":\"WebPage\",\"@id\":\"https:\\\/\\\/www.miamibeachfl.gov\\\/city-hall\\\/public-works\\\/engineering-division\\\/section-4-b-right-of-way-and-easement-modifications\\\/\",\"url\":\"https:\\\/\\\/www.miamibeachfl.gov\\\/city-hall\\\/public-works\\\/engineering-division\\\/section-4-b-right-of-way-and-easement-modifications\\\/\",\"name\":\"Section 4 B. Right Of Way And Easement Modifications - City of Miami Beach\",\"isPartOf\":{\"@id\":\"https:\\\/\\\/www.miamibeachfl.gov\\\/#website\"},\"datePublished\":\"2017-08-11T00:11:50+00:00\",\"dateModified\":\"2018-01-26T20:35:04+00:00\",\"description\":\"%\",\"breadcrumb\":{\"@id\":\"https:\\\/\\\/www.miamibeachfl.gov\\\/city-hall\\\/public-works\\\/engineering-division\\\/section-4-b-right-of-way-and-easement-modifications\\\/#breadcrumb\"},\"inLanguage\":\"ht\",\"potentialAction\":[{\"@type\":\"ReadAction\",\"target\":[\"https:\\\/\\\/www.miamibeachfl.gov\\\/city-hall\\\/public-works\\\/engineering-division\\\/section-4-b-right-of-way-and-easement-modifications\\\/\"]}]},{\"@type\":\"BreadcrumbList\",\"@id\":\"https:\\\/\\\/www.miamibeachfl.gov\\\/city-hall\\\/public-works\\\/engineering-division\\\/section-4-b-right-of-way-and-easement-modifications\\\/#breadcrumb\",\"itemListElement\":[{\"@type\":\"ListItem\",\"position\":1,\"name\":\"Home\",\"item\":\"https:\\\/\\\/www.miamibeachfl.gov\\\/\"},{\"@type\":\"ListItem\",\"position\":2,\"name\":\"City Hall\",\"item\":\"https:\\\/\\\/www.miamibeachfl.gov\\\/city-hall\\\/\"},{\"@type\":\"ListItem\",\"position\":3,\"name\":\"Public Works\",\"item\":\"https:\\\/\\\/www.miamibeachfl.gov\\\/city-hall\\\/public-works\\\/\"},{\"@type\":\"ListItem\",\"position\":4,\"name\":\"Engineering Division\",\"item\":\"https:\\\/\\\/www.miamibeachfl.gov\\\/city-hall\\\/public-works\\\/engineering-division\\\/\"},{\"@type\":\"ListItem\",\"position\":5,\"name\":\"Section 4 B. Right Of Way And Easement Modifications\"}]},{\"@type\":\"WebSite\",\"@id\":\"https:\\\/\\\/www.miamibeachfl.gov\\\/#website\",\"url\":\"https:\\\/\\\/www.miamibeachfl.gov\\\/\",\"name\":\"City of Miami Beach\",\"description\":\"The official website of the City of Miami Beach. Stay informed, find important information on city services, news, alerts, events, trolley routes, government employment and more.\",\"publisher\":{\"@id\":\"https:\\\/\\\/www.miamibeachfl.gov\\\/#organization\"},\"potentialAction\":[{\"@type\":\"SearchAction\",\"target\":{\"@type\":\"EntryPoint\",\"urlTemplate\":\"https:\\\/\\\/www.miamibeachfl.gov\\\/?s={search_term_string}\"},\"query-input\":{\"@type\":\"PropertyValueSpecification\",\"valueRequired\":true,\"valueName\":\"search_term_string\"}}],\"inLanguage\":\"ht\"},{\"@type\":\"Organization\",\"@id\":\"https:\\\/\\\/www.miamibeachfl.gov\\\/#organization\",\"name\":\"City of Miami Beach\",\"url\":\"https:\\\/\\\/www.miamibeachfl.gov\\\/\",\"logo\":{\"@type\":\"ImageObject\",\"inLanguage\":\"ht\",\"@id\":\"https:\\\/\\\/www.miamibeachfl.gov\\\/#\\\/schema\\\/logo\\\/image\\\/\",\"url\":\"https:\\\/\\\/www.miamibeachfl.gov\\\/wp-content\\\/uploads\\\/2022\\\/06\\\/miamibeach-logoblue.png\",\"contentUrl\":\"https:\\\/\\\/www.miamibeachfl.gov\\\/wp-content\\\/uploads\\\/2022\\\/06\\\/miamibeach-logoblue.png\",\"width\":1962,\"height\":381,\"caption\":\"City of Miami Beach\"},\"image\":{\"@id\":\"https:\\\/\\\/www.miamibeachfl.gov\\\/#\\\/schema\\\/logo\\\/image\\\/\"},\"sameAs\":[\"https:\\\/\\\/www.facebook.com\\\/cityofmiamibeach\",\"https:\\\/\\\/x.com\\\/Miamibeachnews\",\"https:\\\/\\\/www.instagram.com\\\/miamibeachnews\\\/\"],\"description\":\"The official website of the City of Miami Beach. Stay informed, find important information on city services, news, alerts, events, trolley routes, government employment and more.\",\"telephone\":\"305.604.CITY(2489)\",\"legalName\":\"City of Miami Beach\"}]}<\/script>\n<!-- \/ Yoast SEO Premium plugin. -->","yoast_head_json":{"title":"Seksyon 4 B. Modifikasyon Dwa Pasaj ak S\u00e8vit - Vil Miami Beach","description":"%","robots":{"index":"index","follow":"follow","max-snippet":"max-snippet:-1","max-image-preview":"max-image-preview:large","max-video-preview":"max-video-preview:-1"},"canonical":"https:\/\/www.miamibeachfl.gov\/ht\/city-hall\/public-works\/engineering-division\/section-4-b-right-of-way-and-easement-modifications\/","og_locale":"ht_HT","og_type":"article","og_title":"Section 4  B. Right Of Way And Easement Modifications","og_description":"%","og_url":"https:\/\/www.miamibeachfl.gov\/ht\/city-hall\/public-works\/engineering-division\/section-4-b-right-of-way-and-easement-modifications\/","og_site_name":"City of Miami Beach","article_publisher":"https:\/\/www.facebook.com\/cityofmiamibeach","article_modified_time":"2018-01-26T20:35:04+00:00","og_image":[{"width":1000,"height":1000,"url":"https:\/\/www.miamibeachfl.gov\/wp-content\/uploads\/2024\/01\/1000pxSquare-miamibeach-aerial-southpointview.jpeg","type":"image\/jpeg"}],"twitter_card":"summary_large_image","twitter_site":"@Miamibeachnews","schema":{"@context":"https:\/\/schema.org","@graph":[{"@type":"WebPage","@id":"https:\/\/www.miamibeachfl.gov\/city-hall\/public-works\/engineering-division\/section-4-b-right-of-way-and-easement-modifications\/","url":"https:\/\/www.miamibeachfl.gov\/city-hall\/public-works\/engineering-division\/section-4-b-right-of-way-and-easement-modifications\/","name":"Seksyon 4 B. Modifikasyon Dwa Pasaj ak S\u00e8vit - Vil Miami Beach","isPartOf":{"@id":"https:\/\/www.miamibeachfl.gov\/#website"},"datePublished":"2017-08-11T00:11:50+00:00","dateModified":"2018-01-26T20:35:04+00:00","description":"%","breadcrumb":{"@id":"https:\/\/www.miamibeachfl.gov\/city-hall\/public-works\/engineering-division\/section-4-b-right-of-way-and-easement-modifications\/#breadcrumb"},"inLanguage":"ht","potentialAction":[{"@type":"ReadAction","target":["https:\/\/www.miamibeachfl.gov\/city-hall\/public-works\/engineering-division\/section-4-b-right-of-way-and-easement-modifications\/"]}]},{"@type":"BreadcrumbList","@id":"https:\/\/www.miamibeachfl.gov\/city-hall\/public-works\/engineering-division\/section-4-b-right-of-way-and-easement-modifications\/#breadcrumb","itemListElement":[{"@type":"ListItem","position":1,"name":"Home","item":"https:\/\/www.miamibeachfl.gov\/"},{"@type":"ListItem","position":2,"name":"City Hall","item":"https:\/\/www.miamibeachfl.gov\/city-hall\/"},{"@type":"ListItem","position":3,"name":"Public Works","item":"https:\/\/www.miamibeachfl.gov\/city-hall\/public-works\/"},{"@type":"ListItem","position":4,"name":"Engineering Division","item":"https:\/\/www.miamibeachfl.gov\/city-hall\/public-works\/engineering-division\/"},{"@type":"ListItem","position":5,"name":"Section 4 B. Right Of Way And Easement Modifications"}]},{"@type":"WebSite","@id":"https:\/\/www.miamibeachfl.gov\/#website","url":"https:\/\/www.miamibeachfl.gov\/","name":"Vil Miami Beach","description":"Sitw\u00e8b ofisy\u00e8l Vil Miami Beach la. Rete enf\u00f2me, jwenn enf\u00f2masyon enp\u00f2tan sou s\u00e8vis vil la, nouv\u00e8l, al\u00e8t, ev\u00e8nman, wout tramway, travay gouv\u00e8nman an ak plis ank\u00f2.","publisher":{"@id":"https:\/\/www.miamibeachfl.gov\/#organization"},"potentialAction":[{"@type":"SearchAction","target":{"@type":"EntryPoint","urlTemplate":"https:\/\/www.miamibeachfl.gov\/?s={search_term_string}"},"query-input":{"@type":"PropertyValueSpecification","valueRequired":true,"valueName":"search_term_string"}}],"inLanguage":"ht"},{"@type":"Organization","@id":"https:\/\/www.miamibeachfl.gov\/#organization","name":"Vil Miami Beach","url":"https:\/\/www.miamibeachfl.gov\/","logo":{"@type":"ImageObject","inLanguage":"ht","@id":"https:\/\/www.miamibeachfl.gov\/#\/schema\/logo\/image\/","url":"https:\/\/www.miamibeachfl.gov\/wp-content\/uploads\/2022\/06\/miamibeach-logoblue.png","contentUrl":"https:\/\/www.miamibeachfl.gov\/wp-content\/uploads\/2022\/06\/miamibeach-logoblue.png","width":1962,"height":381,"caption":"City of Miami Beach"},"image":{"@id":"https:\/\/www.miamibeachfl.gov\/#\/schema\/logo\/image\/"},"sameAs":["https:\/\/www.facebook.com\/cityofmiamibeach","https:\/\/x.com\/Miamibeachnews","https:\/\/www.instagram.com\/miamibeachnews\/"],"description":"Sitw\u00e8b ofisy\u00e8l Vil Miami Beach la. Rete enf\u00f2me, jwenn enf\u00f2masyon enp\u00f2tan sou s\u00e8vis vil la, nouv\u00e8l, al\u00e8t, ev\u00e8nman, wout tramway, travay gouv\u00e8nman an ak plis ank\u00f2.","telephone":"305.604.CITY(2489)","legalName":"City of Miami Beach"}]}},"_links":{"self":[{"href":"https:\/\/www.miamibeachfl.gov\/ht\/wp-json\/wp\/v2\/pages\/29094","targetHints":{"allow":["GET"]}}],"collection":[{"href":"https:\/\/www.miamibeachfl.gov\/ht\/wp-json\/wp\/v2\/pages"}],"about":[{"href":"https:\/\/www.miamibeachfl.gov\/ht\/wp-json\/wp\/v2\/types\/page"}],"author":[{"embeddable":true,"href":"https:\/\/www.miamibeachfl.gov\/ht\/wp-json\/wp\/v2\/users\/222"}],"replies":[{"embeddable":true,"href":"https:\/\/www.miamibeachfl.gov\/ht\/wp-json\/wp\/v2\/comments?post=29094"}],"version-history":[{"count":0,"href":"https:\/\/www.miamibeachfl.gov\/ht\/wp-json\/wp\/v2\/pages\/29094\/revisions"}],"up":[{"embeddable":true,"href":"https:\/\/www.miamibeachfl.gov\/ht\/wp-json\/wp\/v2\/pages\/28940"}],"wp:attachment":[{"href":"https:\/\/www.miamibeachfl.gov\/ht\/wp-json\/wp\/v2\/media?parent=29094"}],"wp:term":[{"taxonomy":"category","embeddable":true,"href":"https:\/\/www.miamibeachfl.gov\/ht\/wp-json\/wp\/v2\/categories?post=29094"},{"taxonomy":"post_tag","embeddable":true,"href":"https:\/\/www.miamibeachfl.gov\/ht\/wp-json\/wp\/v2\/tags?post=29094"}],"curies":[{"name":"wp","href":"https:\/\/api.w.org\/{rel}","templated":true}]}}